{"id":210343,"date":"2025-03-11T10:40:30","date_gmt":"2025-03-11T09:40:30","guid":{"rendered":"https:\/\/shop.bantam.ch\/produit\/rally-pro-390-markisen-dometic\/"},"modified":"2026-05-01T23:14:10","modified_gmt":"2026-05-01T21:14:10","slug":"rally-pro-390-markisen-dometic","status":"publish","type":"product","link":"https:\/\/shop.bantam.ch\/de\/produkt\/rally-pro-390-markisen-dometic\/","title":{"rendered":"Rally Pro 390 Markisen Dometic"},"content":{"rendered":"<p>Aufblasbares statisches Vorzelt, Breite 3,9 m. Entwickelt, um zu erkunden. Das Design unseres beliebten Rally AIR Pro wird Jahr fu\u0308r Jahr kontinuierlich verbessert und bietet Ihnen die neuesten Innovationen fu\u0308r Vorzelte, die Ihr Reiseerlebnis noch angenehmer machen. Aus dem Weathershield\u2122-Pro-Material, kristallklaren Fenstern und zus\u00e4tzlicher Belu\u0308ftung entsteht ein komfortabler Wohnraum, wo auch immer Sie Ihr Zelt aufschlagen. Innovativ und vielseitig. Mit seiner bahnbrechenden Vielseitigkeit passt unser Rally AIR Pro 390 S zu einer Vielzahl verschiedener Campingfahrzeuge. Dank des patentierten Multi-Height-Systems kann das aufblasbare statische Vorzelt sowohl bei Wohnwagen als auch bei Reisemobilen mit Kederanschluss verwendet werden, die auf verschiedene H\u00f6hen einstellbar sind. Einfach die Rei\u00dfverschl\u00fcsse der Seitenw\u00e4nde \u00f6ffnen, das Vorzelt zur Feinabstimmung der Passform mit Heringen befestigen, dann die Innenreissverschl\u00fcsse schliessen, um \u00fcbersch\u00fcssiges Material zu verstauen. Stabile und dennoch leichte Stangen aus Aluminium und Fiberglas. Weathershield\u2122 150D ist extrem leicht und einfach zu handhaben und erm\u00f6glicht so einen superschnellen Auf- und Abbau. Multi-Hight-System f\u00fcr einen pr\u00e4zisen Fahrzeugeinbau. Abmessungen Produkttiefe: 2500 mm. Abmessungen Produkth\u00f6he: 2650 mm. Abmessungen Produktbreite: 3900 mm. Connection height min: 235.00 cm. Connection height max: 265.00 cm. Nettogewicht: 26.20 kg<\/p>\n","protected":false},"excerpt":{"rendered":"<p>Aufblasbares statisches Vorzelt, Breite 3,9 m. Entwickelt, um zu erkunden. Das Design unseres beliebten Rally AIR Pro wird Jahr fu\u0308r Jahr kontinuierlich verbessert und bietet Ihnen die neuesten Innovationen fu\u0308r Vorzelte, die Ihr Reiseerlebnis noch angenehmer machen. Aus dem Weathershield\u2122-Pro-Material, kristallklaren Fenstern und zus\u00e4tzlicher Belu\u0308ftung entsteht ein komfortabler Wohnraum, wo auch immer Sie Ihr Zelt [&hellip;]<\/p>\n","protected":false},"featured_media":210345,"template":"","meta":{"_acf_changed":false},"product_featured_cat":[5307,5308],"product_brand":[3029],"product_cat":[4248],"product_tag":[],"class_list":{"0":"post-210343","1":"product","2":"type-product","3":"status-publish","4":"has-post-thumbnail","6":"product_featured_cat-auvents-etagniere-de","7":"product_featured_cat-sonderangebote-vorzelte-hindelbank-urdorf","8":"product_brand-dometic-de","9":"product_cat-vorzelte-zelte","11":"first","12":"instock","13":"sale","14":"taxable","15":"shipping-taxable","16":"purchasable","17":"product-type-simple"},"acf":[],"yoast_head":"<!-- This site is optimized with the Yoast SEO plugin v27.5 - https:\/\/yoast.com\/product\/yoast-seo-wordpress\/ -->\n<title>Rally Pro 390 Markisen Dometic - Bantam<\/title>\n<meta name=\"robots\" content=\"index, follow, max-snippet:-1, max-image-preview:large, max-video-preview:-1\" \/>\n<link rel=\"canonical\" href=\"https:\/\/shop.bantam.ch\/de\/produkt\/rally-pro-390-markisen-dometic\/\" \/>\n<meta property=\"og:locale\" content=\"de_DE\" \/>\n<meta property=\"og:type\" content=\"article\" \/>\n<meta property=\"og:title\" content=\"Rally Pro 390 Markisen Dometic - Bantam\" \/>\n<meta property=\"og:description\" content=\"Aufblasbares statisches Vorzelt, Breite 3,9 m. Entwickelt, um zu erkunden. Das Design unseres beliebten Rally AIR Pro wird Jahr fu\u0308r Jahr kontinuierlich verbessert und bietet Ihnen die neuesten Innovationen fu\u0308r Vorzelte, die Ihr Reiseerlebnis noch angenehmer machen. Aus dem Weathershield\u2122-Pro-Material, kristallklaren Fenstern und zus\u00e4tzlicher Belu\u0308ftung entsteht ein komfortabler Wohnraum, wo auch immer Sie Ihr Zelt [&hellip;]\" \/>\n<meta property=\"og:url\" content=\"https:\/\/shop.bantam.ch\/de\/produkt\/rally-pro-390-markisen-dometic\/\" \/>\n<meta property=\"og:site_name\" content=\"Bantam\" \/>\n<meta property=\"article:modified_time\" content=\"2026-05-01T21:14:10+00:00\" \/>\n<meta property=\"og:image\" content=\"https:\/\/shop.bantam.ch\/wp-content\/uploads\/2025\/03\/9120000033_1-1.jpg\" \/>\n\t<meta property=\"og:image:width\" content=\"600\" \/>\n\t<meta property=\"og:image:height\" content=\"600\" \/>\n\t<meta property=\"og:image:type\" content=\"image\/jpeg\" \/>\n<meta name=\"twitter:card\" content=\"summary_large_image\" \/>\n<meta name=\"twitter:label1\" content=\"Gesch\u00e4tzte Lesezeit\" \/>\n\t<meta name=\"twitter:data1\" content=\"1\u00a0Minute\" \/>\n<script type=\"application\/ld+json\" class=\"yoast-schema-graph\">{\"@context\":\"https:\\\/\\\/schema.org\",\"@graph\":[{\"@type\":\"WebPage\",\"@id\":\"https:\\\/\\\/shop.bantam.ch\\\/de\\\/produkt\\\/rally-pro-390-markisen-dometic\\\/\",\"url\":\"https:\\\/\\\/shop.bantam.ch\\\/de\\\/produkt\\\/rally-pro-390-markisen-dometic\\\/\",\"name\":\"Rally Pro 390 Markisen Dometic - Bantam\",\"isPartOf\":{\"@id\":\"https:\\\/\\\/shop.bantam.ch\\\/de\\\/#website\"},\"primaryImageOfPage\":{\"@id\":\"https:\\\/\\\/shop.bantam.ch\\\/de\\\/produkt\\\/rally-pro-390-markisen-dometic\\\/#primaryimage\"},\"image\":{\"@id\":\"https:\\\/\\\/shop.bantam.ch\\\/de\\\/produkt\\\/rally-pro-390-markisen-dometic\\\/#primaryimage\"},\"thumbnailUrl\":\"https:\\\/\\\/shop.bantam.ch\\\/wp-content\\\/uploads\\\/2025\\\/03\\\/9120000033_1-1.jpg\",\"datePublished\":\"2025-03-11T09:40:30+00:00\",\"dateModified\":\"2026-05-01T21:14:10+00:00\",\"breadcrumb\":{\"@id\":\"https:\\\/\\\/shop.bantam.ch\\\/de\\\/produkt\\\/rally-pro-390-markisen-dometic\\\/#breadcrumb\"},\"inLanguage\":\"de\",\"potentialAction\":[{\"@type\":\"ReadAction\",\"target\":[\"https:\\\/\\\/shop.bantam.ch\\\/de\\\/produkt\\\/rally-pro-390-markisen-dometic\\\/\"]}]},{\"@type\":\"ImageObject\",\"inLanguage\":\"de\",\"@id\":\"https:\\\/\\\/shop.bantam.ch\\\/de\\\/produkt\\\/rally-pro-390-markisen-dometic\\\/#primaryimage\",\"url\":\"https:\\\/\\\/shop.bantam.ch\\\/wp-content\\\/uploads\\\/2025\\\/03\\\/9120000033_1-1.jpg\",\"contentUrl\":\"https:\\\/\\\/shop.bantam.ch\\\/wp-content\\\/uploads\\\/2025\\\/03\\\/9120000033_1-1.jpg\",\"width\":600,\"height\":600},{\"@type\":\"BreadcrumbList\",\"@id\":\"https:\\\/\\\/shop.bantam.ch\\\/de\\\/produkt\\\/rally-pro-390-markisen-dometic\\\/#breadcrumb\",\"itemListElement\":[{\"@type\":\"ListItem\",\"position\":1,\"name\":\"Accueil\",\"item\":\"https:\\\/\\\/shop.bantam.ch\\\/de\\\/\"},{\"@type\":\"ListItem\",\"position\":2,\"name\":\"Shop\",\"item\":\"https:\\\/\\\/shop.bantam.ch\\\/de\\\/shop\\\/\"},{\"@type\":\"ListItem\",\"position\":3,\"name\":\"Rally Pro 390 Markisen Dometic\"}]},{\"@type\":\"WebSite\",\"@id\":\"https:\\\/\\\/shop.bantam.ch\\\/de\\\/#website\",\"url\":\"https:\\\/\\\/shop.bantam.ch\\\/de\\\/\",\"name\":\"Bantam\",\"description\":\"\",\"publisher\":{\"@id\":\"https:\\\/\\\/shop.bantam.ch\\\/de\\\/#organization\"},\"inLanguage\":\"de\"},{\"@type\":\"Organization\",\"@id\":\"https:\\\/\\\/shop.bantam.ch\\\/de\\\/#organization\",\"name\":\"Bantam\",\"url\":\"https:\\\/\\\/shop.bantam.ch\\\/de\\\/\",\"logo\":{\"@type\":\"ImageObject\",\"inLanguage\":\"de\",\"@id\":\"https:\\\/\\\/shop.bantam.ch\\\/de\\\/#\\\/schema\\\/logo\\\/image\\\/\",\"url\":\"https:\\\/\\\/shop.bantam.ch\\\/wp-content\\\/uploads\\\/2022\\\/12\\\/bantam-logo.png\",\"contentUrl\":\"https:\\\/\\\/shop.bantam.ch\\\/wp-content\\\/uploads\\\/2022\\\/12\\\/bantam-logo.png\",\"width\":320,\"height\":71,\"caption\":\"Bantam\"},\"image\":{\"@id\":\"https:\\\/\\\/shop.bantam.ch\\\/de\\\/#\\\/schema\\\/logo\\\/image\\\/\"}}]}<\/script>\n<!-- \/ Yoast SEO plugin. -->","yoast_head_json":{"title":"Rally Pro 390 Markisen Dometic - Bantam","robots":{"index":"index","follow":"follow","max-snippet":"max-snippet:-1","max-image-preview":"max-image-preview:large","max-video-preview":"max-video-preview:-1"},"canonical":"https:\/\/shop.bantam.ch\/de\/produkt\/rally-pro-390-markisen-dometic\/","og_locale":"de_DE","og_type":"article","og_title":"Rally Pro 390 Markisen Dometic - Bantam","og_description":"Aufblasbares statisches Vorzelt, Breite 3,9 m. Entwickelt, um zu erkunden. Das Design unseres beliebten Rally AIR Pro wird Jahr fu\u0308r Jahr kontinuierlich verbessert und bietet Ihnen die neuesten Innovationen fu\u0308r Vorzelte, die Ihr Reiseerlebnis noch angenehmer machen. Aus dem Weathershield\u2122-Pro-Material, kristallklaren Fenstern und zus\u00e4tzlicher Belu\u0308ftung entsteht ein komfortabler Wohnraum, wo auch immer Sie Ihr Zelt [&hellip;]","og_url":"https:\/\/shop.bantam.ch\/de\/produkt\/rally-pro-390-markisen-dometic\/","og_site_name":"Bantam","article_modified_time":"2026-05-01T21:14:10+00:00","og_image":[{"width":600,"height":600,"url":"https:\/\/shop.bantam.ch\/wp-content\/uploads\/2025\/03\/9120000033_1-1.jpg","type":"image\/jpeg"}],"twitter_card":"summary_large_image","twitter_misc":{"Gesch\u00e4tzte Lesezeit":"1\u00a0Minute"},"schema":{"@context":"https:\/\/schema.org","@graph":[{"@type":"WebPage","@id":"https:\/\/shop.bantam.ch\/de\/produkt\/rally-pro-390-markisen-dometic\/","url":"https:\/\/shop.bantam.ch\/de\/produkt\/rally-pro-390-markisen-dometic\/","name":"Rally Pro 390 Markisen Dometic - Bantam","isPartOf":{"@id":"https:\/\/shop.bantam.ch\/de\/#website"},"primaryImageOfPage":{"@id":"https:\/\/shop.bantam.ch\/de\/produkt\/rally-pro-390-markisen-dometic\/#primaryimage"},"image":{"@id":"https:\/\/shop.bantam.ch\/de\/produkt\/rally-pro-390-markisen-dometic\/#primaryimage"},"thumbnailUrl":"https:\/\/shop.bantam.ch\/wp-content\/uploads\/2025\/03\/9120000033_1-1.jpg","datePublished":"2025-03-11T09:40:30+00:00","dateModified":"2026-05-01T21:14:10+00:00","breadcrumb":{"@id":"https:\/\/shop.bantam.ch\/de\/produkt\/rally-pro-390-markisen-dometic\/#breadcrumb"},"inLanguage":"de","potentialAction":[{"@type":"ReadAction","target":["https:\/\/shop.bantam.ch\/de\/produkt\/rally-pro-390-markisen-dometic\/"]}]},{"@type":"ImageObject","inLanguage":"de","@id":"https:\/\/shop.bantam.ch\/de\/produkt\/rally-pro-390-markisen-dometic\/#primaryimage","url":"https:\/\/shop.bantam.ch\/wp-content\/uploads\/2025\/03\/9120000033_1-1.jpg","contentUrl":"https:\/\/shop.bantam.ch\/wp-content\/uploads\/2025\/03\/9120000033_1-1.jpg","width":600,"height":600},{"@type":"BreadcrumbList","@id":"https:\/\/shop.bantam.ch\/de\/produkt\/rally-pro-390-markisen-dometic\/#breadcrumb","itemListElement":[{"@type":"ListItem","position":1,"name":"Accueil","item":"https:\/\/shop.bantam.ch\/de\/"},{"@type":"ListItem","position":2,"name":"Shop","item":"https:\/\/shop.bantam.ch\/de\/shop\/"},{"@type":"ListItem","position":3,"name":"Rally Pro 390 Markisen Dometic"}]},{"@type":"WebSite","@id":"https:\/\/shop.bantam.ch\/de\/#website","url":"https:\/\/shop.bantam.ch\/de\/","name":"Bantam","description":"","publisher":{"@id":"https:\/\/shop.bantam.ch\/de\/#organization"},"inLanguage":"de"},{"@type":"Organization","@id":"https:\/\/shop.bantam.ch\/de\/#organization","name":"Bantam","url":"https:\/\/shop.bantam.ch\/de\/","logo":{"@type":"ImageObject","inLanguage":"de","@id":"https:\/\/shop.bantam.ch\/de\/#\/schema\/logo\/image\/","url":"https:\/\/shop.bantam.ch\/wp-content\/uploads\/2022\/12\/bantam-logo.png","contentUrl":"https:\/\/shop.bantam.ch\/wp-content\/uploads\/2022\/12\/bantam-logo.png","width":320,"height":71,"caption":"Bantam"},"image":{"@id":"https:\/\/shop.bantam.ch\/de\/#\/schema\/logo\/image\/"}}]}},"_links":{"self":[{"href":"https:\/\/shop.bantam.ch\/de\/wp-json\/wp\/v2\/product\/210343","targetHints":{"allow":["GET"]}}],"collection":[{"href":"https:\/\/shop.bantam.ch\/de\/wp-json\/wp\/v2\/product"}],"about":[{"href":"https:\/\/shop.bantam.ch\/de\/wp-json\/wp\/v2\/types\/product"}],"wp:featuredmedia":[{"embeddable":true,"href":"https:\/\/shop.bantam.ch\/de\/wp-json\/wp\/v2\/media\/210345"}],"wp:attachment":[{"href":"https:\/\/shop.bantam.ch\/de\/wp-json\/wp\/v2\/media?parent=210343"}],"wp:term":[{"taxonomy":"product_featured_cat","embeddable":true,"href":"https:\/\/shop.bantam.ch\/de\/wp-json\/wp\/v2\/product_featured_cat?post=210343"},{"taxonomy":"product_brand","embeddable":true,"href":"https:\/\/shop.bantam.ch\/de\/wp-json\/wp\/v2\/product_brand?post=210343"},{"taxonomy":"product_cat","embeddable":true,"href":"https:\/\/shop.bantam.ch\/de\/wp-json\/wp\/v2\/product_cat?post=210343"},{"taxonomy":"product_tag","embeddable":true,"href":"https:\/\/shop.bantam.ch\/de\/wp-json\/wp\/v2\/product_tag?post=210343"}],"curies":[{"name":"wp","href":"https:\/\/api.w.org\/{rel}","templated":true}]}}