{"id":210327,"date":"2025-03-11T10:21:36","date_gmt":"2025-03-11T09:21:36","guid":{"rendered":"https:\/\/shop.bantam.ch\/produit\/schutzpolster-fuer-kampa-zelte\/"},"modified":"2026-05-11T23:15:07","modified_gmt":"2026-05-11T21:15:07","slug":"schutzpolster-fuer-kampa-zelte","status":"publish","type":"product","link":"https:\/\/shop.bantam.ch\/de\/produkt\/schutzpolster-fuer-kampa-zelte\/","title":{"rendered":"Schutzpolster f\u00fcr Kampa-Zelte"},"content":{"rendered":"<p>Montagezubeh\u00f6r f\u00fcr Vorzelte. Zur Verbesserung der Dachneigung k\u00f6nnen Sie diese Polster zwischen Fahrzeugwand und die aufblasbaren St\u00fctzen Ihres Vorzeltes schieben. Ideal zur Verwendung an Fahrzeugen mit vorstehender Markisenschiene oder Kassettenmarkise. Einfache Montage. Passend f\u00fcr die meisten Fahrzeuge. Schaumkonstruktion. Abmessungen Produkttiefe 120 mm. Abmessungen Produkth\u00f6he 20 mm. Abmessungen Produktbreite 120 mm. Nettogewicht 0.01 kg<\/p>\n","protected":false},"excerpt":{"rendered":"<p>Montagezubeh\u00f6r f\u00fcr Vorzelte. Zur Verbesserung der Dachneigung k\u00f6nnen Sie diese Polster zwischen Fahrzeugwand und die aufblasbaren St\u00fctzen Ihres Vorzeltes schieben. Ideal zur Verwendung an Fahrzeugen mit vorstehender Markisenschiene oder Kassettenmarkise. Einfache Montage. Passend f\u00fcr die meisten Fahrzeuge. Schaumkonstruktion. Abmessungen Produkttiefe 120 mm. Abmessungen Produkth\u00f6he 20 mm. Abmessungen Produktbreite 120 mm. Nettogewicht 0.01 kg<\/p>\n","protected":false},"featured_media":210329,"template":"","meta":{"_acf_changed":false},"product_featured_cat":[5308],"product_brand":[3559],"product_cat":[3988],"product_tag":[],"class_list":{"0":"post-210327","1":"product","2":"type-product","3":"status-publish","4":"has-post-thumbnail","6":"product_featured_cat-sonderangebote-vorzelte-hindelbank-urdorf","7":"product_brand-kampa-de","8":"product_cat-zelte-vorzelte-zubehoer","10":"first","11":"instock","12":"sale","13":"taxable","14":"shipping-taxable","15":"purchasable","16":"product-type-simple"},"acf":[],"yoast_head":"<!-- This site is optimized with the Yoast SEO plugin v27.5 - https:\/\/yoast.com\/product\/yoast-seo-wordpress\/ -->\n<title>Schutzpolster f\u00fcr Kampa-Zelte - Bantam<\/title>\n<meta name=\"robots\" content=\"index, follow, max-snippet:-1, max-image-preview:large, max-video-preview:-1\" \/>\n<link rel=\"canonical\" href=\"https:\/\/shop.bantam.ch\/de\/produkt\/schutzpolster-fuer-kampa-zelte\/\" \/>\n<meta property=\"og:locale\" content=\"de_DE\" \/>\n<meta property=\"og:type\" content=\"article\" \/>\n<meta property=\"og:title\" content=\"Schutzpolster f\u00fcr Kampa-Zelte - Bantam\" \/>\n<meta property=\"og:description\" content=\"Montagezubeh\u00f6r f\u00fcr Vorzelte. Zur Verbesserung der Dachneigung k\u00f6nnen Sie diese Polster zwischen Fahrzeugwand und die aufblasbaren St\u00fctzen Ihres Vorzeltes schieben. Ideal zur Verwendung an Fahrzeugen mit vorstehender Markisenschiene oder Kassettenmarkise. Einfache Montage. Passend f\u00fcr die meisten Fahrzeuge. Schaumkonstruktion. Abmessungen Produkttiefe 120 mm. Abmessungen Produkth\u00f6he 20 mm. Abmessungen Produktbreite 120 mm. Nettogewicht 0.01 kg\" \/>\n<meta property=\"og:url\" content=\"https:\/\/shop.bantam.ch\/de\/produkt\/schutzpolster-fuer-kampa-zelte\/\" \/>\n<meta property=\"og:site_name\" content=\"Bantam\" \/>\n<meta property=\"article:modified_time\" content=\"2026-05-11T21:15:07+00:00\" \/>\n<meta property=\"og:image\" content=\"https:\/\/shop.bantam.ch\/wp-content\/uploads\/2025\/03\/Kampa_PackingPads_1_1.jpg\" \/>\n\t<meta property=\"og:image:width\" content=\"200\" \/>\n\t<meta property=\"og:image:height\" content=\"200\" \/>\n\t<meta property=\"og:image:type\" content=\"image\/jpeg\" \/>\n<meta name=\"twitter:card\" content=\"summary_large_image\" \/>\n<script type=\"application\/ld+json\" class=\"yoast-schema-graph\">{\"@context\":\"https:\\\/\\\/schema.org\",\"@graph\":[{\"@type\":\"WebPage\",\"@id\":\"https:\\\/\\\/shop.bantam.ch\\\/de\\\/produkt\\\/schutzpolster-fuer-kampa-zelte\\\/\",\"url\":\"https:\\\/\\\/shop.bantam.ch\\\/de\\\/produkt\\\/schutzpolster-fuer-kampa-zelte\\\/\",\"name\":\"Schutzpolster f\u00fcr Kampa-Zelte - Bantam\",\"isPartOf\":{\"@id\":\"https:\\\/\\\/shop.bantam.ch\\\/de\\\/#website\"},\"primaryImageOfPage\":{\"@id\":\"https:\\\/\\\/shop.bantam.ch\\\/de\\\/produkt\\\/schutzpolster-fuer-kampa-zelte\\\/#primaryimage\"},\"image\":{\"@id\":\"https:\\\/\\\/shop.bantam.ch\\\/de\\\/produkt\\\/schutzpolster-fuer-kampa-zelte\\\/#primaryimage\"},\"thumbnailUrl\":\"https:\\\/\\\/shop.bantam.ch\\\/wp-content\\\/uploads\\\/2025\\\/03\\\/Kampa_PackingPads_1_1.jpg\",\"datePublished\":\"2025-03-11T09:21:36+00:00\",\"dateModified\":\"2026-05-11T21:15:07+00:00\",\"breadcrumb\":{\"@id\":\"https:\\\/\\\/shop.bantam.ch\\\/de\\\/produkt\\\/schutzpolster-fuer-kampa-zelte\\\/#breadcrumb\"},\"inLanguage\":\"de\",\"potentialAction\":[{\"@type\":\"ReadAction\",\"target\":[\"https:\\\/\\\/shop.bantam.ch\\\/de\\\/produkt\\\/schutzpolster-fuer-kampa-zelte\\\/\"]}]},{\"@type\":\"ImageObject\",\"inLanguage\":\"de\",\"@id\":\"https:\\\/\\\/shop.bantam.ch\\\/de\\\/produkt\\\/schutzpolster-fuer-kampa-zelte\\\/#primaryimage\",\"url\":\"https:\\\/\\\/shop.bantam.ch\\\/wp-content\\\/uploads\\\/2025\\\/03\\\/Kampa_PackingPads_1_1.jpg\",\"contentUrl\":\"https:\\\/\\\/shop.bantam.ch\\\/wp-content\\\/uploads\\\/2025\\\/03\\\/Kampa_PackingPads_1_1.jpg\",\"width\":200,\"height\":200},{\"@type\":\"BreadcrumbList\",\"@id\":\"https:\\\/\\\/shop.bantam.ch\\\/de\\\/produkt\\\/schutzpolster-fuer-kampa-zelte\\\/#breadcrumb\",\"itemListElement\":[{\"@type\":\"ListItem\",\"position\":1,\"name\":\"Accueil\",\"item\":\"https:\\\/\\\/shop.bantam.ch\\\/de\\\/\"},{\"@type\":\"ListItem\",\"position\":2,\"name\":\"Shop\",\"item\":\"https:\\\/\\\/shop.bantam.ch\\\/de\\\/shop\\\/\"},{\"@type\":\"ListItem\",\"position\":3,\"name\":\"Schutzpolster f\u00fcr Kampa-Zelte\"}]},{\"@type\":\"WebSite\",\"@id\":\"https:\\\/\\\/shop.bantam.ch\\\/de\\\/#website\",\"url\":\"https:\\\/\\\/shop.bantam.ch\\\/de\\\/\",\"name\":\"Bantam\",\"description\":\"\",\"publisher\":{\"@id\":\"https:\\\/\\\/shop.bantam.ch\\\/de\\\/#organization\"},\"inLanguage\":\"de\"},{\"@type\":\"Organization\",\"@id\":\"https:\\\/\\\/shop.bantam.ch\\\/de\\\/#organization\",\"name\":\"Bantam\",\"url\":\"https:\\\/\\\/shop.bantam.ch\\\/de\\\/\",\"logo\":{\"@type\":\"ImageObject\",\"inLanguage\":\"de\",\"@id\":\"https:\\\/\\\/shop.bantam.ch\\\/de\\\/#\\\/schema\\\/logo\\\/image\\\/\",\"url\":\"https:\\\/\\\/shop.bantam.ch\\\/wp-content\\\/uploads\\\/2022\\\/12\\\/bantam-logo.png\",\"contentUrl\":\"https:\\\/\\\/shop.bantam.ch\\\/wp-content\\\/uploads\\\/2022\\\/12\\\/bantam-logo.png\",\"width\":320,\"height\":71,\"caption\":\"Bantam\"},\"image\":{\"@id\":\"https:\\\/\\\/shop.bantam.ch\\\/de\\\/#\\\/schema\\\/logo\\\/image\\\/\"}}]}<\/script>\n<!-- \/ Yoast SEO plugin. -->","yoast_head_json":{"title":"Schutzpolster f\u00fcr Kampa-Zelte - Bantam","robots":{"index":"index","follow":"follow","max-snippet":"max-snippet:-1","max-image-preview":"max-image-preview:large","max-video-preview":"max-video-preview:-1"},"canonical":"https:\/\/shop.bantam.ch\/de\/produkt\/schutzpolster-fuer-kampa-zelte\/","og_locale":"de_DE","og_type":"article","og_title":"Schutzpolster f\u00fcr Kampa-Zelte - Bantam","og_description":"Montagezubeh\u00f6r f\u00fcr Vorzelte. Zur Verbesserung der Dachneigung k\u00f6nnen Sie diese Polster zwischen Fahrzeugwand und die aufblasbaren St\u00fctzen Ihres Vorzeltes schieben. Ideal zur Verwendung an Fahrzeugen mit vorstehender Markisenschiene oder Kassettenmarkise. Einfache Montage. Passend f\u00fcr die meisten Fahrzeuge. Schaumkonstruktion. Abmessungen Produkttiefe 120 mm. Abmessungen Produkth\u00f6he 20 mm. Abmessungen Produktbreite 120 mm. Nettogewicht 0.01 kg","og_url":"https:\/\/shop.bantam.ch\/de\/produkt\/schutzpolster-fuer-kampa-zelte\/","og_site_name":"Bantam","article_modified_time":"2026-05-11T21:15:07+00:00","og_image":[{"width":200,"height":200,"url":"https:\/\/shop.bantam.ch\/wp-content\/uploads\/2025\/03\/Kampa_PackingPads_1_1.jpg","type":"image\/jpeg"}],"twitter_card":"summary_large_image","schema":{"@context":"https:\/\/schema.org","@graph":[{"@type":"WebPage","@id":"https:\/\/shop.bantam.ch\/de\/produkt\/schutzpolster-fuer-kampa-zelte\/","url":"https:\/\/shop.bantam.ch\/de\/produkt\/schutzpolster-fuer-kampa-zelte\/","name":"Schutzpolster f\u00fcr Kampa-Zelte - Bantam","isPartOf":{"@id":"https:\/\/shop.bantam.ch\/de\/#website"},"primaryImageOfPage":{"@id":"https:\/\/shop.bantam.ch\/de\/produkt\/schutzpolster-fuer-kampa-zelte\/#primaryimage"},"image":{"@id":"https:\/\/shop.bantam.ch\/de\/produkt\/schutzpolster-fuer-kampa-zelte\/#primaryimage"},"thumbnailUrl":"https:\/\/shop.bantam.ch\/wp-content\/uploads\/2025\/03\/Kampa_PackingPads_1_1.jpg","datePublished":"2025-03-11T09:21:36+00:00","dateModified":"2026-05-11T21:15:07+00:00","breadcrumb":{"@id":"https:\/\/shop.bantam.ch\/de\/produkt\/schutzpolster-fuer-kampa-zelte\/#breadcrumb"},"inLanguage":"de","potentialAction":[{"@type":"ReadAction","target":["https:\/\/shop.bantam.ch\/de\/produkt\/schutzpolster-fuer-kampa-zelte\/"]}]},{"@type":"ImageObject","inLanguage":"de","@id":"https:\/\/shop.bantam.ch\/de\/produkt\/schutzpolster-fuer-kampa-zelte\/#primaryimage","url":"https:\/\/shop.bantam.ch\/wp-content\/uploads\/2025\/03\/Kampa_PackingPads_1_1.jpg","contentUrl":"https:\/\/shop.bantam.ch\/wp-content\/uploads\/2025\/03\/Kampa_PackingPads_1_1.jpg","width":200,"height":200},{"@type":"BreadcrumbList","@id":"https:\/\/shop.bantam.ch\/de\/produkt\/schutzpolster-fuer-kampa-zelte\/#breadcrumb","itemListElement":[{"@type":"ListItem","position":1,"name":"Accueil","item":"https:\/\/shop.bantam.ch\/de\/"},{"@type":"ListItem","position":2,"name":"Shop","item":"https:\/\/shop.bantam.ch\/de\/shop\/"},{"@type":"ListItem","position":3,"name":"Schutzpolster f\u00fcr Kampa-Zelte"}]},{"@type":"WebSite","@id":"https:\/\/shop.bantam.ch\/de\/#website","url":"https:\/\/shop.bantam.ch\/de\/","name":"Bantam","description":"","publisher":{"@id":"https:\/\/shop.bantam.ch\/de\/#organization"},"inLanguage":"de"},{"@type":"Organization","@id":"https:\/\/shop.bantam.ch\/de\/#organization","name":"Bantam","url":"https:\/\/shop.bantam.ch\/de\/","logo":{"@type":"ImageObject","inLanguage":"de","@id":"https:\/\/shop.bantam.ch\/de\/#\/schema\/logo\/image\/","url":"https:\/\/shop.bantam.ch\/wp-content\/uploads\/2022\/12\/bantam-logo.png","contentUrl":"https:\/\/shop.bantam.ch\/wp-content\/uploads\/2022\/12\/bantam-logo.png","width":320,"height":71,"caption":"Bantam"},"image":{"@id":"https:\/\/shop.bantam.ch\/de\/#\/schema\/logo\/image\/"}}]}},"_links":{"self":[{"href":"https:\/\/shop.bantam.ch\/de\/wp-json\/wp\/v2\/product\/210327","targetHints":{"allow":["GET"]}}],"collection":[{"href":"https:\/\/shop.bantam.ch\/de\/wp-json\/wp\/v2\/product"}],"about":[{"href":"https:\/\/shop.bantam.ch\/de\/wp-json\/wp\/v2\/types\/product"}],"wp:featuredmedia":[{"embeddable":true,"href":"https:\/\/shop.bantam.ch\/de\/wp-json\/wp\/v2\/media\/210329"}],"wp:attachment":[{"href":"https:\/\/shop.bantam.ch\/de\/wp-json\/wp\/v2\/media?parent=210327"}],"wp:term":[{"taxonomy":"product_featured_cat","embeddable":true,"href":"https:\/\/shop.bantam.ch\/de\/wp-json\/wp\/v2\/product_featured_cat?post=210327"},{"taxonomy":"product_brand","embeddable":true,"href":"https:\/\/shop.bantam.ch\/de\/wp-json\/wp\/v2\/product_brand?post=210327"},{"taxonomy":"product_cat","embeddable":true,"href":"https:\/\/shop.bantam.ch\/de\/wp-json\/wp\/v2\/product_cat?post=210327"},{"taxonomy":"product_tag","embeddable":true,"href":"https:\/\/shop.bantam.ch\/de\/wp-json\/wp\/v2\/product_tag?post=210327"}],"curies":[{"name":"wp","href":"https:\/\/api.w.org\/{rel}","templated":true}]}}