{"id":210214,"date":"2025-03-07T11:15:18","date_gmt":"2025-03-07T10:15:18","guid":{"rendered":"https:\/\/shop.bantam.ch\/produit\/raeucherbox-23x9x4-cm\/"},"modified":"2026-04-18T23:20:19","modified_gmt":"2026-04-18T21:20:19","slug":"raeucherbox-23x9x4-cm","status":"publish","type":"product","link":"https:\/\/shop.bantam.ch\/de\/produkt\/raeucherbox-23x9x4-cm\/","title":{"rendered":"R\u00e4ucherbox 23x9x4 cm"},"content":{"rendered":"<p>Verleihen Sie Ihrem Fleisch, Fisch und Gem\u00fcse ein unverwechselbares Aroma mit diesem eleganten R\u00e4ucherbox aus Edelstahl, gepr\u00e4gt mit dem CADAC-Logo. Sie ist so konzipiert, dass sie genau die richtige Menge an R\u00e4ucherchips aufnimmt und eine langsame Verbrennung erm\u00f6glicht, um eine hochwertige Rauchentwicklung zu gew\u00e4hrleisten, die Ihrem Grillgut das gew\u00fcnschte Aroma verleiht. Dank des Edelstahls ist die R\u00e4ucherbox leicht zu reinigen. So verwenden Sie die R\u00e4ucherbox: Legen Sie die Holzchips in Wasser ein und lassen Sie sie anschlie\u00dfend abtropfen, bevor Sie sie in die R\u00e4ucherbox geben (achten Sie darauf, die Anwendungshinweise auf der Verpackung der Holzchips zu lesen, damit diese nicht zu nass sind \u2013 zu viel Feuchtigkeit kann Dampf statt Rauch erzeugen). Platzieren Sie die R\u00e4ucherbox direkt auf dem Grillrost Ihres Barbecues und schlie\u00dfen Sie den Deckel, damit der R\u00e4ucherprozess beginnen kann! Welche Holzchips sollten Sie verwenden? Sie k\u00f6nnen zwischen verschiedenen Holzsorten w\u00e4hlen, z. B. Apfel-, Kirsch-, Buchen- oder Eichenholz. Jede Holzart verleiht Ihrem Grillgut ein einzigartiges Aroma. Die Auswahl h\u00e4ngt ganz von Ihrem pers\u00f6nlichen Geschmack und dem gew\u00fcnschten Ergebnis ab. Elegante R\u00e4ucherbox. Aus hochwertigem Edelstahl mit CADAC-Logo. F\u00fcr Holzkohle- und Gasgrills geeignet (nicht kompatibel mit dem E Braai). Ma\u00dfe: 23 x 9 x 4 cm<\/p>\n","protected":false},"excerpt":{"rendered":"<p>Verleihen Sie Ihrem Fleisch, Fisch und Gem\u00fcse ein unverwechselbares Aroma mit diesem eleganten R\u00e4ucherbox aus Edelstahl, gepr\u00e4gt mit dem CADAC-Logo. Sie ist so konzipiert, dass sie genau die richtige Menge an R\u00e4ucherchips aufnimmt und eine langsame Verbrennung erm\u00f6glicht, um eine hochwertige Rauchentwicklung zu gew\u00e4hrleisten, die Ihrem Grillgut das gew\u00fcnschte Aroma verleiht. Dank des Edelstahls ist [&hellip;]<\/p>\n","protected":false},"featured_media":210206,"template":"","meta":{"_acf_changed":false},"product_featured_cat":[],"product_brand":[3669],"product_cat":[4340],"product_tag":[],"class_list":{"0":"post-210214","1":"product","2":"type-product","3":"status-publish","4":"has-post-thumbnail","6":"product_brand-cadac-de","7":"product_cat-grillzubehoer","9":"first","10":"instock","11":"taxable","12":"shipping-taxable","13":"purchasable","14":"product-type-simple"},"acf":[],"yoast_head":"<!-- This site is optimized with the Yoast SEO plugin v27.4 - https:\/\/yoast.com\/product\/yoast-seo-wordpress\/ -->\n<title>R\u00e4ucherbox 23x9x4 cm - Bantam Camping AG<\/title>\n<meta name=\"robots\" content=\"index, follow, max-snippet:-1, max-image-preview:large, max-video-preview:-1\" \/>\n<link rel=\"canonical\" href=\"https:\/\/shop.bantam.ch\/de\/produkt\/raeucherbox-23x9x4-cm\/\" \/>\n<meta property=\"og:locale\" content=\"de_DE\" \/>\n<meta property=\"og:type\" content=\"article\" \/>\n<meta property=\"og:title\" content=\"R\u00e4ucherbox 23x9x4 cm - Bantam Camping AG\" \/>\n<meta property=\"og:description\" content=\"Verleihen Sie Ihrem Fleisch, Fisch und Gem\u00fcse ein unverwechselbares Aroma mit diesem eleganten R\u00e4ucherbox aus Edelstahl, gepr\u00e4gt mit dem CADAC-Logo. Sie ist so konzipiert, dass sie genau die richtige Menge an R\u00e4ucherchips aufnimmt und eine langsame Verbrennung erm\u00f6glicht, um eine hochwertige Rauchentwicklung zu gew\u00e4hrleisten, die Ihrem Grillgut das gew\u00fcnschte Aroma verleiht. Dank des Edelstahls ist [&hellip;]\" \/>\n<meta property=\"og:url\" content=\"https:\/\/shop.bantam.ch\/de\/produkt\/raeucherbox-23x9x4-cm\/\" \/>\n<meta property=\"og:site_name\" content=\"Bantam Camping AG\" \/>\n<meta property=\"article:modified_time\" content=\"2026-04-18T21:20:19+00:00\" \/>\n<meta property=\"og:image\" content=\"https:\/\/shop.bantam.ch\/wp-content\/uploads\/2025\/03\/98312V_Smoker_Box.jpg\" \/>\n\t<meta property=\"og:image:width\" content=\"800\" \/>\n\t<meta property=\"og:image:height\" content=\"480\" \/>\n\t<meta property=\"og:image:type\" content=\"image\/jpeg\" \/>\n<meta name=\"twitter:card\" content=\"summary_large_image\" \/>\n<meta name=\"twitter:label1\" content=\"Gesch\u00e4tzte Lesezeit\" \/>\n\t<meta name=\"twitter:data1\" content=\"1\u00a0Minute\" \/>\n<script type=\"application\/ld+json\" class=\"yoast-schema-graph\">{\"@context\":\"https:\\\/\\\/schema.org\",\"@graph\":[{\"@type\":\"WebPage\",\"@id\":\"https:\\\/\\\/shop.bantam.ch\\\/de\\\/produkt\\\/raeucherbox-23x9x4-cm\\\/\",\"url\":\"https:\\\/\\\/shop.bantam.ch\\\/de\\\/produkt\\\/raeucherbox-23x9x4-cm\\\/\",\"name\":\"R\u00e4ucherbox 23x9x4 cm - Bantam Camping AG\",\"isPartOf\":{\"@id\":\"https:\\\/\\\/shop.bantam.ch\\\/de\\\/#website\"},\"primaryImageOfPage\":{\"@id\":\"https:\\\/\\\/shop.bantam.ch\\\/de\\\/produkt\\\/raeucherbox-23x9x4-cm\\\/#primaryimage\"},\"image\":{\"@id\":\"https:\\\/\\\/shop.bantam.ch\\\/de\\\/produkt\\\/raeucherbox-23x9x4-cm\\\/#primaryimage\"},\"thumbnailUrl\":\"https:\\\/\\\/shop.bantam.ch\\\/wp-content\\\/uploads\\\/2025\\\/03\\\/98312V_Smoker_Box.jpg\",\"datePublished\":\"2025-03-07T10:15:18+00:00\",\"dateModified\":\"2026-04-18T21:20:19+00:00\",\"breadcrumb\":{\"@id\":\"https:\\\/\\\/shop.bantam.ch\\\/de\\\/produkt\\\/raeucherbox-23x9x4-cm\\\/#breadcrumb\"},\"inLanguage\":\"de\",\"potentialAction\":[{\"@type\":\"ReadAction\",\"target\":[\"https:\\\/\\\/shop.bantam.ch\\\/de\\\/produkt\\\/raeucherbox-23x9x4-cm\\\/\"]}]},{\"@type\":\"ImageObject\",\"inLanguage\":\"de\",\"@id\":\"https:\\\/\\\/shop.bantam.ch\\\/de\\\/produkt\\\/raeucherbox-23x9x4-cm\\\/#primaryimage\",\"url\":\"https:\\\/\\\/shop.bantam.ch\\\/wp-content\\\/uploads\\\/2025\\\/03\\\/98312V_Smoker_Box.jpg\",\"contentUrl\":\"https:\\\/\\\/shop.bantam.ch\\\/wp-content\\\/uploads\\\/2025\\\/03\\\/98312V_Smoker_Box.jpg\",\"width\":800,\"height\":480},{\"@type\":\"BreadcrumbList\",\"@id\":\"https:\\\/\\\/shop.bantam.ch\\\/de\\\/produkt\\\/raeucherbox-23x9x4-cm\\\/#breadcrumb\",\"itemListElement\":[{\"@type\":\"ListItem\",\"position\":1,\"name\":\"Accueil\",\"item\":\"https:\\\/\\\/shop.bantam.ch\\\/de\\\/\"},{\"@type\":\"ListItem\",\"position\":2,\"name\":\"Shop\",\"item\":\"https:\\\/\\\/shop.bantam.ch\\\/de\\\/shop\\\/\"},{\"@type\":\"ListItem\",\"position\":3,\"name\":\"R\u00e4ucherbox 23x9x4 cm\"}]},{\"@type\":\"WebSite\",\"@id\":\"https:\\\/\\\/shop.bantam.ch\\\/de\\\/#website\",\"url\":\"https:\\\/\\\/shop.bantam.ch\\\/de\\\/\",\"name\":\"Bantam Camping AG\",\"description\":\"\",\"publisher\":{\"@id\":\"https:\\\/\\\/shop.bantam.ch\\\/de\\\/#organization\"},\"inLanguage\":\"de\"},{\"@type\":\"Organization\",\"@id\":\"https:\\\/\\\/shop.bantam.ch\\\/de\\\/#organization\",\"name\":\"Bantam Camping AG\",\"url\":\"https:\\\/\\\/shop.bantam.ch\\\/de\\\/\",\"logo\":{\"@type\":\"ImageObject\",\"inLanguage\":\"de\",\"@id\":\"https:\\\/\\\/shop.bantam.ch\\\/de\\\/#\\\/schema\\\/logo\\\/image\\\/\",\"url\":\"https:\\\/\\\/shop.bantam.ch\\\/wp-content\\\/uploads\\\/2022\\\/12\\\/bantam-logo.png\",\"contentUrl\":\"https:\\\/\\\/shop.bantam.ch\\\/wp-content\\\/uploads\\\/2022\\\/12\\\/bantam-logo.png\",\"width\":320,\"height\":71,\"caption\":\"Bantam Camping AG\"},\"image\":{\"@id\":\"https:\\\/\\\/shop.bantam.ch\\\/de\\\/#\\\/schema\\\/logo\\\/image\\\/\"}}]}<\/script>\n<!-- \/ Yoast SEO plugin. -->","yoast_head_json":{"title":"R\u00e4ucherbox 23x9x4 cm - Bantam Camping AG","robots":{"index":"index","follow":"follow","max-snippet":"max-snippet:-1","max-image-preview":"max-image-preview:large","max-video-preview":"max-video-preview:-1"},"canonical":"https:\/\/shop.bantam.ch\/de\/produkt\/raeucherbox-23x9x4-cm\/","og_locale":"de_DE","og_type":"article","og_title":"R\u00e4ucherbox 23x9x4 cm - Bantam Camping AG","og_description":"Verleihen Sie Ihrem Fleisch, Fisch und Gem\u00fcse ein unverwechselbares Aroma mit diesem eleganten R\u00e4ucherbox aus Edelstahl, gepr\u00e4gt mit dem CADAC-Logo. Sie ist so konzipiert, dass sie genau die richtige Menge an R\u00e4ucherchips aufnimmt und eine langsame Verbrennung erm\u00f6glicht, um eine hochwertige Rauchentwicklung zu gew\u00e4hrleisten, die Ihrem Grillgut das gew\u00fcnschte Aroma verleiht. Dank des Edelstahls ist [&hellip;]","og_url":"https:\/\/shop.bantam.ch\/de\/produkt\/raeucherbox-23x9x4-cm\/","og_site_name":"Bantam Camping AG","article_modified_time":"2026-04-18T21:20:19+00:00","og_image":[{"width":800,"height":480,"url":"https:\/\/shop.bantam.ch\/wp-content\/uploads\/2025\/03\/98312V_Smoker_Box.jpg","type":"image\/jpeg"}],"twitter_card":"summary_large_image","twitter_misc":{"Gesch\u00e4tzte Lesezeit":"1\u00a0Minute"},"schema":{"@context":"https:\/\/schema.org","@graph":[{"@type":"WebPage","@id":"https:\/\/shop.bantam.ch\/de\/produkt\/raeucherbox-23x9x4-cm\/","url":"https:\/\/shop.bantam.ch\/de\/produkt\/raeucherbox-23x9x4-cm\/","name":"R\u00e4ucherbox 23x9x4 cm - Bantam Camping AG","isPartOf":{"@id":"https:\/\/shop.bantam.ch\/de\/#website"},"primaryImageOfPage":{"@id":"https:\/\/shop.bantam.ch\/de\/produkt\/raeucherbox-23x9x4-cm\/#primaryimage"},"image":{"@id":"https:\/\/shop.bantam.ch\/de\/produkt\/raeucherbox-23x9x4-cm\/#primaryimage"},"thumbnailUrl":"https:\/\/shop.bantam.ch\/wp-content\/uploads\/2025\/03\/98312V_Smoker_Box.jpg","datePublished":"2025-03-07T10:15:18+00:00","dateModified":"2026-04-18T21:20:19+00:00","breadcrumb":{"@id":"https:\/\/shop.bantam.ch\/de\/produkt\/raeucherbox-23x9x4-cm\/#breadcrumb"},"inLanguage":"de","potentialAction":[{"@type":"ReadAction","target":["https:\/\/shop.bantam.ch\/de\/produkt\/raeucherbox-23x9x4-cm\/"]}]},{"@type":"ImageObject","inLanguage":"de","@id":"https:\/\/shop.bantam.ch\/de\/produkt\/raeucherbox-23x9x4-cm\/#primaryimage","url":"https:\/\/shop.bantam.ch\/wp-content\/uploads\/2025\/03\/98312V_Smoker_Box.jpg","contentUrl":"https:\/\/shop.bantam.ch\/wp-content\/uploads\/2025\/03\/98312V_Smoker_Box.jpg","width":800,"height":480},{"@type":"BreadcrumbList","@id":"https:\/\/shop.bantam.ch\/de\/produkt\/raeucherbox-23x9x4-cm\/#breadcrumb","itemListElement":[{"@type":"ListItem","position":1,"name":"Accueil","item":"https:\/\/shop.bantam.ch\/de\/"},{"@type":"ListItem","position":2,"name":"Shop","item":"https:\/\/shop.bantam.ch\/de\/shop\/"},{"@type":"ListItem","position":3,"name":"R\u00e4ucherbox 23x9x4 cm"}]},{"@type":"WebSite","@id":"https:\/\/shop.bantam.ch\/de\/#website","url":"https:\/\/shop.bantam.ch\/de\/","name":"Bantam Camping AG","description":"","publisher":{"@id":"https:\/\/shop.bantam.ch\/de\/#organization"},"inLanguage":"de"},{"@type":"Organization","@id":"https:\/\/shop.bantam.ch\/de\/#organization","name":"Bantam Camping AG","url":"https:\/\/shop.bantam.ch\/de\/","logo":{"@type":"ImageObject","inLanguage":"de","@id":"https:\/\/shop.bantam.ch\/de\/#\/schema\/logo\/image\/","url":"https:\/\/shop.bantam.ch\/wp-content\/uploads\/2022\/12\/bantam-logo.png","contentUrl":"https:\/\/shop.bantam.ch\/wp-content\/uploads\/2022\/12\/bantam-logo.png","width":320,"height":71,"caption":"Bantam Camping AG"},"image":{"@id":"https:\/\/shop.bantam.ch\/de\/#\/schema\/logo\/image\/"}}]}},"_links":{"self":[{"href":"https:\/\/shop.bantam.ch\/de\/wp-json\/wp\/v2\/product\/210214","targetHints":{"allow":["GET"]}}],"collection":[{"href":"https:\/\/shop.bantam.ch\/de\/wp-json\/wp\/v2\/product"}],"about":[{"href":"https:\/\/shop.bantam.ch\/de\/wp-json\/wp\/v2\/types\/product"}],"wp:featuredmedia":[{"embeddable":true,"href":"https:\/\/shop.bantam.ch\/de\/wp-json\/wp\/v2\/media\/210206"}],"wp:attachment":[{"href":"https:\/\/shop.bantam.ch\/de\/wp-json\/wp\/v2\/media?parent=210214"}],"wp:term":[{"taxonomy":"product_featured_cat","embeddable":true,"href":"https:\/\/shop.bantam.ch\/de\/wp-json\/wp\/v2\/product_featured_cat?post=210214"},{"taxonomy":"product_brand","embeddable":true,"href":"https:\/\/shop.bantam.ch\/de\/wp-json\/wp\/v2\/product_brand?post=210214"},{"taxonomy":"product_cat","embeddable":true,"href":"https:\/\/shop.bantam.ch\/de\/wp-json\/wp\/v2\/product_cat?post=210214"},{"taxonomy":"product_tag","embeddable":true,"href":"https:\/\/shop.bantam.ch\/de\/wp-json\/wp\/v2\/product_tag?post=210214"}],"curies":[{"name":"wp","href":"https:\/\/api.w.org\/{rel}","templated":true}]}}