{"id":210204,"date":"2025-03-07T11:07:18","date_gmt":"2025-03-07T10:07:18","guid":{"rendered":"https:\/\/shop.bantam.ch\/produit\/2-cook-geriffelte-platte\/"},"modified":"2026-04-17T23:17:05","modified_gmt":"2026-04-17T21:17:05","slug":"2-cook-geriffelte-platte","status":"publish","type":"product","link":"https:\/\/shop.bantam.ch\/de\/produkt\/2-cook-geriffelte-platte\/","title":{"rendered":"2 Cook Geriffelte Platte"},"content":{"rendered":"<p>Verwandeln Sie jeden Kocher in einen Grill! Diese universelle Grillplatte, passend f\u00fcr alle Kocher, einschlie\u00dflich des 2 Cook 3 von CADAC | Dometic, ist mit der GreenGrill-Antihaftbeschichtung von CADAC ausgestattet \u2013 einer vollst\u00e4ndig PFOA-freien Keramikbeschichtung. Sie wird mit einem abnehmbaren Griff geliefert, der eine einfache Platzierung auf dem Topftr\u00e4ger Ihres Ger\u00e4ts erm\u00f6glicht. Die Rillen der Platte sorgen f\u00fcr perfekte Grillstreifen auf Fleisch, Fisch und Gem\u00fcse. Ein Transport- und Aufbewahrungsbeutel ist ebenfalls enthalten, sodass die Grillplatte ideal f\u00fcr unterwegs und den Urlaub ist. Ma\u00dfe: 25 x 27 cm. Gewicht: 0,9 kg<\/p>\n","protected":false},"excerpt":{"rendered":"<p>Verwandeln Sie jeden Kocher in einen Grill! Diese universelle Grillplatte, passend f\u00fcr alle Kocher, einschlie\u00dflich des 2 Cook 3 von CADAC | Dometic, ist mit der GreenGrill-Antihaftbeschichtung von CADAC ausgestattet \u2013 einer vollst\u00e4ndig PFOA-freien Keramikbeschichtung. Sie wird mit einem abnehmbaren Griff geliefert, der eine einfache Platzierung auf dem Topftr\u00e4ger Ihres Ger\u00e4ts erm\u00f6glicht. Die Rillen der [&hellip;]<\/p>\n","protected":false},"featured_media":210196,"template":"","meta":{"_acf_changed":false},"product_featured_cat":[],"product_brand":[3669],"product_cat":[4340],"product_tag":[],"class_list":{"0":"post-210204","1":"product","2":"type-product","3":"status-publish","4":"has-post-thumbnail","6":"product_brand-cadac-de","7":"product_cat-grillzubehoer","9":"first","10":"instock","11":"taxable","12":"shipping-taxable","13":"purchasable","14":"product-type-simple"},"acf":[],"yoast_head":"<!-- This site is optimized with the Yoast SEO plugin v27.4 - https:\/\/yoast.com\/product\/yoast-seo-wordpress\/ -->\n<title>2 Cook Geriffelte Platte - Bantam Camping AG<\/title>\n<meta name=\"robots\" content=\"index, follow, max-snippet:-1, max-image-preview:large, max-video-preview:-1\" \/>\n<link rel=\"canonical\" href=\"https:\/\/shop.bantam.ch\/de\/produkt\/2-cook-geriffelte-platte\/\" \/>\n<meta property=\"og:locale\" content=\"de_DE\" \/>\n<meta property=\"og:type\" content=\"article\" \/>\n<meta property=\"og:title\" content=\"2 Cook Geriffelte Platte - Bantam Camping AG\" \/>\n<meta property=\"og:description\" content=\"Verwandeln Sie jeden Kocher in einen Grill! Diese universelle Grillplatte, passend f\u00fcr alle Kocher, einschlie\u00dflich des 2 Cook 3 von CADAC | Dometic, ist mit der GreenGrill-Antihaftbeschichtung von CADAC ausgestattet \u2013 einer vollst\u00e4ndig PFOA-freien Keramikbeschichtung. Sie wird mit einem abnehmbaren Griff geliefert, der eine einfache Platzierung auf dem Topftr\u00e4ger Ihres Ger\u00e4ts erm\u00f6glicht. Die Rillen der [&hellip;]\" \/>\n<meta property=\"og:url\" content=\"https:\/\/shop.bantam.ch\/de\/produkt\/2-cook-geriffelte-platte\/\" \/>\n<meta property=\"og:site_name\" content=\"Bantam Camping AG\" \/>\n<meta property=\"article:modified_time\" content=\"2026-04-17T21:17:05+00:00\" \/>\n<meta property=\"og:image\" content=\"https:\/\/shop.bantam.ch\/wp-content\/uploads\/2025\/03\/98710C_Ribbed_Universal_Grill_1.jpg\" \/>\n\t<meta property=\"og:image:width\" content=\"800\" \/>\n\t<meta property=\"og:image:height\" content=\"800\" \/>\n\t<meta property=\"og:image:type\" content=\"image\/jpeg\" \/>\n<meta name=\"twitter:card\" content=\"summary_large_image\" \/>\n<script type=\"application\/ld+json\" class=\"yoast-schema-graph\">{\"@context\":\"https:\\\/\\\/schema.org\",\"@graph\":[{\"@type\":\"WebPage\",\"@id\":\"https:\\\/\\\/shop.bantam.ch\\\/de\\\/produkt\\\/2-cook-geriffelte-platte\\\/\",\"url\":\"https:\\\/\\\/shop.bantam.ch\\\/de\\\/produkt\\\/2-cook-geriffelte-platte\\\/\",\"name\":\"2 Cook Geriffelte Platte - Bantam Camping AG\",\"isPartOf\":{\"@id\":\"https:\\\/\\\/shop.bantam.ch\\\/de\\\/#website\"},\"primaryImageOfPage\":{\"@id\":\"https:\\\/\\\/shop.bantam.ch\\\/de\\\/produkt\\\/2-cook-geriffelte-platte\\\/#primaryimage\"},\"image\":{\"@id\":\"https:\\\/\\\/shop.bantam.ch\\\/de\\\/produkt\\\/2-cook-geriffelte-platte\\\/#primaryimage\"},\"thumbnailUrl\":\"https:\\\/\\\/shop.bantam.ch\\\/wp-content\\\/uploads\\\/2025\\\/03\\\/98710C_Ribbed_Universal_Grill_1.jpg\",\"datePublished\":\"2025-03-07T10:07:18+00:00\",\"dateModified\":\"2026-04-17T21:17:05+00:00\",\"breadcrumb\":{\"@id\":\"https:\\\/\\\/shop.bantam.ch\\\/de\\\/produkt\\\/2-cook-geriffelte-platte\\\/#breadcrumb\"},\"inLanguage\":\"de\",\"potentialAction\":[{\"@type\":\"ReadAction\",\"target\":[\"https:\\\/\\\/shop.bantam.ch\\\/de\\\/produkt\\\/2-cook-geriffelte-platte\\\/\"]}]},{\"@type\":\"ImageObject\",\"inLanguage\":\"de\",\"@id\":\"https:\\\/\\\/shop.bantam.ch\\\/de\\\/produkt\\\/2-cook-geriffelte-platte\\\/#primaryimage\",\"url\":\"https:\\\/\\\/shop.bantam.ch\\\/wp-content\\\/uploads\\\/2025\\\/03\\\/98710C_Ribbed_Universal_Grill_1.jpg\",\"contentUrl\":\"https:\\\/\\\/shop.bantam.ch\\\/wp-content\\\/uploads\\\/2025\\\/03\\\/98710C_Ribbed_Universal_Grill_1.jpg\",\"width\":800,\"height\":800},{\"@type\":\"BreadcrumbList\",\"@id\":\"https:\\\/\\\/shop.bantam.ch\\\/de\\\/produkt\\\/2-cook-geriffelte-platte\\\/#breadcrumb\",\"itemListElement\":[{\"@type\":\"ListItem\",\"position\":1,\"name\":\"Accueil\",\"item\":\"https:\\\/\\\/shop.bantam.ch\\\/de\\\/\"},{\"@type\":\"ListItem\",\"position\":2,\"name\":\"Shop\",\"item\":\"https:\\\/\\\/shop.bantam.ch\\\/de\\\/shop\\\/\"},{\"@type\":\"ListItem\",\"position\":3,\"name\":\"2 Cook Geriffelte Platte\"}]},{\"@type\":\"WebSite\",\"@id\":\"https:\\\/\\\/shop.bantam.ch\\\/de\\\/#website\",\"url\":\"https:\\\/\\\/shop.bantam.ch\\\/de\\\/\",\"name\":\"Bantam Camping AG\",\"description\":\"\",\"publisher\":{\"@id\":\"https:\\\/\\\/shop.bantam.ch\\\/de\\\/#organization\"},\"inLanguage\":\"de\"},{\"@type\":\"Organization\",\"@id\":\"https:\\\/\\\/shop.bantam.ch\\\/de\\\/#organization\",\"name\":\"Bantam Camping AG\",\"url\":\"https:\\\/\\\/shop.bantam.ch\\\/de\\\/\",\"logo\":{\"@type\":\"ImageObject\",\"inLanguage\":\"de\",\"@id\":\"https:\\\/\\\/shop.bantam.ch\\\/de\\\/#\\\/schema\\\/logo\\\/image\\\/\",\"url\":\"https:\\\/\\\/shop.bantam.ch\\\/wp-content\\\/uploads\\\/2022\\\/12\\\/bantam-logo.png\",\"contentUrl\":\"https:\\\/\\\/shop.bantam.ch\\\/wp-content\\\/uploads\\\/2022\\\/12\\\/bantam-logo.png\",\"width\":320,\"height\":71,\"caption\":\"Bantam Camping AG\"},\"image\":{\"@id\":\"https:\\\/\\\/shop.bantam.ch\\\/de\\\/#\\\/schema\\\/logo\\\/image\\\/\"}}]}<\/script>\n<!-- \/ Yoast SEO plugin. -->","yoast_head_json":{"title":"2 Cook Geriffelte Platte - Bantam Camping AG","robots":{"index":"index","follow":"follow","max-snippet":"max-snippet:-1","max-image-preview":"max-image-preview:large","max-video-preview":"max-video-preview:-1"},"canonical":"https:\/\/shop.bantam.ch\/de\/produkt\/2-cook-geriffelte-platte\/","og_locale":"de_DE","og_type":"article","og_title":"2 Cook Geriffelte Platte - Bantam Camping AG","og_description":"Verwandeln Sie jeden Kocher in einen Grill! Diese universelle Grillplatte, passend f\u00fcr alle Kocher, einschlie\u00dflich des 2 Cook 3 von CADAC | Dometic, ist mit der GreenGrill-Antihaftbeschichtung von CADAC ausgestattet \u2013 einer vollst\u00e4ndig PFOA-freien Keramikbeschichtung. Sie wird mit einem abnehmbaren Griff geliefert, der eine einfache Platzierung auf dem Topftr\u00e4ger Ihres Ger\u00e4ts erm\u00f6glicht. Die Rillen der [&hellip;]","og_url":"https:\/\/shop.bantam.ch\/de\/produkt\/2-cook-geriffelte-platte\/","og_site_name":"Bantam Camping AG","article_modified_time":"2026-04-17T21:17:05+00:00","og_image":[{"width":800,"height":800,"url":"https:\/\/shop.bantam.ch\/wp-content\/uploads\/2025\/03\/98710C_Ribbed_Universal_Grill_1.jpg","type":"image\/jpeg"}],"twitter_card":"summary_large_image","schema":{"@context":"https:\/\/schema.org","@graph":[{"@type":"WebPage","@id":"https:\/\/shop.bantam.ch\/de\/produkt\/2-cook-geriffelte-platte\/","url":"https:\/\/shop.bantam.ch\/de\/produkt\/2-cook-geriffelte-platte\/","name":"2 Cook Geriffelte Platte - Bantam Camping AG","isPartOf":{"@id":"https:\/\/shop.bantam.ch\/de\/#website"},"primaryImageOfPage":{"@id":"https:\/\/shop.bantam.ch\/de\/produkt\/2-cook-geriffelte-platte\/#primaryimage"},"image":{"@id":"https:\/\/shop.bantam.ch\/de\/produkt\/2-cook-geriffelte-platte\/#primaryimage"},"thumbnailUrl":"https:\/\/shop.bantam.ch\/wp-content\/uploads\/2025\/03\/98710C_Ribbed_Universal_Grill_1.jpg","datePublished":"2025-03-07T10:07:18+00:00","dateModified":"2026-04-17T21:17:05+00:00","breadcrumb":{"@id":"https:\/\/shop.bantam.ch\/de\/produkt\/2-cook-geriffelte-platte\/#breadcrumb"},"inLanguage":"de","potentialAction":[{"@type":"ReadAction","target":["https:\/\/shop.bantam.ch\/de\/produkt\/2-cook-geriffelte-platte\/"]}]},{"@type":"ImageObject","inLanguage":"de","@id":"https:\/\/shop.bantam.ch\/de\/produkt\/2-cook-geriffelte-platte\/#primaryimage","url":"https:\/\/shop.bantam.ch\/wp-content\/uploads\/2025\/03\/98710C_Ribbed_Universal_Grill_1.jpg","contentUrl":"https:\/\/shop.bantam.ch\/wp-content\/uploads\/2025\/03\/98710C_Ribbed_Universal_Grill_1.jpg","width":800,"height":800},{"@type":"BreadcrumbList","@id":"https:\/\/shop.bantam.ch\/de\/produkt\/2-cook-geriffelte-platte\/#breadcrumb","itemListElement":[{"@type":"ListItem","position":1,"name":"Accueil","item":"https:\/\/shop.bantam.ch\/de\/"},{"@type":"ListItem","position":2,"name":"Shop","item":"https:\/\/shop.bantam.ch\/de\/shop\/"},{"@type":"ListItem","position":3,"name":"2 Cook Geriffelte Platte"}]},{"@type":"WebSite","@id":"https:\/\/shop.bantam.ch\/de\/#website","url":"https:\/\/shop.bantam.ch\/de\/","name":"Bantam Camping AG","description":"","publisher":{"@id":"https:\/\/shop.bantam.ch\/de\/#organization"},"inLanguage":"de"},{"@type":"Organization","@id":"https:\/\/shop.bantam.ch\/de\/#organization","name":"Bantam Camping AG","url":"https:\/\/shop.bantam.ch\/de\/","logo":{"@type":"ImageObject","inLanguage":"de","@id":"https:\/\/shop.bantam.ch\/de\/#\/schema\/logo\/image\/","url":"https:\/\/shop.bantam.ch\/wp-content\/uploads\/2022\/12\/bantam-logo.png","contentUrl":"https:\/\/shop.bantam.ch\/wp-content\/uploads\/2022\/12\/bantam-logo.png","width":320,"height":71,"caption":"Bantam Camping AG"},"image":{"@id":"https:\/\/shop.bantam.ch\/de\/#\/schema\/logo\/image\/"}}]}},"_links":{"self":[{"href":"https:\/\/shop.bantam.ch\/de\/wp-json\/wp\/v2\/product\/210204","targetHints":{"allow":["GET"]}}],"collection":[{"href":"https:\/\/shop.bantam.ch\/de\/wp-json\/wp\/v2\/product"}],"about":[{"href":"https:\/\/shop.bantam.ch\/de\/wp-json\/wp\/v2\/types\/product"}],"wp:featuredmedia":[{"embeddable":true,"href":"https:\/\/shop.bantam.ch\/de\/wp-json\/wp\/v2\/media\/210196"}],"wp:attachment":[{"href":"https:\/\/shop.bantam.ch\/de\/wp-json\/wp\/v2\/media?parent=210204"}],"wp:term":[{"taxonomy":"product_featured_cat","embeddable":true,"href":"https:\/\/shop.bantam.ch\/de\/wp-json\/wp\/v2\/product_featured_cat?post=210204"},{"taxonomy":"product_brand","embeddable":true,"href":"https:\/\/shop.bantam.ch\/de\/wp-json\/wp\/v2\/product_brand?post=210204"},{"taxonomy":"product_cat","embeddable":true,"href":"https:\/\/shop.bantam.ch\/de\/wp-json\/wp\/v2\/product_cat?post=210204"},{"taxonomy":"product_tag","embeddable":true,"href":"https:\/\/shop.bantam.ch\/de\/wp-json\/wp\/v2\/product_tag?post=210204"}],"curies":[{"name":"wp","href":"https:\/\/api.w.org\/{rel}","templated":true}]}}