{"id":210184,"date":"2025-03-07T10:56:08","date_gmt":"2025-03-07T09:56:08","guid":{"rendered":"https:\/\/shop.bantam.ch\/produit\/safari-chef-30-lp-combo\/"},"modified":"2026-04-21T23:21:31","modified_gmt":"2026-04-21T21:21:31","slug":"safari-chef-30-lp-combo","status":"publish","type":"product","link":"https:\/\/shop.bantam.ch\/de\/produkt\/safari-chef-30-lp-combo\/","title":{"rendered":"Safari Chef 30 LP Combo"},"content":{"rendered":"<p>Safari Chef 30 Kompakter 3-in-1 Gasgrill. Der Safari Chef 30 ist ein kompakter und vielseitiger Gasgrill, ideal f\u00fcr Ihre Reisen und Urlaub. Mit einem Gewicht von nur 5 kg bietet er drei verschiedene Kochfl\u00e4chen: ein Kochgeschirrhalter, ein Grillrost und einen Deckel\/Topf f\u00fcr Suppen. Dieser Grill bietet somit endlose M\u00f6glichkeiten f\u00fcr das Kochen im Freien. GreenGrill-Beschichtung f\u00fcr Ges\u00fcnderes Kochen. Der Safari Chef 30 ist mit unserer GreenGrill-Keramikbeschichtung ohne PFAS ausgestattet. Diese Beschichtung ist nicht nur langlebig und umweltfreundlich, sondern auch leicht zu reinigen und sorgt f\u00fcr ges\u00fcnderes Kochen.<br \/>\nHomogene und Praktische Erw\u00e4rmung. Dank des integrierten Hitzediffusors unter dem Grillrost wird die W\u00e4rme gleichm\u00e4\u00dfig auf der gesamten Kochfl\u00e4che verteilt, was f\u00fcr eine perfekte Zubereitung sorgt. Einfache Pflege und Transport. Der abnehmbare Fetttropfenbeh\u00e4lter sammelt die Kochr\u00fcckst\u00e4nde und sch\u00fctzt den Brenner vor Wind, sodass die Flamme nicht erlischt. Zudem l\u00e4sst sich der Beh\u00e4lter einfach mit Seifenwasser reinigen, was die Wartung erleichtert. Der Safari Chef wurde so konzipiert, dass er dank der klappbaren F\u00fc\u00dfe und der mitgelieferten Transporttasche einfach transportiert werden kann. Er l\u00e4sst sich noch kompakter im Transportbeutel verstauen, und \u00d6ffnungen in den F\u00fc\u00dfen erm\u00f6glichen es, die QR-Paarung w\u00e4hrend der Aufbewahrung zu belassen. LP oder HP: Die Version, die zu Ihnen passt. Der Safari Chef 30 ist in zwei Versionen erh\u00e4ltlich: LP-Version (niedriger Druck): Funktioniert mit einer wiederaufladbaren Gasflasche oder dem CADAC Power Pak. HP-Version (hoher Druck): Funktioniert direkt mit einer EN417-Gaskartusche. W\u00e4hlen Sie die Version, die am besten zu Ihren Kochbed\u00fcrfnissen und Nutzungsm\u00f6glichkeiten passt. Produktmerkmale. Kompakter und leichter Gasgrill (\u00f8 30 cm). LP-Version (niedriger Druck). Klappbare F\u00fc\u00dfe f\u00fcr eine kompakte Aufbewahrung. Automatisches Z\u00fcnden. Abnehmbarer Fetttropfenbeh\u00e4lter auch auf dem Windschutz. Inklusive: Kochgeschirrhalter, Grillrost und Pfanne\/Deckel. Praktische Transporttasche enthalten. 2 Jahre Garantie<\/p>\n","protected":false},"excerpt":{"rendered":"<p>Safari Chef 30 Kompakter 3-in-1 Gasgrill. Der Safari Chef 30 ist ein kompakter und vielseitiger Gasgrill, ideal f\u00fcr Ihre Reisen und Urlaub. Mit einem Gewicht von nur 5 kg bietet er drei verschiedene Kochfl\u00e4chen: ein Kochgeschirrhalter, ein Grillrost und einen Deckel\/Topf f\u00fcr Suppen. Dieser Grill bietet somit endlose M\u00f6glichkeiten f\u00fcr das Kochen im Freien. GreenGrill-Beschichtung [&hellip;]<\/p>\n","protected":false},"featured_media":210186,"template":"","meta":{"_acf_changed":false},"product_featured_cat":[],"product_brand":[3669],"product_cat":[4280],"product_tag":[],"class_list":{"0":"post-210184","1":"product","2":"type-product","3":"status-publish","4":"has-post-thumbnail","6":"product_brand-cadac-de","7":"product_cat-gasgrills","9":"first","10":"instock","11":"taxable","12":"shipping-taxable","13":"purchasable","14":"product-type-simple"},"acf":[],"yoast_head":"<!-- This site is optimized with the Yoast SEO plugin v27.4 - https:\/\/yoast.com\/product\/yoast-seo-wordpress\/ -->\n<title>Safari Chef 30 LP Combo - Bantam Camping AG<\/title>\n<meta name=\"robots\" content=\"index, follow, max-snippet:-1, max-image-preview:large, max-video-preview:-1\" \/>\n<link rel=\"canonical\" href=\"https:\/\/shop.bantam.ch\/de\/produkt\/safari-chef-30-lp-combo\/\" \/>\n<meta property=\"og:locale\" content=\"de_DE\" \/>\n<meta property=\"og:type\" content=\"article\" \/>\n<meta property=\"og:title\" content=\"Safari Chef 30 LP Combo - Bantam Camping AG\" \/>\n<meta property=\"og:description\" content=\"Safari Chef 30 Kompakter 3-in-1 Gasgrill. Der Safari Chef 30 ist ein kompakter und vielseitiger Gasgrill, ideal f\u00fcr Ihre Reisen und Urlaub. Mit einem Gewicht von nur 5 kg bietet er drei verschiedene Kochfl\u00e4chen: ein Kochgeschirrhalter, ein Grillrost und einen Deckel\/Topf f\u00fcr Suppen. Dieser Grill bietet somit endlose M\u00f6glichkeiten f\u00fcr das Kochen im Freien. GreenGrill-Beschichtung [&hellip;]\" \/>\n<meta property=\"og:url\" content=\"https:\/\/shop.bantam.ch\/de\/produkt\/safari-chef-30-lp-combo\/\" \/>\n<meta property=\"og:site_name\" content=\"Bantam Camping AG\" \/>\n<meta property=\"article:modified_time\" content=\"2026-04-21T21:21:31+00:00\" \/>\n<meta name=\"twitter:card\" content=\"summary_large_image\" \/>\n<meta name=\"twitter:label1\" content=\"Gesch\u00e4tzte Lesezeit\" \/>\n\t<meta name=\"twitter:data1\" content=\"2\u00a0Minuten\" \/>\n<script type=\"application\/ld+json\" class=\"yoast-schema-graph\">{\"@context\":\"https:\\\/\\\/schema.org\",\"@graph\":[{\"@type\":\"WebPage\",\"@id\":\"https:\\\/\\\/shop.bantam.ch\\\/de\\\/produkt\\\/safari-chef-30-lp-combo\\\/\",\"url\":\"https:\\\/\\\/shop.bantam.ch\\\/de\\\/produkt\\\/safari-chef-30-lp-combo\\\/\",\"name\":\"Safari Chef 30 LP Combo - Bantam Camping AG\",\"isPartOf\":{\"@id\":\"https:\\\/\\\/shop.bantam.ch\\\/de\\\/#website\"},\"primaryImageOfPage\":{\"@id\":\"https:\\\/\\\/shop.bantam.ch\\\/de\\\/produkt\\\/safari-chef-30-lp-combo\\\/#primaryimage\"},\"image\":{\"@id\":\"https:\\\/\\\/shop.bantam.ch\\\/de\\\/produkt\\\/safari-chef-30-lp-combo\\\/#primaryimage\"},\"thumbnailUrl\":\"https:\\\/\\\/shop.bantam.ch\\\/wp-content\\\/uploads\\\/2025\\\/03\\\/6545C-10_Safari_Chef_30_LP_Deluxe_1-1.jpg\",\"datePublished\":\"2025-03-07T09:56:08+00:00\",\"dateModified\":\"2026-04-21T21:21:31+00:00\",\"breadcrumb\":{\"@id\":\"https:\\\/\\\/shop.bantam.ch\\\/de\\\/produkt\\\/safari-chef-30-lp-combo\\\/#breadcrumb\"},\"inLanguage\":\"de\",\"potentialAction\":[{\"@type\":\"ReadAction\",\"target\":[\"https:\\\/\\\/shop.bantam.ch\\\/de\\\/produkt\\\/safari-chef-30-lp-combo\\\/\"]}]},{\"@type\":\"ImageObject\",\"inLanguage\":\"de\",\"@id\":\"https:\\\/\\\/shop.bantam.ch\\\/de\\\/produkt\\\/safari-chef-30-lp-combo\\\/#primaryimage\",\"url\":\"https:\\\/\\\/shop.bantam.ch\\\/wp-content\\\/uploads\\\/2025\\\/03\\\/6545C-10_Safari_Chef_30_LP_Deluxe_1-1.jpg\",\"contentUrl\":\"https:\\\/\\\/shop.bantam.ch\\\/wp-content\\\/uploads\\\/2025\\\/03\\\/6545C-10_Safari_Chef_30_LP_Deluxe_1-1.jpg\",\"width\":800,\"height\":1743},{\"@type\":\"BreadcrumbList\",\"@id\":\"https:\\\/\\\/shop.bantam.ch\\\/de\\\/produkt\\\/safari-chef-30-lp-combo\\\/#breadcrumb\",\"itemListElement\":[{\"@type\":\"ListItem\",\"position\":1,\"name\":\"Accueil\",\"item\":\"https:\\\/\\\/shop.bantam.ch\\\/de\\\/\"},{\"@type\":\"ListItem\",\"position\":2,\"name\":\"Shop\",\"item\":\"https:\\\/\\\/shop.bantam.ch\\\/de\\\/shop\\\/\"},{\"@type\":\"ListItem\",\"position\":3,\"name\":\"Safari Chef 30 LP Combo\"}]},{\"@type\":\"WebSite\",\"@id\":\"https:\\\/\\\/shop.bantam.ch\\\/de\\\/#website\",\"url\":\"https:\\\/\\\/shop.bantam.ch\\\/de\\\/\",\"name\":\"Bantam Camping AG\",\"description\":\"\",\"publisher\":{\"@id\":\"https:\\\/\\\/shop.bantam.ch\\\/de\\\/#organization\"},\"inLanguage\":\"de\"},{\"@type\":\"Organization\",\"@id\":\"https:\\\/\\\/shop.bantam.ch\\\/de\\\/#organization\",\"name\":\"Bantam Camping AG\",\"url\":\"https:\\\/\\\/shop.bantam.ch\\\/de\\\/\",\"logo\":{\"@type\":\"ImageObject\",\"inLanguage\":\"de\",\"@id\":\"https:\\\/\\\/shop.bantam.ch\\\/de\\\/#\\\/schema\\\/logo\\\/image\\\/\",\"url\":\"https:\\\/\\\/shop.bantam.ch\\\/wp-content\\\/uploads\\\/2022\\\/12\\\/bantam-logo.png\",\"contentUrl\":\"https:\\\/\\\/shop.bantam.ch\\\/wp-content\\\/uploads\\\/2022\\\/12\\\/bantam-logo.png\",\"width\":320,\"height\":71,\"caption\":\"Bantam Camping AG\"},\"image\":{\"@id\":\"https:\\\/\\\/shop.bantam.ch\\\/de\\\/#\\\/schema\\\/logo\\\/image\\\/\"}}]}<\/script>\n<!-- \/ Yoast SEO plugin. -->","yoast_head_json":{"title":"Safari Chef 30 LP Combo - Bantam Camping AG","robots":{"index":"index","follow":"follow","max-snippet":"max-snippet:-1","max-image-preview":"max-image-preview:large","max-video-preview":"max-video-preview:-1"},"canonical":"https:\/\/shop.bantam.ch\/de\/produkt\/safari-chef-30-lp-combo\/","og_locale":"de_DE","og_type":"article","og_title":"Safari Chef 30 LP Combo - Bantam Camping AG","og_description":"Safari Chef 30 Kompakter 3-in-1 Gasgrill. Der Safari Chef 30 ist ein kompakter und vielseitiger Gasgrill, ideal f\u00fcr Ihre Reisen und Urlaub. Mit einem Gewicht von nur 5 kg bietet er drei verschiedene Kochfl\u00e4chen: ein Kochgeschirrhalter, ein Grillrost und einen Deckel\/Topf f\u00fcr Suppen. Dieser Grill bietet somit endlose M\u00f6glichkeiten f\u00fcr das Kochen im Freien. GreenGrill-Beschichtung [&hellip;]","og_url":"https:\/\/shop.bantam.ch\/de\/produkt\/safari-chef-30-lp-combo\/","og_site_name":"Bantam Camping AG","article_modified_time":"2026-04-21T21:21:31+00:00","twitter_card":"summary_large_image","twitter_misc":{"Gesch\u00e4tzte Lesezeit":"2\u00a0Minuten"},"schema":{"@context":"https:\/\/schema.org","@graph":[{"@type":"WebPage","@id":"https:\/\/shop.bantam.ch\/de\/produkt\/safari-chef-30-lp-combo\/","url":"https:\/\/shop.bantam.ch\/de\/produkt\/safari-chef-30-lp-combo\/","name":"Safari Chef 30 LP Combo - Bantam Camping AG","isPartOf":{"@id":"https:\/\/shop.bantam.ch\/de\/#website"},"primaryImageOfPage":{"@id":"https:\/\/shop.bantam.ch\/de\/produkt\/safari-chef-30-lp-combo\/#primaryimage"},"image":{"@id":"https:\/\/shop.bantam.ch\/de\/produkt\/safari-chef-30-lp-combo\/#primaryimage"},"thumbnailUrl":"https:\/\/shop.bantam.ch\/wp-content\/uploads\/2025\/03\/6545C-10_Safari_Chef_30_LP_Deluxe_1-1.jpg","datePublished":"2025-03-07T09:56:08+00:00","dateModified":"2026-04-21T21:21:31+00:00","breadcrumb":{"@id":"https:\/\/shop.bantam.ch\/de\/produkt\/safari-chef-30-lp-combo\/#breadcrumb"},"inLanguage":"de","potentialAction":[{"@type":"ReadAction","target":["https:\/\/shop.bantam.ch\/de\/produkt\/safari-chef-30-lp-combo\/"]}]},{"@type":"ImageObject","inLanguage":"de","@id":"https:\/\/shop.bantam.ch\/de\/produkt\/safari-chef-30-lp-combo\/#primaryimage","url":"https:\/\/shop.bantam.ch\/wp-content\/uploads\/2025\/03\/6545C-10_Safari_Chef_30_LP_Deluxe_1-1.jpg","contentUrl":"https:\/\/shop.bantam.ch\/wp-content\/uploads\/2025\/03\/6545C-10_Safari_Chef_30_LP_Deluxe_1-1.jpg","width":800,"height":1743},{"@type":"BreadcrumbList","@id":"https:\/\/shop.bantam.ch\/de\/produkt\/safari-chef-30-lp-combo\/#breadcrumb","itemListElement":[{"@type":"ListItem","position":1,"name":"Accueil","item":"https:\/\/shop.bantam.ch\/de\/"},{"@type":"ListItem","position":2,"name":"Shop","item":"https:\/\/shop.bantam.ch\/de\/shop\/"},{"@type":"ListItem","position":3,"name":"Safari Chef 30 LP Combo"}]},{"@type":"WebSite","@id":"https:\/\/shop.bantam.ch\/de\/#website","url":"https:\/\/shop.bantam.ch\/de\/","name":"Bantam Camping AG","description":"","publisher":{"@id":"https:\/\/shop.bantam.ch\/de\/#organization"},"inLanguage":"de"},{"@type":"Organization","@id":"https:\/\/shop.bantam.ch\/de\/#organization","name":"Bantam Camping AG","url":"https:\/\/shop.bantam.ch\/de\/","logo":{"@type":"ImageObject","inLanguage":"de","@id":"https:\/\/shop.bantam.ch\/de\/#\/schema\/logo\/image\/","url":"https:\/\/shop.bantam.ch\/wp-content\/uploads\/2022\/12\/bantam-logo.png","contentUrl":"https:\/\/shop.bantam.ch\/wp-content\/uploads\/2022\/12\/bantam-logo.png","width":320,"height":71,"caption":"Bantam Camping AG"},"image":{"@id":"https:\/\/shop.bantam.ch\/de\/#\/schema\/logo\/image\/"}}]}},"_links":{"self":[{"href":"https:\/\/shop.bantam.ch\/de\/wp-json\/wp\/v2\/product\/210184","targetHints":{"allow":["GET"]}}],"collection":[{"href":"https:\/\/shop.bantam.ch\/de\/wp-json\/wp\/v2\/product"}],"about":[{"href":"https:\/\/shop.bantam.ch\/de\/wp-json\/wp\/v2\/types\/product"}],"wp:featuredmedia":[{"embeddable":true,"href":"https:\/\/shop.bantam.ch\/de\/wp-json\/wp\/v2\/media\/210186"}],"wp:attachment":[{"href":"https:\/\/shop.bantam.ch\/de\/wp-json\/wp\/v2\/media?parent=210184"}],"wp:term":[{"taxonomy":"product_featured_cat","embeddable":true,"href":"https:\/\/shop.bantam.ch\/de\/wp-json\/wp\/v2\/product_featured_cat?post=210184"},{"taxonomy":"product_brand","embeddable":true,"href":"https:\/\/shop.bantam.ch\/de\/wp-json\/wp\/v2\/product_brand?post=210184"},{"taxonomy":"product_cat","embeddable":true,"href":"https:\/\/shop.bantam.ch\/de\/wp-json\/wp\/v2\/product_cat?post=210184"},{"taxonomy":"product_tag","embeddable":true,"href":"https:\/\/shop.bantam.ch\/de\/wp-json\/wp\/v2\/product_tag?post=210184"}],"curies":[{"name":"wp","href":"https:\/\/api.w.org\/{rel}","templated":true}]}}