{"id":210167,"date":"2025-03-06T11:52:32","date_gmt":"2025-03-06T10:52:32","guid":{"rendered":"https:\/\/shop.bantam.ch\/produit\/safari-chef-30-hp-combo\/"},"modified":"2026-04-21T23:21:30","modified_gmt":"2026-04-21T21:21:30","slug":"safari-chef-30-hp-combo","status":"publish","type":"product","link":"https:\/\/shop.bantam.ch\/de\/produkt\/safari-chef-30-hp-combo\/","title":{"rendered":"Safari Chef 30 HP Combo"},"content":{"rendered":"<p>Komfortabler 3-in-1 Gasgrill Safari Chef 30. Der Safari Chef 30 ist ein kompakter und vielseitiger Gasgrill, der sich perfekt f\u00fcr Reisen und Camping eignet. Mit einem Gewicht von nur 5 kg und drei unterschiedlichen Kochfl\u00e4chen \u2013 ein T\u00f6pferhalter, ein BBQ-Grillrost und ein Deckel\/Topf f\u00fcr Suppe \u2013 bietet dieser Grill unz\u00e4hlige M\u00f6glichkeiten f\u00fcr das Kochen im Freien. Langlebige GreenGrill-Beschichtung f\u00fcr ges\u00fcnderes Kochen. Der Grill ist mit einer GreenGrill-Keramikbeschichtung ausgestattet, die PFAS-frei ist. Diese Beschichtung ist nicht nur langlebig, sondern auch umweltfreundlich und l\u00e4sst sich leicht reinigen. Optimale Hitzeverteilung und benutzerfreundlich. Dank des integrierten W\u00e4rmediffusors unter dem BBQ-Grillrost wird die Hitze gleichm\u00e4\u00dfig auf der gesamten Kochfl\u00e4che verteilt. Praktisch und einfach zu transportieren. Der Safari Chef ist einfach zu transportieren, dank klappbarer F\u00fc\u00dfe und der mitgelieferten Tragetasche. Er l\u00e4sst sich noch kompakter verstauen, da die F\u00fc\u00dfe \u00d6ffnungen haben, die das QR-Pairing beim Verstauen erm\u00f6glichen. Ideal f\u00fcr den Campingurlaub, den Balkon oder den Park! LP oder HP: Die richtige Version f\u00fcr Sie. Der Safari Chef ist in zwei Versionen erh\u00e4ltlich. LP-Version (niedrigdruck): Funktioniert mit einer wiederaufladbaren Gasflasche oder dem CADAC Power Pak. HP-Version (hochdruck): Funktioniert direkt mit einer EN417-Gaskartusche. W\u00e4hlen Sie die Version, die am besten zu Ihren Kochbed\u00fcrfnissen und Bedingungen passt. Produktmerkmale. Gasgrill kompakt und leicht (\u00f8 30 cm). HP-Version (hochdruck). Klappbare F\u00fc\u00dfe f\u00fcr kompaktes Verstauen. Automatisches Z\u00fcnden.  Fettauffangschale ist auch am Windschutz angebracht. Inklusive T\u00f6pferhalter, BBQ-Grillrost und Deckel\/Topf. Praktische Tragetasche f\u00fcr einfachen Transport. 2 Jahre Garantie<\/p>\n","protected":false},"excerpt":{"rendered":"<p>Komfortabler 3-in-1 Gasgrill Safari Chef 30. Der Safari Chef 30 ist ein kompakter und vielseitiger Gasgrill, der sich perfekt f\u00fcr Reisen und Camping eignet. Mit einem Gewicht von nur 5 kg und drei unterschiedlichen Kochfl\u00e4chen \u2013 ein T\u00f6pferhalter, ein BBQ-Grillrost und ein Deckel\/Topf f\u00fcr Suppe \u2013 bietet dieser Grill unz\u00e4hlige M\u00f6glichkeiten f\u00fcr das Kochen im [&hellip;]<\/p>\n","protected":false},"featured_media":210157,"template":"","meta":{"_acf_changed":false},"product_featured_cat":[],"product_brand":[3669],"product_cat":[4280],"product_tag":[],"class_list":{"0":"post-210167","1":"product","2":"type-product","3":"status-publish","4":"has-post-thumbnail","6":"product_brand-cadac-de","7":"product_cat-gasgrills","9":"first","10":"instock","11":"taxable","12":"shipping-taxable","13":"purchasable","14":"product-type-simple"},"acf":[],"yoast_head":"<!-- This site is optimized with the Yoast SEO plugin v27.4 - https:\/\/yoast.com\/product\/yoast-seo-wordpress\/ -->\n<title>Safari Chef 30 HP Combo - Bantam Camping AG<\/title>\n<meta name=\"robots\" content=\"index, follow, max-snippet:-1, max-image-preview:large, max-video-preview:-1\" \/>\n<link rel=\"canonical\" href=\"https:\/\/shop.bantam.ch\/de\/produkt\/safari-chef-30-hp-combo\/\" \/>\n<meta property=\"og:locale\" content=\"de_DE\" \/>\n<meta property=\"og:type\" content=\"article\" \/>\n<meta property=\"og:title\" content=\"Safari Chef 30 HP Combo - Bantam Camping AG\" \/>\n<meta property=\"og:description\" content=\"Komfortabler 3-in-1 Gasgrill Safari Chef 30. Der Safari Chef 30 ist ein kompakter und vielseitiger Gasgrill, der sich perfekt f\u00fcr Reisen und Camping eignet. Mit einem Gewicht von nur 5 kg und drei unterschiedlichen Kochfl\u00e4chen \u2013 ein T\u00f6pferhalter, ein BBQ-Grillrost und ein Deckel\/Topf f\u00fcr Suppe \u2013 bietet dieser Grill unz\u00e4hlige M\u00f6glichkeiten f\u00fcr das Kochen im [&hellip;]\" \/>\n<meta property=\"og:url\" content=\"https:\/\/shop.bantam.ch\/de\/produkt\/safari-chef-30-hp-combo\/\" \/>\n<meta property=\"og:site_name\" content=\"Bantam Camping AG\" \/>\n<meta property=\"article:modified_time\" content=\"2026-04-21T21:21:30+00:00\" \/>\n<meta property=\"og:image\" content=\"https:\/\/shop.bantam.ch\/wp-content\/uploads\/2025\/03\/6546C_Safari_Chef_30_HP_1.jpg\" \/>\n\t<meta property=\"og:image:width\" content=\"800\" \/>\n\t<meta property=\"og:image:height\" content=\"1074\" \/>\n\t<meta property=\"og:image:type\" content=\"image\/jpeg\" \/>\n<meta name=\"twitter:card\" content=\"summary_large_image\" \/>\n<meta name=\"twitter:label1\" content=\"Gesch\u00e4tzte Lesezeit\" \/>\n\t<meta name=\"twitter:data1\" content=\"1\u00a0Minute\" \/>\n<script type=\"application\/ld+json\" class=\"yoast-schema-graph\">{\"@context\":\"https:\\\/\\\/schema.org\",\"@graph\":[{\"@type\":\"WebPage\",\"@id\":\"https:\\\/\\\/shop.bantam.ch\\\/de\\\/produkt\\\/safari-chef-30-hp-combo\\\/\",\"url\":\"https:\\\/\\\/shop.bantam.ch\\\/de\\\/produkt\\\/safari-chef-30-hp-combo\\\/\",\"name\":\"Safari Chef 30 HP Combo - Bantam Camping AG\",\"isPartOf\":{\"@id\":\"https:\\\/\\\/shop.bantam.ch\\\/de\\\/#website\"},\"primaryImageOfPage\":{\"@id\":\"https:\\\/\\\/shop.bantam.ch\\\/de\\\/produkt\\\/safari-chef-30-hp-combo\\\/#primaryimage\"},\"image\":{\"@id\":\"https:\\\/\\\/shop.bantam.ch\\\/de\\\/produkt\\\/safari-chef-30-hp-combo\\\/#primaryimage\"},\"thumbnailUrl\":\"https:\\\/\\\/shop.bantam.ch\\\/wp-content\\\/uploads\\\/2025\\\/03\\\/6546C_Safari_Chef_30_HP_1.jpg\",\"datePublished\":\"2025-03-06T10:52:32+00:00\",\"dateModified\":\"2026-04-21T21:21:30+00:00\",\"breadcrumb\":{\"@id\":\"https:\\\/\\\/shop.bantam.ch\\\/de\\\/produkt\\\/safari-chef-30-hp-combo\\\/#breadcrumb\"},\"inLanguage\":\"de\",\"potentialAction\":[{\"@type\":\"ReadAction\",\"target\":[\"https:\\\/\\\/shop.bantam.ch\\\/de\\\/produkt\\\/safari-chef-30-hp-combo\\\/\"]}]},{\"@type\":\"ImageObject\",\"inLanguage\":\"de\",\"@id\":\"https:\\\/\\\/shop.bantam.ch\\\/de\\\/produkt\\\/safari-chef-30-hp-combo\\\/#primaryimage\",\"url\":\"https:\\\/\\\/shop.bantam.ch\\\/wp-content\\\/uploads\\\/2025\\\/03\\\/6546C_Safari_Chef_30_HP_1.jpg\",\"contentUrl\":\"https:\\\/\\\/shop.bantam.ch\\\/wp-content\\\/uploads\\\/2025\\\/03\\\/6546C_Safari_Chef_30_HP_1.jpg\",\"width\":800,\"height\":1074},{\"@type\":\"BreadcrumbList\",\"@id\":\"https:\\\/\\\/shop.bantam.ch\\\/de\\\/produkt\\\/safari-chef-30-hp-combo\\\/#breadcrumb\",\"itemListElement\":[{\"@type\":\"ListItem\",\"position\":1,\"name\":\"Accueil\",\"item\":\"https:\\\/\\\/shop.bantam.ch\\\/de\\\/\"},{\"@type\":\"ListItem\",\"position\":2,\"name\":\"Shop\",\"item\":\"https:\\\/\\\/shop.bantam.ch\\\/de\\\/shop\\\/\"},{\"@type\":\"ListItem\",\"position\":3,\"name\":\"Safari Chef 30 HP Combo\"}]},{\"@type\":\"WebSite\",\"@id\":\"https:\\\/\\\/shop.bantam.ch\\\/de\\\/#website\",\"url\":\"https:\\\/\\\/shop.bantam.ch\\\/de\\\/\",\"name\":\"Bantam Camping AG\",\"description\":\"\",\"publisher\":{\"@id\":\"https:\\\/\\\/shop.bantam.ch\\\/de\\\/#organization\"},\"inLanguage\":\"de\"},{\"@type\":\"Organization\",\"@id\":\"https:\\\/\\\/shop.bantam.ch\\\/de\\\/#organization\",\"name\":\"Bantam Camping AG\",\"url\":\"https:\\\/\\\/shop.bantam.ch\\\/de\\\/\",\"logo\":{\"@type\":\"ImageObject\",\"inLanguage\":\"de\",\"@id\":\"https:\\\/\\\/shop.bantam.ch\\\/de\\\/#\\\/schema\\\/logo\\\/image\\\/\",\"url\":\"https:\\\/\\\/shop.bantam.ch\\\/wp-content\\\/uploads\\\/2022\\\/12\\\/bantam-logo.png\",\"contentUrl\":\"https:\\\/\\\/shop.bantam.ch\\\/wp-content\\\/uploads\\\/2022\\\/12\\\/bantam-logo.png\",\"width\":320,\"height\":71,\"caption\":\"Bantam Camping AG\"},\"image\":{\"@id\":\"https:\\\/\\\/shop.bantam.ch\\\/de\\\/#\\\/schema\\\/logo\\\/image\\\/\"}}]}<\/script>\n<!-- \/ Yoast SEO plugin. -->","yoast_head_json":{"title":"Safari Chef 30 HP Combo - Bantam Camping AG","robots":{"index":"index","follow":"follow","max-snippet":"max-snippet:-1","max-image-preview":"max-image-preview:large","max-video-preview":"max-video-preview:-1"},"canonical":"https:\/\/shop.bantam.ch\/de\/produkt\/safari-chef-30-hp-combo\/","og_locale":"de_DE","og_type":"article","og_title":"Safari Chef 30 HP Combo - Bantam Camping AG","og_description":"Komfortabler 3-in-1 Gasgrill Safari Chef 30. Der Safari Chef 30 ist ein kompakter und vielseitiger Gasgrill, der sich perfekt f\u00fcr Reisen und Camping eignet. Mit einem Gewicht von nur 5 kg und drei unterschiedlichen Kochfl\u00e4chen \u2013 ein T\u00f6pferhalter, ein BBQ-Grillrost und ein Deckel\/Topf f\u00fcr Suppe \u2013 bietet dieser Grill unz\u00e4hlige M\u00f6glichkeiten f\u00fcr das Kochen im [&hellip;]","og_url":"https:\/\/shop.bantam.ch\/de\/produkt\/safari-chef-30-hp-combo\/","og_site_name":"Bantam Camping AG","article_modified_time":"2026-04-21T21:21:30+00:00","og_image":[{"width":800,"height":1074,"url":"https:\/\/shop.bantam.ch\/wp-content\/uploads\/2025\/03\/6546C_Safari_Chef_30_HP_1.jpg","type":"image\/jpeg"}],"twitter_card":"summary_large_image","twitter_misc":{"Gesch\u00e4tzte Lesezeit":"1\u00a0Minute"},"schema":{"@context":"https:\/\/schema.org","@graph":[{"@type":"WebPage","@id":"https:\/\/shop.bantam.ch\/de\/produkt\/safari-chef-30-hp-combo\/","url":"https:\/\/shop.bantam.ch\/de\/produkt\/safari-chef-30-hp-combo\/","name":"Safari Chef 30 HP Combo - Bantam Camping AG","isPartOf":{"@id":"https:\/\/shop.bantam.ch\/de\/#website"},"primaryImageOfPage":{"@id":"https:\/\/shop.bantam.ch\/de\/produkt\/safari-chef-30-hp-combo\/#primaryimage"},"image":{"@id":"https:\/\/shop.bantam.ch\/de\/produkt\/safari-chef-30-hp-combo\/#primaryimage"},"thumbnailUrl":"https:\/\/shop.bantam.ch\/wp-content\/uploads\/2025\/03\/6546C_Safari_Chef_30_HP_1.jpg","datePublished":"2025-03-06T10:52:32+00:00","dateModified":"2026-04-21T21:21:30+00:00","breadcrumb":{"@id":"https:\/\/shop.bantam.ch\/de\/produkt\/safari-chef-30-hp-combo\/#breadcrumb"},"inLanguage":"de","potentialAction":[{"@type":"ReadAction","target":["https:\/\/shop.bantam.ch\/de\/produkt\/safari-chef-30-hp-combo\/"]}]},{"@type":"ImageObject","inLanguage":"de","@id":"https:\/\/shop.bantam.ch\/de\/produkt\/safari-chef-30-hp-combo\/#primaryimage","url":"https:\/\/shop.bantam.ch\/wp-content\/uploads\/2025\/03\/6546C_Safari_Chef_30_HP_1.jpg","contentUrl":"https:\/\/shop.bantam.ch\/wp-content\/uploads\/2025\/03\/6546C_Safari_Chef_30_HP_1.jpg","width":800,"height":1074},{"@type":"BreadcrumbList","@id":"https:\/\/shop.bantam.ch\/de\/produkt\/safari-chef-30-hp-combo\/#breadcrumb","itemListElement":[{"@type":"ListItem","position":1,"name":"Accueil","item":"https:\/\/shop.bantam.ch\/de\/"},{"@type":"ListItem","position":2,"name":"Shop","item":"https:\/\/shop.bantam.ch\/de\/shop\/"},{"@type":"ListItem","position":3,"name":"Safari Chef 30 HP Combo"}]},{"@type":"WebSite","@id":"https:\/\/shop.bantam.ch\/de\/#website","url":"https:\/\/shop.bantam.ch\/de\/","name":"Bantam Camping AG","description":"","publisher":{"@id":"https:\/\/shop.bantam.ch\/de\/#organization"},"inLanguage":"de"},{"@type":"Organization","@id":"https:\/\/shop.bantam.ch\/de\/#organization","name":"Bantam Camping AG","url":"https:\/\/shop.bantam.ch\/de\/","logo":{"@type":"ImageObject","inLanguage":"de","@id":"https:\/\/shop.bantam.ch\/de\/#\/schema\/logo\/image\/","url":"https:\/\/shop.bantam.ch\/wp-content\/uploads\/2022\/12\/bantam-logo.png","contentUrl":"https:\/\/shop.bantam.ch\/wp-content\/uploads\/2022\/12\/bantam-logo.png","width":320,"height":71,"caption":"Bantam Camping AG"},"image":{"@id":"https:\/\/shop.bantam.ch\/de\/#\/schema\/logo\/image\/"}}]}},"_links":{"self":[{"href":"https:\/\/shop.bantam.ch\/de\/wp-json\/wp\/v2\/product\/210167","targetHints":{"allow":["GET"]}}],"collection":[{"href":"https:\/\/shop.bantam.ch\/de\/wp-json\/wp\/v2\/product"}],"about":[{"href":"https:\/\/shop.bantam.ch\/de\/wp-json\/wp\/v2\/types\/product"}],"wp:featuredmedia":[{"embeddable":true,"href":"https:\/\/shop.bantam.ch\/de\/wp-json\/wp\/v2\/media\/210157"}],"wp:attachment":[{"href":"https:\/\/shop.bantam.ch\/de\/wp-json\/wp\/v2\/media?parent=210167"}],"wp:term":[{"taxonomy":"product_featured_cat","embeddable":true,"href":"https:\/\/shop.bantam.ch\/de\/wp-json\/wp\/v2\/product_featured_cat?post=210167"},{"taxonomy":"product_brand","embeddable":true,"href":"https:\/\/shop.bantam.ch\/de\/wp-json\/wp\/v2\/product_brand?post=210167"},{"taxonomy":"product_cat","embeddable":true,"href":"https:\/\/shop.bantam.ch\/de\/wp-json\/wp\/v2\/product_cat?post=210167"},{"taxonomy":"product_tag","embeddable":true,"href":"https:\/\/shop.bantam.ch\/de\/wp-json\/wp\/v2\/product_tag?post=210167"}],"curies":[{"name":"wp","href":"https:\/\/api.w.org\/{rel}","templated":true}]}}