{"id":210141,"date":"2025-03-06T11:17:38","date_gmt":"2025-03-06T10:17:38","guid":{"rendered":"https:\/\/shop.bantam.ch\/produit\/300-cm-schlauch-fuer-aussenanschluss\/"},"modified":"2026-04-17T23:16:58","modified_gmt":"2026-04-17T21:16:58","slug":"300-cm-schlauch-fuer-aussenanschluss","status":"publish","type":"product","link":"https:\/\/shop.bantam.ch\/de\/produkt\/300-cm-schlauch-fuer-aussenanschluss\/","title":{"rendered":"300 cm Schlauch f\u00fcr Au\u00dfenanschluss"},"content":{"rendered":"<p>Mit diesem Gasschlauch (300 cm) k\u00f6nnen Sie Ihren Grill direkt mit Ihrem Wohnmobil oder Wohnwagen verbinden. Einfache Verbindung. Schnellkupplung an einer Seite \u2013 einfach an den Au\u00dfenanschluss Ihres Wohnmobils oder Wohnwagens anklicken. Standard 1\/4&#8243; LH BSP-Anschluss an der anderen Seite \u2013 passend f\u00fcr Ihren Grill. Hohe Sicherheitsstandards. Entspricht den h\u00f6chsten europ\u00e4ischen Sicherheitsnormen und Vorschriften. Wir empfehlen, den Gasschlauch alle 5 Jahre zu ersetzen. L\u00e4nge: 300 cm<\/p>\n","protected":false},"excerpt":{"rendered":"<p>Mit diesem Gasschlauch (300 cm) k\u00f6nnen Sie Ihren Grill direkt mit Ihrem Wohnmobil oder Wohnwagen verbinden. Einfache Verbindung. Schnellkupplung an einer Seite \u2013 einfach an den Au\u00dfenanschluss Ihres Wohnmobils oder Wohnwagens anklicken. Standard 1\/4&#8243; LH BSP-Anschluss an der anderen Seite \u2013 passend f\u00fcr Ihren Grill. Hohe Sicherheitsstandards. Entspricht den h\u00f6chsten europ\u00e4ischen Sicherheitsnormen und Vorschriften. Wir [&hellip;]<\/p>\n","protected":false},"featured_media":210139,"template":"","meta":{"_acf_changed":false},"product_featured_cat":[],"product_brand":[3669],"product_cat":[4340],"product_tag":[],"class_list":{"0":"post-210141","1":"product","2":"type-product","3":"status-publish","4":"has-post-thumbnail","6":"product_brand-cadac-de","7":"product_cat-grillzubehoer","9":"first","10":"instock","11":"taxable","12":"shipping-taxable","13":"purchasable","14":"product-type-simple"},"acf":[],"yoast_head":"<!-- This site is optimized with the Yoast SEO plugin v27.4 - https:\/\/yoast.com\/product\/yoast-seo-wordpress\/ -->\n<title>300 cm Schlauch f\u00fcr Au\u00dfenanschluss - Bantam Camping AG<\/title>\n<meta name=\"robots\" content=\"index, follow, max-snippet:-1, max-image-preview:large, max-video-preview:-1\" \/>\n<link rel=\"canonical\" href=\"https:\/\/shop.bantam.ch\/de\/produkt\/300-cm-schlauch-fuer-aussenanschluss\/\" \/>\n<meta property=\"og:locale\" content=\"de_DE\" \/>\n<meta property=\"og:type\" content=\"article\" \/>\n<meta property=\"og:title\" content=\"300 cm Schlauch f\u00fcr Au\u00dfenanschluss - Bantam Camping AG\" \/>\n<meta property=\"og:description\" content=\"Mit diesem Gasschlauch (300 cm) k\u00f6nnen Sie Ihren Grill direkt mit Ihrem Wohnmobil oder Wohnwagen verbinden. Einfache Verbindung. Schnellkupplung an einer Seite \u2013 einfach an den Au\u00dfenanschluss Ihres Wohnmobils oder Wohnwagens anklicken. Standard 1\/4&#8243; LH BSP-Anschluss an der anderen Seite \u2013 passend f\u00fcr Ihren Grill. Hohe Sicherheitsstandards. Entspricht den h\u00f6chsten europ\u00e4ischen Sicherheitsnormen und Vorschriften. Wir [&hellip;]\" \/>\n<meta property=\"og:url\" content=\"https:\/\/shop.bantam.ch\/de\/produkt\/300-cm-schlauch-fuer-aussenanschluss\/\" \/>\n<meta property=\"og:site_name\" content=\"Bantam Camping AG\" \/>\n<meta property=\"article:modified_time\" content=\"2026-04-17T21:16:58+00:00\" \/>\n<meta property=\"og:image\" content=\"https:\/\/shop.bantam.ch\/wp-content\/uploads\/2025\/03\/8524.jpg\" \/>\n\t<meta property=\"og:image:width\" content=\"800\" \/>\n\t<meta property=\"og:image:height\" content=\"533\" \/>\n\t<meta property=\"og:image:type\" content=\"image\/jpeg\" \/>\n<meta name=\"twitter:card\" content=\"summary_large_image\" \/>\n<script type=\"application\/ld+json\" class=\"yoast-schema-graph\">{\"@context\":\"https:\\\/\\\/schema.org\",\"@graph\":[{\"@type\":\"WebPage\",\"@id\":\"https:\\\/\\\/shop.bantam.ch\\\/de\\\/produkt\\\/300-cm-schlauch-fuer-aussenanschluss\\\/\",\"url\":\"https:\\\/\\\/shop.bantam.ch\\\/de\\\/produkt\\\/300-cm-schlauch-fuer-aussenanschluss\\\/\",\"name\":\"300 cm Schlauch f\u00fcr Au\u00dfenanschluss - Bantam Camping AG\",\"isPartOf\":{\"@id\":\"https:\\\/\\\/shop.bantam.ch\\\/de\\\/#website\"},\"primaryImageOfPage\":{\"@id\":\"https:\\\/\\\/shop.bantam.ch\\\/de\\\/produkt\\\/300-cm-schlauch-fuer-aussenanschluss\\\/#primaryimage\"},\"image\":{\"@id\":\"https:\\\/\\\/shop.bantam.ch\\\/de\\\/produkt\\\/300-cm-schlauch-fuer-aussenanschluss\\\/#primaryimage\"},\"thumbnailUrl\":\"https:\\\/\\\/shop.bantam.ch\\\/wp-content\\\/uploads\\\/2025\\\/03\\\/8524.jpg\",\"datePublished\":\"2025-03-06T10:17:38+00:00\",\"dateModified\":\"2026-04-17T21:16:58+00:00\",\"breadcrumb\":{\"@id\":\"https:\\\/\\\/shop.bantam.ch\\\/de\\\/produkt\\\/300-cm-schlauch-fuer-aussenanschluss\\\/#breadcrumb\"},\"inLanguage\":\"de\",\"potentialAction\":[{\"@type\":\"ReadAction\",\"target\":[\"https:\\\/\\\/shop.bantam.ch\\\/de\\\/produkt\\\/300-cm-schlauch-fuer-aussenanschluss\\\/\"]}]},{\"@type\":\"ImageObject\",\"inLanguage\":\"de\",\"@id\":\"https:\\\/\\\/shop.bantam.ch\\\/de\\\/produkt\\\/300-cm-schlauch-fuer-aussenanschluss\\\/#primaryimage\",\"url\":\"https:\\\/\\\/shop.bantam.ch\\\/wp-content\\\/uploads\\\/2025\\\/03\\\/8524.jpg\",\"contentUrl\":\"https:\\\/\\\/shop.bantam.ch\\\/wp-content\\\/uploads\\\/2025\\\/03\\\/8524.jpg\",\"width\":800,\"height\":533},{\"@type\":\"BreadcrumbList\",\"@id\":\"https:\\\/\\\/shop.bantam.ch\\\/de\\\/produkt\\\/300-cm-schlauch-fuer-aussenanschluss\\\/#breadcrumb\",\"itemListElement\":[{\"@type\":\"ListItem\",\"position\":1,\"name\":\"Accueil\",\"item\":\"https:\\\/\\\/shop.bantam.ch\\\/de\\\/\"},{\"@type\":\"ListItem\",\"position\":2,\"name\":\"Shop\",\"item\":\"https:\\\/\\\/shop.bantam.ch\\\/de\\\/shop\\\/\"},{\"@type\":\"ListItem\",\"position\":3,\"name\":\"300 cm Schlauch f\u00fcr Au\u00dfenanschluss\"}]},{\"@type\":\"WebSite\",\"@id\":\"https:\\\/\\\/shop.bantam.ch\\\/de\\\/#website\",\"url\":\"https:\\\/\\\/shop.bantam.ch\\\/de\\\/\",\"name\":\"Bantam Camping AG\",\"description\":\"\",\"publisher\":{\"@id\":\"https:\\\/\\\/shop.bantam.ch\\\/de\\\/#organization\"},\"inLanguage\":\"de\"},{\"@type\":\"Organization\",\"@id\":\"https:\\\/\\\/shop.bantam.ch\\\/de\\\/#organization\",\"name\":\"Bantam Camping AG\",\"url\":\"https:\\\/\\\/shop.bantam.ch\\\/de\\\/\",\"logo\":{\"@type\":\"ImageObject\",\"inLanguage\":\"de\",\"@id\":\"https:\\\/\\\/shop.bantam.ch\\\/de\\\/#\\\/schema\\\/logo\\\/image\\\/\",\"url\":\"https:\\\/\\\/shop.bantam.ch\\\/wp-content\\\/uploads\\\/2022\\\/12\\\/bantam-logo.png\",\"contentUrl\":\"https:\\\/\\\/shop.bantam.ch\\\/wp-content\\\/uploads\\\/2022\\\/12\\\/bantam-logo.png\",\"width\":320,\"height\":71,\"caption\":\"Bantam Camping AG\"},\"image\":{\"@id\":\"https:\\\/\\\/shop.bantam.ch\\\/de\\\/#\\\/schema\\\/logo\\\/image\\\/\"}}]}<\/script>\n<!-- \/ Yoast SEO plugin. -->","yoast_head_json":{"title":"300 cm Schlauch f\u00fcr Au\u00dfenanschluss - Bantam Camping AG","robots":{"index":"index","follow":"follow","max-snippet":"max-snippet:-1","max-image-preview":"max-image-preview:large","max-video-preview":"max-video-preview:-1"},"canonical":"https:\/\/shop.bantam.ch\/de\/produkt\/300-cm-schlauch-fuer-aussenanschluss\/","og_locale":"de_DE","og_type":"article","og_title":"300 cm Schlauch f\u00fcr Au\u00dfenanschluss - Bantam Camping AG","og_description":"Mit diesem Gasschlauch (300 cm) k\u00f6nnen Sie Ihren Grill direkt mit Ihrem Wohnmobil oder Wohnwagen verbinden. Einfache Verbindung. Schnellkupplung an einer Seite \u2013 einfach an den Au\u00dfenanschluss Ihres Wohnmobils oder Wohnwagens anklicken. Standard 1\/4&#8243; LH BSP-Anschluss an der anderen Seite \u2013 passend f\u00fcr Ihren Grill. Hohe Sicherheitsstandards. Entspricht den h\u00f6chsten europ\u00e4ischen Sicherheitsnormen und Vorschriften. Wir [&hellip;]","og_url":"https:\/\/shop.bantam.ch\/de\/produkt\/300-cm-schlauch-fuer-aussenanschluss\/","og_site_name":"Bantam Camping AG","article_modified_time":"2026-04-17T21:16:58+00:00","og_image":[{"width":800,"height":533,"url":"https:\/\/shop.bantam.ch\/wp-content\/uploads\/2025\/03\/8524.jpg","type":"image\/jpeg"}],"twitter_card":"summary_large_image","schema":{"@context":"https:\/\/schema.org","@graph":[{"@type":"WebPage","@id":"https:\/\/shop.bantam.ch\/de\/produkt\/300-cm-schlauch-fuer-aussenanschluss\/","url":"https:\/\/shop.bantam.ch\/de\/produkt\/300-cm-schlauch-fuer-aussenanschluss\/","name":"300 cm Schlauch f\u00fcr Au\u00dfenanschluss - Bantam Camping AG","isPartOf":{"@id":"https:\/\/shop.bantam.ch\/de\/#website"},"primaryImageOfPage":{"@id":"https:\/\/shop.bantam.ch\/de\/produkt\/300-cm-schlauch-fuer-aussenanschluss\/#primaryimage"},"image":{"@id":"https:\/\/shop.bantam.ch\/de\/produkt\/300-cm-schlauch-fuer-aussenanschluss\/#primaryimage"},"thumbnailUrl":"https:\/\/shop.bantam.ch\/wp-content\/uploads\/2025\/03\/8524.jpg","datePublished":"2025-03-06T10:17:38+00:00","dateModified":"2026-04-17T21:16:58+00:00","breadcrumb":{"@id":"https:\/\/shop.bantam.ch\/de\/produkt\/300-cm-schlauch-fuer-aussenanschluss\/#breadcrumb"},"inLanguage":"de","potentialAction":[{"@type":"ReadAction","target":["https:\/\/shop.bantam.ch\/de\/produkt\/300-cm-schlauch-fuer-aussenanschluss\/"]}]},{"@type":"ImageObject","inLanguage":"de","@id":"https:\/\/shop.bantam.ch\/de\/produkt\/300-cm-schlauch-fuer-aussenanschluss\/#primaryimage","url":"https:\/\/shop.bantam.ch\/wp-content\/uploads\/2025\/03\/8524.jpg","contentUrl":"https:\/\/shop.bantam.ch\/wp-content\/uploads\/2025\/03\/8524.jpg","width":800,"height":533},{"@type":"BreadcrumbList","@id":"https:\/\/shop.bantam.ch\/de\/produkt\/300-cm-schlauch-fuer-aussenanschluss\/#breadcrumb","itemListElement":[{"@type":"ListItem","position":1,"name":"Accueil","item":"https:\/\/shop.bantam.ch\/de\/"},{"@type":"ListItem","position":2,"name":"Shop","item":"https:\/\/shop.bantam.ch\/de\/shop\/"},{"@type":"ListItem","position":3,"name":"300 cm Schlauch f\u00fcr Au\u00dfenanschluss"}]},{"@type":"WebSite","@id":"https:\/\/shop.bantam.ch\/de\/#website","url":"https:\/\/shop.bantam.ch\/de\/","name":"Bantam Camping AG","description":"","publisher":{"@id":"https:\/\/shop.bantam.ch\/de\/#organization"},"inLanguage":"de"},{"@type":"Organization","@id":"https:\/\/shop.bantam.ch\/de\/#organization","name":"Bantam Camping AG","url":"https:\/\/shop.bantam.ch\/de\/","logo":{"@type":"ImageObject","inLanguage":"de","@id":"https:\/\/shop.bantam.ch\/de\/#\/schema\/logo\/image\/","url":"https:\/\/shop.bantam.ch\/wp-content\/uploads\/2022\/12\/bantam-logo.png","contentUrl":"https:\/\/shop.bantam.ch\/wp-content\/uploads\/2022\/12\/bantam-logo.png","width":320,"height":71,"caption":"Bantam Camping AG"},"image":{"@id":"https:\/\/shop.bantam.ch\/de\/#\/schema\/logo\/image\/"}}]}},"_links":{"self":[{"href":"https:\/\/shop.bantam.ch\/de\/wp-json\/wp\/v2\/product\/210141","targetHints":{"allow":["GET"]}}],"collection":[{"href":"https:\/\/shop.bantam.ch\/de\/wp-json\/wp\/v2\/product"}],"about":[{"href":"https:\/\/shop.bantam.ch\/de\/wp-json\/wp\/v2\/types\/product"}],"wp:featuredmedia":[{"embeddable":true,"href":"https:\/\/shop.bantam.ch\/de\/wp-json\/wp\/v2\/media\/210139"}],"wp:attachment":[{"href":"https:\/\/shop.bantam.ch\/de\/wp-json\/wp\/v2\/media?parent=210141"}],"wp:term":[{"taxonomy":"product_featured_cat","embeddable":true,"href":"https:\/\/shop.bantam.ch\/de\/wp-json\/wp\/v2\/product_featured_cat?post=210141"},{"taxonomy":"product_brand","embeddable":true,"href":"https:\/\/shop.bantam.ch\/de\/wp-json\/wp\/v2\/product_brand?post=210141"},{"taxonomy":"product_cat","embeddable":true,"href":"https:\/\/shop.bantam.ch\/de\/wp-json\/wp\/v2\/product_cat?post=210141"},{"taxonomy":"product_tag","embeddable":true,"href":"https:\/\/shop.bantam.ch\/de\/wp-json\/wp\/v2\/product_tag?post=210141"}],"curies":[{"name":"wp","href":"https:\/\/api.w.org\/{rel}","templated":true}]}}