{"id":210137,"date":"2025-03-06T11:08:55","date_gmt":"2025-03-06T10:08:55","guid":{"rendered":"https:\/\/shop.bantam.ch\/produit\/carri-chef-50-bbq-grill2braai\/"},"modified":"2026-04-21T23:21:29","modified_gmt":"2026-04-21T21:21:29","slug":"carri-chef-50-bbq-grill2braai","status":"publish","type":"product","link":"https:\/\/shop.bantam.ch\/de\/produkt\/carri-chef-50-bbq-grill2braai\/","title":{"rendered":"Carri Chef 50 BBQ \/ Grill2Braai"},"content":{"rendered":"<p>Luxuri\u00f6ser All-in-One-Gasgrill mit zahlreichen Kochm\u00f6glichkeiten. Der neue Carri Chef 50 ist ein moderner, tragbarer Gasgrill f\u00fcr alle, die das Kochen im Freien lieben. Mit einer gro\u00dfz\u00fcgigen Grillfl\u00e4che von 46 cm Durchmesser bietet dieser vielseitige Grill genug Platz, um k\u00f6stliche Mahlzeiten im Freien zuzubereiten. Multifunktional und vielseitig. Der Carri Chef 50 ist f\u00fcr eine optimale Nutzung konzipiert. Dank des integrierten h\u00f6henverstellbaren Standfu\u00dfes bleibt der Grill auf jeder Oberfl\u00e4che stabil und waagerecht. Bevorzugen Sie ein kompaktes Tischmodell? Dann nutzen Sie einfach nur die unteren Teile der Beine f\u00fcr eine niedrigere Konfiguration. F\u00fcr mehr Stabilit\u00e4t und zus\u00e4tzlichen Stauraum verf\u00fcgt der Grill \u00fcber einen praktischen Gew\u00fcrzhalter. Zum Lieferumfang geh\u00f6ren. BBQ-Grillrost. Topfhalter. Deckel mit integriertem Thermometer. So k\u00f6nnen Sie sofort mit dem Grillen oder Kochen loslegen. F\u00fcr noch mehr Grillspa\u00df ist der Carri Chef 50 mit zahlreichen optionalen Zubeh\u00f6rteilen erweiterbar \u2013 f\u00fcr Ihr individuelles Grillerlebnis. Das Set enth\u00e4lt zus\u00e4tzlich eine Grill 2 Braai Platte, einen BBQ-Grillrost, einen Topfhalter und einen Deckel mit Thermometer. Ob Grillen, Braten oder Kochen \u2013 dieser vielseitige Grill bietet endlose M\u00f6glichkeiten! Leistungsstark mit gleichm\u00e4\u00dfiger W\u00e4rmeverteilung. Der leistungsstarke Edelstahlbrenner mit Piezoz\u00fcndung sorgt f\u00fcr eine schnelle Erw\u00e4rmung. Dank des integrierten Hitzediffusors unter dem Grillrost wird die Hitze gleichm\u00e4\u00dfig verteilt, sodass Ihre Speisen perfekt gegart werden. Der BBQ-Grillrost ist mit unserer innovativen GreenGrill-Keramikbeschichtung versehen. Diese ist frei von PFAS, sorgt f\u00fcr ges\u00fcnderes Grillen und ist besonders leicht zu reinigen. Mit geschlossenem Deckel verwandelt sich der Grill in einen Ofen \u2013 perfekt f\u00fcr Sandwiches oder Aufl\u00e4ufe. Das Thermometer im Deckel zeigt die Temperatur an. Der Deckel kann zudem als Wind- und Spritzschutz an der R\u00fcckseite des Grills befestigt werden. Einfache Reinigung &amp; kompakte Lagerung. Die emaillierte Fettauffangschale ist herausnehmbar und l\u00e4sst sich leicht mit Seifenwasser reinigen. Der Grill ist benutzerfreundlich und kann schnell auf- und abgebaut werden. Die zweiteiligen Aluminiumf\u00fc\u00dfe lassen sich einfach abschrauben, sodass der Grill kompakt in den mitgelieferten Transporttaschen verstaut werden kann \u2013 ideal f\u00fcr zu Hause und den Urlaub! Ob im Garten oder auf dem Campingplatz \u2013 der Carri Chef 50 bietet die perfekte Kombination aus Komfort, Vielseitigkeit und Qualit\u00e4t. Produktmerkmale. Luxuri\u00f6ser All-in-One-Gasgrill (\u00d8 50 cm). Kann auch als Tischgrill verwendet werden. 2-teilige, verschraubbare Aluminiumf\u00fc\u00dfe. Integrierter h\u00f6henverstellbarer Standfu\u00df. Automatische Piezoz\u00fcndung. Inklusive: Topfhalter, BBQ-Grillrost, Grill 2 Braai Platte &amp; Deckel mit Thermometer. Mit praktischer Transporttasche. 2 Jahre Garantie<\/p>\n","protected":false},"excerpt":{"rendered":"<p>Luxuri\u00f6ser All-in-One-Gasgrill mit zahlreichen Kochm\u00f6glichkeiten. Der neue Carri Chef 50 ist ein moderner, tragbarer Gasgrill f\u00fcr alle, die das Kochen im Freien lieben. Mit einer gro\u00dfz\u00fcgigen Grillfl\u00e4che von 46 cm Durchmesser bietet dieser vielseitige Grill genug Platz, um k\u00f6stliche Mahlzeiten im Freien zuzubereiten. Multifunktional und vielseitig. Der Carri Chef 50 ist f\u00fcr eine optimale Nutzung [&hellip;]<\/p>\n","protected":false},"featured_media":210133,"template":"","meta":{"_acf_changed":false},"product_featured_cat":[],"product_brand":[3669],"product_cat":[4280],"product_tag":[],"class_list":{"0":"post-210137","1":"product","2":"type-product","3":"status-publish","4":"has-post-thumbnail","6":"product_brand-cadac-de","7":"product_cat-gasgrills","9":"first","10":"instock","11":"taxable","12":"shipping-taxable","13":"purchasable","14":"product-type-simple"},"acf":[],"yoast_head":"<!-- This site is optimized with the Yoast SEO plugin v27.4 - https:\/\/yoast.com\/product\/yoast-seo-wordpress\/ -->\n<title>Carri Chef 50 BBQ \/ Grill2Braai - Bantam Camping AG<\/title>\n<meta name=\"robots\" content=\"index, follow, max-snippet:-1, max-image-preview:large, max-video-preview:-1\" \/>\n<link rel=\"canonical\" href=\"https:\/\/shop.bantam.ch\/de\/produkt\/carri-chef-50-bbq-grill2braai\/\" \/>\n<meta property=\"og:locale\" content=\"de_DE\" \/>\n<meta property=\"og:type\" content=\"article\" \/>\n<meta property=\"og:title\" content=\"Carri Chef 50 BBQ \/ Grill2Braai - Bantam Camping AG\" \/>\n<meta property=\"og:description\" content=\"Luxuri\u00f6ser All-in-One-Gasgrill mit zahlreichen Kochm\u00f6glichkeiten. Der neue Carri Chef 50 ist ein moderner, tragbarer Gasgrill f\u00fcr alle, die das Kochen im Freien lieben. Mit einer gro\u00dfz\u00fcgigen Grillfl\u00e4che von 46 cm Durchmesser bietet dieser vielseitige Grill genug Platz, um k\u00f6stliche Mahlzeiten im Freien zuzubereiten. Multifunktional und vielseitig. Der Carri Chef 50 ist f\u00fcr eine optimale Nutzung [&hellip;]\" \/>\n<meta property=\"og:url\" content=\"https:\/\/shop.bantam.ch\/de\/produkt\/carri-chef-50-bbq-grill2braai\/\" \/>\n<meta property=\"og:site_name\" content=\"Bantam Camping AG\" \/>\n<meta property=\"article:modified_time\" content=\"2026-04-21T21:21:29+00:00\" \/>\n<meta property=\"og:image\" content=\"https:\/\/shop.bantam.ch\/wp-content\/uploads\/2025\/03\/8915C-50_Carri_Chef_50_BBQ_Grill_2_Braai_1.jpg\" \/>\n\t<meta property=\"og:image:width\" content=\"800\" \/>\n\t<meta property=\"og:image:height\" content=\"1788\" \/>\n\t<meta property=\"og:image:type\" content=\"image\/jpeg\" \/>\n<meta name=\"twitter:card\" content=\"summary_large_image\" \/>\n<meta name=\"twitter:label1\" content=\"Gesch\u00e4tzte Lesezeit\" \/>\n\t<meta name=\"twitter:data1\" content=\"2\u00a0Minuten\" \/>\n<script type=\"application\/ld+json\" class=\"yoast-schema-graph\">{\"@context\":\"https:\\\/\\\/schema.org\",\"@graph\":[{\"@type\":\"WebPage\",\"@id\":\"https:\\\/\\\/shop.bantam.ch\\\/de\\\/produkt\\\/carri-chef-50-bbq-grill2braai\\\/\",\"url\":\"https:\\\/\\\/shop.bantam.ch\\\/de\\\/produkt\\\/carri-chef-50-bbq-grill2braai\\\/\",\"name\":\"Carri Chef 50 BBQ \\\/ Grill2Braai - Bantam Camping AG\",\"isPartOf\":{\"@id\":\"https:\\\/\\\/shop.bantam.ch\\\/de\\\/#website\"},\"primaryImageOfPage\":{\"@id\":\"https:\\\/\\\/shop.bantam.ch\\\/de\\\/produkt\\\/carri-chef-50-bbq-grill2braai\\\/#primaryimage\"},\"image\":{\"@id\":\"https:\\\/\\\/shop.bantam.ch\\\/de\\\/produkt\\\/carri-chef-50-bbq-grill2braai\\\/#primaryimage\"},\"thumbnailUrl\":\"https:\\\/\\\/shop.bantam.ch\\\/wp-content\\\/uploads\\\/2025\\\/03\\\/8915C-50_Carri_Chef_50_BBQ_Grill_2_Braai_1.jpg\",\"datePublished\":\"2025-03-06T10:08:55+00:00\",\"dateModified\":\"2026-04-21T21:21:29+00:00\",\"breadcrumb\":{\"@id\":\"https:\\\/\\\/shop.bantam.ch\\\/de\\\/produkt\\\/carri-chef-50-bbq-grill2braai\\\/#breadcrumb\"},\"inLanguage\":\"de\",\"potentialAction\":[{\"@type\":\"ReadAction\",\"target\":[\"https:\\\/\\\/shop.bantam.ch\\\/de\\\/produkt\\\/carri-chef-50-bbq-grill2braai\\\/\"]}]},{\"@type\":\"ImageObject\",\"inLanguage\":\"de\",\"@id\":\"https:\\\/\\\/shop.bantam.ch\\\/de\\\/produkt\\\/carri-chef-50-bbq-grill2braai\\\/#primaryimage\",\"url\":\"https:\\\/\\\/shop.bantam.ch\\\/wp-content\\\/uploads\\\/2025\\\/03\\\/8915C-50_Carri_Chef_50_BBQ_Grill_2_Braai_1.jpg\",\"contentUrl\":\"https:\\\/\\\/shop.bantam.ch\\\/wp-content\\\/uploads\\\/2025\\\/03\\\/8915C-50_Carri_Chef_50_BBQ_Grill_2_Braai_1.jpg\",\"width\":800,\"height\":1788},{\"@type\":\"BreadcrumbList\",\"@id\":\"https:\\\/\\\/shop.bantam.ch\\\/de\\\/produkt\\\/carri-chef-50-bbq-grill2braai\\\/#breadcrumb\",\"itemListElement\":[{\"@type\":\"ListItem\",\"position\":1,\"name\":\"Accueil\",\"item\":\"https:\\\/\\\/shop.bantam.ch\\\/de\\\/\"},{\"@type\":\"ListItem\",\"position\":2,\"name\":\"Shop\",\"item\":\"https:\\\/\\\/shop.bantam.ch\\\/de\\\/shop\\\/\"},{\"@type\":\"ListItem\",\"position\":3,\"name\":\"Carri Chef 50 BBQ \\\/ Grill2Braai\"}]},{\"@type\":\"WebSite\",\"@id\":\"https:\\\/\\\/shop.bantam.ch\\\/de\\\/#website\",\"url\":\"https:\\\/\\\/shop.bantam.ch\\\/de\\\/\",\"name\":\"Bantam Camping AG\",\"description\":\"\",\"publisher\":{\"@id\":\"https:\\\/\\\/shop.bantam.ch\\\/de\\\/#organization\"},\"inLanguage\":\"de\"},{\"@type\":\"Organization\",\"@id\":\"https:\\\/\\\/shop.bantam.ch\\\/de\\\/#organization\",\"name\":\"Bantam Camping AG\",\"url\":\"https:\\\/\\\/shop.bantam.ch\\\/de\\\/\",\"logo\":{\"@type\":\"ImageObject\",\"inLanguage\":\"de\",\"@id\":\"https:\\\/\\\/shop.bantam.ch\\\/de\\\/#\\\/schema\\\/logo\\\/image\\\/\",\"url\":\"https:\\\/\\\/shop.bantam.ch\\\/wp-content\\\/uploads\\\/2022\\\/12\\\/bantam-logo.png\",\"contentUrl\":\"https:\\\/\\\/shop.bantam.ch\\\/wp-content\\\/uploads\\\/2022\\\/12\\\/bantam-logo.png\",\"width\":320,\"height\":71,\"caption\":\"Bantam Camping AG\"},\"image\":{\"@id\":\"https:\\\/\\\/shop.bantam.ch\\\/de\\\/#\\\/schema\\\/logo\\\/image\\\/\"}}]}<\/script>\n<!-- \/ Yoast SEO plugin. -->","yoast_head_json":{"title":"Carri Chef 50 BBQ \/ Grill2Braai - Bantam Camping AG","robots":{"index":"index","follow":"follow","max-snippet":"max-snippet:-1","max-image-preview":"max-image-preview:large","max-video-preview":"max-video-preview:-1"},"canonical":"https:\/\/shop.bantam.ch\/de\/produkt\/carri-chef-50-bbq-grill2braai\/","og_locale":"de_DE","og_type":"article","og_title":"Carri Chef 50 BBQ \/ Grill2Braai - Bantam Camping AG","og_description":"Luxuri\u00f6ser All-in-One-Gasgrill mit zahlreichen Kochm\u00f6glichkeiten. Der neue Carri Chef 50 ist ein moderner, tragbarer Gasgrill f\u00fcr alle, die das Kochen im Freien lieben. Mit einer gro\u00dfz\u00fcgigen Grillfl\u00e4che von 46 cm Durchmesser bietet dieser vielseitige Grill genug Platz, um k\u00f6stliche Mahlzeiten im Freien zuzubereiten. Multifunktional und vielseitig. Der Carri Chef 50 ist f\u00fcr eine optimale Nutzung [&hellip;]","og_url":"https:\/\/shop.bantam.ch\/de\/produkt\/carri-chef-50-bbq-grill2braai\/","og_site_name":"Bantam Camping AG","article_modified_time":"2026-04-21T21:21:29+00:00","og_image":[{"width":800,"height":1788,"url":"https:\/\/shop.bantam.ch\/wp-content\/uploads\/2025\/03\/8915C-50_Carri_Chef_50_BBQ_Grill_2_Braai_1.jpg","type":"image\/jpeg"}],"twitter_card":"summary_large_image","twitter_misc":{"Gesch\u00e4tzte Lesezeit":"2\u00a0Minuten"},"schema":{"@context":"https:\/\/schema.org","@graph":[{"@type":"WebPage","@id":"https:\/\/shop.bantam.ch\/de\/produkt\/carri-chef-50-bbq-grill2braai\/","url":"https:\/\/shop.bantam.ch\/de\/produkt\/carri-chef-50-bbq-grill2braai\/","name":"Carri Chef 50 BBQ \/ Grill2Braai - Bantam Camping AG","isPartOf":{"@id":"https:\/\/shop.bantam.ch\/de\/#website"},"primaryImageOfPage":{"@id":"https:\/\/shop.bantam.ch\/de\/produkt\/carri-chef-50-bbq-grill2braai\/#primaryimage"},"image":{"@id":"https:\/\/shop.bantam.ch\/de\/produkt\/carri-chef-50-bbq-grill2braai\/#primaryimage"},"thumbnailUrl":"https:\/\/shop.bantam.ch\/wp-content\/uploads\/2025\/03\/8915C-50_Carri_Chef_50_BBQ_Grill_2_Braai_1.jpg","datePublished":"2025-03-06T10:08:55+00:00","dateModified":"2026-04-21T21:21:29+00:00","breadcrumb":{"@id":"https:\/\/shop.bantam.ch\/de\/produkt\/carri-chef-50-bbq-grill2braai\/#breadcrumb"},"inLanguage":"de","potentialAction":[{"@type":"ReadAction","target":["https:\/\/shop.bantam.ch\/de\/produkt\/carri-chef-50-bbq-grill2braai\/"]}]},{"@type":"ImageObject","inLanguage":"de","@id":"https:\/\/shop.bantam.ch\/de\/produkt\/carri-chef-50-bbq-grill2braai\/#primaryimage","url":"https:\/\/shop.bantam.ch\/wp-content\/uploads\/2025\/03\/8915C-50_Carri_Chef_50_BBQ_Grill_2_Braai_1.jpg","contentUrl":"https:\/\/shop.bantam.ch\/wp-content\/uploads\/2025\/03\/8915C-50_Carri_Chef_50_BBQ_Grill_2_Braai_1.jpg","width":800,"height":1788},{"@type":"BreadcrumbList","@id":"https:\/\/shop.bantam.ch\/de\/produkt\/carri-chef-50-bbq-grill2braai\/#breadcrumb","itemListElement":[{"@type":"ListItem","position":1,"name":"Accueil","item":"https:\/\/shop.bantam.ch\/de\/"},{"@type":"ListItem","position":2,"name":"Shop","item":"https:\/\/shop.bantam.ch\/de\/shop\/"},{"@type":"ListItem","position":3,"name":"Carri Chef 50 BBQ \/ Grill2Braai"}]},{"@type":"WebSite","@id":"https:\/\/shop.bantam.ch\/de\/#website","url":"https:\/\/shop.bantam.ch\/de\/","name":"Bantam Camping AG","description":"","publisher":{"@id":"https:\/\/shop.bantam.ch\/de\/#organization"},"inLanguage":"de"},{"@type":"Organization","@id":"https:\/\/shop.bantam.ch\/de\/#organization","name":"Bantam Camping AG","url":"https:\/\/shop.bantam.ch\/de\/","logo":{"@type":"ImageObject","inLanguage":"de","@id":"https:\/\/shop.bantam.ch\/de\/#\/schema\/logo\/image\/","url":"https:\/\/shop.bantam.ch\/wp-content\/uploads\/2022\/12\/bantam-logo.png","contentUrl":"https:\/\/shop.bantam.ch\/wp-content\/uploads\/2022\/12\/bantam-logo.png","width":320,"height":71,"caption":"Bantam Camping AG"},"image":{"@id":"https:\/\/shop.bantam.ch\/de\/#\/schema\/logo\/image\/"}}]}},"_links":{"self":[{"href":"https:\/\/shop.bantam.ch\/de\/wp-json\/wp\/v2\/product\/210137","targetHints":{"allow":["GET"]}}],"collection":[{"href":"https:\/\/shop.bantam.ch\/de\/wp-json\/wp\/v2\/product"}],"about":[{"href":"https:\/\/shop.bantam.ch\/de\/wp-json\/wp\/v2\/types\/product"}],"wp:featuredmedia":[{"embeddable":true,"href":"https:\/\/shop.bantam.ch\/de\/wp-json\/wp\/v2\/media\/210133"}],"wp:attachment":[{"href":"https:\/\/shop.bantam.ch\/de\/wp-json\/wp\/v2\/media?parent=210137"}],"wp:term":[{"taxonomy":"product_featured_cat","embeddable":true,"href":"https:\/\/shop.bantam.ch\/de\/wp-json\/wp\/v2\/product_featured_cat?post=210137"},{"taxonomy":"product_brand","embeddable":true,"href":"https:\/\/shop.bantam.ch\/de\/wp-json\/wp\/v2\/product_brand?post=210137"},{"taxonomy":"product_cat","embeddable":true,"href":"https:\/\/shop.bantam.ch\/de\/wp-json\/wp\/v2\/product_cat?post=210137"},{"taxonomy":"product_tag","embeddable":true,"href":"https:\/\/shop.bantam.ch\/de\/wp-json\/wp\/v2\/product_tag?post=210137"}],"curies":[{"name":"wp","href":"https:\/\/api.w.org\/{rel}","templated":true}]}}