{"id":210131,"date":"2025-03-06T10:57:35","date_gmt":"2025-03-06T09:57:35","guid":{"rendered":"https:\/\/shop.bantam.ch\/produit\/carri-chef-40-bbq-dome-30-mbar\/"},"modified":"2026-04-18T23:20:05","modified_gmt":"2026-04-18T21:20:05","slug":"carri-chef-40-bbq-dome-30-mbar","status":"publish","type":"product","link":"https:\/\/shop.bantam.ch\/de\/produkt\/carri-chef-40-bbq-dome-30-mbar\/","title":{"rendered":"Carri Chef 40 BBQ\/Dome 30 mbar"},"content":{"rendered":"<p>Mobiler Gasgrill. Der Carri Chef 40 ist der ideale Grill f\u00fcr den Au\u00dfenbereich. Der leistungsstarke Edelstahlbrenner mit piezoelektrischer Z\u00fcndung sorgt f\u00fcr die richtige Temperatur. Mit geschlossenem Deckel verwandelt sich der Grill in einen Ofen \u2013 perfekt zum Backen oder Braten. Platziert man den Deckel an der Seite der Fettauffangschale, dient er zudem als Windschutz.<br \/>\nDiese leichte und mittelgro\u00dfe Grillserie ist mit einer piezoelektrischen Druckknopfz\u00fcndung und einer pr\u00e4zisen. emperaturregelung ausgestattet, sodass Sie in wenigen Minuten perfekte Grillergebnisse erzielen. Der Carri Chef 40 ist robust, kompakt und tragbar \u2013 ideal zum Grillen von Fleisch, Fisch oder Gem\u00fcse. Gleichm\u00e4\u00dfige Hitzeverteilung &amp; ges\u00fcnderes Grillen. Dank des integrierten Hitzediffusors unter dem Grillrost wird die W\u00e4rme gleichm\u00e4\u00dfig \u00fcber die gesamte Grillfl\u00e4che verteilt. Der BBQ-Grillrost und die Kochplatte sind mit der CADAC GreenGrill-Keramikbeschichtung versehen \u2013 eine PFOA-freie, langlebige und umweltfreundliche Beschichtung, die f\u00fcr ges\u00fcnderes Grillen und eine einfache Reinigung sorgt. Die herausnehmbare Fettauffangschale l\u00e4sst sich m\u00fchelos mit Seifenwasser reinigen. Au\u00dferdem ist einer der Standf\u00fc\u00dfe h\u00f6henverstellbar, sodass der Grill auf jeder Oberfl\u00e4che problemlos nivelliert werden kann. Hinweis: Die Gasflasche, der Druckregler und\/oder das Power Pak sind nicht im Lieferumfang enthalten. Produktmerkmale. Mobiler Gasgrill (\u00d8 40 cm). H\u00f6henverstellbarer Standfu\u00df. Automatische Piezoz\u00fcndung. Deckel kann als Windschutz genutzt werden. Inklusive: Topfhalter, Grillrost und Deckel. Mit praktischer Transporttasche. 2 Jahre Garantie<\/p>\n","protected":false},"excerpt":{"rendered":"<p>Mobiler Gasgrill. Der Carri Chef 40 ist der ideale Grill f\u00fcr den Au\u00dfenbereich. Der leistungsstarke Edelstahlbrenner mit piezoelektrischer Z\u00fcndung sorgt f\u00fcr die richtige Temperatur. Mit geschlossenem Deckel verwandelt sich der Grill in einen Ofen \u2013 perfekt zum Backen oder Braten. Platziert man den Deckel an der Seite der Fettauffangschale, dient er zudem als Windschutz. Diese [&hellip;]<\/p>\n","protected":false},"featured_media":210121,"template":"","meta":{"_acf_changed":false},"product_featured_cat":[],"product_brand":[3669],"product_cat":[4280],"product_tag":[],"class_list":{"0":"post-210131","1":"product","2":"type-product","3":"status-publish","4":"has-post-thumbnail","6":"product_brand-cadac-de","7":"product_cat-gasgrills","9":"first","10":"instock","11":"taxable","12":"shipping-taxable","13":"purchasable","14":"product-type-simple"},"acf":[],"yoast_head":"<!-- This site is optimized with the Yoast SEO plugin v27.4 - https:\/\/yoast.com\/product\/yoast-seo-wordpress\/ -->\n<title>Carri Chef 40 BBQ\/Dome 30 mbar - Bantam Camping AG<\/title>\n<meta name=\"robots\" content=\"index, follow, max-snippet:-1, max-image-preview:large, max-video-preview:-1\" \/>\n<link rel=\"canonical\" href=\"https:\/\/shop.bantam.ch\/de\/produkt\/carri-chef-40-bbq-dome-30-mbar\/\" \/>\n<meta property=\"og:locale\" content=\"de_DE\" \/>\n<meta property=\"og:type\" content=\"article\" \/>\n<meta property=\"og:title\" content=\"Carri Chef 40 BBQ\/Dome 30 mbar - Bantam Camping AG\" \/>\n<meta property=\"og:description\" content=\"Mobiler Gasgrill. Der Carri Chef 40 ist der ideale Grill f\u00fcr den Au\u00dfenbereich. Der leistungsstarke Edelstahlbrenner mit piezoelektrischer Z\u00fcndung sorgt f\u00fcr die richtige Temperatur. Mit geschlossenem Deckel verwandelt sich der Grill in einen Ofen \u2013 perfekt zum Backen oder Braten. Platziert man den Deckel an der Seite der Fettauffangschale, dient er zudem als Windschutz. Diese [&hellip;]\" \/>\n<meta property=\"og:url\" content=\"https:\/\/shop.bantam.ch\/de\/produkt\/carri-chef-40-bbq-dome-30-mbar\/\" \/>\n<meta property=\"og:site_name\" content=\"Bantam Camping AG\" \/>\n<meta property=\"article:modified_time\" content=\"2026-04-18T21:20:05+00:00\" \/>\n<meta property=\"og:image\" content=\"https:\/\/shop.bantam.ch\/wp-content\/uploads\/2025\/03\/8905_Carri_Chef_40_1.jpg\" \/>\n\t<meta property=\"og:image:width\" content=\"800\" \/>\n\t<meta property=\"og:image:height\" content=\"800\" \/>\n\t<meta property=\"og:image:type\" content=\"image\/jpeg\" \/>\n<meta name=\"twitter:card\" content=\"summary_large_image\" \/>\n<meta name=\"twitter:label1\" content=\"Gesch\u00e4tzte Lesezeit\" \/>\n\t<meta name=\"twitter:data1\" content=\"1\u00a0Minute\" \/>\n<script type=\"application\/ld+json\" class=\"yoast-schema-graph\">{\"@context\":\"https:\\\/\\\/schema.org\",\"@graph\":[{\"@type\":\"WebPage\",\"@id\":\"https:\\\/\\\/shop.bantam.ch\\\/de\\\/produkt\\\/carri-chef-40-bbq-dome-30-mbar\\\/\",\"url\":\"https:\\\/\\\/shop.bantam.ch\\\/de\\\/produkt\\\/carri-chef-40-bbq-dome-30-mbar\\\/\",\"name\":\"Carri Chef 40 BBQ\\\/Dome 30 mbar - Bantam Camping AG\",\"isPartOf\":{\"@id\":\"https:\\\/\\\/shop.bantam.ch\\\/de\\\/#website\"},\"primaryImageOfPage\":{\"@id\":\"https:\\\/\\\/shop.bantam.ch\\\/de\\\/produkt\\\/carri-chef-40-bbq-dome-30-mbar\\\/#primaryimage\"},\"image\":{\"@id\":\"https:\\\/\\\/shop.bantam.ch\\\/de\\\/produkt\\\/carri-chef-40-bbq-dome-30-mbar\\\/#primaryimage\"},\"thumbnailUrl\":\"https:\\\/\\\/shop.bantam.ch\\\/wp-content\\\/uploads\\\/2025\\\/03\\\/8905_Carri_Chef_40_1.jpg\",\"datePublished\":\"2025-03-06T09:57:35+00:00\",\"dateModified\":\"2026-04-18T21:20:05+00:00\",\"breadcrumb\":{\"@id\":\"https:\\\/\\\/shop.bantam.ch\\\/de\\\/produkt\\\/carri-chef-40-bbq-dome-30-mbar\\\/#breadcrumb\"},\"inLanguage\":\"de\",\"potentialAction\":[{\"@type\":\"ReadAction\",\"target\":[\"https:\\\/\\\/shop.bantam.ch\\\/de\\\/produkt\\\/carri-chef-40-bbq-dome-30-mbar\\\/\"]}]},{\"@type\":\"ImageObject\",\"inLanguage\":\"de\",\"@id\":\"https:\\\/\\\/shop.bantam.ch\\\/de\\\/produkt\\\/carri-chef-40-bbq-dome-30-mbar\\\/#primaryimage\",\"url\":\"https:\\\/\\\/shop.bantam.ch\\\/wp-content\\\/uploads\\\/2025\\\/03\\\/8905_Carri_Chef_40_1.jpg\",\"contentUrl\":\"https:\\\/\\\/shop.bantam.ch\\\/wp-content\\\/uploads\\\/2025\\\/03\\\/8905_Carri_Chef_40_1.jpg\",\"width\":800,\"height\":800},{\"@type\":\"BreadcrumbList\",\"@id\":\"https:\\\/\\\/shop.bantam.ch\\\/de\\\/produkt\\\/carri-chef-40-bbq-dome-30-mbar\\\/#breadcrumb\",\"itemListElement\":[{\"@type\":\"ListItem\",\"position\":1,\"name\":\"Accueil\",\"item\":\"https:\\\/\\\/shop.bantam.ch\\\/de\\\/\"},{\"@type\":\"ListItem\",\"position\":2,\"name\":\"Shop\",\"item\":\"https:\\\/\\\/shop.bantam.ch\\\/de\\\/shop\\\/\"},{\"@type\":\"ListItem\",\"position\":3,\"name\":\"Carri Chef 40 BBQ\\\/Dome 30 mbar\"}]},{\"@type\":\"WebSite\",\"@id\":\"https:\\\/\\\/shop.bantam.ch\\\/de\\\/#website\",\"url\":\"https:\\\/\\\/shop.bantam.ch\\\/de\\\/\",\"name\":\"Bantam Camping AG\",\"description\":\"\",\"publisher\":{\"@id\":\"https:\\\/\\\/shop.bantam.ch\\\/de\\\/#organization\"},\"inLanguage\":\"de\"},{\"@type\":\"Organization\",\"@id\":\"https:\\\/\\\/shop.bantam.ch\\\/de\\\/#organization\",\"name\":\"Bantam Camping AG\",\"url\":\"https:\\\/\\\/shop.bantam.ch\\\/de\\\/\",\"logo\":{\"@type\":\"ImageObject\",\"inLanguage\":\"de\",\"@id\":\"https:\\\/\\\/shop.bantam.ch\\\/de\\\/#\\\/schema\\\/logo\\\/image\\\/\",\"url\":\"https:\\\/\\\/shop.bantam.ch\\\/wp-content\\\/uploads\\\/2022\\\/12\\\/bantam-logo.png\",\"contentUrl\":\"https:\\\/\\\/shop.bantam.ch\\\/wp-content\\\/uploads\\\/2022\\\/12\\\/bantam-logo.png\",\"width\":320,\"height\":71,\"caption\":\"Bantam Camping AG\"},\"image\":{\"@id\":\"https:\\\/\\\/shop.bantam.ch\\\/de\\\/#\\\/schema\\\/logo\\\/image\\\/\"}}]}<\/script>\n<!-- \/ Yoast SEO plugin. -->","yoast_head_json":{"title":"Carri Chef 40 BBQ\/Dome 30 mbar - Bantam Camping AG","robots":{"index":"index","follow":"follow","max-snippet":"max-snippet:-1","max-image-preview":"max-image-preview:large","max-video-preview":"max-video-preview:-1"},"canonical":"https:\/\/shop.bantam.ch\/de\/produkt\/carri-chef-40-bbq-dome-30-mbar\/","og_locale":"de_DE","og_type":"article","og_title":"Carri Chef 40 BBQ\/Dome 30 mbar - Bantam Camping AG","og_description":"Mobiler Gasgrill. Der Carri Chef 40 ist der ideale Grill f\u00fcr den Au\u00dfenbereich. Der leistungsstarke Edelstahlbrenner mit piezoelektrischer Z\u00fcndung sorgt f\u00fcr die richtige Temperatur. Mit geschlossenem Deckel verwandelt sich der Grill in einen Ofen \u2013 perfekt zum Backen oder Braten. Platziert man den Deckel an der Seite der Fettauffangschale, dient er zudem als Windschutz. Diese [&hellip;]","og_url":"https:\/\/shop.bantam.ch\/de\/produkt\/carri-chef-40-bbq-dome-30-mbar\/","og_site_name":"Bantam Camping AG","article_modified_time":"2026-04-18T21:20:05+00:00","og_image":[{"width":800,"height":800,"url":"https:\/\/shop.bantam.ch\/wp-content\/uploads\/2025\/03\/8905_Carri_Chef_40_1.jpg","type":"image\/jpeg"}],"twitter_card":"summary_large_image","twitter_misc":{"Gesch\u00e4tzte Lesezeit":"1\u00a0Minute"},"schema":{"@context":"https:\/\/schema.org","@graph":[{"@type":"WebPage","@id":"https:\/\/shop.bantam.ch\/de\/produkt\/carri-chef-40-bbq-dome-30-mbar\/","url":"https:\/\/shop.bantam.ch\/de\/produkt\/carri-chef-40-bbq-dome-30-mbar\/","name":"Carri Chef 40 BBQ\/Dome 30 mbar - Bantam Camping AG","isPartOf":{"@id":"https:\/\/shop.bantam.ch\/de\/#website"},"primaryImageOfPage":{"@id":"https:\/\/shop.bantam.ch\/de\/produkt\/carri-chef-40-bbq-dome-30-mbar\/#primaryimage"},"image":{"@id":"https:\/\/shop.bantam.ch\/de\/produkt\/carri-chef-40-bbq-dome-30-mbar\/#primaryimage"},"thumbnailUrl":"https:\/\/shop.bantam.ch\/wp-content\/uploads\/2025\/03\/8905_Carri_Chef_40_1.jpg","datePublished":"2025-03-06T09:57:35+00:00","dateModified":"2026-04-18T21:20:05+00:00","breadcrumb":{"@id":"https:\/\/shop.bantam.ch\/de\/produkt\/carri-chef-40-bbq-dome-30-mbar\/#breadcrumb"},"inLanguage":"de","potentialAction":[{"@type":"ReadAction","target":["https:\/\/shop.bantam.ch\/de\/produkt\/carri-chef-40-bbq-dome-30-mbar\/"]}]},{"@type":"ImageObject","inLanguage":"de","@id":"https:\/\/shop.bantam.ch\/de\/produkt\/carri-chef-40-bbq-dome-30-mbar\/#primaryimage","url":"https:\/\/shop.bantam.ch\/wp-content\/uploads\/2025\/03\/8905_Carri_Chef_40_1.jpg","contentUrl":"https:\/\/shop.bantam.ch\/wp-content\/uploads\/2025\/03\/8905_Carri_Chef_40_1.jpg","width":800,"height":800},{"@type":"BreadcrumbList","@id":"https:\/\/shop.bantam.ch\/de\/produkt\/carri-chef-40-bbq-dome-30-mbar\/#breadcrumb","itemListElement":[{"@type":"ListItem","position":1,"name":"Accueil","item":"https:\/\/shop.bantam.ch\/de\/"},{"@type":"ListItem","position":2,"name":"Shop","item":"https:\/\/shop.bantam.ch\/de\/shop\/"},{"@type":"ListItem","position":3,"name":"Carri Chef 40 BBQ\/Dome 30 mbar"}]},{"@type":"WebSite","@id":"https:\/\/shop.bantam.ch\/de\/#website","url":"https:\/\/shop.bantam.ch\/de\/","name":"Bantam Camping AG","description":"","publisher":{"@id":"https:\/\/shop.bantam.ch\/de\/#organization"},"inLanguage":"de"},{"@type":"Organization","@id":"https:\/\/shop.bantam.ch\/de\/#organization","name":"Bantam Camping AG","url":"https:\/\/shop.bantam.ch\/de\/","logo":{"@type":"ImageObject","inLanguage":"de","@id":"https:\/\/shop.bantam.ch\/de\/#\/schema\/logo\/image\/","url":"https:\/\/shop.bantam.ch\/wp-content\/uploads\/2022\/12\/bantam-logo.png","contentUrl":"https:\/\/shop.bantam.ch\/wp-content\/uploads\/2022\/12\/bantam-logo.png","width":320,"height":71,"caption":"Bantam Camping AG"},"image":{"@id":"https:\/\/shop.bantam.ch\/de\/#\/schema\/logo\/image\/"}}]}},"_links":{"self":[{"href":"https:\/\/shop.bantam.ch\/de\/wp-json\/wp\/v2\/product\/210131","targetHints":{"allow":["GET"]}}],"collection":[{"href":"https:\/\/shop.bantam.ch\/de\/wp-json\/wp\/v2\/product"}],"about":[{"href":"https:\/\/shop.bantam.ch\/de\/wp-json\/wp\/v2\/types\/product"}],"wp:featuredmedia":[{"embeddable":true,"href":"https:\/\/shop.bantam.ch\/de\/wp-json\/wp\/v2\/media\/210121"}],"wp:attachment":[{"href":"https:\/\/shop.bantam.ch\/de\/wp-json\/wp\/v2\/media?parent=210131"}],"wp:term":[{"taxonomy":"product_featured_cat","embeddable":true,"href":"https:\/\/shop.bantam.ch\/de\/wp-json\/wp\/v2\/product_featured_cat?post=210131"},{"taxonomy":"product_brand","embeddable":true,"href":"https:\/\/shop.bantam.ch\/de\/wp-json\/wp\/v2\/product_brand?post=210131"},{"taxonomy":"product_cat","embeddable":true,"href":"https:\/\/shop.bantam.ch\/de\/wp-json\/wp\/v2\/product_cat?post=210131"},{"taxonomy":"product_tag","embeddable":true,"href":"https:\/\/shop.bantam.ch\/de\/wp-json\/wp\/v2\/product_tag?post=210131"}],"curies":[{"name":"wp","href":"https:\/\/api.w.org\/{rel}","templated":true}]}}