{"id":210094,"date":"2025-03-06T10:17:04","date_gmt":"2025-03-06T09:17:04","guid":{"rendered":"https:\/\/shop.bantam.ch\/produit\/3-cook-turbo-ffd-deluxe\/"},"modified":"2026-04-21T23:21:22","modified_gmt":"2026-04-21T21:21:22","slug":"3-cook-turbo-ffd-deluxe","status":"publish","type":"product","link":"https:\/\/shop.bantam.ch\/de\/produkt\/3-cook-turbo-ffd-deluxe\/","title":{"rendered":"3 Cook Turbo FFD Deluxe"},"content":{"rendered":"<p>Luxus-Gaskocher f\u00fcr den Campingurlaub. Bereiten Sie auf Reisen die vielf\u00e4ltigsten und vollst\u00e4ndigsten Mahlzeiten mit dem 3 Cook Turbo FFD zu. Ausgestattet mit drei hochwertigen Brennern, darunter ein kleinerer f\u00fcr T\u00f6pfe mit einem maximalen Durchmesser von 16 cm, umfasst dieser Gaskocher drei Topfst\u00fctzen, eine Kaffeekannenhalterung, zwei Kochplatten (eine glatte und eine geriffelte) mit GreenGrill-Keramik-Antihaftbeschichtung f\u00fcr eine einfache Reinigung sowie einen praktischen abnehmbaren Griff f\u00fcr eine m\u00fchelose Handhabung. Sicheres Kochen dank Flammenschutzvorrichtung (FFD). Wie die anderen Ger\u00e4te der Turbo-Serie verf\u00fcgt auch der 3 Cook Turbo \u00fcber eine Flammenschutzvorrichtung, auch als Flame Failure Device (FFD oder Thermoelement) bekannt. Der FFD unterbricht automatisch die Gaszufuhr, falls die Flamme pl\u00f6tzlich erlischt. Dadurch ist eine sichere Nutzung sowohl im Innen- als auch im Au\u00dfenbereich gew\u00e4hrleistet \u2013 besonders praktisch bei schlechtem Wetter. Leistungsstarke und effiziente Turbo-Brenner. Dank ihres einzigartigen Designs erzeugen die Turbo-Brenner eine konzentrierte W\u00e4rmeleistung, die eine deutlich schnellere Aufheizzeit erm\u00f6glicht als herk\u00f6mmliche Ger\u00e4te. Diese Effizienz reduziert den Gasverbrauch und die Kochzeit um bis zu 20 %. Zwei seitlich angebrachte Windschutzblenden sorgen f\u00fcr zus\u00e4tzlichen Schutz. Kompakt, tragbar und vielseitig. Dank rutschfester Gummif\u00fc\u00dfe bleibt dieser Gaskocher auf jeder Oberfl\u00e4che stabil und verhindert ein Verrutschen w\u00e4hrend des Kochens. Trotz seiner drei Brenner bleibt der Gaskocher kompakt und leicht zu transportieren. Die Kochplatten lassen sich nach Gebrauch unter dem Ger\u00e4t verstauen, w\u00e4hrend die integrierten Griffe und die mitgelieferte Tragetasche f\u00fcr einfaches Verstauen und Transport sorgen. Luxus-Gaskocher mit 3 Turbo-Brennern. Flammenschutzvorrichtung (FFD oder Thermoelement) f\u00fcr erh\u00f6hte Sicherheit. F\u00fcr den Innen- und Au\u00dfeneinsatz geeignet. Geh\u00e4use aus Nylon, Brennerbasis aus Edelstahl. Automatische Z\u00fcndung. Inklusive: 3 Topfst\u00fctzen, glatte Grillplatte, geriffelte Grillplatte, abnehmbarer Griff, Kaffeekannenhalterung und Windschutzblenden. Praktische Transporttasche im Lieferumfang enthalten. 2 Jahre Garantie<\/p>\n","protected":false},"excerpt":{"rendered":"<p>Luxus-Gaskocher f\u00fcr den Campingurlaub. Bereiten Sie auf Reisen die vielf\u00e4ltigsten und vollst\u00e4ndigsten Mahlzeiten mit dem 3 Cook Turbo FFD zu. Ausgestattet mit drei hochwertigen Brennern, darunter ein kleinerer f\u00fcr T\u00f6pfe mit einem maximalen Durchmesser von 16 cm, umfasst dieser Gaskocher drei Topfst\u00fctzen, eine Kaffeekannenhalterung, zwei Kochplatten (eine glatte und eine geriffelte) mit GreenGrill-Keramik-Antihaftbeschichtung f\u00fcr eine [&hellip;]<\/p>\n","protected":false},"featured_media":210084,"template":"","meta":{"_acf_changed":false},"product_featured_cat":[],"product_brand":[3669],"product_cat":[4280],"product_tag":[],"class_list":{"0":"post-210094","1":"product","2":"type-product","3":"status-publish","4":"has-post-thumbnail","6":"product_brand-cadac-de","7":"product_cat-gasgrills","9":"first","10":"instock","11":"taxable","12":"shipping-taxable","13":"purchasable","14":"product-type-simple"},"acf":[],"yoast_head":"<!-- This site is optimized with the Yoast SEO plugin v27.4 - https:\/\/yoast.com\/product\/yoast-seo-wordpress\/ -->\n<title>3 Cook Turbo FFD Deluxe - Bantam Camping AG<\/title>\n<meta name=\"robots\" content=\"index, follow, max-snippet:-1, max-image-preview:large, max-video-preview:-1\" \/>\n<link rel=\"canonical\" href=\"https:\/\/shop.bantam.ch\/de\/produkt\/3-cook-turbo-ffd-deluxe\/\" \/>\n<meta property=\"og:locale\" content=\"de_DE\" \/>\n<meta property=\"og:type\" content=\"article\" \/>\n<meta property=\"og:title\" content=\"3 Cook Turbo FFD Deluxe - Bantam Camping AG\" \/>\n<meta property=\"og:description\" content=\"Luxus-Gaskocher f\u00fcr den Campingurlaub. Bereiten Sie auf Reisen die vielf\u00e4ltigsten und vollst\u00e4ndigsten Mahlzeiten mit dem 3 Cook Turbo FFD zu. Ausgestattet mit drei hochwertigen Brennern, darunter ein kleinerer f\u00fcr T\u00f6pfe mit einem maximalen Durchmesser von 16 cm, umfasst dieser Gaskocher drei Topfst\u00fctzen, eine Kaffeekannenhalterung, zwei Kochplatten (eine glatte und eine geriffelte) mit GreenGrill-Keramik-Antihaftbeschichtung f\u00fcr eine [&hellip;]\" \/>\n<meta property=\"og:url\" content=\"https:\/\/shop.bantam.ch\/de\/produkt\/3-cook-turbo-ffd-deluxe\/\" \/>\n<meta property=\"og:site_name\" content=\"Bantam Camping AG\" \/>\n<meta property=\"article:modified_time\" content=\"2026-04-21T21:21:22+00:00\" \/>\n<meta property=\"og:image\" content=\"https:\/\/shop.bantam.ch\/wp-content\/uploads\/2025\/03\/303FC-20_3_Cook_Turbo_FFD_Deluxe.jpg\" \/>\n\t<meta property=\"og:image:width\" content=\"800\" \/>\n\t<meta property=\"og:image:height\" content=\"508\" \/>\n\t<meta property=\"og:image:type\" content=\"image\/jpeg\" \/>\n<meta name=\"twitter:card\" content=\"summary_large_image\" \/>\n<meta name=\"twitter:label1\" content=\"Gesch\u00e4tzte Lesezeit\" \/>\n\t<meta name=\"twitter:data1\" content=\"1\u00a0Minute\" \/>\n<script type=\"application\/ld+json\" class=\"yoast-schema-graph\">{\"@context\":\"https:\\\/\\\/schema.org\",\"@graph\":[{\"@type\":\"WebPage\",\"@id\":\"https:\\\/\\\/shop.bantam.ch\\\/de\\\/produkt\\\/3-cook-turbo-ffd-deluxe\\\/\",\"url\":\"https:\\\/\\\/shop.bantam.ch\\\/de\\\/produkt\\\/3-cook-turbo-ffd-deluxe\\\/\",\"name\":\"3 Cook Turbo FFD Deluxe - Bantam Camping AG\",\"isPartOf\":{\"@id\":\"https:\\\/\\\/shop.bantam.ch\\\/de\\\/#website\"},\"primaryImageOfPage\":{\"@id\":\"https:\\\/\\\/shop.bantam.ch\\\/de\\\/produkt\\\/3-cook-turbo-ffd-deluxe\\\/#primaryimage\"},\"image\":{\"@id\":\"https:\\\/\\\/shop.bantam.ch\\\/de\\\/produkt\\\/3-cook-turbo-ffd-deluxe\\\/#primaryimage\"},\"thumbnailUrl\":\"https:\\\/\\\/shop.bantam.ch\\\/wp-content\\\/uploads\\\/2025\\\/03\\\/303FC-20_3_Cook_Turbo_FFD_Deluxe.jpg\",\"datePublished\":\"2025-03-06T09:17:04+00:00\",\"dateModified\":\"2026-04-21T21:21:22+00:00\",\"breadcrumb\":{\"@id\":\"https:\\\/\\\/shop.bantam.ch\\\/de\\\/produkt\\\/3-cook-turbo-ffd-deluxe\\\/#breadcrumb\"},\"inLanguage\":\"de\",\"potentialAction\":[{\"@type\":\"ReadAction\",\"target\":[\"https:\\\/\\\/shop.bantam.ch\\\/de\\\/produkt\\\/3-cook-turbo-ffd-deluxe\\\/\"]}]},{\"@type\":\"ImageObject\",\"inLanguage\":\"de\",\"@id\":\"https:\\\/\\\/shop.bantam.ch\\\/de\\\/produkt\\\/3-cook-turbo-ffd-deluxe\\\/#primaryimage\",\"url\":\"https:\\\/\\\/shop.bantam.ch\\\/wp-content\\\/uploads\\\/2025\\\/03\\\/303FC-20_3_Cook_Turbo_FFD_Deluxe.jpg\",\"contentUrl\":\"https:\\\/\\\/shop.bantam.ch\\\/wp-content\\\/uploads\\\/2025\\\/03\\\/303FC-20_3_Cook_Turbo_FFD_Deluxe.jpg\",\"width\":800,\"height\":508},{\"@type\":\"BreadcrumbList\",\"@id\":\"https:\\\/\\\/shop.bantam.ch\\\/de\\\/produkt\\\/3-cook-turbo-ffd-deluxe\\\/#breadcrumb\",\"itemListElement\":[{\"@type\":\"ListItem\",\"position\":1,\"name\":\"Accueil\",\"item\":\"https:\\\/\\\/shop.bantam.ch\\\/de\\\/\"},{\"@type\":\"ListItem\",\"position\":2,\"name\":\"Shop\",\"item\":\"https:\\\/\\\/shop.bantam.ch\\\/de\\\/shop\\\/\"},{\"@type\":\"ListItem\",\"position\":3,\"name\":\"3 Cook Turbo FFD Deluxe\"}]},{\"@type\":\"WebSite\",\"@id\":\"https:\\\/\\\/shop.bantam.ch\\\/de\\\/#website\",\"url\":\"https:\\\/\\\/shop.bantam.ch\\\/de\\\/\",\"name\":\"Bantam Camping AG\",\"description\":\"\",\"publisher\":{\"@id\":\"https:\\\/\\\/shop.bantam.ch\\\/de\\\/#organization\"},\"inLanguage\":\"de\"},{\"@type\":\"Organization\",\"@id\":\"https:\\\/\\\/shop.bantam.ch\\\/de\\\/#organization\",\"name\":\"Bantam Camping AG\",\"url\":\"https:\\\/\\\/shop.bantam.ch\\\/de\\\/\",\"logo\":{\"@type\":\"ImageObject\",\"inLanguage\":\"de\",\"@id\":\"https:\\\/\\\/shop.bantam.ch\\\/de\\\/#\\\/schema\\\/logo\\\/image\\\/\",\"url\":\"https:\\\/\\\/shop.bantam.ch\\\/wp-content\\\/uploads\\\/2022\\\/12\\\/bantam-logo.png\",\"contentUrl\":\"https:\\\/\\\/shop.bantam.ch\\\/wp-content\\\/uploads\\\/2022\\\/12\\\/bantam-logo.png\",\"width\":320,\"height\":71,\"caption\":\"Bantam Camping AG\"},\"image\":{\"@id\":\"https:\\\/\\\/shop.bantam.ch\\\/de\\\/#\\\/schema\\\/logo\\\/image\\\/\"}}]}<\/script>\n<!-- \/ Yoast SEO plugin. -->","yoast_head_json":{"title":"3 Cook Turbo FFD Deluxe - Bantam Camping AG","robots":{"index":"index","follow":"follow","max-snippet":"max-snippet:-1","max-image-preview":"max-image-preview:large","max-video-preview":"max-video-preview:-1"},"canonical":"https:\/\/shop.bantam.ch\/de\/produkt\/3-cook-turbo-ffd-deluxe\/","og_locale":"de_DE","og_type":"article","og_title":"3 Cook Turbo FFD Deluxe - Bantam Camping AG","og_description":"Luxus-Gaskocher f\u00fcr den Campingurlaub. Bereiten Sie auf Reisen die vielf\u00e4ltigsten und vollst\u00e4ndigsten Mahlzeiten mit dem 3 Cook Turbo FFD zu. Ausgestattet mit drei hochwertigen Brennern, darunter ein kleinerer f\u00fcr T\u00f6pfe mit einem maximalen Durchmesser von 16 cm, umfasst dieser Gaskocher drei Topfst\u00fctzen, eine Kaffeekannenhalterung, zwei Kochplatten (eine glatte und eine geriffelte) mit GreenGrill-Keramik-Antihaftbeschichtung f\u00fcr eine [&hellip;]","og_url":"https:\/\/shop.bantam.ch\/de\/produkt\/3-cook-turbo-ffd-deluxe\/","og_site_name":"Bantam Camping AG","article_modified_time":"2026-04-21T21:21:22+00:00","og_image":[{"width":800,"height":508,"url":"https:\/\/shop.bantam.ch\/wp-content\/uploads\/2025\/03\/303FC-20_3_Cook_Turbo_FFD_Deluxe.jpg","type":"image\/jpeg"}],"twitter_card":"summary_large_image","twitter_misc":{"Gesch\u00e4tzte Lesezeit":"1\u00a0Minute"},"schema":{"@context":"https:\/\/schema.org","@graph":[{"@type":"WebPage","@id":"https:\/\/shop.bantam.ch\/de\/produkt\/3-cook-turbo-ffd-deluxe\/","url":"https:\/\/shop.bantam.ch\/de\/produkt\/3-cook-turbo-ffd-deluxe\/","name":"3 Cook Turbo FFD Deluxe - Bantam Camping AG","isPartOf":{"@id":"https:\/\/shop.bantam.ch\/de\/#website"},"primaryImageOfPage":{"@id":"https:\/\/shop.bantam.ch\/de\/produkt\/3-cook-turbo-ffd-deluxe\/#primaryimage"},"image":{"@id":"https:\/\/shop.bantam.ch\/de\/produkt\/3-cook-turbo-ffd-deluxe\/#primaryimage"},"thumbnailUrl":"https:\/\/shop.bantam.ch\/wp-content\/uploads\/2025\/03\/303FC-20_3_Cook_Turbo_FFD_Deluxe.jpg","datePublished":"2025-03-06T09:17:04+00:00","dateModified":"2026-04-21T21:21:22+00:00","breadcrumb":{"@id":"https:\/\/shop.bantam.ch\/de\/produkt\/3-cook-turbo-ffd-deluxe\/#breadcrumb"},"inLanguage":"de","potentialAction":[{"@type":"ReadAction","target":["https:\/\/shop.bantam.ch\/de\/produkt\/3-cook-turbo-ffd-deluxe\/"]}]},{"@type":"ImageObject","inLanguage":"de","@id":"https:\/\/shop.bantam.ch\/de\/produkt\/3-cook-turbo-ffd-deluxe\/#primaryimage","url":"https:\/\/shop.bantam.ch\/wp-content\/uploads\/2025\/03\/303FC-20_3_Cook_Turbo_FFD_Deluxe.jpg","contentUrl":"https:\/\/shop.bantam.ch\/wp-content\/uploads\/2025\/03\/303FC-20_3_Cook_Turbo_FFD_Deluxe.jpg","width":800,"height":508},{"@type":"BreadcrumbList","@id":"https:\/\/shop.bantam.ch\/de\/produkt\/3-cook-turbo-ffd-deluxe\/#breadcrumb","itemListElement":[{"@type":"ListItem","position":1,"name":"Accueil","item":"https:\/\/shop.bantam.ch\/de\/"},{"@type":"ListItem","position":2,"name":"Shop","item":"https:\/\/shop.bantam.ch\/de\/shop\/"},{"@type":"ListItem","position":3,"name":"3 Cook Turbo FFD Deluxe"}]},{"@type":"WebSite","@id":"https:\/\/shop.bantam.ch\/de\/#website","url":"https:\/\/shop.bantam.ch\/de\/","name":"Bantam Camping AG","description":"","publisher":{"@id":"https:\/\/shop.bantam.ch\/de\/#organization"},"inLanguage":"de"},{"@type":"Organization","@id":"https:\/\/shop.bantam.ch\/de\/#organization","name":"Bantam Camping AG","url":"https:\/\/shop.bantam.ch\/de\/","logo":{"@type":"ImageObject","inLanguage":"de","@id":"https:\/\/shop.bantam.ch\/de\/#\/schema\/logo\/image\/","url":"https:\/\/shop.bantam.ch\/wp-content\/uploads\/2022\/12\/bantam-logo.png","contentUrl":"https:\/\/shop.bantam.ch\/wp-content\/uploads\/2022\/12\/bantam-logo.png","width":320,"height":71,"caption":"Bantam Camping AG"},"image":{"@id":"https:\/\/shop.bantam.ch\/de\/#\/schema\/logo\/image\/"}}]}},"_links":{"self":[{"href":"https:\/\/shop.bantam.ch\/de\/wp-json\/wp\/v2\/product\/210094","targetHints":{"allow":["GET"]}}],"collection":[{"href":"https:\/\/shop.bantam.ch\/de\/wp-json\/wp\/v2\/product"}],"about":[{"href":"https:\/\/shop.bantam.ch\/de\/wp-json\/wp\/v2\/types\/product"}],"wp:featuredmedia":[{"embeddable":true,"href":"https:\/\/shop.bantam.ch\/de\/wp-json\/wp\/v2\/media\/210084"}],"wp:attachment":[{"href":"https:\/\/shop.bantam.ch\/de\/wp-json\/wp\/v2\/media?parent=210094"}],"wp:term":[{"taxonomy":"product_featured_cat","embeddable":true,"href":"https:\/\/shop.bantam.ch\/de\/wp-json\/wp\/v2\/product_featured_cat?post=210094"},{"taxonomy":"product_brand","embeddable":true,"href":"https:\/\/shop.bantam.ch\/de\/wp-json\/wp\/v2\/product_brand?post=210094"},{"taxonomy":"product_cat","embeddable":true,"href":"https:\/\/shop.bantam.ch\/de\/wp-json\/wp\/v2\/product_cat?post=210094"},{"taxonomy":"product_tag","embeddable":true,"href":"https:\/\/shop.bantam.ch\/de\/wp-json\/wp\/v2\/product_tag?post=210094"}],"curies":[{"name":"wp","href":"https:\/\/api.w.org\/{rel}","templated":true}]}}