{"id":210080,"date":"2025-03-06T10:05:25","date_gmt":"2025-03-06T09:05:25","guid":{"rendered":"https:\/\/shop.bantam.ch\/produit\/2-cook-turbo-deluxe-ffd-30-mbar\/"},"modified":"2026-04-21T23:21:22","modified_gmt":"2026-04-21T21:21:22","slug":"2-cook-turbo-deluxe-ffd-30-mbar","status":"publish","type":"product","link":"https:\/\/shop.bantam.ch\/de\/produkt\/2-cook-turbo-deluxe-ffd-30-mbar\/","title":{"rendered":"2 Cook Turbo Deluxe FFD 30 mbar"},"content":{"rendered":"<p>Kochen &amp; Grillen sowohl drinnen als auch drau\u00dfen. Obwohl das Kochen mit Gas manchmal Sicherheitsbedenken aufwerfen kann, beseitigt der 2 Cook Turbo FFD diese Sorgen. Ausgestattet mit einem Thermoelement, auch als Flame Failure Device (FFD) bekannt, sorgt es f\u00fcr eine automatische Gasabschaltung, falls die Flamme pl\u00f6tzlich erlischt. Dieses Sicherheitssystem macht das Ger\u00e4t ideal f\u00fcr den Innen- und Au\u00dfeneinsatz und bietet eine praktische L\u00f6sung zum Kochen in einem Zelt oder Wohnwagen \u2013 selbst bei schlechtem Wetter. Das innovative Design der Turbo-Brenner sorgt f\u00fcr eine intensivere und pr\u00e4zisere W\u00e4rmeerzeugung. Dadurch verk\u00fcrzt sich die Aufheizzeit im Vergleich zu anderen Kochger\u00e4ten, w\u00e4hrend die Kochzeit und der Gasverbrauch um bis zu 20 % reduziert werden. Die Brenner sind in der Basis des Ger\u00e4ts integriert, was nicht nur ein elegantes Design schafft, sondern sie auch vor Zugluft sch\u00fctzt. Jeder der beiden Brenner arbeitet unabh\u00e4ngig und ist mit einem eigenen Regler und Z\u00fcnder ausgestattet. Der 2 Cook Turbo wird standardm\u00e4\u00dfig mit zwei Topfst\u00fctzen und seitlichen Windschutzblenden geliefert. Die Deluxe-Version hingegen umfasst zus\u00e4tzlich zwei Kochplatten \u2013 eine glatte und eine geriffelte \u2013 sowie einen abnehmbaren Griff, mit dem sich die Platten leicht einsetzen oder entfernen lassen. Beide Platten sind mit der CADAC GreenGrill-Keramik-Antihaftbeschichtung versehen, die f\u00fcr ges\u00fcnderes Kochen sorgt. Eine Kaffeekannenhalterung vervollst\u00e4ndigt das Set.<br \/>\nSomit bietet das Ger\u00e4t eine gro\u00dfe Auswahl an M\u00f6glichkeiten zur Zubereitung k\u00f6stlicher Mahlzeiten \u2013 mit der M\u00f6glichkeit, gleichzeitig zu kochen, zu grillen und Kaffee zuzubereiten. Die rutschfesten Gummif\u00fc\u00dfe sorgen f\u00fcr einen sicheren Stand und verhindern ein ungewolltes Verrutschen w\u00e4hrend des Gebrauchs. Nach dem Kochen kann der Deckel dank eines praktischen Verschlussclips einfach geschlossen und das Ger\u00e4t bequem in der mitgelieferten Tragetasche verstaut werden. Leichter Gaskocher mit 2 Turbo-Brennern. Flammenschutzvorrichtung (FFD oder Thermoelement) f\u00fcr erh\u00f6hte Sicherheit. F\u00fcr den Innen- und Au\u00dfeneinsatz geeignet. Geh\u00e4use aus Nylon, Brennerbasis aus Edelstahl. Automatische Z\u00fcndung. Inklusive: Topfst\u00fctzen, glatte Grillplatte, geriffelte Grillplatte, Kaffeekannenhalterung und Windschutzblenden. Praktische Transporttasche im Lieferumfang enthalten. 2 Jahre Garantie<\/p>\n","protected":false},"excerpt":{"rendered":"<p>Kochen &amp; Grillen sowohl drinnen als auch drau\u00dfen. Obwohl das Kochen mit Gas manchmal Sicherheitsbedenken aufwerfen kann, beseitigt der 2 Cook Turbo FFD diese Sorgen. Ausgestattet mit einem Thermoelement, auch als Flame Failure Device (FFD) bekannt, sorgt es f\u00fcr eine automatische Gasabschaltung, falls die Flamme pl\u00f6tzlich erlischt. Dieses Sicherheitssystem macht das Ger\u00e4t ideal f\u00fcr den [&hellip;]<\/p>\n","protected":false},"featured_media":210070,"template":"","meta":{"_acf_changed":false},"product_featured_cat":[],"product_brand":[3669],"product_cat":[4280],"product_tag":[],"class_list":{"0":"post-210080","1":"product","2":"type-product","3":"status-publish","4":"has-post-thumbnail","6":"product_brand-cadac-de","7":"product_cat-gasgrills","9":"first","10":"instock","11":"taxable","12":"shipping-taxable","13":"purchasable","14":"product-type-simple"},"acf":[],"yoast_head":"<!-- This site is optimized with the Yoast SEO plugin v27.4 - https:\/\/yoast.com\/product\/yoast-seo-wordpress\/ -->\n<title>2 Cook Turbo Deluxe FFD 30 mbar - Bantam Camping AG<\/title>\n<meta name=\"robots\" content=\"index, follow, max-snippet:-1, max-image-preview:large, max-video-preview:-1\" \/>\n<link rel=\"canonical\" href=\"https:\/\/shop.bantam.ch\/de\/produkt\/2-cook-turbo-deluxe-ffd-30-mbar\/\" \/>\n<meta property=\"og:locale\" content=\"de_DE\" \/>\n<meta property=\"og:type\" content=\"article\" \/>\n<meta property=\"og:title\" content=\"2 Cook Turbo Deluxe FFD 30 mbar - Bantam Camping AG\" \/>\n<meta property=\"og:description\" content=\"Kochen &amp; Grillen sowohl drinnen als auch drau\u00dfen. Obwohl das Kochen mit Gas manchmal Sicherheitsbedenken aufwerfen kann, beseitigt der 2 Cook Turbo FFD diese Sorgen. Ausgestattet mit einem Thermoelement, auch als Flame Failure Device (FFD) bekannt, sorgt es f\u00fcr eine automatische Gasabschaltung, falls die Flamme pl\u00f6tzlich erlischt. Dieses Sicherheitssystem macht das Ger\u00e4t ideal f\u00fcr den [&hellip;]\" \/>\n<meta property=\"og:url\" content=\"https:\/\/shop.bantam.ch\/de\/produkt\/2-cook-turbo-deluxe-ffd-30-mbar\/\" \/>\n<meta property=\"og:site_name\" content=\"Bantam Camping AG\" \/>\n<meta property=\"article:modified_time\" content=\"2026-04-21T21:21:22+00:00\" \/>\n<meta property=\"og:image\" content=\"https:\/\/shop.bantam.ch\/wp-content\/uploads\/2025\/03\/203F2C-20_2_Cook_3_Turbo_Deluxe_1.jpg\" \/>\n\t<meta property=\"og:image:width\" content=\"800\" \/>\n\t<meta property=\"og:image:height\" content=\"800\" \/>\n\t<meta property=\"og:image:type\" content=\"image\/jpeg\" \/>\n<meta name=\"twitter:card\" content=\"summary_large_image\" \/>\n<meta name=\"twitter:label1\" content=\"Gesch\u00e4tzte Lesezeit\" \/>\n\t<meta name=\"twitter:data1\" content=\"2\u00a0Minuten\" \/>\n<script type=\"application\/ld+json\" class=\"yoast-schema-graph\">{\"@context\":\"https:\\\/\\\/schema.org\",\"@graph\":[{\"@type\":\"WebPage\",\"@id\":\"https:\\\/\\\/shop.bantam.ch\\\/de\\\/produkt\\\/2-cook-turbo-deluxe-ffd-30-mbar\\\/\",\"url\":\"https:\\\/\\\/shop.bantam.ch\\\/de\\\/produkt\\\/2-cook-turbo-deluxe-ffd-30-mbar\\\/\",\"name\":\"2 Cook Turbo Deluxe FFD 30 mbar - Bantam Camping AG\",\"isPartOf\":{\"@id\":\"https:\\\/\\\/shop.bantam.ch\\\/de\\\/#website\"},\"primaryImageOfPage\":{\"@id\":\"https:\\\/\\\/shop.bantam.ch\\\/de\\\/produkt\\\/2-cook-turbo-deluxe-ffd-30-mbar\\\/#primaryimage\"},\"image\":{\"@id\":\"https:\\\/\\\/shop.bantam.ch\\\/de\\\/produkt\\\/2-cook-turbo-deluxe-ffd-30-mbar\\\/#primaryimage\"},\"thumbnailUrl\":\"https:\\\/\\\/shop.bantam.ch\\\/wp-content\\\/uploads\\\/2025\\\/03\\\/203F2C-20_2_Cook_3_Turbo_Deluxe_1.jpg\",\"datePublished\":\"2025-03-06T09:05:25+00:00\",\"dateModified\":\"2026-04-21T21:21:22+00:00\",\"breadcrumb\":{\"@id\":\"https:\\\/\\\/shop.bantam.ch\\\/de\\\/produkt\\\/2-cook-turbo-deluxe-ffd-30-mbar\\\/#breadcrumb\"},\"inLanguage\":\"de\",\"potentialAction\":[{\"@type\":\"ReadAction\",\"target\":[\"https:\\\/\\\/shop.bantam.ch\\\/de\\\/produkt\\\/2-cook-turbo-deluxe-ffd-30-mbar\\\/\"]}]},{\"@type\":\"ImageObject\",\"inLanguage\":\"de\",\"@id\":\"https:\\\/\\\/shop.bantam.ch\\\/de\\\/produkt\\\/2-cook-turbo-deluxe-ffd-30-mbar\\\/#primaryimage\",\"url\":\"https:\\\/\\\/shop.bantam.ch\\\/wp-content\\\/uploads\\\/2025\\\/03\\\/203F2C-20_2_Cook_3_Turbo_Deluxe_1.jpg\",\"contentUrl\":\"https:\\\/\\\/shop.bantam.ch\\\/wp-content\\\/uploads\\\/2025\\\/03\\\/203F2C-20_2_Cook_3_Turbo_Deluxe_1.jpg\",\"width\":800,\"height\":800},{\"@type\":\"BreadcrumbList\",\"@id\":\"https:\\\/\\\/shop.bantam.ch\\\/de\\\/produkt\\\/2-cook-turbo-deluxe-ffd-30-mbar\\\/#breadcrumb\",\"itemListElement\":[{\"@type\":\"ListItem\",\"position\":1,\"name\":\"Accueil\",\"item\":\"https:\\\/\\\/shop.bantam.ch\\\/de\\\/\"},{\"@type\":\"ListItem\",\"position\":2,\"name\":\"Shop\",\"item\":\"https:\\\/\\\/shop.bantam.ch\\\/de\\\/shop\\\/\"},{\"@type\":\"ListItem\",\"position\":3,\"name\":\"2 Cook Turbo Deluxe FFD 30 mbar\"}]},{\"@type\":\"WebSite\",\"@id\":\"https:\\\/\\\/shop.bantam.ch\\\/de\\\/#website\",\"url\":\"https:\\\/\\\/shop.bantam.ch\\\/de\\\/\",\"name\":\"Bantam Camping AG\",\"description\":\"\",\"publisher\":{\"@id\":\"https:\\\/\\\/shop.bantam.ch\\\/de\\\/#organization\"},\"inLanguage\":\"de\"},{\"@type\":\"Organization\",\"@id\":\"https:\\\/\\\/shop.bantam.ch\\\/de\\\/#organization\",\"name\":\"Bantam Camping AG\",\"url\":\"https:\\\/\\\/shop.bantam.ch\\\/de\\\/\",\"logo\":{\"@type\":\"ImageObject\",\"inLanguage\":\"de\",\"@id\":\"https:\\\/\\\/shop.bantam.ch\\\/de\\\/#\\\/schema\\\/logo\\\/image\\\/\",\"url\":\"https:\\\/\\\/shop.bantam.ch\\\/wp-content\\\/uploads\\\/2022\\\/12\\\/bantam-logo.png\",\"contentUrl\":\"https:\\\/\\\/shop.bantam.ch\\\/wp-content\\\/uploads\\\/2022\\\/12\\\/bantam-logo.png\",\"width\":320,\"height\":71,\"caption\":\"Bantam Camping AG\"},\"image\":{\"@id\":\"https:\\\/\\\/shop.bantam.ch\\\/de\\\/#\\\/schema\\\/logo\\\/image\\\/\"}}]}<\/script>\n<!-- \/ Yoast SEO plugin. -->","yoast_head_json":{"title":"2 Cook Turbo Deluxe FFD 30 mbar - Bantam Camping AG","robots":{"index":"index","follow":"follow","max-snippet":"max-snippet:-1","max-image-preview":"max-image-preview:large","max-video-preview":"max-video-preview:-1"},"canonical":"https:\/\/shop.bantam.ch\/de\/produkt\/2-cook-turbo-deluxe-ffd-30-mbar\/","og_locale":"de_DE","og_type":"article","og_title":"2 Cook Turbo Deluxe FFD 30 mbar - Bantam Camping AG","og_description":"Kochen &amp; Grillen sowohl drinnen als auch drau\u00dfen. Obwohl das Kochen mit Gas manchmal Sicherheitsbedenken aufwerfen kann, beseitigt der 2 Cook Turbo FFD diese Sorgen. Ausgestattet mit einem Thermoelement, auch als Flame Failure Device (FFD) bekannt, sorgt es f\u00fcr eine automatische Gasabschaltung, falls die Flamme pl\u00f6tzlich erlischt. Dieses Sicherheitssystem macht das Ger\u00e4t ideal f\u00fcr den [&hellip;]","og_url":"https:\/\/shop.bantam.ch\/de\/produkt\/2-cook-turbo-deluxe-ffd-30-mbar\/","og_site_name":"Bantam Camping AG","article_modified_time":"2026-04-21T21:21:22+00:00","og_image":[{"width":800,"height":800,"url":"https:\/\/shop.bantam.ch\/wp-content\/uploads\/2025\/03\/203F2C-20_2_Cook_3_Turbo_Deluxe_1.jpg","type":"image\/jpeg"}],"twitter_card":"summary_large_image","twitter_misc":{"Gesch\u00e4tzte Lesezeit":"2\u00a0Minuten"},"schema":{"@context":"https:\/\/schema.org","@graph":[{"@type":"WebPage","@id":"https:\/\/shop.bantam.ch\/de\/produkt\/2-cook-turbo-deluxe-ffd-30-mbar\/","url":"https:\/\/shop.bantam.ch\/de\/produkt\/2-cook-turbo-deluxe-ffd-30-mbar\/","name":"2 Cook Turbo Deluxe FFD 30 mbar - Bantam Camping AG","isPartOf":{"@id":"https:\/\/shop.bantam.ch\/de\/#website"},"primaryImageOfPage":{"@id":"https:\/\/shop.bantam.ch\/de\/produkt\/2-cook-turbo-deluxe-ffd-30-mbar\/#primaryimage"},"image":{"@id":"https:\/\/shop.bantam.ch\/de\/produkt\/2-cook-turbo-deluxe-ffd-30-mbar\/#primaryimage"},"thumbnailUrl":"https:\/\/shop.bantam.ch\/wp-content\/uploads\/2025\/03\/203F2C-20_2_Cook_3_Turbo_Deluxe_1.jpg","datePublished":"2025-03-06T09:05:25+00:00","dateModified":"2026-04-21T21:21:22+00:00","breadcrumb":{"@id":"https:\/\/shop.bantam.ch\/de\/produkt\/2-cook-turbo-deluxe-ffd-30-mbar\/#breadcrumb"},"inLanguage":"de","potentialAction":[{"@type":"ReadAction","target":["https:\/\/shop.bantam.ch\/de\/produkt\/2-cook-turbo-deluxe-ffd-30-mbar\/"]}]},{"@type":"ImageObject","inLanguage":"de","@id":"https:\/\/shop.bantam.ch\/de\/produkt\/2-cook-turbo-deluxe-ffd-30-mbar\/#primaryimage","url":"https:\/\/shop.bantam.ch\/wp-content\/uploads\/2025\/03\/203F2C-20_2_Cook_3_Turbo_Deluxe_1.jpg","contentUrl":"https:\/\/shop.bantam.ch\/wp-content\/uploads\/2025\/03\/203F2C-20_2_Cook_3_Turbo_Deluxe_1.jpg","width":800,"height":800},{"@type":"BreadcrumbList","@id":"https:\/\/shop.bantam.ch\/de\/produkt\/2-cook-turbo-deluxe-ffd-30-mbar\/#breadcrumb","itemListElement":[{"@type":"ListItem","position":1,"name":"Accueil","item":"https:\/\/shop.bantam.ch\/de\/"},{"@type":"ListItem","position":2,"name":"Shop","item":"https:\/\/shop.bantam.ch\/de\/shop\/"},{"@type":"ListItem","position":3,"name":"2 Cook Turbo Deluxe FFD 30 mbar"}]},{"@type":"WebSite","@id":"https:\/\/shop.bantam.ch\/de\/#website","url":"https:\/\/shop.bantam.ch\/de\/","name":"Bantam Camping AG","description":"","publisher":{"@id":"https:\/\/shop.bantam.ch\/de\/#organization"},"inLanguage":"de"},{"@type":"Organization","@id":"https:\/\/shop.bantam.ch\/de\/#organization","name":"Bantam Camping AG","url":"https:\/\/shop.bantam.ch\/de\/","logo":{"@type":"ImageObject","inLanguage":"de","@id":"https:\/\/shop.bantam.ch\/de\/#\/schema\/logo\/image\/","url":"https:\/\/shop.bantam.ch\/wp-content\/uploads\/2022\/12\/bantam-logo.png","contentUrl":"https:\/\/shop.bantam.ch\/wp-content\/uploads\/2022\/12\/bantam-logo.png","width":320,"height":71,"caption":"Bantam Camping AG"},"image":{"@id":"https:\/\/shop.bantam.ch\/de\/#\/schema\/logo\/image\/"}}]}},"_links":{"self":[{"href":"https:\/\/shop.bantam.ch\/de\/wp-json\/wp\/v2\/product\/210080","targetHints":{"allow":["GET"]}}],"collection":[{"href":"https:\/\/shop.bantam.ch\/de\/wp-json\/wp\/v2\/product"}],"about":[{"href":"https:\/\/shop.bantam.ch\/de\/wp-json\/wp\/v2\/types\/product"}],"wp:featuredmedia":[{"embeddable":true,"href":"https:\/\/shop.bantam.ch\/de\/wp-json\/wp\/v2\/media\/210070"}],"wp:attachment":[{"href":"https:\/\/shop.bantam.ch\/de\/wp-json\/wp\/v2\/media?parent=210080"}],"wp:term":[{"taxonomy":"product_featured_cat","embeddable":true,"href":"https:\/\/shop.bantam.ch\/de\/wp-json\/wp\/v2\/product_featured_cat?post=210080"},{"taxonomy":"product_brand","embeddable":true,"href":"https:\/\/shop.bantam.ch\/de\/wp-json\/wp\/v2\/product_brand?post=210080"},{"taxonomy":"product_cat","embeddable":true,"href":"https:\/\/shop.bantam.ch\/de\/wp-json\/wp\/v2\/product_cat?post=210080"},{"taxonomy":"product_tag","embeddable":true,"href":"https:\/\/shop.bantam.ch\/de\/wp-json\/wp\/v2\/product_tag?post=210080"}],"curies":[{"name":"wp","href":"https:\/\/api.w.org\/{rel}","templated":true}]}}