{"id":210051,"date":"2025-03-05T16:19:44","date_gmt":"2025-03-05T15:19:44","guid":{"rendered":"https:\/\/shop.bantam.ch\/produit\/bbq-abdeckung-50\/"},"modified":"2026-04-18T23:19:57","modified_gmt":"2026-04-18T21:19:57","slug":"bbq-abdeckung-50","status":"publish","type":"product","link":"https:\/\/shop.bantam.ch\/de\/produkt\/bbq-abdeckung-50\/","title":{"rendered":"BBQ-Abdeckung 50"},"content":{"rendered":"<p>Halten Sie Ihren Grill sauber und verl\u00e4ngern Sie seine Lebensdauer mit dieser extra robusten Vinylabdeckung, die UV- und wasserbest\u00e4ndig behandelt wurde. Die Abdeckung wird an windigen Tagen mit einem Kordelzug sicher befestigt. Sie wurde speziell entwickelt, um das ganze Jahr \u00fcber alle Grills mit einem Durchmesser von 47 cm zu sch\u00fctzen. Ma\u00dfe: 62 cm (\u00d8) x 58 cm (H). Geeignet f\u00fcr z. B. Carri Chef 50. UV- und wasserbest\u00e4ndig. Mit Kordelzug f\u00fcr sicheren Halt. Hinweis: Die Abdeckung ist wasserabweisend, aber nicht zu 100 % wasserdicht.<\/p>\n","protected":false},"excerpt":{"rendered":"<p>Halten Sie Ihren Grill sauber und verl\u00e4ngern Sie seine Lebensdauer mit dieser extra robusten Vinylabdeckung, die UV- und wasserbest\u00e4ndig behandelt wurde. Die Abdeckung wird an windigen Tagen mit einem Kordelzug sicher befestigt. Sie wurde speziell entwickelt, um das ganze Jahr \u00fcber alle Grills mit einem Durchmesser von 47 cm zu sch\u00fctzen. Ma\u00dfe: 62 cm (\u00d8) [&hellip;]<\/p>\n","protected":false},"featured_media":210049,"template":"","meta":{"_acf_changed":false},"product_featured_cat":[],"product_brand":[3669],"product_cat":[4340],"product_tag":[],"class_list":{"0":"post-210051","1":"product","2":"type-product","3":"status-publish","4":"has-post-thumbnail","6":"product_brand-cadac-de","7":"product_cat-grillzubehoer","9":"first","10":"instock","11":"taxable","12":"shipping-taxable","13":"purchasable","14":"product-type-simple"},"acf":[],"yoast_head":"<!-- This site is optimized with the Yoast SEO plugin v27.4 - https:\/\/yoast.com\/product\/yoast-seo-wordpress\/ -->\n<title>BBQ-Abdeckung 50 - Bantam Camping AG<\/title>\n<meta name=\"robots\" content=\"index, follow, max-snippet:-1, max-image-preview:large, max-video-preview:-1\" \/>\n<link rel=\"canonical\" href=\"https:\/\/shop.bantam.ch\/de\/produkt\/bbq-abdeckung-50\/\" \/>\n<meta property=\"og:locale\" content=\"de_DE\" \/>\n<meta property=\"og:type\" content=\"article\" \/>\n<meta property=\"og:title\" content=\"BBQ-Abdeckung 50 - Bantam Camping AG\" \/>\n<meta property=\"og:description\" content=\"Halten Sie Ihren Grill sauber und verl\u00e4ngern Sie seine Lebensdauer mit dieser extra robusten Vinylabdeckung, die UV- und wasserbest\u00e4ndig behandelt wurde. Die Abdeckung wird an windigen Tagen mit einem Kordelzug sicher befestigt. Sie wurde speziell entwickelt, um das ganze Jahr \u00fcber alle Grills mit einem Durchmesser von 47 cm zu sch\u00fctzen. Ma\u00dfe: 62 cm (\u00d8) [&hellip;]\" \/>\n<meta property=\"og:url\" content=\"https:\/\/shop.bantam.ch\/de\/produkt\/bbq-abdeckung-50\/\" \/>\n<meta property=\"og:site_name\" content=\"Bantam Camping AG\" \/>\n<meta property=\"article:modified_time\" content=\"2026-04-18T21:19:57+00:00\" \/>\n<meta property=\"og:image\" content=\"https:\/\/shop.bantam.ch\/wp-content\/uploads\/2025\/03\/8626_BBQ_Cover_50.jpg\" \/>\n\t<meta property=\"og:image:width\" content=\"800\" \/>\n\t<meta property=\"og:image:height\" content=\"1204\" \/>\n\t<meta property=\"og:image:type\" content=\"image\/jpeg\" \/>\n<meta name=\"twitter:card\" content=\"summary_large_image\" \/>\n<script type=\"application\/ld+json\" class=\"yoast-schema-graph\">{\"@context\":\"https:\\\/\\\/schema.org\",\"@graph\":[{\"@type\":\"WebPage\",\"@id\":\"https:\\\/\\\/shop.bantam.ch\\\/de\\\/produkt\\\/bbq-abdeckung-50\\\/\",\"url\":\"https:\\\/\\\/shop.bantam.ch\\\/de\\\/produkt\\\/bbq-abdeckung-50\\\/\",\"name\":\"BBQ-Abdeckung 50 - Bantam Camping AG\",\"isPartOf\":{\"@id\":\"https:\\\/\\\/shop.bantam.ch\\\/de\\\/#website\"},\"primaryImageOfPage\":{\"@id\":\"https:\\\/\\\/shop.bantam.ch\\\/de\\\/produkt\\\/bbq-abdeckung-50\\\/#primaryimage\"},\"image\":{\"@id\":\"https:\\\/\\\/shop.bantam.ch\\\/de\\\/produkt\\\/bbq-abdeckung-50\\\/#primaryimage\"},\"thumbnailUrl\":\"https:\\\/\\\/shop.bantam.ch\\\/wp-content\\\/uploads\\\/2025\\\/03\\\/8626_BBQ_Cover_50.jpg\",\"datePublished\":\"2025-03-05T15:19:44+00:00\",\"dateModified\":\"2026-04-18T21:19:57+00:00\",\"breadcrumb\":{\"@id\":\"https:\\\/\\\/shop.bantam.ch\\\/de\\\/produkt\\\/bbq-abdeckung-50\\\/#breadcrumb\"},\"inLanguage\":\"de\",\"potentialAction\":[{\"@type\":\"ReadAction\",\"target\":[\"https:\\\/\\\/shop.bantam.ch\\\/de\\\/produkt\\\/bbq-abdeckung-50\\\/\"]}]},{\"@type\":\"ImageObject\",\"inLanguage\":\"de\",\"@id\":\"https:\\\/\\\/shop.bantam.ch\\\/de\\\/produkt\\\/bbq-abdeckung-50\\\/#primaryimage\",\"url\":\"https:\\\/\\\/shop.bantam.ch\\\/wp-content\\\/uploads\\\/2025\\\/03\\\/8626_BBQ_Cover_50.jpg\",\"contentUrl\":\"https:\\\/\\\/shop.bantam.ch\\\/wp-content\\\/uploads\\\/2025\\\/03\\\/8626_BBQ_Cover_50.jpg\",\"width\":800,\"height\":1204},{\"@type\":\"BreadcrumbList\",\"@id\":\"https:\\\/\\\/shop.bantam.ch\\\/de\\\/produkt\\\/bbq-abdeckung-50\\\/#breadcrumb\",\"itemListElement\":[{\"@type\":\"ListItem\",\"position\":1,\"name\":\"Accueil\",\"item\":\"https:\\\/\\\/shop.bantam.ch\\\/de\\\/\"},{\"@type\":\"ListItem\",\"position\":2,\"name\":\"Shop\",\"item\":\"https:\\\/\\\/shop.bantam.ch\\\/de\\\/shop\\\/\"},{\"@type\":\"ListItem\",\"position\":3,\"name\":\"BBQ-Abdeckung 50\"}]},{\"@type\":\"WebSite\",\"@id\":\"https:\\\/\\\/shop.bantam.ch\\\/de\\\/#website\",\"url\":\"https:\\\/\\\/shop.bantam.ch\\\/de\\\/\",\"name\":\"Bantam Camping AG\",\"description\":\"\",\"publisher\":{\"@id\":\"https:\\\/\\\/shop.bantam.ch\\\/de\\\/#organization\"},\"inLanguage\":\"de\"},{\"@type\":\"Organization\",\"@id\":\"https:\\\/\\\/shop.bantam.ch\\\/de\\\/#organization\",\"name\":\"Bantam Camping AG\",\"url\":\"https:\\\/\\\/shop.bantam.ch\\\/de\\\/\",\"logo\":{\"@type\":\"ImageObject\",\"inLanguage\":\"de\",\"@id\":\"https:\\\/\\\/shop.bantam.ch\\\/de\\\/#\\\/schema\\\/logo\\\/image\\\/\",\"url\":\"https:\\\/\\\/shop.bantam.ch\\\/wp-content\\\/uploads\\\/2022\\\/12\\\/bantam-logo.png\",\"contentUrl\":\"https:\\\/\\\/shop.bantam.ch\\\/wp-content\\\/uploads\\\/2022\\\/12\\\/bantam-logo.png\",\"width\":320,\"height\":71,\"caption\":\"Bantam Camping AG\"},\"image\":{\"@id\":\"https:\\\/\\\/shop.bantam.ch\\\/de\\\/#\\\/schema\\\/logo\\\/image\\\/\"}}]}<\/script>\n<!-- \/ Yoast SEO plugin. -->","yoast_head_json":{"title":"BBQ-Abdeckung 50 - Bantam Camping AG","robots":{"index":"index","follow":"follow","max-snippet":"max-snippet:-1","max-image-preview":"max-image-preview:large","max-video-preview":"max-video-preview:-1"},"canonical":"https:\/\/shop.bantam.ch\/de\/produkt\/bbq-abdeckung-50\/","og_locale":"de_DE","og_type":"article","og_title":"BBQ-Abdeckung 50 - Bantam Camping AG","og_description":"Halten Sie Ihren Grill sauber und verl\u00e4ngern Sie seine Lebensdauer mit dieser extra robusten Vinylabdeckung, die UV- und wasserbest\u00e4ndig behandelt wurde. Die Abdeckung wird an windigen Tagen mit einem Kordelzug sicher befestigt. Sie wurde speziell entwickelt, um das ganze Jahr \u00fcber alle Grills mit einem Durchmesser von 47 cm zu sch\u00fctzen. Ma\u00dfe: 62 cm (\u00d8) [&hellip;]","og_url":"https:\/\/shop.bantam.ch\/de\/produkt\/bbq-abdeckung-50\/","og_site_name":"Bantam Camping AG","article_modified_time":"2026-04-18T21:19:57+00:00","og_image":[{"width":800,"height":1204,"url":"https:\/\/shop.bantam.ch\/wp-content\/uploads\/2025\/03\/8626_BBQ_Cover_50.jpg","type":"image\/jpeg"}],"twitter_card":"summary_large_image","schema":{"@context":"https:\/\/schema.org","@graph":[{"@type":"WebPage","@id":"https:\/\/shop.bantam.ch\/de\/produkt\/bbq-abdeckung-50\/","url":"https:\/\/shop.bantam.ch\/de\/produkt\/bbq-abdeckung-50\/","name":"BBQ-Abdeckung 50 - Bantam Camping AG","isPartOf":{"@id":"https:\/\/shop.bantam.ch\/de\/#website"},"primaryImageOfPage":{"@id":"https:\/\/shop.bantam.ch\/de\/produkt\/bbq-abdeckung-50\/#primaryimage"},"image":{"@id":"https:\/\/shop.bantam.ch\/de\/produkt\/bbq-abdeckung-50\/#primaryimage"},"thumbnailUrl":"https:\/\/shop.bantam.ch\/wp-content\/uploads\/2025\/03\/8626_BBQ_Cover_50.jpg","datePublished":"2025-03-05T15:19:44+00:00","dateModified":"2026-04-18T21:19:57+00:00","breadcrumb":{"@id":"https:\/\/shop.bantam.ch\/de\/produkt\/bbq-abdeckung-50\/#breadcrumb"},"inLanguage":"de","potentialAction":[{"@type":"ReadAction","target":["https:\/\/shop.bantam.ch\/de\/produkt\/bbq-abdeckung-50\/"]}]},{"@type":"ImageObject","inLanguage":"de","@id":"https:\/\/shop.bantam.ch\/de\/produkt\/bbq-abdeckung-50\/#primaryimage","url":"https:\/\/shop.bantam.ch\/wp-content\/uploads\/2025\/03\/8626_BBQ_Cover_50.jpg","contentUrl":"https:\/\/shop.bantam.ch\/wp-content\/uploads\/2025\/03\/8626_BBQ_Cover_50.jpg","width":800,"height":1204},{"@type":"BreadcrumbList","@id":"https:\/\/shop.bantam.ch\/de\/produkt\/bbq-abdeckung-50\/#breadcrumb","itemListElement":[{"@type":"ListItem","position":1,"name":"Accueil","item":"https:\/\/shop.bantam.ch\/de\/"},{"@type":"ListItem","position":2,"name":"Shop","item":"https:\/\/shop.bantam.ch\/de\/shop\/"},{"@type":"ListItem","position":3,"name":"BBQ-Abdeckung 50"}]},{"@type":"WebSite","@id":"https:\/\/shop.bantam.ch\/de\/#website","url":"https:\/\/shop.bantam.ch\/de\/","name":"Bantam Camping AG","description":"","publisher":{"@id":"https:\/\/shop.bantam.ch\/de\/#organization"},"inLanguage":"de"},{"@type":"Organization","@id":"https:\/\/shop.bantam.ch\/de\/#organization","name":"Bantam Camping AG","url":"https:\/\/shop.bantam.ch\/de\/","logo":{"@type":"ImageObject","inLanguage":"de","@id":"https:\/\/shop.bantam.ch\/de\/#\/schema\/logo\/image\/","url":"https:\/\/shop.bantam.ch\/wp-content\/uploads\/2022\/12\/bantam-logo.png","contentUrl":"https:\/\/shop.bantam.ch\/wp-content\/uploads\/2022\/12\/bantam-logo.png","width":320,"height":71,"caption":"Bantam Camping AG"},"image":{"@id":"https:\/\/shop.bantam.ch\/de\/#\/schema\/logo\/image\/"}}]}},"_links":{"self":[{"href":"https:\/\/shop.bantam.ch\/de\/wp-json\/wp\/v2\/product\/210051","targetHints":{"allow":["GET"]}}],"collection":[{"href":"https:\/\/shop.bantam.ch\/de\/wp-json\/wp\/v2\/product"}],"about":[{"href":"https:\/\/shop.bantam.ch\/de\/wp-json\/wp\/v2\/types\/product"}],"wp:featuredmedia":[{"embeddable":true,"href":"https:\/\/shop.bantam.ch\/de\/wp-json\/wp\/v2\/media\/210049"}],"wp:attachment":[{"href":"https:\/\/shop.bantam.ch\/de\/wp-json\/wp\/v2\/media?parent=210051"}],"wp:term":[{"taxonomy":"product_featured_cat","embeddable":true,"href":"https:\/\/shop.bantam.ch\/de\/wp-json\/wp\/v2\/product_featured_cat?post=210051"},{"taxonomy":"product_brand","embeddable":true,"href":"https:\/\/shop.bantam.ch\/de\/wp-json\/wp\/v2\/product_brand?post=210051"},{"taxonomy":"product_cat","embeddable":true,"href":"https:\/\/shop.bantam.ch\/de\/wp-json\/wp\/v2\/product_cat?post=210051"},{"taxonomy":"product_tag","embeddable":true,"href":"https:\/\/shop.bantam.ch\/de\/wp-json\/wp\/v2\/product_tag?post=210051"}],"curies":[{"name":"wp","href":"https:\/\/api.w.org\/{rel}","templated":true}]}}