{"id":210043,"date":"2025-03-05T16:08:20","date_gmt":"2025-03-05T15:08:20","guid":{"rendered":"https:\/\/shop.bantam.ch\/produit\/2-cook-plancha\/"},"modified":"2026-04-17T23:16:43","modified_gmt":"2026-04-17T21:16:43","slug":"2-cook-plancha","status":"publish","type":"product","link":"https:\/\/shop.bantam.ch\/de\/produkt\/2-cook-plancha\/","title":{"rendered":"2 Cook Plancha"},"content":{"rendered":"<p>Entdecken Sie die Vielseitigkeit und Einfachheit des Kochens mit der Plancha! Auf der Plancha 2 Cook k\u00f6nnen Sie m\u00fchelos Fleisch, Fisch und Gem\u00fcse grillen, aber auch Pfannkuchen oder Spiegeleier mit Speck sind im Handumdrehen fertig \u2013 dank der gro\u00dfz\u00fcgigen Kochfl\u00e4che. Die Plancha verf\u00fcgt \u00fcber eine GreenGrill-Keramikbeschichtung und bietet eine gro\u00dfe Grillfl\u00e4che. An der Vorderseite befindet sich eine Auffangrinne, die Fl\u00fcssigkeiten und Fette w\u00e4hrend des Kochens sammelt. Dank der mitgelieferten Transporttasche ist die Plancha leicht zu transportieren. Sie ist f\u00fcr 2 Cook- und 3 Cook-Kochger\u00e4te geeignet, kann aber auch mit anderen Marken verwendet werden, indem die F\u00fc\u00dfe entfernt und die Platte auf die Topfhalter eines Ger\u00e4ts gestellt wird. Ma\u00dfe: 48,8 x 24,5 cm. Grillplatte f\u00fcr 2- und 3-Flammen-Kocher. Universell einsetzbar mit abnehmbaren F\u00fc\u00dfen. Mit Fettauffangrinne. Doppelter Ausgie\u00dfer<\/p>\n","protected":false},"excerpt":{"rendered":"<p>Entdecken Sie die Vielseitigkeit und Einfachheit des Kochens mit der Plancha! Auf der Plancha 2 Cook k\u00f6nnen Sie m\u00fchelos Fleisch, Fisch und Gem\u00fcse grillen, aber auch Pfannkuchen oder Spiegeleier mit Speck sind im Handumdrehen fertig \u2013 dank der gro\u00dfz\u00fcgigen Kochfl\u00e4che. Die Plancha verf\u00fcgt \u00fcber eine GreenGrill-Keramikbeschichtung und bietet eine gro\u00dfe Grillfl\u00e4che. An der Vorderseite befindet [&hellip;]<\/p>\n","protected":false},"featured_media":210035,"template":"","meta":{"_acf_changed":false},"product_featured_cat":[],"product_brand":[3669],"product_cat":[4340],"product_tag":[],"class_list":{"0":"post-210043","1":"product","2":"type-product","3":"status-publish","4":"has-post-thumbnail","6":"product_brand-cadac-de","7":"product_cat-grillzubehoer","9":"first","10":"instock","11":"taxable","12":"shipping-taxable","13":"purchasable","14":"product-type-simple"},"acf":[],"yoast_head":"<!-- This site is optimized with the Yoast SEO plugin v27.4 - https:\/\/yoast.com\/product\/yoast-seo-wordpress\/ -->\n<title>2 Cook Plancha - Bantam Camping AG<\/title>\n<meta name=\"robots\" content=\"index, follow, max-snippet:-1, max-image-preview:large, max-video-preview:-1\" \/>\n<link rel=\"canonical\" href=\"https:\/\/shop.bantam.ch\/de\/produkt\/2-cook-plancha\/\" \/>\n<meta property=\"og:locale\" content=\"de_DE\" \/>\n<meta property=\"og:type\" content=\"article\" \/>\n<meta property=\"og:title\" content=\"2 Cook Plancha - Bantam Camping AG\" \/>\n<meta property=\"og:description\" content=\"Entdecken Sie die Vielseitigkeit und Einfachheit des Kochens mit der Plancha! Auf der Plancha 2 Cook k\u00f6nnen Sie m\u00fchelos Fleisch, Fisch und Gem\u00fcse grillen, aber auch Pfannkuchen oder Spiegeleier mit Speck sind im Handumdrehen fertig \u2013 dank der gro\u00dfz\u00fcgigen Kochfl\u00e4che. Die Plancha verf\u00fcgt \u00fcber eine GreenGrill-Keramikbeschichtung und bietet eine gro\u00dfe Grillfl\u00e4che. An der Vorderseite befindet [&hellip;]\" \/>\n<meta property=\"og:url\" content=\"https:\/\/shop.bantam.ch\/de\/produkt\/2-cook-plancha\/\" \/>\n<meta property=\"og:site_name\" content=\"Bantam Camping AG\" \/>\n<meta property=\"article:modified_time\" content=\"2026-04-17T21:16:43+00:00\" \/>\n<meta property=\"og:image\" content=\"https:\/\/shop.bantam.ch\/wp-content\/uploads\/2025\/03\/203-500_2_Cook_Plancha_1.jpg\" \/>\n\t<meta property=\"og:image:width\" content=\"800\" \/>\n\t<meta property=\"og:image:height\" content=\"380\" \/>\n\t<meta property=\"og:image:type\" content=\"image\/jpeg\" \/>\n<meta name=\"twitter:card\" content=\"summary_large_image\" \/>\n<meta name=\"twitter:label1\" content=\"Gesch\u00e4tzte Lesezeit\" \/>\n\t<meta name=\"twitter:data1\" content=\"1\u00a0Minute\" \/>\n<script type=\"application\/ld+json\" class=\"yoast-schema-graph\">{\"@context\":\"https:\\\/\\\/schema.org\",\"@graph\":[{\"@type\":\"WebPage\",\"@id\":\"https:\\\/\\\/shop.bantam.ch\\\/de\\\/produkt\\\/2-cook-plancha\\\/\",\"url\":\"https:\\\/\\\/shop.bantam.ch\\\/de\\\/produkt\\\/2-cook-plancha\\\/\",\"name\":\"2 Cook Plancha - Bantam Camping AG\",\"isPartOf\":{\"@id\":\"https:\\\/\\\/shop.bantam.ch\\\/de\\\/#website\"},\"primaryImageOfPage\":{\"@id\":\"https:\\\/\\\/shop.bantam.ch\\\/de\\\/produkt\\\/2-cook-plancha\\\/#primaryimage\"},\"image\":{\"@id\":\"https:\\\/\\\/shop.bantam.ch\\\/de\\\/produkt\\\/2-cook-plancha\\\/#primaryimage\"},\"thumbnailUrl\":\"https:\\\/\\\/shop.bantam.ch\\\/wp-content\\\/uploads\\\/2025\\\/03\\\/203-500_2_Cook_Plancha_1.jpg\",\"datePublished\":\"2025-03-05T15:08:20+00:00\",\"dateModified\":\"2026-04-17T21:16:43+00:00\",\"breadcrumb\":{\"@id\":\"https:\\\/\\\/shop.bantam.ch\\\/de\\\/produkt\\\/2-cook-plancha\\\/#breadcrumb\"},\"inLanguage\":\"de\",\"potentialAction\":[{\"@type\":\"ReadAction\",\"target\":[\"https:\\\/\\\/shop.bantam.ch\\\/de\\\/produkt\\\/2-cook-plancha\\\/\"]}]},{\"@type\":\"ImageObject\",\"inLanguage\":\"de\",\"@id\":\"https:\\\/\\\/shop.bantam.ch\\\/de\\\/produkt\\\/2-cook-plancha\\\/#primaryimage\",\"url\":\"https:\\\/\\\/shop.bantam.ch\\\/wp-content\\\/uploads\\\/2025\\\/03\\\/203-500_2_Cook_Plancha_1.jpg\",\"contentUrl\":\"https:\\\/\\\/shop.bantam.ch\\\/wp-content\\\/uploads\\\/2025\\\/03\\\/203-500_2_Cook_Plancha_1.jpg\",\"width\":800,\"height\":380},{\"@type\":\"BreadcrumbList\",\"@id\":\"https:\\\/\\\/shop.bantam.ch\\\/de\\\/produkt\\\/2-cook-plancha\\\/#breadcrumb\",\"itemListElement\":[{\"@type\":\"ListItem\",\"position\":1,\"name\":\"Accueil\",\"item\":\"https:\\\/\\\/shop.bantam.ch\\\/de\\\/\"},{\"@type\":\"ListItem\",\"position\":2,\"name\":\"Shop\",\"item\":\"https:\\\/\\\/shop.bantam.ch\\\/de\\\/shop\\\/\"},{\"@type\":\"ListItem\",\"position\":3,\"name\":\"2 Cook Plancha\"}]},{\"@type\":\"WebSite\",\"@id\":\"https:\\\/\\\/shop.bantam.ch\\\/de\\\/#website\",\"url\":\"https:\\\/\\\/shop.bantam.ch\\\/de\\\/\",\"name\":\"Bantam Camping AG\",\"description\":\"\",\"publisher\":{\"@id\":\"https:\\\/\\\/shop.bantam.ch\\\/de\\\/#organization\"},\"inLanguage\":\"de\"},{\"@type\":\"Organization\",\"@id\":\"https:\\\/\\\/shop.bantam.ch\\\/de\\\/#organization\",\"name\":\"Bantam Camping AG\",\"url\":\"https:\\\/\\\/shop.bantam.ch\\\/de\\\/\",\"logo\":{\"@type\":\"ImageObject\",\"inLanguage\":\"de\",\"@id\":\"https:\\\/\\\/shop.bantam.ch\\\/de\\\/#\\\/schema\\\/logo\\\/image\\\/\",\"url\":\"https:\\\/\\\/shop.bantam.ch\\\/wp-content\\\/uploads\\\/2022\\\/12\\\/bantam-logo.png\",\"contentUrl\":\"https:\\\/\\\/shop.bantam.ch\\\/wp-content\\\/uploads\\\/2022\\\/12\\\/bantam-logo.png\",\"width\":320,\"height\":71,\"caption\":\"Bantam Camping AG\"},\"image\":{\"@id\":\"https:\\\/\\\/shop.bantam.ch\\\/de\\\/#\\\/schema\\\/logo\\\/image\\\/\"}}]}<\/script>\n<!-- \/ Yoast SEO plugin. -->","yoast_head_json":{"title":"2 Cook Plancha - Bantam Camping AG","robots":{"index":"index","follow":"follow","max-snippet":"max-snippet:-1","max-image-preview":"max-image-preview:large","max-video-preview":"max-video-preview:-1"},"canonical":"https:\/\/shop.bantam.ch\/de\/produkt\/2-cook-plancha\/","og_locale":"de_DE","og_type":"article","og_title":"2 Cook Plancha - Bantam Camping AG","og_description":"Entdecken Sie die Vielseitigkeit und Einfachheit des Kochens mit der Plancha! Auf der Plancha 2 Cook k\u00f6nnen Sie m\u00fchelos Fleisch, Fisch und Gem\u00fcse grillen, aber auch Pfannkuchen oder Spiegeleier mit Speck sind im Handumdrehen fertig \u2013 dank der gro\u00dfz\u00fcgigen Kochfl\u00e4che. Die Plancha verf\u00fcgt \u00fcber eine GreenGrill-Keramikbeschichtung und bietet eine gro\u00dfe Grillfl\u00e4che. An der Vorderseite befindet [&hellip;]","og_url":"https:\/\/shop.bantam.ch\/de\/produkt\/2-cook-plancha\/","og_site_name":"Bantam Camping AG","article_modified_time":"2026-04-17T21:16:43+00:00","og_image":[{"width":800,"height":380,"url":"https:\/\/shop.bantam.ch\/wp-content\/uploads\/2025\/03\/203-500_2_Cook_Plancha_1.jpg","type":"image\/jpeg"}],"twitter_card":"summary_large_image","twitter_misc":{"Gesch\u00e4tzte Lesezeit":"1\u00a0Minute"},"schema":{"@context":"https:\/\/schema.org","@graph":[{"@type":"WebPage","@id":"https:\/\/shop.bantam.ch\/de\/produkt\/2-cook-plancha\/","url":"https:\/\/shop.bantam.ch\/de\/produkt\/2-cook-plancha\/","name":"2 Cook Plancha - Bantam Camping AG","isPartOf":{"@id":"https:\/\/shop.bantam.ch\/de\/#website"},"primaryImageOfPage":{"@id":"https:\/\/shop.bantam.ch\/de\/produkt\/2-cook-plancha\/#primaryimage"},"image":{"@id":"https:\/\/shop.bantam.ch\/de\/produkt\/2-cook-plancha\/#primaryimage"},"thumbnailUrl":"https:\/\/shop.bantam.ch\/wp-content\/uploads\/2025\/03\/203-500_2_Cook_Plancha_1.jpg","datePublished":"2025-03-05T15:08:20+00:00","dateModified":"2026-04-17T21:16:43+00:00","breadcrumb":{"@id":"https:\/\/shop.bantam.ch\/de\/produkt\/2-cook-plancha\/#breadcrumb"},"inLanguage":"de","potentialAction":[{"@type":"ReadAction","target":["https:\/\/shop.bantam.ch\/de\/produkt\/2-cook-plancha\/"]}]},{"@type":"ImageObject","inLanguage":"de","@id":"https:\/\/shop.bantam.ch\/de\/produkt\/2-cook-plancha\/#primaryimage","url":"https:\/\/shop.bantam.ch\/wp-content\/uploads\/2025\/03\/203-500_2_Cook_Plancha_1.jpg","contentUrl":"https:\/\/shop.bantam.ch\/wp-content\/uploads\/2025\/03\/203-500_2_Cook_Plancha_1.jpg","width":800,"height":380},{"@type":"BreadcrumbList","@id":"https:\/\/shop.bantam.ch\/de\/produkt\/2-cook-plancha\/#breadcrumb","itemListElement":[{"@type":"ListItem","position":1,"name":"Accueil","item":"https:\/\/shop.bantam.ch\/de\/"},{"@type":"ListItem","position":2,"name":"Shop","item":"https:\/\/shop.bantam.ch\/de\/shop\/"},{"@type":"ListItem","position":3,"name":"2 Cook Plancha"}]},{"@type":"WebSite","@id":"https:\/\/shop.bantam.ch\/de\/#website","url":"https:\/\/shop.bantam.ch\/de\/","name":"Bantam Camping AG","description":"","publisher":{"@id":"https:\/\/shop.bantam.ch\/de\/#organization"},"inLanguage":"de"},{"@type":"Organization","@id":"https:\/\/shop.bantam.ch\/de\/#organization","name":"Bantam Camping AG","url":"https:\/\/shop.bantam.ch\/de\/","logo":{"@type":"ImageObject","inLanguage":"de","@id":"https:\/\/shop.bantam.ch\/de\/#\/schema\/logo\/image\/","url":"https:\/\/shop.bantam.ch\/wp-content\/uploads\/2022\/12\/bantam-logo.png","contentUrl":"https:\/\/shop.bantam.ch\/wp-content\/uploads\/2022\/12\/bantam-logo.png","width":320,"height":71,"caption":"Bantam Camping AG"},"image":{"@id":"https:\/\/shop.bantam.ch\/de\/#\/schema\/logo\/image\/"}}]}},"_links":{"self":[{"href":"https:\/\/shop.bantam.ch\/de\/wp-json\/wp\/v2\/product\/210043","targetHints":{"allow":["GET"]}}],"collection":[{"href":"https:\/\/shop.bantam.ch\/de\/wp-json\/wp\/v2\/product"}],"about":[{"href":"https:\/\/shop.bantam.ch\/de\/wp-json\/wp\/v2\/types\/product"}],"wp:featuredmedia":[{"embeddable":true,"href":"https:\/\/shop.bantam.ch\/de\/wp-json\/wp\/v2\/media\/210035"}],"wp:attachment":[{"href":"https:\/\/shop.bantam.ch\/de\/wp-json\/wp\/v2\/media?parent=210043"}],"wp:term":[{"taxonomy":"product_featured_cat","embeddable":true,"href":"https:\/\/shop.bantam.ch\/de\/wp-json\/wp\/v2\/product_featured_cat?post=210043"},{"taxonomy":"product_brand","embeddable":true,"href":"https:\/\/shop.bantam.ch\/de\/wp-json\/wp\/v2\/product_brand?post=210043"},{"taxonomy":"product_cat","embeddable":true,"href":"https:\/\/shop.bantam.ch\/de\/wp-json\/wp\/v2\/product_cat?post=210043"},{"taxonomy":"product_tag","embeddable":true,"href":"https:\/\/shop.bantam.ch\/de\/wp-json\/wp\/v2\/product_tag?post=210043"}],"curies":[{"name":"wp","href":"https:\/\/api.w.org\/{rel}","templated":true}]}}