{"id":209998,"date":"2025-03-04T16:08:33","date_gmt":"2025-03-04T15:08:33","guid":{"rendered":"https:\/\/shop.bantam.ch\/produit\/batterie-compact-energie-e-100-eza\/"},"modified":"2026-05-01T23:13:19","modified_gmt":"2026-05-01T21:13:19","slug":"batterie-compact-energie-e-100-eza","status":"publish","type":"product","link":"https:\/\/shop.bantam.ch\/de\/produkt\/batterie-compact-energie-e-100-eza\/","title":{"rendered":"Batterie Compact Energie-E 100 EZA"},"content":{"rendered":"<p>Mit der &#8222;ENERG-E&#8220;-Reihe bietet EZA ultra-leistungsf\u00e4hige Batterien, die Ihren Bed\u00fcrfnissen und W\u00fcnschen in Bezug auf die Energieversorgung an Bord entsprechen (Elektrofahrrad, Kaffeemaschine, Haartrockner, Induktionskochfeld&#8230;etc).<br \/>\nMit einem zul\u00e4ssigen Entladestrom von 1,5C kontinuierlich (C = Kapazit\u00e4t, z.B. 100A) und 3C pulsierend (einige Sekunden) geh\u00f6ren die ENERG-E Batterien zu den leistungsst\u00e4rksten und effizientesten auf dem Markt. Die ENERG-E Batterie ist kompakt und skalierbar, kann liegend oder stehend installiert werden und bietet die M\u00f6glichkeit, bis zu 4 Batterien zu koppeln.<br \/>\nDie ENERG-E ist fortschrittlicher als eine Standard-Lithiumbatterie und verf\u00fcgt \u00fcber ein multifunktionales intelligentes BMS, das f\u00fcr mehr Sicherheit und ein besseres Energiemanagement sorgt.<br \/>\nIntegrierter LiFePo-Akku, BMS, Bluetooth und Leistungsschalter. Temperaturbereiche in der Deponie: -20 bis +60\u00b0C; in der Beladung: 0 bis +45\u00b0C. Endspannung der Ladung: 14,6v.<\/p>\n","protected":false},"excerpt":{"rendered":"<p>Mit der &#8222;ENERG-E&#8220;-Reihe bietet EZA ultra-leistungsf\u00e4hige Batterien, die Ihren Bed\u00fcrfnissen und W\u00fcnschen in Bezug auf die Energieversorgung an Bord entsprechen (Elektrofahrrad, Kaffeemaschine, Haartrockner, Induktionskochfeld&#8230;etc). Mit einem zul\u00e4ssigen Entladestrom von 1,5C kontinuierlich (C = Kapazit\u00e4t, z.B. 100A) und 3C pulsierend (einige Sekunden) geh\u00f6ren die ENERG-E Batterien zu den leistungsst\u00e4rksten und effizientesten auf dem Markt. Die ENERG-E [&hellip;]<\/p>\n","protected":false},"featured_media":209992,"template":"","meta":{"_acf_changed":false},"product_featured_cat":[5324,5318],"product_brand":[3677],"product_cat":[4188],"product_tag":[],"class_list":{"0":"post-209998","1":"product","2":"type-product","3":"status-publish","4":"has-post-thumbnail","6":"product_featured_cat-batterie-etagnieres-de","7":"product_featured_cat-sonderangebote-lithium-batterien","8":"product_brand-eza-de","9":"product_cat-batterien","11":"first","12":"instock","13":"sale","14":"taxable","15":"shipping-taxable","16":"purchasable","17":"product-type-simple"},"acf":[],"yoast_head":"<!-- This site is optimized with the Yoast SEO plugin v27.5 - https:\/\/yoast.com\/product\/yoast-seo-wordpress\/ -->\n<title>Batterie Compact Energie-E 100 EZA - Bantam<\/title>\n<meta name=\"robots\" content=\"index, follow, max-snippet:-1, max-image-preview:large, max-video-preview:-1\" \/>\n<link rel=\"canonical\" href=\"https:\/\/shop.bantam.ch\/de\/produkt\/batterie-compact-energie-e-100-eza\/\" \/>\n<meta property=\"og:locale\" content=\"de_DE\" \/>\n<meta property=\"og:type\" content=\"article\" \/>\n<meta property=\"og:title\" content=\"Batterie Compact Energie-E 100 EZA - Bantam\" \/>\n<meta property=\"og:description\" content=\"Mit der &#8222;ENERG-E&#8220;-Reihe bietet EZA ultra-leistungsf\u00e4hige Batterien, die Ihren Bed\u00fcrfnissen und W\u00fcnschen in Bezug auf die Energieversorgung an Bord entsprechen (Elektrofahrrad, Kaffeemaschine, Haartrockner, Induktionskochfeld&#8230;etc). Mit einem zul\u00e4ssigen Entladestrom von 1,5C kontinuierlich (C = Kapazit\u00e4t, z.B. 100A) und 3C pulsierend (einige Sekunden) geh\u00f6ren die ENERG-E Batterien zu den leistungsst\u00e4rksten und effizientesten auf dem Markt. Die ENERG-E [&hellip;]\" \/>\n<meta property=\"og:url\" content=\"https:\/\/shop.bantam.ch\/de\/produkt\/batterie-compact-energie-e-100-eza\/\" \/>\n<meta property=\"og:site_name\" content=\"Bantam\" \/>\n<meta property=\"article:modified_time\" content=\"2026-05-01T21:13:19+00:00\" \/>\n<meta property=\"og:image\" content=\"https:\/\/shop.bantam.ch\/wp-content\/uploads\/2025\/03\/496320_D3-4.jpg\" \/>\n\t<meta property=\"og:image:width\" content=\"800\" \/>\n\t<meta property=\"og:image:height\" content=\"814\" \/>\n\t<meta property=\"og:image:type\" content=\"image\/jpeg\" \/>\n<meta name=\"twitter:card\" content=\"summary_large_image\" \/>\n<meta name=\"twitter:label1\" content=\"Gesch\u00e4tzte Lesezeit\" \/>\n\t<meta name=\"twitter:data1\" content=\"1\u00a0Minute\" \/>\n<script type=\"application\/ld+json\" class=\"yoast-schema-graph\">{\"@context\":\"https:\\\/\\\/schema.org\",\"@graph\":[{\"@type\":\"WebPage\",\"@id\":\"https:\\\/\\\/shop.bantam.ch\\\/de\\\/produkt\\\/batterie-compact-energie-e-100-eza\\\/\",\"url\":\"https:\\\/\\\/shop.bantam.ch\\\/de\\\/produkt\\\/batterie-compact-energie-e-100-eza\\\/\",\"name\":\"Batterie Compact Energie-E 100 EZA - Bantam\",\"isPartOf\":{\"@id\":\"https:\\\/\\\/shop.bantam.ch\\\/de\\\/#website\"},\"primaryImageOfPage\":{\"@id\":\"https:\\\/\\\/shop.bantam.ch\\\/de\\\/produkt\\\/batterie-compact-energie-e-100-eza\\\/#primaryimage\"},\"image\":{\"@id\":\"https:\\\/\\\/shop.bantam.ch\\\/de\\\/produkt\\\/batterie-compact-energie-e-100-eza\\\/#primaryimage\"},\"thumbnailUrl\":\"https:\\\/\\\/shop.bantam.ch\\\/wp-content\\\/uploads\\\/2025\\\/03\\\/496320_D3-4.jpg\",\"datePublished\":\"2025-03-04T15:08:33+00:00\",\"dateModified\":\"2026-05-01T21:13:19+00:00\",\"breadcrumb\":{\"@id\":\"https:\\\/\\\/shop.bantam.ch\\\/de\\\/produkt\\\/batterie-compact-energie-e-100-eza\\\/#breadcrumb\"},\"inLanguage\":\"de\",\"potentialAction\":[{\"@type\":\"ReadAction\",\"target\":[\"https:\\\/\\\/shop.bantam.ch\\\/de\\\/produkt\\\/batterie-compact-energie-e-100-eza\\\/\"]}]},{\"@type\":\"ImageObject\",\"inLanguage\":\"de\",\"@id\":\"https:\\\/\\\/shop.bantam.ch\\\/de\\\/produkt\\\/batterie-compact-energie-e-100-eza\\\/#primaryimage\",\"url\":\"https:\\\/\\\/shop.bantam.ch\\\/wp-content\\\/uploads\\\/2025\\\/03\\\/496320_D3-4.jpg\",\"contentUrl\":\"https:\\\/\\\/shop.bantam.ch\\\/wp-content\\\/uploads\\\/2025\\\/03\\\/496320_D3-4.jpg\",\"width\":800,\"height\":814},{\"@type\":\"BreadcrumbList\",\"@id\":\"https:\\\/\\\/shop.bantam.ch\\\/de\\\/produkt\\\/batterie-compact-energie-e-100-eza\\\/#breadcrumb\",\"itemListElement\":[{\"@type\":\"ListItem\",\"position\":1,\"name\":\"Accueil\",\"item\":\"https:\\\/\\\/shop.bantam.ch\\\/de\\\/\"},{\"@type\":\"ListItem\",\"position\":2,\"name\":\"Shop\",\"item\":\"https:\\\/\\\/shop.bantam.ch\\\/de\\\/shop\\\/\"},{\"@type\":\"ListItem\",\"position\":3,\"name\":\"Batterie Compact Energie-E 100 EZA\"}]},{\"@type\":\"WebSite\",\"@id\":\"https:\\\/\\\/shop.bantam.ch\\\/de\\\/#website\",\"url\":\"https:\\\/\\\/shop.bantam.ch\\\/de\\\/\",\"name\":\"Bantam\",\"description\":\"\",\"publisher\":{\"@id\":\"https:\\\/\\\/shop.bantam.ch\\\/de\\\/#organization\"},\"inLanguage\":\"de\"},{\"@type\":\"Organization\",\"@id\":\"https:\\\/\\\/shop.bantam.ch\\\/de\\\/#organization\",\"name\":\"Bantam\",\"url\":\"https:\\\/\\\/shop.bantam.ch\\\/de\\\/\",\"logo\":{\"@type\":\"ImageObject\",\"inLanguage\":\"de\",\"@id\":\"https:\\\/\\\/shop.bantam.ch\\\/de\\\/#\\\/schema\\\/logo\\\/image\\\/\",\"url\":\"https:\\\/\\\/shop.bantam.ch\\\/wp-content\\\/uploads\\\/2022\\\/12\\\/bantam-logo.png\",\"contentUrl\":\"https:\\\/\\\/shop.bantam.ch\\\/wp-content\\\/uploads\\\/2022\\\/12\\\/bantam-logo.png\",\"width\":320,\"height\":71,\"caption\":\"Bantam\"},\"image\":{\"@id\":\"https:\\\/\\\/shop.bantam.ch\\\/de\\\/#\\\/schema\\\/logo\\\/image\\\/\"}}]}<\/script>\n<!-- \/ Yoast SEO plugin. -->","yoast_head_json":{"title":"Batterie Compact Energie-E 100 EZA - Bantam","robots":{"index":"index","follow":"follow","max-snippet":"max-snippet:-1","max-image-preview":"max-image-preview:large","max-video-preview":"max-video-preview:-1"},"canonical":"https:\/\/shop.bantam.ch\/de\/produkt\/batterie-compact-energie-e-100-eza\/","og_locale":"de_DE","og_type":"article","og_title":"Batterie Compact Energie-E 100 EZA - Bantam","og_description":"Mit der &#8222;ENERG-E&#8220;-Reihe bietet EZA ultra-leistungsf\u00e4hige Batterien, die Ihren Bed\u00fcrfnissen und W\u00fcnschen in Bezug auf die Energieversorgung an Bord entsprechen (Elektrofahrrad, Kaffeemaschine, Haartrockner, Induktionskochfeld&#8230;etc). Mit einem zul\u00e4ssigen Entladestrom von 1,5C kontinuierlich (C = Kapazit\u00e4t, z.B. 100A) und 3C pulsierend (einige Sekunden) geh\u00f6ren die ENERG-E Batterien zu den leistungsst\u00e4rksten und effizientesten auf dem Markt. Die ENERG-E [&hellip;]","og_url":"https:\/\/shop.bantam.ch\/de\/produkt\/batterie-compact-energie-e-100-eza\/","og_site_name":"Bantam","article_modified_time":"2026-05-01T21:13:19+00:00","og_image":[{"width":800,"height":814,"url":"https:\/\/shop.bantam.ch\/wp-content\/uploads\/2025\/03\/496320_D3-4.jpg","type":"image\/jpeg"}],"twitter_card":"summary_large_image","twitter_misc":{"Gesch\u00e4tzte Lesezeit":"1\u00a0Minute"},"schema":{"@context":"https:\/\/schema.org","@graph":[{"@type":"WebPage","@id":"https:\/\/shop.bantam.ch\/de\/produkt\/batterie-compact-energie-e-100-eza\/","url":"https:\/\/shop.bantam.ch\/de\/produkt\/batterie-compact-energie-e-100-eza\/","name":"Batterie Compact Energie-E 100 EZA - Bantam","isPartOf":{"@id":"https:\/\/shop.bantam.ch\/de\/#website"},"primaryImageOfPage":{"@id":"https:\/\/shop.bantam.ch\/de\/produkt\/batterie-compact-energie-e-100-eza\/#primaryimage"},"image":{"@id":"https:\/\/shop.bantam.ch\/de\/produkt\/batterie-compact-energie-e-100-eza\/#primaryimage"},"thumbnailUrl":"https:\/\/shop.bantam.ch\/wp-content\/uploads\/2025\/03\/496320_D3-4.jpg","datePublished":"2025-03-04T15:08:33+00:00","dateModified":"2026-05-01T21:13:19+00:00","breadcrumb":{"@id":"https:\/\/shop.bantam.ch\/de\/produkt\/batterie-compact-energie-e-100-eza\/#breadcrumb"},"inLanguage":"de","potentialAction":[{"@type":"ReadAction","target":["https:\/\/shop.bantam.ch\/de\/produkt\/batterie-compact-energie-e-100-eza\/"]}]},{"@type":"ImageObject","inLanguage":"de","@id":"https:\/\/shop.bantam.ch\/de\/produkt\/batterie-compact-energie-e-100-eza\/#primaryimage","url":"https:\/\/shop.bantam.ch\/wp-content\/uploads\/2025\/03\/496320_D3-4.jpg","contentUrl":"https:\/\/shop.bantam.ch\/wp-content\/uploads\/2025\/03\/496320_D3-4.jpg","width":800,"height":814},{"@type":"BreadcrumbList","@id":"https:\/\/shop.bantam.ch\/de\/produkt\/batterie-compact-energie-e-100-eza\/#breadcrumb","itemListElement":[{"@type":"ListItem","position":1,"name":"Accueil","item":"https:\/\/shop.bantam.ch\/de\/"},{"@type":"ListItem","position":2,"name":"Shop","item":"https:\/\/shop.bantam.ch\/de\/shop\/"},{"@type":"ListItem","position":3,"name":"Batterie Compact Energie-E 100 EZA"}]},{"@type":"WebSite","@id":"https:\/\/shop.bantam.ch\/de\/#website","url":"https:\/\/shop.bantam.ch\/de\/","name":"Bantam","description":"","publisher":{"@id":"https:\/\/shop.bantam.ch\/de\/#organization"},"inLanguage":"de"},{"@type":"Organization","@id":"https:\/\/shop.bantam.ch\/de\/#organization","name":"Bantam","url":"https:\/\/shop.bantam.ch\/de\/","logo":{"@type":"ImageObject","inLanguage":"de","@id":"https:\/\/shop.bantam.ch\/de\/#\/schema\/logo\/image\/","url":"https:\/\/shop.bantam.ch\/wp-content\/uploads\/2022\/12\/bantam-logo.png","contentUrl":"https:\/\/shop.bantam.ch\/wp-content\/uploads\/2022\/12\/bantam-logo.png","width":320,"height":71,"caption":"Bantam"},"image":{"@id":"https:\/\/shop.bantam.ch\/de\/#\/schema\/logo\/image\/"}}]}},"_links":{"self":[{"href":"https:\/\/shop.bantam.ch\/de\/wp-json\/wp\/v2\/product\/209998","targetHints":{"allow":["GET"]}}],"collection":[{"href":"https:\/\/shop.bantam.ch\/de\/wp-json\/wp\/v2\/product"}],"about":[{"href":"https:\/\/shop.bantam.ch\/de\/wp-json\/wp\/v2\/types\/product"}],"wp:featuredmedia":[{"embeddable":true,"href":"https:\/\/shop.bantam.ch\/de\/wp-json\/wp\/v2\/media\/209992"}],"wp:attachment":[{"href":"https:\/\/shop.bantam.ch\/de\/wp-json\/wp\/v2\/media?parent=209998"}],"wp:term":[{"taxonomy":"product_featured_cat","embeddable":true,"href":"https:\/\/shop.bantam.ch\/de\/wp-json\/wp\/v2\/product_featured_cat?post=209998"},{"taxonomy":"product_brand","embeddable":true,"href":"https:\/\/shop.bantam.ch\/de\/wp-json\/wp\/v2\/product_brand?post=209998"},{"taxonomy":"product_cat","embeddable":true,"href":"https:\/\/shop.bantam.ch\/de\/wp-json\/wp\/v2\/product_cat?post=209998"},{"taxonomy":"product_tag","embeddable":true,"href":"https:\/\/shop.bantam.ch\/de\/wp-json\/wp\/v2\/product_tag?post=209998"}],"curies":[{"name":"wp","href":"https:\/\/api.w.org\/{rel}","templated":true}]}}