{"id":209954,"date":"2025-03-04T14:39:23","date_gmt":"2025-03-04T13:39:23","guid":{"rendered":"https:\/\/shop.bantam.ch\/produit\/2-cook-turbo-ffd-gaskocher\/"},"modified":"2026-04-21T23:21:08","modified_gmt":"2026-04-21T21:21:08","slug":"2-cook-turbo-ffd-gaskocher","status":"publish","type":"product","link":"https:\/\/shop.bantam.ch\/de\/produkt\/2-cook-turbo-ffd-gaskocher\/","title":{"rendered":"2 Cook Turbo FFD Gaskocher"},"content":{"rendered":"<p>2 Cook Turbo FFD Gaskocher \u2013 Sicheres Kochen drinnen und drau\u00dfen. Kochen im Freien oder in Innenr\u00e4umen? Mit dem 2 Cook Turbo FFD ist beides problemlos m\u00f6glich. W\u00e4hrend das Kochen mit Gas oft Bedenken hinsichtlich der Sicherheit aufwirft, eliminiert dieser Kocher diese Sorgen. Dank eines Thermoelements, auch bekannt als Flame Failure Device (FFD), wird die Gaszufuhr automatisch unterbrochen, falls die Flamme unerwartet erlischt. Dieses Sicherheitsmerkmal macht das Ger\u00e4t ideal f\u00fcr den Einsatz in Zelten oder Wohnwagen \u2013 selbst bei schlechtem Wetter. Innovative Turbo-Brenner-Technologie. Die speziell entwickelten Turbo-Brenner sorgen f\u00fcr eine intensivere und pr\u00e4zisere W\u00e4rmeerzeugung, wodurch die Aufheizzeit im Vergleich zu herk\u00f6mmlichen Kochern verk\u00fcrzt und der Gasverbrauch um bis zu 20 % reduziert wird. Da sich die Brenner in der Basis des Kochers befinden, sind sie optimal vor Wind gesch\u00fctzt und verleihen dem Ger\u00e4t zudem ein elegantes Design. Jeder der zwei Brenner arbeitet unabh\u00e4ngig und ist mit einem eigenen Regler und Z\u00fcndknopf ausgestattet. Zum Lieferumfang geh\u00f6ren zwei Topftr\u00e4ger sowie seitliche Windschutzblenden. Zus\u00e4tzlich sind verschiedene optionale Zubeh\u00f6rteile erh\u00e4ltlich, die das Kocherlebnis noch vielseitiger gestalten. Die rutschfesten Gummif\u00fc\u00dfe gew\u00e4hrleisten eine stabile Nutzung und verhindern ungewollte Bewegungen des Kochers. Nach dem Gebrauch l\u00e4sst sich der Deckel einfach mit einer praktischen Verschlussklammer sichern, und das Ger\u00e4t kann bequem im mitgelieferten Transportbeutel verstaut werden. Merkmale &amp; Vorteile:<br \/>\nLeichter Gaskocher mit 2 Turbo-Brennern. FFD-Flammenschutz (Thermoelement) f\u00fcr maximale Sicherheit. F\u00fcr den Innen- und Au\u00dfeneinsatz geeignet. Geh\u00e4use aus robustem Nylon, Brennerbasis aus Edelstahl. Automatische Piezoz\u00fcndung. Inklusive 2 Topftr\u00e4ger und seitlichen Windschutzblenden. Praktische Transporttasche im Lieferumfang enthalten. 2 Jahre Garantie<\/p>\n","protected":false},"excerpt":{"rendered":"<p>2 Cook Turbo FFD Gaskocher \u2013 Sicheres Kochen drinnen und drau\u00dfen. Kochen im Freien oder in Innenr\u00e4umen? Mit dem 2 Cook Turbo FFD ist beides problemlos m\u00f6glich. W\u00e4hrend das Kochen mit Gas oft Bedenken hinsichtlich der Sicherheit aufwirft, eliminiert dieser Kocher diese Sorgen. Dank eines Thermoelements, auch bekannt als Flame Failure Device (FFD), wird die [&hellip;]<\/p>\n","protected":false},"featured_media":210017,"template":"","meta":{"_acf_changed":false},"product_featured_cat":[],"product_brand":[3669],"product_cat":[4280],"product_tag":[],"class_list":{"0":"post-209954","1":"product","2":"type-product","3":"status-publish","4":"has-post-thumbnail","6":"product_brand-cadac-de","7":"product_cat-gasgrills","9":"first","10":"instock","11":"taxable","12":"shipping-taxable","13":"purchasable","14":"product-type-simple"},"acf":[],"yoast_head":"<!-- This site is optimized with the Yoast SEO plugin v27.4 - https:\/\/yoast.com\/product\/yoast-seo-wordpress\/ -->\n<title>2 Cook Turbo FFD Gaskocher - Bantam Camping AG<\/title>\n<meta name=\"robots\" content=\"index, follow, max-snippet:-1, max-image-preview:large, max-video-preview:-1\" \/>\n<link rel=\"canonical\" href=\"https:\/\/shop.bantam.ch\/de\/produkt\/2-cook-turbo-ffd-gaskocher\/\" \/>\n<meta property=\"og:locale\" content=\"de_DE\" \/>\n<meta property=\"og:type\" content=\"article\" \/>\n<meta property=\"og:title\" content=\"2 Cook Turbo FFD Gaskocher - Bantam Camping AG\" \/>\n<meta property=\"og:description\" content=\"2 Cook Turbo FFD Gaskocher \u2013 Sicheres Kochen drinnen und drau\u00dfen. Kochen im Freien oder in Innenr\u00e4umen? Mit dem 2 Cook Turbo FFD ist beides problemlos m\u00f6glich. W\u00e4hrend das Kochen mit Gas oft Bedenken hinsichtlich der Sicherheit aufwirft, eliminiert dieser Kocher diese Sorgen. Dank eines Thermoelements, auch bekannt als Flame Failure Device (FFD), wird die [&hellip;]\" \/>\n<meta property=\"og:url\" content=\"https:\/\/shop.bantam.ch\/de\/produkt\/2-cook-turbo-ffd-gaskocher\/\" \/>\n<meta property=\"og:site_name\" content=\"Bantam Camping AG\" \/>\n<meta property=\"article:modified_time\" content=\"2026-04-21T21:21:08+00:00\" \/>\n<meta property=\"og:image\" content=\"https:\/\/shop.bantam.ch\/wp-content\/uploads\/2025\/03\/203F2C-10_2_Cook_1.jpg\" \/>\n\t<meta property=\"og:image:width\" content=\"800\" \/>\n\t<meta property=\"og:image:height\" content=\"800\" \/>\n\t<meta property=\"og:image:type\" content=\"image\/jpeg\" \/>\n<meta name=\"twitter:card\" content=\"summary_large_image\" \/>\n<meta name=\"twitter:label1\" content=\"Gesch\u00e4tzte Lesezeit\" \/>\n\t<meta name=\"twitter:data1\" content=\"1\u00a0Minute\" \/>\n<script type=\"application\/ld+json\" class=\"yoast-schema-graph\">{\"@context\":\"https:\\\/\\\/schema.org\",\"@graph\":[{\"@type\":\"WebPage\",\"@id\":\"https:\\\/\\\/shop.bantam.ch\\\/de\\\/produkt\\\/2-cook-turbo-ffd-gaskocher\\\/\",\"url\":\"https:\\\/\\\/shop.bantam.ch\\\/de\\\/produkt\\\/2-cook-turbo-ffd-gaskocher\\\/\",\"name\":\"2 Cook Turbo FFD Gaskocher - Bantam Camping AG\",\"isPartOf\":{\"@id\":\"https:\\\/\\\/shop.bantam.ch\\\/de\\\/#website\"},\"primaryImageOfPage\":{\"@id\":\"https:\\\/\\\/shop.bantam.ch\\\/de\\\/produkt\\\/2-cook-turbo-ffd-gaskocher\\\/#primaryimage\"},\"image\":{\"@id\":\"https:\\\/\\\/shop.bantam.ch\\\/de\\\/produkt\\\/2-cook-turbo-ffd-gaskocher\\\/#primaryimage\"},\"thumbnailUrl\":\"https:\\\/\\\/shop.bantam.ch\\\/wp-content\\\/uploads\\\/2025\\\/03\\\/203F2C-10_2_Cook_1.jpg\",\"datePublished\":\"2025-03-04T13:39:23+00:00\",\"dateModified\":\"2026-04-21T21:21:08+00:00\",\"breadcrumb\":{\"@id\":\"https:\\\/\\\/shop.bantam.ch\\\/de\\\/produkt\\\/2-cook-turbo-ffd-gaskocher\\\/#breadcrumb\"},\"inLanguage\":\"de\",\"potentialAction\":[{\"@type\":\"ReadAction\",\"target\":[\"https:\\\/\\\/shop.bantam.ch\\\/de\\\/produkt\\\/2-cook-turbo-ffd-gaskocher\\\/\"]}]},{\"@type\":\"ImageObject\",\"inLanguage\":\"de\",\"@id\":\"https:\\\/\\\/shop.bantam.ch\\\/de\\\/produkt\\\/2-cook-turbo-ffd-gaskocher\\\/#primaryimage\",\"url\":\"https:\\\/\\\/shop.bantam.ch\\\/wp-content\\\/uploads\\\/2025\\\/03\\\/203F2C-10_2_Cook_1.jpg\",\"contentUrl\":\"https:\\\/\\\/shop.bantam.ch\\\/wp-content\\\/uploads\\\/2025\\\/03\\\/203F2C-10_2_Cook_1.jpg\",\"width\":800,\"height\":800},{\"@type\":\"BreadcrumbList\",\"@id\":\"https:\\\/\\\/shop.bantam.ch\\\/de\\\/produkt\\\/2-cook-turbo-ffd-gaskocher\\\/#breadcrumb\",\"itemListElement\":[{\"@type\":\"ListItem\",\"position\":1,\"name\":\"Accueil\",\"item\":\"https:\\\/\\\/shop.bantam.ch\\\/de\\\/\"},{\"@type\":\"ListItem\",\"position\":2,\"name\":\"Shop\",\"item\":\"https:\\\/\\\/shop.bantam.ch\\\/de\\\/shop\\\/\"},{\"@type\":\"ListItem\",\"position\":3,\"name\":\"2 Cook Turbo FFD Gaskocher\"}]},{\"@type\":\"WebSite\",\"@id\":\"https:\\\/\\\/shop.bantam.ch\\\/de\\\/#website\",\"url\":\"https:\\\/\\\/shop.bantam.ch\\\/de\\\/\",\"name\":\"Bantam Camping AG\",\"description\":\"\",\"publisher\":{\"@id\":\"https:\\\/\\\/shop.bantam.ch\\\/de\\\/#organization\"},\"inLanguage\":\"de\"},{\"@type\":\"Organization\",\"@id\":\"https:\\\/\\\/shop.bantam.ch\\\/de\\\/#organization\",\"name\":\"Bantam Camping AG\",\"url\":\"https:\\\/\\\/shop.bantam.ch\\\/de\\\/\",\"logo\":{\"@type\":\"ImageObject\",\"inLanguage\":\"de\",\"@id\":\"https:\\\/\\\/shop.bantam.ch\\\/de\\\/#\\\/schema\\\/logo\\\/image\\\/\",\"url\":\"https:\\\/\\\/shop.bantam.ch\\\/wp-content\\\/uploads\\\/2022\\\/12\\\/bantam-logo.png\",\"contentUrl\":\"https:\\\/\\\/shop.bantam.ch\\\/wp-content\\\/uploads\\\/2022\\\/12\\\/bantam-logo.png\",\"width\":320,\"height\":71,\"caption\":\"Bantam Camping AG\"},\"image\":{\"@id\":\"https:\\\/\\\/shop.bantam.ch\\\/de\\\/#\\\/schema\\\/logo\\\/image\\\/\"}}]}<\/script>\n<!-- \/ Yoast SEO plugin. -->","yoast_head_json":{"title":"2 Cook Turbo FFD Gaskocher - Bantam Camping AG","robots":{"index":"index","follow":"follow","max-snippet":"max-snippet:-1","max-image-preview":"max-image-preview:large","max-video-preview":"max-video-preview:-1"},"canonical":"https:\/\/shop.bantam.ch\/de\/produkt\/2-cook-turbo-ffd-gaskocher\/","og_locale":"de_DE","og_type":"article","og_title":"2 Cook Turbo FFD Gaskocher - Bantam Camping AG","og_description":"2 Cook Turbo FFD Gaskocher \u2013 Sicheres Kochen drinnen und drau\u00dfen. Kochen im Freien oder in Innenr\u00e4umen? Mit dem 2 Cook Turbo FFD ist beides problemlos m\u00f6glich. W\u00e4hrend das Kochen mit Gas oft Bedenken hinsichtlich der Sicherheit aufwirft, eliminiert dieser Kocher diese Sorgen. Dank eines Thermoelements, auch bekannt als Flame Failure Device (FFD), wird die [&hellip;]","og_url":"https:\/\/shop.bantam.ch\/de\/produkt\/2-cook-turbo-ffd-gaskocher\/","og_site_name":"Bantam Camping AG","article_modified_time":"2026-04-21T21:21:08+00:00","og_image":[{"width":800,"height":800,"url":"https:\/\/shop.bantam.ch\/wp-content\/uploads\/2025\/03\/203F2C-10_2_Cook_1.jpg","type":"image\/jpeg"}],"twitter_card":"summary_large_image","twitter_misc":{"Gesch\u00e4tzte Lesezeit":"1\u00a0Minute"},"schema":{"@context":"https:\/\/schema.org","@graph":[{"@type":"WebPage","@id":"https:\/\/shop.bantam.ch\/de\/produkt\/2-cook-turbo-ffd-gaskocher\/","url":"https:\/\/shop.bantam.ch\/de\/produkt\/2-cook-turbo-ffd-gaskocher\/","name":"2 Cook Turbo FFD Gaskocher - Bantam Camping AG","isPartOf":{"@id":"https:\/\/shop.bantam.ch\/de\/#website"},"primaryImageOfPage":{"@id":"https:\/\/shop.bantam.ch\/de\/produkt\/2-cook-turbo-ffd-gaskocher\/#primaryimage"},"image":{"@id":"https:\/\/shop.bantam.ch\/de\/produkt\/2-cook-turbo-ffd-gaskocher\/#primaryimage"},"thumbnailUrl":"https:\/\/shop.bantam.ch\/wp-content\/uploads\/2025\/03\/203F2C-10_2_Cook_1.jpg","datePublished":"2025-03-04T13:39:23+00:00","dateModified":"2026-04-21T21:21:08+00:00","breadcrumb":{"@id":"https:\/\/shop.bantam.ch\/de\/produkt\/2-cook-turbo-ffd-gaskocher\/#breadcrumb"},"inLanguage":"de","potentialAction":[{"@type":"ReadAction","target":["https:\/\/shop.bantam.ch\/de\/produkt\/2-cook-turbo-ffd-gaskocher\/"]}]},{"@type":"ImageObject","inLanguage":"de","@id":"https:\/\/shop.bantam.ch\/de\/produkt\/2-cook-turbo-ffd-gaskocher\/#primaryimage","url":"https:\/\/shop.bantam.ch\/wp-content\/uploads\/2025\/03\/203F2C-10_2_Cook_1.jpg","contentUrl":"https:\/\/shop.bantam.ch\/wp-content\/uploads\/2025\/03\/203F2C-10_2_Cook_1.jpg","width":800,"height":800},{"@type":"BreadcrumbList","@id":"https:\/\/shop.bantam.ch\/de\/produkt\/2-cook-turbo-ffd-gaskocher\/#breadcrumb","itemListElement":[{"@type":"ListItem","position":1,"name":"Accueil","item":"https:\/\/shop.bantam.ch\/de\/"},{"@type":"ListItem","position":2,"name":"Shop","item":"https:\/\/shop.bantam.ch\/de\/shop\/"},{"@type":"ListItem","position":3,"name":"2 Cook Turbo FFD Gaskocher"}]},{"@type":"WebSite","@id":"https:\/\/shop.bantam.ch\/de\/#website","url":"https:\/\/shop.bantam.ch\/de\/","name":"Bantam Camping AG","description":"","publisher":{"@id":"https:\/\/shop.bantam.ch\/de\/#organization"},"inLanguage":"de"},{"@type":"Organization","@id":"https:\/\/shop.bantam.ch\/de\/#organization","name":"Bantam Camping AG","url":"https:\/\/shop.bantam.ch\/de\/","logo":{"@type":"ImageObject","inLanguage":"de","@id":"https:\/\/shop.bantam.ch\/de\/#\/schema\/logo\/image\/","url":"https:\/\/shop.bantam.ch\/wp-content\/uploads\/2022\/12\/bantam-logo.png","contentUrl":"https:\/\/shop.bantam.ch\/wp-content\/uploads\/2022\/12\/bantam-logo.png","width":320,"height":71,"caption":"Bantam Camping AG"},"image":{"@id":"https:\/\/shop.bantam.ch\/de\/#\/schema\/logo\/image\/"}}]}},"_links":{"self":[{"href":"https:\/\/shop.bantam.ch\/de\/wp-json\/wp\/v2\/product\/209954","targetHints":{"allow":["GET"]}}],"collection":[{"href":"https:\/\/shop.bantam.ch\/de\/wp-json\/wp\/v2\/product"}],"about":[{"href":"https:\/\/shop.bantam.ch\/de\/wp-json\/wp\/v2\/types\/product"}],"wp:featuredmedia":[{"embeddable":true,"href":"https:\/\/shop.bantam.ch\/de\/wp-json\/wp\/v2\/media\/210017"}],"wp:attachment":[{"href":"https:\/\/shop.bantam.ch\/de\/wp-json\/wp\/v2\/media?parent=209954"}],"wp:term":[{"taxonomy":"product_featured_cat","embeddable":true,"href":"https:\/\/shop.bantam.ch\/de\/wp-json\/wp\/v2\/product_featured_cat?post=209954"},{"taxonomy":"product_brand","embeddable":true,"href":"https:\/\/shop.bantam.ch\/de\/wp-json\/wp\/v2\/product_brand?post=209954"},{"taxonomy":"product_cat","embeddable":true,"href":"https:\/\/shop.bantam.ch\/de\/wp-json\/wp\/v2\/product_cat?post=209954"},{"taxonomy":"product_tag","embeddable":true,"href":"https:\/\/shop.bantam.ch\/de\/wp-json\/wp\/v2\/product_tag?post=209954"}],"curies":[{"name":"wp","href":"https:\/\/api.w.org\/{rel}","templated":true}]}}