{"id":209932,"date":"2025-03-04T11:19:14","date_gmt":"2025-03-04T10:19:14","guid":{"rendered":"https:\/\/shop.bantam.ch\/produit\/stielglashalter-froli\/"},"modified":"2026-04-18T23:19:43","modified_gmt":"2026-04-18T21:19:43","slug":"stielglashalter-froli","status":"publish","type":"product","link":"https:\/\/shop.bantam.ch\/de\/produkt\/stielglashalter-froli\/","title":{"rendered":"Gl\u00e4serhalter mit Fuss Froli"},"content":{"rendered":"<p>H\u00e4ngender K\u00fcchenhalter f\u00fcr Stielgl\u00e4ser<br \/>\nDer Glashalter erm\u00f6glicht die optimale Einrichtung der K\u00fcche Ihres Freizeitfahrzeugs (Wohnmobil, Boot, Wohnwagen, Van &#8230;). Eine clevere Aufbewahrungsl\u00f6sung, um Platz in Ihren Schr\u00e4nken zu sparen!<br \/>\nDieses Set besteht aus zwei Glashaltern, ideal zur sicheren Aufbewahrung Ihrer Weingl\u00e4ser. Der Halter eignet sich f\u00fcr Stielgl\u00e4ser mit einem maximalen Durchmesser von 78 mm und kann 2 bis 3 Gl\u00e4ser aller Art (Weingl\u00e4ser, Sektgl\u00e4ser \u2026) aufnehmen. W\u00e4hrend der Fahrt bleiben die Gl\u00e4ser fest fixiert \u2013 kein Zerbrechen!<br \/>\nDie Installation ist einfach und kann in einem Schrank oder unter einem Regal erfolgen. Befestigungsmaterial (6 Holzschrauben) ist im Lieferumfang enthalten.<br \/>\nVorteile des h\u00e4ngenden Froli-Weinglashalters:<br \/>\nSet aus 2 Glashaltern f\u00fcr Stielgl\u00e4ser<br \/>\nPlatzsparende Aufbewahrung<br \/>\nMaterial: Kunststoff<br \/>\nF\u00fcr 2 bis 3 Weingl\u00e4ser pro Halter (max. \u00d8 78 mm)<\/p>\n","protected":false},"excerpt":{"rendered":"<p>H\u00e4ngender K\u00fcchenhalter f\u00fcr Stielgl\u00e4ser Der Glashalter erm\u00f6glicht die optimale Einrichtung der K\u00fcche Ihres Freizeitfahrzeugs (Wohnmobil, Boot, Wohnwagen, Van &#8230;). Eine clevere Aufbewahrungsl\u00f6sung, um Platz in Ihren Schr\u00e4nken zu sparen! Dieses Set besteht aus zwei Glashaltern, ideal zur sicheren Aufbewahrung Ihrer Weingl\u00e4ser. Der Halter eignet sich f\u00fcr Stielgl\u00e4ser mit einem maximalen Durchmesser von 78 mm und [&hellip;]<\/p>\n","protected":false},"featured_media":209934,"template":"","meta":{"_acf_changed":false},"product_featured_cat":[],"product_brand":[3059],"product_cat":[5150],"product_tag":[],"class_list":{"0":"post-209932","1":"product","2":"type-product","3":"status-publish","4":"has-post-thumbnail","6":"product_brand-froli-de","7":"product_cat-fixiermodule","9":"first","10":"instock","11":"taxable","12":"shipping-taxable","13":"purchasable","14":"product-type-simple"},"acf":[],"yoast_head":"<!-- This site is optimized with the Yoast SEO plugin v27.4 - https:\/\/yoast.com\/product\/yoast-seo-wordpress\/ -->\n<title>Gl\u00e4serhalter mit Fuss Froli - Bantam Camping AG<\/title>\n<meta name=\"robots\" content=\"index, follow, max-snippet:-1, max-image-preview:large, max-video-preview:-1\" \/>\n<link rel=\"canonical\" href=\"https:\/\/shop.bantam.ch\/de\/produkt\/stielglashalter-froli\/\" \/>\n<meta property=\"og:locale\" content=\"de_DE\" \/>\n<meta property=\"og:type\" content=\"article\" \/>\n<meta property=\"og:title\" content=\"Gl\u00e4serhalter mit Fuss Froli - Bantam Camping AG\" \/>\n<meta property=\"og:description\" content=\"H\u00e4ngender K\u00fcchenhalter f\u00fcr Stielgl\u00e4ser Der Glashalter erm\u00f6glicht die optimale Einrichtung der K\u00fcche Ihres Freizeitfahrzeugs (Wohnmobil, Boot, Wohnwagen, Van &#8230;). Eine clevere Aufbewahrungsl\u00f6sung, um Platz in Ihren Schr\u00e4nken zu sparen! Dieses Set besteht aus zwei Glashaltern, ideal zur sicheren Aufbewahrung Ihrer Weingl\u00e4ser. Der Halter eignet sich f\u00fcr Stielgl\u00e4ser mit einem maximalen Durchmesser von 78 mm und [&hellip;]\" \/>\n<meta property=\"og:url\" content=\"https:\/\/shop.bantam.ch\/de\/produkt\/stielglashalter-froli\/\" \/>\n<meta property=\"og:site_name\" content=\"Bantam Camping AG\" \/>\n<meta property=\"article:modified_time\" content=\"2026-04-18T21:19:43+00:00\" \/>\n<meta property=\"og:image\" content=\"https:\/\/shop.bantam.ch\/wp-content\/uploads\/2025\/03\/083077-PA.jpg\" \/>\n\t<meta property=\"og:image:width\" content=\"800\" \/>\n\t<meta property=\"og:image:height\" content=\"1065\" \/>\n\t<meta property=\"og:image:type\" content=\"image\/jpeg\" \/>\n<meta name=\"twitter:card\" content=\"summary_large_image\" \/>\n<meta name=\"twitter:label1\" content=\"Gesch\u00e4tzte Lesezeit\" \/>\n\t<meta name=\"twitter:data1\" content=\"1\u00a0Minute\" \/>\n<script type=\"application\/ld+json\" class=\"yoast-schema-graph\">{\"@context\":\"https:\\\/\\\/schema.org\",\"@graph\":[{\"@type\":\"WebPage\",\"@id\":\"https:\\\/\\\/shop.bantam.ch\\\/de\\\/produkt\\\/stielglashalter-froli\\\/\",\"url\":\"https:\\\/\\\/shop.bantam.ch\\\/de\\\/produkt\\\/stielglashalter-froli\\\/\",\"name\":\"Gl\u00e4serhalter mit Fuss Froli - Bantam Camping AG\",\"isPartOf\":{\"@id\":\"https:\\\/\\\/shop.bantam.ch\\\/de\\\/#website\"},\"primaryImageOfPage\":{\"@id\":\"https:\\\/\\\/shop.bantam.ch\\\/de\\\/produkt\\\/stielglashalter-froli\\\/#primaryimage\"},\"image\":{\"@id\":\"https:\\\/\\\/shop.bantam.ch\\\/de\\\/produkt\\\/stielglashalter-froli\\\/#primaryimage\"},\"thumbnailUrl\":\"https:\\\/\\\/shop.bantam.ch\\\/wp-content\\\/uploads\\\/2025\\\/03\\\/083077-PA.jpg\",\"datePublished\":\"2025-03-04T10:19:14+00:00\",\"dateModified\":\"2026-04-18T21:19:43+00:00\",\"breadcrumb\":{\"@id\":\"https:\\\/\\\/shop.bantam.ch\\\/de\\\/produkt\\\/stielglashalter-froli\\\/#breadcrumb\"},\"inLanguage\":\"de\",\"potentialAction\":[{\"@type\":\"ReadAction\",\"target\":[\"https:\\\/\\\/shop.bantam.ch\\\/de\\\/produkt\\\/stielglashalter-froli\\\/\"]}]},{\"@type\":\"ImageObject\",\"inLanguage\":\"de\",\"@id\":\"https:\\\/\\\/shop.bantam.ch\\\/de\\\/produkt\\\/stielglashalter-froli\\\/#primaryimage\",\"url\":\"https:\\\/\\\/shop.bantam.ch\\\/wp-content\\\/uploads\\\/2025\\\/03\\\/083077-PA.jpg\",\"contentUrl\":\"https:\\\/\\\/shop.bantam.ch\\\/wp-content\\\/uploads\\\/2025\\\/03\\\/083077-PA.jpg\",\"width\":800,\"height\":1065},{\"@type\":\"BreadcrumbList\",\"@id\":\"https:\\\/\\\/shop.bantam.ch\\\/de\\\/produkt\\\/stielglashalter-froli\\\/#breadcrumb\",\"itemListElement\":[{\"@type\":\"ListItem\",\"position\":1,\"name\":\"Accueil\",\"item\":\"https:\\\/\\\/shop.bantam.ch\\\/de\\\/\"},{\"@type\":\"ListItem\",\"position\":2,\"name\":\"Shop\",\"item\":\"https:\\\/\\\/shop.bantam.ch\\\/de\\\/shop\\\/\"},{\"@type\":\"ListItem\",\"position\":3,\"name\":\"Gl\u00e4serhalter mit Fuss Froli\"}]},{\"@type\":\"WebSite\",\"@id\":\"https:\\\/\\\/shop.bantam.ch\\\/de\\\/#website\",\"url\":\"https:\\\/\\\/shop.bantam.ch\\\/de\\\/\",\"name\":\"Bantam Camping AG\",\"description\":\"\",\"publisher\":{\"@id\":\"https:\\\/\\\/shop.bantam.ch\\\/de\\\/#organization\"},\"inLanguage\":\"de\"},{\"@type\":\"Organization\",\"@id\":\"https:\\\/\\\/shop.bantam.ch\\\/de\\\/#organization\",\"name\":\"Bantam Camping AG\",\"url\":\"https:\\\/\\\/shop.bantam.ch\\\/de\\\/\",\"logo\":{\"@type\":\"ImageObject\",\"inLanguage\":\"de\",\"@id\":\"https:\\\/\\\/shop.bantam.ch\\\/de\\\/#\\\/schema\\\/logo\\\/image\\\/\",\"url\":\"https:\\\/\\\/shop.bantam.ch\\\/wp-content\\\/uploads\\\/2022\\\/12\\\/bantam-logo.png\",\"contentUrl\":\"https:\\\/\\\/shop.bantam.ch\\\/wp-content\\\/uploads\\\/2022\\\/12\\\/bantam-logo.png\",\"width\":320,\"height\":71,\"caption\":\"Bantam Camping AG\"},\"image\":{\"@id\":\"https:\\\/\\\/shop.bantam.ch\\\/de\\\/#\\\/schema\\\/logo\\\/image\\\/\"}}]}<\/script>\n<!-- \/ Yoast SEO plugin. -->","yoast_head_json":{"title":"Gl\u00e4serhalter mit Fuss Froli - Bantam Camping AG","robots":{"index":"index","follow":"follow","max-snippet":"max-snippet:-1","max-image-preview":"max-image-preview:large","max-video-preview":"max-video-preview:-1"},"canonical":"https:\/\/shop.bantam.ch\/de\/produkt\/stielglashalter-froli\/","og_locale":"de_DE","og_type":"article","og_title":"Gl\u00e4serhalter mit Fuss Froli - Bantam Camping AG","og_description":"H\u00e4ngender K\u00fcchenhalter f\u00fcr Stielgl\u00e4ser Der Glashalter erm\u00f6glicht die optimale Einrichtung der K\u00fcche Ihres Freizeitfahrzeugs (Wohnmobil, Boot, Wohnwagen, Van &#8230;). Eine clevere Aufbewahrungsl\u00f6sung, um Platz in Ihren Schr\u00e4nken zu sparen! Dieses Set besteht aus zwei Glashaltern, ideal zur sicheren Aufbewahrung Ihrer Weingl\u00e4ser. Der Halter eignet sich f\u00fcr Stielgl\u00e4ser mit einem maximalen Durchmesser von 78 mm und [&hellip;]","og_url":"https:\/\/shop.bantam.ch\/de\/produkt\/stielglashalter-froli\/","og_site_name":"Bantam Camping AG","article_modified_time":"2026-04-18T21:19:43+00:00","og_image":[{"width":800,"height":1065,"url":"https:\/\/shop.bantam.ch\/wp-content\/uploads\/2025\/03\/083077-PA.jpg","type":"image\/jpeg"}],"twitter_card":"summary_large_image","twitter_misc":{"Gesch\u00e4tzte Lesezeit":"1\u00a0Minute"},"schema":{"@context":"https:\/\/schema.org","@graph":[{"@type":"WebPage","@id":"https:\/\/shop.bantam.ch\/de\/produkt\/stielglashalter-froli\/","url":"https:\/\/shop.bantam.ch\/de\/produkt\/stielglashalter-froli\/","name":"Gl\u00e4serhalter mit Fuss Froli - Bantam Camping AG","isPartOf":{"@id":"https:\/\/shop.bantam.ch\/de\/#website"},"primaryImageOfPage":{"@id":"https:\/\/shop.bantam.ch\/de\/produkt\/stielglashalter-froli\/#primaryimage"},"image":{"@id":"https:\/\/shop.bantam.ch\/de\/produkt\/stielglashalter-froli\/#primaryimage"},"thumbnailUrl":"https:\/\/shop.bantam.ch\/wp-content\/uploads\/2025\/03\/083077-PA.jpg","datePublished":"2025-03-04T10:19:14+00:00","dateModified":"2026-04-18T21:19:43+00:00","breadcrumb":{"@id":"https:\/\/shop.bantam.ch\/de\/produkt\/stielglashalter-froli\/#breadcrumb"},"inLanguage":"de","potentialAction":[{"@type":"ReadAction","target":["https:\/\/shop.bantam.ch\/de\/produkt\/stielglashalter-froli\/"]}]},{"@type":"ImageObject","inLanguage":"de","@id":"https:\/\/shop.bantam.ch\/de\/produkt\/stielglashalter-froli\/#primaryimage","url":"https:\/\/shop.bantam.ch\/wp-content\/uploads\/2025\/03\/083077-PA.jpg","contentUrl":"https:\/\/shop.bantam.ch\/wp-content\/uploads\/2025\/03\/083077-PA.jpg","width":800,"height":1065},{"@type":"BreadcrumbList","@id":"https:\/\/shop.bantam.ch\/de\/produkt\/stielglashalter-froli\/#breadcrumb","itemListElement":[{"@type":"ListItem","position":1,"name":"Accueil","item":"https:\/\/shop.bantam.ch\/de\/"},{"@type":"ListItem","position":2,"name":"Shop","item":"https:\/\/shop.bantam.ch\/de\/shop\/"},{"@type":"ListItem","position":3,"name":"Gl\u00e4serhalter mit Fuss Froli"}]},{"@type":"WebSite","@id":"https:\/\/shop.bantam.ch\/de\/#website","url":"https:\/\/shop.bantam.ch\/de\/","name":"Bantam Camping AG","description":"","publisher":{"@id":"https:\/\/shop.bantam.ch\/de\/#organization"},"inLanguage":"de"},{"@type":"Organization","@id":"https:\/\/shop.bantam.ch\/de\/#organization","name":"Bantam Camping AG","url":"https:\/\/shop.bantam.ch\/de\/","logo":{"@type":"ImageObject","inLanguage":"de","@id":"https:\/\/shop.bantam.ch\/de\/#\/schema\/logo\/image\/","url":"https:\/\/shop.bantam.ch\/wp-content\/uploads\/2022\/12\/bantam-logo.png","contentUrl":"https:\/\/shop.bantam.ch\/wp-content\/uploads\/2022\/12\/bantam-logo.png","width":320,"height":71,"caption":"Bantam Camping AG"},"image":{"@id":"https:\/\/shop.bantam.ch\/de\/#\/schema\/logo\/image\/"}}]}},"_links":{"self":[{"href":"https:\/\/shop.bantam.ch\/de\/wp-json\/wp\/v2\/product\/209932","targetHints":{"allow":["GET"]}}],"collection":[{"href":"https:\/\/shop.bantam.ch\/de\/wp-json\/wp\/v2\/product"}],"about":[{"href":"https:\/\/shop.bantam.ch\/de\/wp-json\/wp\/v2\/types\/product"}],"wp:featuredmedia":[{"embeddable":true,"href":"https:\/\/shop.bantam.ch\/de\/wp-json\/wp\/v2\/media\/209934"}],"wp:attachment":[{"href":"https:\/\/shop.bantam.ch\/de\/wp-json\/wp\/v2\/media?parent=209932"}],"wp:term":[{"taxonomy":"product_featured_cat","embeddable":true,"href":"https:\/\/shop.bantam.ch\/de\/wp-json\/wp\/v2\/product_featured_cat?post=209932"},{"taxonomy":"product_brand","embeddable":true,"href":"https:\/\/shop.bantam.ch\/de\/wp-json\/wp\/v2\/product_brand?post=209932"},{"taxonomy":"product_cat","embeddable":true,"href":"https:\/\/shop.bantam.ch\/de\/wp-json\/wp\/v2\/product_cat?post=209932"},{"taxonomy":"product_tag","embeddable":true,"href":"https:\/\/shop.bantam.ch\/de\/wp-json\/wp\/v2\/product_tag?post=209932"}],"curies":[{"name":"wp","href":"https:\/\/api.w.org\/{rel}","templated":true}]}}