{"id":209717,"date":"2025-02-28T16:57:29","date_gmt":"2025-02-28T15:57:29","guid":{"rendered":"https:\/\/shop.bantam.ch\/produit\/dometic-cool-ice-ci-70-steinfarbe\/"},"modified":"2026-04-18T22:56:59","modified_gmt":"2026-04-18T20:56:59","slug":"dometic-cool-ice-ci-70-steinfarbe","status":"publish","type":"product","link":"https:\/\/shop.bantam.ch\/de\/produkt\/dometic-cool-ice-ci-70-steinfarbe\/","title":{"rendered":"DOMETIC Cool Ice CI 70 &#8211; Steinfarbe"},"content":{"rendered":"<p>Diese \u00e4u\u00dferst effiziente und leichte K\u00fchlbox h\u00e4lt das Eis mehrere Tage lang frisch. Dank der dicken Schaumstoffisolierung in K\u00fchlqualit\u00e4t und der speziellen Labyrinthdichtung k\u00f6nnen Sie eine eiskalte Erfrischung \u00fcberall mit hinnehmen!<\/p>\n<p>Dicke Isolierung und eine speziell entwickelte Dichtung halten das Eis l\u00e4nger frisch.<br \/>\nHygienisch und leicht zu reinigen mit gro\u00dfem Ablassstopfen.<br \/>\nLeicht und einfach zu transportieren dank starker, ergonomischer Griffe.<br \/>\nRobuste und widerstandsf\u00e4hige Konstruktion aus lebensmittelechtem Polyethylen.<br \/>\nIntegrierte F\u00fc\u00dfe aus Polyethylen<br \/>\nPraktische Verzurrpunkte unter den Griffen<br \/>\nIntegrierte Scharniere mit Edelstahlgest\u00e4nge, Verschl\u00fcsse aus langlebigem Gummi<br \/>\nAbmessungen H x B x T (mm) 432 x 690 x 515<br \/>\nGewicht (kg) 11,8<\/p>\n","protected":false},"excerpt":{"rendered":"<p>Diese \u00e4u\u00dferst effiziente und leichte K\u00fchlbox h\u00e4lt das Eis mehrere Tage lang frisch. Dank der dicken Schaumstoffisolierung in K\u00fchlqualit\u00e4t und der speziellen Labyrinthdichtung k\u00f6nnen Sie eine eiskalte Erfrischung \u00fcberall mit hinnehmen! Dicke Isolierung und eine speziell entwickelte Dichtung halten das Eis l\u00e4nger frisch. Hygienisch und leicht zu reinigen mit gro\u00dfem Ablassstopfen. Leicht und einfach zu [&hellip;]<\/p>\n","protected":false},"featured_media":217267,"template":"","meta":{"_acf_changed":false},"product_featured_cat":[5301],"product_brand":[3029],"product_cat":[5164],"product_tag":[],"class_list":{"0":"post-209717","1":"product","2":"type-product","3":"status-publish","4":"has-post-thumbnail","6":"product_featured_cat-promotions-etagnieres-fr","7":"product_brand-dometic-de","8":"product_cat-kuehlboxen-kuehlen-heizen","10":"first","11":"instock","12":"sale","13":"taxable","14":"shipping-taxable","15":"purchasable","16":"product-type-simple"},"acf":[],"yoast_head":"<!-- This site is optimized with the Yoast SEO plugin v27.4 - https:\/\/yoast.com\/product\/yoast-seo-wordpress\/ -->\n<title>DOMETIC Cool Ice CI 70 - Steinfarbe - Bantam Camping AG<\/title>\n<meta name=\"robots\" content=\"index, follow, max-snippet:-1, max-image-preview:large, max-video-preview:-1\" \/>\n<link rel=\"canonical\" href=\"https:\/\/shop.bantam.ch\/de\/produkt\/dometic-cool-ice-ci-70-steinfarbe\/\" \/>\n<meta property=\"og:locale\" content=\"de_DE\" \/>\n<meta property=\"og:type\" content=\"article\" \/>\n<meta property=\"og:title\" content=\"DOMETIC Cool Ice CI 70 - Steinfarbe - Bantam Camping AG\" \/>\n<meta property=\"og:description\" content=\"Diese \u00e4u\u00dferst effiziente und leichte K\u00fchlbox h\u00e4lt das Eis mehrere Tage lang frisch. Dank der dicken Schaumstoffisolierung in K\u00fchlqualit\u00e4t und der speziellen Labyrinthdichtung k\u00f6nnen Sie eine eiskalte Erfrischung \u00fcberall mit hinnehmen! Dicke Isolierung und eine speziell entwickelte Dichtung halten das Eis l\u00e4nger frisch. Hygienisch und leicht zu reinigen mit gro\u00dfem Ablassstopfen. Leicht und einfach zu [&hellip;]\" \/>\n<meta property=\"og:url\" content=\"https:\/\/shop.bantam.ch\/de\/produkt\/dometic-cool-ice-ci-70-steinfarbe\/\" \/>\n<meta property=\"og:site_name\" content=\"Bantam Camping AG\" \/>\n<meta property=\"article:modified_time\" content=\"2026-04-18T20:56:59+00:00\" \/>\n<meta property=\"og:image\" content=\"https:\/\/shop.bantam.ch\/wp-content\/uploads\/2025\/03\/glaciere-isotherme-71-l-ref-cool-ice-ci-70_ok.jpg\" \/>\n\t<meta property=\"og:image:width\" content=\"600\" \/>\n\t<meta property=\"og:image:height\" content=\"600\" \/>\n\t<meta property=\"og:image:type\" content=\"image\/jpeg\" \/>\n<meta name=\"twitter:card\" content=\"summary_large_image\" \/>\n<meta name=\"twitter:label1\" content=\"Gesch\u00e4tzte Lesezeit\" \/>\n\t<meta name=\"twitter:data1\" content=\"1\u00a0Minute\" \/>\n<script type=\"application\/ld+json\" class=\"yoast-schema-graph\">{\"@context\":\"https:\\\/\\\/schema.org\",\"@graph\":[{\"@type\":\"WebPage\",\"@id\":\"https:\\\/\\\/shop.bantam.ch\\\/de\\\/produkt\\\/dometic-cool-ice-ci-70-steinfarbe\\\/\",\"url\":\"https:\\\/\\\/shop.bantam.ch\\\/de\\\/produkt\\\/dometic-cool-ice-ci-70-steinfarbe\\\/\",\"name\":\"DOMETIC Cool Ice CI 70 - Steinfarbe - Bantam Camping AG\",\"isPartOf\":{\"@id\":\"https:\\\/\\\/shop.bantam.ch\\\/de\\\/#website\"},\"primaryImageOfPage\":{\"@id\":\"https:\\\/\\\/shop.bantam.ch\\\/de\\\/produkt\\\/dometic-cool-ice-ci-70-steinfarbe\\\/#primaryimage\"},\"image\":{\"@id\":\"https:\\\/\\\/shop.bantam.ch\\\/de\\\/produkt\\\/dometic-cool-ice-ci-70-steinfarbe\\\/#primaryimage\"},\"thumbnailUrl\":\"https:\\\/\\\/shop.bantam.ch\\\/wp-content\\\/uploads\\\/2025\\\/03\\\/glaciere-isotherme-71-l-ref-cool-ice-ci-70_ok.jpg\",\"datePublished\":\"2025-02-28T15:57:29+00:00\",\"dateModified\":\"2026-04-18T20:56:59+00:00\",\"breadcrumb\":{\"@id\":\"https:\\\/\\\/shop.bantam.ch\\\/de\\\/produkt\\\/dometic-cool-ice-ci-70-steinfarbe\\\/#breadcrumb\"},\"inLanguage\":\"de\",\"potentialAction\":[{\"@type\":\"ReadAction\",\"target\":[\"https:\\\/\\\/shop.bantam.ch\\\/de\\\/produkt\\\/dometic-cool-ice-ci-70-steinfarbe\\\/\"]}]},{\"@type\":\"ImageObject\",\"inLanguage\":\"de\",\"@id\":\"https:\\\/\\\/shop.bantam.ch\\\/de\\\/produkt\\\/dometic-cool-ice-ci-70-steinfarbe\\\/#primaryimage\",\"url\":\"https:\\\/\\\/shop.bantam.ch\\\/wp-content\\\/uploads\\\/2025\\\/03\\\/glaciere-isotherme-71-l-ref-cool-ice-ci-70_ok.jpg\",\"contentUrl\":\"https:\\\/\\\/shop.bantam.ch\\\/wp-content\\\/uploads\\\/2025\\\/03\\\/glaciere-isotherme-71-l-ref-cool-ice-ci-70_ok.jpg\",\"width\":600,\"height\":600},{\"@type\":\"BreadcrumbList\",\"@id\":\"https:\\\/\\\/shop.bantam.ch\\\/de\\\/produkt\\\/dometic-cool-ice-ci-70-steinfarbe\\\/#breadcrumb\",\"itemListElement\":[{\"@type\":\"ListItem\",\"position\":1,\"name\":\"Accueil\",\"item\":\"https:\\\/\\\/shop.bantam.ch\\\/de\\\/\"},{\"@type\":\"ListItem\",\"position\":2,\"name\":\"Shop\",\"item\":\"https:\\\/\\\/shop.bantam.ch\\\/de\\\/shop\\\/\"},{\"@type\":\"ListItem\",\"position\":3,\"name\":\"DOMETIC Cool Ice CI 70 &#8211; Steinfarbe\"}]},{\"@type\":\"WebSite\",\"@id\":\"https:\\\/\\\/shop.bantam.ch\\\/de\\\/#website\",\"url\":\"https:\\\/\\\/shop.bantam.ch\\\/de\\\/\",\"name\":\"Bantam Camping AG\",\"description\":\"\",\"publisher\":{\"@id\":\"https:\\\/\\\/shop.bantam.ch\\\/de\\\/#organization\"},\"inLanguage\":\"de\"},{\"@type\":\"Organization\",\"@id\":\"https:\\\/\\\/shop.bantam.ch\\\/de\\\/#organization\",\"name\":\"Bantam Camping AG\",\"url\":\"https:\\\/\\\/shop.bantam.ch\\\/de\\\/\",\"logo\":{\"@type\":\"ImageObject\",\"inLanguage\":\"de\",\"@id\":\"https:\\\/\\\/shop.bantam.ch\\\/de\\\/#\\\/schema\\\/logo\\\/image\\\/\",\"url\":\"https:\\\/\\\/shop.bantam.ch\\\/wp-content\\\/uploads\\\/2022\\\/12\\\/bantam-logo.png\",\"contentUrl\":\"https:\\\/\\\/shop.bantam.ch\\\/wp-content\\\/uploads\\\/2022\\\/12\\\/bantam-logo.png\",\"width\":320,\"height\":71,\"caption\":\"Bantam Camping AG\"},\"image\":{\"@id\":\"https:\\\/\\\/shop.bantam.ch\\\/de\\\/#\\\/schema\\\/logo\\\/image\\\/\"}}]}<\/script>\n<!-- \/ Yoast SEO plugin. -->","yoast_head_json":{"title":"DOMETIC Cool Ice CI 70 - Steinfarbe - Bantam Camping AG","robots":{"index":"index","follow":"follow","max-snippet":"max-snippet:-1","max-image-preview":"max-image-preview:large","max-video-preview":"max-video-preview:-1"},"canonical":"https:\/\/shop.bantam.ch\/de\/produkt\/dometic-cool-ice-ci-70-steinfarbe\/","og_locale":"de_DE","og_type":"article","og_title":"DOMETIC Cool Ice CI 70 - Steinfarbe - Bantam Camping AG","og_description":"Diese \u00e4u\u00dferst effiziente und leichte K\u00fchlbox h\u00e4lt das Eis mehrere Tage lang frisch. Dank der dicken Schaumstoffisolierung in K\u00fchlqualit\u00e4t und der speziellen Labyrinthdichtung k\u00f6nnen Sie eine eiskalte Erfrischung \u00fcberall mit hinnehmen! Dicke Isolierung und eine speziell entwickelte Dichtung halten das Eis l\u00e4nger frisch. Hygienisch und leicht zu reinigen mit gro\u00dfem Ablassstopfen. Leicht und einfach zu [&hellip;]","og_url":"https:\/\/shop.bantam.ch\/de\/produkt\/dometic-cool-ice-ci-70-steinfarbe\/","og_site_name":"Bantam Camping AG","article_modified_time":"2026-04-18T20:56:59+00:00","og_image":[{"width":600,"height":600,"url":"https:\/\/shop.bantam.ch\/wp-content\/uploads\/2025\/03\/glaciere-isotherme-71-l-ref-cool-ice-ci-70_ok.jpg","type":"image\/jpeg"}],"twitter_card":"summary_large_image","twitter_misc":{"Gesch\u00e4tzte Lesezeit":"1\u00a0Minute"},"schema":{"@context":"https:\/\/schema.org","@graph":[{"@type":"WebPage","@id":"https:\/\/shop.bantam.ch\/de\/produkt\/dometic-cool-ice-ci-70-steinfarbe\/","url":"https:\/\/shop.bantam.ch\/de\/produkt\/dometic-cool-ice-ci-70-steinfarbe\/","name":"DOMETIC Cool Ice CI 70 - Steinfarbe - Bantam Camping AG","isPartOf":{"@id":"https:\/\/shop.bantam.ch\/de\/#website"},"primaryImageOfPage":{"@id":"https:\/\/shop.bantam.ch\/de\/produkt\/dometic-cool-ice-ci-70-steinfarbe\/#primaryimage"},"image":{"@id":"https:\/\/shop.bantam.ch\/de\/produkt\/dometic-cool-ice-ci-70-steinfarbe\/#primaryimage"},"thumbnailUrl":"https:\/\/shop.bantam.ch\/wp-content\/uploads\/2025\/03\/glaciere-isotherme-71-l-ref-cool-ice-ci-70_ok.jpg","datePublished":"2025-02-28T15:57:29+00:00","dateModified":"2026-04-18T20:56:59+00:00","breadcrumb":{"@id":"https:\/\/shop.bantam.ch\/de\/produkt\/dometic-cool-ice-ci-70-steinfarbe\/#breadcrumb"},"inLanguage":"de","potentialAction":[{"@type":"ReadAction","target":["https:\/\/shop.bantam.ch\/de\/produkt\/dometic-cool-ice-ci-70-steinfarbe\/"]}]},{"@type":"ImageObject","inLanguage":"de","@id":"https:\/\/shop.bantam.ch\/de\/produkt\/dometic-cool-ice-ci-70-steinfarbe\/#primaryimage","url":"https:\/\/shop.bantam.ch\/wp-content\/uploads\/2025\/03\/glaciere-isotherme-71-l-ref-cool-ice-ci-70_ok.jpg","contentUrl":"https:\/\/shop.bantam.ch\/wp-content\/uploads\/2025\/03\/glaciere-isotherme-71-l-ref-cool-ice-ci-70_ok.jpg","width":600,"height":600},{"@type":"BreadcrumbList","@id":"https:\/\/shop.bantam.ch\/de\/produkt\/dometic-cool-ice-ci-70-steinfarbe\/#breadcrumb","itemListElement":[{"@type":"ListItem","position":1,"name":"Accueil","item":"https:\/\/shop.bantam.ch\/de\/"},{"@type":"ListItem","position":2,"name":"Shop","item":"https:\/\/shop.bantam.ch\/de\/shop\/"},{"@type":"ListItem","position":3,"name":"DOMETIC Cool Ice CI 70 &#8211; Steinfarbe"}]},{"@type":"WebSite","@id":"https:\/\/shop.bantam.ch\/de\/#website","url":"https:\/\/shop.bantam.ch\/de\/","name":"Bantam Camping AG","description":"","publisher":{"@id":"https:\/\/shop.bantam.ch\/de\/#organization"},"inLanguage":"de"},{"@type":"Organization","@id":"https:\/\/shop.bantam.ch\/de\/#organization","name":"Bantam Camping AG","url":"https:\/\/shop.bantam.ch\/de\/","logo":{"@type":"ImageObject","inLanguage":"de","@id":"https:\/\/shop.bantam.ch\/de\/#\/schema\/logo\/image\/","url":"https:\/\/shop.bantam.ch\/wp-content\/uploads\/2022\/12\/bantam-logo.png","contentUrl":"https:\/\/shop.bantam.ch\/wp-content\/uploads\/2022\/12\/bantam-logo.png","width":320,"height":71,"caption":"Bantam Camping AG"},"image":{"@id":"https:\/\/shop.bantam.ch\/de\/#\/schema\/logo\/image\/"}}]}},"_links":{"self":[{"href":"https:\/\/shop.bantam.ch\/de\/wp-json\/wp\/v2\/product\/209717","targetHints":{"allow":["GET"]}}],"collection":[{"href":"https:\/\/shop.bantam.ch\/de\/wp-json\/wp\/v2\/product"}],"about":[{"href":"https:\/\/shop.bantam.ch\/de\/wp-json\/wp\/v2\/types\/product"}],"wp:featuredmedia":[{"embeddable":true,"href":"https:\/\/shop.bantam.ch\/de\/wp-json\/wp\/v2\/media\/217267"}],"wp:attachment":[{"href":"https:\/\/shop.bantam.ch\/de\/wp-json\/wp\/v2\/media?parent=209717"}],"wp:term":[{"taxonomy":"product_featured_cat","embeddable":true,"href":"https:\/\/shop.bantam.ch\/de\/wp-json\/wp\/v2\/product_featured_cat?post=209717"},{"taxonomy":"product_brand","embeddable":true,"href":"https:\/\/shop.bantam.ch\/de\/wp-json\/wp\/v2\/product_brand?post=209717"},{"taxonomy":"product_cat","embeddable":true,"href":"https:\/\/shop.bantam.ch\/de\/wp-json\/wp\/v2\/product_cat?post=209717"},{"taxonomy":"product_tag","embeddable":true,"href":"https:\/\/shop.bantam.ch\/de\/wp-json\/wp\/v2\/product_tag?post=209717"}],"curies":[{"name":"wp","href":"https:\/\/api.w.org\/{rel}","templated":true}]}}