{"id":209696,"date":"2025-02-28T16:24:16","date_gmt":"2025-02-28T15:24:16","guid":{"rendered":"https:\/\/shop.bantam.ch\/produit\/vorzelt-rally-air-tour-330\/"},"modified":"2026-05-02T01:31:57","modified_gmt":"2026-05-01T23:31:57","slug":"vorzelt-rally-air-tour-330","status":"publish","type":"product","link":"https:\/\/shop.bantam.ch\/de\/produkt\/vorzelt-rally-air-tour-330\/","title":{"rendered":"Vorzelt Rally AIR Tour 330"},"content":{"rendered":"<p class=\"MsoNormal\"><span lang=\"DE-CH\">Das<br \/>\nikonische\u00a0Rally AIR\u00a0profitiert von jahrelanger kontinuierlicher<br \/>\nWeiterentwicklung und integriert die neuesten Innovationen im Bereich Vorzelte,<br \/>\num Ihr Reiseerlebnis zu optimieren. Das\u00a0Weathershield\u2122 Tour-Material, das<br \/>\nmoderne Design, die integrierte H\u00f6henverstellung und die rundum mit<br \/>\nRei\u00dfverschl\u00fcssen ausgestatteten Paneele schaffen einen komfortablen Wohnraum \u2013<br \/>\negal, wo Sie sich<br \/>\nniederlassen.\u00a0Multi-H\u00f6hen-System.\u00a0Apex-Bel\u00fcftung.\u00a0Rei\u00dfverschlusspaneele.\u00a0Weathershield\u2122<br \/>\nTour-Material.\u00a0Moderne Innenrollos.\u00a0<\/span>Vollst\u00e4ndig wasserdicht<\/p>\n","protected":false},"excerpt":{"rendered":"<p>Das ikonische\u00a0Rally AIR\u00a0profitiert von jahrelanger kontinuierlicher Weiterentwicklung und integriert die neuesten Innovationen im Bereich Vorzelte, um Ihr Reiseerlebnis zu optimieren. Das\u00a0Weathershield\u2122 Tour-Material, das moderne Design, die integrierte H\u00f6henverstellung und die rundum mit Rei\u00dfverschl\u00fcssen ausgestatteten Paneele schaffen einen komfortablen Wohnraum \u2013 egal, wo Sie sich niederlassen.\u00a0Multi-H\u00f6hen-System.\u00a0Apex-Bel\u00fcftung.\u00a0Rei\u00dfverschlusspaneele.\u00a0Weathershield\u2122 Tour-Material.\u00a0Moderne Innenrollos.\u00a0Vollst\u00e4ndig wasserdicht<\/p>\n","protected":false},"featured_media":209687,"template":"","meta":{"_acf_changed":false},"product_featured_cat":[],"product_brand":[3029],"product_cat":[4248],"product_tag":[],"class_list":{"0":"post-209696","1":"product","2":"type-product","3":"status-publish","4":"has-post-thumbnail","6":"product_brand-dometic-de","7":"product_cat-vorzelte-zelte","9":"first","10":"instock","11":"taxable","12":"shipping-taxable","13":"purchasable","14":"product-type-variable"},"acf":[],"yoast_head":"<!-- This site is optimized with the Yoast SEO plugin v27.5 - https:\/\/yoast.com\/product\/yoast-seo-wordpress\/ -->\n<title>Vorzelt Rally AIR Tour 330 - Bantam<\/title>\n<meta name=\"robots\" content=\"index, follow, max-snippet:-1, max-image-preview:large, max-video-preview:-1\" \/>\n<link rel=\"canonical\" href=\"https:\/\/shop.bantam.ch\/de\/produkt\/vorzelt-rally-air-tour-330\/\" \/>\n<meta property=\"og:locale\" content=\"de_DE\" \/>\n<meta property=\"og:type\" content=\"article\" \/>\n<meta property=\"og:title\" content=\"Vorzelt Rally AIR Tour 330 - Bantam\" \/>\n<meta property=\"og:description\" content=\"Das ikonische\u00a0Rally AIR\u00a0profitiert von jahrelanger kontinuierlicher Weiterentwicklung und integriert die neuesten Innovationen im Bereich Vorzelte, um Ihr Reiseerlebnis zu optimieren. Das\u00a0Weathershield\u2122 Tour-Material, das moderne Design, die integrierte H\u00f6henverstellung und die rundum mit Rei\u00dfverschl\u00fcssen ausgestatteten Paneele schaffen einen komfortablen Wohnraum \u2013 egal, wo Sie sich niederlassen.\u00a0Multi-H\u00f6hen-System.\u00a0Apex-Bel\u00fcftung.\u00a0Rei\u00dfverschlusspaneele.\u00a0Weathershield\u2122 Tour-Material.\u00a0Moderne Innenrollos.\u00a0Vollst\u00e4ndig wasserdicht\" \/>\n<meta property=\"og:url\" content=\"https:\/\/shop.bantam.ch\/de\/produkt\/vorzelt-rally-air-tour-330\/\" \/>\n<meta property=\"og:site_name\" content=\"Bantam\" \/>\n<meta property=\"article:modified_time\" content=\"2026-05-01T23:31:57+00:00\" \/>\n<meta property=\"og:image\" content=\"https:\/\/shop.bantam.ch\/wp-content\/uploads\/2025\/02\/Rally-AIR-Tour_330_S.jpg\" \/>\n\t<meta property=\"og:image:width\" content=\"640\" \/>\n\t<meta property=\"og:image:height\" content=\"640\" \/>\n\t<meta property=\"og:image:type\" content=\"image\/jpeg\" \/>\n<meta name=\"twitter:card\" content=\"summary_large_image\" \/>\n<script type=\"application\/ld+json\" class=\"yoast-schema-graph\">{\"@context\":\"https:\\\/\\\/schema.org\",\"@graph\":[{\"@type\":\"WebPage\",\"@id\":\"https:\\\/\\\/shop.bantam.ch\\\/de\\\/produkt\\\/vorzelt-rally-air-tour-330\\\/\",\"url\":\"https:\\\/\\\/shop.bantam.ch\\\/de\\\/produkt\\\/vorzelt-rally-air-tour-330\\\/\",\"name\":\"Vorzelt Rally AIR Tour 330 - Bantam\",\"isPartOf\":{\"@id\":\"https:\\\/\\\/shop.bantam.ch\\\/de\\\/#website\"},\"primaryImageOfPage\":{\"@id\":\"https:\\\/\\\/shop.bantam.ch\\\/de\\\/produkt\\\/vorzelt-rally-air-tour-330\\\/#primaryimage\"},\"image\":{\"@id\":\"https:\\\/\\\/shop.bantam.ch\\\/de\\\/produkt\\\/vorzelt-rally-air-tour-330\\\/#primaryimage\"},\"thumbnailUrl\":\"https:\\\/\\\/shop.bantam.ch\\\/wp-content\\\/uploads\\\/2025\\\/02\\\/Rally-AIR-Tour_330_S.jpg\",\"datePublished\":\"2025-02-28T15:24:16+00:00\",\"dateModified\":\"2026-05-01T23:31:57+00:00\",\"breadcrumb\":{\"@id\":\"https:\\\/\\\/shop.bantam.ch\\\/de\\\/produkt\\\/vorzelt-rally-air-tour-330\\\/#breadcrumb\"},\"inLanguage\":\"de\",\"potentialAction\":[{\"@type\":\"ReadAction\",\"target\":[\"https:\\\/\\\/shop.bantam.ch\\\/de\\\/produkt\\\/vorzelt-rally-air-tour-330\\\/\"]}]},{\"@type\":\"ImageObject\",\"inLanguage\":\"de\",\"@id\":\"https:\\\/\\\/shop.bantam.ch\\\/de\\\/produkt\\\/vorzelt-rally-air-tour-330\\\/#primaryimage\",\"url\":\"https:\\\/\\\/shop.bantam.ch\\\/wp-content\\\/uploads\\\/2025\\\/02\\\/Rally-AIR-Tour_330_S.jpg\",\"contentUrl\":\"https:\\\/\\\/shop.bantam.ch\\\/wp-content\\\/uploads\\\/2025\\\/02\\\/Rally-AIR-Tour_330_S.jpg\",\"width\":640,\"height\":640},{\"@type\":\"BreadcrumbList\",\"@id\":\"https:\\\/\\\/shop.bantam.ch\\\/de\\\/produkt\\\/vorzelt-rally-air-tour-330\\\/#breadcrumb\",\"itemListElement\":[{\"@type\":\"ListItem\",\"position\":1,\"name\":\"Accueil\",\"item\":\"https:\\\/\\\/shop.bantam.ch\\\/de\\\/\"},{\"@type\":\"ListItem\",\"position\":2,\"name\":\"Shop\",\"item\":\"https:\\\/\\\/shop.bantam.ch\\\/de\\\/shop\\\/\"},{\"@type\":\"ListItem\",\"position\":3,\"name\":\"Vorzelt Rally AIR Tour 330\"}]},{\"@type\":\"WebSite\",\"@id\":\"https:\\\/\\\/shop.bantam.ch\\\/de\\\/#website\",\"url\":\"https:\\\/\\\/shop.bantam.ch\\\/de\\\/\",\"name\":\"Bantam\",\"description\":\"\",\"publisher\":{\"@id\":\"https:\\\/\\\/shop.bantam.ch\\\/de\\\/#organization\"},\"inLanguage\":\"de\"},{\"@type\":\"Organization\",\"@id\":\"https:\\\/\\\/shop.bantam.ch\\\/de\\\/#organization\",\"name\":\"Bantam\",\"url\":\"https:\\\/\\\/shop.bantam.ch\\\/de\\\/\",\"logo\":{\"@type\":\"ImageObject\",\"inLanguage\":\"de\",\"@id\":\"https:\\\/\\\/shop.bantam.ch\\\/de\\\/#\\\/schema\\\/logo\\\/image\\\/\",\"url\":\"https:\\\/\\\/shop.bantam.ch\\\/wp-content\\\/uploads\\\/2022\\\/12\\\/bantam-logo.png\",\"contentUrl\":\"https:\\\/\\\/shop.bantam.ch\\\/wp-content\\\/uploads\\\/2022\\\/12\\\/bantam-logo.png\",\"width\":320,\"height\":71,\"caption\":\"Bantam\"},\"image\":{\"@id\":\"https:\\\/\\\/shop.bantam.ch\\\/de\\\/#\\\/schema\\\/logo\\\/image\\\/\"}}]}<\/script>\n<!-- \/ Yoast SEO plugin. -->","yoast_head_json":{"title":"Vorzelt Rally AIR Tour 330 - Bantam","robots":{"index":"index","follow":"follow","max-snippet":"max-snippet:-1","max-image-preview":"max-image-preview:large","max-video-preview":"max-video-preview:-1"},"canonical":"https:\/\/shop.bantam.ch\/de\/produkt\/vorzelt-rally-air-tour-330\/","og_locale":"de_DE","og_type":"article","og_title":"Vorzelt Rally AIR Tour 330 - Bantam","og_description":"Das ikonische\u00a0Rally AIR\u00a0profitiert von jahrelanger kontinuierlicher Weiterentwicklung und integriert die neuesten Innovationen im Bereich Vorzelte, um Ihr Reiseerlebnis zu optimieren. Das\u00a0Weathershield\u2122 Tour-Material, das moderne Design, die integrierte H\u00f6henverstellung und die rundum mit Rei\u00dfverschl\u00fcssen ausgestatteten Paneele schaffen einen komfortablen Wohnraum \u2013 egal, wo Sie sich niederlassen.\u00a0Multi-H\u00f6hen-System.\u00a0Apex-Bel\u00fcftung.\u00a0Rei\u00dfverschlusspaneele.\u00a0Weathershield\u2122 Tour-Material.\u00a0Moderne Innenrollos.\u00a0Vollst\u00e4ndig wasserdicht","og_url":"https:\/\/shop.bantam.ch\/de\/produkt\/vorzelt-rally-air-tour-330\/","og_site_name":"Bantam","article_modified_time":"2026-05-01T23:31:57+00:00","og_image":[{"width":640,"height":640,"url":"https:\/\/shop.bantam.ch\/wp-content\/uploads\/2025\/02\/Rally-AIR-Tour_330_S.jpg","type":"image\/jpeg"}],"twitter_card":"summary_large_image","schema":{"@context":"https:\/\/schema.org","@graph":[{"@type":"WebPage","@id":"https:\/\/shop.bantam.ch\/de\/produkt\/vorzelt-rally-air-tour-330\/","url":"https:\/\/shop.bantam.ch\/de\/produkt\/vorzelt-rally-air-tour-330\/","name":"Vorzelt Rally AIR Tour 330 - Bantam","isPartOf":{"@id":"https:\/\/shop.bantam.ch\/de\/#website"},"primaryImageOfPage":{"@id":"https:\/\/shop.bantam.ch\/de\/produkt\/vorzelt-rally-air-tour-330\/#primaryimage"},"image":{"@id":"https:\/\/shop.bantam.ch\/de\/produkt\/vorzelt-rally-air-tour-330\/#primaryimage"},"thumbnailUrl":"https:\/\/shop.bantam.ch\/wp-content\/uploads\/2025\/02\/Rally-AIR-Tour_330_S.jpg","datePublished":"2025-02-28T15:24:16+00:00","dateModified":"2026-05-01T23:31:57+00:00","breadcrumb":{"@id":"https:\/\/shop.bantam.ch\/de\/produkt\/vorzelt-rally-air-tour-330\/#breadcrumb"},"inLanguage":"de","potentialAction":[{"@type":"ReadAction","target":["https:\/\/shop.bantam.ch\/de\/produkt\/vorzelt-rally-air-tour-330\/"]}]},{"@type":"ImageObject","inLanguage":"de","@id":"https:\/\/shop.bantam.ch\/de\/produkt\/vorzelt-rally-air-tour-330\/#primaryimage","url":"https:\/\/shop.bantam.ch\/wp-content\/uploads\/2025\/02\/Rally-AIR-Tour_330_S.jpg","contentUrl":"https:\/\/shop.bantam.ch\/wp-content\/uploads\/2025\/02\/Rally-AIR-Tour_330_S.jpg","width":640,"height":640},{"@type":"BreadcrumbList","@id":"https:\/\/shop.bantam.ch\/de\/produkt\/vorzelt-rally-air-tour-330\/#breadcrumb","itemListElement":[{"@type":"ListItem","position":1,"name":"Accueil","item":"https:\/\/shop.bantam.ch\/de\/"},{"@type":"ListItem","position":2,"name":"Shop","item":"https:\/\/shop.bantam.ch\/de\/shop\/"},{"@type":"ListItem","position":3,"name":"Vorzelt Rally AIR Tour 330"}]},{"@type":"WebSite","@id":"https:\/\/shop.bantam.ch\/de\/#website","url":"https:\/\/shop.bantam.ch\/de\/","name":"Bantam","description":"","publisher":{"@id":"https:\/\/shop.bantam.ch\/de\/#organization"},"inLanguage":"de"},{"@type":"Organization","@id":"https:\/\/shop.bantam.ch\/de\/#organization","name":"Bantam","url":"https:\/\/shop.bantam.ch\/de\/","logo":{"@type":"ImageObject","inLanguage":"de","@id":"https:\/\/shop.bantam.ch\/de\/#\/schema\/logo\/image\/","url":"https:\/\/shop.bantam.ch\/wp-content\/uploads\/2022\/12\/bantam-logo.png","contentUrl":"https:\/\/shop.bantam.ch\/wp-content\/uploads\/2022\/12\/bantam-logo.png","width":320,"height":71,"caption":"Bantam"},"image":{"@id":"https:\/\/shop.bantam.ch\/de\/#\/schema\/logo\/image\/"}}]}},"_links":{"self":[{"href":"https:\/\/shop.bantam.ch\/de\/wp-json\/wp\/v2\/product\/209696","targetHints":{"allow":["GET"]}}],"collection":[{"href":"https:\/\/shop.bantam.ch\/de\/wp-json\/wp\/v2\/product"}],"about":[{"href":"https:\/\/shop.bantam.ch\/de\/wp-json\/wp\/v2\/types\/product"}],"wp:featuredmedia":[{"embeddable":true,"href":"https:\/\/shop.bantam.ch\/de\/wp-json\/wp\/v2\/media\/209687"}],"wp:attachment":[{"href":"https:\/\/shop.bantam.ch\/de\/wp-json\/wp\/v2\/media?parent=209696"}],"wp:term":[{"taxonomy":"product_featured_cat","embeddable":true,"href":"https:\/\/shop.bantam.ch\/de\/wp-json\/wp\/v2\/product_featured_cat?post=209696"},{"taxonomy":"product_brand","embeddable":true,"href":"https:\/\/shop.bantam.ch\/de\/wp-json\/wp\/v2\/product_brand?post=209696"},{"taxonomy":"product_cat","embeddable":true,"href":"https:\/\/shop.bantam.ch\/de\/wp-json\/wp\/v2\/product_cat?post=209696"},{"taxonomy":"product_tag","embeddable":true,"href":"https:\/\/shop.bantam.ch\/de\/wp-json\/wp\/v2\/product_tag?post=209696"}],"curies":[{"name":"wp","href":"https:\/\/api.w.org\/{rel}","templated":true}]}}