{"id":209601,"date":"2025-02-27T10:52:29","date_gmt":"2025-02-27T09:52:29","guid":{"rendered":"https:\/\/shop.bantam.ch\/produit\/citi-chef-40-gasgrill\/"},"modified":"2026-04-18T01:36:35","modified_gmt":"2026-04-17T23:36:35","slug":"citi-chef-40-gasgrill","status":"publish","type":"product","link":"https:\/\/shop.bantam.ch\/de\/produkt\/citi-chef-40-gasgrill\/","title":{"rendered":"Citi Chef 40 Gasgrill"},"content":{"rendered":"<p>Kompakt und vielseitig, Der Citi Chef 40 ist mit einer Keramikbeschichtung ausgestattet und verf\u00fcgt \u00fcber einen integrierten Flammendiffusor f\u00fcr eine gleichm\u00e4\u00dfige W\u00e4rmeverteilung und optimales Garen. Au\u00dferdem besitzt er eine emaillierte, herausnehmbare Fettauffangschale, die sp\u00fclmaschinengeeignet ist. Der Grill kann mit zahlreichen Zubeh\u00f6rteilen erg\u00e4nzt werden.<\/p>\n","protected":false},"excerpt":{"rendered":"<p>Kompakt und vielseitig, Der Citi Chef 40 ist mit einer Keramikbeschichtung ausgestattet und verf\u00fcgt \u00fcber einen integrierten Flammendiffusor f\u00fcr eine gleichm\u00e4\u00dfige W\u00e4rmeverteilung und optimales Garen. Au\u00dferdem besitzt er eine emaillierte, herausnehmbare Fettauffangschale, die sp\u00fclmaschinengeeignet ist. Der Grill kann mit zahlreichen Zubeh\u00f6rteilen erg\u00e4nzt werden.<\/p>\n","protected":false},"featured_media":209592,"template":"","meta":{"_acf_changed":false},"product_featured_cat":[5301,5302],"product_brand":[3669],"product_cat":[3998],"product_tag":[],"class_list":{"0":"post-209601","1":"product","2":"type-product","3":"status-publish","4":"has-post-thumbnail","6":"product_featured_cat-promotions-etagnieres-fr","7":"product_featured_cat-sonderangebote-hindelbank-urdorf","8":"product_brand-cadac-de","9":"product_cat-grills","11":"first","12":"instock","13":"sale","14":"taxable","15":"shipping-taxable","16":"purchasable","17":"product-type-variable"},"acf":[],"yoast_head":"<!-- This site is optimized with the Yoast SEO plugin v27.4 - https:\/\/yoast.com\/product\/yoast-seo-wordpress\/ -->\n<title>Citi Chef 40 Gasgrill - Bantam Camping AG<\/title>\n<meta name=\"robots\" content=\"index, follow, max-snippet:-1, max-image-preview:large, max-video-preview:-1\" \/>\n<link rel=\"canonical\" href=\"https:\/\/shop.bantam.ch\/de\/produkt\/citi-chef-40-gasgrill\/\" \/>\n<meta property=\"og:locale\" content=\"de_DE\" \/>\n<meta property=\"og:type\" content=\"article\" \/>\n<meta property=\"og:title\" content=\"Citi Chef 40 Gasgrill - Bantam Camping AG\" \/>\n<meta property=\"og:description\" content=\"Kompakt und vielseitig, Der Citi Chef 40 ist mit einer Keramikbeschichtung ausgestattet und verf\u00fcgt \u00fcber einen integrierten Flammendiffusor f\u00fcr eine gleichm\u00e4\u00dfige W\u00e4rmeverteilung und optimales Garen. Au\u00dferdem besitzt er eine emaillierte, herausnehmbare Fettauffangschale, die sp\u00fclmaschinengeeignet ist. Der Grill kann mit zahlreichen Zubeh\u00f6rteilen erg\u00e4nzt werden.\" \/>\n<meta property=\"og:url\" content=\"https:\/\/shop.bantam.ch\/de\/produkt\/citi-chef-40-gasgrill\/\" \/>\n<meta property=\"og:site_name\" content=\"Bantam Camping AG\" \/>\n<meta property=\"article:modified_time\" content=\"2026-04-17T23:36:35+00:00\" \/>\n<meta property=\"og:image\" content=\"https:\/\/shop.bantam.ch\/wp-content\/uploads\/2025\/02\/187783_1469676_noir_2-6.jpg\" \/>\n\t<meta property=\"og:image:width\" content=\"800\" \/>\n\t<meta property=\"og:image:height\" content=\"500\" \/>\n\t<meta property=\"og:image:type\" content=\"image\/jpeg\" \/>\n<meta name=\"twitter:card\" content=\"summary_large_image\" \/>\n<script type=\"application\/ld+json\" class=\"yoast-schema-graph\">{\"@context\":\"https:\\\/\\\/schema.org\",\"@graph\":[{\"@type\":\"WebPage\",\"@id\":\"https:\\\/\\\/shop.bantam.ch\\\/de\\\/produkt\\\/citi-chef-40-gasgrill\\\/\",\"url\":\"https:\\\/\\\/shop.bantam.ch\\\/de\\\/produkt\\\/citi-chef-40-gasgrill\\\/\",\"name\":\"Citi Chef 40 Gasgrill - Bantam Camping AG\",\"isPartOf\":{\"@id\":\"https:\\\/\\\/shop.bantam.ch\\\/de\\\/#website\"},\"primaryImageOfPage\":{\"@id\":\"https:\\\/\\\/shop.bantam.ch\\\/de\\\/produkt\\\/citi-chef-40-gasgrill\\\/#primaryimage\"},\"image\":{\"@id\":\"https:\\\/\\\/shop.bantam.ch\\\/de\\\/produkt\\\/citi-chef-40-gasgrill\\\/#primaryimage\"},\"thumbnailUrl\":\"https:\\\/\\\/shop.bantam.ch\\\/wp-content\\\/uploads\\\/2025\\\/02\\\/187783_1469676_noir_2-6.jpg\",\"datePublished\":\"2025-02-27T09:52:29+00:00\",\"dateModified\":\"2026-04-17T23:36:35+00:00\",\"breadcrumb\":{\"@id\":\"https:\\\/\\\/shop.bantam.ch\\\/de\\\/produkt\\\/citi-chef-40-gasgrill\\\/#breadcrumb\"},\"inLanguage\":\"de\",\"potentialAction\":[{\"@type\":\"ReadAction\",\"target\":[\"https:\\\/\\\/shop.bantam.ch\\\/de\\\/produkt\\\/citi-chef-40-gasgrill\\\/\"]}]},{\"@type\":\"ImageObject\",\"inLanguage\":\"de\",\"@id\":\"https:\\\/\\\/shop.bantam.ch\\\/de\\\/produkt\\\/citi-chef-40-gasgrill\\\/#primaryimage\",\"url\":\"https:\\\/\\\/shop.bantam.ch\\\/wp-content\\\/uploads\\\/2025\\\/02\\\/187783_1469676_noir_2-6.jpg\",\"contentUrl\":\"https:\\\/\\\/shop.bantam.ch\\\/wp-content\\\/uploads\\\/2025\\\/02\\\/187783_1469676_noir_2-6.jpg\",\"width\":800,\"height\":500},{\"@type\":\"BreadcrumbList\",\"@id\":\"https:\\\/\\\/shop.bantam.ch\\\/de\\\/produkt\\\/citi-chef-40-gasgrill\\\/#breadcrumb\",\"itemListElement\":[{\"@type\":\"ListItem\",\"position\":1,\"name\":\"Accueil\",\"item\":\"https:\\\/\\\/shop.bantam.ch\\\/de\\\/\"},{\"@type\":\"ListItem\",\"position\":2,\"name\":\"Shop\",\"item\":\"https:\\\/\\\/shop.bantam.ch\\\/de\\\/shop\\\/\"},{\"@type\":\"ListItem\",\"position\":3,\"name\":\"Citi Chef 40 Gasgrill\"}]},{\"@type\":\"WebSite\",\"@id\":\"https:\\\/\\\/shop.bantam.ch\\\/de\\\/#website\",\"url\":\"https:\\\/\\\/shop.bantam.ch\\\/de\\\/\",\"name\":\"Bantam Camping AG\",\"description\":\"\",\"publisher\":{\"@id\":\"https:\\\/\\\/shop.bantam.ch\\\/de\\\/#organization\"},\"inLanguage\":\"de\"},{\"@type\":\"Organization\",\"@id\":\"https:\\\/\\\/shop.bantam.ch\\\/de\\\/#organization\",\"name\":\"Bantam Camping AG\",\"url\":\"https:\\\/\\\/shop.bantam.ch\\\/de\\\/\",\"logo\":{\"@type\":\"ImageObject\",\"inLanguage\":\"de\",\"@id\":\"https:\\\/\\\/shop.bantam.ch\\\/de\\\/#\\\/schema\\\/logo\\\/image\\\/\",\"url\":\"https:\\\/\\\/shop.bantam.ch\\\/wp-content\\\/uploads\\\/2022\\\/12\\\/bantam-logo.png\",\"contentUrl\":\"https:\\\/\\\/shop.bantam.ch\\\/wp-content\\\/uploads\\\/2022\\\/12\\\/bantam-logo.png\",\"width\":320,\"height\":71,\"caption\":\"Bantam Camping AG\"},\"image\":{\"@id\":\"https:\\\/\\\/shop.bantam.ch\\\/de\\\/#\\\/schema\\\/logo\\\/image\\\/\"}}]}<\/script>\n<!-- \/ Yoast SEO plugin. -->","yoast_head_json":{"title":"Citi Chef 40 Gasgrill - Bantam Camping AG","robots":{"index":"index","follow":"follow","max-snippet":"max-snippet:-1","max-image-preview":"max-image-preview:large","max-video-preview":"max-video-preview:-1"},"canonical":"https:\/\/shop.bantam.ch\/de\/produkt\/citi-chef-40-gasgrill\/","og_locale":"de_DE","og_type":"article","og_title":"Citi Chef 40 Gasgrill - Bantam Camping AG","og_description":"Kompakt und vielseitig, Der Citi Chef 40 ist mit einer Keramikbeschichtung ausgestattet und verf\u00fcgt \u00fcber einen integrierten Flammendiffusor f\u00fcr eine gleichm\u00e4\u00dfige W\u00e4rmeverteilung und optimales Garen. Au\u00dferdem besitzt er eine emaillierte, herausnehmbare Fettauffangschale, die sp\u00fclmaschinengeeignet ist. Der Grill kann mit zahlreichen Zubeh\u00f6rteilen erg\u00e4nzt werden.","og_url":"https:\/\/shop.bantam.ch\/de\/produkt\/citi-chef-40-gasgrill\/","og_site_name":"Bantam Camping AG","article_modified_time":"2026-04-17T23:36:35+00:00","og_image":[{"width":800,"height":500,"url":"https:\/\/shop.bantam.ch\/wp-content\/uploads\/2025\/02\/187783_1469676_noir_2-6.jpg","type":"image\/jpeg"}],"twitter_card":"summary_large_image","schema":{"@context":"https:\/\/schema.org","@graph":[{"@type":"WebPage","@id":"https:\/\/shop.bantam.ch\/de\/produkt\/citi-chef-40-gasgrill\/","url":"https:\/\/shop.bantam.ch\/de\/produkt\/citi-chef-40-gasgrill\/","name":"Citi Chef 40 Gasgrill - Bantam Camping AG","isPartOf":{"@id":"https:\/\/shop.bantam.ch\/de\/#website"},"primaryImageOfPage":{"@id":"https:\/\/shop.bantam.ch\/de\/produkt\/citi-chef-40-gasgrill\/#primaryimage"},"image":{"@id":"https:\/\/shop.bantam.ch\/de\/produkt\/citi-chef-40-gasgrill\/#primaryimage"},"thumbnailUrl":"https:\/\/shop.bantam.ch\/wp-content\/uploads\/2025\/02\/187783_1469676_noir_2-6.jpg","datePublished":"2025-02-27T09:52:29+00:00","dateModified":"2026-04-17T23:36:35+00:00","breadcrumb":{"@id":"https:\/\/shop.bantam.ch\/de\/produkt\/citi-chef-40-gasgrill\/#breadcrumb"},"inLanguage":"de","potentialAction":[{"@type":"ReadAction","target":["https:\/\/shop.bantam.ch\/de\/produkt\/citi-chef-40-gasgrill\/"]}]},{"@type":"ImageObject","inLanguage":"de","@id":"https:\/\/shop.bantam.ch\/de\/produkt\/citi-chef-40-gasgrill\/#primaryimage","url":"https:\/\/shop.bantam.ch\/wp-content\/uploads\/2025\/02\/187783_1469676_noir_2-6.jpg","contentUrl":"https:\/\/shop.bantam.ch\/wp-content\/uploads\/2025\/02\/187783_1469676_noir_2-6.jpg","width":800,"height":500},{"@type":"BreadcrumbList","@id":"https:\/\/shop.bantam.ch\/de\/produkt\/citi-chef-40-gasgrill\/#breadcrumb","itemListElement":[{"@type":"ListItem","position":1,"name":"Accueil","item":"https:\/\/shop.bantam.ch\/de\/"},{"@type":"ListItem","position":2,"name":"Shop","item":"https:\/\/shop.bantam.ch\/de\/shop\/"},{"@type":"ListItem","position":3,"name":"Citi Chef 40 Gasgrill"}]},{"@type":"WebSite","@id":"https:\/\/shop.bantam.ch\/de\/#website","url":"https:\/\/shop.bantam.ch\/de\/","name":"Bantam Camping AG","description":"","publisher":{"@id":"https:\/\/shop.bantam.ch\/de\/#organization"},"inLanguage":"de"},{"@type":"Organization","@id":"https:\/\/shop.bantam.ch\/de\/#organization","name":"Bantam Camping AG","url":"https:\/\/shop.bantam.ch\/de\/","logo":{"@type":"ImageObject","inLanguage":"de","@id":"https:\/\/shop.bantam.ch\/de\/#\/schema\/logo\/image\/","url":"https:\/\/shop.bantam.ch\/wp-content\/uploads\/2022\/12\/bantam-logo.png","contentUrl":"https:\/\/shop.bantam.ch\/wp-content\/uploads\/2022\/12\/bantam-logo.png","width":320,"height":71,"caption":"Bantam Camping AG"},"image":{"@id":"https:\/\/shop.bantam.ch\/de\/#\/schema\/logo\/image\/"}}]}},"_links":{"self":[{"href":"https:\/\/shop.bantam.ch\/de\/wp-json\/wp\/v2\/product\/209601","targetHints":{"allow":["GET"]}}],"collection":[{"href":"https:\/\/shop.bantam.ch\/de\/wp-json\/wp\/v2\/product"}],"about":[{"href":"https:\/\/shop.bantam.ch\/de\/wp-json\/wp\/v2\/types\/product"}],"wp:featuredmedia":[{"embeddable":true,"href":"https:\/\/shop.bantam.ch\/de\/wp-json\/wp\/v2\/media\/209592"}],"wp:attachment":[{"href":"https:\/\/shop.bantam.ch\/de\/wp-json\/wp\/v2\/media?parent=209601"}],"wp:term":[{"taxonomy":"product_featured_cat","embeddable":true,"href":"https:\/\/shop.bantam.ch\/de\/wp-json\/wp\/v2\/product_featured_cat?post=209601"},{"taxonomy":"product_brand","embeddable":true,"href":"https:\/\/shop.bantam.ch\/de\/wp-json\/wp\/v2\/product_brand?post=209601"},{"taxonomy":"product_cat","embeddable":true,"href":"https:\/\/shop.bantam.ch\/de\/wp-json\/wp\/v2\/product_cat?post=209601"},{"taxonomy":"product_tag","embeddable":true,"href":"https:\/\/shop.bantam.ch\/de\/wp-json\/wp\/v2\/product_tag?post=209601"}],"curies":[{"name":"wp","href":"https:\/\/api.w.org\/{rel}","templated":true}]}}