{"id":209543,"date":"2025-02-26T16:25:14","date_gmt":"2025-02-26T15:25:14","guid":{"rendered":"https:\/\/shop.bantam.ch\/produit\/cee-verlaengerungskabel-h07rn-f3g1-5-schwarz-1-5m\/"},"modified":"2026-04-17T23:15:52","modified_gmt":"2026-04-17T21:15:52","slug":"cee-verlaengerungskabel-h07rn-f3g1-5-schwarz-1-5m","status":"publish","type":"product","link":"https:\/\/shop.bantam.ch\/de\/produkt\/cee-verlaengerungskabel-h07rn-f3g1-5-schwarz-1-5m\/","title":{"rendered":"CEE Verl\u00e4ngerungskabel H07RN-F3G1.5 schwarz 1.5m"},"content":{"rendered":"<p>Dieses Verl\u00e4ngerungskabel mit einer L\u00e4nge von 1.5 Metern und einem Leiterquerschnitt von 1.5 Quadratmillimetern ist die optimale L\u00f6sung, um elektrische Ger\u00e4te flexibel und komfortabel am gew\u00fcnschten Ort anzuschliessen. Er verf\u00fcgt \u00fcber einen CEE 16-3-Stecker und eine CEE 16-3-Kupplung. Durch die internationale Normung ist er besonders f\u00fcr den Einsatz in der Industrie und beim Camping geeignet. Die in der Winkelverschraubung mit Verschlussklappe integrierte Steckdose Typ 23 erm\u00f6glicht den direkten Anschluss von Ger\u00e4ten mit Stecker Typ 23 und 13. Das flexible Gummikabel H07RN-F h\u00e4lt mittleren bis hohen mechanischen Belastungen stand. Typische Anwendungsbereiche sind Industrie, Landwirtschaft und Baustellen. Die Schutzart IP44 umfasst den Schutz gegen das Eindringen von festen Fremdk\u00f6rpern sehr kleiner Gr\u00f6\u00dfe (IP4X) sowie gegen allseitiges Spritzwasser (IPX4) bei geschlossenem Klappdeckel. Selbst nach jahrelangem Aufenthalt im Freien wird das Kabel nicht br\u00fcchig.<\/p>\n<p>&#8211; In die Winkelkupplung integrierte Steckdose vom Typ 23 erm\u00f6glicht den direkten Anschluss von Ger\u00e4ten mit Stecker vom Typ 13 und 23.<br \/>\n&#8211; Geeignet f\u00fcr den Einsatz in der Industrie und beim Camping.<br \/>\n&#8211; H\u00e4lt mittleren bis hohen mechanischen Belastungen stand.<br \/>\n&#8211; Garantierter Schutz gegen das Eindringen von festen Fremdk\u00f6rpern und allseitiges Spritzwasser (IP44)<\/p>\n","protected":false},"excerpt":{"rendered":"<p>Dieses Verl\u00e4ngerungskabel mit einer L\u00e4nge von 1.5 Metern und einem Leiterquerschnitt von 1.5 Quadratmillimetern ist die optimale L\u00f6sung, um elektrische Ger\u00e4te flexibel und komfortabel am gew\u00fcnschten Ort anzuschliessen. Er verf\u00fcgt \u00fcber einen CEE 16-3-Stecker und eine CEE 16-3-Kupplung. Durch die internationale Normung ist er besonders f\u00fcr den Einsatz in der Industrie und beim Camping geeignet. [&hellip;]<\/p>\n","protected":false},"featured_media":209541,"template":"","meta":{"_acf_changed":false},"product_featured_cat":[],"product_brand":[3671],"product_cat":[5014],"product_tag":[],"class_list":{"0":"post-209543","1":"product","2":"type-product","3":"status-publish","4":"has-post-thumbnail","6":"product_brand-max-hauri-de","7":"product_cat-steckdosen-stecker-kabel","9":"first","10":"instock","11":"taxable","12":"shipping-taxable","13":"purchasable","14":"product-type-simple"},"acf":[],"yoast_head":"<!-- This site is optimized with the Yoast SEO plugin v27.4 - https:\/\/yoast.com\/product\/yoast-seo-wordpress\/ -->\n<title>CEE Verl\u00e4ngerungskabel H07RN-F3G1.5 schwarz 1.5m - Bantam Camping AG<\/title>\n<meta name=\"robots\" content=\"index, follow, max-snippet:-1, max-image-preview:large, max-video-preview:-1\" \/>\n<link rel=\"canonical\" href=\"https:\/\/shop.bantam.ch\/de\/produkt\/cee-verlaengerungskabel-h07rn-f3g1-5-schwarz-1-5m\/\" \/>\n<meta property=\"og:locale\" content=\"de_DE\" \/>\n<meta property=\"og:type\" content=\"article\" \/>\n<meta property=\"og:title\" content=\"CEE Verl\u00e4ngerungskabel H07RN-F3G1.5 schwarz 1.5m - Bantam Camping AG\" \/>\n<meta property=\"og:description\" content=\"Dieses Verl\u00e4ngerungskabel mit einer L\u00e4nge von 1.5 Metern und einem Leiterquerschnitt von 1.5 Quadratmillimetern ist die optimale L\u00f6sung, um elektrische Ger\u00e4te flexibel und komfortabel am gew\u00fcnschten Ort anzuschliessen. Er verf\u00fcgt \u00fcber einen CEE 16-3-Stecker und eine CEE 16-3-Kupplung. Durch die internationale Normung ist er besonders f\u00fcr den Einsatz in der Industrie und beim Camping geeignet. [&hellip;]\" \/>\n<meta property=\"og:url\" content=\"https:\/\/shop.bantam.ch\/de\/produkt\/cee-verlaengerungskabel-h07rn-f3g1-5-schwarz-1-5m\/\" \/>\n<meta property=\"og:site_name\" content=\"Bantam Camping AG\" \/>\n<meta property=\"article:modified_time\" content=\"2026-04-17T21:15:52+00:00\" \/>\n<meta property=\"og:image\" content=\"https:\/\/shop.bantam.ch\/wp-content\/uploads\/2025\/02\/162746_13_300dpi_800pxl.jpg\" \/>\n\t<meta property=\"og:image:width\" content=\"800\" \/>\n\t<meta property=\"og:image:height\" content=\"482\" \/>\n\t<meta property=\"og:image:type\" content=\"image\/jpeg\" \/>\n<meta name=\"twitter:card\" content=\"summary_large_image\" \/>\n<meta name=\"twitter:label1\" content=\"Gesch\u00e4tzte Lesezeit\" \/>\n\t<meta name=\"twitter:data1\" content=\"1\u00a0Minute\" \/>\n<script type=\"application\/ld+json\" class=\"yoast-schema-graph\">{\"@context\":\"https:\\\/\\\/schema.org\",\"@graph\":[{\"@type\":\"WebPage\",\"@id\":\"https:\\\/\\\/shop.bantam.ch\\\/de\\\/produkt\\\/cee-verlaengerungskabel-h07rn-f3g1-5-schwarz-1-5m\\\/\",\"url\":\"https:\\\/\\\/shop.bantam.ch\\\/de\\\/produkt\\\/cee-verlaengerungskabel-h07rn-f3g1-5-schwarz-1-5m\\\/\",\"name\":\"CEE Verl\u00e4ngerungskabel H07RN-F3G1.5 schwarz 1.5m - Bantam Camping AG\",\"isPartOf\":{\"@id\":\"https:\\\/\\\/shop.bantam.ch\\\/de\\\/#website\"},\"primaryImageOfPage\":{\"@id\":\"https:\\\/\\\/shop.bantam.ch\\\/de\\\/produkt\\\/cee-verlaengerungskabel-h07rn-f3g1-5-schwarz-1-5m\\\/#primaryimage\"},\"image\":{\"@id\":\"https:\\\/\\\/shop.bantam.ch\\\/de\\\/produkt\\\/cee-verlaengerungskabel-h07rn-f3g1-5-schwarz-1-5m\\\/#primaryimage\"},\"thumbnailUrl\":\"https:\\\/\\\/shop.bantam.ch\\\/wp-content\\\/uploads\\\/2025\\\/02\\\/162746_13_300dpi_800pxl.jpg\",\"datePublished\":\"2025-02-26T15:25:14+00:00\",\"dateModified\":\"2026-04-17T21:15:52+00:00\",\"breadcrumb\":{\"@id\":\"https:\\\/\\\/shop.bantam.ch\\\/de\\\/produkt\\\/cee-verlaengerungskabel-h07rn-f3g1-5-schwarz-1-5m\\\/#breadcrumb\"},\"inLanguage\":\"de\",\"potentialAction\":[{\"@type\":\"ReadAction\",\"target\":[\"https:\\\/\\\/shop.bantam.ch\\\/de\\\/produkt\\\/cee-verlaengerungskabel-h07rn-f3g1-5-schwarz-1-5m\\\/\"]}]},{\"@type\":\"ImageObject\",\"inLanguage\":\"de\",\"@id\":\"https:\\\/\\\/shop.bantam.ch\\\/de\\\/produkt\\\/cee-verlaengerungskabel-h07rn-f3g1-5-schwarz-1-5m\\\/#primaryimage\",\"url\":\"https:\\\/\\\/shop.bantam.ch\\\/wp-content\\\/uploads\\\/2025\\\/02\\\/162746_13_300dpi_800pxl.jpg\",\"contentUrl\":\"https:\\\/\\\/shop.bantam.ch\\\/wp-content\\\/uploads\\\/2025\\\/02\\\/162746_13_300dpi_800pxl.jpg\",\"width\":800,\"height\":482},{\"@type\":\"BreadcrumbList\",\"@id\":\"https:\\\/\\\/shop.bantam.ch\\\/de\\\/produkt\\\/cee-verlaengerungskabel-h07rn-f3g1-5-schwarz-1-5m\\\/#breadcrumb\",\"itemListElement\":[{\"@type\":\"ListItem\",\"position\":1,\"name\":\"Accueil\",\"item\":\"https:\\\/\\\/shop.bantam.ch\\\/de\\\/\"},{\"@type\":\"ListItem\",\"position\":2,\"name\":\"Shop\",\"item\":\"https:\\\/\\\/shop.bantam.ch\\\/de\\\/shop\\\/\"},{\"@type\":\"ListItem\",\"position\":3,\"name\":\"CEE Verl\u00e4ngerungskabel H07RN-F3G1.5 schwarz 1.5m\"}]},{\"@type\":\"WebSite\",\"@id\":\"https:\\\/\\\/shop.bantam.ch\\\/de\\\/#website\",\"url\":\"https:\\\/\\\/shop.bantam.ch\\\/de\\\/\",\"name\":\"Bantam Camping AG\",\"description\":\"\",\"publisher\":{\"@id\":\"https:\\\/\\\/shop.bantam.ch\\\/de\\\/#organization\"},\"inLanguage\":\"de\"},{\"@type\":\"Organization\",\"@id\":\"https:\\\/\\\/shop.bantam.ch\\\/de\\\/#organization\",\"name\":\"Bantam Camping AG\",\"url\":\"https:\\\/\\\/shop.bantam.ch\\\/de\\\/\",\"logo\":{\"@type\":\"ImageObject\",\"inLanguage\":\"de\",\"@id\":\"https:\\\/\\\/shop.bantam.ch\\\/de\\\/#\\\/schema\\\/logo\\\/image\\\/\",\"url\":\"https:\\\/\\\/shop.bantam.ch\\\/wp-content\\\/uploads\\\/2022\\\/12\\\/bantam-logo.png\",\"contentUrl\":\"https:\\\/\\\/shop.bantam.ch\\\/wp-content\\\/uploads\\\/2022\\\/12\\\/bantam-logo.png\",\"width\":320,\"height\":71,\"caption\":\"Bantam Camping AG\"},\"image\":{\"@id\":\"https:\\\/\\\/shop.bantam.ch\\\/de\\\/#\\\/schema\\\/logo\\\/image\\\/\"}}]}<\/script>\n<!-- \/ Yoast SEO plugin. -->","yoast_head_json":{"title":"CEE Verl\u00e4ngerungskabel H07RN-F3G1.5 schwarz 1.5m - Bantam Camping AG","robots":{"index":"index","follow":"follow","max-snippet":"max-snippet:-1","max-image-preview":"max-image-preview:large","max-video-preview":"max-video-preview:-1"},"canonical":"https:\/\/shop.bantam.ch\/de\/produkt\/cee-verlaengerungskabel-h07rn-f3g1-5-schwarz-1-5m\/","og_locale":"de_DE","og_type":"article","og_title":"CEE Verl\u00e4ngerungskabel H07RN-F3G1.5 schwarz 1.5m - Bantam Camping AG","og_description":"Dieses Verl\u00e4ngerungskabel mit einer L\u00e4nge von 1.5 Metern und einem Leiterquerschnitt von 1.5 Quadratmillimetern ist die optimale L\u00f6sung, um elektrische Ger\u00e4te flexibel und komfortabel am gew\u00fcnschten Ort anzuschliessen. Er verf\u00fcgt \u00fcber einen CEE 16-3-Stecker und eine CEE 16-3-Kupplung. Durch die internationale Normung ist er besonders f\u00fcr den Einsatz in der Industrie und beim Camping geeignet. [&hellip;]","og_url":"https:\/\/shop.bantam.ch\/de\/produkt\/cee-verlaengerungskabel-h07rn-f3g1-5-schwarz-1-5m\/","og_site_name":"Bantam Camping AG","article_modified_time":"2026-04-17T21:15:52+00:00","og_image":[{"width":800,"height":482,"url":"https:\/\/shop.bantam.ch\/wp-content\/uploads\/2025\/02\/162746_13_300dpi_800pxl.jpg","type":"image\/jpeg"}],"twitter_card":"summary_large_image","twitter_misc":{"Gesch\u00e4tzte Lesezeit":"1\u00a0Minute"},"schema":{"@context":"https:\/\/schema.org","@graph":[{"@type":"WebPage","@id":"https:\/\/shop.bantam.ch\/de\/produkt\/cee-verlaengerungskabel-h07rn-f3g1-5-schwarz-1-5m\/","url":"https:\/\/shop.bantam.ch\/de\/produkt\/cee-verlaengerungskabel-h07rn-f3g1-5-schwarz-1-5m\/","name":"CEE Verl\u00e4ngerungskabel H07RN-F3G1.5 schwarz 1.5m - Bantam Camping AG","isPartOf":{"@id":"https:\/\/shop.bantam.ch\/de\/#website"},"primaryImageOfPage":{"@id":"https:\/\/shop.bantam.ch\/de\/produkt\/cee-verlaengerungskabel-h07rn-f3g1-5-schwarz-1-5m\/#primaryimage"},"image":{"@id":"https:\/\/shop.bantam.ch\/de\/produkt\/cee-verlaengerungskabel-h07rn-f3g1-5-schwarz-1-5m\/#primaryimage"},"thumbnailUrl":"https:\/\/shop.bantam.ch\/wp-content\/uploads\/2025\/02\/162746_13_300dpi_800pxl.jpg","datePublished":"2025-02-26T15:25:14+00:00","dateModified":"2026-04-17T21:15:52+00:00","breadcrumb":{"@id":"https:\/\/shop.bantam.ch\/de\/produkt\/cee-verlaengerungskabel-h07rn-f3g1-5-schwarz-1-5m\/#breadcrumb"},"inLanguage":"de","potentialAction":[{"@type":"ReadAction","target":["https:\/\/shop.bantam.ch\/de\/produkt\/cee-verlaengerungskabel-h07rn-f3g1-5-schwarz-1-5m\/"]}]},{"@type":"ImageObject","inLanguage":"de","@id":"https:\/\/shop.bantam.ch\/de\/produkt\/cee-verlaengerungskabel-h07rn-f3g1-5-schwarz-1-5m\/#primaryimage","url":"https:\/\/shop.bantam.ch\/wp-content\/uploads\/2025\/02\/162746_13_300dpi_800pxl.jpg","contentUrl":"https:\/\/shop.bantam.ch\/wp-content\/uploads\/2025\/02\/162746_13_300dpi_800pxl.jpg","width":800,"height":482},{"@type":"BreadcrumbList","@id":"https:\/\/shop.bantam.ch\/de\/produkt\/cee-verlaengerungskabel-h07rn-f3g1-5-schwarz-1-5m\/#breadcrumb","itemListElement":[{"@type":"ListItem","position":1,"name":"Accueil","item":"https:\/\/shop.bantam.ch\/de\/"},{"@type":"ListItem","position":2,"name":"Shop","item":"https:\/\/shop.bantam.ch\/de\/shop\/"},{"@type":"ListItem","position":3,"name":"CEE Verl\u00e4ngerungskabel H07RN-F3G1.5 schwarz 1.5m"}]},{"@type":"WebSite","@id":"https:\/\/shop.bantam.ch\/de\/#website","url":"https:\/\/shop.bantam.ch\/de\/","name":"Bantam Camping AG","description":"","publisher":{"@id":"https:\/\/shop.bantam.ch\/de\/#organization"},"inLanguage":"de"},{"@type":"Organization","@id":"https:\/\/shop.bantam.ch\/de\/#organization","name":"Bantam Camping AG","url":"https:\/\/shop.bantam.ch\/de\/","logo":{"@type":"ImageObject","inLanguage":"de","@id":"https:\/\/shop.bantam.ch\/de\/#\/schema\/logo\/image\/","url":"https:\/\/shop.bantam.ch\/wp-content\/uploads\/2022\/12\/bantam-logo.png","contentUrl":"https:\/\/shop.bantam.ch\/wp-content\/uploads\/2022\/12\/bantam-logo.png","width":320,"height":71,"caption":"Bantam Camping AG"},"image":{"@id":"https:\/\/shop.bantam.ch\/de\/#\/schema\/logo\/image\/"}}]}},"_links":{"self":[{"href":"https:\/\/shop.bantam.ch\/de\/wp-json\/wp\/v2\/product\/209543","targetHints":{"allow":["GET"]}}],"collection":[{"href":"https:\/\/shop.bantam.ch\/de\/wp-json\/wp\/v2\/product"}],"about":[{"href":"https:\/\/shop.bantam.ch\/de\/wp-json\/wp\/v2\/types\/product"}],"wp:featuredmedia":[{"embeddable":true,"href":"https:\/\/shop.bantam.ch\/de\/wp-json\/wp\/v2\/media\/209541"}],"wp:attachment":[{"href":"https:\/\/shop.bantam.ch\/de\/wp-json\/wp\/v2\/media?parent=209543"}],"wp:term":[{"taxonomy":"product_featured_cat","embeddable":true,"href":"https:\/\/shop.bantam.ch\/de\/wp-json\/wp\/v2\/product_featured_cat?post=209543"},{"taxonomy":"product_brand","embeddable":true,"href":"https:\/\/shop.bantam.ch\/de\/wp-json\/wp\/v2\/product_brand?post=209543"},{"taxonomy":"product_cat","embeddable":true,"href":"https:\/\/shop.bantam.ch\/de\/wp-json\/wp\/v2\/product_cat?post=209543"},{"taxonomy":"product_tag","embeddable":true,"href":"https:\/\/shop.bantam.ch\/de\/wp-json\/wp\/v2\/product_tag?post=209543"}],"curies":[{"name":"wp","href":"https:\/\/api.w.org\/{rel}","templated":true}]}}