{"id":209537,"date":"2025-02-26T16:11:56","date_gmt":"2025-02-26T15:11:56","guid":{"rendered":"https:\/\/shop.bantam.ch\/produit\/reisewasserkocher\/"},"modified":"2026-04-18T23:19:07","modified_gmt":"2026-04-18T21:19:07","slug":"reisewasserkocher","status":"publish","type":"product","link":"https:\/\/shop.bantam.ch\/de\/produkt\/reisewasserkocher\/","title":{"rendered":"Reisewasserkocher"},"content":{"rendered":"<p>Dieser neue faltbare Wasserkocher ist eine innovative L\u00f6sung f\u00fcr alle, die Wert auf Bequemlichkeit und Platzersparnis legen. Dieses Modell ist einfach zu bedienen und l\u00e4sst sich kompakt zusammenklappen, wodurch es sich ideal f\u00fcr kleine K\u00fcchen, unterwegs oder im B\u00fcro eignet. Dieses Modell ist einfach zu bedienen und l\u00e4sst sich kompakt zusammenklappen, wodurch es sich ideal f\u00fcr kleine K\u00fcchen, unterwegs oder im B\u00fcro eignet. B\u00fcro geeignet ist. mit Trockenkochschutz und \u00dcberhitzungsschutz bietet dieser Wasserkocher eine sichere und zuverl\u00e4ssige M\u00f6glichkeit, Wasser schnell zum Kochen zu bringen. Egal, ob Sie Tee, Kaffee oder Instantmahlzeiten zubereiten m\u00f6chten, dieser Wasserkocher wurde entwickelt, um Ihren Bed\u00fcrfnissen gerecht zu werden, wobei Sicherheit und Benutzerfreundlichkeit im Vordergrund stehen B\u00fcro geeignet ist.<\/p>\n","protected":false},"excerpt":{"rendered":"<p>Dieser neue faltbare Wasserkocher ist eine innovative L\u00f6sung f\u00fcr alle, die Wert auf Bequemlichkeit und Platzersparnis legen. Dieses Modell ist einfach zu bedienen und l\u00e4sst sich kompakt zusammenklappen, wodurch es sich ideal f\u00fcr kleine K\u00fcchen, unterwegs oder im B\u00fcro eignet. Dieses Modell ist einfach zu bedienen und l\u00e4sst sich kompakt zusammenklappen, wodurch es sich ideal [&hellip;]<\/p>\n","protected":false},"featured_media":209535,"template":"","meta":{"_acf_changed":false},"product_featured_cat":[5301,5302],"product_brand":[3075],"product_cat":[4268],"product_tag":[],"class_list":{"0":"post-209537","1":"product","2":"type-product","3":"status-publish","4":"has-post-thumbnail","6":"product_featured_cat-promotions-etagnieres-fr","7":"product_featured_cat-sonderangebote-hindelbank-urdorf","8":"product_brand-eurotrail-de","9":"product_cat-wasserkessel","11":"first","12":"instock","13":"sale","14":"taxable","15":"shipping-taxable","16":"purchasable","17":"product-type-simple"},"acf":[],"yoast_head":"<!-- This site is optimized with the Yoast SEO plugin v27.4 - https:\/\/yoast.com\/product\/yoast-seo-wordpress\/ -->\n<title>Reisewasserkocher - Bantam Camping AG<\/title>\n<meta name=\"robots\" content=\"index, follow, max-snippet:-1, max-image-preview:large, max-video-preview:-1\" \/>\n<link rel=\"canonical\" href=\"https:\/\/shop.bantam.ch\/de\/produkt\/reisewasserkocher\/\" \/>\n<meta property=\"og:locale\" content=\"de_DE\" \/>\n<meta property=\"og:type\" content=\"article\" \/>\n<meta property=\"og:title\" content=\"Reisewasserkocher - Bantam Camping AG\" \/>\n<meta property=\"og:description\" content=\"Dieser neue faltbare Wasserkocher ist eine innovative L\u00f6sung f\u00fcr alle, die Wert auf Bequemlichkeit und Platzersparnis legen. Dieses Modell ist einfach zu bedienen und l\u00e4sst sich kompakt zusammenklappen, wodurch es sich ideal f\u00fcr kleine K\u00fcchen, unterwegs oder im B\u00fcro eignet. Dieses Modell ist einfach zu bedienen und l\u00e4sst sich kompakt zusammenklappen, wodurch es sich ideal [&hellip;]\" \/>\n<meta property=\"og:url\" content=\"https:\/\/shop.bantam.ch\/de\/produkt\/reisewasserkocher\/\" \/>\n<meta property=\"og:site_name\" content=\"Bantam Camping AG\" \/>\n<meta property=\"article:modified_time\" content=\"2026-04-18T21:19:07+00:00\" \/>\n<meta property=\"og:image\" content=\"https:\/\/shop.bantam.ch\/wp-content\/uploads\/2025\/02\/ETKW6012_Reisewasserkocher_76625004.jpg\" \/>\n\t<meta property=\"og:image:width\" content=\"800\" \/>\n\t<meta property=\"og:image:height\" content=\"628\" \/>\n\t<meta property=\"og:image:type\" content=\"image\/jpeg\" \/>\n<meta name=\"twitter:card\" content=\"summary_large_image\" \/>\n<meta name=\"twitter:label1\" content=\"Gesch\u00e4tzte Lesezeit\" \/>\n\t<meta name=\"twitter:data1\" content=\"1\u00a0Minute\" \/>\n<script type=\"application\/ld+json\" class=\"yoast-schema-graph\">{\"@context\":\"https:\\\/\\\/schema.org\",\"@graph\":[{\"@type\":\"WebPage\",\"@id\":\"https:\\\/\\\/shop.bantam.ch\\\/de\\\/produkt\\\/reisewasserkocher\\\/\",\"url\":\"https:\\\/\\\/shop.bantam.ch\\\/de\\\/produkt\\\/reisewasserkocher\\\/\",\"name\":\"Reisewasserkocher - Bantam Camping AG\",\"isPartOf\":{\"@id\":\"https:\\\/\\\/shop.bantam.ch\\\/de\\\/#website\"},\"primaryImageOfPage\":{\"@id\":\"https:\\\/\\\/shop.bantam.ch\\\/de\\\/produkt\\\/reisewasserkocher\\\/#primaryimage\"},\"image\":{\"@id\":\"https:\\\/\\\/shop.bantam.ch\\\/de\\\/produkt\\\/reisewasserkocher\\\/#primaryimage\"},\"thumbnailUrl\":\"https:\\\/\\\/shop.bantam.ch\\\/wp-content\\\/uploads\\\/2025\\\/02\\\/ETKW6012_Reisewasserkocher_76625004.jpg\",\"datePublished\":\"2025-02-26T15:11:56+00:00\",\"dateModified\":\"2026-04-18T21:19:07+00:00\",\"breadcrumb\":{\"@id\":\"https:\\\/\\\/shop.bantam.ch\\\/de\\\/produkt\\\/reisewasserkocher\\\/#breadcrumb\"},\"inLanguage\":\"de\",\"potentialAction\":[{\"@type\":\"ReadAction\",\"target\":[\"https:\\\/\\\/shop.bantam.ch\\\/de\\\/produkt\\\/reisewasserkocher\\\/\"]}]},{\"@type\":\"ImageObject\",\"inLanguage\":\"de\",\"@id\":\"https:\\\/\\\/shop.bantam.ch\\\/de\\\/produkt\\\/reisewasserkocher\\\/#primaryimage\",\"url\":\"https:\\\/\\\/shop.bantam.ch\\\/wp-content\\\/uploads\\\/2025\\\/02\\\/ETKW6012_Reisewasserkocher_76625004.jpg\",\"contentUrl\":\"https:\\\/\\\/shop.bantam.ch\\\/wp-content\\\/uploads\\\/2025\\\/02\\\/ETKW6012_Reisewasserkocher_76625004.jpg\",\"width\":800,\"height\":628},{\"@type\":\"BreadcrumbList\",\"@id\":\"https:\\\/\\\/shop.bantam.ch\\\/de\\\/produkt\\\/reisewasserkocher\\\/#breadcrumb\",\"itemListElement\":[{\"@type\":\"ListItem\",\"position\":1,\"name\":\"Accueil\",\"item\":\"https:\\\/\\\/shop.bantam.ch\\\/de\\\/\"},{\"@type\":\"ListItem\",\"position\":2,\"name\":\"Shop\",\"item\":\"https:\\\/\\\/shop.bantam.ch\\\/de\\\/shop\\\/\"},{\"@type\":\"ListItem\",\"position\":3,\"name\":\"Reisewasserkocher\"}]},{\"@type\":\"WebSite\",\"@id\":\"https:\\\/\\\/shop.bantam.ch\\\/de\\\/#website\",\"url\":\"https:\\\/\\\/shop.bantam.ch\\\/de\\\/\",\"name\":\"Bantam Camping AG\",\"description\":\"\",\"publisher\":{\"@id\":\"https:\\\/\\\/shop.bantam.ch\\\/de\\\/#organization\"},\"inLanguage\":\"de\"},{\"@type\":\"Organization\",\"@id\":\"https:\\\/\\\/shop.bantam.ch\\\/de\\\/#organization\",\"name\":\"Bantam Camping AG\",\"url\":\"https:\\\/\\\/shop.bantam.ch\\\/de\\\/\",\"logo\":{\"@type\":\"ImageObject\",\"inLanguage\":\"de\",\"@id\":\"https:\\\/\\\/shop.bantam.ch\\\/de\\\/#\\\/schema\\\/logo\\\/image\\\/\",\"url\":\"https:\\\/\\\/shop.bantam.ch\\\/wp-content\\\/uploads\\\/2022\\\/12\\\/bantam-logo.png\",\"contentUrl\":\"https:\\\/\\\/shop.bantam.ch\\\/wp-content\\\/uploads\\\/2022\\\/12\\\/bantam-logo.png\",\"width\":320,\"height\":71,\"caption\":\"Bantam Camping AG\"},\"image\":{\"@id\":\"https:\\\/\\\/shop.bantam.ch\\\/de\\\/#\\\/schema\\\/logo\\\/image\\\/\"}}]}<\/script>\n<!-- \/ Yoast SEO plugin. -->","yoast_head_json":{"title":"Reisewasserkocher - Bantam Camping AG","robots":{"index":"index","follow":"follow","max-snippet":"max-snippet:-1","max-image-preview":"max-image-preview:large","max-video-preview":"max-video-preview:-1"},"canonical":"https:\/\/shop.bantam.ch\/de\/produkt\/reisewasserkocher\/","og_locale":"de_DE","og_type":"article","og_title":"Reisewasserkocher - Bantam Camping AG","og_description":"Dieser neue faltbare Wasserkocher ist eine innovative L\u00f6sung f\u00fcr alle, die Wert auf Bequemlichkeit und Platzersparnis legen. Dieses Modell ist einfach zu bedienen und l\u00e4sst sich kompakt zusammenklappen, wodurch es sich ideal f\u00fcr kleine K\u00fcchen, unterwegs oder im B\u00fcro eignet. Dieses Modell ist einfach zu bedienen und l\u00e4sst sich kompakt zusammenklappen, wodurch es sich ideal [&hellip;]","og_url":"https:\/\/shop.bantam.ch\/de\/produkt\/reisewasserkocher\/","og_site_name":"Bantam Camping AG","article_modified_time":"2026-04-18T21:19:07+00:00","og_image":[{"width":800,"height":628,"url":"https:\/\/shop.bantam.ch\/wp-content\/uploads\/2025\/02\/ETKW6012_Reisewasserkocher_76625004.jpg","type":"image\/jpeg"}],"twitter_card":"summary_large_image","twitter_misc":{"Gesch\u00e4tzte Lesezeit":"1\u00a0Minute"},"schema":{"@context":"https:\/\/schema.org","@graph":[{"@type":"WebPage","@id":"https:\/\/shop.bantam.ch\/de\/produkt\/reisewasserkocher\/","url":"https:\/\/shop.bantam.ch\/de\/produkt\/reisewasserkocher\/","name":"Reisewasserkocher - Bantam Camping AG","isPartOf":{"@id":"https:\/\/shop.bantam.ch\/de\/#website"},"primaryImageOfPage":{"@id":"https:\/\/shop.bantam.ch\/de\/produkt\/reisewasserkocher\/#primaryimage"},"image":{"@id":"https:\/\/shop.bantam.ch\/de\/produkt\/reisewasserkocher\/#primaryimage"},"thumbnailUrl":"https:\/\/shop.bantam.ch\/wp-content\/uploads\/2025\/02\/ETKW6012_Reisewasserkocher_76625004.jpg","datePublished":"2025-02-26T15:11:56+00:00","dateModified":"2026-04-18T21:19:07+00:00","breadcrumb":{"@id":"https:\/\/shop.bantam.ch\/de\/produkt\/reisewasserkocher\/#breadcrumb"},"inLanguage":"de","potentialAction":[{"@type":"ReadAction","target":["https:\/\/shop.bantam.ch\/de\/produkt\/reisewasserkocher\/"]}]},{"@type":"ImageObject","inLanguage":"de","@id":"https:\/\/shop.bantam.ch\/de\/produkt\/reisewasserkocher\/#primaryimage","url":"https:\/\/shop.bantam.ch\/wp-content\/uploads\/2025\/02\/ETKW6012_Reisewasserkocher_76625004.jpg","contentUrl":"https:\/\/shop.bantam.ch\/wp-content\/uploads\/2025\/02\/ETKW6012_Reisewasserkocher_76625004.jpg","width":800,"height":628},{"@type":"BreadcrumbList","@id":"https:\/\/shop.bantam.ch\/de\/produkt\/reisewasserkocher\/#breadcrumb","itemListElement":[{"@type":"ListItem","position":1,"name":"Accueil","item":"https:\/\/shop.bantam.ch\/de\/"},{"@type":"ListItem","position":2,"name":"Shop","item":"https:\/\/shop.bantam.ch\/de\/shop\/"},{"@type":"ListItem","position":3,"name":"Reisewasserkocher"}]},{"@type":"WebSite","@id":"https:\/\/shop.bantam.ch\/de\/#website","url":"https:\/\/shop.bantam.ch\/de\/","name":"Bantam Camping AG","description":"","publisher":{"@id":"https:\/\/shop.bantam.ch\/de\/#organization"},"inLanguage":"de"},{"@type":"Organization","@id":"https:\/\/shop.bantam.ch\/de\/#organization","name":"Bantam Camping AG","url":"https:\/\/shop.bantam.ch\/de\/","logo":{"@type":"ImageObject","inLanguage":"de","@id":"https:\/\/shop.bantam.ch\/de\/#\/schema\/logo\/image\/","url":"https:\/\/shop.bantam.ch\/wp-content\/uploads\/2022\/12\/bantam-logo.png","contentUrl":"https:\/\/shop.bantam.ch\/wp-content\/uploads\/2022\/12\/bantam-logo.png","width":320,"height":71,"caption":"Bantam Camping AG"},"image":{"@id":"https:\/\/shop.bantam.ch\/de\/#\/schema\/logo\/image\/"}}]}},"_links":{"self":[{"href":"https:\/\/shop.bantam.ch\/de\/wp-json\/wp\/v2\/product\/209537","targetHints":{"allow":["GET"]}}],"collection":[{"href":"https:\/\/shop.bantam.ch\/de\/wp-json\/wp\/v2\/product"}],"about":[{"href":"https:\/\/shop.bantam.ch\/de\/wp-json\/wp\/v2\/types\/product"}],"wp:featuredmedia":[{"embeddable":true,"href":"https:\/\/shop.bantam.ch\/de\/wp-json\/wp\/v2\/media\/209535"}],"wp:attachment":[{"href":"https:\/\/shop.bantam.ch\/de\/wp-json\/wp\/v2\/media?parent=209537"}],"wp:term":[{"taxonomy":"product_featured_cat","embeddable":true,"href":"https:\/\/shop.bantam.ch\/de\/wp-json\/wp\/v2\/product_featured_cat?post=209537"},{"taxonomy":"product_brand","embeddable":true,"href":"https:\/\/shop.bantam.ch\/de\/wp-json\/wp\/v2\/product_brand?post=209537"},{"taxonomy":"product_cat","embeddable":true,"href":"https:\/\/shop.bantam.ch\/de\/wp-json\/wp\/v2\/product_cat?post=209537"},{"taxonomy":"product_tag","embeddable":true,"href":"https:\/\/shop.bantam.ch\/de\/wp-json\/wp\/v2\/product_tag?post=209537"}],"curies":[{"name":"wp","href":"https:\/\/api.w.org\/{rel}","templated":true}]}}