{"id":209510,"date":"2025-02-26T11:26:44","date_gmt":"2025-02-26T10:26:44","guid":{"rendered":"https:\/\/shop.bantam.ch\/produit\/truma-aventa-compact-2-g-i-weiss\/"},"modified":"2026-04-19T23:21:45","modified_gmt":"2026-04-19T21:21:45","slug":"truma-aventa-compact-2-g-i-weiss","status":"publish","type":"product","link":"https:\/\/shop.bantam.ch\/de\/produkt\/truma-aventa-compact-2-g-i-weiss\/","title":{"rendered":"Truma Aventa Compact 2G &#8211; Stone"},"content":{"rendered":"<p>Die 2. Generation der Aventa Dachklimaanlagen sorgt f\u00fcr eine \u00e4u\u00dferst angenehme Temperatur und ist im Betrieb besonders ger\u00e4uscharm. Hervorzuheben ist das geringe Gesamtgewicht der Anlagen, welches durch den Einbau modernster Technologien erm\u00f6glicht wird. Der stufenlos regelbare Kompressor sorgt f\u00fcr herausragende K\u00fchlleistung und im Zusammenspiel mit dem \u00fcberarbeiteten Night Mode f\u00fcr ruhige N\u00e4chte.<\/p>\n<p>\u2022 Flexibel: nach Ihren W\u00fcnschen bedienbar.<br \/>\n\u2022 Ger\u00e4uscharm: besonders leise dank neuem Kompressor und Innengebl\u00e4se.<br \/>\n\u2022 Clever: neue Luftverteiler in mehreren Varianten.<br \/>\n\u2022 Leichtgewicht: durch neue Bauweise die leichteste Klimaanlage ihrer Art.<br \/>\n\u2022 Eyecatcher: zeitloses Design au\u00dfen wie innen.<br \/>\n\u2022 Multifunktional: heizt durch integrierte W\u00e4rmepumpe (bei allen drei Modellen).<\/p>\n<p>Technik<br \/>\nMit der 2. Generation der Aventa Klimaanlagen ist die gew\u00fcnschte Zieltemperatur durch den neuen stufenlos regelbaren Kompressor sowie den neuen stufenlos regelbaren Indoor-L\u00fcfter immer gew\u00e4hrleistet. Der Kompressor wird dabei nach Bedarf automatisch geregelt. F\u00fcr mehr Ruhe in der Nacht gibt es den verbesserten Night-Mode, durch welchen die Anlage besonders ger\u00e4uscharm f\u00fcr angenehme K\u00fchle sorgt. Falls es doch mal zu frisch wird, sorgt die integrierte Heizfunktion f\u00fcr gem\u00fctliche Temperaturen. Die Anlagen zeichnen sich au\u00dferdem durch den geringen Anlaufstrom aus. Somit gibt es keine Probleme an Campingpl\u00e4tzen mit geringerer Absicherung.<br \/>\nK\u00fchlmittel Propan C\u2083H\u2088 (Kohlenwasserstoff) R 290. Fl\u00fcssiggas ist nicht ozonsch\u00e4dlich und umweltfreundlich.<br \/>\nAventa compact 2. Generation<br \/>\nTruma Dachklimaanlage Ausseneinheit inkl. iNet X Interface AC.<\/p>\n<p>Geliefert mit Luftverteiler Aventa Premium 2.G. Heizen ab ca. 4 \u00b0C plus Aussentemperatur m\u00f6glich.<\/p>\n<p>\u2022 K\u00fchlleistung:                    1700 W<br \/>\n\u2022 Heizleistung:                    1200 W<br \/>\n\u2022 f\u00fcr Fahrzeugl\u00e4nge:           bis 6 m<br \/>\n\u2022 Betriebsspannung:           230 V<br \/>\n\u2022 Stromaufnahme:<br \/>\n\u2022 &#8211; K\u00fchlbetrieb:                    3,3 A (230 V)<br \/>\n\u2022 &#8211; Heizbetrieb:                    1,55 A (230 V)<br \/>\n\u2022 L B H Ausseneinheit:         78,6&#215;57,7&#215;24,5 cm<br \/>\n\u2022 L B Dachausschnitt:          38&#215;35 cm \/ 40&#215;40 cm<br \/>\n\u2022 Gewicht:                             23,2 kg inkl. LV<br \/>\n\u2022  Farbe:                                weiss<\/p>\n","protected":false},"excerpt":{"rendered":"<p>Die 2. Generation der Aventa Dachklimaanlagen sorgt f\u00fcr eine \u00e4u\u00dferst angenehme Temperatur und ist im Betrieb besonders ger\u00e4uscharm. Hervorzuheben ist das geringe Gesamtgewicht der Anlagen, welches durch den Einbau modernster Technologien erm\u00f6glicht wird. Der stufenlos regelbare Kompressor sorgt f\u00fcr herausragende K\u00fchlleistung und im Zusammenspiel mit dem \u00fcberarbeiteten Night Mode f\u00fcr ruhige N\u00e4chte. \u2022 Flexibel: nach [&hellip;]<\/p>\n","protected":false},"featured_media":209516,"template":"","meta":{"_acf_changed":false},"product_featured_cat":[],"product_brand":[3027],"product_cat":[4090],"product_tag":[],"class_list":{"0":"post-209510","1":"product","2":"type-product","3":"status-publish","4":"has-post-thumbnail","6":"product_brand-truma-de","7":"product_cat-klimaanlagen","9":"first","10":"instock","11":"taxable","12":"shipping-taxable","13":"purchasable","14":"product-type-simple"},"acf":[],"yoast_head":"<!-- This site is optimized with the Yoast SEO plugin v27.4 - https:\/\/yoast.com\/product\/yoast-seo-wordpress\/ -->\n<title>Truma Aventa Compact 2G - Stone - Bantam Camping AG<\/title>\n<meta name=\"robots\" content=\"index, follow, max-snippet:-1, max-image-preview:large, max-video-preview:-1\" \/>\n<link rel=\"canonical\" href=\"https:\/\/shop.bantam.ch\/de\/produkt\/truma-aventa-compact-2-g-i-weiss\/\" \/>\n<meta property=\"og:locale\" content=\"de_DE\" \/>\n<meta property=\"og:type\" content=\"article\" \/>\n<meta property=\"og:title\" content=\"Truma Aventa Compact 2G - Stone - Bantam Camping AG\" \/>\n<meta property=\"og:description\" content=\"Die 2. Generation der Aventa Dachklimaanlagen sorgt f\u00fcr eine \u00e4u\u00dferst angenehme Temperatur und ist im Betrieb besonders ger\u00e4uscharm. Hervorzuheben ist das geringe Gesamtgewicht der Anlagen, welches durch den Einbau modernster Technologien erm\u00f6glicht wird. Der stufenlos regelbare Kompressor sorgt f\u00fcr herausragende K\u00fchlleistung und im Zusammenspiel mit dem \u00fcberarbeiteten Night Mode f\u00fcr ruhige N\u00e4chte. \u2022 Flexibel: nach [&hellip;]\" \/>\n<meta property=\"og:url\" content=\"https:\/\/shop.bantam.ch\/de\/produkt\/truma-aventa-compact-2-g-i-weiss\/\" \/>\n<meta property=\"og:site_name\" content=\"Bantam Camping AG\" \/>\n<meta property=\"article:modified_time\" content=\"2026-04-19T21:21:45+00:00\" \/>\n<meta property=\"og:image\" content=\"https:\/\/shop.bantam.ch\/wp-content\/uploads\/2025\/02\/Truma9962589.png\" \/>\n\t<meta property=\"og:image:width\" content=\"377\" \/>\n\t<meta property=\"og:image:height\" content=\"377\" \/>\n\t<meta property=\"og:image:type\" content=\"image\/png\" \/>\n<meta name=\"twitter:card\" content=\"summary_large_image\" \/>\n<meta name=\"twitter:label1\" content=\"Gesch\u00e4tzte Lesezeit\" \/>\n\t<meta name=\"twitter:data1\" content=\"1\u00a0Minute\" \/>\n<script type=\"application\/ld+json\" class=\"yoast-schema-graph\">{\"@context\":\"https:\\\/\\\/schema.org\",\"@graph\":[{\"@type\":\"WebPage\",\"@id\":\"https:\\\/\\\/shop.bantam.ch\\\/de\\\/produkt\\\/truma-aventa-compact-2-g-i-weiss\\\/\",\"url\":\"https:\\\/\\\/shop.bantam.ch\\\/de\\\/produkt\\\/truma-aventa-compact-2-g-i-weiss\\\/\",\"name\":\"Truma Aventa Compact 2G - Stone - Bantam Camping AG\",\"isPartOf\":{\"@id\":\"https:\\\/\\\/shop.bantam.ch\\\/de\\\/#website\"},\"primaryImageOfPage\":{\"@id\":\"https:\\\/\\\/shop.bantam.ch\\\/de\\\/produkt\\\/truma-aventa-compact-2-g-i-weiss\\\/#primaryimage\"},\"image\":{\"@id\":\"https:\\\/\\\/shop.bantam.ch\\\/de\\\/produkt\\\/truma-aventa-compact-2-g-i-weiss\\\/#primaryimage\"},\"thumbnailUrl\":\"https:\\\/\\\/shop.bantam.ch\\\/wp-content\\\/uploads\\\/2025\\\/02\\\/Truma9962589.png\",\"datePublished\":\"2025-02-26T10:26:44+00:00\",\"dateModified\":\"2026-04-19T21:21:45+00:00\",\"breadcrumb\":{\"@id\":\"https:\\\/\\\/shop.bantam.ch\\\/de\\\/produkt\\\/truma-aventa-compact-2-g-i-weiss\\\/#breadcrumb\"},\"inLanguage\":\"de\",\"potentialAction\":[{\"@type\":\"ReadAction\",\"target\":[\"https:\\\/\\\/shop.bantam.ch\\\/de\\\/produkt\\\/truma-aventa-compact-2-g-i-weiss\\\/\"]}]},{\"@type\":\"ImageObject\",\"inLanguage\":\"de\",\"@id\":\"https:\\\/\\\/shop.bantam.ch\\\/de\\\/produkt\\\/truma-aventa-compact-2-g-i-weiss\\\/#primaryimage\",\"url\":\"https:\\\/\\\/shop.bantam.ch\\\/wp-content\\\/uploads\\\/2025\\\/02\\\/Truma9962589.png\",\"contentUrl\":\"https:\\\/\\\/shop.bantam.ch\\\/wp-content\\\/uploads\\\/2025\\\/02\\\/Truma9962589.png\",\"width\":377,\"height\":377},{\"@type\":\"BreadcrumbList\",\"@id\":\"https:\\\/\\\/shop.bantam.ch\\\/de\\\/produkt\\\/truma-aventa-compact-2-g-i-weiss\\\/#breadcrumb\",\"itemListElement\":[{\"@type\":\"ListItem\",\"position\":1,\"name\":\"Accueil\",\"item\":\"https:\\\/\\\/shop.bantam.ch\\\/de\\\/\"},{\"@type\":\"ListItem\",\"position\":2,\"name\":\"Shop\",\"item\":\"https:\\\/\\\/shop.bantam.ch\\\/de\\\/shop\\\/\"},{\"@type\":\"ListItem\",\"position\":3,\"name\":\"Truma Aventa Compact 2G &#8211; Stone\"}]},{\"@type\":\"WebSite\",\"@id\":\"https:\\\/\\\/shop.bantam.ch\\\/de\\\/#website\",\"url\":\"https:\\\/\\\/shop.bantam.ch\\\/de\\\/\",\"name\":\"Bantam Camping AG\",\"description\":\"\",\"publisher\":{\"@id\":\"https:\\\/\\\/shop.bantam.ch\\\/de\\\/#organization\"},\"inLanguage\":\"de\"},{\"@type\":\"Organization\",\"@id\":\"https:\\\/\\\/shop.bantam.ch\\\/de\\\/#organization\",\"name\":\"Bantam Camping AG\",\"url\":\"https:\\\/\\\/shop.bantam.ch\\\/de\\\/\",\"logo\":{\"@type\":\"ImageObject\",\"inLanguage\":\"de\",\"@id\":\"https:\\\/\\\/shop.bantam.ch\\\/de\\\/#\\\/schema\\\/logo\\\/image\\\/\",\"url\":\"https:\\\/\\\/shop.bantam.ch\\\/wp-content\\\/uploads\\\/2022\\\/12\\\/bantam-logo.png\",\"contentUrl\":\"https:\\\/\\\/shop.bantam.ch\\\/wp-content\\\/uploads\\\/2022\\\/12\\\/bantam-logo.png\",\"width\":320,\"height\":71,\"caption\":\"Bantam Camping AG\"},\"image\":{\"@id\":\"https:\\\/\\\/shop.bantam.ch\\\/de\\\/#\\\/schema\\\/logo\\\/image\\\/\"}}]}<\/script>\n<!-- \/ Yoast SEO plugin. -->","yoast_head_json":{"title":"Truma Aventa Compact 2G - Stone - Bantam Camping AG","robots":{"index":"index","follow":"follow","max-snippet":"max-snippet:-1","max-image-preview":"max-image-preview:large","max-video-preview":"max-video-preview:-1"},"canonical":"https:\/\/shop.bantam.ch\/de\/produkt\/truma-aventa-compact-2-g-i-weiss\/","og_locale":"de_DE","og_type":"article","og_title":"Truma Aventa Compact 2G - Stone - Bantam Camping AG","og_description":"Die 2. Generation der Aventa Dachklimaanlagen sorgt f\u00fcr eine \u00e4u\u00dferst angenehme Temperatur und ist im Betrieb besonders ger\u00e4uscharm. Hervorzuheben ist das geringe Gesamtgewicht der Anlagen, welches durch den Einbau modernster Technologien erm\u00f6glicht wird. Der stufenlos regelbare Kompressor sorgt f\u00fcr herausragende K\u00fchlleistung und im Zusammenspiel mit dem \u00fcberarbeiteten Night Mode f\u00fcr ruhige N\u00e4chte. \u2022 Flexibel: nach [&hellip;]","og_url":"https:\/\/shop.bantam.ch\/de\/produkt\/truma-aventa-compact-2-g-i-weiss\/","og_site_name":"Bantam Camping AG","article_modified_time":"2026-04-19T21:21:45+00:00","og_image":[{"width":377,"height":377,"url":"https:\/\/shop.bantam.ch\/wp-content\/uploads\/2025\/02\/Truma9962589.png","type":"image\/png"}],"twitter_card":"summary_large_image","twitter_misc":{"Gesch\u00e4tzte Lesezeit":"1\u00a0Minute"},"schema":{"@context":"https:\/\/schema.org","@graph":[{"@type":"WebPage","@id":"https:\/\/shop.bantam.ch\/de\/produkt\/truma-aventa-compact-2-g-i-weiss\/","url":"https:\/\/shop.bantam.ch\/de\/produkt\/truma-aventa-compact-2-g-i-weiss\/","name":"Truma Aventa Compact 2G - Stone - Bantam Camping AG","isPartOf":{"@id":"https:\/\/shop.bantam.ch\/de\/#website"},"primaryImageOfPage":{"@id":"https:\/\/shop.bantam.ch\/de\/produkt\/truma-aventa-compact-2-g-i-weiss\/#primaryimage"},"image":{"@id":"https:\/\/shop.bantam.ch\/de\/produkt\/truma-aventa-compact-2-g-i-weiss\/#primaryimage"},"thumbnailUrl":"https:\/\/shop.bantam.ch\/wp-content\/uploads\/2025\/02\/Truma9962589.png","datePublished":"2025-02-26T10:26:44+00:00","dateModified":"2026-04-19T21:21:45+00:00","breadcrumb":{"@id":"https:\/\/shop.bantam.ch\/de\/produkt\/truma-aventa-compact-2-g-i-weiss\/#breadcrumb"},"inLanguage":"de","potentialAction":[{"@type":"ReadAction","target":["https:\/\/shop.bantam.ch\/de\/produkt\/truma-aventa-compact-2-g-i-weiss\/"]}]},{"@type":"ImageObject","inLanguage":"de","@id":"https:\/\/shop.bantam.ch\/de\/produkt\/truma-aventa-compact-2-g-i-weiss\/#primaryimage","url":"https:\/\/shop.bantam.ch\/wp-content\/uploads\/2025\/02\/Truma9962589.png","contentUrl":"https:\/\/shop.bantam.ch\/wp-content\/uploads\/2025\/02\/Truma9962589.png","width":377,"height":377},{"@type":"BreadcrumbList","@id":"https:\/\/shop.bantam.ch\/de\/produkt\/truma-aventa-compact-2-g-i-weiss\/#breadcrumb","itemListElement":[{"@type":"ListItem","position":1,"name":"Accueil","item":"https:\/\/shop.bantam.ch\/de\/"},{"@type":"ListItem","position":2,"name":"Shop","item":"https:\/\/shop.bantam.ch\/de\/shop\/"},{"@type":"ListItem","position":3,"name":"Truma Aventa Compact 2G &#8211; Stone"}]},{"@type":"WebSite","@id":"https:\/\/shop.bantam.ch\/de\/#website","url":"https:\/\/shop.bantam.ch\/de\/","name":"Bantam Camping AG","description":"","publisher":{"@id":"https:\/\/shop.bantam.ch\/de\/#organization"},"inLanguage":"de"},{"@type":"Organization","@id":"https:\/\/shop.bantam.ch\/de\/#organization","name":"Bantam Camping AG","url":"https:\/\/shop.bantam.ch\/de\/","logo":{"@type":"ImageObject","inLanguage":"de","@id":"https:\/\/shop.bantam.ch\/de\/#\/schema\/logo\/image\/","url":"https:\/\/shop.bantam.ch\/wp-content\/uploads\/2022\/12\/bantam-logo.png","contentUrl":"https:\/\/shop.bantam.ch\/wp-content\/uploads\/2022\/12\/bantam-logo.png","width":320,"height":71,"caption":"Bantam Camping AG"},"image":{"@id":"https:\/\/shop.bantam.ch\/de\/#\/schema\/logo\/image\/"}}]}},"_links":{"self":[{"href":"https:\/\/shop.bantam.ch\/de\/wp-json\/wp\/v2\/product\/209510","targetHints":{"allow":["GET"]}}],"collection":[{"href":"https:\/\/shop.bantam.ch\/de\/wp-json\/wp\/v2\/product"}],"about":[{"href":"https:\/\/shop.bantam.ch\/de\/wp-json\/wp\/v2\/types\/product"}],"wp:featuredmedia":[{"embeddable":true,"href":"https:\/\/shop.bantam.ch\/de\/wp-json\/wp\/v2\/media\/209516"}],"wp:attachment":[{"href":"https:\/\/shop.bantam.ch\/de\/wp-json\/wp\/v2\/media?parent=209510"}],"wp:term":[{"taxonomy":"product_featured_cat","embeddable":true,"href":"https:\/\/shop.bantam.ch\/de\/wp-json\/wp\/v2\/product_featured_cat?post=209510"},{"taxonomy":"product_brand","embeddable":true,"href":"https:\/\/shop.bantam.ch\/de\/wp-json\/wp\/v2\/product_brand?post=209510"},{"taxonomy":"product_cat","embeddable":true,"href":"https:\/\/shop.bantam.ch\/de\/wp-json\/wp\/v2\/product_cat?post=209510"},{"taxonomy":"product_tag","embeddable":true,"href":"https:\/\/shop.bantam.ch\/de\/wp-json\/wp\/v2\/product_tag?post=209510"}],"curies":[{"name":"wp","href":"https:\/\/api.w.org\/{rel}","templated":true}]}}