{"id":203255,"date":"2024-07-01T17:50:27","date_gmt":"2024-07-01T15:50:27","guid":{"rendered":"https:\/\/shop.bantam.ch\/produit\/wiederaufladbare-campinglampe-lautsprecher\/"},"modified":"2026-04-19T01:38:23","modified_gmt":"2026-04-18T23:38:23","slug":"wiederaufladbare-campinglampe-lautsprecher","status":"publish","type":"product","link":"https:\/\/shop.bantam.ch\/de\/produkt\/wiederaufladbare-campinglampe-lautsprecher\/","title":{"rendered":"Wiederaufladbare Campinglampe \/ -lautsprecher"},"content":{"rendered":"<p>Diese Lampe \/ Lautsprecher wird dank ihrer 4 Funktionen in einem Ihre Abende stimmungsvoll gestalten:<\/p>\n<p>Wiederaufladbare LED-Lampe:Genie\u00dfen Sie eine LED-Beleuchtung mit einer Leuchtdauer von bis zu 9 Stunden. Dank des integrierten Dimmers k\u00f6nnen Sie die Farbtemperatur je nach gew\u00fcnschter Stimmung von neutralwei\u00df bis warmwei\u00df anpassen.<\/p>\n<p>Kabelloser Bluetooth-Lautsprecher:Verbinden Sie sich per Bluetooth mit Ihrer Lampe und teilen Sie Ihre besten Playlists mit erstklassigem Sound dank der eingebauten 20-W-Lautsprecher.<\/p>\n<p>Stereo-Audiosystem:Dank der TWS-Technologie (True Wireless Stereo) k\u00f6nnen Sie Ihre Follow Light F1-Lautsprecher miteinander verbinden. Diese Verbindung erm\u00f6glicht es Ihnen, die Reichweite des Klangs zu erweitern und ein Stereo-Audiosystem zu erstellen. Verbinden Sie Ihre Lautsprecher mit denen Ihrer Freunde, um auf einer Party eine immersive Atmosph\u00e4re zu schaffen, und drehen Sie die Lautst\u00e4rke bis zum Anschlag auf.Sobald sie miteinander verbunden sind, lassen sich die Lichtintensit\u00e4t und die Lautst\u00e4rke aller Ger\u00e4te gleichzeitig mit einer einzigen Aktion steuern.<\/p>\n<p>Aufladen Ihrer Ger\u00e4te:Der USB-Anschluss der Follow Light F1 kann als Power Bank verwendet werden.<\/p>\n","protected":false},"excerpt":{"rendered":"<p>Diese Lampe \/ Lautsprecher wird dank ihrer 4 Funktionen in einem Ihre Abende stimmungsvoll gestalten: Wiederaufladbare LED-Lampe:Genie\u00dfen Sie eine LED-Beleuchtung mit einer Leuchtdauer von bis zu 9 Stunden. Dank des integrierten Dimmers k\u00f6nnen Sie die Farbtemperatur je nach gew\u00fcnschter Stimmung von neutralwei\u00df bis warmwei\u00df anpassen. Kabelloser Bluetooth-Lautsprecher:Verbinden Sie sich per Bluetooth mit Ihrer Lampe und [&hellip;]<\/p>\n","protected":false},"featured_media":203259,"template":"","meta":{"_acf_changed":false},"product_featured_cat":[1859,5190],"product_brand":[3741],"product_cat":[4362],"product_tag":[],"class_list":{"0":"post-203255","1":"product","2":"type-product","3":"status-publish","4":"has-post-thumbnail","6":"product_featured_cat-erstausstattung-fuer-camper","7":"product_featured_cat-nationalfeiertag","8":"product_brand-bantam-de","9":"product_cat-batterie-akkulampen","11":"first","12":"instock","13":"taxable","14":"shipping-taxable","15":"purchasable","16":"product-type-variable"},"acf":[],"yoast_head":"<!-- This site is optimized with the Yoast SEO plugin v27.4 - https:\/\/yoast.com\/product\/yoast-seo-wordpress\/ -->\n<title>Wiederaufladbare Campinglampe \/ -lautsprecher - Bantam Camping AG<\/title>\n<meta name=\"robots\" content=\"index, follow, max-snippet:-1, max-image-preview:large, max-video-preview:-1\" \/>\n<link rel=\"canonical\" href=\"https:\/\/shop.bantam.ch\/de\/produkt\/wiederaufladbare-campinglampe-lautsprecher\/\" \/>\n<meta property=\"og:locale\" content=\"de_DE\" \/>\n<meta property=\"og:type\" content=\"article\" \/>\n<meta property=\"og:title\" content=\"Wiederaufladbare Campinglampe \/ -lautsprecher - Bantam Camping AG\" \/>\n<meta property=\"og:description\" content=\"Diese Lampe \/ Lautsprecher wird dank ihrer 4 Funktionen in einem Ihre Abende stimmungsvoll gestalten: Wiederaufladbare LED-Lampe:Genie\u00dfen Sie eine LED-Beleuchtung mit einer Leuchtdauer von bis zu 9 Stunden. Dank des integrierten Dimmers k\u00f6nnen Sie die Farbtemperatur je nach gew\u00fcnschter Stimmung von neutralwei\u00df bis warmwei\u00df anpassen. Kabelloser Bluetooth-Lautsprecher:Verbinden Sie sich per Bluetooth mit Ihrer Lampe und [&hellip;]\" \/>\n<meta property=\"og:url\" content=\"https:\/\/shop.bantam.ch\/de\/produkt\/wiederaufladbare-campinglampe-lautsprecher\/\" \/>\n<meta property=\"og:site_name\" content=\"Bantam Camping AG\" \/>\n<meta property=\"article:modified_time\" content=\"2026-04-18T23:38:23+00:00\" \/>\n<meta property=\"og:image\" content=\"https:\/\/shop.bantam.ch\/wp-content\/uploads\/2024\/07\/4.jpg\" \/>\n\t<meta property=\"og:image:width\" content=\"455\" \/>\n\t<meta property=\"og:image:height\" content=\"460\" \/>\n\t<meta property=\"og:image:type\" content=\"image\/jpeg\" \/>\n<meta name=\"twitter:card\" content=\"summary_large_image\" \/>\n<meta name=\"twitter:label1\" content=\"Gesch\u00e4tzte Lesezeit\" \/>\n\t<meta name=\"twitter:data1\" content=\"1\u00a0Minute\" \/>\n<script type=\"application\/ld+json\" class=\"yoast-schema-graph\">{\"@context\":\"https:\\\/\\\/schema.org\",\"@graph\":[{\"@type\":\"WebPage\",\"@id\":\"https:\\\/\\\/shop.bantam.ch\\\/de\\\/produkt\\\/wiederaufladbare-campinglampe-lautsprecher\\\/\",\"url\":\"https:\\\/\\\/shop.bantam.ch\\\/de\\\/produkt\\\/wiederaufladbare-campinglampe-lautsprecher\\\/\",\"name\":\"Wiederaufladbare Campinglampe \\\/ -lautsprecher - Bantam Camping AG\",\"isPartOf\":{\"@id\":\"https:\\\/\\\/shop.bantam.ch\\\/de\\\/#website\"},\"primaryImageOfPage\":{\"@id\":\"https:\\\/\\\/shop.bantam.ch\\\/de\\\/produkt\\\/wiederaufladbare-campinglampe-lautsprecher\\\/#primaryimage\"},\"image\":{\"@id\":\"https:\\\/\\\/shop.bantam.ch\\\/de\\\/produkt\\\/wiederaufladbare-campinglampe-lautsprecher\\\/#primaryimage\"},\"thumbnailUrl\":\"https:\\\/\\\/shop.bantam.ch\\\/wp-content\\\/uploads\\\/2024\\\/07\\\/4.jpg\",\"datePublished\":\"2024-07-01T15:50:27+00:00\",\"dateModified\":\"2026-04-18T23:38:23+00:00\",\"breadcrumb\":{\"@id\":\"https:\\\/\\\/shop.bantam.ch\\\/de\\\/produkt\\\/wiederaufladbare-campinglampe-lautsprecher\\\/#breadcrumb\"},\"inLanguage\":\"de\",\"potentialAction\":[{\"@type\":\"ReadAction\",\"target\":[\"https:\\\/\\\/shop.bantam.ch\\\/de\\\/produkt\\\/wiederaufladbare-campinglampe-lautsprecher\\\/\"]}]},{\"@type\":\"ImageObject\",\"inLanguage\":\"de\",\"@id\":\"https:\\\/\\\/shop.bantam.ch\\\/de\\\/produkt\\\/wiederaufladbare-campinglampe-lautsprecher\\\/#primaryimage\",\"url\":\"https:\\\/\\\/shop.bantam.ch\\\/wp-content\\\/uploads\\\/2024\\\/07\\\/4.jpg\",\"contentUrl\":\"https:\\\/\\\/shop.bantam.ch\\\/wp-content\\\/uploads\\\/2024\\\/07\\\/4.jpg\",\"width\":455,\"height\":460},{\"@type\":\"BreadcrumbList\",\"@id\":\"https:\\\/\\\/shop.bantam.ch\\\/de\\\/produkt\\\/wiederaufladbare-campinglampe-lautsprecher\\\/#breadcrumb\",\"itemListElement\":[{\"@type\":\"ListItem\",\"position\":1,\"name\":\"Accueil\",\"item\":\"https:\\\/\\\/shop.bantam.ch\\\/de\\\/\"},{\"@type\":\"ListItem\",\"position\":2,\"name\":\"Shop\",\"item\":\"https:\\\/\\\/shop.bantam.ch\\\/de\\\/shop\\\/\"},{\"@type\":\"ListItem\",\"position\":3,\"name\":\"Wiederaufladbare Campinglampe \\\/ -lautsprecher\"}]},{\"@type\":\"WebSite\",\"@id\":\"https:\\\/\\\/shop.bantam.ch\\\/de\\\/#website\",\"url\":\"https:\\\/\\\/shop.bantam.ch\\\/de\\\/\",\"name\":\"Bantam Camping AG\",\"description\":\"\",\"publisher\":{\"@id\":\"https:\\\/\\\/shop.bantam.ch\\\/de\\\/#organization\"},\"inLanguage\":\"de\"},{\"@type\":\"Organization\",\"@id\":\"https:\\\/\\\/shop.bantam.ch\\\/de\\\/#organization\",\"name\":\"Bantam Camping AG\",\"url\":\"https:\\\/\\\/shop.bantam.ch\\\/de\\\/\",\"logo\":{\"@type\":\"ImageObject\",\"inLanguage\":\"de\",\"@id\":\"https:\\\/\\\/shop.bantam.ch\\\/de\\\/#\\\/schema\\\/logo\\\/image\\\/\",\"url\":\"https:\\\/\\\/shop.bantam.ch\\\/wp-content\\\/uploads\\\/2022\\\/12\\\/bantam-logo.png\",\"contentUrl\":\"https:\\\/\\\/shop.bantam.ch\\\/wp-content\\\/uploads\\\/2022\\\/12\\\/bantam-logo.png\",\"width\":320,\"height\":71,\"caption\":\"Bantam Camping AG\"},\"image\":{\"@id\":\"https:\\\/\\\/shop.bantam.ch\\\/de\\\/#\\\/schema\\\/logo\\\/image\\\/\"}}]}<\/script>\n<!-- \/ Yoast SEO plugin. -->","yoast_head_json":{"title":"Wiederaufladbare Campinglampe \/ -lautsprecher - Bantam Camping AG","robots":{"index":"index","follow":"follow","max-snippet":"max-snippet:-1","max-image-preview":"max-image-preview:large","max-video-preview":"max-video-preview:-1"},"canonical":"https:\/\/shop.bantam.ch\/de\/produkt\/wiederaufladbare-campinglampe-lautsprecher\/","og_locale":"de_DE","og_type":"article","og_title":"Wiederaufladbare Campinglampe \/ -lautsprecher - Bantam Camping AG","og_description":"Diese Lampe \/ Lautsprecher wird dank ihrer 4 Funktionen in einem Ihre Abende stimmungsvoll gestalten: Wiederaufladbare LED-Lampe:Genie\u00dfen Sie eine LED-Beleuchtung mit einer Leuchtdauer von bis zu 9 Stunden. Dank des integrierten Dimmers k\u00f6nnen Sie die Farbtemperatur je nach gew\u00fcnschter Stimmung von neutralwei\u00df bis warmwei\u00df anpassen. Kabelloser Bluetooth-Lautsprecher:Verbinden Sie sich per Bluetooth mit Ihrer Lampe und [&hellip;]","og_url":"https:\/\/shop.bantam.ch\/de\/produkt\/wiederaufladbare-campinglampe-lautsprecher\/","og_site_name":"Bantam Camping AG","article_modified_time":"2026-04-18T23:38:23+00:00","og_image":[{"width":455,"height":460,"url":"https:\/\/shop.bantam.ch\/wp-content\/uploads\/2024\/07\/4.jpg","type":"image\/jpeg"}],"twitter_card":"summary_large_image","twitter_misc":{"Gesch\u00e4tzte Lesezeit":"1\u00a0Minute"},"schema":{"@context":"https:\/\/schema.org","@graph":[{"@type":"WebPage","@id":"https:\/\/shop.bantam.ch\/de\/produkt\/wiederaufladbare-campinglampe-lautsprecher\/","url":"https:\/\/shop.bantam.ch\/de\/produkt\/wiederaufladbare-campinglampe-lautsprecher\/","name":"Wiederaufladbare Campinglampe \/ -lautsprecher - Bantam Camping AG","isPartOf":{"@id":"https:\/\/shop.bantam.ch\/de\/#website"},"primaryImageOfPage":{"@id":"https:\/\/shop.bantam.ch\/de\/produkt\/wiederaufladbare-campinglampe-lautsprecher\/#primaryimage"},"image":{"@id":"https:\/\/shop.bantam.ch\/de\/produkt\/wiederaufladbare-campinglampe-lautsprecher\/#primaryimage"},"thumbnailUrl":"https:\/\/shop.bantam.ch\/wp-content\/uploads\/2024\/07\/4.jpg","datePublished":"2024-07-01T15:50:27+00:00","dateModified":"2026-04-18T23:38:23+00:00","breadcrumb":{"@id":"https:\/\/shop.bantam.ch\/de\/produkt\/wiederaufladbare-campinglampe-lautsprecher\/#breadcrumb"},"inLanguage":"de","potentialAction":[{"@type":"ReadAction","target":["https:\/\/shop.bantam.ch\/de\/produkt\/wiederaufladbare-campinglampe-lautsprecher\/"]}]},{"@type":"ImageObject","inLanguage":"de","@id":"https:\/\/shop.bantam.ch\/de\/produkt\/wiederaufladbare-campinglampe-lautsprecher\/#primaryimage","url":"https:\/\/shop.bantam.ch\/wp-content\/uploads\/2024\/07\/4.jpg","contentUrl":"https:\/\/shop.bantam.ch\/wp-content\/uploads\/2024\/07\/4.jpg","width":455,"height":460},{"@type":"BreadcrumbList","@id":"https:\/\/shop.bantam.ch\/de\/produkt\/wiederaufladbare-campinglampe-lautsprecher\/#breadcrumb","itemListElement":[{"@type":"ListItem","position":1,"name":"Accueil","item":"https:\/\/shop.bantam.ch\/de\/"},{"@type":"ListItem","position":2,"name":"Shop","item":"https:\/\/shop.bantam.ch\/de\/shop\/"},{"@type":"ListItem","position":3,"name":"Wiederaufladbare Campinglampe \/ -lautsprecher"}]},{"@type":"WebSite","@id":"https:\/\/shop.bantam.ch\/de\/#website","url":"https:\/\/shop.bantam.ch\/de\/","name":"Bantam Camping AG","description":"","publisher":{"@id":"https:\/\/shop.bantam.ch\/de\/#organization"},"inLanguage":"de"},{"@type":"Organization","@id":"https:\/\/shop.bantam.ch\/de\/#organization","name":"Bantam Camping AG","url":"https:\/\/shop.bantam.ch\/de\/","logo":{"@type":"ImageObject","inLanguage":"de","@id":"https:\/\/shop.bantam.ch\/de\/#\/schema\/logo\/image\/","url":"https:\/\/shop.bantam.ch\/wp-content\/uploads\/2022\/12\/bantam-logo.png","contentUrl":"https:\/\/shop.bantam.ch\/wp-content\/uploads\/2022\/12\/bantam-logo.png","width":320,"height":71,"caption":"Bantam Camping AG"},"image":{"@id":"https:\/\/shop.bantam.ch\/de\/#\/schema\/logo\/image\/"}}]}},"_links":{"self":[{"href":"https:\/\/shop.bantam.ch\/de\/wp-json\/wp\/v2\/product\/203255","targetHints":{"allow":["GET"]}}],"collection":[{"href":"https:\/\/shop.bantam.ch\/de\/wp-json\/wp\/v2\/product"}],"about":[{"href":"https:\/\/shop.bantam.ch\/de\/wp-json\/wp\/v2\/types\/product"}],"wp:featuredmedia":[{"embeddable":true,"href":"https:\/\/shop.bantam.ch\/de\/wp-json\/wp\/v2\/media\/203259"}],"wp:attachment":[{"href":"https:\/\/shop.bantam.ch\/de\/wp-json\/wp\/v2\/media?parent=203255"}],"wp:term":[{"taxonomy":"product_featured_cat","embeddable":true,"href":"https:\/\/shop.bantam.ch\/de\/wp-json\/wp\/v2\/product_featured_cat?post=203255"},{"taxonomy":"product_brand","embeddable":true,"href":"https:\/\/shop.bantam.ch\/de\/wp-json\/wp\/v2\/product_brand?post=203255"},{"taxonomy":"product_cat","embeddable":true,"href":"https:\/\/shop.bantam.ch\/de\/wp-json\/wp\/v2\/product_cat?post=203255"},{"taxonomy":"product_tag","embeddable":true,"href":"https:\/\/shop.bantam.ch\/de\/wp-json\/wp\/v2\/product_tag?post=203255"}],"curies":[{"name":"wp","href":"https:\/\/api.w.org\/{rel}","templated":true}]}}