{"id":202816,"date":"2024-06-14T08:30:29","date_gmt":"2024-06-14T06:30:29","guid":{"rendered":"https:\/\/shop.bantam.ch\/produit\/papa-moll-im-campingfieber\/"},"modified":"2026-03-24T01:37:13","modified_gmt":"2026-03-24T00:37:13","slug":"papa-moll-im-campingfieber","status":"publish","type":"product","link":"https:\/\/shop.bantam.ch\/de\/produkt\/papa-moll-im-campingfieber\/","title":{"rendered":"Papa Moll im Campingfieber"},"content":{"rendered":"<p>So einen alten Wohnwagen aufzumotzen macht richtig Spass! Aber auch ganz sch\u00f6n viel Arbeit. Da m\u00fcssen alle anpacken. Beim Putzen und R\u00e4umen finden die Kinder ein Tagebuch. Von Molls Onkel Jules!! Da gibt es ein Geheimnis zu l\u00fcften.Dieses f\u00fchrt sie zu einem wundersch\u00f6nen Campingplatz an einem malerischen See. Hier wollen sie bleiben. Sie richten sich ein, gehen einkaufen, machen Bekanntschaften, und im Laufe der Ferien macht jedes Familienmitglied so seine eigenen Erfahrungen. Mama Moll entwickelt sich zum Yoga- und Stand-up-Paddel-Crack, Willy und Dackel Tschips verlieben sich, Moll wird Platzwart \u2013 und der unb\u00e4ndige Tatendrang von Evi und Fritz h\u00e4lt die Familie auf Trab.Turbulent, abenteuerlich, dynamisch und lustig sind die neuen Moll-Geschichten. Wie immer ein Spass f\u00fcr die Kinder und die ganze FamilieGeschichten und Illustrationen sind neu von Mirjam Pierig aus Basel.<\/p>\n","protected":false},"excerpt":{"rendered":"<p>So einen alten Wohnwagen aufzumotzen macht richtig Spass! Aber auch ganz sch\u00f6n viel Arbeit. Da m\u00fcssen alle anpacken. Beim Putzen und R\u00e4umen finden die Kinder ein Tagebuch. Von Molls Onkel Jules!! Da gibt es ein Geheimnis zu l\u00fcften.Dieses f\u00fchrt sie zu einem wundersch\u00f6nen Campingplatz an einem malerischen See. Hier wollen sie bleiben. Sie richten sich [&hellip;]<\/p>\n","protected":false},"featured_media":202814,"template":"","meta":{"_acf_changed":false},"product_featured_cat":[],"product_brand":[3741],"product_cat":[4016,4350],"product_tag":[],"class_list":{"0":"post-202816","1":"product","2":"type-product","3":"status-publish","4":"has-post-thumbnail","6":"product_brand-bantam-de","7":"product_cat-buecher-reisefuehrer","8":"product_cat-sachbuecher","10":"first","11":"instock","12":"taxable","13":"shipping-taxable","14":"purchasable","15":"product-type-simple"},"acf":[],"yoast_head":"<!-- This site is optimized with the Yoast SEO plugin v27.4 - https:\/\/yoast.com\/product\/yoast-seo-wordpress\/ -->\n<title>Papa Moll im Campingfieber - Bantam Camping AG<\/title>\n<meta name=\"robots\" content=\"index, follow, max-snippet:-1, max-image-preview:large, max-video-preview:-1\" \/>\n<link rel=\"canonical\" href=\"https:\/\/shop.bantam.ch\/de\/produkt\/papa-moll-im-campingfieber\/\" \/>\n<meta property=\"og:locale\" content=\"de_DE\" \/>\n<meta property=\"og:type\" content=\"article\" \/>\n<meta property=\"og:title\" content=\"Papa Moll im Campingfieber - Bantam Camping AG\" \/>\n<meta property=\"og:description\" content=\"So einen alten Wohnwagen aufzumotzen macht richtig Spass! Aber auch ganz sch\u00f6n viel Arbeit. Da m\u00fcssen alle anpacken. Beim Putzen und R\u00e4umen finden die Kinder ein Tagebuch. Von Molls Onkel Jules!! Da gibt es ein Geheimnis zu l\u00fcften.Dieses f\u00fchrt sie zu einem wundersch\u00f6nen Campingplatz an einem malerischen See. Hier wollen sie bleiben. Sie richten sich [&hellip;]\" \/>\n<meta property=\"og:url\" content=\"https:\/\/shop.bantam.ch\/de\/produkt\/papa-moll-im-campingfieber\/\" \/>\n<meta property=\"og:site_name\" content=\"Bantam Camping AG\" \/>\n<meta property=\"article:modified_time\" content=\"2026-03-24T00:37:13+00:00\" \/>\n<meta property=\"og:image\" content=\"https:\/\/shop.bantam.ch\/wp-content\/uploads\/2024\/06\/PapaMoll_Bd36_Cover-final_Campingfieber.jpg\" \/>\n\t<meta property=\"og:image:width\" content=\"800\" \/>\n\t<meta property=\"og:image:height\" content=\"577\" \/>\n\t<meta property=\"og:image:type\" content=\"image\/jpeg\" \/>\n<meta name=\"twitter:card\" content=\"summary_large_image\" \/>\n<meta name=\"twitter:label1\" content=\"Gesch\u00e4tzte Lesezeit\" \/>\n\t<meta name=\"twitter:data1\" content=\"1\u00a0Minute\" \/>\n<script type=\"application\/ld+json\" class=\"yoast-schema-graph\">{\"@context\":\"https:\\\/\\\/schema.org\",\"@graph\":[{\"@type\":\"WebPage\",\"@id\":\"https:\\\/\\\/shop.bantam.ch\\\/de\\\/produkt\\\/papa-moll-im-campingfieber\\\/\",\"url\":\"https:\\\/\\\/shop.bantam.ch\\\/de\\\/produkt\\\/papa-moll-im-campingfieber\\\/\",\"name\":\"Papa Moll im Campingfieber - Bantam Camping AG\",\"isPartOf\":{\"@id\":\"https:\\\/\\\/shop.bantam.ch\\\/de\\\/#website\"},\"primaryImageOfPage\":{\"@id\":\"https:\\\/\\\/shop.bantam.ch\\\/de\\\/produkt\\\/papa-moll-im-campingfieber\\\/#primaryimage\"},\"image\":{\"@id\":\"https:\\\/\\\/shop.bantam.ch\\\/de\\\/produkt\\\/papa-moll-im-campingfieber\\\/#primaryimage\"},\"thumbnailUrl\":\"https:\\\/\\\/shop.bantam.ch\\\/wp-content\\\/uploads\\\/2024\\\/06\\\/PapaMoll_Bd36_Cover-final_Campingfieber.jpg\",\"datePublished\":\"2024-06-14T06:30:29+00:00\",\"dateModified\":\"2026-03-24T00:37:13+00:00\",\"breadcrumb\":{\"@id\":\"https:\\\/\\\/shop.bantam.ch\\\/de\\\/produkt\\\/papa-moll-im-campingfieber\\\/#breadcrumb\"},\"inLanguage\":\"de\",\"potentialAction\":[{\"@type\":\"ReadAction\",\"target\":[\"https:\\\/\\\/shop.bantam.ch\\\/de\\\/produkt\\\/papa-moll-im-campingfieber\\\/\"]}]},{\"@type\":\"ImageObject\",\"inLanguage\":\"de\",\"@id\":\"https:\\\/\\\/shop.bantam.ch\\\/de\\\/produkt\\\/papa-moll-im-campingfieber\\\/#primaryimage\",\"url\":\"https:\\\/\\\/shop.bantam.ch\\\/wp-content\\\/uploads\\\/2024\\\/06\\\/PapaMoll_Bd36_Cover-final_Campingfieber.jpg\",\"contentUrl\":\"https:\\\/\\\/shop.bantam.ch\\\/wp-content\\\/uploads\\\/2024\\\/06\\\/PapaMoll_Bd36_Cover-final_Campingfieber.jpg\",\"width\":800,\"height\":577},{\"@type\":\"BreadcrumbList\",\"@id\":\"https:\\\/\\\/shop.bantam.ch\\\/de\\\/produkt\\\/papa-moll-im-campingfieber\\\/#breadcrumb\",\"itemListElement\":[{\"@type\":\"ListItem\",\"position\":1,\"name\":\"Accueil\",\"item\":\"https:\\\/\\\/shop.bantam.ch\\\/de\\\/\"},{\"@type\":\"ListItem\",\"position\":2,\"name\":\"Shop\",\"item\":\"https:\\\/\\\/shop.bantam.ch\\\/de\\\/shop\\\/\"},{\"@type\":\"ListItem\",\"position\":3,\"name\":\"Papa Moll im Campingfieber\"}]},{\"@type\":\"WebSite\",\"@id\":\"https:\\\/\\\/shop.bantam.ch\\\/de\\\/#website\",\"url\":\"https:\\\/\\\/shop.bantam.ch\\\/de\\\/\",\"name\":\"Bantam Camping AG\",\"description\":\"\",\"publisher\":{\"@id\":\"https:\\\/\\\/shop.bantam.ch\\\/de\\\/#organization\"},\"inLanguage\":\"de\"},{\"@type\":\"Organization\",\"@id\":\"https:\\\/\\\/shop.bantam.ch\\\/de\\\/#organization\",\"name\":\"Bantam Camping AG\",\"url\":\"https:\\\/\\\/shop.bantam.ch\\\/de\\\/\",\"logo\":{\"@type\":\"ImageObject\",\"inLanguage\":\"de\",\"@id\":\"https:\\\/\\\/shop.bantam.ch\\\/de\\\/#\\\/schema\\\/logo\\\/image\\\/\",\"url\":\"https:\\\/\\\/shop.bantam.ch\\\/wp-content\\\/uploads\\\/2022\\\/12\\\/bantam-logo.png\",\"contentUrl\":\"https:\\\/\\\/shop.bantam.ch\\\/wp-content\\\/uploads\\\/2022\\\/12\\\/bantam-logo.png\",\"width\":320,\"height\":71,\"caption\":\"Bantam Camping AG\"},\"image\":{\"@id\":\"https:\\\/\\\/shop.bantam.ch\\\/de\\\/#\\\/schema\\\/logo\\\/image\\\/\"}}]}<\/script>\n<!-- \/ Yoast SEO plugin. -->","yoast_head_json":{"title":"Papa Moll im Campingfieber - Bantam Camping AG","robots":{"index":"index","follow":"follow","max-snippet":"max-snippet:-1","max-image-preview":"max-image-preview:large","max-video-preview":"max-video-preview:-1"},"canonical":"https:\/\/shop.bantam.ch\/de\/produkt\/papa-moll-im-campingfieber\/","og_locale":"de_DE","og_type":"article","og_title":"Papa Moll im Campingfieber - Bantam Camping AG","og_description":"So einen alten Wohnwagen aufzumotzen macht richtig Spass! Aber auch ganz sch\u00f6n viel Arbeit. Da m\u00fcssen alle anpacken. Beim Putzen und R\u00e4umen finden die Kinder ein Tagebuch. Von Molls Onkel Jules!! Da gibt es ein Geheimnis zu l\u00fcften.Dieses f\u00fchrt sie zu einem wundersch\u00f6nen Campingplatz an einem malerischen See. Hier wollen sie bleiben. Sie richten sich [&hellip;]","og_url":"https:\/\/shop.bantam.ch\/de\/produkt\/papa-moll-im-campingfieber\/","og_site_name":"Bantam Camping AG","article_modified_time":"2026-03-24T00:37:13+00:00","og_image":[{"width":800,"height":577,"url":"https:\/\/shop.bantam.ch\/wp-content\/uploads\/2024\/06\/PapaMoll_Bd36_Cover-final_Campingfieber.jpg","type":"image\/jpeg"}],"twitter_card":"summary_large_image","twitter_misc":{"Gesch\u00e4tzte Lesezeit":"1\u00a0Minute"},"schema":{"@context":"https:\/\/schema.org","@graph":[{"@type":"WebPage","@id":"https:\/\/shop.bantam.ch\/de\/produkt\/papa-moll-im-campingfieber\/","url":"https:\/\/shop.bantam.ch\/de\/produkt\/papa-moll-im-campingfieber\/","name":"Papa Moll im Campingfieber - Bantam Camping AG","isPartOf":{"@id":"https:\/\/shop.bantam.ch\/de\/#website"},"primaryImageOfPage":{"@id":"https:\/\/shop.bantam.ch\/de\/produkt\/papa-moll-im-campingfieber\/#primaryimage"},"image":{"@id":"https:\/\/shop.bantam.ch\/de\/produkt\/papa-moll-im-campingfieber\/#primaryimage"},"thumbnailUrl":"https:\/\/shop.bantam.ch\/wp-content\/uploads\/2024\/06\/PapaMoll_Bd36_Cover-final_Campingfieber.jpg","datePublished":"2024-06-14T06:30:29+00:00","dateModified":"2026-03-24T00:37:13+00:00","breadcrumb":{"@id":"https:\/\/shop.bantam.ch\/de\/produkt\/papa-moll-im-campingfieber\/#breadcrumb"},"inLanguage":"de","potentialAction":[{"@type":"ReadAction","target":["https:\/\/shop.bantam.ch\/de\/produkt\/papa-moll-im-campingfieber\/"]}]},{"@type":"ImageObject","inLanguage":"de","@id":"https:\/\/shop.bantam.ch\/de\/produkt\/papa-moll-im-campingfieber\/#primaryimage","url":"https:\/\/shop.bantam.ch\/wp-content\/uploads\/2024\/06\/PapaMoll_Bd36_Cover-final_Campingfieber.jpg","contentUrl":"https:\/\/shop.bantam.ch\/wp-content\/uploads\/2024\/06\/PapaMoll_Bd36_Cover-final_Campingfieber.jpg","width":800,"height":577},{"@type":"BreadcrumbList","@id":"https:\/\/shop.bantam.ch\/de\/produkt\/papa-moll-im-campingfieber\/#breadcrumb","itemListElement":[{"@type":"ListItem","position":1,"name":"Accueil","item":"https:\/\/shop.bantam.ch\/de\/"},{"@type":"ListItem","position":2,"name":"Shop","item":"https:\/\/shop.bantam.ch\/de\/shop\/"},{"@type":"ListItem","position":3,"name":"Papa Moll im Campingfieber"}]},{"@type":"WebSite","@id":"https:\/\/shop.bantam.ch\/de\/#website","url":"https:\/\/shop.bantam.ch\/de\/","name":"Bantam Camping AG","description":"","publisher":{"@id":"https:\/\/shop.bantam.ch\/de\/#organization"},"inLanguage":"de"},{"@type":"Organization","@id":"https:\/\/shop.bantam.ch\/de\/#organization","name":"Bantam Camping AG","url":"https:\/\/shop.bantam.ch\/de\/","logo":{"@type":"ImageObject","inLanguage":"de","@id":"https:\/\/shop.bantam.ch\/de\/#\/schema\/logo\/image\/","url":"https:\/\/shop.bantam.ch\/wp-content\/uploads\/2022\/12\/bantam-logo.png","contentUrl":"https:\/\/shop.bantam.ch\/wp-content\/uploads\/2022\/12\/bantam-logo.png","width":320,"height":71,"caption":"Bantam Camping AG"},"image":{"@id":"https:\/\/shop.bantam.ch\/de\/#\/schema\/logo\/image\/"}}]}},"_links":{"self":[{"href":"https:\/\/shop.bantam.ch\/de\/wp-json\/wp\/v2\/product\/202816","targetHints":{"allow":["GET"]}}],"collection":[{"href":"https:\/\/shop.bantam.ch\/de\/wp-json\/wp\/v2\/product"}],"about":[{"href":"https:\/\/shop.bantam.ch\/de\/wp-json\/wp\/v2\/types\/product"}],"wp:featuredmedia":[{"embeddable":true,"href":"https:\/\/shop.bantam.ch\/de\/wp-json\/wp\/v2\/media\/202814"}],"wp:attachment":[{"href":"https:\/\/shop.bantam.ch\/de\/wp-json\/wp\/v2\/media?parent=202816"}],"wp:term":[{"taxonomy":"product_featured_cat","embeddable":true,"href":"https:\/\/shop.bantam.ch\/de\/wp-json\/wp\/v2\/product_featured_cat?post=202816"},{"taxonomy":"product_brand","embeddable":true,"href":"https:\/\/shop.bantam.ch\/de\/wp-json\/wp\/v2\/product_brand?post=202816"},{"taxonomy":"product_cat","embeddable":true,"href":"https:\/\/shop.bantam.ch\/de\/wp-json\/wp\/v2\/product_cat?post=202816"},{"taxonomy":"product_tag","embeddable":true,"href":"https:\/\/shop.bantam.ch\/de\/wp-json\/wp\/v2\/product_tag?post=202816"}],"curies":[{"name":"wp","href":"https:\/\/api.w.org\/{rel}","templated":true}]}}