{"id":202636,"date":"2024-06-05T11:39:40","date_gmt":"2024-06-05T09:39:40","guid":{"rendered":"https:\/\/shop.bantam.ch\/produit\/picco-buszelt\/"},"modified":"2026-04-17T23:15:39","modified_gmt":"2026-04-17T21:15:39","slug":"picco-buszelt","status":"publish","type":"product","link":"https:\/\/shop.bantam.ch\/de\/produkt\/picco-buszelt\/","title":{"rendered":"Picco Buszelt"},"content":{"rendered":"<p>F\u00fcr Busse mit Regenrinnenh\u00f6he von 180 \u2013 220 cm.<\/p>\n<p>Material:<br \/>\nTexolan 30, PU-beschichtet.<\/p>\n<p>Vorderwand:<br \/>\nzwei Klarfolienfenster, mit Gardinen ausgestattet; Eingang hochrollbar und als Sonnendach ausstellbar. Oberhalb der Eingangst\u00fcr befindet sich ein Gazeeinsatz mit ausstellbarer L\u00fcftungshaube.<\/p>\n<p>Seitenw\u00e4nde:<br \/>\njeweils mit L\u00fcftungsfenster (Gaze\/Klarfolie), mit Stoffklappe und Rei\u00dfverschluss verschlie\u00dfbar, rechte Seitenwand hochrollbar, aufstellbar.<\/p>\n<p>R\u00fcckwand:<\/p>\n<p>hochrollbar; Verbindungsschleuse mit Hohlsaum f\u00fcr Schleusenstab und Vorbereitung f\u00fcr Kedereinschub. Siehe auch detaillierte Beschreibungen zur Befestigung am Fahrzeug!<\/p>\n<p>Ausstattung:<br \/>\ninnenseitig verschwei\u00dfte N\u00e4hte, au\u00dfenliegender Erdstreifen.<\/p>\n<p>Gest\u00e4nge:<br \/>\nLonglife-Gest\u00e4nge (ummanteltes Fiberglas) 12,7 mm, mit zwei teleskopierbaren Dachstangen und Schleusenstab aus Stahl, 2 Aufstellstangen.<\/p>\n","protected":false},"excerpt":{"rendered":"<p>F\u00fcr Busse mit Regenrinnenh\u00f6he von 180 \u2013 220 cm. Material: Texolan 30, PU-beschichtet. Vorderwand: zwei Klarfolienfenster, mit Gardinen ausgestattet; Eingang hochrollbar und als Sonnendach ausstellbar. Oberhalb der Eingangst\u00fcr befindet sich ein Gazeeinsatz mit ausstellbarer L\u00fcftungshaube. Seitenw\u00e4nde: jeweils mit L\u00fcftungsfenster (Gaze\/Klarfolie), mit Stoffklappe und Rei\u00dfverschluss verschlie\u00dfbar, rechte Seitenwand hochrollbar, aufstellbar. R\u00fcckwand: hochrollbar; Verbindungsschleuse mit Hohlsaum f\u00fcr [&hellip;]<\/p>\n","protected":false},"featured_media":202638,"template":"","meta":{"_acf_changed":false},"product_featured_cat":[],"product_brand":[3687],"product_cat":[4242,3980,3950],"product_tag":[],"class_list":{"0":"post-202636","1":"product","2":"type-product","3":"status-publish","4":"has-post-thumbnail","6":"product_brand-dwt-de","7":"product_cat-funktionszelte","8":"product_cat-vorzelte","9":"product_cat-zelte","11":"first","12":"instock","13":"taxable","14":"shipping-taxable","15":"purchasable","16":"product-type-simple"},"acf":[],"yoast_head":"<!-- This site is optimized with the Yoast SEO plugin v27.4 - https:\/\/yoast.com\/product\/yoast-seo-wordpress\/ -->\n<title>Picco Buszelt - Bantam Camping AG<\/title>\n<meta name=\"robots\" content=\"index, follow, max-snippet:-1, max-image-preview:large, max-video-preview:-1\" \/>\n<link rel=\"canonical\" href=\"https:\/\/shop.bantam.ch\/de\/produkt\/picco-buszelt\/\" \/>\n<meta property=\"og:locale\" content=\"de_DE\" \/>\n<meta property=\"og:type\" content=\"article\" \/>\n<meta property=\"og:title\" content=\"Picco Buszelt - Bantam Camping AG\" \/>\n<meta property=\"og:description\" content=\"F\u00fcr Busse mit Regenrinnenh\u00f6he von 180 \u2013 220 cm. Material: Texolan 30, PU-beschichtet. Vorderwand: zwei Klarfolienfenster, mit Gardinen ausgestattet; Eingang hochrollbar und als Sonnendach ausstellbar. Oberhalb der Eingangst\u00fcr befindet sich ein Gazeeinsatz mit ausstellbarer L\u00fcftungshaube. Seitenw\u00e4nde: jeweils mit L\u00fcftungsfenster (Gaze\/Klarfolie), mit Stoffklappe und Rei\u00dfverschluss verschlie\u00dfbar, rechte Seitenwand hochrollbar, aufstellbar. R\u00fcckwand: hochrollbar; Verbindungsschleuse mit Hohlsaum f\u00fcr [&hellip;]\" \/>\n<meta property=\"og:url\" content=\"https:\/\/shop.bantam.ch\/de\/produkt\/picco-buszelt\/\" \/>\n<meta property=\"og:site_name\" content=\"Bantam Camping AG\" \/>\n<meta property=\"article:modified_time\" content=\"2026-04-17T21:15:39+00:00\" \/>\n<meta name=\"twitter:card\" content=\"summary_large_image\" \/>\n<meta name=\"twitter:label1\" content=\"Gesch\u00e4tzte Lesezeit\" \/>\n\t<meta name=\"twitter:data1\" content=\"1\u00a0Minute\" \/>\n<script type=\"application\/ld+json\" class=\"yoast-schema-graph\">{\"@context\":\"https:\\\/\\\/schema.org\",\"@graph\":[{\"@type\":\"WebPage\",\"@id\":\"https:\\\/\\\/shop.bantam.ch\\\/de\\\/produkt\\\/picco-buszelt\\\/\",\"url\":\"https:\\\/\\\/shop.bantam.ch\\\/de\\\/produkt\\\/picco-buszelt\\\/\",\"name\":\"Picco Buszelt - Bantam Camping AG\",\"isPartOf\":{\"@id\":\"https:\\\/\\\/shop.bantam.ch\\\/de\\\/#website\"},\"primaryImageOfPage\":{\"@id\":\"https:\\\/\\\/shop.bantam.ch\\\/de\\\/produkt\\\/picco-buszelt\\\/#primaryimage\"},\"image\":{\"@id\":\"https:\\\/\\\/shop.bantam.ch\\\/de\\\/produkt\\\/picco-buszelt\\\/#primaryimage\"},\"thumbnailUrl\":\"https:\\\/\\\/shop.bantam.ch\\\/wp-content\\\/uploads\\\/2024\\\/06\\\/buehne_speed_air_caravan_easy.jpg\",\"datePublished\":\"2024-06-05T09:39:40+00:00\",\"dateModified\":\"2026-04-17T21:15:39+00:00\",\"breadcrumb\":{\"@id\":\"https:\\\/\\\/shop.bantam.ch\\\/de\\\/produkt\\\/picco-buszelt\\\/#breadcrumb\"},\"inLanguage\":\"de\",\"potentialAction\":[{\"@type\":\"ReadAction\",\"target\":[\"https:\\\/\\\/shop.bantam.ch\\\/de\\\/produkt\\\/picco-buszelt\\\/\"]}]},{\"@type\":\"ImageObject\",\"inLanguage\":\"de\",\"@id\":\"https:\\\/\\\/shop.bantam.ch\\\/de\\\/produkt\\\/picco-buszelt\\\/#primaryimage\",\"url\":\"https:\\\/\\\/shop.bantam.ch\\\/wp-content\\\/uploads\\\/2024\\\/06\\\/buehne_speed_air_caravan_easy.jpg\",\"contentUrl\":\"https:\\\/\\\/shop.bantam.ch\\\/wp-content\\\/uploads\\\/2024\\\/06\\\/buehne_speed_air_caravan_easy.jpg\",\"width\":1950,\"height\":691},{\"@type\":\"BreadcrumbList\",\"@id\":\"https:\\\/\\\/shop.bantam.ch\\\/de\\\/produkt\\\/picco-buszelt\\\/#breadcrumb\",\"itemListElement\":[{\"@type\":\"ListItem\",\"position\":1,\"name\":\"Accueil\",\"item\":\"https:\\\/\\\/shop.bantam.ch\\\/de\\\/\"},{\"@type\":\"ListItem\",\"position\":2,\"name\":\"Shop\",\"item\":\"https:\\\/\\\/shop.bantam.ch\\\/de\\\/shop\\\/\"},{\"@type\":\"ListItem\",\"position\":3,\"name\":\"Picco Buszelt\"}]},{\"@type\":\"WebSite\",\"@id\":\"https:\\\/\\\/shop.bantam.ch\\\/de\\\/#website\",\"url\":\"https:\\\/\\\/shop.bantam.ch\\\/de\\\/\",\"name\":\"Bantam Camping AG\",\"description\":\"\",\"publisher\":{\"@id\":\"https:\\\/\\\/shop.bantam.ch\\\/de\\\/#organization\"},\"inLanguage\":\"de\"},{\"@type\":\"Organization\",\"@id\":\"https:\\\/\\\/shop.bantam.ch\\\/de\\\/#organization\",\"name\":\"Bantam Camping AG\",\"url\":\"https:\\\/\\\/shop.bantam.ch\\\/de\\\/\",\"logo\":{\"@type\":\"ImageObject\",\"inLanguage\":\"de\",\"@id\":\"https:\\\/\\\/shop.bantam.ch\\\/de\\\/#\\\/schema\\\/logo\\\/image\\\/\",\"url\":\"https:\\\/\\\/shop.bantam.ch\\\/wp-content\\\/uploads\\\/2022\\\/12\\\/bantam-logo.png\",\"contentUrl\":\"https:\\\/\\\/shop.bantam.ch\\\/wp-content\\\/uploads\\\/2022\\\/12\\\/bantam-logo.png\",\"width\":320,\"height\":71,\"caption\":\"Bantam Camping AG\"},\"image\":{\"@id\":\"https:\\\/\\\/shop.bantam.ch\\\/de\\\/#\\\/schema\\\/logo\\\/image\\\/\"}}]}<\/script>\n<!-- \/ Yoast SEO plugin. -->","yoast_head_json":{"title":"Picco Buszelt - Bantam Camping AG","robots":{"index":"index","follow":"follow","max-snippet":"max-snippet:-1","max-image-preview":"max-image-preview:large","max-video-preview":"max-video-preview:-1"},"canonical":"https:\/\/shop.bantam.ch\/de\/produkt\/picco-buszelt\/","og_locale":"de_DE","og_type":"article","og_title":"Picco Buszelt - Bantam Camping AG","og_description":"F\u00fcr Busse mit Regenrinnenh\u00f6he von 180 \u2013 220 cm. Material: Texolan 30, PU-beschichtet. Vorderwand: zwei Klarfolienfenster, mit Gardinen ausgestattet; Eingang hochrollbar und als Sonnendach ausstellbar. Oberhalb der Eingangst\u00fcr befindet sich ein Gazeeinsatz mit ausstellbarer L\u00fcftungshaube. Seitenw\u00e4nde: jeweils mit L\u00fcftungsfenster (Gaze\/Klarfolie), mit Stoffklappe und Rei\u00dfverschluss verschlie\u00dfbar, rechte Seitenwand hochrollbar, aufstellbar. R\u00fcckwand: hochrollbar; Verbindungsschleuse mit Hohlsaum f\u00fcr [&hellip;]","og_url":"https:\/\/shop.bantam.ch\/de\/produkt\/picco-buszelt\/","og_site_name":"Bantam Camping AG","article_modified_time":"2026-04-17T21:15:39+00:00","twitter_card":"summary_large_image","twitter_misc":{"Gesch\u00e4tzte Lesezeit":"1\u00a0Minute"},"schema":{"@context":"https:\/\/schema.org","@graph":[{"@type":"WebPage","@id":"https:\/\/shop.bantam.ch\/de\/produkt\/picco-buszelt\/","url":"https:\/\/shop.bantam.ch\/de\/produkt\/picco-buszelt\/","name":"Picco Buszelt - Bantam Camping AG","isPartOf":{"@id":"https:\/\/shop.bantam.ch\/de\/#website"},"primaryImageOfPage":{"@id":"https:\/\/shop.bantam.ch\/de\/produkt\/picco-buszelt\/#primaryimage"},"image":{"@id":"https:\/\/shop.bantam.ch\/de\/produkt\/picco-buszelt\/#primaryimage"},"thumbnailUrl":"https:\/\/shop.bantam.ch\/wp-content\/uploads\/2024\/06\/buehne_speed_air_caravan_easy.jpg","datePublished":"2024-06-05T09:39:40+00:00","dateModified":"2026-04-17T21:15:39+00:00","breadcrumb":{"@id":"https:\/\/shop.bantam.ch\/de\/produkt\/picco-buszelt\/#breadcrumb"},"inLanguage":"de","potentialAction":[{"@type":"ReadAction","target":["https:\/\/shop.bantam.ch\/de\/produkt\/picco-buszelt\/"]}]},{"@type":"ImageObject","inLanguage":"de","@id":"https:\/\/shop.bantam.ch\/de\/produkt\/picco-buszelt\/#primaryimage","url":"https:\/\/shop.bantam.ch\/wp-content\/uploads\/2024\/06\/buehne_speed_air_caravan_easy.jpg","contentUrl":"https:\/\/shop.bantam.ch\/wp-content\/uploads\/2024\/06\/buehne_speed_air_caravan_easy.jpg","width":1950,"height":691},{"@type":"BreadcrumbList","@id":"https:\/\/shop.bantam.ch\/de\/produkt\/picco-buszelt\/#breadcrumb","itemListElement":[{"@type":"ListItem","position":1,"name":"Accueil","item":"https:\/\/shop.bantam.ch\/de\/"},{"@type":"ListItem","position":2,"name":"Shop","item":"https:\/\/shop.bantam.ch\/de\/shop\/"},{"@type":"ListItem","position":3,"name":"Picco Buszelt"}]},{"@type":"WebSite","@id":"https:\/\/shop.bantam.ch\/de\/#website","url":"https:\/\/shop.bantam.ch\/de\/","name":"Bantam Camping AG","description":"","publisher":{"@id":"https:\/\/shop.bantam.ch\/de\/#organization"},"inLanguage":"de"},{"@type":"Organization","@id":"https:\/\/shop.bantam.ch\/de\/#organization","name":"Bantam Camping AG","url":"https:\/\/shop.bantam.ch\/de\/","logo":{"@type":"ImageObject","inLanguage":"de","@id":"https:\/\/shop.bantam.ch\/de\/#\/schema\/logo\/image\/","url":"https:\/\/shop.bantam.ch\/wp-content\/uploads\/2022\/12\/bantam-logo.png","contentUrl":"https:\/\/shop.bantam.ch\/wp-content\/uploads\/2022\/12\/bantam-logo.png","width":320,"height":71,"caption":"Bantam Camping AG"},"image":{"@id":"https:\/\/shop.bantam.ch\/de\/#\/schema\/logo\/image\/"}}]}},"_links":{"self":[{"href":"https:\/\/shop.bantam.ch\/de\/wp-json\/wp\/v2\/product\/202636","targetHints":{"allow":["GET"]}}],"collection":[{"href":"https:\/\/shop.bantam.ch\/de\/wp-json\/wp\/v2\/product"}],"about":[{"href":"https:\/\/shop.bantam.ch\/de\/wp-json\/wp\/v2\/types\/product"}],"wp:featuredmedia":[{"embeddable":true,"href":"https:\/\/shop.bantam.ch\/de\/wp-json\/wp\/v2\/media\/202638"}],"wp:attachment":[{"href":"https:\/\/shop.bantam.ch\/de\/wp-json\/wp\/v2\/media?parent=202636"}],"wp:term":[{"taxonomy":"product_featured_cat","embeddable":true,"href":"https:\/\/shop.bantam.ch\/de\/wp-json\/wp\/v2\/product_featured_cat?post=202636"},{"taxonomy":"product_brand","embeddable":true,"href":"https:\/\/shop.bantam.ch\/de\/wp-json\/wp\/v2\/product_brand?post=202636"},{"taxonomy":"product_cat","embeddable":true,"href":"https:\/\/shop.bantam.ch\/de\/wp-json\/wp\/v2\/product_cat?post=202636"},{"taxonomy":"product_tag","embeddable":true,"href":"https:\/\/shop.bantam.ch\/de\/wp-json\/wp\/v2\/product_tag?post=202636"}],"curies":[{"name":"wp","href":"https:\/\/api.w.org\/{rel}","templated":true}]}}