{"id":202419,"date":"2024-05-29T09:55:28","date_gmt":"2024-05-29T07:55:28","guid":{"rendered":"https:\/\/shop.bantam.ch\/produit\/evapolar-evalight-plus\/"},"modified":"2026-05-05T23:12:54","modified_gmt":"2026-05-05T21:12:54","slug":"evapolar-evalight-plus","status":"publish","type":"product","link":"https:\/\/shop.bantam.ch\/de\/produkt\/evapolar-evalight-plus\/","title":{"rendered":"Evapolar evaLIGHT Plus"},"content":{"rendered":"<p>Das erste pers\u00f6nliche Klimager\u00e4t evaLIGHT befeuchtet, reinigt und erfrischt die Luft auf bis zu 17 \u00b0C.<br \/>\nErfrischt<br \/>\nDurch die Verdunstung von Wasser ohne jegliche chemische Zus\u00e4tze wird die Lufttemperatur in Ihrem pers\u00f6nlichen Bereich gesenkt, sei es am Arbeitsplatz, im Schlafzimmer oder im Kinderzimmer.<br \/>\nBefeuchtet die Luft<br \/>\nDie Anreicherung der Luft mit verdunstetem Wasser ist eine nat\u00fcrliche L\u00f6sung gegen trockene Winter- und Heizungsluft &#8211; ideal f\u00fcr Haut, Haare und Atemwege.<br \/>\nTragbar<br \/>\nKann dank USB-Stromversorgung oder Netzanschluss \u00fcberall betrieben werden.<br \/>\nReinigt<br \/>\nWasser ist der biologische Filter der Erde. Es l\u00f6st Staubpartikel aus der Luft und bindet sie, anstatt sie weiter im Raum zu verteilen &#8211; dieser Effekt verbessert auch die Luftqualit\u00e4t und l\u00e4sst uns ges\u00fcnder atmen.<br \/>\nIst umweltfreundlich<br \/>\nVerwendet nur Wasser und keine giftigen chemischen Fl\u00fcssigkeiten, verbraucht nur 10 W Strom. Verwendet vollst\u00e4ndig biologisch abbaubare Verdunstungstabletten.<br \/>\nElegant<br \/>\nevaLIGHT ist ein echtes Designerst\u00fcck &#8211; elegant, kompakt und stilvoll.<\/p>\n","protected":false},"excerpt":{"rendered":"<p>Das erste pers\u00f6nliche Klimager\u00e4t evaLIGHT befeuchtet, reinigt und erfrischt die Luft auf bis zu 17 \u00b0C. Erfrischt Durch die Verdunstung von Wasser ohne jegliche chemische Zus\u00e4tze wird die Lufttemperatur in Ihrem pers\u00f6nlichen Bereich gesenkt, sei es am Arbeitsplatz, im Schlafzimmer oder im Kinderzimmer. Befeuchtet die Luft Die Anreicherung der Luft mit verdunstetem Wasser ist eine [&hellip;]<\/p>\n","protected":false},"featured_media":202417,"template":"","meta":{"_acf_changed":false},"product_featured_cat":[],"product_brand":[5334],"product_cat":[4090,4558],"product_tag":[],"class_list":{"0":"post-202419","1":"product","2":"type-product","3":"status-publish","4":"has-post-thumbnail","6":"product_brand-evapolar-de","7":"product_cat-klimaanlagen","8":"product_cat-zubehoer-fuer-klimaanlagen","10":"first","11":"instock","12":"taxable","13":"shipping-taxable","14":"purchasable","15":"product-type-simple"},"acf":[],"yoast_head":"<!-- This site is optimized with the Yoast SEO plugin v27.5 - https:\/\/yoast.com\/product\/yoast-seo-wordpress\/ -->\n<title>Evapolar evaLIGHT Plus - Bantam<\/title>\n<meta name=\"robots\" content=\"index, follow, max-snippet:-1, max-image-preview:large, max-video-preview:-1\" \/>\n<link rel=\"canonical\" href=\"https:\/\/shop.bantam.ch\/de\/produkt\/evapolar-evalight-plus\/\" \/>\n<meta property=\"og:locale\" content=\"de_DE\" \/>\n<meta property=\"og:type\" content=\"article\" \/>\n<meta property=\"og:title\" content=\"Evapolar evaLIGHT Plus - Bantam\" \/>\n<meta property=\"og:description\" content=\"Das erste pers\u00f6nliche Klimager\u00e4t evaLIGHT befeuchtet, reinigt und erfrischt die Luft auf bis zu 17 \u00b0C. Erfrischt Durch die Verdunstung von Wasser ohne jegliche chemische Zus\u00e4tze wird die Lufttemperatur in Ihrem pers\u00f6nlichen Bereich gesenkt, sei es am Arbeitsplatz, im Schlafzimmer oder im Kinderzimmer. Befeuchtet die Luft Die Anreicherung der Luft mit verdunstetem Wasser ist eine [&hellip;]\" \/>\n<meta property=\"og:url\" content=\"https:\/\/shop.bantam.ch\/de\/produkt\/evapolar-evalight-plus\/\" \/>\n<meta property=\"og:site_name\" content=\"Bantam\" \/>\n<meta property=\"article:modified_time\" content=\"2026-05-05T21:12:54+00:00\" \/>\n<meta property=\"og:image\" content=\"https:\/\/shop.bantam.ch\/wp-content\/uploads\/2024\/05\/slide_01.jpg\" \/>\n\t<meta property=\"og:image:width\" content=\"1440\" \/>\n\t<meta property=\"og:image:height\" content=\"810\" \/>\n\t<meta property=\"og:image:type\" content=\"image\/jpeg\" \/>\n<meta name=\"twitter:card\" content=\"summary_large_image\" \/>\n<meta name=\"twitter:label1\" content=\"Gesch\u00e4tzte Lesezeit\" \/>\n\t<meta name=\"twitter:data1\" content=\"1\u00a0Minute\" \/>\n<script type=\"application\/ld+json\" class=\"yoast-schema-graph\">{\"@context\":\"https:\\\/\\\/schema.org\",\"@graph\":[{\"@type\":\"WebPage\",\"@id\":\"https:\\\/\\\/shop.bantam.ch\\\/de\\\/produkt\\\/evapolar-evalight-plus\\\/\",\"url\":\"https:\\\/\\\/shop.bantam.ch\\\/de\\\/produkt\\\/evapolar-evalight-plus\\\/\",\"name\":\"Evapolar evaLIGHT Plus - Bantam\",\"isPartOf\":{\"@id\":\"https:\\\/\\\/shop.bantam.ch\\\/de\\\/#website\"},\"primaryImageOfPage\":{\"@id\":\"https:\\\/\\\/shop.bantam.ch\\\/de\\\/produkt\\\/evapolar-evalight-plus\\\/#primaryimage\"},\"image\":{\"@id\":\"https:\\\/\\\/shop.bantam.ch\\\/de\\\/produkt\\\/evapolar-evalight-plus\\\/#primaryimage\"},\"thumbnailUrl\":\"https:\\\/\\\/shop.bantam.ch\\\/wp-content\\\/uploads\\\/2024\\\/05\\\/slide_01.jpg\",\"datePublished\":\"2024-05-29T07:55:28+00:00\",\"dateModified\":\"2026-05-05T21:12:54+00:00\",\"breadcrumb\":{\"@id\":\"https:\\\/\\\/shop.bantam.ch\\\/de\\\/produkt\\\/evapolar-evalight-plus\\\/#breadcrumb\"},\"inLanguage\":\"de\",\"potentialAction\":[{\"@type\":\"ReadAction\",\"target\":[\"https:\\\/\\\/shop.bantam.ch\\\/de\\\/produkt\\\/evapolar-evalight-plus\\\/\"]}]},{\"@type\":\"ImageObject\",\"inLanguage\":\"de\",\"@id\":\"https:\\\/\\\/shop.bantam.ch\\\/de\\\/produkt\\\/evapolar-evalight-plus\\\/#primaryimage\",\"url\":\"https:\\\/\\\/shop.bantam.ch\\\/wp-content\\\/uploads\\\/2024\\\/05\\\/slide_01.jpg\",\"contentUrl\":\"https:\\\/\\\/shop.bantam.ch\\\/wp-content\\\/uploads\\\/2024\\\/05\\\/slide_01.jpg\",\"width\":1440,\"height\":810},{\"@type\":\"BreadcrumbList\",\"@id\":\"https:\\\/\\\/shop.bantam.ch\\\/de\\\/produkt\\\/evapolar-evalight-plus\\\/#breadcrumb\",\"itemListElement\":[{\"@type\":\"ListItem\",\"position\":1,\"name\":\"Accueil\",\"item\":\"https:\\\/\\\/shop.bantam.ch\\\/de\\\/\"},{\"@type\":\"ListItem\",\"position\":2,\"name\":\"Shop\",\"item\":\"https:\\\/\\\/shop.bantam.ch\\\/de\\\/shop\\\/\"},{\"@type\":\"ListItem\",\"position\":3,\"name\":\"Evapolar evaLIGHT Plus\"}]},{\"@type\":\"WebSite\",\"@id\":\"https:\\\/\\\/shop.bantam.ch\\\/de\\\/#website\",\"url\":\"https:\\\/\\\/shop.bantam.ch\\\/de\\\/\",\"name\":\"Bantam\",\"description\":\"\",\"publisher\":{\"@id\":\"https:\\\/\\\/shop.bantam.ch\\\/de\\\/#organization\"},\"inLanguage\":\"de\"},{\"@type\":\"Organization\",\"@id\":\"https:\\\/\\\/shop.bantam.ch\\\/de\\\/#organization\",\"name\":\"Bantam\",\"url\":\"https:\\\/\\\/shop.bantam.ch\\\/de\\\/\",\"logo\":{\"@type\":\"ImageObject\",\"inLanguage\":\"de\",\"@id\":\"https:\\\/\\\/shop.bantam.ch\\\/de\\\/#\\\/schema\\\/logo\\\/image\\\/\",\"url\":\"https:\\\/\\\/shop.bantam.ch\\\/wp-content\\\/uploads\\\/2022\\\/12\\\/bantam-logo.png\",\"contentUrl\":\"https:\\\/\\\/shop.bantam.ch\\\/wp-content\\\/uploads\\\/2022\\\/12\\\/bantam-logo.png\",\"width\":320,\"height\":71,\"caption\":\"Bantam\"},\"image\":{\"@id\":\"https:\\\/\\\/shop.bantam.ch\\\/de\\\/#\\\/schema\\\/logo\\\/image\\\/\"}}]}<\/script>\n<!-- \/ Yoast SEO plugin. -->","yoast_head_json":{"title":"Evapolar evaLIGHT Plus - Bantam","robots":{"index":"index","follow":"follow","max-snippet":"max-snippet:-1","max-image-preview":"max-image-preview:large","max-video-preview":"max-video-preview:-1"},"canonical":"https:\/\/shop.bantam.ch\/de\/produkt\/evapolar-evalight-plus\/","og_locale":"de_DE","og_type":"article","og_title":"Evapolar evaLIGHT Plus - Bantam","og_description":"Das erste pers\u00f6nliche Klimager\u00e4t evaLIGHT befeuchtet, reinigt und erfrischt die Luft auf bis zu 17 \u00b0C. Erfrischt Durch die Verdunstung von Wasser ohne jegliche chemische Zus\u00e4tze wird die Lufttemperatur in Ihrem pers\u00f6nlichen Bereich gesenkt, sei es am Arbeitsplatz, im Schlafzimmer oder im Kinderzimmer. Befeuchtet die Luft Die Anreicherung der Luft mit verdunstetem Wasser ist eine [&hellip;]","og_url":"https:\/\/shop.bantam.ch\/de\/produkt\/evapolar-evalight-plus\/","og_site_name":"Bantam","article_modified_time":"2026-05-05T21:12:54+00:00","og_image":[{"width":1440,"height":810,"url":"https:\/\/shop.bantam.ch\/wp-content\/uploads\/2024\/05\/slide_01.jpg","type":"image\/jpeg"}],"twitter_card":"summary_large_image","twitter_misc":{"Gesch\u00e4tzte Lesezeit":"1\u00a0Minute"},"schema":{"@context":"https:\/\/schema.org","@graph":[{"@type":"WebPage","@id":"https:\/\/shop.bantam.ch\/de\/produkt\/evapolar-evalight-plus\/","url":"https:\/\/shop.bantam.ch\/de\/produkt\/evapolar-evalight-plus\/","name":"Evapolar evaLIGHT Plus - Bantam","isPartOf":{"@id":"https:\/\/shop.bantam.ch\/de\/#website"},"primaryImageOfPage":{"@id":"https:\/\/shop.bantam.ch\/de\/produkt\/evapolar-evalight-plus\/#primaryimage"},"image":{"@id":"https:\/\/shop.bantam.ch\/de\/produkt\/evapolar-evalight-plus\/#primaryimage"},"thumbnailUrl":"https:\/\/shop.bantam.ch\/wp-content\/uploads\/2024\/05\/slide_01.jpg","datePublished":"2024-05-29T07:55:28+00:00","dateModified":"2026-05-05T21:12:54+00:00","breadcrumb":{"@id":"https:\/\/shop.bantam.ch\/de\/produkt\/evapolar-evalight-plus\/#breadcrumb"},"inLanguage":"de","potentialAction":[{"@type":"ReadAction","target":["https:\/\/shop.bantam.ch\/de\/produkt\/evapolar-evalight-plus\/"]}]},{"@type":"ImageObject","inLanguage":"de","@id":"https:\/\/shop.bantam.ch\/de\/produkt\/evapolar-evalight-plus\/#primaryimage","url":"https:\/\/shop.bantam.ch\/wp-content\/uploads\/2024\/05\/slide_01.jpg","contentUrl":"https:\/\/shop.bantam.ch\/wp-content\/uploads\/2024\/05\/slide_01.jpg","width":1440,"height":810},{"@type":"BreadcrumbList","@id":"https:\/\/shop.bantam.ch\/de\/produkt\/evapolar-evalight-plus\/#breadcrumb","itemListElement":[{"@type":"ListItem","position":1,"name":"Accueil","item":"https:\/\/shop.bantam.ch\/de\/"},{"@type":"ListItem","position":2,"name":"Shop","item":"https:\/\/shop.bantam.ch\/de\/shop\/"},{"@type":"ListItem","position":3,"name":"Evapolar evaLIGHT Plus"}]},{"@type":"WebSite","@id":"https:\/\/shop.bantam.ch\/de\/#website","url":"https:\/\/shop.bantam.ch\/de\/","name":"Bantam","description":"","publisher":{"@id":"https:\/\/shop.bantam.ch\/de\/#organization"},"inLanguage":"de"},{"@type":"Organization","@id":"https:\/\/shop.bantam.ch\/de\/#organization","name":"Bantam","url":"https:\/\/shop.bantam.ch\/de\/","logo":{"@type":"ImageObject","inLanguage":"de","@id":"https:\/\/shop.bantam.ch\/de\/#\/schema\/logo\/image\/","url":"https:\/\/shop.bantam.ch\/wp-content\/uploads\/2022\/12\/bantam-logo.png","contentUrl":"https:\/\/shop.bantam.ch\/wp-content\/uploads\/2022\/12\/bantam-logo.png","width":320,"height":71,"caption":"Bantam"},"image":{"@id":"https:\/\/shop.bantam.ch\/de\/#\/schema\/logo\/image\/"}}]}},"_links":{"self":[{"href":"https:\/\/shop.bantam.ch\/de\/wp-json\/wp\/v2\/product\/202419","targetHints":{"allow":["GET"]}}],"collection":[{"href":"https:\/\/shop.bantam.ch\/de\/wp-json\/wp\/v2\/product"}],"about":[{"href":"https:\/\/shop.bantam.ch\/de\/wp-json\/wp\/v2\/types\/product"}],"wp:featuredmedia":[{"embeddable":true,"href":"https:\/\/shop.bantam.ch\/de\/wp-json\/wp\/v2\/media\/202417"}],"wp:attachment":[{"href":"https:\/\/shop.bantam.ch\/de\/wp-json\/wp\/v2\/media?parent=202419"}],"wp:term":[{"taxonomy":"product_featured_cat","embeddable":true,"href":"https:\/\/shop.bantam.ch\/de\/wp-json\/wp\/v2\/product_featured_cat?post=202419"},{"taxonomy":"product_brand","embeddable":true,"href":"https:\/\/shop.bantam.ch\/de\/wp-json\/wp\/v2\/product_brand?post=202419"},{"taxonomy":"product_cat","embeddable":true,"href":"https:\/\/shop.bantam.ch\/de\/wp-json\/wp\/v2\/product_cat?post=202419"},{"taxonomy":"product_tag","embeddable":true,"href":"https:\/\/shop.bantam.ch\/de\/wp-json\/wp\/v2\/product_tag?post=202419"}],"curies":[{"name":"wp","href":"https:\/\/api.w.org\/{rel}","templated":true}]}}