{"id":202114,"date":"2024-05-15T18:20:36","date_gmt":"2024-05-15T16:20:36","guid":{"rendered":"https:\/\/shop.bantam.ch\/produit\/kofferraum-organizer-carcomfort-mit-kuehltasche\/"},"modified":"2026-04-21T23:20:02","modified_gmt":"2026-04-21T21:20:02","slug":"kofferraum-organizer-carcomfort-mit-kuehltasche","status":"publish","type":"product","link":"https:\/\/shop.bantam.ch\/de\/produkt\/kofferraum-organizer-carcomfort-mit-kuehltasche\/","title":{"rendered":"Kofferraum Organizer CarComfort mit K\u00fchltasche"},"content":{"rendered":"<p>Die Kofferraumtasche dient zum sicheren Transport von Eink\u00e4ufen, Gep\u00e4ck, Kinderspielzeug, Werkzeug oder dem Warndreieck. Der faltbare Organizer mit zwei praktischen Tragegriffen an den Seiten passt in jeden Kofferraum und bietet bei Nichtgebrauch ein platzsparendes Verstauen. Die Tasche hat drei gro\u00dfe F\u00e4cher, ein Netzfach inkl. einem Klettband zur einfachen Befestigung. Besonders geeignet ist der Organizer f\u00fcr Eink\u00e4ufe aus dem K\u00fchlregal oder f\u00fcr ein Picknick.<\/p>\n<p>&nbsp;<\/p>\n<p>Material:&nbsp;<br \/>\n100 % Polyester<\/p>\n","protected":false},"excerpt":{"rendered":"<p>Die Kofferraumtasche dient zum sicheren Transport von Eink\u00e4ufen, Gep\u00e4ck, Kinderspielzeug, Werkzeug oder dem Warndreieck. Der faltbare Organizer mit zwei praktischen Tragegriffen an den Seiten passt in jeden Kofferraum und bietet bei Nichtgebrauch ein platzsparendes Verstauen. Die Tasche hat drei gro\u00dfe F\u00e4cher, ein Netzfach inkl. einem Klettband zur einfachen Befestigung. Besonders geeignet ist der Organizer f\u00fcr [&hellip;]<\/p>\n","protected":false},"featured_media":207795,"template":"","meta":{"_acf_changed":false},"product_featured_cat":[],"product_brand":[],"product_cat":[4320],"product_tag":[],"class_list":{"0":"post-202114","1":"product","2":"type-product","3":"status-publish","4":"has-post-thumbnail","6":"product_cat-boxen-koerbe","8":"first","9":"instock","10":"taxable","11":"shipping-taxable","12":"purchasable","13":"product-type-simple"},"acf":[],"yoast_head":"<!-- This site is optimized with the Yoast SEO plugin v27.4 - https:\/\/yoast.com\/product\/yoast-seo-wordpress\/ -->\n<title>Kofferraum Organizer CarComfort mit K\u00fchltasche - Bantam Camping AG<\/title>\n<meta name=\"robots\" content=\"index, follow, max-snippet:-1, max-image-preview:large, max-video-preview:-1\" \/>\n<link rel=\"canonical\" href=\"https:\/\/shop.bantam.ch\/de\/produkt\/kofferraum-organizer-carcomfort-mit-kuehltasche\/\" \/>\n<meta property=\"og:locale\" content=\"de_DE\" \/>\n<meta property=\"og:type\" content=\"article\" \/>\n<meta property=\"og:title\" content=\"Kofferraum Organizer CarComfort mit K\u00fchltasche - Bantam Camping AG\" \/>\n<meta property=\"og:description\" content=\"Die Kofferraumtasche dient zum sicheren Transport von Eink\u00e4ufen, Gep\u00e4ck, Kinderspielzeug, Werkzeug oder dem Warndreieck. Der faltbare Organizer mit zwei praktischen Tragegriffen an den Seiten passt in jeden Kofferraum und bietet bei Nichtgebrauch ein platzsparendes Verstauen. Die Tasche hat drei gro\u00dfe F\u00e4cher, ein Netzfach inkl. einem Klettband zur einfachen Befestigung. Besonders geeignet ist der Organizer f\u00fcr [&hellip;]\" \/>\n<meta property=\"og:url\" content=\"https:\/\/shop.bantam.ch\/de\/produkt\/kofferraum-organizer-carcomfort-mit-kuehltasche\/\" \/>\n<meta property=\"og:site_name\" content=\"Bantam Camping AG\" \/>\n<meta property=\"article:modified_time\" content=\"2026-04-21T21:20:02+00:00\" \/>\n<meta name=\"twitter:card\" content=\"summary_large_image\" \/>\n<script type=\"application\/ld+json\" class=\"yoast-schema-graph\">{\"@context\":\"https:\\\/\\\/schema.org\",\"@graph\":[{\"@type\":\"WebPage\",\"@id\":\"https:\\\/\\\/shop.bantam.ch\\\/de\\\/produkt\\\/kofferraum-organizer-carcomfort-mit-kuehltasche\\\/\",\"url\":\"https:\\\/\\\/shop.bantam.ch\\\/de\\\/produkt\\\/kofferraum-organizer-carcomfort-mit-kuehltasche\\\/\",\"name\":\"Kofferraum Organizer CarComfort mit K\u00fchltasche - Bantam Camping AG\",\"isPartOf\":{\"@id\":\"https:\\\/\\\/shop.bantam.ch\\\/de\\\/#website\"},\"primaryImageOfPage\":{\"@id\":\"https:\\\/\\\/shop.bantam.ch\\\/de\\\/produkt\\\/kofferraum-organizer-carcomfort-mit-kuehltasche\\\/#primaryimage\"},\"image\":{\"@id\":\"https:\\\/\\\/shop.bantam.ch\\\/de\\\/produkt\\\/kofferraum-organizer-carcomfort-mit-kuehltasche\\\/#primaryimage\"},\"thumbnailUrl\":\"https:\\\/\\\/shop.bantam.ch\\\/wp-content\\\/uploads\\\/2024\\\/09\\\/Movera-L-9984929100.jpg\",\"datePublished\":\"2024-05-15T16:20:36+00:00\",\"dateModified\":\"2026-04-21T21:20:02+00:00\",\"breadcrumb\":{\"@id\":\"https:\\\/\\\/shop.bantam.ch\\\/de\\\/produkt\\\/kofferraum-organizer-carcomfort-mit-kuehltasche\\\/#breadcrumb\"},\"inLanguage\":\"de\",\"potentialAction\":[{\"@type\":\"ReadAction\",\"target\":[\"https:\\\/\\\/shop.bantam.ch\\\/de\\\/produkt\\\/kofferraum-organizer-carcomfort-mit-kuehltasche\\\/\"]}]},{\"@type\":\"ImageObject\",\"inLanguage\":\"de\",\"@id\":\"https:\\\/\\\/shop.bantam.ch\\\/de\\\/produkt\\\/kofferraum-organizer-carcomfort-mit-kuehltasche\\\/#primaryimage\",\"url\":\"https:\\\/\\\/shop.bantam.ch\\\/wp-content\\\/uploads\\\/2024\\\/09\\\/Movera-L-9984929100.jpg\",\"contentUrl\":\"https:\\\/\\\/shop.bantam.ch\\\/wp-content\\\/uploads\\\/2024\\\/09\\\/Movera-L-9984929100.jpg\",\"width\":640,\"height\":486},{\"@type\":\"BreadcrumbList\",\"@id\":\"https:\\\/\\\/shop.bantam.ch\\\/de\\\/produkt\\\/kofferraum-organizer-carcomfort-mit-kuehltasche\\\/#breadcrumb\",\"itemListElement\":[{\"@type\":\"ListItem\",\"position\":1,\"name\":\"Accueil\",\"item\":\"https:\\\/\\\/shop.bantam.ch\\\/de\\\/\"},{\"@type\":\"ListItem\",\"position\":2,\"name\":\"Shop\",\"item\":\"https:\\\/\\\/shop.bantam.ch\\\/de\\\/shop\\\/\"},{\"@type\":\"ListItem\",\"position\":3,\"name\":\"Kofferraum Organizer CarComfort mit K\u00fchltasche\"}]},{\"@type\":\"WebSite\",\"@id\":\"https:\\\/\\\/shop.bantam.ch\\\/de\\\/#website\",\"url\":\"https:\\\/\\\/shop.bantam.ch\\\/de\\\/\",\"name\":\"Bantam Camping AG\",\"description\":\"\",\"publisher\":{\"@id\":\"https:\\\/\\\/shop.bantam.ch\\\/de\\\/#organization\"},\"inLanguage\":\"de\"},{\"@type\":\"Organization\",\"@id\":\"https:\\\/\\\/shop.bantam.ch\\\/de\\\/#organization\",\"name\":\"Bantam Camping AG\",\"url\":\"https:\\\/\\\/shop.bantam.ch\\\/de\\\/\",\"logo\":{\"@type\":\"ImageObject\",\"inLanguage\":\"de\",\"@id\":\"https:\\\/\\\/shop.bantam.ch\\\/de\\\/#\\\/schema\\\/logo\\\/image\\\/\",\"url\":\"https:\\\/\\\/shop.bantam.ch\\\/wp-content\\\/uploads\\\/2022\\\/12\\\/bantam-logo.png\",\"contentUrl\":\"https:\\\/\\\/shop.bantam.ch\\\/wp-content\\\/uploads\\\/2022\\\/12\\\/bantam-logo.png\",\"width\":320,\"height\":71,\"caption\":\"Bantam Camping AG\"},\"image\":{\"@id\":\"https:\\\/\\\/shop.bantam.ch\\\/de\\\/#\\\/schema\\\/logo\\\/image\\\/\"}}]}<\/script>\n<!-- \/ Yoast SEO plugin. -->","yoast_head_json":{"title":"Kofferraum Organizer CarComfort mit K\u00fchltasche - Bantam Camping AG","robots":{"index":"index","follow":"follow","max-snippet":"max-snippet:-1","max-image-preview":"max-image-preview:large","max-video-preview":"max-video-preview:-1"},"canonical":"https:\/\/shop.bantam.ch\/de\/produkt\/kofferraum-organizer-carcomfort-mit-kuehltasche\/","og_locale":"de_DE","og_type":"article","og_title":"Kofferraum Organizer CarComfort mit K\u00fchltasche - Bantam Camping AG","og_description":"Die Kofferraumtasche dient zum sicheren Transport von Eink\u00e4ufen, Gep\u00e4ck, Kinderspielzeug, Werkzeug oder dem Warndreieck. Der faltbare Organizer mit zwei praktischen Tragegriffen an den Seiten passt in jeden Kofferraum und bietet bei Nichtgebrauch ein platzsparendes Verstauen. Die Tasche hat drei gro\u00dfe F\u00e4cher, ein Netzfach inkl. einem Klettband zur einfachen Befestigung. Besonders geeignet ist der Organizer f\u00fcr [&hellip;]","og_url":"https:\/\/shop.bantam.ch\/de\/produkt\/kofferraum-organizer-carcomfort-mit-kuehltasche\/","og_site_name":"Bantam Camping AG","article_modified_time":"2026-04-21T21:20:02+00:00","twitter_card":"summary_large_image","schema":{"@context":"https:\/\/schema.org","@graph":[{"@type":"WebPage","@id":"https:\/\/shop.bantam.ch\/de\/produkt\/kofferraum-organizer-carcomfort-mit-kuehltasche\/","url":"https:\/\/shop.bantam.ch\/de\/produkt\/kofferraum-organizer-carcomfort-mit-kuehltasche\/","name":"Kofferraum Organizer CarComfort mit K\u00fchltasche - Bantam Camping AG","isPartOf":{"@id":"https:\/\/shop.bantam.ch\/de\/#website"},"primaryImageOfPage":{"@id":"https:\/\/shop.bantam.ch\/de\/produkt\/kofferraum-organizer-carcomfort-mit-kuehltasche\/#primaryimage"},"image":{"@id":"https:\/\/shop.bantam.ch\/de\/produkt\/kofferraum-organizer-carcomfort-mit-kuehltasche\/#primaryimage"},"thumbnailUrl":"https:\/\/shop.bantam.ch\/wp-content\/uploads\/2024\/09\/Movera-L-9984929100.jpg","datePublished":"2024-05-15T16:20:36+00:00","dateModified":"2026-04-21T21:20:02+00:00","breadcrumb":{"@id":"https:\/\/shop.bantam.ch\/de\/produkt\/kofferraum-organizer-carcomfort-mit-kuehltasche\/#breadcrumb"},"inLanguage":"de","potentialAction":[{"@type":"ReadAction","target":["https:\/\/shop.bantam.ch\/de\/produkt\/kofferraum-organizer-carcomfort-mit-kuehltasche\/"]}]},{"@type":"ImageObject","inLanguage":"de","@id":"https:\/\/shop.bantam.ch\/de\/produkt\/kofferraum-organizer-carcomfort-mit-kuehltasche\/#primaryimage","url":"https:\/\/shop.bantam.ch\/wp-content\/uploads\/2024\/09\/Movera-L-9984929100.jpg","contentUrl":"https:\/\/shop.bantam.ch\/wp-content\/uploads\/2024\/09\/Movera-L-9984929100.jpg","width":640,"height":486},{"@type":"BreadcrumbList","@id":"https:\/\/shop.bantam.ch\/de\/produkt\/kofferraum-organizer-carcomfort-mit-kuehltasche\/#breadcrumb","itemListElement":[{"@type":"ListItem","position":1,"name":"Accueil","item":"https:\/\/shop.bantam.ch\/de\/"},{"@type":"ListItem","position":2,"name":"Shop","item":"https:\/\/shop.bantam.ch\/de\/shop\/"},{"@type":"ListItem","position":3,"name":"Kofferraum Organizer CarComfort mit K\u00fchltasche"}]},{"@type":"WebSite","@id":"https:\/\/shop.bantam.ch\/de\/#website","url":"https:\/\/shop.bantam.ch\/de\/","name":"Bantam Camping AG","description":"","publisher":{"@id":"https:\/\/shop.bantam.ch\/de\/#organization"},"inLanguage":"de"},{"@type":"Organization","@id":"https:\/\/shop.bantam.ch\/de\/#organization","name":"Bantam Camping AG","url":"https:\/\/shop.bantam.ch\/de\/","logo":{"@type":"ImageObject","inLanguage":"de","@id":"https:\/\/shop.bantam.ch\/de\/#\/schema\/logo\/image\/","url":"https:\/\/shop.bantam.ch\/wp-content\/uploads\/2022\/12\/bantam-logo.png","contentUrl":"https:\/\/shop.bantam.ch\/wp-content\/uploads\/2022\/12\/bantam-logo.png","width":320,"height":71,"caption":"Bantam Camping AG"},"image":{"@id":"https:\/\/shop.bantam.ch\/de\/#\/schema\/logo\/image\/"}}]}},"_links":{"self":[{"href":"https:\/\/shop.bantam.ch\/de\/wp-json\/wp\/v2\/product\/202114","targetHints":{"allow":["GET"]}}],"collection":[{"href":"https:\/\/shop.bantam.ch\/de\/wp-json\/wp\/v2\/product"}],"about":[{"href":"https:\/\/shop.bantam.ch\/de\/wp-json\/wp\/v2\/types\/product"}],"wp:featuredmedia":[{"embeddable":true,"href":"https:\/\/shop.bantam.ch\/de\/wp-json\/wp\/v2\/media\/207795"}],"wp:attachment":[{"href":"https:\/\/shop.bantam.ch\/de\/wp-json\/wp\/v2\/media?parent=202114"}],"wp:term":[{"taxonomy":"product_featured_cat","embeddable":true,"href":"https:\/\/shop.bantam.ch\/de\/wp-json\/wp\/v2\/product_featured_cat?post=202114"},{"taxonomy":"product_brand","embeddable":true,"href":"https:\/\/shop.bantam.ch\/de\/wp-json\/wp\/v2\/product_brand?post=202114"},{"taxonomy":"product_cat","embeddable":true,"href":"https:\/\/shop.bantam.ch\/de\/wp-json\/wp\/v2\/product_cat?post=202114"},{"taxonomy":"product_tag","embeddable":true,"href":"https:\/\/shop.bantam.ch\/de\/wp-json\/wp\/v2\/product_tag?post=202114"}],"curies":[{"name":"wp","href":"https:\/\/api.w.org\/{rel}","templated":true}]}}