{"id":202102,"date":"2024-05-15T18:20:28","date_gmt":"2024-05-15T16:20:28","guid":{"rendered":"https:\/\/shop.bantam.ch\/produit\/kinderbesteckset-zwilling-bino-zwbin24-4-tlg-edelstahl-18-10-poliert\/"},"modified":"2026-04-16T23:29:11","modified_gmt":"2026-04-16T21:29:11","slug":"kinderbesteckset-zwilling-bino-zwbin24-4-tlg-edelstahl-18-10-poliert","status":"publish","type":"product","link":"https:\/\/shop.bantam.ch\/de\/produkt\/kinderbesteckset-zwilling-bino-zwbin24-4-tlg-edelstahl-18-10-poliert\/","title":{"rendered":"Kinderbesteckset ZWILLING Bino ZWBIN24 4-tlg. Edelstahl 18\/10 poliert"},"content":{"rendered":"<p>Das hochwertige Kinderbesteckset BINO von ZWILLING wurde speziell f\u00fcr Kinder ab 3 Jahren entwickelt und auf die kleinen H\u00e4nde abgestimmt. Das Besteck zeichnet sich durch ein besonderes Design, formsch\u00f6ne Stabilit\u00e4t und hohe Funktionalit\u00e4t aus. Es beinhaltet ein Messer, eine Gabel, einen Essl\u00f6ffel und einen Teel\u00f6ffel, wovon jedes einzelne Besteckteil mit seiner angenehmen Handhabung und hochwertiger Verarbeitung \u00fcberzeugt. F\u00fcr den besonderen Schutz sorgen die leicht stumpfe Messerklinge sowie die abgerundeten Gabelspitzen. Die auf den Griffen verewigten Tiermotive sorgen nicht nur f\u00fcr Spa\u00df und motivieren zum Essen, sie regen zus\u00e4tzlich die Fantasie an, damit der Umgang mit Messer, Gabel und L\u00f6ffel spielerisch erlernt werden kann. Alle Teile wurden aus hochwertigem 18\/10 Edelstahl gefertigt, wodurch das Besteck nicht nur pflegeleicht und rostfrei ist, sondern sich auch zur einfachen und schnellen Reinigung in der Sp\u00fclmaschine eignet.<\/p>\n<p>&nbsp;<\/p>\n<ul>\n<li>Hohlheftmesser: Im Griff eingesetzte Klinge aus hochwertigem Edelstahl&nbsp;<\/li>\n<li>Ohne scharfe Kanten und Spitzen<\/li>\n<li>Verspieltes Design dank polierter Oberfl\u00e4che mit Tiermotiven<\/li>\n<li>Kratzfester, rostfreier und korrosionsbest\u00e4ndiger 18\/10 Edelstahl<\/li>\n<li>F\u00fcr Kinder ab 3 Jahren<\/li>\n<li>Kindgerechtes Design<\/li>\n<li>Abgestumpftes Messer<\/li>\n<li>Abgerundete Gabelspitzen<\/li>\n<li>Hochwertiger Edelstahl<\/li>\n<\/ul>\n<p>Lieferumfang:<br \/>\nje 1 x Gabel, Messer, Essl\u00f6ffel, Teel\u00f6ffel<\/p>\n","protected":false},"excerpt":{"rendered":"<p>Das hochwertige Kinderbesteckset BINO von ZWILLING wurde speziell f\u00fcr Kinder ab 3 Jahren entwickelt und auf die kleinen H\u00e4nde abgestimmt. Das Besteck zeichnet sich durch ein besonderes Design, formsch\u00f6ne Stabilit\u00e4t und hohe Funktionalit\u00e4t aus. Es beinhaltet ein Messer, eine Gabel, einen Essl\u00f6ffel und einen Teel\u00f6ffel, wovon jedes einzelne Besteckteil mit seiner angenehmen Handhabung und hochwertiger [&hellip;]<\/p>\n","protected":false},"featured_media":207793,"template":"","meta":{"_acf_changed":false},"product_featured_cat":[],"product_brand":[],"product_cat":[3990],"product_tag":[],"class_list":{"0":"post-202102","1":"product","2":"type-product","3":"status-publish","4":"has-post-thumbnail","6":"product_cat-besteck","8":"first","9":"instock","10":"taxable","11":"shipping-taxable","12":"purchasable","13":"product-type-simple"},"acf":[],"yoast_head":"<!-- This site is optimized with the Yoast SEO plugin v27.4 - https:\/\/yoast.com\/product\/yoast-seo-wordpress\/ -->\n<title>Kinderbesteckset ZWILLING Bino ZWBIN24 4-tlg. Edelstahl 18\/10 poliert - Bantam Camping AG<\/title>\n<meta name=\"robots\" content=\"index, follow, max-snippet:-1, max-image-preview:large, max-video-preview:-1\" \/>\n<link rel=\"canonical\" href=\"https:\/\/shop.bantam.ch\/de\/produkt\/kinderbesteckset-zwilling-bino-zwbin24-4-tlg-edelstahl-18-10-poliert\/\" \/>\n<meta property=\"og:locale\" content=\"de_DE\" \/>\n<meta property=\"og:type\" content=\"article\" \/>\n<meta property=\"og:title\" content=\"Kinderbesteckset ZWILLING Bino ZWBIN24 4-tlg. Edelstahl 18\/10 poliert - Bantam Camping AG\" \/>\n<meta property=\"og:description\" content=\"Das hochwertige Kinderbesteckset BINO von ZWILLING wurde speziell f\u00fcr Kinder ab 3 Jahren entwickelt und auf die kleinen H\u00e4nde abgestimmt. Das Besteck zeichnet sich durch ein besonderes Design, formsch\u00f6ne Stabilit\u00e4t und hohe Funktionalit\u00e4t aus. Es beinhaltet ein Messer, eine Gabel, einen Essl\u00f6ffel und einen Teel\u00f6ffel, wovon jedes einzelne Besteckteil mit seiner angenehmen Handhabung und hochwertiger [&hellip;]\" \/>\n<meta property=\"og:url\" content=\"https:\/\/shop.bantam.ch\/de\/produkt\/kinderbesteckset-zwilling-bino-zwbin24-4-tlg-edelstahl-18-10-poliert\/\" \/>\n<meta property=\"og:site_name\" content=\"Bantam Camping AG\" \/>\n<meta property=\"article:modified_time\" content=\"2026-04-16T21:29:11+00:00\" \/>\n<meta name=\"twitter:card\" content=\"summary_large_image\" \/>\n<meta name=\"twitter:label1\" content=\"Gesch\u00e4tzte Lesezeit\" \/>\n\t<meta name=\"twitter:data1\" content=\"1\u00a0Minute\" \/>\n<script type=\"application\/ld+json\" class=\"yoast-schema-graph\">{\"@context\":\"https:\\\/\\\/schema.org\",\"@graph\":[{\"@type\":\"WebPage\",\"@id\":\"https:\\\/\\\/shop.bantam.ch\\\/de\\\/produkt\\\/kinderbesteckset-zwilling-bino-zwbin24-4-tlg-edelstahl-18-10-poliert\\\/\",\"url\":\"https:\\\/\\\/shop.bantam.ch\\\/de\\\/produkt\\\/kinderbesteckset-zwilling-bino-zwbin24-4-tlg-edelstahl-18-10-poliert\\\/\",\"name\":\"Kinderbesteckset ZWILLING Bino ZWBIN24 4-tlg. Edelstahl 18\\\/10 poliert - Bantam Camping AG\",\"isPartOf\":{\"@id\":\"https:\\\/\\\/shop.bantam.ch\\\/de\\\/#website\"},\"primaryImageOfPage\":{\"@id\":\"https:\\\/\\\/shop.bantam.ch\\\/de\\\/produkt\\\/kinderbesteckset-zwilling-bino-zwbin24-4-tlg-edelstahl-18-10-poliert\\\/#primaryimage\"},\"image\":{\"@id\":\"https:\\\/\\\/shop.bantam.ch\\\/de\\\/produkt\\\/kinderbesteckset-zwilling-bino-zwbin24-4-tlg-edelstahl-18-10-poliert\\\/#primaryimage\"},\"thumbnailUrl\":\"https:\\\/\\\/shop.bantam.ch\\\/wp-content\\\/uploads\\\/2024\\\/09\\\/Movera-L-9984907100.jpg\",\"datePublished\":\"2024-05-15T16:20:28+00:00\",\"dateModified\":\"2026-04-16T21:29:11+00:00\",\"breadcrumb\":{\"@id\":\"https:\\\/\\\/shop.bantam.ch\\\/de\\\/produkt\\\/kinderbesteckset-zwilling-bino-zwbin24-4-tlg-edelstahl-18-10-poliert\\\/#breadcrumb\"},\"inLanguage\":\"de\",\"potentialAction\":[{\"@type\":\"ReadAction\",\"target\":[\"https:\\\/\\\/shop.bantam.ch\\\/de\\\/produkt\\\/kinderbesteckset-zwilling-bino-zwbin24-4-tlg-edelstahl-18-10-poliert\\\/\"]}]},{\"@type\":\"ImageObject\",\"inLanguage\":\"de\",\"@id\":\"https:\\\/\\\/shop.bantam.ch\\\/de\\\/produkt\\\/kinderbesteckset-zwilling-bino-zwbin24-4-tlg-edelstahl-18-10-poliert\\\/#primaryimage\",\"url\":\"https:\\\/\\\/shop.bantam.ch\\\/wp-content\\\/uploads\\\/2024\\\/09\\\/Movera-L-9984907100.jpg\",\"contentUrl\":\"https:\\\/\\\/shop.bantam.ch\\\/wp-content\\\/uploads\\\/2024\\\/09\\\/Movera-L-9984907100.jpg\",\"width\":640,\"height\":443},{\"@type\":\"BreadcrumbList\",\"@id\":\"https:\\\/\\\/shop.bantam.ch\\\/de\\\/produkt\\\/kinderbesteckset-zwilling-bino-zwbin24-4-tlg-edelstahl-18-10-poliert\\\/#breadcrumb\",\"itemListElement\":[{\"@type\":\"ListItem\",\"position\":1,\"name\":\"Accueil\",\"item\":\"https:\\\/\\\/shop.bantam.ch\\\/de\\\/\"},{\"@type\":\"ListItem\",\"position\":2,\"name\":\"Shop\",\"item\":\"https:\\\/\\\/shop.bantam.ch\\\/de\\\/shop\\\/\"},{\"@type\":\"ListItem\",\"position\":3,\"name\":\"Kinderbesteckset ZWILLING Bino ZWBIN24 4-tlg. Edelstahl 18\\\/10 poliert\"}]},{\"@type\":\"WebSite\",\"@id\":\"https:\\\/\\\/shop.bantam.ch\\\/de\\\/#website\",\"url\":\"https:\\\/\\\/shop.bantam.ch\\\/de\\\/\",\"name\":\"Bantam Camping AG\",\"description\":\"\",\"publisher\":{\"@id\":\"https:\\\/\\\/shop.bantam.ch\\\/de\\\/#organization\"},\"inLanguage\":\"de\"},{\"@type\":\"Organization\",\"@id\":\"https:\\\/\\\/shop.bantam.ch\\\/de\\\/#organization\",\"name\":\"Bantam Camping AG\",\"url\":\"https:\\\/\\\/shop.bantam.ch\\\/de\\\/\",\"logo\":{\"@type\":\"ImageObject\",\"inLanguage\":\"de\",\"@id\":\"https:\\\/\\\/shop.bantam.ch\\\/de\\\/#\\\/schema\\\/logo\\\/image\\\/\",\"url\":\"https:\\\/\\\/shop.bantam.ch\\\/wp-content\\\/uploads\\\/2022\\\/12\\\/bantam-logo.png\",\"contentUrl\":\"https:\\\/\\\/shop.bantam.ch\\\/wp-content\\\/uploads\\\/2022\\\/12\\\/bantam-logo.png\",\"width\":320,\"height\":71,\"caption\":\"Bantam Camping AG\"},\"image\":{\"@id\":\"https:\\\/\\\/shop.bantam.ch\\\/de\\\/#\\\/schema\\\/logo\\\/image\\\/\"}}]}<\/script>\n<!-- \/ Yoast SEO plugin. -->","yoast_head_json":{"title":"Kinderbesteckset ZWILLING Bino ZWBIN24 4-tlg. Edelstahl 18\/10 poliert - Bantam Camping AG","robots":{"index":"index","follow":"follow","max-snippet":"max-snippet:-1","max-image-preview":"max-image-preview:large","max-video-preview":"max-video-preview:-1"},"canonical":"https:\/\/shop.bantam.ch\/de\/produkt\/kinderbesteckset-zwilling-bino-zwbin24-4-tlg-edelstahl-18-10-poliert\/","og_locale":"de_DE","og_type":"article","og_title":"Kinderbesteckset ZWILLING Bino ZWBIN24 4-tlg. Edelstahl 18\/10 poliert - Bantam Camping AG","og_description":"Das hochwertige Kinderbesteckset BINO von ZWILLING wurde speziell f\u00fcr Kinder ab 3 Jahren entwickelt und auf die kleinen H\u00e4nde abgestimmt. Das Besteck zeichnet sich durch ein besonderes Design, formsch\u00f6ne Stabilit\u00e4t und hohe Funktionalit\u00e4t aus. Es beinhaltet ein Messer, eine Gabel, einen Essl\u00f6ffel und einen Teel\u00f6ffel, wovon jedes einzelne Besteckteil mit seiner angenehmen Handhabung und hochwertiger [&hellip;]","og_url":"https:\/\/shop.bantam.ch\/de\/produkt\/kinderbesteckset-zwilling-bino-zwbin24-4-tlg-edelstahl-18-10-poliert\/","og_site_name":"Bantam Camping AG","article_modified_time":"2026-04-16T21:29:11+00:00","twitter_card":"summary_large_image","twitter_misc":{"Gesch\u00e4tzte Lesezeit":"1\u00a0Minute"},"schema":{"@context":"https:\/\/schema.org","@graph":[{"@type":"WebPage","@id":"https:\/\/shop.bantam.ch\/de\/produkt\/kinderbesteckset-zwilling-bino-zwbin24-4-tlg-edelstahl-18-10-poliert\/","url":"https:\/\/shop.bantam.ch\/de\/produkt\/kinderbesteckset-zwilling-bino-zwbin24-4-tlg-edelstahl-18-10-poliert\/","name":"Kinderbesteckset ZWILLING Bino ZWBIN24 4-tlg. Edelstahl 18\/10 poliert - Bantam Camping AG","isPartOf":{"@id":"https:\/\/shop.bantam.ch\/de\/#website"},"primaryImageOfPage":{"@id":"https:\/\/shop.bantam.ch\/de\/produkt\/kinderbesteckset-zwilling-bino-zwbin24-4-tlg-edelstahl-18-10-poliert\/#primaryimage"},"image":{"@id":"https:\/\/shop.bantam.ch\/de\/produkt\/kinderbesteckset-zwilling-bino-zwbin24-4-tlg-edelstahl-18-10-poliert\/#primaryimage"},"thumbnailUrl":"https:\/\/shop.bantam.ch\/wp-content\/uploads\/2024\/09\/Movera-L-9984907100.jpg","datePublished":"2024-05-15T16:20:28+00:00","dateModified":"2026-04-16T21:29:11+00:00","breadcrumb":{"@id":"https:\/\/shop.bantam.ch\/de\/produkt\/kinderbesteckset-zwilling-bino-zwbin24-4-tlg-edelstahl-18-10-poliert\/#breadcrumb"},"inLanguage":"de","potentialAction":[{"@type":"ReadAction","target":["https:\/\/shop.bantam.ch\/de\/produkt\/kinderbesteckset-zwilling-bino-zwbin24-4-tlg-edelstahl-18-10-poliert\/"]}]},{"@type":"ImageObject","inLanguage":"de","@id":"https:\/\/shop.bantam.ch\/de\/produkt\/kinderbesteckset-zwilling-bino-zwbin24-4-tlg-edelstahl-18-10-poliert\/#primaryimage","url":"https:\/\/shop.bantam.ch\/wp-content\/uploads\/2024\/09\/Movera-L-9984907100.jpg","contentUrl":"https:\/\/shop.bantam.ch\/wp-content\/uploads\/2024\/09\/Movera-L-9984907100.jpg","width":640,"height":443},{"@type":"BreadcrumbList","@id":"https:\/\/shop.bantam.ch\/de\/produkt\/kinderbesteckset-zwilling-bino-zwbin24-4-tlg-edelstahl-18-10-poliert\/#breadcrumb","itemListElement":[{"@type":"ListItem","position":1,"name":"Accueil","item":"https:\/\/shop.bantam.ch\/de\/"},{"@type":"ListItem","position":2,"name":"Shop","item":"https:\/\/shop.bantam.ch\/de\/shop\/"},{"@type":"ListItem","position":3,"name":"Kinderbesteckset ZWILLING Bino ZWBIN24 4-tlg. Edelstahl 18\/10 poliert"}]},{"@type":"WebSite","@id":"https:\/\/shop.bantam.ch\/de\/#website","url":"https:\/\/shop.bantam.ch\/de\/","name":"Bantam Camping AG","description":"","publisher":{"@id":"https:\/\/shop.bantam.ch\/de\/#organization"},"inLanguage":"de"},{"@type":"Organization","@id":"https:\/\/shop.bantam.ch\/de\/#organization","name":"Bantam Camping AG","url":"https:\/\/shop.bantam.ch\/de\/","logo":{"@type":"ImageObject","inLanguage":"de","@id":"https:\/\/shop.bantam.ch\/de\/#\/schema\/logo\/image\/","url":"https:\/\/shop.bantam.ch\/wp-content\/uploads\/2022\/12\/bantam-logo.png","contentUrl":"https:\/\/shop.bantam.ch\/wp-content\/uploads\/2022\/12\/bantam-logo.png","width":320,"height":71,"caption":"Bantam Camping AG"},"image":{"@id":"https:\/\/shop.bantam.ch\/de\/#\/schema\/logo\/image\/"}}]}},"_links":{"self":[{"href":"https:\/\/shop.bantam.ch\/de\/wp-json\/wp\/v2\/product\/202102","targetHints":{"allow":["GET"]}}],"collection":[{"href":"https:\/\/shop.bantam.ch\/de\/wp-json\/wp\/v2\/product"}],"about":[{"href":"https:\/\/shop.bantam.ch\/de\/wp-json\/wp\/v2\/types\/product"}],"wp:featuredmedia":[{"embeddable":true,"href":"https:\/\/shop.bantam.ch\/de\/wp-json\/wp\/v2\/media\/207793"}],"wp:attachment":[{"href":"https:\/\/shop.bantam.ch\/de\/wp-json\/wp\/v2\/media?parent=202102"}],"wp:term":[{"taxonomy":"product_featured_cat","embeddable":true,"href":"https:\/\/shop.bantam.ch\/de\/wp-json\/wp\/v2\/product_featured_cat?post=202102"},{"taxonomy":"product_brand","embeddable":true,"href":"https:\/\/shop.bantam.ch\/de\/wp-json\/wp\/v2\/product_brand?post=202102"},{"taxonomy":"product_cat","embeddable":true,"href":"https:\/\/shop.bantam.ch\/de\/wp-json\/wp\/v2\/product_cat?post=202102"},{"taxonomy":"product_tag","embeddable":true,"href":"https:\/\/shop.bantam.ch\/de\/wp-json\/wp\/v2\/product_tag?post=202102"}],"curies":[{"name":"wp","href":"https:\/\/api.w.org\/{rel}","templated":true}]}}