{"id":202098,"date":"2024-05-15T18:20:22","date_gmt":"2024-05-15T16:20:22","guid":{"rendered":"https:\/\/shop.bantam.ch\/produit\/wasserkocher-tristar-wk-1325-12-l-850-w-farbe-schwarz-silber\/"},"modified":"2026-04-19T23:21:30","modified_gmt":"2026-04-19T21:21:30","slug":"wasserkocher-tristar-wk-1325-12-l-850-w-farbe-schwarz-silber","status":"publish","type":"product","link":"https:\/\/shop.bantam.ch\/de\/produkt\/wasserkocher-tristar-wk-1325-12-l-850-w-farbe-schwarz-silber\/","title":{"rendered":"Wasserkocher TRISTAR WK-1325, 12 l, 850 W, Farbe schwarz \/ silber"},"content":{"rendered":"<p>Der Tristar WK-1325 Wasserkocher hat ein sehr elegantes Design und ein gro\u00dfes Fassungsverm\u00f6gen von 1,2 l. Mit 850 W Leistung eignet sich der Teekocher auch f\u00fcr den Campingeinsatz. Dank seines kompakten Designs k\u00f6nnen Sie den elektrischen Wasserkocher problemlos transportieren.<\/p>\n<p>&nbsp;<\/p>\n<p>Perfektes K\u00fcchenzubeh\u00f6r<br \/>\nDer Tristar-Teekocher sieht mit seinem Edelstahlgeh\u00e4use nicht nur stylisch aus, sondern ist auch \u00e4u\u00dferst praktisch im Gebrauch. Da sich der Kocher auf seinem Sockel um 360\u00b0 drehen l\u00e4sst, ist er sowohl f\u00fcr Links- als auch Rechtsh\u00e4nder geeignet. Der Teekocher kann abgenommen werden, um das Auff\u00fcllen und Ausgie\u00dfen zu erleichtern. Die Wasserstandsanzeige zeigt Ihnen, wie viel Wasser im Kocher ist. Nachdem das Wasser gekocht hat, wird der Wasserkessel automatisch abgeschaltet.<\/p>\n<p>&nbsp;<\/p>\n<p>Sicher im Gebrauch<br \/>\nDer WK-1325 Wasserkessel hat ein Edelstahlgeh\u00e4use mit integriertem Griff und besteht aus einem BPA-freien Material. Dank der rutschfesten F\u00fc\u00dfe steht der Wasserkessel stets sicher auf Ihrer Arbeitsplatte. Ein \u00dcberhitzungs- und ein Trockengehschutz sorgen daf\u00fcr, dass sich der Elektrokocher abschaltet, wenn das Wasser verdampft ist oder zu hei\u00df wird.<\/p>\n<p>&nbsp;<\/p>\n<p>Durchdachtes Design<br \/>\nDer Tristar-Wasserkocher ist mit 1,2 l Fassungsverm\u00f6gen und 850 W Leistung auch f\u00fcr den Campingeinsatz geeignet. Dank seiner kompakten Gr\u00f6\u00dfe l\u00e4sst er sich \u00fcberall mit hinnehmen. Mit seinem kompakten Design ist er leicht zu transportieren. Die Bedienung erfolgt \u00fcber einen Ein\/Aus-Schalter, wobei Sie anhand der Kontrolllampe sofort erkennen k\u00f6nnen, ob das Ger\u00e4t eingeschaltet ist. Der Filter h\u00e4lt das Wasser frei von Kalkablagerungen.<\/p>\n<p>&nbsp;<\/p>\n<p>Lieferumfang:<br \/>\nTristar-Wasserkocher, Sockel, Bedienungsanleitung<\/p>\n","protected":false},"excerpt":{"rendered":"<p>Der Tristar WK-1325 Wasserkocher hat ein sehr elegantes Design und ein gro\u00dfes Fassungsverm\u00f6gen von 1,2 l. Mit 850 W Leistung eignet sich der Teekocher auch f\u00fcr den Campingeinsatz. Dank seines kompakten Designs k\u00f6nnen Sie den elektrischen Wasserkocher problemlos transportieren. &nbsp; Perfektes K\u00fcchenzubeh\u00f6r Der Tristar-Teekocher sieht mit seinem Edelstahlgeh\u00e4use nicht nur stylisch aus, sondern ist auch [&hellip;]<\/p>\n","protected":false},"featured_media":207791,"template":"","meta":{"_acf_changed":false},"product_featured_cat":[],"product_brand":[],"product_cat":[4298],"product_tag":[],"class_list":{"0":"post-202098","1":"product","2":"type-product","3":"status-publish","4":"has-post-thumbnail","6":"product_cat-kaffeemaschinen-wasserkocher","8":"first","9":"instock","10":"taxable","11":"shipping-taxable","12":"purchasable","13":"product-type-simple"},"acf":[],"yoast_head":"<!-- This site is optimized with the Yoast SEO plugin v27.4 - https:\/\/yoast.com\/product\/yoast-seo-wordpress\/ -->\n<title>Wasserkocher TRISTAR WK-1325, 12 l, 850 W, Farbe schwarz \/ silber - Bantam Camping AG<\/title>\n<meta name=\"robots\" content=\"index, follow, max-snippet:-1, max-image-preview:large, max-video-preview:-1\" \/>\n<link rel=\"canonical\" href=\"https:\/\/shop.bantam.ch\/de\/produkt\/wasserkocher-tristar-wk-1325-12-l-850-w-farbe-schwarz-silber\/\" \/>\n<meta property=\"og:locale\" content=\"de_DE\" \/>\n<meta property=\"og:type\" content=\"article\" \/>\n<meta property=\"og:title\" content=\"Wasserkocher TRISTAR WK-1325, 12 l, 850 W, Farbe schwarz \/ silber - Bantam Camping AG\" \/>\n<meta property=\"og:description\" content=\"Der Tristar WK-1325 Wasserkocher hat ein sehr elegantes Design und ein gro\u00dfes Fassungsverm\u00f6gen von 1,2 l. Mit 850 W Leistung eignet sich der Teekocher auch f\u00fcr den Campingeinsatz. Dank seines kompakten Designs k\u00f6nnen Sie den elektrischen Wasserkocher problemlos transportieren. &nbsp; Perfektes K\u00fcchenzubeh\u00f6r Der Tristar-Teekocher sieht mit seinem Edelstahlgeh\u00e4use nicht nur stylisch aus, sondern ist auch [&hellip;]\" \/>\n<meta property=\"og:url\" content=\"https:\/\/shop.bantam.ch\/de\/produkt\/wasserkocher-tristar-wk-1325-12-l-850-w-farbe-schwarz-silber\/\" \/>\n<meta property=\"og:site_name\" content=\"Bantam Camping AG\" \/>\n<meta property=\"article:modified_time\" content=\"2026-04-19T21:21:30+00:00\" \/>\n<meta name=\"twitter:card\" content=\"summary_large_image\" \/>\n<meta name=\"twitter:label1\" content=\"Gesch\u00e4tzte Lesezeit\" \/>\n\t<meta name=\"twitter:data1\" content=\"1\u00a0Minute\" \/>\n<script type=\"application\/ld+json\" class=\"yoast-schema-graph\">{\"@context\":\"https:\\\/\\\/schema.org\",\"@graph\":[{\"@type\":\"WebPage\",\"@id\":\"https:\\\/\\\/shop.bantam.ch\\\/de\\\/produkt\\\/wasserkocher-tristar-wk-1325-12-l-850-w-farbe-schwarz-silber\\\/\",\"url\":\"https:\\\/\\\/shop.bantam.ch\\\/de\\\/produkt\\\/wasserkocher-tristar-wk-1325-12-l-850-w-farbe-schwarz-silber\\\/\",\"name\":\"Wasserkocher TRISTAR WK-1325, 12 l, 850 W, Farbe schwarz \\\/ silber - Bantam Camping AG\",\"isPartOf\":{\"@id\":\"https:\\\/\\\/shop.bantam.ch\\\/de\\\/#website\"},\"primaryImageOfPage\":{\"@id\":\"https:\\\/\\\/shop.bantam.ch\\\/de\\\/produkt\\\/wasserkocher-tristar-wk-1325-12-l-850-w-farbe-schwarz-silber\\\/#primaryimage\"},\"image\":{\"@id\":\"https:\\\/\\\/shop.bantam.ch\\\/de\\\/produkt\\\/wasserkocher-tristar-wk-1325-12-l-850-w-farbe-schwarz-silber\\\/#primaryimage\"},\"thumbnailUrl\":\"https:\\\/\\\/shop.bantam.ch\\\/wp-content\\\/uploads\\\/2024\\\/09\\\/Movera-L-9984906100.jpg\",\"datePublished\":\"2024-05-15T16:20:22+00:00\",\"dateModified\":\"2026-04-19T21:21:30+00:00\",\"breadcrumb\":{\"@id\":\"https:\\\/\\\/shop.bantam.ch\\\/de\\\/produkt\\\/wasserkocher-tristar-wk-1325-12-l-850-w-farbe-schwarz-silber\\\/#breadcrumb\"},\"inLanguage\":\"de\",\"potentialAction\":[{\"@type\":\"ReadAction\",\"target\":[\"https:\\\/\\\/shop.bantam.ch\\\/de\\\/produkt\\\/wasserkocher-tristar-wk-1325-12-l-850-w-farbe-schwarz-silber\\\/\"]}]},{\"@type\":\"ImageObject\",\"inLanguage\":\"de\",\"@id\":\"https:\\\/\\\/shop.bantam.ch\\\/de\\\/produkt\\\/wasserkocher-tristar-wk-1325-12-l-850-w-farbe-schwarz-silber\\\/#primaryimage\",\"url\":\"https:\\\/\\\/shop.bantam.ch\\\/wp-content\\\/uploads\\\/2024\\\/09\\\/Movera-L-9984906100.jpg\",\"contentUrl\":\"https:\\\/\\\/shop.bantam.ch\\\/wp-content\\\/uploads\\\/2024\\\/09\\\/Movera-L-9984906100.jpg\",\"width\":640,\"height\":640},{\"@type\":\"BreadcrumbList\",\"@id\":\"https:\\\/\\\/shop.bantam.ch\\\/de\\\/produkt\\\/wasserkocher-tristar-wk-1325-12-l-850-w-farbe-schwarz-silber\\\/#breadcrumb\",\"itemListElement\":[{\"@type\":\"ListItem\",\"position\":1,\"name\":\"Accueil\",\"item\":\"https:\\\/\\\/shop.bantam.ch\\\/de\\\/\"},{\"@type\":\"ListItem\",\"position\":2,\"name\":\"Shop\",\"item\":\"https:\\\/\\\/shop.bantam.ch\\\/de\\\/shop\\\/\"},{\"@type\":\"ListItem\",\"position\":3,\"name\":\"Wasserkocher TRISTAR WK-1325, 12 l, 850 W, Farbe schwarz \\\/ silber\"}]},{\"@type\":\"WebSite\",\"@id\":\"https:\\\/\\\/shop.bantam.ch\\\/de\\\/#website\",\"url\":\"https:\\\/\\\/shop.bantam.ch\\\/de\\\/\",\"name\":\"Bantam Camping AG\",\"description\":\"\",\"publisher\":{\"@id\":\"https:\\\/\\\/shop.bantam.ch\\\/de\\\/#organization\"},\"inLanguage\":\"de\"},{\"@type\":\"Organization\",\"@id\":\"https:\\\/\\\/shop.bantam.ch\\\/de\\\/#organization\",\"name\":\"Bantam Camping AG\",\"url\":\"https:\\\/\\\/shop.bantam.ch\\\/de\\\/\",\"logo\":{\"@type\":\"ImageObject\",\"inLanguage\":\"de\",\"@id\":\"https:\\\/\\\/shop.bantam.ch\\\/de\\\/#\\\/schema\\\/logo\\\/image\\\/\",\"url\":\"https:\\\/\\\/shop.bantam.ch\\\/wp-content\\\/uploads\\\/2022\\\/12\\\/bantam-logo.png\",\"contentUrl\":\"https:\\\/\\\/shop.bantam.ch\\\/wp-content\\\/uploads\\\/2022\\\/12\\\/bantam-logo.png\",\"width\":320,\"height\":71,\"caption\":\"Bantam Camping AG\"},\"image\":{\"@id\":\"https:\\\/\\\/shop.bantam.ch\\\/de\\\/#\\\/schema\\\/logo\\\/image\\\/\"}}]}<\/script>\n<!-- \/ Yoast SEO plugin. -->","yoast_head_json":{"title":"Wasserkocher TRISTAR WK-1325, 12 l, 850 W, Farbe schwarz \/ silber - Bantam Camping AG","robots":{"index":"index","follow":"follow","max-snippet":"max-snippet:-1","max-image-preview":"max-image-preview:large","max-video-preview":"max-video-preview:-1"},"canonical":"https:\/\/shop.bantam.ch\/de\/produkt\/wasserkocher-tristar-wk-1325-12-l-850-w-farbe-schwarz-silber\/","og_locale":"de_DE","og_type":"article","og_title":"Wasserkocher TRISTAR WK-1325, 12 l, 850 W, Farbe schwarz \/ silber - Bantam Camping AG","og_description":"Der Tristar WK-1325 Wasserkocher hat ein sehr elegantes Design und ein gro\u00dfes Fassungsverm\u00f6gen von 1,2 l. Mit 850 W Leistung eignet sich der Teekocher auch f\u00fcr den Campingeinsatz. Dank seines kompakten Designs k\u00f6nnen Sie den elektrischen Wasserkocher problemlos transportieren. &nbsp; Perfektes K\u00fcchenzubeh\u00f6r Der Tristar-Teekocher sieht mit seinem Edelstahlgeh\u00e4use nicht nur stylisch aus, sondern ist auch [&hellip;]","og_url":"https:\/\/shop.bantam.ch\/de\/produkt\/wasserkocher-tristar-wk-1325-12-l-850-w-farbe-schwarz-silber\/","og_site_name":"Bantam Camping AG","article_modified_time":"2026-04-19T21:21:30+00:00","twitter_card":"summary_large_image","twitter_misc":{"Gesch\u00e4tzte Lesezeit":"1\u00a0Minute"},"schema":{"@context":"https:\/\/schema.org","@graph":[{"@type":"WebPage","@id":"https:\/\/shop.bantam.ch\/de\/produkt\/wasserkocher-tristar-wk-1325-12-l-850-w-farbe-schwarz-silber\/","url":"https:\/\/shop.bantam.ch\/de\/produkt\/wasserkocher-tristar-wk-1325-12-l-850-w-farbe-schwarz-silber\/","name":"Wasserkocher TRISTAR WK-1325, 12 l, 850 W, Farbe schwarz \/ silber - Bantam Camping AG","isPartOf":{"@id":"https:\/\/shop.bantam.ch\/de\/#website"},"primaryImageOfPage":{"@id":"https:\/\/shop.bantam.ch\/de\/produkt\/wasserkocher-tristar-wk-1325-12-l-850-w-farbe-schwarz-silber\/#primaryimage"},"image":{"@id":"https:\/\/shop.bantam.ch\/de\/produkt\/wasserkocher-tristar-wk-1325-12-l-850-w-farbe-schwarz-silber\/#primaryimage"},"thumbnailUrl":"https:\/\/shop.bantam.ch\/wp-content\/uploads\/2024\/09\/Movera-L-9984906100.jpg","datePublished":"2024-05-15T16:20:22+00:00","dateModified":"2026-04-19T21:21:30+00:00","breadcrumb":{"@id":"https:\/\/shop.bantam.ch\/de\/produkt\/wasserkocher-tristar-wk-1325-12-l-850-w-farbe-schwarz-silber\/#breadcrumb"},"inLanguage":"de","potentialAction":[{"@type":"ReadAction","target":["https:\/\/shop.bantam.ch\/de\/produkt\/wasserkocher-tristar-wk-1325-12-l-850-w-farbe-schwarz-silber\/"]}]},{"@type":"ImageObject","inLanguage":"de","@id":"https:\/\/shop.bantam.ch\/de\/produkt\/wasserkocher-tristar-wk-1325-12-l-850-w-farbe-schwarz-silber\/#primaryimage","url":"https:\/\/shop.bantam.ch\/wp-content\/uploads\/2024\/09\/Movera-L-9984906100.jpg","contentUrl":"https:\/\/shop.bantam.ch\/wp-content\/uploads\/2024\/09\/Movera-L-9984906100.jpg","width":640,"height":640},{"@type":"BreadcrumbList","@id":"https:\/\/shop.bantam.ch\/de\/produkt\/wasserkocher-tristar-wk-1325-12-l-850-w-farbe-schwarz-silber\/#breadcrumb","itemListElement":[{"@type":"ListItem","position":1,"name":"Accueil","item":"https:\/\/shop.bantam.ch\/de\/"},{"@type":"ListItem","position":2,"name":"Shop","item":"https:\/\/shop.bantam.ch\/de\/shop\/"},{"@type":"ListItem","position":3,"name":"Wasserkocher TRISTAR WK-1325, 12 l, 850 W, Farbe schwarz \/ silber"}]},{"@type":"WebSite","@id":"https:\/\/shop.bantam.ch\/de\/#website","url":"https:\/\/shop.bantam.ch\/de\/","name":"Bantam Camping AG","description":"","publisher":{"@id":"https:\/\/shop.bantam.ch\/de\/#organization"},"inLanguage":"de"},{"@type":"Organization","@id":"https:\/\/shop.bantam.ch\/de\/#organization","name":"Bantam Camping AG","url":"https:\/\/shop.bantam.ch\/de\/","logo":{"@type":"ImageObject","inLanguage":"de","@id":"https:\/\/shop.bantam.ch\/de\/#\/schema\/logo\/image\/","url":"https:\/\/shop.bantam.ch\/wp-content\/uploads\/2022\/12\/bantam-logo.png","contentUrl":"https:\/\/shop.bantam.ch\/wp-content\/uploads\/2022\/12\/bantam-logo.png","width":320,"height":71,"caption":"Bantam Camping AG"},"image":{"@id":"https:\/\/shop.bantam.ch\/de\/#\/schema\/logo\/image\/"}}]}},"_links":{"self":[{"href":"https:\/\/shop.bantam.ch\/de\/wp-json\/wp\/v2\/product\/202098","targetHints":{"allow":["GET"]}}],"collection":[{"href":"https:\/\/shop.bantam.ch\/de\/wp-json\/wp\/v2\/product"}],"about":[{"href":"https:\/\/shop.bantam.ch\/de\/wp-json\/wp\/v2\/types\/product"}],"wp:featuredmedia":[{"embeddable":true,"href":"https:\/\/shop.bantam.ch\/de\/wp-json\/wp\/v2\/media\/207791"}],"wp:attachment":[{"href":"https:\/\/shop.bantam.ch\/de\/wp-json\/wp\/v2\/media?parent=202098"}],"wp:term":[{"taxonomy":"product_featured_cat","embeddable":true,"href":"https:\/\/shop.bantam.ch\/de\/wp-json\/wp\/v2\/product_featured_cat?post=202098"},{"taxonomy":"product_brand","embeddable":true,"href":"https:\/\/shop.bantam.ch\/de\/wp-json\/wp\/v2\/product_brand?post=202098"},{"taxonomy":"product_cat","embeddable":true,"href":"https:\/\/shop.bantam.ch\/de\/wp-json\/wp\/v2\/product_cat?post=202098"},{"taxonomy":"product_tag","embeddable":true,"href":"https:\/\/shop.bantam.ch\/de\/wp-json\/wp\/v2\/product_tag?post=202098"}],"curies":[{"name":"wp","href":"https:\/\/api.w.org\/{rel}","templated":true}]}}