{"id":202072,"date":"2024-05-15T18:19:38","date_gmt":"2024-05-15T16:19:38","guid":{"rendered":"https:\/\/shop.bantam.ch\/produit\/vorratsdosenset-prince-set-oslo\/"},"modified":"2026-04-19T01:38:06","modified_gmt":"2026-04-18T23:38:06","slug":"vorratsdosenset-prince-set-oslo","status":"publish","type":"product","link":"https:\/\/shop.bantam.ch\/de\/produkt\/vorratsdosenset-prince-set-oslo\/","title":{"rendered":"Vorratsdosenset Prince Set Oslo"},"content":{"rendered":"<p>Von klein bis gro\u00df, von Mehl, M\u00fcsli, Zucker, Tee und Kaffee bis zum passenden Keks, PRINCE hat f\u00fcr alles Platz, was luftdicht aufbewahrt werden soll. Der Deckel mit Lamellen schlie\u00dft so gut ab, dass sogar Fl\u00fcssigkeiten problemlos darin gelagert werden k\u00f6nnen und macht PRINCE zum idealen Begleiter f\u00fcr den Einkauf von unverpackten Lebensmitteln. Die Dosen kommen in klarem Material mit Sichtfenster. So sieht man gleich, was drinnen ist und muss nicht lange suchen. Die farbigen Deckel helfen zus\u00e4tzlich bei der Unterscheidung. Das Set besteht aus drei verschiedenen Gr\u00f6\u00dfen, alle Dosen sind stapelbar und miteinander kombinierbar.<\/p>\n<ul>\n<li>3er-Set<\/li>\n<li>luftdicht<\/li>\n<li>mit Sichtfenster<\/li>\n<li>stapelbar<\/li>\n<li>100% CO2-neutral<\/li>\n<\/ul>\n<p>3-teiliges Set bestehend aus:<\/p>\n<p>1x Vorratsdose, 300 ml (Durchmesser 11 cm, H\u00f6he 7,5 cm)<br \/>\n1x Vorratsdose, 750 ml (Durchmesser 11 cm, H\u00f6he 12 cm)<br \/>\n1 x Vorratsdose,1 l (Durchmesser 11 cm, H\u00f6he 20 cm)<\/p>\n","protected":false},"excerpt":{"rendered":"<p>Von klein bis gro\u00df, von Mehl, M\u00fcsli, Zucker, Tee und Kaffee bis zum passenden Keks, PRINCE hat f\u00fcr alles Platz, was luftdicht aufbewahrt werden soll. Der Deckel mit Lamellen schlie\u00dft so gut ab, dass sogar Fl\u00fcssigkeiten problemlos darin gelagert werden k\u00f6nnen und macht PRINCE zum idealen Begleiter f\u00fcr den Einkauf von unverpackten Lebensmitteln. Die Dosen [&hellip;]<\/p>\n","protected":false},"featured_media":202056,"template":"","meta":{"_acf_changed":false},"product_featured_cat":[],"product_brand":[],"product_cat":[4334],"product_tag":[],"class_list":{"0":"post-202072","1":"product","2":"type-product","3":"status-publish","4":"has-post-thumbnail","6":"product_cat-vorratsschuesseln-siebe","8":"first","9":"instock","10":"taxable","11":"shipping-taxable","12":"purchasable","13":"product-type-variable"},"acf":[],"yoast_head":"<!-- This site is optimized with the Yoast SEO plugin v27.4 - https:\/\/yoast.com\/product\/yoast-seo-wordpress\/ -->\n<title>Vorratsdosenset Prince Set Oslo - Bantam Camping AG<\/title>\n<meta name=\"robots\" content=\"index, follow, max-snippet:-1, max-image-preview:large, max-video-preview:-1\" \/>\n<link rel=\"canonical\" href=\"https:\/\/shop.bantam.ch\/de\/produkt\/vorratsdosenset-prince-set-oslo\/\" \/>\n<meta property=\"og:locale\" content=\"de_DE\" \/>\n<meta property=\"og:type\" content=\"article\" \/>\n<meta property=\"og:title\" content=\"Vorratsdosenset Prince Set Oslo - Bantam Camping AG\" \/>\n<meta property=\"og:description\" content=\"Von klein bis gro\u00df, von Mehl, M\u00fcsli, Zucker, Tee und Kaffee bis zum passenden Keks, PRINCE hat f\u00fcr alles Platz, was luftdicht aufbewahrt werden soll. Der Deckel mit Lamellen schlie\u00dft so gut ab, dass sogar Fl\u00fcssigkeiten problemlos darin gelagert werden k\u00f6nnen und macht PRINCE zum idealen Begleiter f\u00fcr den Einkauf von unverpackten Lebensmitteln. Die Dosen [&hellip;]\" \/>\n<meta property=\"og:url\" content=\"https:\/\/shop.bantam.ch\/de\/produkt\/vorratsdosenset-prince-set-oslo\/\" \/>\n<meta property=\"og:site_name\" content=\"Bantam Camping AG\" \/>\n<meta property=\"article:modified_time\" content=\"2026-04-18T23:38:06+00:00\" \/>\n<meta name=\"twitter:card\" content=\"summary_large_image\" \/>\n<meta name=\"twitter:label1\" content=\"Gesch\u00e4tzte Lesezeit\" \/>\n\t<meta name=\"twitter:data1\" content=\"1\u00a0Minute\" \/>\n<script type=\"application\/ld+json\" class=\"yoast-schema-graph\">{\"@context\":\"https:\\\/\\\/schema.org\",\"@graph\":[{\"@type\":\"WebPage\",\"@id\":\"https:\\\/\\\/shop.bantam.ch\\\/de\\\/produkt\\\/vorratsdosenset-prince-set-oslo\\\/\",\"url\":\"https:\\\/\\\/shop.bantam.ch\\\/de\\\/produkt\\\/vorratsdosenset-prince-set-oslo\\\/\",\"name\":\"Vorratsdosenset Prince Set Oslo - Bantam Camping AG\",\"isPartOf\":{\"@id\":\"https:\\\/\\\/shop.bantam.ch\\\/de\\\/#website\"},\"primaryImageOfPage\":{\"@id\":\"https:\\\/\\\/shop.bantam.ch\\\/de\\\/produkt\\\/vorratsdosenset-prince-set-oslo\\\/#primaryimage\"},\"image\":{\"@id\":\"https:\\\/\\\/shop.bantam.ch\\\/de\\\/produkt\\\/vorratsdosenset-prince-set-oslo\\\/#primaryimage\"},\"thumbnailUrl\":\"https:\\\/\\\/shop.bantam.ch\\\/wp-content\\\/uploads\\\/2024\\\/05\\\/Movera-L-9984904100.jpg\",\"datePublished\":\"2024-05-15T16:19:38+00:00\",\"dateModified\":\"2026-04-18T23:38:06+00:00\",\"breadcrumb\":{\"@id\":\"https:\\\/\\\/shop.bantam.ch\\\/de\\\/produkt\\\/vorratsdosenset-prince-set-oslo\\\/#breadcrumb\"},\"inLanguage\":\"de\",\"potentialAction\":[{\"@type\":\"ReadAction\",\"target\":[\"https:\\\/\\\/shop.bantam.ch\\\/de\\\/produkt\\\/vorratsdosenset-prince-set-oslo\\\/\"]}]},{\"@type\":\"ImageObject\",\"inLanguage\":\"de\",\"@id\":\"https:\\\/\\\/shop.bantam.ch\\\/de\\\/produkt\\\/vorratsdosenset-prince-set-oslo\\\/#primaryimage\",\"url\":\"https:\\\/\\\/shop.bantam.ch\\\/wp-content\\\/uploads\\\/2024\\\/05\\\/Movera-L-9984904100.jpg\",\"contentUrl\":\"https:\\\/\\\/shop.bantam.ch\\\/wp-content\\\/uploads\\\/2024\\\/05\\\/Movera-L-9984904100.jpg\",\"width\":640,\"height\":640},{\"@type\":\"BreadcrumbList\",\"@id\":\"https:\\\/\\\/shop.bantam.ch\\\/de\\\/produkt\\\/vorratsdosenset-prince-set-oslo\\\/#breadcrumb\",\"itemListElement\":[{\"@type\":\"ListItem\",\"position\":1,\"name\":\"Accueil\",\"item\":\"https:\\\/\\\/shop.bantam.ch\\\/de\\\/\"},{\"@type\":\"ListItem\",\"position\":2,\"name\":\"Shop\",\"item\":\"https:\\\/\\\/shop.bantam.ch\\\/de\\\/shop\\\/\"},{\"@type\":\"ListItem\",\"position\":3,\"name\":\"Vorratsdosenset Prince Set Oslo\"}]},{\"@type\":\"WebSite\",\"@id\":\"https:\\\/\\\/shop.bantam.ch\\\/de\\\/#website\",\"url\":\"https:\\\/\\\/shop.bantam.ch\\\/de\\\/\",\"name\":\"Bantam Camping AG\",\"description\":\"\",\"publisher\":{\"@id\":\"https:\\\/\\\/shop.bantam.ch\\\/de\\\/#organization\"},\"inLanguage\":\"de\"},{\"@type\":\"Organization\",\"@id\":\"https:\\\/\\\/shop.bantam.ch\\\/de\\\/#organization\",\"name\":\"Bantam Camping AG\",\"url\":\"https:\\\/\\\/shop.bantam.ch\\\/de\\\/\",\"logo\":{\"@type\":\"ImageObject\",\"inLanguage\":\"de\",\"@id\":\"https:\\\/\\\/shop.bantam.ch\\\/de\\\/#\\\/schema\\\/logo\\\/image\\\/\",\"url\":\"https:\\\/\\\/shop.bantam.ch\\\/wp-content\\\/uploads\\\/2022\\\/12\\\/bantam-logo.png\",\"contentUrl\":\"https:\\\/\\\/shop.bantam.ch\\\/wp-content\\\/uploads\\\/2022\\\/12\\\/bantam-logo.png\",\"width\":320,\"height\":71,\"caption\":\"Bantam Camping AG\"},\"image\":{\"@id\":\"https:\\\/\\\/shop.bantam.ch\\\/de\\\/#\\\/schema\\\/logo\\\/image\\\/\"}}]}<\/script>\n<!-- \/ Yoast SEO plugin. -->","yoast_head_json":{"title":"Vorratsdosenset Prince Set Oslo - Bantam Camping AG","robots":{"index":"index","follow":"follow","max-snippet":"max-snippet:-1","max-image-preview":"max-image-preview:large","max-video-preview":"max-video-preview:-1"},"canonical":"https:\/\/shop.bantam.ch\/de\/produkt\/vorratsdosenset-prince-set-oslo\/","og_locale":"de_DE","og_type":"article","og_title":"Vorratsdosenset Prince Set Oslo - Bantam Camping AG","og_description":"Von klein bis gro\u00df, von Mehl, M\u00fcsli, Zucker, Tee und Kaffee bis zum passenden Keks, PRINCE hat f\u00fcr alles Platz, was luftdicht aufbewahrt werden soll. Der Deckel mit Lamellen schlie\u00dft so gut ab, dass sogar Fl\u00fcssigkeiten problemlos darin gelagert werden k\u00f6nnen und macht PRINCE zum idealen Begleiter f\u00fcr den Einkauf von unverpackten Lebensmitteln. Die Dosen [&hellip;]","og_url":"https:\/\/shop.bantam.ch\/de\/produkt\/vorratsdosenset-prince-set-oslo\/","og_site_name":"Bantam Camping AG","article_modified_time":"2026-04-18T23:38:06+00:00","twitter_card":"summary_large_image","twitter_misc":{"Gesch\u00e4tzte Lesezeit":"1\u00a0Minute"},"schema":{"@context":"https:\/\/schema.org","@graph":[{"@type":"WebPage","@id":"https:\/\/shop.bantam.ch\/de\/produkt\/vorratsdosenset-prince-set-oslo\/","url":"https:\/\/shop.bantam.ch\/de\/produkt\/vorratsdosenset-prince-set-oslo\/","name":"Vorratsdosenset Prince Set Oslo - Bantam Camping AG","isPartOf":{"@id":"https:\/\/shop.bantam.ch\/de\/#website"},"primaryImageOfPage":{"@id":"https:\/\/shop.bantam.ch\/de\/produkt\/vorratsdosenset-prince-set-oslo\/#primaryimage"},"image":{"@id":"https:\/\/shop.bantam.ch\/de\/produkt\/vorratsdosenset-prince-set-oslo\/#primaryimage"},"thumbnailUrl":"https:\/\/shop.bantam.ch\/wp-content\/uploads\/2024\/05\/Movera-L-9984904100.jpg","datePublished":"2024-05-15T16:19:38+00:00","dateModified":"2026-04-18T23:38:06+00:00","breadcrumb":{"@id":"https:\/\/shop.bantam.ch\/de\/produkt\/vorratsdosenset-prince-set-oslo\/#breadcrumb"},"inLanguage":"de","potentialAction":[{"@type":"ReadAction","target":["https:\/\/shop.bantam.ch\/de\/produkt\/vorratsdosenset-prince-set-oslo\/"]}]},{"@type":"ImageObject","inLanguage":"de","@id":"https:\/\/shop.bantam.ch\/de\/produkt\/vorratsdosenset-prince-set-oslo\/#primaryimage","url":"https:\/\/shop.bantam.ch\/wp-content\/uploads\/2024\/05\/Movera-L-9984904100.jpg","contentUrl":"https:\/\/shop.bantam.ch\/wp-content\/uploads\/2024\/05\/Movera-L-9984904100.jpg","width":640,"height":640},{"@type":"BreadcrumbList","@id":"https:\/\/shop.bantam.ch\/de\/produkt\/vorratsdosenset-prince-set-oslo\/#breadcrumb","itemListElement":[{"@type":"ListItem","position":1,"name":"Accueil","item":"https:\/\/shop.bantam.ch\/de\/"},{"@type":"ListItem","position":2,"name":"Shop","item":"https:\/\/shop.bantam.ch\/de\/shop\/"},{"@type":"ListItem","position":3,"name":"Vorratsdosenset Prince Set Oslo"}]},{"@type":"WebSite","@id":"https:\/\/shop.bantam.ch\/de\/#website","url":"https:\/\/shop.bantam.ch\/de\/","name":"Bantam Camping AG","description":"","publisher":{"@id":"https:\/\/shop.bantam.ch\/de\/#organization"},"inLanguage":"de"},{"@type":"Organization","@id":"https:\/\/shop.bantam.ch\/de\/#organization","name":"Bantam Camping AG","url":"https:\/\/shop.bantam.ch\/de\/","logo":{"@type":"ImageObject","inLanguage":"de","@id":"https:\/\/shop.bantam.ch\/de\/#\/schema\/logo\/image\/","url":"https:\/\/shop.bantam.ch\/wp-content\/uploads\/2022\/12\/bantam-logo.png","contentUrl":"https:\/\/shop.bantam.ch\/wp-content\/uploads\/2022\/12\/bantam-logo.png","width":320,"height":71,"caption":"Bantam Camping AG"},"image":{"@id":"https:\/\/shop.bantam.ch\/de\/#\/schema\/logo\/image\/"}}]}},"_links":{"self":[{"href":"https:\/\/shop.bantam.ch\/de\/wp-json\/wp\/v2\/product\/202072","targetHints":{"allow":["GET"]}}],"collection":[{"href":"https:\/\/shop.bantam.ch\/de\/wp-json\/wp\/v2\/product"}],"about":[{"href":"https:\/\/shop.bantam.ch\/de\/wp-json\/wp\/v2\/types\/product"}],"wp:featuredmedia":[{"embeddable":true,"href":"https:\/\/shop.bantam.ch\/de\/wp-json\/wp\/v2\/media\/202056"}],"wp:attachment":[{"href":"https:\/\/shop.bantam.ch\/de\/wp-json\/wp\/v2\/media?parent=202072"}],"wp:term":[{"taxonomy":"product_featured_cat","embeddable":true,"href":"https:\/\/shop.bantam.ch\/de\/wp-json\/wp\/v2\/product_featured_cat?post=202072"},{"taxonomy":"product_brand","embeddable":true,"href":"https:\/\/shop.bantam.ch\/de\/wp-json\/wp\/v2\/product_brand?post=202072"},{"taxonomy":"product_cat","embeddable":true,"href":"https:\/\/shop.bantam.ch\/de\/wp-json\/wp\/v2\/product_cat?post=202072"},{"taxonomy":"product_tag","embeddable":true,"href":"https:\/\/shop.bantam.ch\/de\/wp-json\/wp\/v2\/product_tag?post=202072"}],"curies":[{"name":"wp","href":"https:\/\/api.w.org\/{rel}","templated":true}]}}