{"id":202014,"date":"2024-05-15T18:18:19","date_gmt":"2024-05-15T16:18:19","guid":{"rendered":"https:\/\/shop.bantam.ch\/produit\/besteck-set-klikk-3-tlg-2\/"},"modified":"2026-04-18T01:35:50","modified_gmt":"2026-04-17T23:35:50","slug":"besteck-set-klikk-3-tlg-2","status":"publish","type":"product","link":"https:\/\/shop.bantam.ch\/de\/produkt\/besteck-set-klikk-3-tlg-2\/","title":{"rendered":"Besteck-Set KLIKK 3-tlg."},"content":{"rendered":"<p>Messer, Gabel, L\u00f6ffel &#8211; fertig. Endlich gibt es ein vern\u00fcnftiges To-go-Besteck ohne Schnickschnack und in passabler Gr\u00f6\u00dfe. Nie wieder das Essen zum Mund balancieren! Alle Teile lassen sich ohne gro\u00dfes R\u00e4tselraten ineinanderstecken und auch wieder auseinander nehmen. Zum L\u00f6sen einfach das Messer an der Spitze anheben und nach unten herausziehen. Alle Besteckteile liegen gut in der Hand und passen mit ihrem Leichtgewicht wirklich in jede Tasche. Der in London lebende Designer Cairn Young ist seit Jahren fasziniert von der hohen japanischen Kunst der Holzverbindung und hat daraus eine wahre Obsession entwickelt, selbst Dinge in \u00e4sthetischer und intelligenter Art und Weise ineinander zu schachteln und zusammenzuf\u00fcgen. Es ist ein Spiel mit Geometrie, Symmetrie und Humor, an dessen Ende immer ein verbl\u00fcffendes Produkt steht.<\/p>\n<ul>\n<li>formsch\u00f6nes Besteck<\/li>\n<li>kompakt zusammensteckbar<\/li>\n<li>perfekte Gr\u00f6\u00dfe<\/li>\n<li>robust<\/li>\n<li>sp\u00fclmaschinengeeignet<\/li>\n<li>ideal f\u00fcr Outdoor &amp; Picknick<\/li>\n<li>100% CO2-neutral<\/li>\n<\/ul>\n<p>3-teiliges Set bestehend aus:<\/p>\n<p>&#8211; 1 x Gabel<\/p>\n<p>&#8211; 1 x Messer<\/p>\n<p>&#8211; 1 x L\u00f6ffel<\/p>\n","protected":false},"excerpt":{"rendered":"<p>Messer, Gabel, L\u00f6ffel &#8211; fertig. Endlich gibt es ein vern\u00fcnftiges To-go-Besteck ohne Schnickschnack und in passabler Gr\u00f6\u00dfe. Nie wieder das Essen zum Mund balancieren! Alle Teile lassen sich ohne gro\u00dfes R\u00e4tselraten ineinanderstecken und auch wieder auseinander nehmen. Zum L\u00f6sen einfach das Messer an der Spitze anheben und nach unten herausziehen. Alle Besteckteile liegen gut in [&hellip;]<\/p>\n","protected":false},"featured_media":201992,"template":"","meta":{"_acf_changed":false},"product_featured_cat":[],"product_brand":[],"product_cat":[3990],"product_tag":[],"class_list":{"0":"post-202014","1":"product","2":"type-product","3":"status-publish","4":"has-post-thumbnail","6":"product_cat-besteck","8":"first","9":"instock","10":"taxable","11":"shipping-taxable","12":"purchasable","13":"product-type-variable"},"acf":[],"yoast_head":"<!-- This site is optimized with the Yoast SEO plugin v27.4 - https:\/\/yoast.com\/product\/yoast-seo-wordpress\/ -->\n<title>Besteck-Set KLIKK 3-tlg. - Bantam Camping AG<\/title>\n<meta name=\"robots\" content=\"index, follow, max-snippet:-1, max-image-preview:large, max-video-preview:-1\" \/>\n<link rel=\"canonical\" href=\"https:\/\/shop.bantam.ch\/de\/produkt\/besteck-set-klikk-3-tlg-2\/\" \/>\n<meta property=\"og:locale\" content=\"de_DE\" \/>\n<meta property=\"og:type\" content=\"article\" \/>\n<meta property=\"og:title\" content=\"Besteck-Set KLIKK 3-tlg. - Bantam Camping AG\" \/>\n<meta property=\"og:description\" content=\"Messer, Gabel, L\u00f6ffel &#8211; fertig. Endlich gibt es ein vern\u00fcnftiges To-go-Besteck ohne Schnickschnack und in passabler Gr\u00f6\u00dfe. Nie wieder das Essen zum Mund balancieren! Alle Teile lassen sich ohne gro\u00dfes R\u00e4tselraten ineinanderstecken und auch wieder auseinander nehmen. Zum L\u00f6sen einfach das Messer an der Spitze anheben und nach unten herausziehen. Alle Besteckteile liegen gut in [&hellip;]\" \/>\n<meta property=\"og:url\" content=\"https:\/\/shop.bantam.ch\/de\/produkt\/besteck-set-klikk-3-tlg-2\/\" \/>\n<meta property=\"og:site_name\" content=\"Bantam Camping AG\" \/>\n<meta property=\"article:modified_time\" content=\"2026-04-17T23:35:50+00:00\" \/>\n<meta name=\"twitter:card\" content=\"summary_large_image\" \/>\n<meta name=\"twitter:label1\" content=\"Gesch\u00e4tzte Lesezeit\" \/>\n\t<meta name=\"twitter:data1\" content=\"1\u00a0Minute\" \/>\n<script type=\"application\/ld+json\" class=\"yoast-schema-graph\">{\"@context\":\"https:\\\/\\\/schema.org\",\"@graph\":[{\"@type\":\"WebPage\",\"@id\":\"https:\\\/\\\/shop.bantam.ch\\\/de\\\/produkt\\\/besteck-set-klikk-3-tlg-2\\\/\",\"url\":\"https:\\\/\\\/shop.bantam.ch\\\/de\\\/produkt\\\/besteck-set-klikk-3-tlg-2\\\/\",\"name\":\"Besteck-Set KLIKK 3-tlg. - Bantam Camping AG\",\"isPartOf\":{\"@id\":\"https:\\\/\\\/shop.bantam.ch\\\/de\\\/#website\"},\"primaryImageOfPage\":{\"@id\":\"https:\\\/\\\/shop.bantam.ch\\\/de\\\/produkt\\\/besteck-set-klikk-3-tlg-2\\\/#primaryimage\"},\"image\":{\"@id\":\"https:\\\/\\\/shop.bantam.ch\\\/de\\\/produkt\\\/besteck-set-klikk-3-tlg-2\\\/#primaryimage\"},\"thumbnailUrl\":\"https:\\\/\\\/shop.bantam.ch\\\/wp-content\\\/uploads\\\/2024\\\/05\\\/Movera-L-9984888100.jpg\",\"datePublished\":\"2024-05-15T16:18:19+00:00\",\"dateModified\":\"2026-04-17T23:35:50+00:00\",\"breadcrumb\":{\"@id\":\"https:\\\/\\\/shop.bantam.ch\\\/de\\\/produkt\\\/besteck-set-klikk-3-tlg-2\\\/#breadcrumb\"},\"inLanguage\":\"de\",\"potentialAction\":[{\"@type\":\"ReadAction\",\"target\":[\"https:\\\/\\\/shop.bantam.ch\\\/de\\\/produkt\\\/besteck-set-klikk-3-tlg-2\\\/\"]}]},{\"@type\":\"ImageObject\",\"inLanguage\":\"de\",\"@id\":\"https:\\\/\\\/shop.bantam.ch\\\/de\\\/produkt\\\/besteck-set-klikk-3-tlg-2\\\/#primaryimage\",\"url\":\"https:\\\/\\\/shop.bantam.ch\\\/wp-content\\\/uploads\\\/2024\\\/05\\\/Movera-L-9984888100.jpg\",\"contentUrl\":\"https:\\\/\\\/shop.bantam.ch\\\/wp-content\\\/uploads\\\/2024\\\/05\\\/Movera-L-9984888100.jpg\",\"width\":640,\"height\":640},{\"@type\":\"BreadcrumbList\",\"@id\":\"https:\\\/\\\/shop.bantam.ch\\\/de\\\/produkt\\\/besteck-set-klikk-3-tlg-2\\\/#breadcrumb\",\"itemListElement\":[{\"@type\":\"ListItem\",\"position\":1,\"name\":\"Accueil\",\"item\":\"https:\\\/\\\/shop.bantam.ch\\\/de\\\/\"},{\"@type\":\"ListItem\",\"position\":2,\"name\":\"Shop\",\"item\":\"https:\\\/\\\/shop.bantam.ch\\\/de\\\/shop\\\/\"},{\"@type\":\"ListItem\",\"position\":3,\"name\":\"Besteck-Set KLIKK 3-tlg.\"}]},{\"@type\":\"WebSite\",\"@id\":\"https:\\\/\\\/shop.bantam.ch\\\/de\\\/#website\",\"url\":\"https:\\\/\\\/shop.bantam.ch\\\/de\\\/\",\"name\":\"Bantam Camping AG\",\"description\":\"\",\"publisher\":{\"@id\":\"https:\\\/\\\/shop.bantam.ch\\\/de\\\/#organization\"},\"inLanguage\":\"de\"},{\"@type\":\"Organization\",\"@id\":\"https:\\\/\\\/shop.bantam.ch\\\/de\\\/#organization\",\"name\":\"Bantam Camping AG\",\"url\":\"https:\\\/\\\/shop.bantam.ch\\\/de\\\/\",\"logo\":{\"@type\":\"ImageObject\",\"inLanguage\":\"de\",\"@id\":\"https:\\\/\\\/shop.bantam.ch\\\/de\\\/#\\\/schema\\\/logo\\\/image\\\/\",\"url\":\"https:\\\/\\\/shop.bantam.ch\\\/wp-content\\\/uploads\\\/2022\\\/12\\\/bantam-logo.png\",\"contentUrl\":\"https:\\\/\\\/shop.bantam.ch\\\/wp-content\\\/uploads\\\/2022\\\/12\\\/bantam-logo.png\",\"width\":320,\"height\":71,\"caption\":\"Bantam Camping AG\"},\"image\":{\"@id\":\"https:\\\/\\\/shop.bantam.ch\\\/de\\\/#\\\/schema\\\/logo\\\/image\\\/\"}}]}<\/script>\n<!-- \/ Yoast SEO plugin. -->","yoast_head_json":{"title":"Besteck-Set KLIKK 3-tlg. - Bantam Camping AG","robots":{"index":"index","follow":"follow","max-snippet":"max-snippet:-1","max-image-preview":"max-image-preview:large","max-video-preview":"max-video-preview:-1"},"canonical":"https:\/\/shop.bantam.ch\/de\/produkt\/besteck-set-klikk-3-tlg-2\/","og_locale":"de_DE","og_type":"article","og_title":"Besteck-Set KLIKK 3-tlg. - Bantam Camping AG","og_description":"Messer, Gabel, L\u00f6ffel &#8211; fertig. Endlich gibt es ein vern\u00fcnftiges To-go-Besteck ohne Schnickschnack und in passabler Gr\u00f6\u00dfe. Nie wieder das Essen zum Mund balancieren! Alle Teile lassen sich ohne gro\u00dfes R\u00e4tselraten ineinanderstecken und auch wieder auseinander nehmen. Zum L\u00f6sen einfach das Messer an der Spitze anheben und nach unten herausziehen. Alle Besteckteile liegen gut in [&hellip;]","og_url":"https:\/\/shop.bantam.ch\/de\/produkt\/besteck-set-klikk-3-tlg-2\/","og_site_name":"Bantam Camping AG","article_modified_time":"2026-04-17T23:35:50+00:00","twitter_card":"summary_large_image","twitter_misc":{"Gesch\u00e4tzte Lesezeit":"1\u00a0Minute"},"schema":{"@context":"https:\/\/schema.org","@graph":[{"@type":"WebPage","@id":"https:\/\/shop.bantam.ch\/de\/produkt\/besteck-set-klikk-3-tlg-2\/","url":"https:\/\/shop.bantam.ch\/de\/produkt\/besteck-set-klikk-3-tlg-2\/","name":"Besteck-Set KLIKK 3-tlg. - Bantam Camping AG","isPartOf":{"@id":"https:\/\/shop.bantam.ch\/de\/#website"},"primaryImageOfPage":{"@id":"https:\/\/shop.bantam.ch\/de\/produkt\/besteck-set-klikk-3-tlg-2\/#primaryimage"},"image":{"@id":"https:\/\/shop.bantam.ch\/de\/produkt\/besteck-set-klikk-3-tlg-2\/#primaryimage"},"thumbnailUrl":"https:\/\/shop.bantam.ch\/wp-content\/uploads\/2024\/05\/Movera-L-9984888100.jpg","datePublished":"2024-05-15T16:18:19+00:00","dateModified":"2026-04-17T23:35:50+00:00","breadcrumb":{"@id":"https:\/\/shop.bantam.ch\/de\/produkt\/besteck-set-klikk-3-tlg-2\/#breadcrumb"},"inLanguage":"de","potentialAction":[{"@type":"ReadAction","target":["https:\/\/shop.bantam.ch\/de\/produkt\/besteck-set-klikk-3-tlg-2\/"]}]},{"@type":"ImageObject","inLanguage":"de","@id":"https:\/\/shop.bantam.ch\/de\/produkt\/besteck-set-klikk-3-tlg-2\/#primaryimage","url":"https:\/\/shop.bantam.ch\/wp-content\/uploads\/2024\/05\/Movera-L-9984888100.jpg","contentUrl":"https:\/\/shop.bantam.ch\/wp-content\/uploads\/2024\/05\/Movera-L-9984888100.jpg","width":640,"height":640},{"@type":"BreadcrumbList","@id":"https:\/\/shop.bantam.ch\/de\/produkt\/besteck-set-klikk-3-tlg-2\/#breadcrumb","itemListElement":[{"@type":"ListItem","position":1,"name":"Accueil","item":"https:\/\/shop.bantam.ch\/de\/"},{"@type":"ListItem","position":2,"name":"Shop","item":"https:\/\/shop.bantam.ch\/de\/shop\/"},{"@type":"ListItem","position":3,"name":"Besteck-Set KLIKK 3-tlg."}]},{"@type":"WebSite","@id":"https:\/\/shop.bantam.ch\/de\/#website","url":"https:\/\/shop.bantam.ch\/de\/","name":"Bantam Camping AG","description":"","publisher":{"@id":"https:\/\/shop.bantam.ch\/de\/#organization"},"inLanguage":"de"},{"@type":"Organization","@id":"https:\/\/shop.bantam.ch\/de\/#organization","name":"Bantam Camping AG","url":"https:\/\/shop.bantam.ch\/de\/","logo":{"@type":"ImageObject","inLanguage":"de","@id":"https:\/\/shop.bantam.ch\/de\/#\/schema\/logo\/image\/","url":"https:\/\/shop.bantam.ch\/wp-content\/uploads\/2022\/12\/bantam-logo.png","contentUrl":"https:\/\/shop.bantam.ch\/wp-content\/uploads\/2022\/12\/bantam-logo.png","width":320,"height":71,"caption":"Bantam Camping AG"},"image":{"@id":"https:\/\/shop.bantam.ch\/de\/#\/schema\/logo\/image\/"}}]}},"_links":{"self":[{"href":"https:\/\/shop.bantam.ch\/de\/wp-json\/wp\/v2\/product\/202014","targetHints":{"allow":["GET"]}}],"collection":[{"href":"https:\/\/shop.bantam.ch\/de\/wp-json\/wp\/v2\/product"}],"about":[{"href":"https:\/\/shop.bantam.ch\/de\/wp-json\/wp\/v2\/types\/product"}],"wp:featuredmedia":[{"embeddable":true,"href":"https:\/\/shop.bantam.ch\/de\/wp-json\/wp\/v2\/media\/201992"}],"wp:attachment":[{"href":"https:\/\/shop.bantam.ch\/de\/wp-json\/wp\/v2\/media?parent=202014"}],"wp:term":[{"taxonomy":"product_featured_cat","embeddable":true,"href":"https:\/\/shop.bantam.ch\/de\/wp-json\/wp\/v2\/product_featured_cat?post=202014"},{"taxonomy":"product_brand","embeddable":true,"href":"https:\/\/shop.bantam.ch\/de\/wp-json\/wp\/v2\/product_brand?post=202014"},{"taxonomy":"product_cat","embeddable":true,"href":"https:\/\/shop.bantam.ch\/de\/wp-json\/wp\/v2\/product_cat?post=202014"},{"taxonomy":"product_tag","embeddable":true,"href":"https:\/\/shop.bantam.ch\/de\/wp-json\/wp\/v2\/product_tag?post=202014"}],"curies":[{"name":"wp","href":"https:\/\/api.w.org\/{rel}","templated":true}]}}