{"id":201982,"date":"2024-05-15T18:17:51","date_gmt":"2024-05-15T16:17:51","guid":{"rendered":"https:\/\/shop.bantam.ch\/produit\/topfset-carezza-brunner-magnetogrip-71\/"},"modified":"2026-04-18T23:18:45","modified_gmt":"2026-04-18T21:18:45","slug":"topfset-carezza-brunner-magnetogrip-71","status":"publish","type":"product","link":"https:\/\/shop.bantam.ch\/de\/produkt\/topfset-carezza-brunner-magnetogrip-71\/","title":{"rendered":"Topfset Carezza BRUNNER Magnetogrip 7+1"},"content":{"rendered":"<p>Hochwertige Kochgeschirrsetkollektion mit induktionsf\u00e4higem Boden und kratzfester Keramik-Antihaftbeschichtung. Ausgestattet mit den revolution\u00e4ren Vacublock und Magnetogrip Systemen. Alle T\u00f6pfe und Pfannen sind platzsparend ineinander stapelbar. Neu entwickeltes Griff- und Verbindungssystem, das durch die Verwendung von abklappbaren Griffen mit integriertem Magnetelement eine deutliche Verringerung des Packma\u00dfes der Topfsets erm\u00f6glicht und zudem die Verwendung eines Zurrgurtes zur Stabilisierung von Topf und Pfanne w\u00e4hrend des Transportes unn\u00f6tig macht.<\/p>\n<p>&nbsp;<\/p>\n<p>Kratzfeste Keramik-Antihaftbeschichtung. Ausgestattet mit den revolution\u00e4ren Vacublock und Magnetogrip Systemen. T\u00f6pfe (\u00d8 22,18, 20 cm) und Pfannen (\u00d8 22 cm) platzsparend ineinander stapelbar. Abklappbare Griffe mit integriertem Magnetelement und Zurrgurt.<\/p>\n<p>&nbsp;<\/p>\n<p>Set bestehend aus:<br \/>\nje 1 Topf<br \/>\n&nbsp;&nbsp; &nbsp;\u00d8 22 cm &#8211; H 14,5 cm<br \/>\n&nbsp;&nbsp; &nbsp;\u00d8 18 cm &#8211; H 8 cm<br \/>\n&nbsp;&nbsp; &nbsp;\u00d8 20 cm &#8211; H 5 cm<br \/>\n1 Pfanne \u00d8 22 cm &#8211; H 5 cm<br \/>\n1 Universalgriff<br \/>\n1 Deckel, passend f\u00fcr \u00d8 22 \/ 20 \/ 18 cm<br \/>\n1 Deckel \u00d8 22 cm<\/p>\n","protected":false},"excerpt":{"rendered":"<p>Hochwertige Kochgeschirrsetkollektion mit induktionsf\u00e4higem Boden und kratzfester Keramik-Antihaftbeschichtung. Ausgestattet mit den revolution\u00e4ren Vacublock und Magnetogrip Systemen. Alle T\u00f6pfe und Pfannen sind platzsparend ineinander stapelbar. Neu entwickeltes Griff- und Verbindungssystem, das durch die Verwendung von abklappbaren Griffen mit integriertem Magnetelement eine deutliche Verringerung des Packma\u00dfes der Topfsets erm\u00f6glicht und zudem die Verwendung eines Zurrgurtes zur Stabilisierung [&hellip;]<\/p>\n","protected":false},"featured_media":207765,"template":"","meta":{"_acf_changed":false},"product_featured_cat":[],"product_brand":[],"product_cat":[3992],"product_tag":[],"class_list":{"0":"post-201982","1":"product","2":"type-product","3":"status-publish","4":"has-post-thumbnail","6":"product_cat-kochgeschirr-sets","8":"first","9":"instock","10":"taxable","11":"shipping-taxable","12":"purchasable","13":"product-type-simple"},"acf":[],"yoast_head":"<!-- This site is optimized with the Yoast SEO plugin v27.4 - https:\/\/yoast.com\/product\/yoast-seo-wordpress\/ -->\n<title>Topfset Carezza BRUNNER Magnetogrip 7+1 - Bantam Camping AG<\/title>\n<meta name=\"robots\" content=\"index, follow, max-snippet:-1, max-image-preview:large, max-video-preview:-1\" \/>\n<link rel=\"canonical\" href=\"https:\/\/shop.bantam.ch\/de\/produkt\/topfset-carezza-brunner-magnetogrip-71\/\" \/>\n<meta property=\"og:locale\" content=\"de_DE\" \/>\n<meta property=\"og:type\" content=\"article\" \/>\n<meta property=\"og:title\" content=\"Topfset Carezza BRUNNER Magnetogrip 7+1 - Bantam Camping AG\" \/>\n<meta property=\"og:description\" content=\"Hochwertige Kochgeschirrsetkollektion mit induktionsf\u00e4higem Boden und kratzfester Keramik-Antihaftbeschichtung. Ausgestattet mit den revolution\u00e4ren Vacublock und Magnetogrip Systemen. Alle T\u00f6pfe und Pfannen sind platzsparend ineinander stapelbar. Neu entwickeltes Griff- und Verbindungssystem, das durch die Verwendung von abklappbaren Griffen mit integriertem Magnetelement eine deutliche Verringerung des Packma\u00dfes der Topfsets erm\u00f6glicht und zudem die Verwendung eines Zurrgurtes zur Stabilisierung [&hellip;]\" \/>\n<meta property=\"og:url\" content=\"https:\/\/shop.bantam.ch\/de\/produkt\/topfset-carezza-brunner-magnetogrip-71\/\" \/>\n<meta property=\"og:site_name\" content=\"Bantam Camping AG\" \/>\n<meta property=\"article:modified_time\" content=\"2026-04-18T21:18:45+00:00\" \/>\n<meta name=\"twitter:card\" content=\"summary_large_image\" \/>\n<meta name=\"twitter:label1\" content=\"Gesch\u00e4tzte Lesezeit\" \/>\n\t<meta name=\"twitter:data1\" content=\"1\u00a0Minute\" \/>\n<script type=\"application\/ld+json\" class=\"yoast-schema-graph\">{\"@context\":\"https:\\\/\\\/schema.org\",\"@graph\":[{\"@type\":\"WebPage\",\"@id\":\"https:\\\/\\\/shop.bantam.ch\\\/de\\\/produkt\\\/topfset-carezza-brunner-magnetogrip-71\\\/\",\"url\":\"https:\\\/\\\/shop.bantam.ch\\\/de\\\/produkt\\\/topfset-carezza-brunner-magnetogrip-71\\\/\",\"name\":\"Topfset Carezza BRUNNER Magnetogrip 7+1 - Bantam Camping AG\",\"isPartOf\":{\"@id\":\"https:\\\/\\\/shop.bantam.ch\\\/de\\\/#website\"},\"primaryImageOfPage\":{\"@id\":\"https:\\\/\\\/shop.bantam.ch\\\/de\\\/produkt\\\/topfset-carezza-brunner-magnetogrip-71\\\/#primaryimage\"},\"image\":{\"@id\":\"https:\\\/\\\/shop.bantam.ch\\\/de\\\/produkt\\\/topfset-carezza-brunner-magnetogrip-71\\\/#primaryimage\"},\"thumbnailUrl\":\"https:\\\/\\\/shop.bantam.ch\\\/wp-content\\\/uploads\\\/2024\\\/09\\\/Movera-L-9984811100.jpg\",\"datePublished\":\"2024-05-15T16:17:51+00:00\",\"dateModified\":\"2026-04-18T21:18:45+00:00\",\"breadcrumb\":{\"@id\":\"https:\\\/\\\/shop.bantam.ch\\\/de\\\/produkt\\\/topfset-carezza-brunner-magnetogrip-71\\\/#breadcrumb\"},\"inLanguage\":\"de\",\"potentialAction\":[{\"@type\":\"ReadAction\",\"target\":[\"https:\\\/\\\/shop.bantam.ch\\\/de\\\/produkt\\\/topfset-carezza-brunner-magnetogrip-71\\\/\"]}]},{\"@type\":\"ImageObject\",\"inLanguage\":\"de\",\"@id\":\"https:\\\/\\\/shop.bantam.ch\\\/de\\\/produkt\\\/topfset-carezza-brunner-magnetogrip-71\\\/#primaryimage\",\"url\":\"https:\\\/\\\/shop.bantam.ch\\\/wp-content\\\/uploads\\\/2024\\\/09\\\/Movera-L-9984811100.jpg\",\"contentUrl\":\"https:\\\/\\\/shop.bantam.ch\\\/wp-content\\\/uploads\\\/2024\\\/09\\\/Movera-L-9984811100.jpg\",\"width\":640,\"height\":640},{\"@type\":\"BreadcrumbList\",\"@id\":\"https:\\\/\\\/shop.bantam.ch\\\/de\\\/produkt\\\/topfset-carezza-brunner-magnetogrip-71\\\/#breadcrumb\",\"itemListElement\":[{\"@type\":\"ListItem\",\"position\":1,\"name\":\"Accueil\",\"item\":\"https:\\\/\\\/shop.bantam.ch\\\/de\\\/\"},{\"@type\":\"ListItem\",\"position\":2,\"name\":\"Shop\",\"item\":\"https:\\\/\\\/shop.bantam.ch\\\/de\\\/shop\\\/\"},{\"@type\":\"ListItem\",\"position\":3,\"name\":\"Topfset Carezza BRUNNER Magnetogrip 7+1\"}]},{\"@type\":\"WebSite\",\"@id\":\"https:\\\/\\\/shop.bantam.ch\\\/de\\\/#website\",\"url\":\"https:\\\/\\\/shop.bantam.ch\\\/de\\\/\",\"name\":\"Bantam Camping AG\",\"description\":\"\",\"publisher\":{\"@id\":\"https:\\\/\\\/shop.bantam.ch\\\/de\\\/#organization\"},\"inLanguage\":\"de\"},{\"@type\":\"Organization\",\"@id\":\"https:\\\/\\\/shop.bantam.ch\\\/de\\\/#organization\",\"name\":\"Bantam Camping AG\",\"url\":\"https:\\\/\\\/shop.bantam.ch\\\/de\\\/\",\"logo\":{\"@type\":\"ImageObject\",\"inLanguage\":\"de\",\"@id\":\"https:\\\/\\\/shop.bantam.ch\\\/de\\\/#\\\/schema\\\/logo\\\/image\\\/\",\"url\":\"https:\\\/\\\/shop.bantam.ch\\\/wp-content\\\/uploads\\\/2022\\\/12\\\/bantam-logo.png\",\"contentUrl\":\"https:\\\/\\\/shop.bantam.ch\\\/wp-content\\\/uploads\\\/2022\\\/12\\\/bantam-logo.png\",\"width\":320,\"height\":71,\"caption\":\"Bantam Camping AG\"},\"image\":{\"@id\":\"https:\\\/\\\/shop.bantam.ch\\\/de\\\/#\\\/schema\\\/logo\\\/image\\\/\"}}]}<\/script>\n<!-- \/ Yoast SEO plugin. -->","yoast_head_json":{"title":"Topfset Carezza BRUNNER Magnetogrip 7+1 - Bantam Camping AG","robots":{"index":"index","follow":"follow","max-snippet":"max-snippet:-1","max-image-preview":"max-image-preview:large","max-video-preview":"max-video-preview:-1"},"canonical":"https:\/\/shop.bantam.ch\/de\/produkt\/topfset-carezza-brunner-magnetogrip-71\/","og_locale":"de_DE","og_type":"article","og_title":"Topfset Carezza BRUNNER Magnetogrip 7+1 - Bantam Camping AG","og_description":"Hochwertige Kochgeschirrsetkollektion mit induktionsf\u00e4higem Boden und kratzfester Keramik-Antihaftbeschichtung. Ausgestattet mit den revolution\u00e4ren Vacublock und Magnetogrip Systemen. Alle T\u00f6pfe und Pfannen sind platzsparend ineinander stapelbar. Neu entwickeltes Griff- und Verbindungssystem, das durch die Verwendung von abklappbaren Griffen mit integriertem Magnetelement eine deutliche Verringerung des Packma\u00dfes der Topfsets erm\u00f6glicht und zudem die Verwendung eines Zurrgurtes zur Stabilisierung [&hellip;]","og_url":"https:\/\/shop.bantam.ch\/de\/produkt\/topfset-carezza-brunner-magnetogrip-71\/","og_site_name":"Bantam Camping AG","article_modified_time":"2026-04-18T21:18:45+00:00","twitter_card":"summary_large_image","twitter_misc":{"Gesch\u00e4tzte Lesezeit":"1\u00a0Minute"},"schema":{"@context":"https:\/\/schema.org","@graph":[{"@type":"WebPage","@id":"https:\/\/shop.bantam.ch\/de\/produkt\/topfset-carezza-brunner-magnetogrip-71\/","url":"https:\/\/shop.bantam.ch\/de\/produkt\/topfset-carezza-brunner-magnetogrip-71\/","name":"Topfset Carezza BRUNNER Magnetogrip 7+1 - Bantam Camping AG","isPartOf":{"@id":"https:\/\/shop.bantam.ch\/de\/#website"},"primaryImageOfPage":{"@id":"https:\/\/shop.bantam.ch\/de\/produkt\/topfset-carezza-brunner-magnetogrip-71\/#primaryimage"},"image":{"@id":"https:\/\/shop.bantam.ch\/de\/produkt\/topfset-carezza-brunner-magnetogrip-71\/#primaryimage"},"thumbnailUrl":"https:\/\/shop.bantam.ch\/wp-content\/uploads\/2024\/09\/Movera-L-9984811100.jpg","datePublished":"2024-05-15T16:17:51+00:00","dateModified":"2026-04-18T21:18:45+00:00","breadcrumb":{"@id":"https:\/\/shop.bantam.ch\/de\/produkt\/topfset-carezza-brunner-magnetogrip-71\/#breadcrumb"},"inLanguage":"de","potentialAction":[{"@type":"ReadAction","target":["https:\/\/shop.bantam.ch\/de\/produkt\/topfset-carezza-brunner-magnetogrip-71\/"]}]},{"@type":"ImageObject","inLanguage":"de","@id":"https:\/\/shop.bantam.ch\/de\/produkt\/topfset-carezza-brunner-magnetogrip-71\/#primaryimage","url":"https:\/\/shop.bantam.ch\/wp-content\/uploads\/2024\/09\/Movera-L-9984811100.jpg","contentUrl":"https:\/\/shop.bantam.ch\/wp-content\/uploads\/2024\/09\/Movera-L-9984811100.jpg","width":640,"height":640},{"@type":"BreadcrumbList","@id":"https:\/\/shop.bantam.ch\/de\/produkt\/topfset-carezza-brunner-magnetogrip-71\/#breadcrumb","itemListElement":[{"@type":"ListItem","position":1,"name":"Accueil","item":"https:\/\/shop.bantam.ch\/de\/"},{"@type":"ListItem","position":2,"name":"Shop","item":"https:\/\/shop.bantam.ch\/de\/shop\/"},{"@type":"ListItem","position":3,"name":"Topfset Carezza BRUNNER Magnetogrip 7+1"}]},{"@type":"WebSite","@id":"https:\/\/shop.bantam.ch\/de\/#website","url":"https:\/\/shop.bantam.ch\/de\/","name":"Bantam Camping AG","description":"","publisher":{"@id":"https:\/\/shop.bantam.ch\/de\/#organization"},"inLanguage":"de"},{"@type":"Organization","@id":"https:\/\/shop.bantam.ch\/de\/#organization","name":"Bantam Camping AG","url":"https:\/\/shop.bantam.ch\/de\/","logo":{"@type":"ImageObject","inLanguage":"de","@id":"https:\/\/shop.bantam.ch\/de\/#\/schema\/logo\/image\/","url":"https:\/\/shop.bantam.ch\/wp-content\/uploads\/2022\/12\/bantam-logo.png","contentUrl":"https:\/\/shop.bantam.ch\/wp-content\/uploads\/2022\/12\/bantam-logo.png","width":320,"height":71,"caption":"Bantam Camping AG"},"image":{"@id":"https:\/\/shop.bantam.ch\/de\/#\/schema\/logo\/image\/"}}]}},"_links":{"self":[{"href":"https:\/\/shop.bantam.ch\/de\/wp-json\/wp\/v2\/product\/201982","targetHints":{"allow":["GET"]}}],"collection":[{"href":"https:\/\/shop.bantam.ch\/de\/wp-json\/wp\/v2\/product"}],"about":[{"href":"https:\/\/shop.bantam.ch\/de\/wp-json\/wp\/v2\/types\/product"}],"wp:featuredmedia":[{"embeddable":true,"href":"https:\/\/shop.bantam.ch\/de\/wp-json\/wp\/v2\/media\/207765"}],"wp:attachment":[{"href":"https:\/\/shop.bantam.ch\/de\/wp-json\/wp\/v2\/media?parent=201982"}],"wp:term":[{"taxonomy":"product_featured_cat","embeddable":true,"href":"https:\/\/shop.bantam.ch\/de\/wp-json\/wp\/v2\/product_featured_cat?post=201982"},{"taxonomy":"product_brand","embeddable":true,"href":"https:\/\/shop.bantam.ch\/de\/wp-json\/wp\/v2\/product_brand?post=201982"},{"taxonomy":"product_cat","embeddable":true,"href":"https:\/\/shop.bantam.ch\/de\/wp-json\/wp\/v2\/product_cat?post=201982"},{"taxonomy":"product_tag","embeddable":true,"href":"https:\/\/shop.bantam.ch\/de\/wp-json\/wp\/v2\/product_tag?post=201982"}],"curies":[{"name":"wp","href":"https:\/\/api.w.org\/{rel}","templated":true}]}}