{"id":201958,"date":"2024-05-15T18:17:02","date_gmt":"2024-05-15T16:17:02","guid":{"rendered":"https:\/\/shop.bantam.ch\/produit\/vorratsdosenset-mepal-modua-3-tlg-2-x-1-000-ml-1-x-2-000-ml\/"},"modified":"2026-04-20T23:16:18","modified_gmt":"2026-04-20T21:16:18","slug":"vorratsdosenset-mepal-modua-3-tlg-2-x-1-000-ml-1-x-2-000-ml","status":"publish","type":"product","link":"https:\/\/shop.bantam.ch\/de\/produkt\/vorratsdosenset-mepal-modua-3-tlg-2-x-1-000-ml-1-x-2-000-ml\/","title":{"rendered":"Vorratsdosenset MEPAL modua 3-tlg. 2 x 1.000 ml, 1 x 2.000 ml"},"content":{"rendered":"<p>3-teiliges Starter-Set Modula Vorratsdosen. Der transparente Deckel mit wei\u00dfem Rand und Dichtungsring sorgt f\u00fcr einen perfekten Verschuss, dadurch sind diese Vorratsdosen ideal geeignet f\u00fcr die Aufbewahrung von trockenen Lebensmitteln wie etwa Kaffee, Mehl, Chips, Kr\u00e4utern und Nudeln. Die Modula Vorrats- und Aufbewahrungsdosen sind in verschiedenen Gr\u00f6\u00dfen und Ausf\u00fchrungen erh\u00e4ltlich, liegen gut in der Hand und sind leicht zu \u00f6ffnen. Des Weiteren sind die Dosen stapelbar und sp\u00fclmaschinengeeignet.<\/p>\n<p>3-teiliges Set bestehend aus:<br \/>\n&#8211; 2 Vorratsdosen je 1 l<br \/>\n&#8211; 1 Vorratsdose 2 l<\/p>\n","protected":false},"excerpt":{"rendered":"<p>3-teiliges Starter-Set Modula Vorratsdosen. Der transparente Deckel mit wei\u00dfem Rand und Dichtungsring sorgt f\u00fcr einen perfekten Verschuss, dadurch sind diese Vorratsdosen ideal geeignet f\u00fcr die Aufbewahrung von trockenen Lebensmitteln wie etwa Kaffee, Mehl, Chips, Kr\u00e4utern und Nudeln. Die Modula Vorrats- und Aufbewahrungsdosen sind in verschiedenen Gr\u00f6\u00dfen und Ausf\u00fchrungen erh\u00e4ltlich, liegen gut in der Hand und [&hellip;]<\/p>\n","protected":false},"featured_media":207757,"template":"","meta":{"_acf_changed":false},"product_featured_cat":[],"product_brand":[],"product_cat":[4332],"product_tag":[],"class_list":{"0":"post-201958","1":"product","2":"type-product","3":"status-publish","4":"has-post-thumbnail","6":"product_cat-vorrats-frischaltedosen","8":"first","9":"instock","10":"taxable","11":"shipping-taxable","12":"purchasable","13":"product-type-simple"},"acf":[],"yoast_head":"<!-- This site is optimized with the Yoast SEO plugin v27.4 - https:\/\/yoast.com\/product\/yoast-seo-wordpress\/ -->\n<title>Vorratsdosenset MEPAL modua 3-tlg. 2 x 1.000 ml, 1 x 2.000 ml - Bantam Camping AG<\/title>\n<meta name=\"robots\" content=\"index, follow, max-snippet:-1, max-image-preview:large, max-video-preview:-1\" \/>\n<link rel=\"canonical\" href=\"https:\/\/shop.bantam.ch\/de\/produkt\/vorratsdosenset-mepal-modua-3-tlg-2-x-1-000-ml-1-x-2-000-ml\/\" \/>\n<meta property=\"og:locale\" content=\"de_DE\" \/>\n<meta property=\"og:type\" content=\"article\" \/>\n<meta property=\"og:title\" content=\"Vorratsdosenset MEPAL modua 3-tlg. 2 x 1.000 ml, 1 x 2.000 ml - Bantam Camping AG\" \/>\n<meta property=\"og:description\" content=\"3-teiliges Starter-Set Modula Vorratsdosen. Der transparente Deckel mit wei\u00dfem Rand und Dichtungsring sorgt f\u00fcr einen perfekten Verschuss, dadurch sind diese Vorratsdosen ideal geeignet f\u00fcr die Aufbewahrung von trockenen Lebensmitteln wie etwa Kaffee, Mehl, Chips, Kr\u00e4utern und Nudeln. Die Modula Vorrats- und Aufbewahrungsdosen sind in verschiedenen Gr\u00f6\u00dfen und Ausf\u00fchrungen erh\u00e4ltlich, liegen gut in der Hand und [&hellip;]\" \/>\n<meta property=\"og:url\" content=\"https:\/\/shop.bantam.ch\/de\/produkt\/vorratsdosenset-mepal-modua-3-tlg-2-x-1-000-ml-1-x-2-000-ml\/\" \/>\n<meta property=\"og:site_name\" content=\"Bantam Camping AG\" \/>\n<meta property=\"article:modified_time\" content=\"2026-04-20T21:16:18+00:00\" \/>\n<meta name=\"twitter:card\" content=\"summary_large_image\" \/>\n<script type=\"application\/ld+json\" class=\"yoast-schema-graph\">{\"@context\":\"https:\\\/\\\/schema.org\",\"@graph\":[{\"@type\":\"WebPage\",\"@id\":\"https:\\\/\\\/shop.bantam.ch\\\/de\\\/produkt\\\/vorratsdosenset-mepal-modua-3-tlg-2-x-1-000-ml-1-x-2-000-ml\\\/\",\"url\":\"https:\\\/\\\/shop.bantam.ch\\\/de\\\/produkt\\\/vorratsdosenset-mepal-modua-3-tlg-2-x-1-000-ml-1-x-2-000-ml\\\/\",\"name\":\"Vorratsdosenset MEPAL modua 3-tlg. 2 x 1.000 ml, 1 x 2.000 ml - Bantam Camping AG\",\"isPartOf\":{\"@id\":\"https:\\\/\\\/shop.bantam.ch\\\/de\\\/#website\"},\"primaryImageOfPage\":{\"@id\":\"https:\\\/\\\/shop.bantam.ch\\\/de\\\/produkt\\\/vorratsdosenset-mepal-modua-3-tlg-2-x-1-000-ml-1-x-2-000-ml\\\/#primaryimage\"},\"image\":{\"@id\":\"https:\\\/\\\/shop.bantam.ch\\\/de\\\/produkt\\\/vorratsdosenset-mepal-modua-3-tlg-2-x-1-000-ml-1-x-2-000-ml\\\/#primaryimage\"},\"thumbnailUrl\":\"https:\\\/\\\/shop.bantam.ch\\\/wp-content\\\/uploads\\\/2024\\\/09\\\/Movera-L-9984843100.jpg\",\"datePublished\":\"2024-05-15T16:17:02+00:00\",\"dateModified\":\"2026-04-20T21:16:18+00:00\",\"breadcrumb\":{\"@id\":\"https:\\\/\\\/shop.bantam.ch\\\/de\\\/produkt\\\/vorratsdosenset-mepal-modua-3-tlg-2-x-1-000-ml-1-x-2-000-ml\\\/#breadcrumb\"},\"inLanguage\":\"de\",\"potentialAction\":[{\"@type\":\"ReadAction\",\"target\":[\"https:\\\/\\\/shop.bantam.ch\\\/de\\\/produkt\\\/vorratsdosenset-mepal-modua-3-tlg-2-x-1-000-ml-1-x-2-000-ml\\\/\"]}]},{\"@type\":\"ImageObject\",\"inLanguage\":\"de\",\"@id\":\"https:\\\/\\\/shop.bantam.ch\\\/de\\\/produkt\\\/vorratsdosenset-mepal-modua-3-tlg-2-x-1-000-ml-1-x-2-000-ml\\\/#primaryimage\",\"url\":\"https:\\\/\\\/shop.bantam.ch\\\/wp-content\\\/uploads\\\/2024\\\/09\\\/Movera-L-9984843100.jpg\",\"contentUrl\":\"https:\\\/\\\/shop.bantam.ch\\\/wp-content\\\/uploads\\\/2024\\\/09\\\/Movera-L-9984843100.jpg\",\"width\":640,\"height\":427},{\"@type\":\"BreadcrumbList\",\"@id\":\"https:\\\/\\\/shop.bantam.ch\\\/de\\\/produkt\\\/vorratsdosenset-mepal-modua-3-tlg-2-x-1-000-ml-1-x-2-000-ml\\\/#breadcrumb\",\"itemListElement\":[{\"@type\":\"ListItem\",\"position\":1,\"name\":\"Accueil\",\"item\":\"https:\\\/\\\/shop.bantam.ch\\\/de\\\/\"},{\"@type\":\"ListItem\",\"position\":2,\"name\":\"Shop\",\"item\":\"https:\\\/\\\/shop.bantam.ch\\\/de\\\/shop\\\/\"},{\"@type\":\"ListItem\",\"position\":3,\"name\":\"Vorratsdosenset MEPAL modua 3-tlg. 2 x 1.000 ml, 1 x 2.000 ml\"}]},{\"@type\":\"WebSite\",\"@id\":\"https:\\\/\\\/shop.bantam.ch\\\/de\\\/#website\",\"url\":\"https:\\\/\\\/shop.bantam.ch\\\/de\\\/\",\"name\":\"Bantam Camping AG\",\"description\":\"\",\"publisher\":{\"@id\":\"https:\\\/\\\/shop.bantam.ch\\\/de\\\/#organization\"},\"inLanguage\":\"de\"},{\"@type\":\"Organization\",\"@id\":\"https:\\\/\\\/shop.bantam.ch\\\/de\\\/#organization\",\"name\":\"Bantam Camping AG\",\"url\":\"https:\\\/\\\/shop.bantam.ch\\\/de\\\/\",\"logo\":{\"@type\":\"ImageObject\",\"inLanguage\":\"de\",\"@id\":\"https:\\\/\\\/shop.bantam.ch\\\/de\\\/#\\\/schema\\\/logo\\\/image\\\/\",\"url\":\"https:\\\/\\\/shop.bantam.ch\\\/wp-content\\\/uploads\\\/2022\\\/12\\\/bantam-logo.png\",\"contentUrl\":\"https:\\\/\\\/shop.bantam.ch\\\/wp-content\\\/uploads\\\/2022\\\/12\\\/bantam-logo.png\",\"width\":320,\"height\":71,\"caption\":\"Bantam Camping AG\"},\"image\":{\"@id\":\"https:\\\/\\\/shop.bantam.ch\\\/de\\\/#\\\/schema\\\/logo\\\/image\\\/\"}}]}<\/script>\n<!-- \/ Yoast SEO plugin. -->","yoast_head_json":{"title":"Vorratsdosenset MEPAL modua 3-tlg. 2 x 1.000 ml, 1 x 2.000 ml - Bantam Camping AG","robots":{"index":"index","follow":"follow","max-snippet":"max-snippet:-1","max-image-preview":"max-image-preview:large","max-video-preview":"max-video-preview:-1"},"canonical":"https:\/\/shop.bantam.ch\/de\/produkt\/vorratsdosenset-mepal-modua-3-tlg-2-x-1-000-ml-1-x-2-000-ml\/","og_locale":"de_DE","og_type":"article","og_title":"Vorratsdosenset MEPAL modua 3-tlg. 2 x 1.000 ml, 1 x 2.000 ml - Bantam Camping AG","og_description":"3-teiliges Starter-Set Modula Vorratsdosen. Der transparente Deckel mit wei\u00dfem Rand und Dichtungsring sorgt f\u00fcr einen perfekten Verschuss, dadurch sind diese Vorratsdosen ideal geeignet f\u00fcr die Aufbewahrung von trockenen Lebensmitteln wie etwa Kaffee, Mehl, Chips, Kr\u00e4utern und Nudeln. Die Modula Vorrats- und Aufbewahrungsdosen sind in verschiedenen Gr\u00f6\u00dfen und Ausf\u00fchrungen erh\u00e4ltlich, liegen gut in der Hand und [&hellip;]","og_url":"https:\/\/shop.bantam.ch\/de\/produkt\/vorratsdosenset-mepal-modua-3-tlg-2-x-1-000-ml-1-x-2-000-ml\/","og_site_name":"Bantam Camping AG","article_modified_time":"2026-04-20T21:16:18+00:00","twitter_card":"summary_large_image","schema":{"@context":"https:\/\/schema.org","@graph":[{"@type":"WebPage","@id":"https:\/\/shop.bantam.ch\/de\/produkt\/vorratsdosenset-mepal-modua-3-tlg-2-x-1-000-ml-1-x-2-000-ml\/","url":"https:\/\/shop.bantam.ch\/de\/produkt\/vorratsdosenset-mepal-modua-3-tlg-2-x-1-000-ml-1-x-2-000-ml\/","name":"Vorratsdosenset MEPAL modua 3-tlg. 2 x 1.000 ml, 1 x 2.000 ml - Bantam Camping AG","isPartOf":{"@id":"https:\/\/shop.bantam.ch\/de\/#website"},"primaryImageOfPage":{"@id":"https:\/\/shop.bantam.ch\/de\/produkt\/vorratsdosenset-mepal-modua-3-tlg-2-x-1-000-ml-1-x-2-000-ml\/#primaryimage"},"image":{"@id":"https:\/\/shop.bantam.ch\/de\/produkt\/vorratsdosenset-mepal-modua-3-tlg-2-x-1-000-ml-1-x-2-000-ml\/#primaryimage"},"thumbnailUrl":"https:\/\/shop.bantam.ch\/wp-content\/uploads\/2024\/09\/Movera-L-9984843100.jpg","datePublished":"2024-05-15T16:17:02+00:00","dateModified":"2026-04-20T21:16:18+00:00","breadcrumb":{"@id":"https:\/\/shop.bantam.ch\/de\/produkt\/vorratsdosenset-mepal-modua-3-tlg-2-x-1-000-ml-1-x-2-000-ml\/#breadcrumb"},"inLanguage":"de","potentialAction":[{"@type":"ReadAction","target":["https:\/\/shop.bantam.ch\/de\/produkt\/vorratsdosenset-mepal-modua-3-tlg-2-x-1-000-ml-1-x-2-000-ml\/"]}]},{"@type":"ImageObject","inLanguage":"de","@id":"https:\/\/shop.bantam.ch\/de\/produkt\/vorratsdosenset-mepal-modua-3-tlg-2-x-1-000-ml-1-x-2-000-ml\/#primaryimage","url":"https:\/\/shop.bantam.ch\/wp-content\/uploads\/2024\/09\/Movera-L-9984843100.jpg","contentUrl":"https:\/\/shop.bantam.ch\/wp-content\/uploads\/2024\/09\/Movera-L-9984843100.jpg","width":640,"height":427},{"@type":"BreadcrumbList","@id":"https:\/\/shop.bantam.ch\/de\/produkt\/vorratsdosenset-mepal-modua-3-tlg-2-x-1-000-ml-1-x-2-000-ml\/#breadcrumb","itemListElement":[{"@type":"ListItem","position":1,"name":"Accueil","item":"https:\/\/shop.bantam.ch\/de\/"},{"@type":"ListItem","position":2,"name":"Shop","item":"https:\/\/shop.bantam.ch\/de\/shop\/"},{"@type":"ListItem","position":3,"name":"Vorratsdosenset MEPAL modua 3-tlg. 2 x 1.000 ml, 1 x 2.000 ml"}]},{"@type":"WebSite","@id":"https:\/\/shop.bantam.ch\/de\/#website","url":"https:\/\/shop.bantam.ch\/de\/","name":"Bantam Camping AG","description":"","publisher":{"@id":"https:\/\/shop.bantam.ch\/de\/#organization"},"inLanguage":"de"},{"@type":"Organization","@id":"https:\/\/shop.bantam.ch\/de\/#organization","name":"Bantam Camping AG","url":"https:\/\/shop.bantam.ch\/de\/","logo":{"@type":"ImageObject","inLanguage":"de","@id":"https:\/\/shop.bantam.ch\/de\/#\/schema\/logo\/image\/","url":"https:\/\/shop.bantam.ch\/wp-content\/uploads\/2022\/12\/bantam-logo.png","contentUrl":"https:\/\/shop.bantam.ch\/wp-content\/uploads\/2022\/12\/bantam-logo.png","width":320,"height":71,"caption":"Bantam Camping AG"},"image":{"@id":"https:\/\/shop.bantam.ch\/de\/#\/schema\/logo\/image\/"}}]}},"_links":{"self":[{"href":"https:\/\/shop.bantam.ch\/de\/wp-json\/wp\/v2\/product\/201958","targetHints":{"allow":["GET"]}}],"collection":[{"href":"https:\/\/shop.bantam.ch\/de\/wp-json\/wp\/v2\/product"}],"about":[{"href":"https:\/\/shop.bantam.ch\/de\/wp-json\/wp\/v2\/types\/product"}],"wp:featuredmedia":[{"embeddable":true,"href":"https:\/\/shop.bantam.ch\/de\/wp-json\/wp\/v2\/media\/207757"}],"wp:attachment":[{"href":"https:\/\/shop.bantam.ch\/de\/wp-json\/wp\/v2\/media?parent=201958"}],"wp:term":[{"taxonomy":"product_featured_cat","embeddable":true,"href":"https:\/\/shop.bantam.ch\/de\/wp-json\/wp\/v2\/product_featured_cat?post=201958"},{"taxonomy":"product_brand","embeddable":true,"href":"https:\/\/shop.bantam.ch\/de\/wp-json\/wp\/v2\/product_brand?post=201958"},{"taxonomy":"product_cat","embeddable":true,"href":"https:\/\/shop.bantam.ch\/de\/wp-json\/wp\/v2\/product_cat?post=201958"},{"taxonomy":"product_tag","embeddable":true,"href":"https:\/\/shop.bantam.ch\/de\/wp-json\/wp\/v2\/product_tag?post=201958"}],"curies":[{"name":"wp","href":"https:\/\/api.w.org\/{rel}","templated":true}]}}