{"id":201954,"date":"2024-05-15T18:16:55","date_gmt":"2024-05-15T16:16:55","guid":{"rendered":"https:\/\/shop.bantam.ch\/produit\/besteckset-mepal-ellipse-3-tlg-farbe-nordic-sage\/"},"modified":"2026-04-16T23:29:03","modified_gmt":"2026-04-16T21:29:03","slug":"besteckset-mepal-ellipse-3-tlg-farbe-nordic-sage","status":"publish","type":"product","link":"https:\/\/shop.bantam.ch\/de\/produkt\/besteckset-mepal-ellipse-3-tlg-farbe-nordic-sage\/","title":{"rendered":"Besteckset MEPAL ellipse 3-tlg., Farbe nordic sage"},"content":{"rendered":"<p>3-teiliges Besteck-Set in der Farbe nordic sage. Das stilvolle und praktische Ellipse Besteck-Set von Mepal enth\u00e4lt ein Messer, eine Gabel und einen L\u00f6ffel, kompakt und gesch\u00fctzt in einer wiederverwendbaren H\u00fclle. Sehr praktisch f\u00fcr unterwegs! Das Besteck ist aus rostfreiem Edelstahl hergestellt und kann nach Gebrauch ganz einfach in der Sp\u00fclmaschine gereinigt werden.<\/p>\n<p>3-teiliges Set bestehend aus:<br \/>\n-1 Messer<br \/>\n-1 Gabel<br \/>\n-1 L\u00f6ffel<\/p>\n","protected":false},"excerpt":{"rendered":"<p>3-teiliges Besteck-Set in der Farbe nordic sage. Das stilvolle und praktische Ellipse Besteck-Set von Mepal enth\u00e4lt ein Messer, eine Gabel und einen L\u00f6ffel, kompakt und gesch\u00fctzt in einer wiederverwendbaren H\u00fclle. Sehr praktisch f\u00fcr unterwegs! Das Besteck ist aus rostfreiem Edelstahl hergestellt und kann nach Gebrauch ganz einfach in der Sp\u00fclmaschine gereinigt werden. 3-teiliges Set bestehend [&hellip;]<\/p>\n","protected":false},"featured_media":207755,"template":"","meta":{"_acf_changed":false},"product_featured_cat":[],"product_brand":[],"product_cat":[3990],"product_tag":[],"class_list":{"0":"post-201954","1":"product","2":"type-product","3":"status-publish","4":"has-post-thumbnail","6":"product_cat-besteck","8":"first","9":"instock","10":"taxable","11":"shipping-taxable","12":"purchasable","13":"product-type-simple"},"acf":[],"yoast_head":"<!-- This site is optimized with the Yoast SEO plugin v27.4 - https:\/\/yoast.com\/product\/yoast-seo-wordpress\/ -->\n<title>Besteckset MEPAL ellipse 3-tlg., Farbe nordic sage - Bantam Camping AG<\/title>\n<meta name=\"robots\" content=\"index, follow, max-snippet:-1, max-image-preview:large, max-video-preview:-1\" \/>\n<link rel=\"canonical\" href=\"https:\/\/shop.bantam.ch\/de\/produkt\/besteckset-mepal-ellipse-3-tlg-farbe-nordic-sage\/\" \/>\n<meta property=\"og:locale\" content=\"de_DE\" \/>\n<meta property=\"og:type\" content=\"article\" \/>\n<meta property=\"og:title\" content=\"Besteckset MEPAL ellipse 3-tlg., Farbe nordic sage - Bantam Camping AG\" \/>\n<meta property=\"og:description\" content=\"3-teiliges Besteck-Set in der Farbe nordic sage. Das stilvolle und praktische Ellipse Besteck-Set von Mepal enth\u00e4lt ein Messer, eine Gabel und einen L\u00f6ffel, kompakt und gesch\u00fctzt in einer wiederverwendbaren H\u00fclle. Sehr praktisch f\u00fcr unterwegs! Das Besteck ist aus rostfreiem Edelstahl hergestellt und kann nach Gebrauch ganz einfach in der Sp\u00fclmaschine gereinigt werden. 3-teiliges Set bestehend [&hellip;]\" \/>\n<meta property=\"og:url\" content=\"https:\/\/shop.bantam.ch\/de\/produkt\/besteckset-mepal-ellipse-3-tlg-farbe-nordic-sage\/\" \/>\n<meta property=\"og:site_name\" content=\"Bantam Camping AG\" \/>\n<meta property=\"article:modified_time\" content=\"2026-04-16T21:29:03+00:00\" \/>\n<meta name=\"twitter:card\" content=\"summary_large_image\" \/>\n<script type=\"application\/ld+json\" class=\"yoast-schema-graph\">{\"@context\":\"https:\\\/\\\/schema.org\",\"@graph\":[{\"@type\":\"WebPage\",\"@id\":\"https:\\\/\\\/shop.bantam.ch\\\/de\\\/produkt\\\/besteckset-mepal-ellipse-3-tlg-farbe-nordic-sage\\\/\",\"url\":\"https:\\\/\\\/shop.bantam.ch\\\/de\\\/produkt\\\/besteckset-mepal-ellipse-3-tlg-farbe-nordic-sage\\\/\",\"name\":\"Besteckset MEPAL ellipse 3-tlg., Farbe nordic sage - Bantam Camping AG\",\"isPartOf\":{\"@id\":\"https:\\\/\\\/shop.bantam.ch\\\/de\\\/#website\"},\"primaryImageOfPage\":{\"@id\":\"https:\\\/\\\/shop.bantam.ch\\\/de\\\/produkt\\\/besteckset-mepal-ellipse-3-tlg-farbe-nordic-sage\\\/#primaryimage\"},\"image\":{\"@id\":\"https:\\\/\\\/shop.bantam.ch\\\/de\\\/produkt\\\/besteckset-mepal-ellipse-3-tlg-farbe-nordic-sage\\\/#primaryimage\"},\"thumbnailUrl\":\"https:\\\/\\\/shop.bantam.ch\\\/wp-content\\\/uploads\\\/2024\\\/09\\\/Movera-L-9984838100.jpg\",\"datePublished\":\"2024-05-15T16:16:55+00:00\",\"dateModified\":\"2026-04-16T21:29:03+00:00\",\"breadcrumb\":{\"@id\":\"https:\\\/\\\/shop.bantam.ch\\\/de\\\/produkt\\\/besteckset-mepal-ellipse-3-tlg-farbe-nordic-sage\\\/#breadcrumb\"},\"inLanguage\":\"de\",\"potentialAction\":[{\"@type\":\"ReadAction\",\"target\":[\"https:\\\/\\\/shop.bantam.ch\\\/de\\\/produkt\\\/besteckset-mepal-ellipse-3-tlg-farbe-nordic-sage\\\/\"]}]},{\"@type\":\"ImageObject\",\"inLanguage\":\"de\",\"@id\":\"https:\\\/\\\/shop.bantam.ch\\\/de\\\/produkt\\\/besteckset-mepal-ellipse-3-tlg-farbe-nordic-sage\\\/#primaryimage\",\"url\":\"https:\\\/\\\/shop.bantam.ch\\\/wp-content\\\/uploads\\\/2024\\\/09\\\/Movera-L-9984838100.jpg\",\"contentUrl\":\"https:\\\/\\\/shop.bantam.ch\\\/wp-content\\\/uploads\\\/2024\\\/09\\\/Movera-L-9984838100.jpg\",\"width\":640,\"height\":427},{\"@type\":\"BreadcrumbList\",\"@id\":\"https:\\\/\\\/shop.bantam.ch\\\/de\\\/produkt\\\/besteckset-mepal-ellipse-3-tlg-farbe-nordic-sage\\\/#breadcrumb\",\"itemListElement\":[{\"@type\":\"ListItem\",\"position\":1,\"name\":\"Accueil\",\"item\":\"https:\\\/\\\/shop.bantam.ch\\\/de\\\/\"},{\"@type\":\"ListItem\",\"position\":2,\"name\":\"Shop\",\"item\":\"https:\\\/\\\/shop.bantam.ch\\\/de\\\/shop\\\/\"},{\"@type\":\"ListItem\",\"position\":3,\"name\":\"Besteckset MEPAL ellipse 3-tlg., Farbe nordic sage\"}]},{\"@type\":\"WebSite\",\"@id\":\"https:\\\/\\\/shop.bantam.ch\\\/de\\\/#website\",\"url\":\"https:\\\/\\\/shop.bantam.ch\\\/de\\\/\",\"name\":\"Bantam Camping AG\",\"description\":\"\",\"publisher\":{\"@id\":\"https:\\\/\\\/shop.bantam.ch\\\/de\\\/#organization\"},\"inLanguage\":\"de\"},{\"@type\":\"Organization\",\"@id\":\"https:\\\/\\\/shop.bantam.ch\\\/de\\\/#organization\",\"name\":\"Bantam Camping AG\",\"url\":\"https:\\\/\\\/shop.bantam.ch\\\/de\\\/\",\"logo\":{\"@type\":\"ImageObject\",\"inLanguage\":\"de\",\"@id\":\"https:\\\/\\\/shop.bantam.ch\\\/de\\\/#\\\/schema\\\/logo\\\/image\\\/\",\"url\":\"https:\\\/\\\/shop.bantam.ch\\\/wp-content\\\/uploads\\\/2022\\\/12\\\/bantam-logo.png\",\"contentUrl\":\"https:\\\/\\\/shop.bantam.ch\\\/wp-content\\\/uploads\\\/2022\\\/12\\\/bantam-logo.png\",\"width\":320,\"height\":71,\"caption\":\"Bantam Camping AG\"},\"image\":{\"@id\":\"https:\\\/\\\/shop.bantam.ch\\\/de\\\/#\\\/schema\\\/logo\\\/image\\\/\"}}]}<\/script>\n<!-- \/ Yoast SEO plugin. -->","yoast_head_json":{"title":"Besteckset MEPAL ellipse 3-tlg., Farbe nordic sage - Bantam Camping AG","robots":{"index":"index","follow":"follow","max-snippet":"max-snippet:-1","max-image-preview":"max-image-preview:large","max-video-preview":"max-video-preview:-1"},"canonical":"https:\/\/shop.bantam.ch\/de\/produkt\/besteckset-mepal-ellipse-3-tlg-farbe-nordic-sage\/","og_locale":"de_DE","og_type":"article","og_title":"Besteckset MEPAL ellipse 3-tlg., Farbe nordic sage - Bantam Camping AG","og_description":"3-teiliges Besteck-Set in der Farbe nordic sage. Das stilvolle und praktische Ellipse Besteck-Set von Mepal enth\u00e4lt ein Messer, eine Gabel und einen L\u00f6ffel, kompakt und gesch\u00fctzt in einer wiederverwendbaren H\u00fclle. Sehr praktisch f\u00fcr unterwegs! Das Besteck ist aus rostfreiem Edelstahl hergestellt und kann nach Gebrauch ganz einfach in der Sp\u00fclmaschine gereinigt werden. 3-teiliges Set bestehend [&hellip;]","og_url":"https:\/\/shop.bantam.ch\/de\/produkt\/besteckset-mepal-ellipse-3-tlg-farbe-nordic-sage\/","og_site_name":"Bantam Camping AG","article_modified_time":"2026-04-16T21:29:03+00:00","twitter_card":"summary_large_image","schema":{"@context":"https:\/\/schema.org","@graph":[{"@type":"WebPage","@id":"https:\/\/shop.bantam.ch\/de\/produkt\/besteckset-mepal-ellipse-3-tlg-farbe-nordic-sage\/","url":"https:\/\/shop.bantam.ch\/de\/produkt\/besteckset-mepal-ellipse-3-tlg-farbe-nordic-sage\/","name":"Besteckset MEPAL ellipse 3-tlg., Farbe nordic sage - Bantam Camping AG","isPartOf":{"@id":"https:\/\/shop.bantam.ch\/de\/#website"},"primaryImageOfPage":{"@id":"https:\/\/shop.bantam.ch\/de\/produkt\/besteckset-mepal-ellipse-3-tlg-farbe-nordic-sage\/#primaryimage"},"image":{"@id":"https:\/\/shop.bantam.ch\/de\/produkt\/besteckset-mepal-ellipse-3-tlg-farbe-nordic-sage\/#primaryimage"},"thumbnailUrl":"https:\/\/shop.bantam.ch\/wp-content\/uploads\/2024\/09\/Movera-L-9984838100.jpg","datePublished":"2024-05-15T16:16:55+00:00","dateModified":"2026-04-16T21:29:03+00:00","breadcrumb":{"@id":"https:\/\/shop.bantam.ch\/de\/produkt\/besteckset-mepal-ellipse-3-tlg-farbe-nordic-sage\/#breadcrumb"},"inLanguage":"de","potentialAction":[{"@type":"ReadAction","target":["https:\/\/shop.bantam.ch\/de\/produkt\/besteckset-mepal-ellipse-3-tlg-farbe-nordic-sage\/"]}]},{"@type":"ImageObject","inLanguage":"de","@id":"https:\/\/shop.bantam.ch\/de\/produkt\/besteckset-mepal-ellipse-3-tlg-farbe-nordic-sage\/#primaryimage","url":"https:\/\/shop.bantam.ch\/wp-content\/uploads\/2024\/09\/Movera-L-9984838100.jpg","contentUrl":"https:\/\/shop.bantam.ch\/wp-content\/uploads\/2024\/09\/Movera-L-9984838100.jpg","width":640,"height":427},{"@type":"BreadcrumbList","@id":"https:\/\/shop.bantam.ch\/de\/produkt\/besteckset-mepal-ellipse-3-tlg-farbe-nordic-sage\/#breadcrumb","itemListElement":[{"@type":"ListItem","position":1,"name":"Accueil","item":"https:\/\/shop.bantam.ch\/de\/"},{"@type":"ListItem","position":2,"name":"Shop","item":"https:\/\/shop.bantam.ch\/de\/shop\/"},{"@type":"ListItem","position":3,"name":"Besteckset MEPAL ellipse 3-tlg., Farbe nordic sage"}]},{"@type":"WebSite","@id":"https:\/\/shop.bantam.ch\/de\/#website","url":"https:\/\/shop.bantam.ch\/de\/","name":"Bantam Camping AG","description":"","publisher":{"@id":"https:\/\/shop.bantam.ch\/de\/#organization"},"inLanguage":"de"},{"@type":"Organization","@id":"https:\/\/shop.bantam.ch\/de\/#organization","name":"Bantam Camping AG","url":"https:\/\/shop.bantam.ch\/de\/","logo":{"@type":"ImageObject","inLanguage":"de","@id":"https:\/\/shop.bantam.ch\/de\/#\/schema\/logo\/image\/","url":"https:\/\/shop.bantam.ch\/wp-content\/uploads\/2022\/12\/bantam-logo.png","contentUrl":"https:\/\/shop.bantam.ch\/wp-content\/uploads\/2022\/12\/bantam-logo.png","width":320,"height":71,"caption":"Bantam Camping AG"},"image":{"@id":"https:\/\/shop.bantam.ch\/de\/#\/schema\/logo\/image\/"}}]}},"_links":{"self":[{"href":"https:\/\/shop.bantam.ch\/de\/wp-json\/wp\/v2\/product\/201954","targetHints":{"allow":["GET"]}}],"collection":[{"href":"https:\/\/shop.bantam.ch\/de\/wp-json\/wp\/v2\/product"}],"about":[{"href":"https:\/\/shop.bantam.ch\/de\/wp-json\/wp\/v2\/types\/product"}],"wp:featuredmedia":[{"embeddable":true,"href":"https:\/\/shop.bantam.ch\/de\/wp-json\/wp\/v2\/media\/207755"}],"wp:attachment":[{"href":"https:\/\/shop.bantam.ch\/de\/wp-json\/wp\/v2\/media?parent=201954"}],"wp:term":[{"taxonomy":"product_featured_cat","embeddable":true,"href":"https:\/\/shop.bantam.ch\/de\/wp-json\/wp\/v2\/product_featured_cat?post=201954"},{"taxonomy":"product_brand","embeddable":true,"href":"https:\/\/shop.bantam.ch\/de\/wp-json\/wp\/v2\/product_brand?post=201954"},{"taxonomy":"product_cat","embeddable":true,"href":"https:\/\/shop.bantam.ch\/de\/wp-json\/wp\/v2\/product_cat?post=201954"},{"taxonomy":"product_tag","embeddable":true,"href":"https:\/\/shop.bantam.ch\/de\/wp-json\/wp\/v2\/product_tag?post=201954"}],"curies":[{"name":"wp","href":"https:\/\/api.w.org\/{rel}","templated":true}]}}