{"id":201732,"date":"2024-05-15T18:10:25","date_gmt":"2024-05-15T16:10:25","guid":{"rendered":"https:\/\/shop.bantam.ch\/produit\/geschirrset-patom-bo-camp\/"},"modified":"2026-04-19T01:35:29","modified_gmt":"2026-04-18T23:35:29","slug":"geschirrset-patom-bo-camp","status":"publish","type":"product","link":"https:\/\/shop.bantam.ch\/de\/produkt\/geschirrset-patom-bo-camp\/","title":{"rendered":"Geschirrset Patom Bo Camp"},"content":{"rendered":"<p>Dieses industrielle Patom-Geschirrset hat einen robusten Look. Das gr\u00fcne Geschirr hat ein robustes Aussehen mit erh\u00f6htem Rand. Neben dem sch\u00f6nen Design ist das Geschirr auch sehr leicht und robust. Das Geschirr ist gut f\u00fcr den Einsatz auf dem Campingplatz geeignet, da es praktisch unzerbrechlich, bruchsicher und kratzfest ist. Aber auch zu Hause l\u00e4sst sich das Geschirr hervorragend verwenden. Das 16-teilige Set besteht aus hochwertigem 100% Melamin und ist sp\u00fclmaschinenfest und lebensmittelecht. Das stilvolle Set ist f\u00fcr 4 Personen geeignet.<\/p>\n<p>16-teiliges Set bestehend aus:<\/p>\n<ul>\n<li>4 Essteller&nbsp;\u00d8 26 cm<\/li>\n<li>4 Dessertteller&nbsp;\u00d8 20 cm<\/li>\n<li>4 Sch\u00fcsseln&nbsp;\u00d8 15 cm, 700 ml<\/li>\n<li>4 Becher&nbsp;8 x 10 cm (\u00d8 x H), 300 ml<\/li>\n<\/ul>\n","protected":false},"excerpt":{"rendered":"<p>Dieses industrielle Patom-Geschirrset hat einen robusten Look. Das gr\u00fcne Geschirr hat ein robustes Aussehen mit erh\u00f6htem Rand. Neben dem sch\u00f6nen Design ist das Geschirr auch sehr leicht und robust. Das Geschirr ist gut f\u00fcr den Einsatz auf dem Campingplatz geeignet, da es praktisch unzerbrechlich, bruchsicher und kratzfest ist. Aber auch zu Hause l\u00e4sst sich das [&hellip;]<\/p>\n","protected":false},"featured_media":201728,"template":"","meta":{"_acf_changed":false},"product_featured_cat":[],"product_brand":[],"product_cat":[4274],"product_tag":[],"class_list":{"0":"post-201732","1":"product","2":"type-product","3":"status-publish","4":"has-post-thumbnail","6":"product_cat-geschirrsets","8":"first","9":"instock","10":"taxable","11":"shipping-taxable","12":"purchasable","13":"product-type-variable"},"acf":[],"yoast_head":"<!-- This site is optimized with the Yoast SEO plugin v27.4 - https:\/\/yoast.com\/product\/yoast-seo-wordpress\/ -->\n<title>Geschirrset Patom Bo Camp - Bantam Camping AG<\/title>\n<meta name=\"robots\" content=\"index, follow, max-snippet:-1, max-image-preview:large, max-video-preview:-1\" \/>\n<link rel=\"canonical\" href=\"https:\/\/shop.bantam.ch\/de\/produkt\/geschirrset-patom-bo-camp\/\" \/>\n<meta property=\"og:locale\" content=\"de_DE\" \/>\n<meta property=\"og:type\" content=\"article\" \/>\n<meta property=\"og:title\" content=\"Geschirrset Patom Bo Camp - Bantam Camping AG\" \/>\n<meta property=\"og:description\" content=\"Dieses industrielle Patom-Geschirrset hat einen robusten Look. Das gr\u00fcne Geschirr hat ein robustes Aussehen mit erh\u00f6htem Rand. Neben dem sch\u00f6nen Design ist das Geschirr auch sehr leicht und robust. Das Geschirr ist gut f\u00fcr den Einsatz auf dem Campingplatz geeignet, da es praktisch unzerbrechlich, bruchsicher und kratzfest ist. Aber auch zu Hause l\u00e4sst sich das [&hellip;]\" \/>\n<meta property=\"og:url\" content=\"https:\/\/shop.bantam.ch\/de\/produkt\/geschirrset-patom-bo-camp\/\" \/>\n<meta property=\"og:site_name\" content=\"Bantam Camping AG\" \/>\n<meta property=\"article:modified_time\" content=\"2026-04-18T23:35:29+00:00\" \/>\n<meta name=\"twitter:card\" content=\"summary_large_image\" \/>\n<meta name=\"twitter:label1\" content=\"Gesch\u00e4tzte Lesezeit\" \/>\n\t<meta name=\"twitter:data1\" content=\"1\u00a0Minute\" \/>\n<script type=\"application\/ld+json\" class=\"yoast-schema-graph\">{\"@context\":\"https:\\\/\\\/schema.org\",\"@graph\":[{\"@type\":\"WebPage\",\"@id\":\"https:\\\/\\\/shop.bantam.ch\\\/de\\\/produkt\\\/geschirrset-patom-bo-camp\\\/\",\"url\":\"https:\\\/\\\/shop.bantam.ch\\\/de\\\/produkt\\\/geschirrset-patom-bo-camp\\\/\",\"name\":\"Geschirrset Patom Bo Camp - Bantam Camping AG\",\"isPartOf\":{\"@id\":\"https:\\\/\\\/shop.bantam.ch\\\/de\\\/#website\"},\"primaryImageOfPage\":{\"@id\":\"https:\\\/\\\/shop.bantam.ch\\\/de\\\/produkt\\\/geschirrset-patom-bo-camp\\\/#primaryimage\"},\"image\":{\"@id\":\"https:\\\/\\\/shop.bantam.ch\\\/de\\\/produkt\\\/geschirrset-patom-bo-camp\\\/#primaryimage\"},\"thumbnailUrl\":\"https:\\\/\\\/shop.bantam.ch\\\/wp-content\\\/uploads\\\/2024\\\/05\\\/Movera-L-9984827100.jpg\",\"datePublished\":\"2024-05-15T16:10:25+00:00\",\"dateModified\":\"2026-04-18T23:35:29+00:00\",\"breadcrumb\":{\"@id\":\"https:\\\/\\\/shop.bantam.ch\\\/de\\\/produkt\\\/geschirrset-patom-bo-camp\\\/#breadcrumb\"},\"inLanguage\":\"de\",\"potentialAction\":[{\"@type\":\"ReadAction\",\"target\":[\"https:\\\/\\\/shop.bantam.ch\\\/de\\\/produkt\\\/geschirrset-patom-bo-camp\\\/\"]}]},{\"@type\":\"ImageObject\",\"inLanguage\":\"de\",\"@id\":\"https:\\\/\\\/shop.bantam.ch\\\/de\\\/produkt\\\/geschirrset-patom-bo-camp\\\/#primaryimage\",\"url\":\"https:\\\/\\\/shop.bantam.ch\\\/wp-content\\\/uploads\\\/2024\\\/05\\\/Movera-L-9984827100.jpg\",\"contentUrl\":\"https:\\\/\\\/shop.bantam.ch\\\/wp-content\\\/uploads\\\/2024\\\/05\\\/Movera-L-9984827100.jpg\",\"width\":640,\"height\":807},{\"@type\":\"BreadcrumbList\",\"@id\":\"https:\\\/\\\/shop.bantam.ch\\\/de\\\/produkt\\\/geschirrset-patom-bo-camp\\\/#breadcrumb\",\"itemListElement\":[{\"@type\":\"ListItem\",\"position\":1,\"name\":\"Accueil\",\"item\":\"https:\\\/\\\/shop.bantam.ch\\\/de\\\/\"},{\"@type\":\"ListItem\",\"position\":2,\"name\":\"Shop\",\"item\":\"https:\\\/\\\/shop.bantam.ch\\\/de\\\/shop\\\/\"},{\"@type\":\"ListItem\",\"position\":3,\"name\":\"Geschirrset Patom Bo Camp\"}]},{\"@type\":\"WebSite\",\"@id\":\"https:\\\/\\\/shop.bantam.ch\\\/de\\\/#website\",\"url\":\"https:\\\/\\\/shop.bantam.ch\\\/de\\\/\",\"name\":\"Bantam Camping AG\",\"description\":\"\",\"publisher\":{\"@id\":\"https:\\\/\\\/shop.bantam.ch\\\/de\\\/#organization\"},\"inLanguage\":\"de\"},{\"@type\":\"Organization\",\"@id\":\"https:\\\/\\\/shop.bantam.ch\\\/de\\\/#organization\",\"name\":\"Bantam Camping AG\",\"url\":\"https:\\\/\\\/shop.bantam.ch\\\/de\\\/\",\"logo\":{\"@type\":\"ImageObject\",\"inLanguage\":\"de\",\"@id\":\"https:\\\/\\\/shop.bantam.ch\\\/de\\\/#\\\/schema\\\/logo\\\/image\\\/\",\"url\":\"https:\\\/\\\/shop.bantam.ch\\\/wp-content\\\/uploads\\\/2022\\\/12\\\/bantam-logo.png\",\"contentUrl\":\"https:\\\/\\\/shop.bantam.ch\\\/wp-content\\\/uploads\\\/2022\\\/12\\\/bantam-logo.png\",\"width\":320,\"height\":71,\"caption\":\"Bantam Camping AG\"},\"image\":{\"@id\":\"https:\\\/\\\/shop.bantam.ch\\\/de\\\/#\\\/schema\\\/logo\\\/image\\\/\"}}]}<\/script>\n<!-- \/ Yoast SEO plugin. -->","yoast_head_json":{"title":"Geschirrset Patom Bo Camp - Bantam Camping AG","robots":{"index":"index","follow":"follow","max-snippet":"max-snippet:-1","max-image-preview":"max-image-preview:large","max-video-preview":"max-video-preview:-1"},"canonical":"https:\/\/shop.bantam.ch\/de\/produkt\/geschirrset-patom-bo-camp\/","og_locale":"de_DE","og_type":"article","og_title":"Geschirrset Patom Bo Camp - Bantam Camping AG","og_description":"Dieses industrielle Patom-Geschirrset hat einen robusten Look. Das gr\u00fcne Geschirr hat ein robustes Aussehen mit erh\u00f6htem Rand. Neben dem sch\u00f6nen Design ist das Geschirr auch sehr leicht und robust. Das Geschirr ist gut f\u00fcr den Einsatz auf dem Campingplatz geeignet, da es praktisch unzerbrechlich, bruchsicher und kratzfest ist. Aber auch zu Hause l\u00e4sst sich das [&hellip;]","og_url":"https:\/\/shop.bantam.ch\/de\/produkt\/geschirrset-patom-bo-camp\/","og_site_name":"Bantam Camping AG","article_modified_time":"2026-04-18T23:35:29+00:00","twitter_card":"summary_large_image","twitter_misc":{"Gesch\u00e4tzte Lesezeit":"1\u00a0Minute"},"schema":{"@context":"https:\/\/schema.org","@graph":[{"@type":"WebPage","@id":"https:\/\/shop.bantam.ch\/de\/produkt\/geschirrset-patom-bo-camp\/","url":"https:\/\/shop.bantam.ch\/de\/produkt\/geschirrset-patom-bo-camp\/","name":"Geschirrset Patom Bo Camp - Bantam Camping AG","isPartOf":{"@id":"https:\/\/shop.bantam.ch\/de\/#website"},"primaryImageOfPage":{"@id":"https:\/\/shop.bantam.ch\/de\/produkt\/geschirrset-patom-bo-camp\/#primaryimage"},"image":{"@id":"https:\/\/shop.bantam.ch\/de\/produkt\/geschirrset-patom-bo-camp\/#primaryimage"},"thumbnailUrl":"https:\/\/shop.bantam.ch\/wp-content\/uploads\/2024\/05\/Movera-L-9984827100.jpg","datePublished":"2024-05-15T16:10:25+00:00","dateModified":"2026-04-18T23:35:29+00:00","breadcrumb":{"@id":"https:\/\/shop.bantam.ch\/de\/produkt\/geschirrset-patom-bo-camp\/#breadcrumb"},"inLanguage":"de","potentialAction":[{"@type":"ReadAction","target":["https:\/\/shop.bantam.ch\/de\/produkt\/geschirrset-patom-bo-camp\/"]}]},{"@type":"ImageObject","inLanguage":"de","@id":"https:\/\/shop.bantam.ch\/de\/produkt\/geschirrset-patom-bo-camp\/#primaryimage","url":"https:\/\/shop.bantam.ch\/wp-content\/uploads\/2024\/05\/Movera-L-9984827100.jpg","contentUrl":"https:\/\/shop.bantam.ch\/wp-content\/uploads\/2024\/05\/Movera-L-9984827100.jpg","width":640,"height":807},{"@type":"BreadcrumbList","@id":"https:\/\/shop.bantam.ch\/de\/produkt\/geschirrset-patom-bo-camp\/#breadcrumb","itemListElement":[{"@type":"ListItem","position":1,"name":"Accueil","item":"https:\/\/shop.bantam.ch\/de\/"},{"@type":"ListItem","position":2,"name":"Shop","item":"https:\/\/shop.bantam.ch\/de\/shop\/"},{"@type":"ListItem","position":3,"name":"Geschirrset Patom Bo Camp"}]},{"@type":"WebSite","@id":"https:\/\/shop.bantam.ch\/de\/#website","url":"https:\/\/shop.bantam.ch\/de\/","name":"Bantam Camping AG","description":"","publisher":{"@id":"https:\/\/shop.bantam.ch\/de\/#organization"},"inLanguage":"de"},{"@type":"Organization","@id":"https:\/\/shop.bantam.ch\/de\/#organization","name":"Bantam Camping AG","url":"https:\/\/shop.bantam.ch\/de\/","logo":{"@type":"ImageObject","inLanguage":"de","@id":"https:\/\/shop.bantam.ch\/de\/#\/schema\/logo\/image\/","url":"https:\/\/shop.bantam.ch\/wp-content\/uploads\/2022\/12\/bantam-logo.png","contentUrl":"https:\/\/shop.bantam.ch\/wp-content\/uploads\/2022\/12\/bantam-logo.png","width":320,"height":71,"caption":"Bantam Camping AG"},"image":{"@id":"https:\/\/shop.bantam.ch\/de\/#\/schema\/logo\/image\/"}}]}},"_links":{"self":[{"href":"https:\/\/shop.bantam.ch\/de\/wp-json\/wp\/v2\/product\/201732","targetHints":{"allow":["GET"]}}],"collection":[{"href":"https:\/\/shop.bantam.ch\/de\/wp-json\/wp\/v2\/product"}],"about":[{"href":"https:\/\/shop.bantam.ch\/de\/wp-json\/wp\/v2\/types\/product"}],"wp:featuredmedia":[{"embeddable":true,"href":"https:\/\/shop.bantam.ch\/de\/wp-json\/wp\/v2\/media\/201728"}],"wp:attachment":[{"href":"https:\/\/shop.bantam.ch\/de\/wp-json\/wp\/v2\/media?parent=201732"}],"wp:term":[{"taxonomy":"product_featured_cat","embeddable":true,"href":"https:\/\/shop.bantam.ch\/de\/wp-json\/wp\/v2\/product_featured_cat?post=201732"},{"taxonomy":"product_brand","embeddable":true,"href":"https:\/\/shop.bantam.ch\/de\/wp-json\/wp\/v2\/product_brand?post=201732"},{"taxonomy":"product_cat","embeddable":true,"href":"https:\/\/shop.bantam.ch\/de\/wp-json\/wp\/v2\/product_cat?post=201732"},{"taxonomy":"product_tag","embeddable":true,"href":"https:\/\/shop.bantam.ch\/de\/wp-json\/wp\/v2\/product_tag?post=201732"}],"curies":[{"name":"wp","href":"https:\/\/api.w.org\/{rel}","templated":true}]}}