{"id":201640,"date":"2024-05-15T18:07:46","date_gmt":"2024-05-15T16:07:46","guid":{"rendered":"https:\/\/shop.bantam.ch\/produit\/flaschen-glashalter-purvario-flexxi-100-farbe-anthrazit-einsetzbar-in-noppenplatte-1-steckkreuz-4-halter\/"},"modified":"2026-04-21T23:19:34","modified_gmt":"2026-04-21T21:19:34","slug":"flaschen-glashalter-purvario-flexxi-100-farbe-anthrazit-einsetzbar-in-noppenplatte-1-steckkreuz-4-halter","status":"publish","type":"product","link":"https:\/\/shop.bantam.ch\/de\/produkt\/flaschen-glashalter-purvario-flexxi-100-farbe-anthrazit-einsetzbar-in-noppenplatte-1-steckkreuz-4-halter\/","title":{"rendered":"Flaschen &amp; Glashalter purvario FLEXXI 100, Farbe anthrazit einsetzbar in Noppenplatte 1 Steckkreuz, 4 Halter"},"content":{"rendered":"<p>Wer m\u00f6chte nicht das eigene Wein- oder Bierglas im Urlaub mit dabei haben, den eigenen Essig \/ das \u00d6l oder den Wein?<br \/>Nichts kippt oder bricht und geht kaputt.<br \/>Der Flaschen &amp; Glashalter FLEXXI 100 ist bestens geeignet f\u00fcr den mobilen Einsatz um Flaschen, Gl\u00e4ser (Echtlgas) &#8211; auch Stilgl\u00e4ser wie Wein-, Bier oder Sektgl\u00e4ser &#8211; super gesichert zu transportieren. <br \/>Die Handhabung ist wunderbar einfach. <br \/>Die 4 Halter werden auf das Steckkreuz aufgeschoben. Somit kann der Durchmesser flexibel und genau an ihr Gef\u00e4\u00df durch die vorhandenen Rasterm\u00f6glichkeiten angepasst werden.<br \/>Wichtig: Um dem Flaschen &amp; Glashalter&nbsp; FLEXXI 100 nutzen zu k\u00f6nnen, ben\u00f6tigen Sie als Basis die Noppenplatte. <br \/>Nachdem Sie die Flaschengr\u00f6\u00dfe eingestellt haben, stecken Sie den FLEXXI 100 spielend leicht auf die Noppenplatte.<br \/>Aufstecken, anpassen, fertig &#8211; nie ging es unkomplizierter.<\/p>\n<p>Durchmesser Gef\u00e4\u00df: 6 bis 12 cm<\/p>\n<p>Zusammen mit der Noppenplatte ist der FLEXXI 100 nutzbar f\u00fcr jegliche Schubladen, Stauf\u00e4cher, Transportboxen, dem Apothekerschrank, u.v.m.<br \/>Variable Steckm\u00f6glichkeiten und bei Bedarf jederzeit neu positionierbar.<br \/>Weiterer Vorteil: Gewicht ist sehr leicht.<\/p>\n<p>Tipp: Der Flaschenhalter ist auch in der STAUBOX und dem STAUTOWER von purvario einsetzbar.<\/p>\n","protected":false},"excerpt":{"rendered":"<p>Wer m\u00f6chte nicht das eigene Wein- oder Bierglas im Urlaub mit dabei haben, den eigenen Essig \/ das \u00d6l oder den Wein?Nichts kippt oder bricht und geht kaputt.Der Flaschen &amp; Glashalter FLEXXI 100 ist bestens geeignet f\u00fcr den mobilen Einsatz um Flaschen, Gl\u00e4ser (Echtlgas) &#8211; auch Stilgl\u00e4ser wie Wein-, Bier oder Sektgl\u00e4ser &#8211; super gesichert [&hellip;]<\/p>\n","protected":false},"featured_media":207727,"template":"","meta":{"_acf_changed":false},"product_featured_cat":[],"product_brand":[],"product_cat":[5150],"product_tag":[],"class_list":{"0":"post-201640","1":"product","2":"type-product","3":"status-publish","4":"has-post-thumbnail","6":"product_cat-fixiermodule","8":"first","9":"instock","10":"taxable","11":"shipping-taxable","12":"purchasable","13":"product-type-simple"},"acf":[],"yoast_head":"<!-- This site is optimized with the Yoast SEO plugin v27.4 - https:\/\/yoast.com\/product\/yoast-seo-wordpress\/ -->\n<title>Flaschen &amp; Glashalter purvario FLEXXI 100, Farbe anthrazit einsetzbar in Noppenplatte 1 Steckkreuz, 4 Halter - Bantam Camping AG<\/title>\n<meta name=\"robots\" content=\"index, follow, max-snippet:-1, max-image-preview:large, max-video-preview:-1\" \/>\n<link rel=\"canonical\" href=\"https:\/\/shop.bantam.ch\/de\/produkt\/flaschen-glashalter-purvario-flexxi-100-farbe-anthrazit-einsetzbar-in-noppenplatte-1-steckkreuz-4-halter\/\" \/>\n<meta property=\"og:locale\" content=\"de_DE\" \/>\n<meta property=\"og:type\" content=\"article\" \/>\n<meta property=\"og:title\" content=\"Flaschen &amp; Glashalter purvario FLEXXI 100, Farbe anthrazit einsetzbar in Noppenplatte 1 Steckkreuz, 4 Halter - Bantam Camping AG\" \/>\n<meta property=\"og:description\" content=\"Wer m\u00f6chte nicht das eigene Wein- oder Bierglas im Urlaub mit dabei haben, den eigenen Essig \/ das \u00d6l oder den Wein?Nichts kippt oder bricht und geht kaputt.Der Flaschen &amp; Glashalter FLEXXI 100 ist bestens geeignet f\u00fcr den mobilen Einsatz um Flaschen, Gl\u00e4ser (Echtlgas) &#8211; auch Stilgl\u00e4ser wie Wein-, Bier oder Sektgl\u00e4ser &#8211; super gesichert [&hellip;]\" \/>\n<meta property=\"og:url\" content=\"https:\/\/shop.bantam.ch\/de\/produkt\/flaschen-glashalter-purvario-flexxi-100-farbe-anthrazit-einsetzbar-in-noppenplatte-1-steckkreuz-4-halter\/\" \/>\n<meta property=\"og:site_name\" content=\"Bantam Camping AG\" \/>\n<meta property=\"article:modified_time\" content=\"2026-04-21T21:19:34+00:00\" \/>\n<meta name=\"twitter:card\" content=\"summary_large_image\" \/>\n<meta name=\"twitter:label1\" content=\"Gesch\u00e4tzte Lesezeit\" \/>\n\t<meta name=\"twitter:data1\" content=\"1\u00a0Minute\" \/>\n<script type=\"application\/ld+json\" class=\"yoast-schema-graph\">{\"@context\":\"https:\\\/\\\/schema.org\",\"@graph\":[{\"@type\":\"WebPage\",\"@id\":\"https:\\\/\\\/shop.bantam.ch\\\/de\\\/produkt\\\/flaschen-glashalter-purvario-flexxi-100-farbe-anthrazit-einsetzbar-in-noppenplatte-1-steckkreuz-4-halter\\\/\",\"url\":\"https:\\\/\\\/shop.bantam.ch\\\/de\\\/produkt\\\/flaschen-glashalter-purvario-flexxi-100-farbe-anthrazit-einsetzbar-in-noppenplatte-1-steckkreuz-4-halter\\\/\",\"name\":\"Flaschen &amp; Glashalter purvario FLEXXI 100, Farbe anthrazit einsetzbar in Noppenplatte 1 Steckkreuz, 4 Halter - Bantam Camping AG\",\"isPartOf\":{\"@id\":\"https:\\\/\\\/shop.bantam.ch\\\/de\\\/#website\"},\"primaryImageOfPage\":{\"@id\":\"https:\\\/\\\/shop.bantam.ch\\\/de\\\/produkt\\\/flaschen-glashalter-purvario-flexxi-100-farbe-anthrazit-einsetzbar-in-noppenplatte-1-steckkreuz-4-halter\\\/#primaryimage\"},\"image\":{\"@id\":\"https:\\\/\\\/shop.bantam.ch\\\/de\\\/produkt\\\/flaschen-glashalter-purvario-flexxi-100-farbe-anthrazit-einsetzbar-in-noppenplatte-1-steckkreuz-4-halter\\\/#primaryimage\"},\"thumbnailUrl\":\"https:\\\/\\\/shop.bantam.ch\\\/wp-content\\\/uploads\\\/2024\\\/09\\\/Movera-L-9984760100.jpg\",\"datePublished\":\"2024-05-15T16:07:46+00:00\",\"dateModified\":\"2026-04-21T21:19:34+00:00\",\"breadcrumb\":{\"@id\":\"https:\\\/\\\/shop.bantam.ch\\\/de\\\/produkt\\\/flaschen-glashalter-purvario-flexxi-100-farbe-anthrazit-einsetzbar-in-noppenplatte-1-steckkreuz-4-halter\\\/#breadcrumb\"},\"inLanguage\":\"de\",\"potentialAction\":[{\"@type\":\"ReadAction\",\"target\":[\"https:\\\/\\\/shop.bantam.ch\\\/de\\\/produkt\\\/flaschen-glashalter-purvario-flexxi-100-farbe-anthrazit-einsetzbar-in-noppenplatte-1-steckkreuz-4-halter\\\/\"]}]},{\"@type\":\"ImageObject\",\"inLanguage\":\"de\",\"@id\":\"https:\\\/\\\/shop.bantam.ch\\\/de\\\/produkt\\\/flaschen-glashalter-purvario-flexxi-100-farbe-anthrazit-einsetzbar-in-noppenplatte-1-steckkreuz-4-halter\\\/#primaryimage\",\"url\":\"https:\\\/\\\/shop.bantam.ch\\\/wp-content\\\/uploads\\\/2024\\\/09\\\/Movera-L-9984760100.jpg\",\"contentUrl\":\"https:\\\/\\\/shop.bantam.ch\\\/wp-content\\\/uploads\\\/2024\\\/09\\\/Movera-L-9984760100.jpg\",\"width\":640,\"height\":457},{\"@type\":\"BreadcrumbList\",\"@id\":\"https:\\\/\\\/shop.bantam.ch\\\/de\\\/produkt\\\/flaschen-glashalter-purvario-flexxi-100-farbe-anthrazit-einsetzbar-in-noppenplatte-1-steckkreuz-4-halter\\\/#breadcrumb\",\"itemListElement\":[{\"@type\":\"ListItem\",\"position\":1,\"name\":\"Accueil\",\"item\":\"https:\\\/\\\/shop.bantam.ch\\\/de\\\/\"},{\"@type\":\"ListItem\",\"position\":2,\"name\":\"Shop\",\"item\":\"https:\\\/\\\/shop.bantam.ch\\\/de\\\/shop\\\/\"},{\"@type\":\"ListItem\",\"position\":3,\"name\":\"Flaschen &amp; Glashalter purvario FLEXXI 100, Farbe anthrazit einsetzbar in Noppenplatte 1 Steckkreuz, 4 Halter\"}]},{\"@type\":\"WebSite\",\"@id\":\"https:\\\/\\\/shop.bantam.ch\\\/de\\\/#website\",\"url\":\"https:\\\/\\\/shop.bantam.ch\\\/de\\\/\",\"name\":\"Bantam Camping AG\",\"description\":\"\",\"publisher\":{\"@id\":\"https:\\\/\\\/shop.bantam.ch\\\/de\\\/#organization\"},\"inLanguage\":\"de\"},{\"@type\":\"Organization\",\"@id\":\"https:\\\/\\\/shop.bantam.ch\\\/de\\\/#organization\",\"name\":\"Bantam Camping AG\",\"url\":\"https:\\\/\\\/shop.bantam.ch\\\/de\\\/\",\"logo\":{\"@type\":\"ImageObject\",\"inLanguage\":\"de\",\"@id\":\"https:\\\/\\\/shop.bantam.ch\\\/de\\\/#\\\/schema\\\/logo\\\/image\\\/\",\"url\":\"https:\\\/\\\/shop.bantam.ch\\\/wp-content\\\/uploads\\\/2022\\\/12\\\/bantam-logo.png\",\"contentUrl\":\"https:\\\/\\\/shop.bantam.ch\\\/wp-content\\\/uploads\\\/2022\\\/12\\\/bantam-logo.png\",\"width\":320,\"height\":71,\"caption\":\"Bantam Camping AG\"},\"image\":{\"@id\":\"https:\\\/\\\/shop.bantam.ch\\\/de\\\/#\\\/schema\\\/logo\\\/image\\\/\"}}]}<\/script>\n<!-- \/ Yoast SEO plugin. -->","yoast_head_json":{"title":"Flaschen &amp; Glashalter purvario FLEXXI 100, Farbe anthrazit einsetzbar in Noppenplatte 1 Steckkreuz, 4 Halter - Bantam Camping AG","robots":{"index":"index","follow":"follow","max-snippet":"max-snippet:-1","max-image-preview":"max-image-preview:large","max-video-preview":"max-video-preview:-1"},"canonical":"https:\/\/shop.bantam.ch\/de\/produkt\/flaschen-glashalter-purvario-flexxi-100-farbe-anthrazit-einsetzbar-in-noppenplatte-1-steckkreuz-4-halter\/","og_locale":"de_DE","og_type":"article","og_title":"Flaschen &amp; Glashalter purvario FLEXXI 100, Farbe anthrazit einsetzbar in Noppenplatte 1 Steckkreuz, 4 Halter - Bantam Camping AG","og_description":"Wer m\u00f6chte nicht das eigene Wein- oder Bierglas im Urlaub mit dabei haben, den eigenen Essig \/ das \u00d6l oder den Wein?Nichts kippt oder bricht und geht kaputt.Der Flaschen &amp; Glashalter FLEXXI 100 ist bestens geeignet f\u00fcr den mobilen Einsatz um Flaschen, Gl\u00e4ser (Echtlgas) &#8211; auch Stilgl\u00e4ser wie Wein-, Bier oder Sektgl\u00e4ser &#8211; super gesichert [&hellip;]","og_url":"https:\/\/shop.bantam.ch\/de\/produkt\/flaschen-glashalter-purvario-flexxi-100-farbe-anthrazit-einsetzbar-in-noppenplatte-1-steckkreuz-4-halter\/","og_site_name":"Bantam Camping AG","article_modified_time":"2026-04-21T21:19:34+00:00","twitter_card":"summary_large_image","twitter_misc":{"Gesch\u00e4tzte Lesezeit":"1\u00a0Minute"},"schema":{"@context":"https:\/\/schema.org","@graph":[{"@type":"WebPage","@id":"https:\/\/shop.bantam.ch\/de\/produkt\/flaschen-glashalter-purvario-flexxi-100-farbe-anthrazit-einsetzbar-in-noppenplatte-1-steckkreuz-4-halter\/","url":"https:\/\/shop.bantam.ch\/de\/produkt\/flaschen-glashalter-purvario-flexxi-100-farbe-anthrazit-einsetzbar-in-noppenplatte-1-steckkreuz-4-halter\/","name":"Flaschen &amp; Glashalter purvario FLEXXI 100, Farbe anthrazit einsetzbar in Noppenplatte 1 Steckkreuz, 4 Halter - Bantam Camping AG","isPartOf":{"@id":"https:\/\/shop.bantam.ch\/de\/#website"},"primaryImageOfPage":{"@id":"https:\/\/shop.bantam.ch\/de\/produkt\/flaschen-glashalter-purvario-flexxi-100-farbe-anthrazit-einsetzbar-in-noppenplatte-1-steckkreuz-4-halter\/#primaryimage"},"image":{"@id":"https:\/\/shop.bantam.ch\/de\/produkt\/flaschen-glashalter-purvario-flexxi-100-farbe-anthrazit-einsetzbar-in-noppenplatte-1-steckkreuz-4-halter\/#primaryimage"},"thumbnailUrl":"https:\/\/shop.bantam.ch\/wp-content\/uploads\/2024\/09\/Movera-L-9984760100.jpg","datePublished":"2024-05-15T16:07:46+00:00","dateModified":"2026-04-21T21:19:34+00:00","breadcrumb":{"@id":"https:\/\/shop.bantam.ch\/de\/produkt\/flaschen-glashalter-purvario-flexxi-100-farbe-anthrazit-einsetzbar-in-noppenplatte-1-steckkreuz-4-halter\/#breadcrumb"},"inLanguage":"de","potentialAction":[{"@type":"ReadAction","target":["https:\/\/shop.bantam.ch\/de\/produkt\/flaschen-glashalter-purvario-flexxi-100-farbe-anthrazit-einsetzbar-in-noppenplatte-1-steckkreuz-4-halter\/"]}]},{"@type":"ImageObject","inLanguage":"de","@id":"https:\/\/shop.bantam.ch\/de\/produkt\/flaschen-glashalter-purvario-flexxi-100-farbe-anthrazit-einsetzbar-in-noppenplatte-1-steckkreuz-4-halter\/#primaryimage","url":"https:\/\/shop.bantam.ch\/wp-content\/uploads\/2024\/09\/Movera-L-9984760100.jpg","contentUrl":"https:\/\/shop.bantam.ch\/wp-content\/uploads\/2024\/09\/Movera-L-9984760100.jpg","width":640,"height":457},{"@type":"BreadcrumbList","@id":"https:\/\/shop.bantam.ch\/de\/produkt\/flaschen-glashalter-purvario-flexxi-100-farbe-anthrazit-einsetzbar-in-noppenplatte-1-steckkreuz-4-halter\/#breadcrumb","itemListElement":[{"@type":"ListItem","position":1,"name":"Accueil","item":"https:\/\/shop.bantam.ch\/de\/"},{"@type":"ListItem","position":2,"name":"Shop","item":"https:\/\/shop.bantam.ch\/de\/shop\/"},{"@type":"ListItem","position":3,"name":"Flaschen &amp; Glashalter purvario FLEXXI 100, Farbe anthrazit einsetzbar in Noppenplatte 1 Steckkreuz, 4 Halter"}]},{"@type":"WebSite","@id":"https:\/\/shop.bantam.ch\/de\/#website","url":"https:\/\/shop.bantam.ch\/de\/","name":"Bantam Camping AG","description":"","publisher":{"@id":"https:\/\/shop.bantam.ch\/de\/#organization"},"inLanguage":"de"},{"@type":"Organization","@id":"https:\/\/shop.bantam.ch\/de\/#organization","name":"Bantam Camping AG","url":"https:\/\/shop.bantam.ch\/de\/","logo":{"@type":"ImageObject","inLanguage":"de","@id":"https:\/\/shop.bantam.ch\/de\/#\/schema\/logo\/image\/","url":"https:\/\/shop.bantam.ch\/wp-content\/uploads\/2022\/12\/bantam-logo.png","contentUrl":"https:\/\/shop.bantam.ch\/wp-content\/uploads\/2022\/12\/bantam-logo.png","width":320,"height":71,"caption":"Bantam Camping AG"},"image":{"@id":"https:\/\/shop.bantam.ch\/de\/#\/schema\/logo\/image\/"}}]}},"_links":{"self":[{"href":"https:\/\/shop.bantam.ch\/de\/wp-json\/wp\/v2\/product\/201640","targetHints":{"allow":["GET"]}}],"collection":[{"href":"https:\/\/shop.bantam.ch\/de\/wp-json\/wp\/v2\/product"}],"about":[{"href":"https:\/\/shop.bantam.ch\/de\/wp-json\/wp\/v2\/types\/product"}],"wp:featuredmedia":[{"embeddable":true,"href":"https:\/\/shop.bantam.ch\/de\/wp-json\/wp\/v2\/media\/207727"}],"wp:attachment":[{"href":"https:\/\/shop.bantam.ch\/de\/wp-json\/wp\/v2\/media?parent=201640"}],"wp:term":[{"taxonomy":"product_featured_cat","embeddable":true,"href":"https:\/\/shop.bantam.ch\/de\/wp-json\/wp\/v2\/product_featured_cat?post=201640"},{"taxonomy":"product_brand","embeddable":true,"href":"https:\/\/shop.bantam.ch\/de\/wp-json\/wp\/v2\/product_brand?post=201640"},{"taxonomy":"product_cat","embeddable":true,"href":"https:\/\/shop.bantam.ch\/de\/wp-json\/wp\/v2\/product_cat?post=201640"},{"taxonomy":"product_tag","embeddable":true,"href":"https:\/\/shop.bantam.ch\/de\/wp-json\/wp\/v2\/product_tag?post=201640"}],"curies":[{"name":"wp","href":"https:\/\/api.w.org\/{rel}","templated":true}]}}