{"id":201604,"date":"2024-05-15T18:06:42","date_gmt":"2024-05-15T16:06:42","guid":{"rendered":"https:\/\/shop.bantam.ch\/produit\/auffahrkeil-fiamma-level-up-farbe-grau-inhalt-2-stueck\/"},"modified":"2026-04-18T23:18:12","modified_gmt":"2026-04-18T21:18:12","slug":"auffahrkeil-fiamma-level-up-farbe-grau-inhalt-2-stueck","status":"publish","type":"product","link":"https:\/\/shop.bantam.ch\/de\/produkt\/auffahrkeil-fiamma-level-up-farbe-grau-inhalt-2-stueck\/","title":{"rendered":"Auffahrkeil Fiamma Level Up Farbe grau Inhalt 2 St\u00fcck"},"content":{"rendered":"<p>Dreistufiger Auffahrkeil (4 cm \/ 7 cm \/ 10 cm) f\u00fcr genaues Nivellieren. T\u00dcV-gepr\u00fcft.<\/p>\n<p>Die neue und breitere sowie verst\u00e4rkte Form des bekannten Level Up. Extrem wiederstandsf\u00e4higes Nivelliersystem mit doppelter Unterlage in der Mitte, durch die mehr Tragkraft und Stabilit\u00e4t gew\u00e4hrleistet wird. Leichte Anwendung, da Sie mit Ihrem Fahrzeug einfach hochfahren und es somit schnell und einfach in die Ebene bringen. Tragetasche kann separat dazu bestellt werden (9943333). Gewicht pro St\u00fcck angegeben.<\/p>\n<p>Material:<br \/>Aus stabilem Polyethylen HDPE<br \/>UV-best\u00e4ndig<\/p>\n<p>Lieferumfang:<br \/>2 x Auffahrkeil<\/p>\n","protected":false},"excerpt":{"rendered":"<p>Dreistufiger Auffahrkeil (4 cm \/ 7 cm \/ 10 cm) f\u00fcr genaues Nivellieren. T\u00dcV-gepr\u00fcft. Die neue und breitere sowie verst\u00e4rkte Form des bekannten Level Up. Extrem wiederstandsf\u00e4higes Nivelliersystem mit doppelter Unterlage in der Mitte, durch die mehr Tragkraft und Stabilit\u00e4t gew\u00e4hrleistet wird. Leichte Anwendung, da Sie mit Ihrem Fahrzeug einfach hochfahren und es somit schnell [&hellip;]<\/p>\n","protected":false},"featured_media":207723,"template":"","meta":{"_acf_changed":false},"product_featured_cat":[],"product_brand":[],"product_cat":[4770],"product_tag":[],"class_list":{"0":"post-201604","1":"product","2":"type-product","3":"status-publish","4":"has-post-thumbnail","6":"product_cat-auffahrkeile","8":"first","9":"instock","10":"taxable","11":"shipping-taxable","12":"purchasable","13":"product-type-simple"},"acf":[],"yoast_head":"<!-- This site is optimized with the Yoast SEO plugin v27.4 - https:\/\/yoast.com\/product\/yoast-seo-wordpress\/ -->\n<title>Auffahrkeil Fiamma Level Up Farbe grau Inhalt 2 St\u00fcck - Bantam Camping AG<\/title>\n<meta name=\"robots\" content=\"index, follow, max-snippet:-1, max-image-preview:large, max-video-preview:-1\" \/>\n<link rel=\"canonical\" href=\"https:\/\/shop.bantam.ch\/de\/produkt\/auffahrkeil-fiamma-level-up-farbe-grau-inhalt-2-stueck\/\" \/>\n<meta property=\"og:locale\" content=\"de_DE\" \/>\n<meta property=\"og:type\" content=\"article\" \/>\n<meta property=\"og:title\" content=\"Auffahrkeil Fiamma Level Up Farbe grau Inhalt 2 St\u00fcck - Bantam Camping AG\" \/>\n<meta property=\"og:description\" content=\"Dreistufiger Auffahrkeil (4 cm \/ 7 cm \/ 10 cm) f\u00fcr genaues Nivellieren. T\u00dcV-gepr\u00fcft. Die neue und breitere sowie verst\u00e4rkte Form des bekannten Level Up. Extrem wiederstandsf\u00e4higes Nivelliersystem mit doppelter Unterlage in der Mitte, durch die mehr Tragkraft und Stabilit\u00e4t gew\u00e4hrleistet wird. Leichte Anwendung, da Sie mit Ihrem Fahrzeug einfach hochfahren und es somit schnell [&hellip;]\" \/>\n<meta property=\"og:url\" content=\"https:\/\/shop.bantam.ch\/de\/produkt\/auffahrkeil-fiamma-level-up-farbe-grau-inhalt-2-stueck\/\" \/>\n<meta property=\"og:site_name\" content=\"Bantam Camping AG\" \/>\n<meta property=\"article:modified_time\" content=\"2026-04-18T21:18:12+00:00\" \/>\n<meta name=\"twitter:card\" content=\"summary_large_image\" \/>\n<script type=\"application\/ld+json\" class=\"yoast-schema-graph\">{\"@context\":\"https:\\\/\\\/schema.org\",\"@graph\":[{\"@type\":\"WebPage\",\"@id\":\"https:\\\/\\\/shop.bantam.ch\\\/de\\\/produkt\\\/auffahrkeil-fiamma-level-up-farbe-grau-inhalt-2-stueck\\\/\",\"url\":\"https:\\\/\\\/shop.bantam.ch\\\/de\\\/produkt\\\/auffahrkeil-fiamma-level-up-farbe-grau-inhalt-2-stueck\\\/\",\"name\":\"Auffahrkeil Fiamma Level Up Farbe grau Inhalt 2 St\u00fcck - Bantam Camping AG\",\"isPartOf\":{\"@id\":\"https:\\\/\\\/shop.bantam.ch\\\/de\\\/#website\"},\"primaryImageOfPage\":{\"@id\":\"https:\\\/\\\/shop.bantam.ch\\\/de\\\/produkt\\\/auffahrkeil-fiamma-level-up-farbe-grau-inhalt-2-stueck\\\/#primaryimage\"},\"image\":{\"@id\":\"https:\\\/\\\/shop.bantam.ch\\\/de\\\/produkt\\\/auffahrkeil-fiamma-level-up-farbe-grau-inhalt-2-stueck\\\/#primaryimage\"},\"thumbnailUrl\":\"https:\\\/\\\/shop.bantam.ch\\\/wp-content\\\/uploads\\\/2024\\\/09\\\/Movera-L-9983491100.jpg\",\"datePublished\":\"2024-05-15T16:06:42+00:00\",\"dateModified\":\"2026-04-18T21:18:12+00:00\",\"breadcrumb\":{\"@id\":\"https:\\\/\\\/shop.bantam.ch\\\/de\\\/produkt\\\/auffahrkeil-fiamma-level-up-farbe-grau-inhalt-2-stueck\\\/#breadcrumb\"},\"inLanguage\":\"de\",\"potentialAction\":[{\"@type\":\"ReadAction\",\"target\":[\"https:\\\/\\\/shop.bantam.ch\\\/de\\\/produkt\\\/auffahrkeil-fiamma-level-up-farbe-grau-inhalt-2-stueck\\\/\"]}]},{\"@type\":\"ImageObject\",\"inLanguage\":\"de\",\"@id\":\"https:\\\/\\\/shop.bantam.ch\\\/de\\\/produkt\\\/auffahrkeil-fiamma-level-up-farbe-grau-inhalt-2-stueck\\\/#primaryimage\",\"url\":\"https:\\\/\\\/shop.bantam.ch\\\/wp-content\\\/uploads\\\/2024\\\/09\\\/Movera-L-9983491100.jpg\",\"contentUrl\":\"https:\\\/\\\/shop.bantam.ch\\\/wp-content\\\/uploads\\\/2024\\\/09\\\/Movera-L-9983491100.jpg\",\"width\":640,\"height\":469},{\"@type\":\"BreadcrumbList\",\"@id\":\"https:\\\/\\\/shop.bantam.ch\\\/de\\\/produkt\\\/auffahrkeil-fiamma-level-up-farbe-grau-inhalt-2-stueck\\\/#breadcrumb\",\"itemListElement\":[{\"@type\":\"ListItem\",\"position\":1,\"name\":\"Accueil\",\"item\":\"https:\\\/\\\/shop.bantam.ch\\\/de\\\/\"},{\"@type\":\"ListItem\",\"position\":2,\"name\":\"Shop\",\"item\":\"https:\\\/\\\/shop.bantam.ch\\\/de\\\/shop\\\/\"},{\"@type\":\"ListItem\",\"position\":3,\"name\":\"Auffahrkeil Fiamma Level Up Farbe grau Inhalt 2 St\u00fcck\"}]},{\"@type\":\"WebSite\",\"@id\":\"https:\\\/\\\/shop.bantam.ch\\\/de\\\/#website\",\"url\":\"https:\\\/\\\/shop.bantam.ch\\\/de\\\/\",\"name\":\"Bantam Camping AG\",\"description\":\"\",\"publisher\":{\"@id\":\"https:\\\/\\\/shop.bantam.ch\\\/de\\\/#organization\"},\"inLanguage\":\"de\"},{\"@type\":\"Organization\",\"@id\":\"https:\\\/\\\/shop.bantam.ch\\\/de\\\/#organization\",\"name\":\"Bantam Camping AG\",\"url\":\"https:\\\/\\\/shop.bantam.ch\\\/de\\\/\",\"logo\":{\"@type\":\"ImageObject\",\"inLanguage\":\"de\",\"@id\":\"https:\\\/\\\/shop.bantam.ch\\\/de\\\/#\\\/schema\\\/logo\\\/image\\\/\",\"url\":\"https:\\\/\\\/shop.bantam.ch\\\/wp-content\\\/uploads\\\/2022\\\/12\\\/bantam-logo.png\",\"contentUrl\":\"https:\\\/\\\/shop.bantam.ch\\\/wp-content\\\/uploads\\\/2022\\\/12\\\/bantam-logo.png\",\"width\":320,\"height\":71,\"caption\":\"Bantam Camping AG\"},\"image\":{\"@id\":\"https:\\\/\\\/shop.bantam.ch\\\/de\\\/#\\\/schema\\\/logo\\\/image\\\/\"}}]}<\/script>\n<!-- \/ Yoast SEO plugin. -->","yoast_head_json":{"title":"Auffahrkeil Fiamma Level Up Farbe grau Inhalt 2 St\u00fcck - Bantam Camping AG","robots":{"index":"index","follow":"follow","max-snippet":"max-snippet:-1","max-image-preview":"max-image-preview:large","max-video-preview":"max-video-preview:-1"},"canonical":"https:\/\/shop.bantam.ch\/de\/produkt\/auffahrkeil-fiamma-level-up-farbe-grau-inhalt-2-stueck\/","og_locale":"de_DE","og_type":"article","og_title":"Auffahrkeil Fiamma Level Up Farbe grau Inhalt 2 St\u00fcck - Bantam Camping AG","og_description":"Dreistufiger Auffahrkeil (4 cm \/ 7 cm \/ 10 cm) f\u00fcr genaues Nivellieren. T\u00dcV-gepr\u00fcft. Die neue und breitere sowie verst\u00e4rkte Form des bekannten Level Up. Extrem wiederstandsf\u00e4higes Nivelliersystem mit doppelter Unterlage in der Mitte, durch die mehr Tragkraft und Stabilit\u00e4t gew\u00e4hrleistet wird. Leichte Anwendung, da Sie mit Ihrem Fahrzeug einfach hochfahren und es somit schnell [&hellip;]","og_url":"https:\/\/shop.bantam.ch\/de\/produkt\/auffahrkeil-fiamma-level-up-farbe-grau-inhalt-2-stueck\/","og_site_name":"Bantam Camping AG","article_modified_time":"2026-04-18T21:18:12+00:00","twitter_card":"summary_large_image","schema":{"@context":"https:\/\/schema.org","@graph":[{"@type":"WebPage","@id":"https:\/\/shop.bantam.ch\/de\/produkt\/auffahrkeil-fiamma-level-up-farbe-grau-inhalt-2-stueck\/","url":"https:\/\/shop.bantam.ch\/de\/produkt\/auffahrkeil-fiamma-level-up-farbe-grau-inhalt-2-stueck\/","name":"Auffahrkeil Fiamma Level Up Farbe grau Inhalt 2 St\u00fcck - Bantam Camping AG","isPartOf":{"@id":"https:\/\/shop.bantam.ch\/de\/#website"},"primaryImageOfPage":{"@id":"https:\/\/shop.bantam.ch\/de\/produkt\/auffahrkeil-fiamma-level-up-farbe-grau-inhalt-2-stueck\/#primaryimage"},"image":{"@id":"https:\/\/shop.bantam.ch\/de\/produkt\/auffahrkeil-fiamma-level-up-farbe-grau-inhalt-2-stueck\/#primaryimage"},"thumbnailUrl":"https:\/\/shop.bantam.ch\/wp-content\/uploads\/2024\/09\/Movera-L-9983491100.jpg","datePublished":"2024-05-15T16:06:42+00:00","dateModified":"2026-04-18T21:18:12+00:00","breadcrumb":{"@id":"https:\/\/shop.bantam.ch\/de\/produkt\/auffahrkeil-fiamma-level-up-farbe-grau-inhalt-2-stueck\/#breadcrumb"},"inLanguage":"de","potentialAction":[{"@type":"ReadAction","target":["https:\/\/shop.bantam.ch\/de\/produkt\/auffahrkeil-fiamma-level-up-farbe-grau-inhalt-2-stueck\/"]}]},{"@type":"ImageObject","inLanguage":"de","@id":"https:\/\/shop.bantam.ch\/de\/produkt\/auffahrkeil-fiamma-level-up-farbe-grau-inhalt-2-stueck\/#primaryimage","url":"https:\/\/shop.bantam.ch\/wp-content\/uploads\/2024\/09\/Movera-L-9983491100.jpg","contentUrl":"https:\/\/shop.bantam.ch\/wp-content\/uploads\/2024\/09\/Movera-L-9983491100.jpg","width":640,"height":469},{"@type":"BreadcrumbList","@id":"https:\/\/shop.bantam.ch\/de\/produkt\/auffahrkeil-fiamma-level-up-farbe-grau-inhalt-2-stueck\/#breadcrumb","itemListElement":[{"@type":"ListItem","position":1,"name":"Accueil","item":"https:\/\/shop.bantam.ch\/de\/"},{"@type":"ListItem","position":2,"name":"Shop","item":"https:\/\/shop.bantam.ch\/de\/shop\/"},{"@type":"ListItem","position":3,"name":"Auffahrkeil Fiamma Level Up Farbe grau Inhalt 2 St\u00fcck"}]},{"@type":"WebSite","@id":"https:\/\/shop.bantam.ch\/de\/#website","url":"https:\/\/shop.bantam.ch\/de\/","name":"Bantam Camping AG","description":"","publisher":{"@id":"https:\/\/shop.bantam.ch\/de\/#organization"},"inLanguage":"de"},{"@type":"Organization","@id":"https:\/\/shop.bantam.ch\/de\/#organization","name":"Bantam Camping AG","url":"https:\/\/shop.bantam.ch\/de\/","logo":{"@type":"ImageObject","inLanguage":"de","@id":"https:\/\/shop.bantam.ch\/de\/#\/schema\/logo\/image\/","url":"https:\/\/shop.bantam.ch\/wp-content\/uploads\/2022\/12\/bantam-logo.png","contentUrl":"https:\/\/shop.bantam.ch\/wp-content\/uploads\/2022\/12\/bantam-logo.png","width":320,"height":71,"caption":"Bantam Camping AG"},"image":{"@id":"https:\/\/shop.bantam.ch\/de\/#\/schema\/logo\/image\/"}}]}},"_links":{"self":[{"href":"https:\/\/shop.bantam.ch\/de\/wp-json\/wp\/v2\/product\/201604","targetHints":{"allow":["GET"]}}],"collection":[{"href":"https:\/\/shop.bantam.ch\/de\/wp-json\/wp\/v2\/product"}],"about":[{"href":"https:\/\/shop.bantam.ch\/de\/wp-json\/wp\/v2\/types\/product"}],"wp:featuredmedia":[{"embeddable":true,"href":"https:\/\/shop.bantam.ch\/de\/wp-json\/wp\/v2\/media\/207723"}],"wp:attachment":[{"href":"https:\/\/shop.bantam.ch\/de\/wp-json\/wp\/v2\/media?parent=201604"}],"wp:term":[{"taxonomy":"product_featured_cat","embeddable":true,"href":"https:\/\/shop.bantam.ch\/de\/wp-json\/wp\/v2\/product_featured_cat?post=201604"},{"taxonomy":"product_brand","embeddable":true,"href":"https:\/\/shop.bantam.ch\/de\/wp-json\/wp\/v2\/product_brand?post=201604"},{"taxonomy":"product_cat","embeddable":true,"href":"https:\/\/shop.bantam.ch\/de\/wp-json\/wp\/v2\/product_cat?post=201604"},{"taxonomy":"product_tag","embeddable":true,"href":"https:\/\/shop.bantam.ch\/de\/wp-json\/wp\/v2\/product_tag?post=201604"}],"curies":[{"name":"wp","href":"https:\/\/api.w.org\/{rel}","templated":true}]}}