{"id":201580,"date":"2024-05-15T18:06:02","date_gmt":"2024-05-15T16:06:02","guid":{"rendered":"https:\/\/shop.bantam.ch\/produit\/geschirrset-koziol-connect-monstera-16-tlg-essteller-desserttellerschalebecher-farbe-nature-desert-sand\/"},"modified":"2026-05-02T23:11:20","modified_gmt":"2026-05-02T21:11:20","slug":"geschirrset-koziol-connect-monstera-16-tlg-essteller-desserttellerschalebecher-farbe-nature-desert-sand","status":"publish","type":"product","link":"https:\/\/shop.bantam.ch\/de\/produkt\/geschirrset-koziol-connect-monstera-16-tlg-essteller-desserttellerschalebecher-farbe-nature-desert-sand\/","title":{"rendered":"Geschirrset koziol CONNECT MONSTERA 16-tlg., Essteller+ Dessertteller+Schale+Becher Farbe nature desert sand"},"content":{"rendered":"<p>Mit seinen klaren Formen begeistert der kleine Teller CONNECT PLATE auf den ersten Blick. Der kleine Teller ist ideal f\u00fcr Obst, Snacks oder Kuchen und macht sich auch gut auf dem Fr\u00fchst\u00fcckstisch. Durch sein reduziertes Design l\u00e4sst er sich mit anderen Geschirrteilen bestens kombinieren und er\u00f6ffnet eine F\u00fclle an Gestaltungsm\u00f6glichkeiten. Auf das Wesentliche reduziert pr\u00e4sentiert sich Becher CONNECT CUP. Die geometrische Form kommt ganz ohne Henkel aus und l\u00e4sst sich wunderbar mit den CONNECT Tellern oder vorhandenem Geschirr kombinieren. CONNECT CUP ist robust, leicht und stapelbar und damit auch f\u00fcr das Picknick ein unverzichtbarer Begleiter. Schon jetzt ein Klassiker. Der gro\u00dfe Teller im minimalistischen Design f\u00fcgt sich \u00fcberall harmonisch ein und \u00fcberzeugt drinnen wie drau\u00dfen durch solide Qualit\u00e4t und den extrem coolen Look. Konsequent ist CONNECT PLATE auch in der Umsetzung, denn er steht f\u00fcr einen besonders klugen und \u00f6konomischen Umgang mit Form und Material. Ob One-Pot-Pasta, Buddha-Bowl oder knackige Salatkreationen, in CONNECT BOWL lassen sich unsere neuen Lieblingsrezepte stilsicher servieren. Daneben ist die Schale auch f\u00fcr M\u00fcsli, Suppen und Beilagen perfekt geeignet. Mit ihrer klassischen Form l\u00e4sst sich die Schale harmonisch mit vorhandenen Geschirrteilen kombinieren.<\/p>\n<ul>\n<li>BPA-frei<\/li>\n<li>Melaminfrei<\/li>\n<li>100 % CO\u00b2-neutral in Deutschland produziert<\/li>\n<li>Klare Formensprache<\/li>\n<li>Sicherer Stand<\/li>\n<li>Angenehme Haptik<\/li>\n<li>Handliche Gr\u00f6\u00dfe<\/li>\n<li>Sto\u00dffest<\/li>\n<li>Stapelbar<\/li>\n<\/ul>\n","protected":false},"excerpt":{"rendered":"<p>Mit seinen klaren Formen begeistert der kleine Teller CONNECT PLATE auf den ersten Blick. Der kleine Teller ist ideal f\u00fcr Obst, Snacks oder Kuchen und macht sich auch gut auf dem Fr\u00fchst\u00fcckstisch. Durch sein reduziertes Design l\u00e4sst er sich mit anderen Geschirrteilen bestens kombinieren und er\u00f6ffnet eine F\u00fclle an Gestaltungsm\u00f6glichkeiten. Auf das Wesentliche reduziert pr\u00e4sentiert [&hellip;]<\/p>\n","protected":false},"featured_media":207705,"template":"","meta":{"_acf_changed":false},"product_featured_cat":[],"product_brand":[],"product_cat":[4274],"product_tag":[],"class_list":{"0":"post-201580","1":"product","2":"type-product","3":"status-publish","4":"has-post-thumbnail","6":"product_cat-geschirrsets","8":"first","9":"instock","10":"taxable","11":"shipping-taxable","12":"purchasable","13":"product-type-simple"},"acf":[],"yoast_head":"<!-- This site is optimized with the Yoast SEO plugin v27.5 - https:\/\/yoast.com\/product\/yoast-seo-wordpress\/ -->\n<title>Geschirrset koziol CONNECT MONSTERA 16-tlg., Essteller+ Dessertteller+Schale+Becher Farbe nature desert sand - Bantam<\/title>\n<meta name=\"robots\" content=\"index, follow, max-snippet:-1, max-image-preview:large, max-video-preview:-1\" \/>\n<link rel=\"canonical\" href=\"https:\/\/shop.bantam.ch\/de\/produkt\/geschirrset-koziol-connect-monstera-16-tlg-essteller-desserttellerschalebecher-farbe-nature-desert-sand\/\" \/>\n<meta property=\"og:locale\" content=\"de_DE\" \/>\n<meta property=\"og:type\" content=\"article\" \/>\n<meta property=\"og:title\" content=\"Geschirrset koziol CONNECT MONSTERA 16-tlg., Essteller+ Dessertteller+Schale+Becher Farbe nature desert sand - Bantam\" \/>\n<meta property=\"og:description\" content=\"Mit seinen klaren Formen begeistert der kleine Teller CONNECT PLATE auf den ersten Blick. Der kleine Teller ist ideal f\u00fcr Obst, Snacks oder Kuchen und macht sich auch gut auf dem Fr\u00fchst\u00fcckstisch. Durch sein reduziertes Design l\u00e4sst er sich mit anderen Geschirrteilen bestens kombinieren und er\u00f6ffnet eine F\u00fclle an Gestaltungsm\u00f6glichkeiten. Auf das Wesentliche reduziert pr\u00e4sentiert [&hellip;]\" \/>\n<meta property=\"og:url\" content=\"https:\/\/shop.bantam.ch\/de\/produkt\/geschirrset-koziol-connect-monstera-16-tlg-essteller-desserttellerschalebecher-farbe-nature-desert-sand\/\" \/>\n<meta property=\"og:site_name\" content=\"Bantam\" \/>\n<meta property=\"article:modified_time\" content=\"2026-05-02T21:11:20+00:00\" \/>\n<meta name=\"twitter:card\" content=\"summary_large_image\" \/>\n<meta name=\"twitter:label1\" content=\"Gesch\u00e4tzte Lesezeit\" \/>\n\t<meta name=\"twitter:data1\" content=\"1\u00a0Minute\" \/>\n<script type=\"application\/ld+json\" class=\"yoast-schema-graph\">{\"@context\":\"https:\\\/\\\/schema.org\",\"@graph\":[{\"@type\":\"WebPage\",\"@id\":\"https:\\\/\\\/shop.bantam.ch\\\/de\\\/produkt\\\/geschirrset-koziol-connect-monstera-16-tlg-essteller-desserttellerschalebecher-farbe-nature-desert-sand\\\/\",\"url\":\"https:\\\/\\\/shop.bantam.ch\\\/de\\\/produkt\\\/geschirrset-koziol-connect-monstera-16-tlg-essteller-desserttellerschalebecher-farbe-nature-desert-sand\\\/\",\"name\":\"Geschirrset koziol CONNECT MONSTERA 16-tlg., Essteller+ Dessertteller+Schale+Becher Farbe nature desert sand - Bantam\",\"isPartOf\":{\"@id\":\"https:\\\/\\\/shop.bantam.ch\\\/de\\\/#website\"},\"primaryImageOfPage\":{\"@id\":\"https:\\\/\\\/shop.bantam.ch\\\/de\\\/produkt\\\/geschirrset-koziol-connect-monstera-16-tlg-essteller-desserttellerschalebecher-farbe-nature-desert-sand\\\/#primaryimage\"},\"image\":{\"@id\":\"https:\\\/\\\/shop.bantam.ch\\\/de\\\/produkt\\\/geschirrset-koziol-connect-monstera-16-tlg-essteller-desserttellerschalebecher-farbe-nature-desert-sand\\\/#primaryimage\"},\"thumbnailUrl\":\"https:\\\/\\\/shop.bantam.ch\\\/wp-content\\\/uploads\\\/2024\\\/09\\\/Movera-L-9984759100.jpg\",\"datePublished\":\"2024-05-15T16:06:02+00:00\",\"dateModified\":\"2026-05-02T21:11:20+00:00\",\"breadcrumb\":{\"@id\":\"https:\\\/\\\/shop.bantam.ch\\\/de\\\/produkt\\\/geschirrset-koziol-connect-monstera-16-tlg-essteller-desserttellerschalebecher-farbe-nature-desert-sand\\\/#breadcrumb\"},\"inLanguage\":\"de\",\"potentialAction\":[{\"@type\":\"ReadAction\",\"target\":[\"https:\\\/\\\/shop.bantam.ch\\\/de\\\/produkt\\\/geschirrset-koziol-connect-monstera-16-tlg-essteller-desserttellerschalebecher-farbe-nature-desert-sand\\\/\"]}]},{\"@type\":\"ImageObject\",\"inLanguage\":\"de\",\"@id\":\"https:\\\/\\\/shop.bantam.ch\\\/de\\\/produkt\\\/geschirrset-koziol-connect-monstera-16-tlg-essteller-desserttellerschalebecher-farbe-nature-desert-sand\\\/#primaryimage\",\"url\":\"https:\\\/\\\/shop.bantam.ch\\\/wp-content\\\/uploads\\\/2024\\\/09\\\/Movera-L-9984759100.jpg\",\"contentUrl\":\"https:\\\/\\\/shop.bantam.ch\\\/wp-content\\\/uploads\\\/2024\\\/09\\\/Movera-L-9984759100.jpg\",\"width\":640,\"height\":640},{\"@type\":\"BreadcrumbList\",\"@id\":\"https:\\\/\\\/shop.bantam.ch\\\/de\\\/produkt\\\/geschirrset-koziol-connect-monstera-16-tlg-essteller-desserttellerschalebecher-farbe-nature-desert-sand\\\/#breadcrumb\",\"itemListElement\":[{\"@type\":\"ListItem\",\"position\":1,\"name\":\"Accueil\",\"item\":\"https:\\\/\\\/shop.bantam.ch\\\/de\\\/\"},{\"@type\":\"ListItem\",\"position\":2,\"name\":\"Shop\",\"item\":\"https:\\\/\\\/shop.bantam.ch\\\/de\\\/shop\\\/\"},{\"@type\":\"ListItem\",\"position\":3,\"name\":\"Geschirrset koziol CONNECT MONSTERA 16-tlg., Essteller+ Dessertteller+Schale+Becher Farbe nature desert sand\"}]},{\"@type\":\"WebSite\",\"@id\":\"https:\\\/\\\/shop.bantam.ch\\\/de\\\/#website\",\"url\":\"https:\\\/\\\/shop.bantam.ch\\\/de\\\/\",\"name\":\"Bantam\",\"description\":\"\",\"publisher\":{\"@id\":\"https:\\\/\\\/shop.bantam.ch\\\/de\\\/#organization\"},\"inLanguage\":\"de\"},{\"@type\":\"Organization\",\"@id\":\"https:\\\/\\\/shop.bantam.ch\\\/de\\\/#organization\",\"name\":\"Bantam\",\"url\":\"https:\\\/\\\/shop.bantam.ch\\\/de\\\/\",\"logo\":{\"@type\":\"ImageObject\",\"inLanguage\":\"de\",\"@id\":\"https:\\\/\\\/shop.bantam.ch\\\/de\\\/#\\\/schema\\\/logo\\\/image\\\/\",\"url\":\"https:\\\/\\\/shop.bantam.ch\\\/wp-content\\\/uploads\\\/2022\\\/12\\\/bantam-logo.png\",\"contentUrl\":\"https:\\\/\\\/shop.bantam.ch\\\/wp-content\\\/uploads\\\/2022\\\/12\\\/bantam-logo.png\",\"width\":320,\"height\":71,\"caption\":\"Bantam\"},\"image\":{\"@id\":\"https:\\\/\\\/shop.bantam.ch\\\/de\\\/#\\\/schema\\\/logo\\\/image\\\/\"}}]}<\/script>\n<!-- \/ Yoast SEO plugin. -->","yoast_head_json":{"title":"Geschirrset koziol CONNECT MONSTERA 16-tlg., Essteller+ Dessertteller+Schale+Becher Farbe nature desert sand - Bantam","robots":{"index":"index","follow":"follow","max-snippet":"max-snippet:-1","max-image-preview":"max-image-preview:large","max-video-preview":"max-video-preview:-1"},"canonical":"https:\/\/shop.bantam.ch\/de\/produkt\/geschirrset-koziol-connect-monstera-16-tlg-essteller-desserttellerschalebecher-farbe-nature-desert-sand\/","og_locale":"de_DE","og_type":"article","og_title":"Geschirrset koziol CONNECT MONSTERA 16-tlg., Essteller+ Dessertteller+Schale+Becher Farbe nature desert sand - Bantam","og_description":"Mit seinen klaren Formen begeistert der kleine Teller CONNECT PLATE auf den ersten Blick. Der kleine Teller ist ideal f\u00fcr Obst, Snacks oder Kuchen und macht sich auch gut auf dem Fr\u00fchst\u00fcckstisch. Durch sein reduziertes Design l\u00e4sst er sich mit anderen Geschirrteilen bestens kombinieren und er\u00f6ffnet eine F\u00fclle an Gestaltungsm\u00f6glichkeiten. Auf das Wesentliche reduziert pr\u00e4sentiert [&hellip;]","og_url":"https:\/\/shop.bantam.ch\/de\/produkt\/geschirrset-koziol-connect-monstera-16-tlg-essteller-desserttellerschalebecher-farbe-nature-desert-sand\/","og_site_name":"Bantam","article_modified_time":"2026-05-02T21:11:20+00:00","twitter_card":"summary_large_image","twitter_misc":{"Gesch\u00e4tzte Lesezeit":"1\u00a0Minute"},"schema":{"@context":"https:\/\/schema.org","@graph":[{"@type":"WebPage","@id":"https:\/\/shop.bantam.ch\/de\/produkt\/geschirrset-koziol-connect-monstera-16-tlg-essteller-desserttellerschalebecher-farbe-nature-desert-sand\/","url":"https:\/\/shop.bantam.ch\/de\/produkt\/geschirrset-koziol-connect-monstera-16-tlg-essteller-desserttellerschalebecher-farbe-nature-desert-sand\/","name":"Geschirrset koziol CONNECT MONSTERA 16-tlg., Essteller+ Dessertteller+Schale+Becher Farbe nature desert sand - Bantam","isPartOf":{"@id":"https:\/\/shop.bantam.ch\/de\/#website"},"primaryImageOfPage":{"@id":"https:\/\/shop.bantam.ch\/de\/produkt\/geschirrset-koziol-connect-monstera-16-tlg-essteller-desserttellerschalebecher-farbe-nature-desert-sand\/#primaryimage"},"image":{"@id":"https:\/\/shop.bantam.ch\/de\/produkt\/geschirrset-koziol-connect-monstera-16-tlg-essteller-desserttellerschalebecher-farbe-nature-desert-sand\/#primaryimage"},"thumbnailUrl":"https:\/\/shop.bantam.ch\/wp-content\/uploads\/2024\/09\/Movera-L-9984759100.jpg","datePublished":"2024-05-15T16:06:02+00:00","dateModified":"2026-05-02T21:11:20+00:00","breadcrumb":{"@id":"https:\/\/shop.bantam.ch\/de\/produkt\/geschirrset-koziol-connect-monstera-16-tlg-essteller-desserttellerschalebecher-farbe-nature-desert-sand\/#breadcrumb"},"inLanguage":"de","potentialAction":[{"@type":"ReadAction","target":["https:\/\/shop.bantam.ch\/de\/produkt\/geschirrset-koziol-connect-monstera-16-tlg-essteller-desserttellerschalebecher-farbe-nature-desert-sand\/"]}]},{"@type":"ImageObject","inLanguage":"de","@id":"https:\/\/shop.bantam.ch\/de\/produkt\/geschirrset-koziol-connect-monstera-16-tlg-essteller-desserttellerschalebecher-farbe-nature-desert-sand\/#primaryimage","url":"https:\/\/shop.bantam.ch\/wp-content\/uploads\/2024\/09\/Movera-L-9984759100.jpg","contentUrl":"https:\/\/shop.bantam.ch\/wp-content\/uploads\/2024\/09\/Movera-L-9984759100.jpg","width":640,"height":640},{"@type":"BreadcrumbList","@id":"https:\/\/shop.bantam.ch\/de\/produkt\/geschirrset-koziol-connect-monstera-16-tlg-essteller-desserttellerschalebecher-farbe-nature-desert-sand\/#breadcrumb","itemListElement":[{"@type":"ListItem","position":1,"name":"Accueil","item":"https:\/\/shop.bantam.ch\/de\/"},{"@type":"ListItem","position":2,"name":"Shop","item":"https:\/\/shop.bantam.ch\/de\/shop\/"},{"@type":"ListItem","position":3,"name":"Geschirrset koziol CONNECT MONSTERA 16-tlg., Essteller+ Dessertteller+Schale+Becher Farbe nature desert sand"}]},{"@type":"WebSite","@id":"https:\/\/shop.bantam.ch\/de\/#website","url":"https:\/\/shop.bantam.ch\/de\/","name":"Bantam","description":"","publisher":{"@id":"https:\/\/shop.bantam.ch\/de\/#organization"},"inLanguage":"de"},{"@type":"Organization","@id":"https:\/\/shop.bantam.ch\/de\/#organization","name":"Bantam","url":"https:\/\/shop.bantam.ch\/de\/","logo":{"@type":"ImageObject","inLanguage":"de","@id":"https:\/\/shop.bantam.ch\/de\/#\/schema\/logo\/image\/","url":"https:\/\/shop.bantam.ch\/wp-content\/uploads\/2022\/12\/bantam-logo.png","contentUrl":"https:\/\/shop.bantam.ch\/wp-content\/uploads\/2022\/12\/bantam-logo.png","width":320,"height":71,"caption":"Bantam"},"image":{"@id":"https:\/\/shop.bantam.ch\/de\/#\/schema\/logo\/image\/"}}]}},"_links":{"self":[{"href":"https:\/\/shop.bantam.ch\/de\/wp-json\/wp\/v2\/product\/201580","targetHints":{"allow":["GET"]}}],"collection":[{"href":"https:\/\/shop.bantam.ch\/de\/wp-json\/wp\/v2\/product"}],"about":[{"href":"https:\/\/shop.bantam.ch\/de\/wp-json\/wp\/v2\/types\/product"}],"wp:featuredmedia":[{"embeddable":true,"href":"https:\/\/shop.bantam.ch\/de\/wp-json\/wp\/v2\/media\/207705"}],"wp:attachment":[{"href":"https:\/\/shop.bantam.ch\/de\/wp-json\/wp\/v2\/media?parent=201580"}],"wp:term":[{"taxonomy":"product_featured_cat","embeddable":true,"href":"https:\/\/shop.bantam.ch\/de\/wp-json\/wp\/v2\/product_featured_cat?post=201580"},{"taxonomy":"product_brand","embeddable":true,"href":"https:\/\/shop.bantam.ch\/de\/wp-json\/wp\/v2\/product_brand?post=201580"},{"taxonomy":"product_cat","embeddable":true,"href":"https:\/\/shop.bantam.ch\/de\/wp-json\/wp\/v2\/product_cat?post=201580"},{"taxonomy":"product_tag","embeddable":true,"href":"https:\/\/shop.bantam.ch\/de\/wp-json\/wp\/v2\/product_tag?post=201580"}],"curies":[{"name":"wp","href":"https:\/\/api.w.org\/{rel}","templated":true}]}}