{"id":201520,"date":"2024-05-15T18:03:52","date_gmt":"2024-05-15T16:03:52","guid":{"rendered":"https:\/\/shop.bantam.ch\/produit\/solarkomplettanlage-flat-light-mt-fl-mt-flq\/"},"modified":"2026-04-18T01:32:19","modified_gmt":"2026-04-17T23:32:19","slug":"solarkomplettanlage-flat-light-mt-fl-mt-flq","status":"publish","type":"product","link":"https:\/\/shop.bantam.ch\/de\/produkt\/solarkomplettanlage-flat-light-mt-fl-mt-flq\/","title":{"rendered":"Solarkomplettanlage Flat-Light MT FL\/MT FLQ"},"content":{"rendered":"<p>Beinhaltet alles, was ben\u00f6tigt wird, um eine Solaranlage f\u00fcr ein Reisefahrzeug aufzubauen. Mit extrem leichtem High-End-Solarmodule zum direkten Aufkleben mit dazugeh\u00f6rigem Klebezubeh\u00f6r. Die Dachdurchf\u00fchrung ist druckwasserdicht. Alle Solarregler sind mit verbesserter MPPT Technologie ausgestattet und k\u00f6nnen per Bluetooth \u00fcber eine mobile App gesteuert werden. Zus\u00e4tzlich besitzen sie einen zweiten Ladeausgang zur Starterbatterie bis 10 A und einen Anschluss f\u00fcr die Solar-Fernanzeige wie N-Bus und Ci-Bus (optional) mit Temperaturf\u00fchler. F\u00fcr Fahrzeuge mit EBL-Basisstation (Fahrzeuge der Hymer-Gruppe) liegt au\u00dferdem ein passender Anschlusskabelsatz bei.<\/p>\n<p>Lieferumfang:<br \/>\nInklusive Ultraflache\/s Solarmodul\/e mit kristalliner Zelltechnologie<br \/>\nMPPT Solarregler mit Temperaturf\u00fchler<br \/>\nDachdurchf\u00fchrung<br \/>\nKlebeset f\u00fcr Modul und Dachdurchf\u00fchrung<br \/>\nKabelsatz<br \/>\nKabelsatz f\u00fcr Fahrzeuge mit EBL<br \/>\nMontagematerial<br \/>\nKlebe-\/Montageanleitung<\/p>\n","protected":false},"excerpt":{"rendered":"<p>Beinhaltet alles, was ben\u00f6tigt wird, um eine Solaranlage f\u00fcr ein Reisefahrzeug aufzubauen. Mit extrem leichtem High-End-Solarmodule zum direkten Aufkleben mit dazugeh\u00f6rigem Klebezubeh\u00f6r. Die Dachdurchf\u00fchrung ist druckwasserdicht. Alle Solarregler sind mit verbesserter MPPT Technologie ausgestattet und k\u00f6nnen per Bluetooth \u00fcber eine mobile App gesteuert werden. Zus\u00e4tzlich besitzen sie einen zweiten Ladeausgang zur Starterbatterie bis 10 A [&hellip;]<\/p>\n","protected":false},"featured_media":201512,"template":"","meta":{"_acf_changed":false},"product_featured_cat":[],"product_brand":[],"product_cat":[4880],"product_tag":[],"class_list":{"0":"post-201520","1":"product","2":"type-product","3":"status-publish","4":"has-post-thumbnail","6":"product_cat-solar-sets","8":"first","9":"instock","10":"taxable","11":"shipping-taxable","12":"purchasable","13":"product-type-variable"},"acf":[],"yoast_head":"<!-- This site is optimized with the Yoast SEO plugin v27.4 - https:\/\/yoast.com\/product\/yoast-seo-wordpress\/ -->\n<title>Solarkomplettanlage Flat-Light MT FL\/MT FLQ - Bantam Camping AG<\/title>\n<meta name=\"robots\" content=\"index, follow, max-snippet:-1, max-image-preview:large, max-video-preview:-1\" \/>\n<link rel=\"canonical\" href=\"https:\/\/shop.bantam.ch\/de\/produkt\/solarkomplettanlage-flat-light-mt-fl-mt-flq\/\" \/>\n<meta property=\"og:locale\" content=\"de_DE\" \/>\n<meta property=\"og:type\" content=\"article\" \/>\n<meta property=\"og:title\" content=\"Solarkomplettanlage Flat-Light MT FL\/MT FLQ - Bantam Camping AG\" \/>\n<meta property=\"og:description\" content=\"Beinhaltet alles, was ben\u00f6tigt wird, um eine Solaranlage f\u00fcr ein Reisefahrzeug aufzubauen. Mit extrem leichtem High-End-Solarmodule zum direkten Aufkleben mit dazugeh\u00f6rigem Klebezubeh\u00f6r. Die Dachdurchf\u00fchrung ist druckwasserdicht. Alle Solarregler sind mit verbesserter MPPT Technologie ausgestattet und k\u00f6nnen per Bluetooth \u00fcber eine mobile App gesteuert werden. Zus\u00e4tzlich besitzen sie einen zweiten Ladeausgang zur Starterbatterie bis 10 A [&hellip;]\" \/>\n<meta property=\"og:url\" content=\"https:\/\/shop.bantam.ch\/de\/produkt\/solarkomplettanlage-flat-light-mt-fl-mt-flq\/\" \/>\n<meta property=\"og:site_name\" content=\"Bantam Camping AG\" \/>\n<meta property=\"article:modified_time\" content=\"2026-04-17T23:32:19+00:00\" \/>\n<meta name=\"twitter:card\" content=\"summary_large_image\" \/>\n<meta name=\"twitter:label1\" content=\"Gesch\u00e4tzte Lesezeit\" \/>\n\t<meta name=\"twitter:data1\" content=\"1\u00a0Minute\" \/>\n<script type=\"application\/ld+json\" class=\"yoast-schema-graph\">{\"@context\":\"https:\\\/\\\/schema.org\",\"@graph\":[{\"@type\":\"WebPage\",\"@id\":\"https:\\\/\\\/shop.bantam.ch\\\/de\\\/produkt\\\/solarkomplettanlage-flat-light-mt-fl-mt-flq\\\/\",\"url\":\"https:\\\/\\\/shop.bantam.ch\\\/de\\\/produkt\\\/solarkomplettanlage-flat-light-mt-fl-mt-flq\\\/\",\"name\":\"Solarkomplettanlage Flat-Light MT FL\\\/MT FLQ - Bantam Camping AG\",\"isPartOf\":{\"@id\":\"https:\\\/\\\/shop.bantam.ch\\\/de\\\/#website\"},\"primaryImageOfPage\":{\"@id\":\"https:\\\/\\\/shop.bantam.ch\\\/de\\\/produkt\\\/solarkomplettanlage-flat-light-mt-fl-mt-flq\\\/#primaryimage\"},\"image\":{\"@id\":\"https:\\\/\\\/shop.bantam.ch\\\/de\\\/produkt\\\/solarkomplettanlage-flat-light-mt-fl-mt-flq\\\/#primaryimage\"},\"thumbnailUrl\":\"https:\\\/\\\/shop.bantam.ch\\\/wp-content\\\/uploads\\\/2024\\\/05\\\/Movera-L-9971436100.jpg\",\"datePublished\":\"2024-05-15T16:03:52+00:00\",\"dateModified\":\"2026-04-17T23:32:19+00:00\",\"breadcrumb\":{\"@id\":\"https:\\\/\\\/shop.bantam.ch\\\/de\\\/produkt\\\/solarkomplettanlage-flat-light-mt-fl-mt-flq\\\/#breadcrumb\"},\"inLanguage\":\"de\",\"potentialAction\":[{\"@type\":\"ReadAction\",\"target\":[\"https:\\\/\\\/shop.bantam.ch\\\/de\\\/produkt\\\/solarkomplettanlage-flat-light-mt-fl-mt-flq\\\/\"]}]},{\"@type\":\"ImageObject\",\"inLanguage\":\"de\",\"@id\":\"https:\\\/\\\/shop.bantam.ch\\\/de\\\/produkt\\\/solarkomplettanlage-flat-light-mt-fl-mt-flq\\\/#primaryimage\",\"url\":\"https:\\\/\\\/shop.bantam.ch\\\/wp-content\\\/uploads\\\/2024\\\/05\\\/Movera-L-9971436100.jpg\",\"contentUrl\":\"https:\\\/\\\/shop.bantam.ch\\\/wp-content\\\/uploads\\\/2024\\\/05\\\/Movera-L-9971436100.jpg\",\"width\":640,\"height\":640},{\"@type\":\"BreadcrumbList\",\"@id\":\"https:\\\/\\\/shop.bantam.ch\\\/de\\\/produkt\\\/solarkomplettanlage-flat-light-mt-fl-mt-flq\\\/#breadcrumb\",\"itemListElement\":[{\"@type\":\"ListItem\",\"position\":1,\"name\":\"Accueil\",\"item\":\"https:\\\/\\\/shop.bantam.ch\\\/de\\\/\"},{\"@type\":\"ListItem\",\"position\":2,\"name\":\"Shop\",\"item\":\"https:\\\/\\\/shop.bantam.ch\\\/de\\\/shop\\\/\"},{\"@type\":\"ListItem\",\"position\":3,\"name\":\"Solarkomplettanlage Flat-Light MT FL\\\/MT FLQ\"}]},{\"@type\":\"WebSite\",\"@id\":\"https:\\\/\\\/shop.bantam.ch\\\/de\\\/#website\",\"url\":\"https:\\\/\\\/shop.bantam.ch\\\/de\\\/\",\"name\":\"Bantam Camping AG\",\"description\":\"\",\"publisher\":{\"@id\":\"https:\\\/\\\/shop.bantam.ch\\\/de\\\/#organization\"},\"inLanguage\":\"de\"},{\"@type\":\"Organization\",\"@id\":\"https:\\\/\\\/shop.bantam.ch\\\/de\\\/#organization\",\"name\":\"Bantam Camping AG\",\"url\":\"https:\\\/\\\/shop.bantam.ch\\\/de\\\/\",\"logo\":{\"@type\":\"ImageObject\",\"inLanguage\":\"de\",\"@id\":\"https:\\\/\\\/shop.bantam.ch\\\/de\\\/#\\\/schema\\\/logo\\\/image\\\/\",\"url\":\"https:\\\/\\\/shop.bantam.ch\\\/wp-content\\\/uploads\\\/2022\\\/12\\\/bantam-logo.png\",\"contentUrl\":\"https:\\\/\\\/shop.bantam.ch\\\/wp-content\\\/uploads\\\/2022\\\/12\\\/bantam-logo.png\",\"width\":320,\"height\":71,\"caption\":\"Bantam Camping AG\"},\"image\":{\"@id\":\"https:\\\/\\\/shop.bantam.ch\\\/de\\\/#\\\/schema\\\/logo\\\/image\\\/\"}}]}<\/script>\n<!-- \/ Yoast SEO plugin. -->","yoast_head_json":{"title":"Solarkomplettanlage Flat-Light MT FL\/MT FLQ - Bantam Camping AG","robots":{"index":"index","follow":"follow","max-snippet":"max-snippet:-1","max-image-preview":"max-image-preview:large","max-video-preview":"max-video-preview:-1"},"canonical":"https:\/\/shop.bantam.ch\/de\/produkt\/solarkomplettanlage-flat-light-mt-fl-mt-flq\/","og_locale":"de_DE","og_type":"article","og_title":"Solarkomplettanlage Flat-Light MT FL\/MT FLQ - Bantam Camping AG","og_description":"Beinhaltet alles, was ben\u00f6tigt wird, um eine Solaranlage f\u00fcr ein Reisefahrzeug aufzubauen. Mit extrem leichtem High-End-Solarmodule zum direkten Aufkleben mit dazugeh\u00f6rigem Klebezubeh\u00f6r. Die Dachdurchf\u00fchrung ist druckwasserdicht. Alle Solarregler sind mit verbesserter MPPT Technologie ausgestattet und k\u00f6nnen per Bluetooth \u00fcber eine mobile App gesteuert werden. Zus\u00e4tzlich besitzen sie einen zweiten Ladeausgang zur Starterbatterie bis 10 A [&hellip;]","og_url":"https:\/\/shop.bantam.ch\/de\/produkt\/solarkomplettanlage-flat-light-mt-fl-mt-flq\/","og_site_name":"Bantam Camping AG","article_modified_time":"2026-04-17T23:32:19+00:00","twitter_card":"summary_large_image","twitter_misc":{"Gesch\u00e4tzte Lesezeit":"1\u00a0Minute"},"schema":{"@context":"https:\/\/schema.org","@graph":[{"@type":"WebPage","@id":"https:\/\/shop.bantam.ch\/de\/produkt\/solarkomplettanlage-flat-light-mt-fl-mt-flq\/","url":"https:\/\/shop.bantam.ch\/de\/produkt\/solarkomplettanlage-flat-light-mt-fl-mt-flq\/","name":"Solarkomplettanlage Flat-Light MT FL\/MT FLQ - Bantam Camping AG","isPartOf":{"@id":"https:\/\/shop.bantam.ch\/de\/#website"},"primaryImageOfPage":{"@id":"https:\/\/shop.bantam.ch\/de\/produkt\/solarkomplettanlage-flat-light-mt-fl-mt-flq\/#primaryimage"},"image":{"@id":"https:\/\/shop.bantam.ch\/de\/produkt\/solarkomplettanlage-flat-light-mt-fl-mt-flq\/#primaryimage"},"thumbnailUrl":"https:\/\/shop.bantam.ch\/wp-content\/uploads\/2024\/05\/Movera-L-9971436100.jpg","datePublished":"2024-05-15T16:03:52+00:00","dateModified":"2026-04-17T23:32:19+00:00","breadcrumb":{"@id":"https:\/\/shop.bantam.ch\/de\/produkt\/solarkomplettanlage-flat-light-mt-fl-mt-flq\/#breadcrumb"},"inLanguage":"de","potentialAction":[{"@type":"ReadAction","target":["https:\/\/shop.bantam.ch\/de\/produkt\/solarkomplettanlage-flat-light-mt-fl-mt-flq\/"]}]},{"@type":"ImageObject","inLanguage":"de","@id":"https:\/\/shop.bantam.ch\/de\/produkt\/solarkomplettanlage-flat-light-mt-fl-mt-flq\/#primaryimage","url":"https:\/\/shop.bantam.ch\/wp-content\/uploads\/2024\/05\/Movera-L-9971436100.jpg","contentUrl":"https:\/\/shop.bantam.ch\/wp-content\/uploads\/2024\/05\/Movera-L-9971436100.jpg","width":640,"height":640},{"@type":"BreadcrumbList","@id":"https:\/\/shop.bantam.ch\/de\/produkt\/solarkomplettanlage-flat-light-mt-fl-mt-flq\/#breadcrumb","itemListElement":[{"@type":"ListItem","position":1,"name":"Accueil","item":"https:\/\/shop.bantam.ch\/de\/"},{"@type":"ListItem","position":2,"name":"Shop","item":"https:\/\/shop.bantam.ch\/de\/shop\/"},{"@type":"ListItem","position":3,"name":"Solarkomplettanlage Flat-Light MT FL\/MT FLQ"}]},{"@type":"WebSite","@id":"https:\/\/shop.bantam.ch\/de\/#website","url":"https:\/\/shop.bantam.ch\/de\/","name":"Bantam Camping AG","description":"","publisher":{"@id":"https:\/\/shop.bantam.ch\/de\/#organization"},"inLanguage":"de"},{"@type":"Organization","@id":"https:\/\/shop.bantam.ch\/de\/#organization","name":"Bantam Camping AG","url":"https:\/\/shop.bantam.ch\/de\/","logo":{"@type":"ImageObject","inLanguage":"de","@id":"https:\/\/shop.bantam.ch\/de\/#\/schema\/logo\/image\/","url":"https:\/\/shop.bantam.ch\/wp-content\/uploads\/2022\/12\/bantam-logo.png","contentUrl":"https:\/\/shop.bantam.ch\/wp-content\/uploads\/2022\/12\/bantam-logo.png","width":320,"height":71,"caption":"Bantam Camping AG"},"image":{"@id":"https:\/\/shop.bantam.ch\/de\/#\/schema\/logo\/image\/"}}]}},"_links":{"self":[{"href":"https:\/\/shop.bantam.ch\/de\/wp-json\/wp\/v2\/product\/201520","targetHints":{"allow":["GET"]}}],"collection":[{"href":"https:\/\/shop.bantam.ch\/de\/wp-json\/wp\/v2\/product"}],"about":[{"href":"https:\/\/shop.bantam.ch\/de\/wp-json\/wp\/v2\/types\/product"}],"wp:featuredmedia":[{"embeddable":true,"href":"https:\/\/shop.bantam.ch\/de\/wp-json\/wp\/v2\/media\/201512"}],"wp:attachment":[{"href":"https:\/\/shop.bantam.ch\/de\/wp-json\/wp\/v2\/media?parent=201520"}],"wp:term":[{"taxonomy":"product_featured_cat","embeddable":true,"href":"https:\/\/shop.bantam.ch\/de\/wp-json\/wp\/v2\/product_featured_cat?post=201520"},{"taxonomy":"product_brand","embeddable":true,"href":"https:\/\/shop.bantam.ch\/de\/wp-json\/wp\/v2\/product_brand?post=201520"},{"taxonomy":"product_cat","embeddable":true,"href":"https:\/\/shop.bantam.ch\/de\/wp-json\/wp\/v2\/product_cat?post=201520"},{"taxonomy":"product_tag","embeddable":true,"href":"https:\/\/shop.bantam.ch\/de\/wp-json\/wp\/v2\/product_tag?post=201520"}],"curies":[{"name":"wp","href":"https:\/\/api.w.org\/{rel}","templated":true}]}}