{"id":201372,"date":"2024-05-15T17:59:02","date_gmt":"2024-05-15T15:59:02","guid":{"rendered":"https:\/\/shop.bantam.ch\/produit\/klimaanlage-dometic-freshwell-3000\/"},"modified":"2026-04-18T23:17:42","modified_gmt":"2026-04-18T21:17:42","slug":"klimaanlage-dometic-freshwell-3000","status":"publish","type":"product","link":"https:\/\/shop.bantam.ch\/de\/produkt\/klimaanlage-dometic-freshwell-3000\/","title":{"rendered":"Klimaanlage DOMETIC FreshWell 3000"},"content":{"rendered":"<p>K\u00dcHLUNG IN FAHRZEUGEN ALLER GR\u00d6SSENORDNUNGEN<br \/>\nHaben Sie noch Platz im Staukasten? Dann sollten Sie die Klimaanlage dort montieren: Das Dach wird nicht belastet und Schwerpunkt sowie Au\u00dfenabmessungen des Fahrzeugs bleiben unver\u00e4ndert, d. h. das Fahrzeug passt nach wie vor in den Carport zu Hause. Mit der Dometic FreshWell 3000 bieten wir die kompakteste Staukastenklimaanlage in der Leistungskategorie bis 2700 Watt. Die Dometic FreshWell 3000 ist angenehm leise im Betrieb. Ihr Luftverteilersystem erzeugt einen erfrischenden Luftstrom und verteilt diesen mithilfe von zus\u00e4tzlichem Zubeh\u00f6r \u00fcber drei Ausg\u00e4nge gleichm\u00e4\u00dfig im Raum. Die Luftausg\u00e4nge k\u00f6nnen nach Belieben im Fahrzeug verteilt werden \u2013 ganz gleich, ob zusammen an einer Stelle oder in verschiedenen R\u00e4umen. Mit dem passenden Gleichstromkit l\u00e4sst sich Ihre Staukastenklimaanlage sogar w\u00e4hrend der Fahrt anstellen.<\/p>\n<p>STAUKASTENKLIMAANLAGEN<br \/>\nNach der Installation der FreshWell 3000 kann das Luftverteilersystem mit Hilfe des erg\u00e4nzenden Zubeh\u00f6rs an die individuellen Pr\u00e4ferenzen angepasst werden. Sie bietet die M\u00f6glichkeit, alle drei Luftausg\u00e4nge an derselben Stelle zu b\u00fcndeln und sie in eine Richtung weiterzuleiten. Alternativ dazu k\u00f6nnen die L\u00fcftungs\u00f6ffnungen an verschiedenen Stellen im Inneren installiert werden, damit die Luftstr\u00f6me in bestimmte Richtungen verteilt werden. Alle Funktionen k\u00f6nnen ganz einfach per Fernbedienung aktiviert werden. ON\/OFF, Temperaturwahl, L\u00fcftungsgeschwindigkeit und Betriebsmodus Das digitale Display der Fernbedienung zeigt die jeweils gew\u00e4hlten Einstellungen.<\/p>\n<p>Durch die praktische Unterbringung in Stauk\u00e4sten in Wohnmobilen und Wohnwagen bietet die Staukastenklimaanlage eine effiziente L\u00f6sung f\u00fcr Fahrzeuge mit einer L\u00e4nge von bis zu 8 m.<\/p>\n<p><strong>Luftverteilung<\/strong><br \/>\nAnpassbares Luftverteilersystem f\u00fcr einen Bereich oder f\u00fcr verschiedene R\u00e4ume<\/p>\n<p><strong>Fernbedienung<\/strong><br \/>\nBequeme Aktivierung aller Funktionen \u00fcber die Fernbedienung<\/p>\n<ul>\n<li>Staukastenposition bedeutet, dass die Fahrzeugh\u00f6he nicht beeinflusst wird<\/li>\n<li>K\u00fchle oder warme Luft auf Knopfdruck<\/li>\n<li>Softstart-Funktion f\u00fcr verl\u00e4ssliches Starten auf Campingpl\u00e4tzen mit schwacher elektrischer Absicherung<\/li>\n<li>K\u00fchlleistung: 2700 W\/9200 BTU\/h<\/li>\n<li>Heizleistung bis zu 3.000 Watt<\/li>\n<li>Sehr leise Luftzirkulation<\/li>\n<li>Leichte und kompakte Einheit<\/li>\n<\/ul>\n","protected":false},"excerpt":{"rendered":"<p>K\u00dcHLUNG IN FAHRZEUGEN ALLER GR\u00d6SSENORDNUNGEN Haben Sie noch Platz im Staukasten? Dann sollten Sie die Klimaanlage dort montieren: Das Dach wird nicht belastet und Schwerpunkt sowie Au\u00dfenabmessungen des Fahrzeugs bleiben unver\u00e4ndert, d. h. das Fahrzeug passt nach wie vor in den Carport zu Hause. Mit der Dometic FreshWell 3000 bieten wir die kompakteste Staukastenklimaanlage in [&hellip;]<\/p>\n","protected":false},"featured_media":207669,"template":"","meta":{"_acf_changed":false},"product_featured_cat":[],"product_brand":[],"product_cat":[4090],"product_tag":[],"class_list":{"0":"post-201372","1":"product","2":"type-product","3":"status-publish","4":"has-post-thumbnail","6":"product_cat-klimaanlagen","8":"first","9":"instock","10":"taxable","11":"shipping-taxable","12":"purchasable","13":"product-type-simple"},"acf":[],"yoast_head":"<!-- This site is optimized with the Yoast SEO plugin v27.4 - https:\/\/yoast.com\/product\/yoast-seo-wordpress\/ -->\n<title>Klimaanlage DOMETIC FreshWell 3000 - Bantam Camping AG<\/title>\n<meta name=\"robots\" content=\"index, follow, max-snippet:-1, max-image-preview:large, max-video-preview:-1\" \/>\n<link rel=\"canonical\" href=\"https:\/\/shop.bantam.ch\/de\/produkt\/klimaanlage-dometic-freshwell-3000\/\" \/>\n<meta property=\"og:locale\" content=\"de_DE\" \/>\n<meta property=\"og:type\" content=\"article\" \/>\n<meta property=\"og:title\" content=\"Klimaanlage DOMETIC FreshWell 3000 - Bantam Camping AG\" \/>\n<meta property=\"og:description\" content=\"K\u00dcHLUNG IN FAHRZEUGEN ALLER GR\u00d6SSENORDNUNGEN Haben Sie noch Platz im Staukasten? Dann sollten Sie die Klimaanlage dort montieren: Das Dach wird nicht belastet und Schwerpunkt sowie Au\u00dfenabmessungen des Fahrzeugs bleiben unver\u00e4ndert, d. h. das Fahrzeug passt nach wie vor in den Carport zu Hause. Mit der Dometic FreshWell 3000 bieten wir die kompakteste Staukastenklimaanlage in [&hellip;]\" \/>\n<meta property=\"og:url\" content=\"https:\/\/shop.bantam.ch\/de\/produkt\/klimaanlage-dometic-freshwell-3000\/\" \/>\n<meta property=\"og:site_name\" content=\"Bantam Camping AG\" \/>\n<meta property=\"article:modified_time\" content=\"2026-04-18T21:17:42+00:00\" \/>\n<meta name=\"twitter:card\" content=\"summary_large_image\" \/>\n<meta name=\"twitter:label1\" content=\"Gesch\u00e4tzte Lesezeit\" \/>\n\t<meta name=\"twitter:data1\" content=\"2\u00a0Minuten\" \/>\n<script type=\"application\/ld+json\" class=\"yoast-schema-graph\">{\"@context\":\"https:\\\/\\\/schema.org\",\"@graph\":[{\"@type\":\"WebPage\",\"@id\":\"https:\\\/\\\/shop.bantam.ch\\\/de\\\/produkt\\\/klimaanlage-dometic-freshwell-3000\\\/\",\"url\":\"https:\\\/\\\/shop.bantam.ch\\\/de\\\/produkt\\\/klimaanlage-dometic-freshwell-3000\\\/\",\"name\":\"Klimaanlage DOMETIC FreshWell 3000 - Bantam Camping AG\",\"isPartOf\":{\"@id\":\"https:\\\/\\\/shop.bantam.ch\\\/de\\\/#website\"},\"primaryImageOfPage\":{\"@id\":\"https:\\\/\\\/shop.bantam.ch\\\/de\\\/produkt\\\/klimaanlage-dometic-freshwell-3000\\\/#primaryimage\"},\"image\":{\"@id\":\"https:\\\/\\\/shop.bantam.ch\\\/de\\\/produkt\\\/klimaanlage-dometic-freshwell-3000\\\/#primaryimage\"},\"thumbnailUrl\":\"https:\\\/\\\/shop.bantam.ch\\\/wp-content\\\/uploads\\\/2024\\\/09\\\/Movera-L-9975372100.jpg\",\"datePublished\":\"2024-05-15T15:59:02+00:00\",\"dateModified\":\"2026-04-18T21:17:42+00:00\",\"breadcrumb\":{\"@id\":\"https:\\\/\\\/shop.bantam.ch\\\/de\\\/produkt\\\/klimaanlage-dometic-freshwell-3000\\\/#breadcrumb\"},\"inLanguage\":\"de\",\"potentialAction\":[{\"@type\":\"ReadAction\",\"target\":[\"https:\\\/\\\/shop.bantam.ch\\\/de\\\/produkt\\\/klimaanlage-dometic-freshwell-3000\\\/\"]}]},{\"@type\":\"ImageObject\",\"inLanguage\":\"de\",\"@id\":\"https:\\\/\\\/shop.bantam.ch\\\/de\\\/produkt\\\/klimaanlage-dometic-freshwell-3000\\\/#primaryimage\",\"url\":\"https:\\\/\\\/shop.bantam.ch\\\/wp-content\\\/uploads\\\/2024\\\/09\\\/Movera-L-9975372100.jpg\",\"contentUrl\":\"https:\\\/\\\/shop.bantam.ch\\\/wp-content\\\/uploads\\\/2024\\\/09\\\/Movera-L-9975372100.jpg\",\"width\":640,\"height\":640},{\"@type\":\"BreadcrumbList\",\"@id\":\"https:\\\/\\\/shop.bantam.ch\\\/de\\\/produkt\\\/klimaanlage-dometic-freshwell-3000\\\/#breadcrumb\",\"itemListElement\":[{\"@type\":\"ListItem\",\"position\":1,\"name\":\"Accueil\",\"item\":\"https:\\\/\\\/shop.bantam.ch\\\/de\\\/\"},{\"@type\":\"ListItem\",\"position\":2,\"name\":\"Shop\",\"item\":\"https:\\\/\\\/shop.bantam.ch\\\/de\\\/shop\\\/\"},{\"@type\":\"ListItem\",\"position\":3,\"name\":\"Klimaanlage DOMETIC FreshWell 3000\"}]},{\"@type\":\"WebSite\",\"@id\":\"https:\\\/\\\/shop.bantam.ch\\\/de\\\/#website\",\"url\":\"https:\\\/\\\/shop.bantam.ch\\\/de\\\/\",\"name\":\"Bantam Camping AG\",\"description\":\"\",\"publisher\":{\"@id\":\"https:\\\/\\\/shop.bantam.ch\\\/de\\\/#organization\"},\"inLanguage\":\"de\"},{\"@type\":\"Organization\",\"@id\":\"https:\\\/\\\/shop.bantam.ch\\\/de\\\/#organization\",\"name\":\"Bantam Camping AG\",\"url\":\"https:\\\/\\\/shop.bantam.ch\\\/de\\\/\",\"logo\":{\"@type\":\"ImageObject\",\"inLanguage\":\"de\",\"@id\":\"https:\\\/\\\/shop.bantam.ch\\\/de\\\/#\\\/schema\\\/logo\\\/image\\\/\",\"url\":\"https:\\\/\\\/shop.bantam.ch\\\/wp-content\\\/uploads\\\/2022\\\/12\\\/bantam-logo.png\",\"contentUrl\":\"https:\\\/\\\/shop.bantam.ch\\\/wp-content\\\/uploads\\\/2022\\\/12\\\/bantam-logo.png\",\"width\":320,\"height\":71,\"caption\":\"Bantam Camping AG\"},\"image\":{\"@id\":\"https:\\\/\\\/shop.bantam.ch\\\/de\\\/#\\\/schema\\\/logo\\\/image\\\/\"}}]}<\/script>\n<!-- \/ Yoast SEO plugin. -->","yoast_head_json":{"title":"Klimaanlage DOMETIC FreshWell 3000 - Bantam Camping AG","robots":{"index":"index","follow":"follow","max-snippet":"max-snippet:-1","max-image-preview":"max-image-preview:large","max-video-preview":"max-video-preview:-1"},"canonical":"https:\/\/shop.bantam.ch\/de\/produkt\/klimaanlage-dometic-freshwell-3000\/","og_locale":"de_DE","og_type":"article","og_title":"Klimaanlage DOMETIC FreshWell 3000 - Bantam Camping AG","og_description":"K\u00dcHLUNG IN FAHRZEUGEN ALLER GR\u00d6SSENORDNUNGEN Haben Sie noch Platz im Staukasten? Dann sollten Sie die Klimaanlage dort montieren: Das Dach wird nicht belastet und Schwerpunkt sowie Au\u00dfenabmessungen des Fahrzeugs bleiben unver\u00e4ndert, d. h. das Fahrzeug passt nach wie vor in den Carport zu Hause. Mit der Dometic FreshWell 3000 bieten wir die kompakteste Staukastenklimaanlage in [&hellip;]","og_url":"https:\/\/shop.bantam.ch\/de\/produkt\/klimaanlage-dometic-freshwell-3000\/","og_site_name":"Bantam Camping AG","article_modified_time":"2026-04-18T21:17:42+00:00","twitter_card":"summary_large_image","twitter_misc":{"Gesch\u00e4tzte Lesezeit":"2\u00a0Minuten"},"schema":{"@context":"https:\/\/schema.org","@graph":[{"@type":"WebPage","@id":"https:\/\/shop.bantam.ch\/de\/produkt\/klimaanlage-dometic-freshwell-3000\/","url":"https:\/\/shop.bantam.ch\/de\/produkt\/klimaanlage-dometic-freshwell-3000\/","name":"Klimaanlage DOMETIC FreshWell 3000 - Bantam Camping AG","isPartOf":{"@id":"https:\/\/shop.bantam.ch\/de\/#website"},"primaryImageOfPage":{"@id":"https:\/\/shop.bantam.ch\/de\/produkt\/klimaanlage-dometic-freshwell-3000\/#primaryimage"},"image":{"@id":"https:\/\/shop.bantam.ch\/de\/produkt\/klimaanlage-dometic-freshwell-3000\/#primaryimage"},"thumbnailUrl":"https:\/\/shop.bantam.ch\/wp-content\/uploads\/2024\/09\/Movera-L-9975372100.jpg","datePublished":"2024-05-15T15:59:02+00:00","dateModified":"2026-04-18T21:17:42+00:00","breadcrumb":{"@id":"https:\/\/shop.bantam.ch\/de\/produkt\/klimaanlage-dometic-freshwell-3000\/#breadcrumb"},"inLanguage":"de","potentialAction":[{"@type":"ReadAction","target":["https:\/\/shop.bantam.ch\/de\/produkt\/klimaanlage-dometic-freshwell-3000\/"]}]},{"@type":"ImageObject","inLanguage":"de","@id":"https:\/\/shop.bantam.ch\/de\/produkt\/klimaanlage-dometic-freshwell-3000\/#primaryimage","url":"https:\/\/shop.bantam.ch\/wp-content\/uploads\/2024\/09\/Movera-L-9975372100.jpg","contentUrl":"https:\/\/shop.bantam.ch\/wp-content\/uploads\/2024\/09\/Movera-L-9975372100.jpg","width":640,"height":640},{"@type":"BreadcrumbList","@id":"https:\/\/shop.bantam.ch\/de\/produkt\/klimaanlage-dometic-freshwell-3000\/#breadcrumb","itemListElement":[{"@type":"ListItem","position":1,"name":"Accueil","item":"https:\/\/shop.bantam.ch\/de\/"},{"@type":"ListItem","position":2,"name":"Shop","item":"https:\/\/shop.bantam.ch\/de\/shop\/"},{"@type":"ListItem","position":3,"name":"Klimaanlage DOMETIC FreshWell 3000"}]},{"@type":"WebSite","@id":"https:\/\/shop.bantam.ch\/de\/#website","url":"https:\/\/shop.bantam.ch\/de\/","name":"Bantam Camping AG","description":"","publisher":{"@id":"https:\/\/shop.bantam.ch\/de\/#organization"},"inLanguage":"de"},{"@type":"Organization","@id":"https:\/\/shop.bantam.ch\/de\/#organization","name":"Bantam Camping AG","url":"https:\/\/shop.bantam.ch\/de\/","logo":{"@type":"ImageObject","inLanguage":"de","@id":"https:\/\/shop.bantam.ch\/de\/#\/schema\/logo\/image\/","url":"https:\/\/shop.bantam.ch\/wp-content\/uploads\/2022\/12\/bantam-logo.png","contentUrl":"https:\/\/shop.bantam.ch\/wp-content\/uploads\/2022\/12\/bantam-logo.png","width":320,"height":71,"caption":"Bantam Camping AG"},"image":{"@id":"https:\/\/shop.bantam.ch\/de\/#\/schema\/logo\/image\/"}}]}},"_links":{"self":[{"href":"https:\/\/shop.bantam.ch\/de\/wp-json\/wp\/v2\/product\/201372","targetHints":{"allow":["GET"]}}],"collection":[{"href":"https:\/\/shop.bantam.ch\/de\/wp-json\/wp\/v2\/product"}],"about":[{"href":"https:\/\/shop.bantam.ch\/de\/wp-json\/wp\/v2\/types\/product"}],"wp:featuredmedia":[{"embeddable":true,"href":"https:\/\/shop.bantam.ch\/de\/wp-json\/wp\/v2\/media\/207669"}],"wp:attachment":[{"href":"https:\/\/shop.bantam.ch\/de\/wp-json\/wp\/v2\/media?parent=201372"}],"wp:term":[{"taxonomy":"product_featured_cat","embeddable":true,"href":"https:\/\/shop.bantam.ch\/de\/wp-json\/wp\/v2\/product_featured_cat?post=201372"},{"taxonomy":"product_brand","embeddable":true,"href":"https:\/\/shop.bantam.ch\/de\/wp-json\/wp\/v2\/product_brand?post=201372"},{"taxonomy":"product_cat","embeddable":true,"href":"https:\/\/shop.bantam.ch\/de\/wp-json\/wp\/v2\/product_cat?post=201372"},{"taxonomy":"product_tag","embeddable":true,"href":"https:\/\/shop.bantam.ch\/de\/wp-json\/wp\/v2\/product_tag?post=201372"}],"curies":[{"name":"wp","href":"https:\/\/api.w.org\/{rel}","templated":true}]}}