{"id":201360,"date":"2024-05-15T17:58:49","date_gmt":"2024-05-15T15:58:49","guid":{"rendered":"https:\/\/shop.bantam.ch\/produit\/luefterset-ar-vkit-fuer-dometic-absorberkuehlschraenke-der-serie-4589\/"},"modified":"2026-04-19T23:20:19","modified_gmt":"2026-04-19T21:20:19","slug":"luefterset-ar-vkit-fuer-dometic-absorberkuehlschraenke-der-serie-4589","status":"publish","type":"product","link":"https:\/\/shop.bantam.ch\/de\/produkt\/luefterset-ar-vkit-fuer-dometic-absorberkuehlschraenke-der-serie-4589\/","title":{"rendered":"L\u00fcfterset AR-VKIT f\u00fcr DOMETIC Absorberk\u00fchlschr\u00e4nke der Serie 4,5,8,9"},"content":{"rendered":"<p>Optimale Bel\u00fcftung ihres K\u00fchlschranks, empfehlenswert bei hohen Au\u00dfentemperaturen.&nbsp;Optionales L\u00fcftungszubeh\u00f6r f\u00fcr die Leistungsoptimierung von K\u00fchlschr\u00e4nken der 4er-, 5er-, 8er- und 9er-Serien. Thermostatgesteuert, \u00e4u\u00dferst leicht zu montieren.<\/p>\n<ul>\n<li>Das L\u00fcftungsset ist sehr einfach zu montieren<\/li>\n<li>Damit haben Sie die optimale L\u00fcftung f\u00fcr den K\u00fchlschrank bei bester K\u00fchlleistung.<\/li>\n<li>Dieses Set wird besonders bei hohen Umgebungstemperaturen oder intensiver Sonneneinstrahlung empfohlen<\/li>\n<\/ul>\n","protected":false},"excerpt":{"rendered":"<p>Optimale Bel\u00fcftung ihres K\u00fchlschranks, empfehlenswert bei hohen Au\u00dfentemperaturen.&nbsp;Optionales L\u00fcftungszubeh\u00f6r f\u00fcr die Leistungsoptimierung von K\u00fchlschr\u00e4nken der 4er-, 5er-, 8er- und 9er-Serien. Thermostatgesteuert, \u00e4u\u00dferst leicht zu montieren. Das L\u00fcftungsset ist sehr einfach zu montieren Damit haben Sie die optimale L\u00fcftung f\u00fcr den K\u00fchlschrank bei bester K\u00fchlleistung. Dieses Set wird besonders bei hohen Umgebungstemperaturen oder intensiver Sonneneinstrahlung empfohlen<\/p>\n","protected":false},"featured_media":207665,"template":"","meta":{"_acf_changed":false},"product_featured_cat":[],"product_brand":[],"product_cat":[4560],"product_tag":[],"class_list":{"0":"post-201360","1":"product","2":"type-product","3":"status-publish","4":"has-post-thumbnail","6":"product_cat-kuehlschrankluefter","8":"first","9":"instock","10":"taxable","11":"shipping-taxable","12":"purchasable","13":"product-type-simple"},"acf":[],"yoast_head":"<!-- This site is optimized with the Yoast SEO plugin v27.4 - https:\/\/yoast.com\/product\/yoast-seo-wordpress\/ -->\n<title>L\u00fcfterset AR-VKIT f\u00fcr DOMETIC Absorberk\u00fchlschr\u00e4nke der Serie 4,5,8,9 - Bantam Camping AG<\/title>\n<meta name=\"robots\" content=\"index, follow, max-snippet:-1, max-image-preview:large, max-video-preview:-1\" \/>\n<link rel=\"canonical\" href=\"https:\/\/shop.bantam.ch\/de\/produkt\/luefterset-ar-vkit-fuer-dometic-absorberkuehlschraenke-der-serie-4589\/\" \/>\n<meta property=\"og:locale\" content=\"de_DE\" \/>\n<meta property=\"og:type\" content=\"article\" \/>\n<meta property=\"og:title\" content=\"L\u00fcfterset AR-VKIT f\u00fcr DOMETIC Absorberk\u00fchlschr\u00e4nke der Serie 4,5,8,9 - Bantam Camping AG\" \/>\n<meta property=\"og:description\" content=\"Optimale Bel\u00fcftung ihres K\u00fchlschranks, empfehlenswert bei hohen Au\u00dfentemperaturen.&nbsp;Optionales L\u00fcftungszubeh\u00f6r f\u00fcr die Leistungsoptimierung von K\u00fchlschr\u00e4nken der 4er-, 5er-, 8er- und 9er-Serien. Thermostatgesteuert, \u00e4u\u00dferst leicht zu montieren. Das L\u00fcftungsset ist sehr einfach zu montieren Damit haben Sie die optimale L\u00fcftung f\u00fcr den K\u00fchlschrank bei bester K\u00fchlleistung. Dieses Set wird besonders bei hohen Umgebungstemperaturen oder intensiver Sonneneinstrahlung empfohlen\" \/>\n<meta property=\"og:url\" content=\"https:\/\/shop.bantam.ch\/de\/produkt\/luefterset-ar-vkit-fuer-dometic-absorberkuehlschraenke-der-serie-4589\/\" \/>\n<meta property=\"og:site_name\" content=\"Bantam Camping AG\" \/>\n<meta property=\"article:modified_time\" content=\"2026-04-19T21:20:19+00:00\" \/>\n<meta name=\"twitter:card\" content=\"summary_large_image\" \/>\n<script type=\"application\/ld+json\" class=\"yoast-schema-graph\">{\"@context\":\"https:\\\/\\\/schema.org\",\"@graph\":[{\"@type\":\"WebPage\",\"@id\":\"https:\\\/\\\/shop.bantam.ch\\\/de\\\/produkt\\\/luefterset-ar-vkit-fuer-dometic-absorberkuehlschraenke-der-serie-4589\\\/\",\"url\":\"https:\\\/\\\/shop.bantam.ch\\\/de\\\/produkt\\\/luefterset-ar-vkit-fuer-dometic-absorberkuehlschraenke-der-serie-4589\\\/\",\"name\":\"L\u00fcfterset AR-VKIT f\u00fcr DOMETIC Absorberk\u00fchlschr\u00e4nke der Serie 4,5,8,9 - Bantam Camping AG\",\"isPartOf\":{\"@id\":\"https:\\\/\\\/shop.bantam.ch\\\/de\\\/#website\"},\"primaryImageOfPage\":{\"@id\":\"https:\\\/\\\/shop.bantam.ch\\\/de\\\/produkt\\\/luefterset-ar-vkit-fuer-dometic-absorberkuehlschraenke-der-serie-4589\\\/#primaryimage\"},\"image\":{\"@id\":\"https:\\\/\\\/shop.bantam.ch\\\/de\\\/produkt\\\/luefterset-ar-vkit-fuer-dometic-absorberkuehlschraenke-der-serie-4589\\\/#primaryimage\"},\"thumbnailUrl\":\"https:\\\/\\\/shop.bantam.ch\\\/wp-content\\\/uploads\\\/2024\\\/09\\\/Movera-L-9975369100.png\",\"datePublished\":\"2024-05-15T15:58:49+00:00\",\"dateModified\":\"2026-04-19T21:20:19+00:00\",\"breadcrumb\":{\"@id\":\"https:\\\/\\\/shop.bantam.ch\\\/de\\\/produkt\\\/luefterset-ar-vkit-fuer-dometic-absorberkuehlschraenke-der-serie-4589\\\/#breadcrumb\"},\"inLanguage\":\"de\",\"potentialAction\":[{\"@type\":\"ReadAction\",\"target\":[\"https:\\\/\\\/shop.bantam.ch\\\/de\\\/produkt\\\/luefterset-ar-vkit-fuer-dometic-absorberkuehlschraenke-der-serie-4589\\\/\"]}]},{\"@type\":\"ImageObject\",\"inLanguage\":\"de\",\"@id\":\"https:\\\/\\\/shop.bantam.ch\\\/de\\\/produkt\\\/luefterset-ar-vkit-fuer-dometic-absorberkuehlschraenke-der-serie-4589\\\/#primaryimage\",\"url\":\"https:\\\/\\\/shop.bantam.ch\\\/wp-content\\\/uploads\\\/2024\\\/09\\\/Movera-L-9975369100.png\",\"contentUrl\":\"https:\\\/\\\/shop.bantam.ch\\\/wp-content\\\/uploads\\\/2024\\\/09\\\/Movera-L-9975369100.png\",\"width\":640,\"height\":640},{\"@type\":\"BreadcrumbList\",\"@id\":\"https:\\\/\\\/shop.bantam.ch\\\/de\\\/produkt\\\/luefterset-ar-vkit-fuer-dometic-absorberkuehlschraenke-der-serie-4589\\\/#breadcrumb\",\"itemListElement\":[{\"@type\":\"ListItem\",\"position\":1,\"name\":\"Accueil\",\"item\":\"https:\\\/\\\/shop.bantam.ch\\\/de\\\/\"},{\"@type\":\"ListItem\",\"position\":2,\"name\":\"Shop\",\"item\":\"https:\\\/\\\/shop.bantam.ch\\\/de\\\/shop\\\/\"},{\"@type\":\"ListItem\",\"position\":3,\"name\":\"L\u00fcfterset AR-VKIT f\u00fcr DOMETIC Absorberk\u00fchlschr\u00e4nke der Serie 4,5,8,9\"}]},{\"@type\":\"WebSite\",\"@id\":\"https:\\\/\\\/shop.bantam.ch\\\/de\\\/#website\",\"url\":\"https:\\\/\\\/shop.bantam.ch\\\/de\\\/\",\"name\":\"Bantam Camping AG\",\"description\":\"\",\"publisher\":{\"@id\":\"https:\\\/\\\/shop.bantam.ch\\\/de\\\/#organization\"},\"inLanguage\":\"de\"},{\"@type\":\"Organization\",\"@id\":\"https:\\\/\\\/shop.bantam.ch\\\/de\\\/#organization\",\"name\":\"Bantam Camping AG\",\"url\":\"https:\\\/\\\/shop.bantam.ch\\\/de\\\/\",\"logo\":{\"@type\":\"ImageObject\",\"inLanguage\":\"de\",\"@id\":\"https:\\\/\\\/shop.bantam.ch\\\/de\\\/#\\\/schema\\\/logo\\\/image\\\/\",\"url\":\"https:\\\/\\\/shop.bantam.ch\\\/wp-content\\\/uploads\\\/2022\\\/12\\\/bantam-logo.png\",\"contentUrl\":\"https:\\\/\\\/shop.bantam.ch\\\/wp-content\\\/uploads\\\/2022\\\/12\\\/bantam-logo.png\",\"width\":320,\"height\":71,\"caption\":\"Bantam Camping AG\"},\"image\":{\"@id\":\"https:\\\/\\\/shop.bantam.ch\\\/de\\\/#\\\/schema\\\/logo\\\/image\\\/\"}}]}<\/script>\n<!-- \/ Yoast SEO plugin. -->","yoast_head_json":{"title":"L\u00fcfterset AR-VKIT f\u00fcr DOMETIC Absorberk\u00fchlschr\u00e4nke der Serie 4,5,8,9 - Bantam Camping AG","robots":{"index":"index","follow":"follow","max-snippet":"max-snippet:-1","max-image-preview":"max-image-preview:large","max-video-preview":"max-video-preview:-1"},"canonical":"https:\/\/shop.bantam.ch\/de\/produkt\/luefterset-ar-vkit-fuer-dometic-absorberkuehlschraenke-der-serie-4589\/","og_locale":"de_DE","og_type":"article","og_title":"L\u00fcfterset AR-VKIT f\u00fcr DOMETIC Absorberk\u00fchlschr\u00e4nke der Serie 4,5,8,9 - Bantam Camping AG","og_description":"Optimale Bel\u00fcftung ihres K\u00fchlschranks, empfehlenswert bei hohen Au\u00dfentemperaturen.&nbsp;Optionales L\u00fcftungszubeh\u00f6r f\u00fcr die Leistungsoptimierung von K\u00fchlschr\u00e4nken der 4er-, 5er-, 8er- und 9er-Serien. Thermostatgesteuert, \u00e4u\u00dferst leicht zu montieren. Das L\u00fcftungsset ist sehr einfach zu montieren Damit haben Sie die optimale L\u00fcftung f\u00fcr den K\u00fchlschrank bei bester K\u00fchlleistung. Dieses Set wird besonders bei hohen Umgebungstemperaturen oder intensiver Sonneneinstrahlung empfohlen","og_url":"https:\/\/shop.bantam.ch\/de\/produkt\/luefterset-ar-vkit-fuer-dometic-absorberkuehlschraenke-der-serie-4589\/","og_site_name":"Bantam Camping AG","article_modified_time":"2026-04-19T21:20:19+00:00","twitter_card":"summary_large_image","schema":{"@context":"https:\/\/schema.org","@graph":[{"@type":"WebPage","@id":"https:\/\/shop.bantam.ch\/de\/produkt\/luefterset-ar-vkit-fuer-dometic-absorberkuehlschraenke-der-serie-4589\/","url":"https:\/\/shop.bantam.ch\/de\/produkt\/luefterset-ar-vkit-fuer-dometic-absorberkuehlschraenke-der-serie-4589\/","name":"L\u00fcfterset AR-VKIT f\u00fcr DOMETIC Absorberk\u00fchlschr\u00e4nke der Serie 4,5,8,9 - Bantam Camping AG","isPartOf":{"@id":"https:\/\/shop.bantam.ch\/de\/#website"},"primaryImageOfPage":{"@id":"https:\/\/shop.bantam.ch\/de\/produkt\/luefterset-ar-vkit-fuer-dometic-absorberkuehlschraenke-der-serie-4589\/#primaryimage"},"image":{"@id":"https:\/\/shop.bantam.ch\/de\/produkt\/luefterset-ar-vkit-fuer-dometic-absorberkuehlschraenke-der-serie-4589\/#primaryimage"},"thumbnailUrl":"https:\/\/shop.bantam.ch\/wp-content\/uploads\/2024\/09\/Movera-L-9975369100.png","datePublished":"2024-05-15T15:58:49+00:00","dateModified":"2026-04-19T21:20:19+00:00","breadcrumb":{"@id":"https:\/\/shop.bantam.ch\/de\/produkt\/luefterset-ar-vkit-fuer-dometic-absorberkuehlschraenke-der-serie-4589\/#breadcrumb"},"inLanguage":"de","potentialAction":[{"@type":"ReadAction","target":["https:\/\/shop.bantam.ch\/de\/produkt\/luefterset-ar-vkit-fuer-dometic-absorberkuehlschraenke-der-serie-4589\/"]}]},{"@type":"ImageObject","inLanguage":"de","@id":"https:\/\/shop.bantam.ch\/de\/produkt\/luefterset-ar-vkit-fuer-dometic-absorberkuehlschraenke-der-serie-4589\/#primaryimage","url":"https:\/\/shop.bantam.ch\/wp-content\/uploads\/2024\/09\/Movera-L-9975369100.png","contentUrl":"https:\/\/shop.bantam.ch\/wp-content\/uploads\/2024\/09\/Movera-L-9975369100.png","width":640,"height":640},{"@type":"BreadcrumbList","@id":"https:\/\/shop.bantam.ch\/de\/produkt\/luefterset-ar-vkit-fuer-dometic-absorberkuehlschraenke-der-serie-4589\/#breadcrumb","itemListElement":[{"@type":"ListItem","position":1,"name":"Accueil","item":"https:\/\/shop.bantam.ch\/de\/"},{"@type":"ListItem","position":2,"name":"Shop","item":"https:\/\/shop.bantam.ch\/de\/shop\/"},{"@type":"ListItem","position":3,"name":"L\u00fcfterset AR-VKIT f\u00fcr DOMETIC Absorberk\u00fchlschr\u00e4nke der Serie 4,5,8,9"}]},{"@type":"WebSite","@id":"https:\/\/shop.bantam.ch\/de\/#website","url":"https:\/\/shop.bantam.ch\/de\/","name":"Bantam Camping AG","description":"","publisher":{"@id":"https:\/\/shop.bantam.ch\/de\/#organization"},"inLanguage":"de"},{"@type":"Organization","@id":"https:\/\/shop.bantam.ch\/de\/#organization","name":"Bantam Camping AG","url":"https:\/\/shop.bantam.ch\/de\/","logo":{"@type":"ImageObject","inLanguage":"de","@id":"https:\/\/shop.bantam.ch\/de\/#\/schema\/logo\/image\/","url":"https:\/\/shop.bantam.ch\/wp-content\/uploads\/2022\/12\/bantam-logo.png","contentUrl":"https:\/\/shop.bantam.ch\/wp-content\/uploads\/2022\/12\/bantam-logo.png","width":320,"height":71,"caption":"Bantam Camping AG"},"image":{"@id":"https:\/\/shop.bantam.ch\/de\/#\/schema\/logo\/image\/"}}]}},"_links":{"self":[{"href":"https:\/\/shop.bantam.ch\/de\/wp-json\/wp\/v2\/product\/201360","targetHints":{"allow":["GET"]}}],"collection":[{"href":"https:\/\/shop.bantam.ch\/de\/wp-json\/wp\/v2\/product"}],"about":[{"href":"https:\/\/shop.bantam.ch\/de\/wp-json\/wp\/v2\/types\/product"}],"wp:featuredmedia":[{"embeddable":true,"href":"https:\/\/shop.bantam.ch\/de\/wp-json\/wp\/v2\/media\/207665"}],"wp:attachment":[{"href":"https:\/\/shop.bantam.ch\/de\/wp-json\/wp\/v2\/media?parent=201360"}],"wp:term":[{"taxonomy":"product_featured_cat","embeddable":true,"href":"https:\/\/shop.bantam.ch\/de\/wp-json\/wp\/v2\/product_featured_cat?post=201360"},{"taxonomy":"product_brand","embeddable":true,"href":"https:\/\/shop.bantam.ch\/de\/wp-json\/wp\/v2\/product_brand?post=201360"},{"taxonomy":"product_cat","embeddable":true,"href":"https:\/\/shop.bantam.ch\/de\/wp-json\/wp\/v2\/product_cat?post=201360"},{"taxonomy":"product_tag","embeddable":true,"href":"https:\/\/shop.bantam.ch\/de\/wp-json\/wp\/v2\/product_tag?post=201360"}],"curies":[{"name":"wp","href":"https:\/\/api.w.org\/{rel}","templated":true}]}}