{"id":201336,"date":"2024-05-15T17:58:10","date_gmt":"2024-05-15T15:58:10","guid":{"rendered":"https:\/\/shop.bantam.ch\/produit\/kuehlschrankzubehoer-mobicool-upgrade-kit-rml-10-4s\/"},"modified":"2026-04-20T23:15:10","modified_gmt":"2026-04-20T21:15:10","slug":"kuehlschrankzubehoer-mobicool-upgrade-kit-rml-10-4s","status":"publish","type":"product","link":"https:\/\/shop.bantam.ch\/de\/produkt\/kuehlschrankzubehoer-mobicool-upgrade-kit-rml-10-4s\/","title":{"rendered":"K\u00fchlschrankzubeh\u00f6r MOBICOOL Upgrade Kit RML 10.4S"},"content":{"rendered":"<p>R\u00fcsten Sie Ihren RML 10.4S oder RCL 10.4S K\u00fchlschrank mit diesem praktischen Kit auf. \u00d6ffnen Sie die T\u00fcr links und rechts, verbessern Sie die Lageroptionen mit einer zus\u00e4tzlichen Ablage, nutzen Sie die zus\u00e4tzliche T\u00fcrablage und profitieren Sie von einem Deckel mit verstellbarer Feuchtigkeitskontrolle f\u00fcr das Gem\u00fcsefach, der auch als zus\u00e4tzliche Ablagefl\u00e4che dient.<\/p>\n<ul>\n<li>Patentierter doppelseitiger T\u00fcranschlag \u2013 kann nach links und rechts ge\u00f6ffnet werden, ohne dass der T\u00fcranschlag ge\u00e4ndert werden muss<\/li>\n<li>Flexiblere Innenraumaufteilung \u2013 extra Tragrost und T\u00fcrablage<\/li>\n<li>VG-Fresh Deckel mit verstellbarer Luftfeuchtigkeit f\u00fcr Gem\u00fcsefach \u2013 h\u00e4lt Obst und Gem\u00fcse l\u00e4nger frisch<\/li>\n<li>Elegante Aluminiumgriffe \u00fcber die gesamte H\u00f6he des K\u00fchlschranks<\/li>\n<li>Zwei-Punkt-Schlie\u00dfsystem an beiden Seiten f\u00fcr mehr Sicherheit<\/li>\n<\/ul>\n","protected":false},"excerpt":{"rendered":"<p>R\u00fcsten Sie Ihren RML 10.4S oder RCL 10.4S K\u00fchlschrank mit diesem praktischen Kit auf. \u00d6ffnen Sie die T\u00fcr links und rechts, verbessern Sie die Lageroptionen mit einer zus\u00e4tzlichen Ablage, nutzen Sie die zus\u00e4tzliche T\u00fcrablage und profitieren Sie von einem Deckel mit verstellbarer Feuchtigkeitskontrolle f\u00fcr das Gem\u00fcsefach, der auch als zus\u00e4tzliche Ablagefl\u00e4che dient. Patentierter doppelseitiger T\u00fcranschlag [&hellip;]<\/p>\n","protected":false},"featured_media":207653,"template":"","meta":{"_acf_changed":false},"product_featured_cat":[],"product_brand":[],"product_cat":[4556],"product_tag":[],"class_list":{"0":"post-201336","1":"product","2":"type-product","3":"status-publish","4":"has-post-thumbnail","6":"product_cat-zubehoer-fuer-kuehlschraenke","8":"first","9":"instock","10":"taxable","11":"shipping-taxable","12":"purchasable","13":"product-type-simple"},"acf":[],"yoast_head":"<!-- This site is optimized with the Yoast SEO plugin v27.4 - https:\/\/yoast.com\/product\/yoast-seo-wordpress\/ -->\n<title>K\u00fchlschrankzubeh\u00f6r MOBICOOL Upgrade Kit RML 10.4S - Bantam Camping AG<\/title>\n<meta name=\"robots\" content=\"index, follow, max-snippet:-1, max-image-preview:large, max-video-preview:-1\" \/>\n<link rel=\"canonical\" href=\"https:\/\/shop.bantam.ch\/de\/produkt\/kuehlschrankzubehoer-mobicool-upgrade-kit-rml-10-4s\/\" \/>\n<meta property=\"og:locale\" content=\"de_DE\" \/>\n<meta property=\"og:type\" content=\"article\" \/>\n<meta property=\"og:title\" content=\"K\u00fchlschrankzubeh\u00f6r MOBICOOL Upgrade Kit RML 10.4S - Bantam Camping AG\" \/>\n<meta property=\"og:description\" content=\"R\u00fcsten Sie Ihren RML 10.4S oder RCL 10.4S K\u00fchlschrank mit diesem praktischen Kit auf. \u00d6ffnen Sie die T\u00fcr links und rechts, verbessern Sie die Lageroptionen mit einer zus\u00e4tzlichen Ablage, nutzen Sie die zus\u00e4tzliche T\u00fcrablage und profitieren Sie von einem Deckel mit verstellbarer Feuchtigkeitskontrolle f\u00fcr das Gem\u00fcsefach, der auch als zus\u00e4tzliche Ablagefl\u00e4che dient. Patentierter doppelseitiger T\u00fcranschlag [&hellip;]\" \/>\n<meta property=\"og:url\" content=\"https:\/\/shop.bantam.ch\/de\/produkt\/kuehlschrankzubehoer-mobicool-upgrade-kit-rml-10-4s\/\" \/>\n<meta property=\"og:site_name\" content=\"Bantam Camping AG\" \/>\n<meta property=\"article:modified_time\" content=\"2026-04-20T21:15:10+00:00\" \/>\n<meta name=\"twitter:card\" content=\"summary_large_image\" \/>\n<meta name=\"twitter:label1\" content=\"Gesch\u00e4tzte Lesezeit\" \/>\n\t<meta name=\"twitter:data1\" content=\"1\u00a0Minute\" \/>\n<script type=\"application\/ld+json\" class=\"yoast-schema-graph\">{\"@context\":\"https:\\\/\\\/schema.org\",\"@graph\":[{\"@type\":\"WebPage\",\"@id\":\"https:\\\/\\\/shop.bantam.ch\\\/de\\\/produkt\\\/kuehlschrankzubehoer-mobicool-upgrade-kit-rml-10-4s\\\/\",\"url\":\"https:\\\/\\\/shop.bantam.ch\\\/de\\\/produkt\\\/kuehlschrankzubehoer-mobicool-upgrade-kit-rml-10-4s\\\/\",\"name\":\"K\u00fchlschrankzubeh\u00f6r MOBICOOL Upgrade Kit RML 10.4S - Bantam Camping AG\",\"isPartOf\":{\"@id\":\"https:\\\/\\\/shop.bantam.ch\\\/de\\\/#website\"},\"primaryImageOfPage\":{\"@id\":\"https:\\\/\\\/shop.bantam.ch\\\/de\\\/produkt\\\/kuehlschrankzubehoer-mobicool-upgrade-kit-rml-10-4s\\\/#primaryimage\"},\"image\":{\"@id\":\"https:\\\/\\\/shop.bantam.ch\\\/de\\\/produkt\\\/kuehlschrankzubehoer-mobicool-upgrade-kit-rml-10-4s\\\/#primaryimage\"},\"thumbnailUrl\":\"https:\\\/\\\/shop.bantam.ch\\\/wp-content\\\/uploads\\\/2024\\\/09\\\/Movera-L-9975362100.jpg\",\"datePublished\":\"2024-05-15T15:58:10+00:00\",\"dateModified\":\"2026-04-20T21:15:10+00:00\",\"breadcrumb\":{\"@id\":\"https:\\\/\\\/shop.bantam.ch\\\/de\\\/produkt\\\/kuehlschrankzubehoer-mobicool-upgrade-kit-rml-10-4s\\\/#breadcrumb\"},\"inLanguage\":\"de\",\"potentialAction\":[{\"@type\":\"ReadAction\",\"target\":[\"https:\\\/\\\/shop.bantam.ch\\\/de\\\/produkt\\\/kuehlschrankzubehoer-mobicool-upgrade-kit-rml-10-4s\\\/\"]}]},{\"@type\":\"ImageObject\",\"inLanguage\":\"de\",\"@id\":\"https:\\\/\\\/shop.bantam.ch\\\/de\\\/produkt\\\/kuehlschrankzubehoer-mobicool-upgrade-kit-rml-10-4s\\\/#primaryimage\",\"url\":\"https:\\\/\\\/shop.bantam.ch\\\/wp-content\\\/uploads\\\/2024\\\/09\\\/Movera-L-9975362100.jpg\",\"contentUrl\":\"https:\\\/\\\/shop.bantam.ch\\\/wp-content\\\/uploads\\\/2024\\\/09\\\/Movera-L-9975362100.jpg\",\"width\":640,\"height\":640},{\"@type\":\"BreadcrumbList\",\"@id\":\"https:\\\/\\\/shop.bantam.ch\\\/de\\\/produkt\\\/kuehlschrankzubehoer-mobicool-upgrade-kit-rml-10-4s\\\/#breadcrumb\",\"itemListElement\":[{\"@type\":\"ListItem\",\"position\":1,\"name\":\"Accueil\",\"item\":\"https:\\\/\\\/shop.bantam.ch\\\/de\\\/\"},{\"@type\":\"ListItem\",\"position\":2,\"name\":\"Shop\",\"item\":\"https:\\\/\\\/shop.bantam.ch\\\/de\\\/shop\\\/\"},{\"@type\":\"ListItem\",\"position\":3,\"name\":\"K\u00fchlschrankzubeh\u00f6r MOBICOOL Upgrade Kit RML 10.4S\"}]},{\"@type\":\"WebSite\",\"@id\":\"https:\\\/\\\/shop.bantam.ch\\\/de\\\/#website\",\"url\":\"https:\\\/\\\/shop.bantam.ch\\\/de\\\/\",\"name\":\"Bantam Camping AG\",\"description\":\"\",\"publisher\":{\"@id\":\"https:\\\/\\\/shop.bantam.ch\\\/de\\\/#organization\"},\"inLanguage\":\"de\"},{\"@type\":\"Organization\",\"@id\":\"https:\\\/\\\/shop.bantam.ch\\\/de\\\/#organization\",\"name\":\"Bantam Camping AG\",\"url\":\"https:\\\/\\\/shop.bantam.ch\\\/de\\\/\",\"logo\":{\"@type\":\"ImageObject\",\"inLanguage\":\"de\",\"@id\":\"https:\\\/\\\/shop.bantam.ch\\\/de\\\/#\\\/schema\\\/logo\\\/image\\\/\",\"url\":\"https:\\\/\\\/shop.bantam.ch\\\/wp-content\\\/uploads\\\/2022\\\/12\\\/bantam-logo.png\",\"contentUrl\":\"https:\\\/\\\/shop.bantam.ch\\\/wp-content\\\/uploads\\\/2022\\\/12\\\/bantam-logo.png\",\"width\":320,\"height\":71,\"caption\":\"Bantam Camping AG\"},\"image\":{\"@id\":\"https:\\\/\\\/shop.bantam.ch\\\/de\\\/#\\\/schema\\\/logo\\\/image\\\/\"}}]}<\/script>\n<!-- \/ Yoast SEO plugin. -->","yoast_head_json":{"title":"K\u00fchlschrankzubeh\u00f6r MOBICOOL Upgrade Kit RML 10.4S - Bantam Camping AG","robots":{"index":"index","follow":"follow","max-snippet":"max-snippet:-1","max-image-preview":"max-image-preview:large","max-video-preview":"max-video-preview:-1"},"canonical":"https:\/\/shop.bantam.ch\/de\/produkt\/kuehlschrankzubehoer-mobicool-upgrade-kit-rml-10-4s\/","og_locale":"de_DE","og_type":"article","og_title":"K\u00fchlschrankzubeh\u00f6r MOBICOOL Upgrade Kit RML 10.4S - Bantam Camping AG","og_description":"R\u00fcsten Sie Ihren RML 10.4S oder RCL 10.4S K\u00fchlschrank mit diesem praktischen Kit auf. \u00d6ffnen Sie die T\u00fcr links und rechts, verbessern Sie die Lageroptionen mit einer zus\u00e4tzlichen Ablage, nutzen Sie die zus\u00e4tzliche T\u00fcrablage und profitieren Sie von einem Deckel mit verstellbarer Feuchtigkeitskontrolle f\u00fcr das Gem\u00fcsefach, der auch als zus\u00e4tzliche Ablagefl\u00e4che dient. Patentierter doppelseitiger T\u00fcranschlag [&hellip;]","og_url":"https:\/\/shop.bantam.ch\/de\/produkt\/kuehlschrankzubehoer-mobicool-upgrade-kit-rml-10-4s\/","og_site_name":"Bantam Camping AG","article_modified_time":"2026-04-20T21:15:10+00:00","twitter_card":"summary_large_image","twitter_misc":{"Gesch\u00e4tzte Lesezeit":"1\u00a0Minute"},"schema":{"@context":"https:\/\/schema.org","@graph":[{"@type":"WebPage","@id":"https:\/\/shop.bantam.ch\/de\/produkt\/kuehlschrankzubehoer-mobicool-upgrade-kit-rml-10-4s\/","url":"https:\/\/shop.bantam.ch\/de\/produkt\/kuehlschrankzubehoer-mobicool-upgrade-kit-rml-10-4s\/","name":"K\u00fchlschrankzubeh\u00f6r MOBICOOL Upgrade Kit RML 10.4S - Bantam Camping AG","isPartOf":{"@id":"https:\/\/shop.bantam.ch\/de\/#website"},"primaryImageOfPage":{"@id":"https:\/\/shop.bantam.ch\/de\/produkt\/kuehlschrankzubehoer-mobicool-upgrade-kit-rml-10-4s\/#primaryimage"},"image":{"@id":"https:\/\/shop.bantam.ch\/de\/produkt\/kuehlschrankzubehoer-mobicool-upgrade-kit-rml-10-4s\/#primaryimage"},"thumbnailUrl":"https:\/\/shop.bantam.ch\/wp-content\/uploads\/2024\/09\/Movera-L-9975362100.jpg","datePublished":"2024-05-15T15:58:10+00:00","dateModified":"2026-04-20T21:15:10+00:00","breadcrumb":{"@id":"https:\/\/shop.bantam.ch\/de\/produkt\/kuehlschrankzubehoer-mobicool-upgrade-kit-rml-10-4s\/#breadcrumb"},"inLanguage":"de","potentialAction":[{"@type":"ReadAction","target":["https:\/\/shop.bantam.ch\/de\/produkt\/kuehlschrankzubehoer-mobicool-upgrade-kit-rml-10-4s\/"]}]},{"@type":"ImageObject","inLanguage":"de","@id":"https:\/\/shop.bantam.ch\/de\/produkt\/kuehlschrankzubehoer-mobicool-upgrade-kit-rml-10-4s\/#primaryimage","url":"https:\/\/shop.bantam.ch\/wp-content\/uploads\/2024\/09\/Movera-L-9975362100.jpg","contentUrl":"https:\/\/shop.bantam.ch\/wp-content\/uploads\/2024\/09\/Movera-L-9975362100.jpg","width":640,"height":640},{"@type":"BreadcrumbList","@id":"https:\/\/shop.bantam.ch\/de\/produkt\/kuehlschrankzubehoer-mobicool-upgrade-kit-rml-10-4s\/#breadcrumb","itemListElement":[{"@type":"ListItem","position":1,"name":"Accueil","item":"https:\/\/shop.bantam.ch\/de\/"},{"@type":"ListItem","position":2,"name":"Shop","item":"https:\/\/shop.bantam.ch\/de\/shop\/"},{"@type":"ListItem","position":3,"name":"K\u00fchlschrankzubeh\u00f6r MOBICOOL Upgrade Kit RML 10.4S"}]},{"@type":"WebSite","@id":"https:\/\/shop.bantam.ch\/de\/#website","url":"https:\/\/shop.bantam.ch\/de\/","name":"Bantam Camping AG","description":"","publisher":{"@id":"https:\/\/shop.bantam.ch\/de\/#organization"},"inLanguage":"de"},{"@type":"Organization","@id":"https:\/\/shop.bantam.ch\/de\/#organization","name":"Bantam Camping AG","url":"https:\/\/shop.bantam.ch\/de\/","logo":{"@type":"ImageObject","inLanguage":"de","@id":"https:\/\/shop.bantam.ch\/de\/#\/schema\/logo\/image\/","url":"https:\/\/shop.bantam.ch\/wp-content\/uploads\/2022\/12\/bantam-logo.png","contentUrl":"https:\/\/shop.bantam.ch\/wp-content\/uploads\/2022\/12\/bantam-logo.png","width":320,"height":71,"caption":"Bantam Camping AG"},"image":{"@id":"https:\/\/shop.bantam.ch\/de\/#\/schema\/logo\/image\/"}}]}},"_links":{"self":[{"href":"https:\/\/shop.bantam.ch\/de\/wp-json\/wp\/v2\/product\/201336","targetHints":{"allow":["GET"]}}],"collection":[{"href":"https:\/\/shop.bantam.ch\/de\/wp-json\/wp\/v2\/product"}],"about":[{"href":"https:\/\/shop.bantam.ch\/de\/wp-json\/wp\/v2\/types\/product"}],"wp:featuredmedia":[{"embeddable":true,"href":"https:\/\/shop.bantam.ch\/de\/wp-json\/wp\/v2\/media\/207653"}],"wp:attachment":[{"href":"https:\/\/shop.bantam.ch\/de\/wp-json\/wp\/v2\/media?parent=201336"}],"wp:term":[{"taxonomy":"product_featured_cat","embeddable":true,"href":"https:\/\/shop.bantam.ch\/de\/wp-json\/wp\/v2\/product_featured_cat?post=201336"},{"taxonomy":"product_brand","embeddable":true,"href":"https:\/\/shop.bantam.ch\/de\/wp-json\/wp\/v2\/product_brand?post=201336"},{"taxonomy":"product_cat","embeddable":true,"href":"https:\/\/shop.bantam.ch\/de\/wp-json\/wp\/v2\/product_cat?post=201336"},{"taxonomy":"product_tag","embeddable":true,"href":"https:\/\/shop.bantam.ch\/de\/wp-json\/wp\/v2\/product_tag?post=201336"}],"curies":[{"name":"wp","href":"https:\/\/api.w.org\/{rel}","templated":true}]}}