{"id":201326,"date":"2024-05-15T17:57:45","date_gmt":"2024-05-15T15:57:45","guid":{"rendered":"https:\/\/shop.bantam.ch\/produit\/kompressorkuehlschrank-dometic-rcd\/"},"modified":"2026-04-18T01:31:09","modified_gmt":"2026-04-17T23:31:09","slug":"kompressorkuehlschrank-dometic-rcd","status":"publish","type":"product","link":"https:\/\/shop.bantam.ch\/de\/produkt\/kompressorkuehlschrank-dometic-rcd\/","title":{"rendered":"Kompressork\u00fchlschrank DOMETIC RCD"},"content":{"rendered":"<p>Dieser Kompressor-K\u00fchlschrank der n\u00e4chsten Generation ist unglaublich praktisch: K\u00fchl- und Gefrierfach sind mit separaten T\u00fcren ausgestattet, die sich beide nach links und nach rechts \u00f6ffnen lassen, die Kompressor-Technologie sorgt f\u00fcr leistungsstarke K\u00fchlung und das vielseitige Innenleben bietet zahlreiche Aufbewahrungsm\u00f6glichkeiten f\u00fcr Lebensmittel und Getr\u00e4nke.<\/p>\n<p>VG-Fresh Gem\u00fcsefach<br \/>\nMit verstellbaren Trennw\u00e4nden, regulierbarer Luftfeuchtigkeit und einem Deckel als zus\u00e4tzlicher Ablagefl\u00e4che<\/p>\n<p>Aluminium-T\u00fcrgriffe<br \/>\nElegante Griffe entlang der gesamten H\u00f6he erm\u00f6glichen praktisches \u00d6ffnen von links oder rechts<\/p>\n<p>Vielseitig nutzbarer Innenraum<br \/>\nIntelligente Aufbewahrungsm\u00f6glichkeiten f\u00fcr einfach alles \u2013 sogar Weinflaschen<\/p>\n<p>Praktisches Zubeh\u00f6r<br \/>\nStapelbare Beh\u00e4lter, Eisw\u00fcrfelschale, Eierablage<\/p>\n<p>TFT-Bedienpanel<br \/>\nIntuitive Steuerung von K\u00fchltemperatur und Komfortfunktionen<\/p>\n<p>LED-Beleuchtungsleiste<br \/>\nF\u00fcr eine gleichm\u00e4\u00dfige Ausleuchtung des gesamten K\u00fchlschrankfachs<\/p>\n<ul>\n<li>Patentierter doppelseitiger T\u00fcranschlag \u2013 kann nach links und rechts ge\u00f6ffnet werden, ohne dass der T\u00fcranschlag ge\u00e4ndert werden muss<\/li>\n<li>Separate T\u00fcren f\u00fcr K\u00fchlschrank und Gefrierfach<\/li>\n<li>VG Fresh Gem\u00fcsefach mit verstellbarer Luftfeuchtigkeit \u2013 h\u00e4lt Obst und Gem\u00fcse l\u00e4nger frisch<\/li>\n<li>Elegante Aluminium-T\u00fcrgriffe erstrecken sich \u00fcber die gesamte H\u00f6he des K\u00fchlschranks<\/li>\n<li>Bel\u00fcftungssystem im Innenraum \u2013 zur Montage sind keine zus\u00e4tzlichen L\u00fcftungsgitter erforderlich<\/li>\n<li>Bedienerfreundliche Steuerung mit intuitivem TFT-Farbdisplay und Drehknopf\/Drucktaste<\/li>\n<li>Zuverl\u00e4ssige Kompressork\u00fchlung \u2013 ST-Klasse (bis zu 38 \u00b0C Umgebungstemperatur)<\/li>\n<\/ul>\n","protected":false},"excerpt":{"rendered":"<p>Dieser Kompressor-K\u00fchlschrank der n\u00e4chsten Generation ist unglaublich praktisch: K\u00fchl- und Gefrierfach sind mit separaten T\u00fcren ausgestattet, die sich beide nach links und nach rechts \u00f6ffnen lassen, die Kompressor-Technologie sorgt f\u00fcr leistungsstarke K\u00fchlung und das vielseitige Innenleben bietet zahlreiche Aufbewahrungsm\u00f6glichkeiten f\u00fcr Lebensmittel und Getr\u00e4nke. VG-Fresh Gem\u00fcsefach Mit verstellbaren Trennw\u00e4nden, regulierbarer Luftfeuchtigkeit und einem Deckel als zus\u00e4tzlicher [&hellip;]<\/p>\n","protected":false},"featured_media":201316,"template":"","meta":{"_acf_changed":false},"product_featured_cat":[],"product_brand":[],"product_cat":[4550],"product_tag":[],"class_list":{"0":"post-201326","1":"product","2":"type-product","3":"status-publish","4":"has-post-thumbnail","6":"product_cat-kompressor-kuehlschraenke","8":"first","9":"instock","10":"taxable","11":"shipping-taxable","12":"purchasable","13":"product-type-variable"},"acf":[],"yoast_head":"<!-- This site is optimized with the Yoast SEO plugin v27.4 - https:\/\/yoast.com\/product\/yoast-seo-wordpress\/ -->\n<title>Kompressork\u00fchlschrank DOMETIC RCD - Bantam Camping AG<\/title>\n<meta name=\"robots\" content=\"index, follow, max-snippet:-1, max-image-preview:large, max-video-preview:-1\" \/>\n<link rel=\"canonical\" href=\"https:\/\/shop.bantam.ch\/de\/produkt\/kompressorkuehlschrank-dometic-rcd\/\" \/>\n<meta property=\"og:locale\" content=\"de_DE\" \/>\n<meta property=\"og:type\" content=\"article\" \/>\n<meta property=\"og:title\" content=\"Kompressork\u00fchlschrank DOMETIC RCD - Bantam Camping AG\" \/>\n<meta property=\"og:description\" content=\"Dieser Kompressor-K\u00fchlschrank der n\u00e4chsten Generation ist unglaublich praktisch: K\u00fchl- und Gefrierfach sind mit separaten T\u00fcren ausgestattet, die sich beide nach links und nach rechts \u00f6ffnen lassen, die Kompressor-Technologie sorgt f\u00fcr leistungsstarke K\u00fchlung und das vielseitige Innenleben bietet zahlreiche Aufbewahrungsm\u00f6glichkeiten f\u00fcr Lebensmittel und Getr\u00e4nke. VG-Fresh Gem\u00fcsefach Mit verstellbaren Trennw\u00e4nden, regulierbarer Luftfeuchtigkeit und einem Deckel als zus\u00e4tzlicher [&hellip;]\" \/>\n<meta property=\"og:url\" content=\"https:\/\/shop.bantam.ch\/de\/produkt\/kompressorkuehlschrank-dometic-rcd\/\" \/>\n<meta property=\"og:site_name\" content=\"Bantam Camping AG\" \/>\n<meta property=\"article:modified_time\" content=\"2026-04-17T23:31:09+00:00\" \/>\n<meta name=\"twitter:card\" content=\"summary_large_image\" \/>\n<meta name=\"twitter:label1\" content=\"Gesch\u00e4tzte Lesezeit\" \/>\n\t<meta name=\"twitter:data1\" content=\"1\u00a0Minute\" \/>\n<script type=\"application\/ld+json\" class=\"yoast-schema-graph\">{\"@context\":\"https:\\\/\\\/schema.org\",\"@graph\":[{\"@type\":\"WebPage\",\"@id\":\"https:\\\/\\\/shop.bantam.ch\\\/de\\\/produkt\\\/kompressorkuehlschrank-dometic-rcd\\\/\",\"url\":\"https:\\\/\\\/shop.bantam.ch\\\/de\\\/produkt\\\/kompressorkuehlschrank-dometic-rcd\\\/\",\"name\":\"Kompressork\u00fchlschrank DOMETIC RCD - Bantam Camping AG\",\"isPartOf\":{\"@id\":\"https:\\\/\\\/shop.bantam.ch\\\/de\\\/#website\"},\"primaryImageOfPage\":{\"@id\":\"https:\\\/\\\/shop.bantam.ch\\\/de\\\/produkt\\\/kompressorkuehlschrank-dometic-rcd\\\/#primaryimage\"},\"image\":{\"@id\":\"https:\\\/\\\/shop.bantam.ch\\\/de\\\/produkt\\\/kompressorkuehlschrank-dometic-rcd\\\/#primaryimage\"},\"thumbnailUrl\":\"https:\\\/\\\/shop.bantam.ch\\\/wp-content\\\/uploads\\\/2024\\\/05\\\/Movera-L-9975358100.jpg\",\"datePublished\":\"2024-05-15T15:57:45+00:00\",\"dateModified\":\"2026-04-17T23:31:09+00:00\",\"breadcrumb\":{\"@id\":\"https:\\\/\\\/shop.bantam.ch\\\/de\\\/produkt\\\/kompressorkuehlschrank-dometic-rcd\\\/#breadcrumb\"},\"inLanguage\":\"de\",\"potentialAction\":[{\"@type\":\"ReadAction\",\"target\":[\"https:\\\/\\\/shop.bantam.ch\\\/de\\\/produkt\\\/kompressorkuehlschrank-dometic-rcd\\\/\"]}]},{\"@type\":\"ImageObject\",\"inLanguage\":\"de\",\"@id\":\"https:\\\/\\\/shop.bantam.ch\\\/de\\\/produkt\\\/kompressorkuehlschrank-dometic-rcd\\\/#primaryimage\",\"url\":\"https:\\\/\\\/shop.bantam.ch\\\/wp-content\\\/uploads\\\/2024\\\/05\\\/Movera-L-9975358100.jpg\",\"contentUrl\":\"https:\\\/\\\/shop.bantam.ch\\\/wp-content\\\/uploads\\\/2024\\\/05\\\/Movera-L-9975358100.jpg\",\"width\":640,\"height\":640},{\"@type\":\"BreadcrumbList\",\"@id\":\"https:\\\/\\\/shop.bantam.ch\\\/de\\\/produkt\\\/kompressorkuehlschrank-dometic-rcd\\\/#breadcrumb\",\"itemListElement\":[{\"@type\":\"ListItem\",\"position\":1,\"name\":\"Accueil\",\"item\":\"https:\\\/\\\/shop.bantam.ch\\\/de\\\/\"},{\"@type\":\"ListItem\",\"position\":2,\"name\":\"Shop\",\"item\":\"https:\\\/\\\/shop.bantam.ch\\\/de\\\/shop\\\/\"},{\"@type\":\"ListItem\",\"position\":3,\"name\":\"Kompressork\u00fchlschrank DOMETIC RCD\"}]},{\"@type\":\"WebSite\",\"@id\":\"https:\\\/\\\/shop.bantam.ch\\\/de\\\/#website\",\"url\":\"https:\\\/\\\/shop.bantam.ch\\\/de\\\/\",\"name\":\"Bantam Camping AG\",\"description\":\"\",\"publisher\":{\"@id\":\"https:\\\/\\\/shop.bantam.ch\\\/de\\\/#organization\"},\"inLanguage\":\"de\"},{\"@type\":\"Organization\",\"@id\":\"https:\\\/\\\/shop.bantam.ch\\\/de\\\/#organization\",\"name\":\"Bantam Camping AG\",\"url\":\"https:\\\/\\\/shop.bantam.ch\\\/de\\\/\",\"logo\":{\"@type\":\"ImageObject\",\"inLanguage\":\"de\",\"@id\":\"https:\\\/\\\/shop.bantam.ch\\\/de\\\/#\\\/schema\\\/logo\\\/image\\\/\",\"url\":\"https:\\\/\\\/shop.bantam.ch\\\/wp-content\\\/uploads\\\/2022\\\/12\\\/bantam-logo.png\",\"contentUrl\":\"https:\\\/\\\/shop.bantam.ch\\\/wp-content\\\/uploads\\\/2022\\\/12\\\/bantam-logo.png\",\"width\":320,\"height\":71,\"caption\":\"Bantam Camping AG\"},\"image\":{\"@id\":\"https:\\\/\\\/shop.bantam.ch\\\/de\\\/#\\\/schema\\\/logo\\\/image\\\/\"}}]}<\/script>\n<!-- \/ Yoast SEO plugin. -->","yoast_head_json":{"title":"Kompressork\u00fchlschrank DOMETIC RCD - Bantam Camping AG","robots":{"index":"index","follow":"follow","max-snippet":"max-snippet:-1","max-image-preview":"max-image-preview:large","max-video-preview":"max-video-preview:-1"},"canonical":"https:\/\/shop.bantam.ch\/de\/produkt\/kompressorkuehlschrank-dometic-rcd\/","og_locale":"de_DE","og_type":"article","og_title":"Kompressork\u00fchlschrank DOMETIC RCD - Bantam Camping AG","og_description":"Dieser Kompressor-K\u00fchlschrank der n\u00e4chsten Generation ist unglaublich praktisch: K\u00fchl- und Gefrierfach sind mit separaten T\u00fcren ausgestattet, die sich beide nach links und nach rechts \u00f6ffnen lassen, die Kompressor-Technologie sorgt f\u00fcr leistungsstarke K\u00fchlung und das vielseitige Innenleben bietet zahlreiche Aufbewahrungsm\u00f6glichkeiten f\u00fcr Lebensmittel und Getr\u00e4nke. VG-Fresh Gem\u00fcsefach Mit verstellbaren Trennw\u00e4nden, regulierbarer Luftfeuchtigkeit und einem Deckel als zus\u00e4tzlicher [&hellip;]","og_url":"https:\/\/shop.bantam.ch\/de\/produkt\/kompressorkuehlschrank-dometic-rcd\/","og_site_name":"Bantam Camping AG","article_modified_time":"2026-04-17T23:31:09+00:00","twitter_card":"summary_large_image","twitter_misc":{"Gesch\u00e4tzte Lesezeit":"1\u00a0Minute"},"schema":{"@context":"https:\/\/schema.org","@graph":[{"@type":"WebPage","@id":"https:\/\/shop.bantam.ch\/de\/produkt\/kompressorkuehlschrank-dometic-rcd\/","url":"https:\/\/shop.bantam.ch\/de\/produkt\/kompressorkuehlschrank-dometic-rcd\/","name":"Kompressork\u00fchlschrank DOMETIC RCD - Bantam Camping AG","isPartOf":{"@id":"https:\/\/shop.bantam.ch\/de\/#website"},"primaryImageOfPage":{"@id":"https:\/\/shop.bantam.ch\/de\/produkt\/kompressorkuehlschrank-dometic-rcd\/#primaryimage"},"image":{"@id":"https:\/\/shop.bantam.ch\/de\/produkt\/kompressorkuehlschrank-dometic-rcd\/#primaryimage"},"thumbnailUrl":"https:\/\/shop.bantam.ch\/wp-content\/uploads\/2024\/05\/Movera-L-9975358100.jpg","datePublished":"2024-05-15T15:57:45+00:00","dateModified":"2026-04-17T23:31:09+00:00","breadcrumb":{"@id":"https:\/\/shop.bantam.ch\/de\/produkt\/kompressorkuehlschrank-dometic-rcd\/#breadcrumb"},"inLanguage":"de","potentialAction":[{"@type":"ReadAction","target":["https:\/\/shop.bantam.ch\/de\/produkt\/kompressorkuehlschrank-dometic-rcd\/"]}]},{"@type":"ImageObject","inLanguage":"de","@id":"https:\/\/shop.bantam.ch\/de\/produkt\/kompressorkuehlschrank-dometic-rcd\/#primaryimage","url":"https:\/\/shop.bantam.ch\/wp-content\/uploads\/2024\/05\/Movera-L-9975358100.jpg","contentUrl":"https:\/\/shop.bantam.ch\/wp-content\/uploads\/2024\/05\/Movera-L-9975358100.jpg","width":640,"height":640},{"@type":"BreadcrumbList","@id":"https:\/\/shop.bantam.ch\/de\/produkt\/kompressorkuehlschrank-dometic-rcd\/#breadcrumb","itemListElement":[{"@type":"ListItem","position":1,"name":"Accueil","item":"https:\/\/shop.bantam.ch\/de\/"},{"@type":"ListItem","position":2,"name":"Shop","item":"https:\/\/shop.bantam.ch\/de\/shop\/"},{"@type":"ListItem","position":3,"name":"Kompressork\u00fchlschrank DOMETIC RCD"}]},{"@type":"WebSite","@id":"https:\/\/shop.bantam.ch\/de\/#website","url":"https:\/\/shop.bantam.ch\/de\/","name":"Bantam Camping AG","description":"","publisher":{"@id":"https:\/\/shop.bantam.ch\/de\/#organization"},"inLanguage":"de"},{"@type":"Organization","@id":"https:\/\/shop.bantam.ch\/de\/#organization","name":"Bantam Camping AG","url":"https:\/\/shop.bantam.ch\/de\/","logo":{"@type":"ImageObject","inLanguage":"de","@id":"https:\/\/shop.bantam.ch\/de\/#\/schema\/logo\/image\/","url":"https:\/\/shop.bantam.ch\/wp-content\/uploads\/2022\/12\/bantam-logo.png","contentUrl":"https:\/\/shop.bantam.ch\/wp-content\/uploads\/2022\/12\/bantam-logo.png","width":320,"height":71,"caption":"Bantam Camping AG"},"image":{"@id":"https:\/\/shop.bantam.ch\/de\/#\/schema\/logo\/image\/"}}]}},"_links":{"self":[{"href":"https:\/\/shop.bantam.ch\/de\/wp-json\/wp\/v2\/product\/201326","targetHints":{"allow":["GET"]}}],"collection":[{"href":"https:\/\/shop.bantam.ch\/de\/wp-json\/wp\/v2\/product"}],"about":[{"href":"https:\/\/shop.bantam.ch\/de\/wp-json\/wp\/v2\/types\/product"}],"wp:featuredmedia":[{"embeddable":true,"href":"https:\/\/shop.bantam.ch\/de\/wp-json\/wp\/v2\/media\/201316"}],"wp:attachment":[{"href":"https:\/\/shop.bantam.ch\/de\/wp-json\/wp\/v2\/media?parent=201326"}],"wp:term":[{"taxonomy":"product_featured_cat","embeddable":true,"href":"https:\/\/shop.bantam.ch\/de\/wp-json\/wp\/v2\/product_featured_cat?post=201326"},{"taxonomy":"product_brand","embeddable":true,"href":"https:\/\/shop.bantam.ch\/de\/wp-json\/wp\/v2\/product_brand?post=201326"},{"taxonomy":"product_cat","embeddable":true,"href":"https:\/\/shop.bantam.ch\/de\/wp-json\/wp\/v2\/product_cat?post=201326"},{"taxonomy":"product_tag","embeddable":true,"href":"https:\/\/shop.bantam.ch\/de\/wp-json\/wp\/v2\/product_tag?post=201326"}],"curies":[{"name":"wp","href":"https:\/\/api.w.org\/{rel}","templated":true}]}}