{"id":201246,"date":"2024-05-15T17:55:44","date_gmt":"2024-05-15T15:55:44","guid":{"rendered":"https:\/\/shop.bantam.ch\/produit\/kompressorkuehlschrank-nrx0060c\/"},"modified":"2026-05-02T01:25:38","modified_gmt":"2026-05-01T23:25:38","slug":"kompressorkuehlschrank-nrx0060c","status":"publish","type":"product","link":"https:\/\/shop.bantam.ch\/de\/produkt\/kompressorkuehlschrank-nrx0060c\/","title":{"rendered":"Kompressork\u00fchlschrank NRX0060C"},"content":{"rendered":"<p><strong>Herausnehmbares Gefrierfach<\/strong><br \/>\nNRX Kompressork\u00fchlschr\u00e4nke sind wahre Verwandlungsk\u00fcnstler. Der Verwandlungstrick ist kein Geheimnis, aber eine patentierte Erfindung von Dometic. Das Gefrierfach l\u00e4sst sich einfach herausziehen, um K\u00fchlschrank oder Gefrierfach zu vergr\u00f6\u00dfern. Alle NRX Ger\u00e4te mit Edelstahlfront oder dunkelsilberner Verkleidung bieten diese intelligente 3-in-1-K\u00fchll\u00f6sung.<\/p>\n<p><strong>Herausragende Energieeffzizenz<\/strong><br \/>\nAlle Dometic K\u00fchlger\u00e4te bieten zuverl\u00e4ssige K\u00fchlleistung bei jedem Klima und un\u00fcbertroffene Energieeffizienz. NRX K\u00fchlschr\u00e4nke erhalten regelm\u00e4\u00dfig Top-Bewertungen in puncto Energieeffizienz und \u00fcbertreffen in dieser Hinsicht die erfolgreiche Vorg\u00e4ngerserie CRX um durchschnittlich 9 %. Unsere Ingenieure konnten mit drei Ma\u00dfnahmen bereits hervorragende Ger\u00e4te noch weiter verbessern. Erstens durch die Nutzung noch effizienterer Kompressoren f\u00fcr alle NRX Modelle. Zweitens durch Optimierung der Kompressor- und L\u00fcfterdrehzahl. Dies gew\u00e4hrleistet die bestm\u00f6gliche Energieeffizienz in allen Betriebsmodi (Eco\/Boost\/Sleep). Drittens durch Einsatz hochwertiger Vakuumelemente zur verbesserten Isolierung des K\u00fchlraums und Minimierung des Energieverlustes.<\/p>\n<p><strong>Touch-Bedienpanel<\/strong><br \/>\nB\u00fcndig in die Ger\u00e4teoberfl\u00e4che integriert, mit LED-Leuchtenleiste<\/p>\n<p><strong>Immer frisch gek\u00fchlt im Wintermodus<\/strong><br \/>\nMit intelligentem Schlie\u00dfmechanismus, der zwischen K\u00fchleinheit und T\u00fcr einen Spalt zum Luftaustausch schafft.<\/p>\n<p><strong>Gut ausgestatteter K\u00fchlraum<\/strong><br \/>\nGefrierfach, Ablagen, Flaschenhalter, T\u00fcrfach, Gem\u00fcsef\u00e4cher \u2013 da bleiben keine W\u00fcnsche offen<\/p>\n<p><strong>Herausnehmbares Gefrierfach<\/strong><br \/>\nDas Gefrierfach kann einfach herausgenommen werden, um f\u00fcr zus\u00e4tzlichen Stauraum zu sorgen<\/p>\n<p><strong>Zwei Gem\u00fcsef\u00e4cher<\/strong><br \/>\nZur Aufbewahrung von Obst und Gem\u00fcse bei optimaler Temperatur<\/p>\n<p><strong>T\u00fcrgriff \u00fcber die gesamte Breite<\/strong><br \/>\nEinfacher Zugang zum Inhalt aus jedem Winkel<\/p>\n","protected":false},"excerpt":{"rendered":"<p>Herausnehmbares Gefrierfach NRX Kompressork\u00fchlschr\u00e4nke sind wahre Verwandlungsk\u00fcnstler. Der Verwandlungstrick ist kein Geheimnis, aber eine patentierte Erfindung von Dometic. Das Gefrierfach l\u00e4sst sich einfach herausziehen, um K\u00fchlschrank oder Gefrierfach zu vergr\u00f6\u00dfern. Alle NRX Ger\u00e4te mit Edelstahlfront oder dunkelsilberner Verkleidung bieten diese intelligente 3-in-1-K\u00fchll\u00f6sung. Herausragende Energieeffzizenz Alle Dometic K\u00fchlger\u00e4te bieten zuverl\u00e4ssige K\u00fchlleistung bei jedem Klima und un\u00fcbertroffene [&hellip;]<\/p>\n","protected":false},"featured_media":201238,"template":"","meta":{"_acf_changed":false},"product_featured_cat":[],"product_brand":[],"product_cat":[4550],"product_tag":[],"class_list":{"0":"post-201246","1":"product","2":"type-product","3":"status-publish","4":"has-post-thumbnail","6":"product_cat-kompressor-kuehlschraenke","8":"first","9":"instock","10":"taxable","11":"shipping-taxable","12":"purchasable","13":"product-type-variable"},"acf":[],"yoast_head":"<!-- This site is optimized with the Yoast SEO plugin v27.5 - https:\/\/yoast.com\/product\/yoast-seo-wordpress\/ -->\n<title>Kompressork\u00fchlschrank NRX0060C - Bantam<\/title>\n<meta name=\"robots\" content=\"index, follow, max-snippet:-1, max-image-preview:large, max-video-preview:-1\" \/>\n<link rel=\"canonical\" href=\"https:\/\/shop.bantam.ch\/de\/produkt\/kompressorkuehlschrank-nrx0060c\/\" \/>\n<meta property=\"og:locale\" content=\"de_DE\" \/>\n<meta property=\"og:type\" content=\"article\" \/>\n<meta property=\"og:title\" content=\"Kompressork\u00fchlschrank NRX0060C - Bantam\" \/>\n<meta property=\"og:description\" content=\"Herausnehmbares Gefrierfach NRX Kompressork\u00fchlschr\u00e4nke sind wahre Verwandlungsk\u00fcnstler. Der Verwandlungstrick ist kein Geheimnis, aber eine patentierte Erfindung von Dometic. Das Gefrierfach l\u00e4sst sich einfach herausziehen, um K\u00fchlschrank oder Gefrierfach zu vergr\u00f6\u00dfern. Alle NRX Ger\u00e4te mit Edelstahlfront oder dunkelsilberner Verkleidung bieten diese intelligente 3-in-1-K\u00fchll\u00f6sung. Herausragende Energieeffzizenz Alle Dometic K\u00fchlger\u00e4te bieten zuverl\u00e4ssige K\u00fchlleistung bei jedem Klima und un\u00fcbertroffene [&hellip;]\" \/>\n<meta property=\"og:url\" content=\"https:\/\/shop.bantam.ch\/de\/produkt\/kompressorkuehlschrank-nrx0060c\/\" \/>\n<meta property=\"og:site_name\" content=\"Bantam\" \/>\n<meta property=\"article:modified_time\" content=\"2026-05-01T23:25:38+00:00\" \/>\n<meta name=\"twitter:card\" content=\"summary_large_image\" \/>\n<meta name=\"twitter:label1\" content=\"Gesch\u00e4tzte Lesezeit\" \/>\n\t<meta name=\"twitter:data1\" content=\"1\u00a0Minute\" \/>\n<script type=\"application\/ld+json\" class=\"yoast-schema-graph\">{\"@context\":\"https:\\\/\\\/schema.org\",\"@graph\":[{\"@type\":\"WebPage\",\"@id\":\"https:\\\/\\\/shop.bantam.ch\\\/de\\\/produkt\\\/kompressorkuehlschrank-nrx0060c\\\/\",\"url\":\"https:\\\/\\\/shop.bantam.ch\\\/de\\\/produkt\\\/kompressorkuehlschrank-nrx0060c\\\/\",\"name\":\"Kompressork\u00fchlschrank NRX0060C - Bantam\",\"isPartOf\":{\"@id\":\"https:\\\/\\\/shop.bantam.ch\\\/de\\\/#website\"},\"primaryImageOfPage\":{\"@id\":\"https:\\\/\\\/shop.bantam.ch\\\/de\\\/produkt\\\/kompressorkuehlschrank-nrx0060c\\\/#primaryimage\"},\"image\":{\"@id\":\"https:\\\/\\\/shop.bantam.ch\\\/de\\\/produkt\\\/kompressorkuehlschrank-nrx0060c\\\/#primaryimage\"},\"thumbnailUrl\":\"https:\\\/\\\/shop.bantam.ch\\\/wp-content\\\/uploads\\\/2024\\\/05\\\/Movera-L-9975352100.png\",\"datePublished\":\"2024-05-15T15:55:44+00:00\",\"dateModified\":\"2026-05-01T23:25:38+00:00\",\"breadcrumb\":{\"@id\":\"https:\\\/\\\/shop.bantam.ch\\\/de\\\/produkt\\\/kompressorkuehlschrank-nrx0060c\\\/#breadcrumb\"},\"inLanguage\":\"de\",\"potentialAction\":[{\"@type\":\"ReadAction\",\"target\":[\"https:\\\/\\\/shop.bantam.ch\\\/de\\\/produkt\\\/kompressorkuehlschrank-nrx0060c\\\/\"]}]},{\"@type\":\"ImageObject\",\"inLanguage\":\"de\",\"@id\":\"https:\\\/\\\/shop.bantam.ch\\\/de\\\/produkt\\\/kompressorkuehlschrank-nrx0060c\\\/#primaryimage\",\"url\":\"https:\\\/\\\/shop.bantam.ch\\\/wp-content\\\/uploads\\\/2024\\\/05\\\/Movera-L-9975352100.png\",\"contentUrl\":\"https:\\\/\\\/shop.bantam.ch\\\/wp-content\\\/uploads\\\/2024\\\/05\\\/Movera-L-9975352100.png\",\"width\":640,\"height\":640},{\"@type\":\"BreadcrumbList\",\"@id\":\"https:\\\/\\\/shop.bantam.ch\\\/de\\\/produkt\\\/kompressorkuehlschrank-nrx0060c\\\/#breadcrumb\",\"itemListElement\":[{\"@type\":\"ListItem\",\"position\":1,\"name\":\"Accueil\",\"item\":\"https:\\\/\\\/shop.bantam.ch\\\/de\\\/\"},{\"@type\":\"ListItem\",\"position\":2,\"name\":\"Shop\",\"item\":\"https:\\\/\\\/shop.bantam.ch\\\/de\\\/shop\\\/\"},{\"@type\":\"ListItem\",\"position\":3,\"name\":\"Kompressork\u00fchlschrank NRX0060C\"}]},{\"@type\":\"WebSite\",\"@id\":\"https:\\\/\\\/shop.bantam.ch\\\/de\\\/#website\",\"url\":\"https:\\\/\\\/shop.bantam.ch\\\/de\\\/\",\"name\":\"Bantam\",\"description\":\"\",\"publisher\":{\"@id\":\"https:\\\/\\\/shop.bantam.ch\\\/de\\\/#organization\"},\"inLanguage\":\"de\"},{\"@type\":\"Organization\",\"@id\":\"https:\\\/\\\/shop.bantam.ch\\\/de\\\/#organization\",\"name\":\"Bantam\",\"url\":\"https:\\\/\\\/shop.bantam.ch\\\/de\\\/\",\"logo\":{\"@type\":\"ImageObject\",\"inLanguage\":\"de\",\"@id\":\"https:\\\/\\\/shop.bantam.ch\\\/de\\\/#\\\/schema\\\/logo\\\/image\\\/\",\"url\":\"https:\\\/\\\/shop.bantam.ch\\\/wp-content\\\/uploads\\\/2022\\\/12\\\/bantam-logo.png\",\"contentUrl\":\"https:\\\/\\\/shop.bantam.ch\\\/wp-content\\\/uploads\\\/2022\\\/12\\\/bantam-logo.png\",\"width\":320,\"height\":71,\"caption\":\"Bantam\"},\"image\":{\"@id\":\"https:\\\/\\\/shop.bantam.ch\\\/de\\\/#\\\/schema\\\/logo\\\/image\\\/\"}}]}<\/script>\n<!-- \/ Yoast SEO plugin. -->","yoast_head_json":{"title":"Kompressork\u00fchlschrank NRX0060C - Bantam","robots":{"index":"index","follow":"follow","max-snippet":"max-snippet:-1","max-image-preview":"max-image-preview:large","max-video-preview":"max-video-preview:-1"},"canonical":"https:\/\/shop.bantam.ch\/de\/produkt\/kompressorkuehlschrank-nrx0060c\/","og_locale":"de_DE","og_type":"article","og_title":"Kompressork\u00fchlschrank NRX0060C - Bantam","og_description":"Herausnehmbares Gefrierfach NRX Kompressork\u00fchlschr\u00e4nke sind wahre Verwandlungsk\u00fcnstler. Der Verwandlungstrick ist kein Geheimnis, aber eine patentierte Erfindung von Dometic. Das Gefrierfach l\u00e4sst sich einfach herausziehen, um K\u00fchlschrank oder Gefrierfach zu vergr\u00f6\u00dfern. Alle NRX Ger\u00e4te mit Edelstahlfront oder dunkelsilberner Verkleidung bieten diese intelligente 3-in-1-K\u00fchll\u00f6sung. Herausragende Energieeffzizenz Alle Dometic K\u00fchlger\u00e4te bieten zuverl\u00e4ssige K\u00fchlleistung bei jedem Klima und un\u00fcbertroffene [&hellip;]","og_url":"https:\/\/shop.bantam.ch\/de\/produkt\/kompressorkuehlschrank-nrx0060c\/","og_site_name":"Bantam","article_modified_time":"2026-05-01T23:25:38+00:00","twitter_card":"summary_large_image","twitter_misc":{"Gesch\u00e4tzte Lesezeit":"1\u00a0Minute"},"schema":{"@context":"https:\/\/schema.org","@graph":[{"@type":"WebPage","@id":"https:\/\/shop.bantam.ch\/de\/produkt\/kompressorkuehlschrank-nrx0060c\/","url":"https:\/\/shop.bantam.ch\/de\/produkt\/kompressorkuehlschrank-nrx0060c\/","name":"Kompressork\u00fchlschrank NRX0060C - Bantam","isPartOf":{"@id":"https:\/\/shop.bantam.ch\/de\/#website"},"primaryImageOfPage":{"@id":"https:\/\/shop.bantam.ch\/de\/produkt\/kompressorkuehlschrank-nrx0060c\/#primaryimage"},"image":{"@id":"https:\/\/shop.bantam.ch\/de\/produkt\/kompressorkuehlschrank-nrx0060c\/#primaryimage"},"thumbnailUrl":"https:\/\/shop.bantam.ch\/wp-content\/uploads\/2024\/05\/Movera-L-9975352100.png","datePublished":"2024-05-15T15:55:44+00:00","dateModified":"2026-05-01T23:25:38+00:00","breadcrumb":{"@id":"https:\/\/shop.bantam.ch\/de\/produkt\/kompressorkuehlschrank-nrx0060c\/#breadcrumb"},"inLanguage":"de","potentialAction":[{"@type":"ReadAction","target":["https:\/\/shop.bantam.ch\/de\/produkt\/kompressorkuehlschrank-nrx0060c\/"]}]},{"@type":"ImageObject","inLanguage":"de","@id":"https:\/\/shop.bantam.ch\/de\/produkt\/kompressorkuehlschrank-nrx0060c\/#primaryimage","url":"https:\/\/shop.bantam.ch\/wp-content\/uploads\/2024\/05\/Movera-L-9975352100.png","contentUrl":"https:\/\/shop.bantam.ch\/wp-content\/uploads\/2024\/05\/Movera-L-9975352100.png","width":640,"height":640},{"@type":"BreadcrumbList","@id":"https:\/\/shop.bantam.ch\/de\/produkt\/kompressorkuehlschrank-nrx0060c\/#breadcrumb","itemListElement":[{"@type":"ListItem","position":1,"name":"Accueil","item":"https:\/\/shop.bantam.ch\/de\/"},{"@type":"ListItem","position":2,"name":"Shop","item":"https:\/\/shop.bantam.ch\/de\/shop\/"},{"@type":"ListItem","position":3,"name":"Kompressork\u00fchlschrank NRX0060C"}]},{"@type":"WebSite","@id":"https:\/\/shop.bantam.ch\/de\/#website","url":"https:\/\/shop.bantam.ch\/de\/","name":"Bantam","description":"","publisher":{"@id":"https:\/\/shop.bantam.ch\/de\/#organization"},"inLanguage":"de"},{"@type":"Organization","@id":"https:\/\/shop.bantam.ch\/de\/#organization","name":"Bantam","url":"https:\/\/shop.bantam.ch\/de\/","logo":{"@type":"ImageObject","inLanguage":"de","@id":"https:\/\/shop.bantam.ch\/de\/#\/schema\/logo\/image\/","url":"https:\/\/shop.bantam.ch\/wp-content\/uploads\/2022\/12\/bantam-logo.png","contentUrl":"https:\/\/shop.bantam.ch\/wp-content\/uploads\/2022\/12\/bantam-logo.png","width":320,"height":71,"caption":"Bantam"},"image":{"@id":"https:\/\/shop.bantam.ch\/de\/#\/schema\/logo\/image\/"}}]}},"_links":{"self":[{"href":"https:\/\/shop.bantam.ch\/de\/wp-json\/wp\/v2\/product\/201246","targetHints":{"allow":["GET"]}}],"collection":[{"href":"https:\/\/shop.bantam.ch\/de\/wp-json\/wp\/v2\/product"}],"about":[{"href":"https:\/\/shop.bantam.ch\/de\/wp-json\/wp\/v2\/types\/product"}],"wp:featuredmedia":[{"embeddable":true,"href":"https:\/\/shop.bantam.ch\/de\/wp-json\/wp\/v2\/media\/201238"}],"wp:attachment":[{"href":"https:\/\/shop.bantam.ch\/de\/wp-json\/wp\/v2\/media?parent=201246"}],"wp:term":[{"taxonomy":"product_featured_cat","embeddable":true,"href":"https:\/\/shop.bantam.ch\/de\/wp-json\/wp\/v2\/product_featured_cat?post=201246"},{"taxonomy":"product_brand","embeddable":true,"href":"https:\/\/shop.bantam.ch\/de\/wp-json\/wp\/v2\/product_brand?post=201246"},{"taxonomy":"product_cat","embeddable":true,"href":"https:\/\/shop.bantam.ch\/de\/wp-json\/wp\/v2\/product_cat?post=201246"},{"taxonomy":"product_tag","embeddable":true,"href":"https:\/\/shop.bantam.ch\/de\/wp-json\/wp\/v2\/product_tag?post=201246"}],"curies":[{"name":"wp","href":"https:\/\/api.w.org\/{rel}","templated":true}]}}