{"id":201192,"date":"2024-05-15T17:54:22","date_gmt":"2024-05-15T15:54:22","guid":{"rendered":"https:\/\/shop.bantam.ch\/produit\/dachzelt-vista\/"},"modified":"2026-04-19T01:32:12","modified_gmt":"2026-04-18T23:32:12","slug":"dachzelt-vista","status":"publish","type":"product","link":"https:\/\/shop.bantam.ch\/de\/produkt\/dachzelt-vista\/","title":{"rendered":"Dachzelt Vista"},"content":{"rendered":"<p>Erleben Sie das ultimative Gef\u00fchl von Freiheit mit &nbsp;dem Hapro Vista Dachzelt. Ein einzigartiges Design, &nbsp;h\u00f6chster Standard und innovative Funktionen zeichnen das Vista aus. Der fortschrittliche Faltmechanismus garantiert ein blitzschnelles, einfaches Ein- und Ausklappen, so dass Sie in nur 60 Sekunden f\u00fcr Ihr n\u00e4chstes Abenteuer bereit sind. Das strapazierf\u00e4hige Baumwollzelttuch von De Waard, der gro\u00dfz\u00fcgige Innenraum und die dicke, doppellagige Matratze sorgen f\u00fcr komfortable N\u00e4chte unter dem Sternenhimmel.<\/p>\n<ul>\n<li>Panorama Dachfenster: Durch das Panoramadachfenster k\u00f6nnen Sie den Sternenhimmel genie\u00dfen, w\u00e4hrend Sie langsam einschlummern. Sie bevorzugen eine dunkle Schlafumgebung? Schlie\u00dfen Sie das Fenster einfach mit dem Verdunkelungsvorhang<\/li>\n<li>Elegant und leise: Das innovative, patentierte Abspannsystem mit im Aluminiumgestell integrierten Teleskopstangen garantiert ein einfaches, schnelles und vor allem straffes Abspannen der Baumwollplane. Das sorgt f\u00fcr ruhige N\u00e4chte ohne flatternde Zeltteile, auch wenn es drau\u00dfen windig ist<\/li>\n<li>Eingang und Fenster: Der Eingang, das Dachfenster und die beiden Seitenfenster sind mit Verdunklungsvorh\u00e4ngen ausgestattet. Au\u00dferdem sind der Eingang und das Dachfenster mit einem feinmaschigen Moskitonetz ausgestattet<\/li>\n<li>Premium-Fit Dachzelt Befestigung: Das patentierte Premium-Fit Dachzelt Befestigungssystem mit Diebstahlsicherung sorgt f\u00fcr eine schnelle, sichere und einfache Montage des Hapro Vista auf dem Dachtr\u00e4ger (oder Dachgestell)<\/li>\n<li>Luxuri\u00f6se Matratze: Eine 5 cm dicke, zweilagige Kaltschaummatratze in Kombination mit einer 1 cm dicken Antikondensationsmatte garantieren komfortable N\u00e4chte zu jeder Jahreszeit<\/li>\n<li>Teleskopleiter: Die Leiter ist in den Klappmechanismus des Vista integriert und kann bis zu 210 cm ausgefahren werden, wodurch sie f\u00fcr die meisten Fahrzeuge geeignet ist. F\u00fcr h\u00f6here Fahrzeuge ist eine Verl\u00e4ngerung (bis zu 60 cm) als Zubeh\u00f6r erh\u00e4ltlich<\/li>\n<li>Einfache Aufbewahrung: Dank der cleveren Konstruktion k\u00f6nnen Matratzen, Kissen und Decken im Zelt bleiben, wenn das Dachzelt wieder eingeklappt wird<\/li>\n<li>Hartschalen Dachzelt: Die stabile und sto\u00dffeste Hartschale besteht aus ABS\/ASAMaterial. Diese einzigartige Mischung macht es unglaublich&nbsp;stark und UV-best\u00e4ndig, was die Langlebigkeit des Dachzeltes garantiert<\/li>\n<li>Integrierte LED-Beleuchtung: Das Hapro Vista verf\u00fcgt \u00fcber eine integrierte LED-Beleuchtung mit USB-CAnschluss. Die Lichtleiste ist perfekt in das&nbsp;zentrale Aluminium-Dachprofil integriert und erstreckt sich \u00fcber die gesamte L\u00e4nge des Dachzeltes<\/li>\n<li>Das Hapro Vista ist in nur 60 Sekunden einsatzbereit: Ein fortschrittliches Faltsystem garantiert ein schnelles und einfaches Falten und Entfalten des Dachzeltes<\/li>\n<li>Strapazierf\u00e4hige Rei\u00dfverschl\u00fcsse: Das Zelt ist mit sorgf\u00e4ltig ausgew\u00e4hlten, &nbsp;robusten und strapazierf\u00e4higen YKKRei\u00dfverschl\u00fcssen ausgestattet, die auch &nbsp;extremen Bedingungen und intensiver Nutzung standhalten<\/li>\n<\/ul>\n<p>Material:&nbsp;<br \/>\nZelt: 100 % Baumwolle (leicht, atmungsaktiv, 230 g)<br \/>\nHartschale: 100 % ABS\/ASA (schlagfest, UV-best\u00e4ndig)<br \/>\nMatratze: 100 % Kaltschaum (doppellagig)<br \/>\nInnenrahmen: 100 % Aluminium<br \/>\nBodenkonstruktion: 100 % leichte Wabenkonstruktion aus Polypropylen mit Glasfaseroberfl\u00e4che<\/p>\n<p>Lieferumfang:&nbsp;<br \/>\nInklusive Leiter<br \/>\nMatratze<br \/>\nIntegrierte LED-Innenbeleuchtung mit USB-C<br \/>\n\u00d6ffnungen mit feinmaschigem Moskitonetz<br \/>\nPanoramadachfenster mit Verdunkelungsrollos<br \/>\nDiebstahlsicherung<br \/>\nZentralverriegelung<\/p>\n","protected":false},"excerpt":{"rendered":"<p>Erleben Sie das ultimative Gef\u00fchl von Freiheit mit &nbsp;dem Hapro Vista Dachzelt. Ein einzigartiges Design, &nbsp;h\u00f6chster Standard und innovative Funktionen zeichnen das Vista aus. Der fortschrittliche Faltmechanismus garantiert ein blitzschnelles, einfaches Ein- und Ausklappen, so dass Sie in nur 60 Sekunden f\u00fcr Ihr n\u00e4chstes Abenteuer bereit sind. Das strapazierf\u00e4hige Baumwollzelttuch von De Waard, der gro\u00dfz\u00fcgige [&hellip;]<\/p>\n","protected":false},"featured_media":201176,"template":"","meta":{"_acf_changed":false},"product_featured_cat":[],"product_brand":[],"product_cat":[4244],"product_tag":[],"class_list":{"0":"post-201192","1":"product","2":"type-product","3":"status-publish","4":"has-post-thumbnail","6":"product_cat-dachzelte","8":"first","9":"instock","10":"taxable","11":"shipping-taxable","12":"purchasable","13":"product-type-variable"},"acf":[],"yoast_head":"<!-- This site is optimized with the Yoast SEO plugin v27.4 - https:\/\/yoast.com\/product\/yoast-seo-wordpress\/ -->\n<title>Dachzelt Vista - Bantam Camping AG<\/title>\n<meta name=\"robots\" content=\"index, follow, max-snippet:-1, max-image-preview:large, max-video-preview:-1\" \/>\n<link rel=\"canonical\" href=\"https:\/\/shop.bantam.ch\/de\/produkt\/dachzelt-vista\/\" \/>\n<meta property=\"og:locale\" content=\"de_DE\" \/>\n<meta property=\"og:type\" content=\"article\" \/>\n<meta property=\"og:title\" content=\"Dachzelt Vista - Bantam Camping AG\" \/>\n<meta property=\"og:description\" content=\"Erleben Sie das ultimative Gef\u00fchl von Freiheit mit &nbsp;dem Hapro Vista Dachzelt. Ein einzigartiges Design, &nbsp;h\u00f6chster Standard und innovative Funktionen zeichnen das Vista aus. Der fortschrittliche Faltmechanismus garantiert ein blitzschnelles, einfaches Ein- und Ausklappen, so dass Sie in nur 60 Sekunden f\u00fcr Ihr n\u00e4chstes Abenteuer bereit sind. Das strapazierf\u00e4hige Baumwollzelttuch von De Waard, der gro\u00dfz\u00fcgige [&hellip;]\" \/>\n<meta property=\"og:url\" content=\"https:\/\/shop.bantam.ch\/de\/produkt\/dachzelt-vista\/\" \/>\n<meta property=\"og:site_name\" content=\"Bantam Camping AG\" \/>\n<meta property=\"article:modified_time\" content=\"2026-04-18T23:32:12+00:00\" \/>\n<meta name=\"twitter:card\" content=\"summary_large_image\" \/>\n<meta name=\"twitter:label1\" content=\"Gesch\u00e4tzte Lesezeit\" \/>\n\t<meta name=\"twitter:data1\" content=\"2\u00a0Minuten\" \/>\n<script type=\"application\/ld+json\" class=\"yoast-schema-graph\">{\"@context\":\"https:\\\/\\\/schema.org\",\"@graph\":[{\"@type\":\"WebPage\",\"@id\":\"https:\\\/\\\/shop.bantam.ch\\\/de\\\/produkt\\\/dachzelt-vista\\\/\",\"url\":\"https:\\\/\\\/shop.bantam.ch\\\/de\\\/produkt\\\/dachzelt-vista\\\/\",\"name\":\"Dachzelt Vista - Bantam Camping AG\",\"isPartOf\":{\"@id\":\"https:\\\/\\\/shop.bantam.ch\\\/de\\\/#website\"},\"primaryImageOfPage\":{\"@id\":\"https:\\\/\\\/shop.bantam.ch\\\/de\\\/produkt\\\/dachzelt-vista\\\/#primaryimage\"},\"image\":{\"@id\":\"https:\\\/\\\/shop.bantam.ch\\\/de\\\/produkt\\\/dachzelt-vista\\\/#primaryimage\"},\"thumbnailUrl\":\"https:\\\/\\\/shop.bantam.ch\\\/wp-content\\\/uploads\\\/2024\\\/05\\\/Movera-L-9971379100.jpg\",\"datePublished\":\"2024-05-15T15:54:22+00:00\",\"dateModified\":\"2026-04-18T23:32:12+00:00\",\"breadcrumb\":{\"@id\":\"https:\\\/\\\/shop.bantam.ch\\\/de\\\/produkt\\\/dachzelt-vista\\\/#breadcrumb\"},\"inLanguage\":\"de\",\"potentialAction\":[{\"@type\":\"ReadAction\",\"target\":[\"https:\\\/\\\/shop.bantam.ch\\\/de\\\/produkt\\\/dachzelt-vista\\\/\"]}]},{\"@type\":\"ImageObject\",\"inLanguage\":\"de\",\"@id\":\"https:\\\/\\\/shop.bantam.ch\\\/de\\\/produkt\\\/dachzelt-vista\\\/#primaryimage\",\"url\":\"https:\\\/\\\/shop.bantam.ch\\\/wp-content\\\/uploads\\\/2024\\\/05\\\/Movera-L-9971379100.jpg\",\"contentUrl\":\"https:\\\/\\\/shop.bantam.ch\\\/wp-content\\\/uploads\\\/2024\\\/05\\\/Movera-L-9971379100.jpg\",\"width\":640,\"height\":452},{\"@type\":\"BreadcrumbList\",\"@id\":\"https:\\\/\\\/shop.bantam.ch\\\/de\\\/produkt\\\/dachzelt-vista\\\/#breadcrumb\",\"itemListElement\":[{\"@type\":\"ListItem\",\"position\":1,\"name\":\"Accueil\",\"item\":\"https:\\\/\\\/shop.bantam.ch\\\/de\\\/\"},{\"@type\":\"ListItem\",\"position\":2,\"name\":\"Shop\",\"item\":\"https:\\\/\\\/shop.bantam.ch\\\/de\\\/shop\\\/\"},{\"@type\":\"ListItem\",\"position\":3,\"name\":\"Dachzelt Vista\"}]},{\"@type\":\"WebSite\",\"@id\":\"https:\\\/\\\/shop.bantam.ch\\\/de\\\/#website\",\"url\":\"https:\\\/\\\/shop.bantam.ch\\\/de\\\/\",\"name\":\"Bantam Camping AG\",\"description\":\"\",\"publisher\":{\"@id\":\"https:\\\/\\\/shop.bantam.ch\\\/de\\\/#organization\"},\"inLanguage\":\"de\"},{\"@type\":\"Organization\",\"@id\":\"https:\\\/\\\/shop.bantam.ch\\\/de\\\/#organization\",\"name\":\"Bantam Camping AG\",\"url\":\"https:\\\/\\\/shop.bantam.ch\\\/de\\\/\",\"logo\":{\"@type\":\"ImageObject\",\"inLanguage\":\"de\",\"@id\":\"https:\\\/\\\/shop.bantam.ch\\\/de\\\/#\\\/schema\\\/logo\\\/image\\\/\",\"url\":\"https:\\\/\\\/shop.bantam.ch\\\/wp-content\\\/uploads\\\/2022\\\/12\\\/bantam-logo.png\",\"contentUrl\":\"https:\\\/\\\/shop.bantam.ch\\\/wp-content\\\/uploads\\\/2022\\\/12\\\/bantam-logo.png\",\"width\":320,\"height\":71,\"caption\":\"Bantam Camping AG\"},\"image\":{\"@id\":\"https:\\\/\\\/shop.bantam.ch\\\/de\\\/#\\\/schema\\\/logo\\\/image\\\/\"}}]}<\/script>\n<!-- \/ Yoast SEO plugin. -->","yoast_head_json":{"title":"Dachzelt Vista - Bantam Camping AG","robots":{"index":"index","follow":"follow","max-snippet":"max-snippet:-1","max-image-preview":"max-image-preview:large","max-video-preview":"max-video-preview:-1"},"canonical":"https:\/\/shop.bantam.ch\/de\/produkt\/dachzelt-vista\/","og_locale":"de_DE","og_type":"article","og_title":"Dachzelt Vista - Bantam Camping AG","og_description":"Erleben Sie das ultimative Gef\u00fchl von Freiheit mit &nbsp;dem Hapro Vista Dachzelt. Ein einzigartiges Design, &nbsp;h\u00f6chster Standard und innovative Funktionen zeichnen das Vista aus. Der fortschrittliche Faltmechanismus garantiert ein blitzschnelles, einfaches Ein- und Ausklappen, so dass Sie in nur 60 Sekunden f\u00fcr Ihr n\u00e4chstes Abenteuer bereit sind. Das strapazierf\u00e4hige Baumwollzelttuch von De Waard, der gro\u00dfz\u00fcgige [&hellip;]","og_url":"https:\/\/shop.bantam.ch\/de\/produkt\/dachzelt-vista\/","og_site_name":"Bantam Camping AG","article_modified_time":"2026-04-18T23:32:12+00:00","twitter_card":"summary_large_image","twitter_misc":{"Gesch\u00e4tzte Lesezeit":"2\u00a0Minuten"},"schema":{"@context":"https:\/\/schema.org","@graph":[{"@type":"WebPage","@id":"https:\/\/shop.bantam.ch\/de\/produkt\/dachzelt-vista\/","url":"https:\/\/shop.bantam.ch\/de\/produkt\/dachzelt-vista\/","name":"Dachzelt Vista - Bantam Camping AG","isPartOf":{"@id":"https:\/\/shop.bantam.ch\/de\/#website"},"primaryImageOfPage":{"@id":"https:\/\/shop.bantam.ch\/de\/produkt\/dachzelt-vista\/#primaryimage"},"image":{"@id":"https:\/\/shop.bantam.ch\/de\/produkt\/dachzelt-vista\/#primaryimage"},"thumbnailUrl":"https:\/\/shop.bantam.ch\/wp-content\/uploads\/2024\/05\/Movera-L-9971379100.jpg","datePublished":"2024-05-15T15:54:22+00:00","dateModified":"2026-04-18T23:32:12+00:00","breadcrumb":{"@id":"https:\/\/shop.bantam.ch\/de\/produkt\/dachzelt-vista\/#breadcrumb"},"inLanguage":"de","potentialAction":[{"@type":"ReadAction","target":["https:\/\/shop.bantam.ch\/de\/produkt\/dachzelt-vista\/"]}]},{"@type":"ImageObject","inLanguage":"de","@id":"https:\/\/shop.bantam.ch\/de\/produkt\/dachzelt-vista\/#primaryimage","url":"https:\/\/shop.bantam.ch\/wp-content\/uploads\/2024\/05\/Movera-L-9971379100.jpg","contentUrl":"https:\/\/shop.bantam.ch\/wp-content\/uploads\/2024\/05\/Movera-L-9971379100.jpg","width":640,"height":452},{"@type":"BreadcrumbList","@id":"https:\/\/shop.bantam.ch\/de\/produkt\/dachzelt-vista\/#breadcrumb","itemListElement":[{"@type":"ListItem","position":1,"name":"Accueil","item":"https:\/\/shop.bantam.ch\/de\/"},{"@type":"ListItem","position":2,"name":"Shop","item":"https:\/\/shop.bantam.ch\/de\/shop\/"},{"@type":"ListItem","position":3,"name":"Dachzelt Vista"}]},{"@type":"WebSite","@id":"https:\/\/shop.bantam.ch\/de\/#website","url":"https:\/\/shop.bantam.ch\/de\/","name":"Bantam Camping AG","description":"","publisher":{"@id":"https:\/\/shop.bantam.ch\/de\/#organization"},"inLanguage":"de"},{"@type":"Organization","@id":"https:\/\/shop.bantam.ch\/de\/#organization","name":"Bantam Camping AG","url":"https:\/\/shop.bantam.ch\/de\/","logo":{"@type":"ImageObject","inLanguage":"de","@id":"https:\/\/shop.bantam.ch\/de\/#\/schema\/logo\/image\/","url":"https:\/\/shop.bantam.ch\/wp-content\/uploads\/2022\/12\/bantam-logo.png","contentUrl":"https:\/\/shop.bantam.ch\/wp-content\/uploads\/2022\/12\/bantam-logo.png","width":320,"height":71,"caption":"Bantam Camping AG"},"image":{"@id":"https:\/\/shop.bantam.ch\/de\/#\/schema\/logo\/image\/"}}]}},"_links":{"self":[{"href":"https:\/\/shop.bantam.ch\/de\/wp-json\/wp\/v2\/product\/201192","targetHints":{"allow":["GET"]}}],"collection":[{"href":"https:\/\/shop.bantam.ch\/de\/wp-json\/wp\/v2\/product"}],"about":[{"href":"https:\/\/shop.bantam.ch\/de\/wp-json\/wp\/v2\/types\/product"}],"wp:featuredmedia":[{"embeddable":true,"href":"https:\/\/shop.bantam.ch\/de\/wp-json\/wp\/v2\/media\/201176"}],"wp:attachment":[{"href":"https:\/\/shop.bantam.ch\/de\/wp-json\/wp\/v2\/media?parent=201192"}],"wp:term":[{"taxonomy":"product_featured_cat","embeddable":true,"href":"https:\/\/shop.bantam.ch\/de\/wp-json\/wp\/v2\/product_featured_cat?post=201192"},{"taxonomy":"product_brand","embeddable":true,"href":"https:\/\/shop.bantam.ch\/de\/wp-json\/wp\/v2\/product_brand?post=201192"},{"taxonomy":"product_cat","embeddable":true,"href":"https:\/\/shop.bantam.ch\/de\/wp-json\/wp\/v2\/product_cat?post=201192"},{"taxonomy":"product_tag","embeddable":true,"href":"https:\/\/shop.bantam.ch\/de\/wp-json\/wp\/v2\/product_tag?post=201192"}],"curies":[{"name":"wp","href":"https:\/\/api.w.org\/{rel}","templated":true}]}}