{"id":201148,"date":"2024-05-15T17:53:26","date_gmt":"2024-05-15T15:53:26","guid":{"rendered":"https:\/\/shop.bantam.ch\/produit\/fixgo-adapter-puffer-peggy-peg-2-er-pack\/"},"modified":"2026-04-18T23:17:21","modified_gmt":"2026-04-18T21:17:21","slug":"fixgo-adapter-puffer-peggy-peg-2-er-pack","status":"publish","type":"product","link":"https:\/\/shop.bantam.ch\/de\/produkt\/fixgo-adapter-puffer-peggy-peg-2-er-pack\/","title":{"rendered":"Fix&amp;Go Adapter Puffer Peggy Peg 2-er Pack"},"content":{"rendered":"<p>Markisen einfach am Boden befestigen: Die Fix&amp;Go Ankerplatte 2.0 ist die L\u00f6sung f\u00fcr eine unkomplizierte Sicherung der Markise am Stellplatz. Deshalb haben uns zahlreiche Camper nach einer M\u00f6glichkeit gefragt, runde Stangen eines Sonnensegels, einfacher Stangenmarkisen, oder einer 180\u00b0\/270\u00b0 Markise mit unserer praktischen Fix&amp;Go Ankerplatte 2.0 zu verbinden. Unsere L\u00f6sung: Der Fix&amp;Go Adapter. Dieser wird an Stelle des oftmals verwendeten Blindstopfens am Stangenende eingesetzt. Durch einfaches Verdrehen per Hand, passt sich der Fix&amp;Go Adapter an Rohre mit Innendurchmessern von 18 bis 27 mm an und h\u00e4lt sicher in der Stange. Somit ist der clevere Adapter kompatibel mit den g\u00e4ngigsten Zeltstangen. Weiterer Punkt: Der Fix&amp;Go Adapter ist so klein und kompakt, dass er in der Regel an der Stange verbleiben kann und so alles problemlos, zum Beispiel in den Sack einer Markise, passt. Sollte dies einmal nicht m\u00f6glich sein, ist der Fix&amp;Go Adapter in Sekundenschnelle wieder demontiert.Der Fix&amp;Go Adapter passt perfekt in die Ausparung der Fix&amp;Go Ankerplatte 2.0. Durch die Vielseitigkeit der Ankerplatte lassen sich die Stangen auf fast allen B\u00f6den sicher befestigen \u2013 und auch schnell wieder entnehmen, wenn sich das Wetter einmal \u00e4ndert.<\/p>\n","protected":false},"excerpt":{"rendered":"<p>Markisen einfach am Boden befestigen: Die Fix&amp;Go Ankerplatte 2.0 ist die L\u00f6sung f\u00fcr eine unkomplizierte Sicherung der Markise am Stellplatz. Deshalb haben uns zahlreiche Camper nach einer M\u00f6glichkeit gefragt, runde Stangen eines Sonnensegels, einfacher Stangenmarkisen, oder einer 180\u00b0\/270\u00b0 Markise mit unserer praktischen Fix&amp;Go Ankerplatte 2.0 zu verbinden. Unsere L\u00f6sung: Der Fix&amp;Go Adapter. Dieser wird an [&hellip;]<\/p>\n","protected":false},"featured_media":207637,"template":"","meta":{"_acf_changed":false},"product_featured_cat":[],"product_brand":[],"product_cat":[4228],"product_tag":[],"class_list":{"0":"post-201148","1":"product","2":"type-product","3":"status-publish","4":"has-post-thumbnail","6":"product_cat-markisen-befestigung","8":"first","9":"instock","10":"taxable","11":"shipping-taxable","12":"purchasable","13":"product-type-simple"},"acf":[],"yoast_head":"<!-- This site is optimized with the Yoast SEO plugin v27.4 - https:\/\/yoast.com\/product\/yoast-seo-wordpress\/ -->\n<title>Fix&amp;Go Adapter Puffer Peggy Peg 2-er Pack - Bantam Camping AG<\/title>\n<meta name=\"robots\" content=\"index, follow, max-snippet:-1, max-image-preview:large, max-video-preview:-1\" \/>\n<link rel=\"canonical\" href=\"https:\/\/shop.bantam.ch\/de\/produkt\/fixgo-adapter-puffer-peggy-peg-2-er-pack\/\" \/>\n<meta property=\"og:locale\" content=\"de_DE\" \/>\n<meta property=\"og:type\" content=\"article\" \/>\n<meta property=\"og:title\" content=\"Fix&amp;Go Adapter Puffer Peggy Peg 2-er Pack - Bantam Camping AG\" \/>\n<meta property=\"og:description\" content=\"Markisen einfach am Boden befestigen: Die Fix&amp;Go Ankerplatte 2.0 ist die L\u00f6sung f\u00fcr eine unkomplizierte Sicherung der Markise am Stellplatz. Deshalb haben uns zahlreiche Camper nach einer M\u00f6glichkeit gefragt, runde Stangen eines Sonnensegels, einfacher Stangenmarkisen, oder einer 180\u00b0\/270\u00b0 Markise mit unserer praktischen Fix&amp;Go Ankerplatte 2.0 zu verbinden. Unsere L\u00f6sung: Der Fix&amp;Go Adapter. Dieser wird an [&hellip;]\" \/>\n<meta property=\"og:url\" content=\"https:\/\/shop.bantam.ch\/de\/produkt\/fixgo-adapter-puffer-peggy-peg-2-er-pack\/\" \/>\n<meta property=\"og:site_name\" content=\"Bantam Camping AG\" \/>\n<meta property=\"article:modified_time\" content=\"2026-04-18T21:17:21+00:00\" \/>\n<meta name=\"twitter:card\" content=\"summary_large_image\" \/>\n<meta name=\"twitter:label1\" content=\"Gesch\u00e4tzte Lesezeit\" \/>\n\t<meta name=\"twitter:data1\" content=\"1\u00a0Minute\" \/>\n<script type=\"application\/ld+json\" class=\"yoast-schema-graph\">{\"@context\":\"https:\\\/\\\/schema.org\",\"@graph\":[{\"@type\":\"WebPage\",\"@id\":\"https:\\\/\\\/shop.bantam.ch\\\/de\\\/produkt\\\/fixgo-adapter-puffer-peggy-peg-2-er-pack\\\/\",\"url\":\"https:\\\/\\\/shop.bantam.ch\\\/de\\\/produkt\\\/fixgo-adapter-puffer-peggy-peg-2-er-pack\\\/\",\"name\":\"Fix&amp;Go Adapter Puffer Peggy Peg 2-er Pack - Bantam Camping AG\",\"isPartOf\":{\"@id\":\"https:\\\/\\\/shop.bantam.ch\\\/de\\\/#website\"},\"primaryImageOfPage\":{\"@id\":\"https:\\\/\\\/shop.bantam.ch\\\/de\\\/produkt\\\/fixgo-adapter-puffer-peggy-peg-2-er-pack\\\/#primaryimage\"},\"image\":{\"@id\":\"https:\\\/\\\/shop.bantam.ch\\\/de\\\/produkt\\\/fixgo-adapter-puffer-peggy-peg-2-er-pack\\\/#primaryimage\"},\"thumbnailUrl\":\"https:\\\/\\\/shop.bantam.ch\\\/wp-content\\\/uploads\\\/2024\\\/09\\\/Movera-L-9971368100.jpg\",\"datePublished\":\"2024-05-15T15:53:26+00:00\",\"dateModified\":\"2026-04-18T21:17:21+00:00\",\"breadcrumb\":{\"@id\":\"https:\\\/\\\/shop.bantam.ch\\\/de\\\/produkt\\\/fixgo-adapter-puffer-peggy-peg-2-er-pack\\\/#breadcrumb\"},\"inLanguage\":\"de\",\"potentialAction\":[{\"@type\":\"ReadAction\",\"target\":[\"https:\\\/\\\/shop.bantam.ch\\\/de\\\/produkt\\\/fixgo-adapter-puffer-peggy-peg-2-er-pack\\\/\"]}]},{\"@type\":\"ImageObject\",\"inLanguage\":\"de\",\"@id\":\"https:\\\/\\\/shop.bantam.ch\\\/de\\\/produkt\\\/fixgo-adapter-puffer-peggy-peg-2-er-pack\\\/#primaryimage\",\"url\":\"https:\\\/\\\/shop.bantam.ch\\\/wp-content\\\/uploads\\\/2024\\\/09\\\/Movera-L-9971368100.jpg\",\"contentUrl\":\"https:\\\/\\\/shop.bantam.ch\\\/wp-content\\\/uploads\\\/2024\\\/09\\\/Movera-L-9971368100.jpg\",\"width\":640,\"height\":853},{\"@type\":\"BreadcrumbList\",\"@id\":\"https:\\\/\\\/shop.bantam.ch\\\/de\\\/produkt\\\/fixgo-adapter-puffer-peggy-peg-2-er-pack\\\/#breadcrumb\",\"itemListElement\":[{\"@type\":\"ListItem\",\"position\":1,\"name\":\"Accueil\",\"item\":\"https:\\\/\\\/shop.bantam.ch\\\/de\\\/\"},{\"@type\":\"ListItem\",\"position\":2,\"name\":\"Shop\",\"item\":\"https:\\\/\\\/shop.bantam.ch\\\/de\\\/shop\\\/\"},{\"@type\":\"ListItem\",\"position\":3,\"name\":\"Fix&amp;Go Adapter Puffer Peggy Peg 2-er Pack\"}]},{\"@type\":\"WebSite\",\"@id\":\"https:\\\/\\\/shop.bantam.ch\\\/de\\\/#website\",\"url\":\"https:\\\/\\\/shop.bantam.ch\\\/de\\\/\",\"name\":\"Bantam Camping AG\",\"description\":\"\",\"publisher\":{\"@id\":\"https:\\\/\\\/shop.bantam.ch\\\/de\\\/#organization\"},\"inLanguage\":\"de\"},{\"@type\":\"Organization\",\"@id\":\"https:\\\/\\\/shop.bantam.ch\\\/de\\\/#organization\",\"name\":\"Bantam Camping AG\",\"url\":\"https:\\\/\\\/shop.bantam.ch\\\/de\\\/\",\"logo\":{\"@type\":\"ImageObject\",\"inLanguage\":\"de\",\"@id\":\"https:\\\/\\\/shop.bantam.ch\\\/de\\\/#\\\/schema\\\/logo\\\/image\\\/\",\"url\":\"https:\\\/\\\/shop.bantam.ch\\\/wp-content\\\/uploads\\\/2022\\\/12\\\/bantam-logo.png\",\"contentUrl\":\"https:\\\/\\\/shop.bantam.ch\\\/wp-content\\\/uploads\\\/2022\\\/12\\\/bantam-logo.png\",\"width\":320,\"height\":71,\"caption\":\"Bantam Camping AG\"},\"image\":{\"@id\":\"https:\\\/\\\/shop.bantam.ch\\\/de\\\/#\\\/schema\\\/logo\\\/image\\\/\"}}]}<\/script>\n<!-- \/ Yoast SEO plugin. -->","yoast_head_json":{"title":"Fix&amp;Go Adapter Puffer Peggy Peg 2-er Pack - Bantam Camping AG","robots":{"index":"index","follow":"follow","max-snippet":"max-snippet:-1","max-image-preview":"max-image-preview:large","max-video-preview":"max-video-preview:-1"},"canonical":"https:\/\/shop.bantam.ch\/de\/produkt\/fixgo-adapter-puffer-peggy-peg-2-er-pack\/","og_locale":"de_DE","og_type":"article","og_title":"Fix&amp;Go Adapter Puffer Peggy Peg 2-er Pack - Bantam Camping AG","og_description":"Markisen einfach am Boden befestigen: Die Fix&amp;Go Ankerplatte 2.0 ist die L\u00f6sung f\u00fcr eine unkomplizierte Sicherung der Markise am Stellplatz. Deshalb haben uns zahlreiche Camper nach einer M\u00f6glichkeit gefragt, runde Stangen eines Sonnensegels, einfacher Stangenmarkisen, oder einer 180\u00b0\/270\u00b0 Markise mit unserer praktischen Fix&amp;Go Ankerplatte 2.0 zu verbinden. Unsere L\u00f6sung: Der Fix&amp;Go Adapter. Dieser wird an [&hellip;]","og_url":"https:\/\/shop.bantam.ch\/de\/produkt\/fixgo-adapter-puffer-peggy-peg-2-er-pack\/","og_site_name":"Bantam Camping AG","article_modified_time":"2026-04-18T21:17:21+00:00","twitter_card":"summary_large_image","twitter_misc":{"Gesch\u00e4tzte Lesezeit":"1\u00a0Minute"},"schema":{"@context":"https:\/\/schema.org","@graph":[{"@type":"WebPage","@id":"https:\/\/shop.bantam.ch\/de\/produkt\/fixgo-adapter-puffer-peggy-peg-2-er-pack\/","url":"https:\/\/shop.bantam.ch\/de\/produkt\/fixgo-adapter-puffer-peggy-peg-2-er-pack\/","name":"Fix&amp;Go Adapter Puffer Peggy Peg 2-er Pack - Bantam Camping AG","isPartOf":{"@id":"https:\/\/shop.bantam.ch\/de\/#website"},"primaryImageOfPage":{"@id":"https:\/\/shop.bantam.ch\/de\/produkt\/fixgo-adapter-puffer-peggy-peg-2-er-pack\/#primaryimage"},"image":{"@id":"https:\/\/shop.bantam.ch\/de\/produkt\/fixgo-adapter-puffer-peggy-peg-2-er-pack\/#primaryimage"},"thumbnailUrl":"https:\/\/shop.bantam.ch\/wp-content\/uploads\/2024\/09\/Movera-L-9971368100.jpg","datePublished":"2024-05-15T15:53:26+00:00","dateModified":"2026-04-18T21:17:21+00:00","breadcrumb":{"@id":"https:\/\/shop.bantam.ch\/de\/produkt\/fixgo-adapter-puffer-peggy-peg-2-er-pack\/#breadcrumb"},"inLanguage":"de","potentialAction":[{"@type":"ReadAction","target":["https:\/\/shop.bantam.ch\/de\/produkt\/fixgo-adapter-puffer-peggy-peg-2-er-pack\/"]}]},{"@type":"ImageObject","inLanguage":"de","@id":"https:\/\/shop.bantam.ch\/de\/produkt\/fixgo-adapter-puffer-peggy-peg-2-er-pack\/#primaryimage","url":"https:\/\/shop.bantam.ch\/wp-content\/uploads\/2024\/09\/Movera-L-9971368100.jpg","contentUrl":"https:\/\/shop.bantam.ch\/wp-content\/uploads\/2024\/09\/Movera-L-9971368100.jpg","width":640,"height":853},{"@type":"BreadcrumbList","@id":"https:\/\/shop.bantam.ch\/de\/produkt\/fixgo-adapter-puffer-peggy-peg-2-er-pack\/#breadcrumb","itemListElement":[{"@type":"ListItem","position":1,"name":"Accueil","item":"https:\/\/shop.bantam.ch\/de\/"},{"@type":"ListItem","position":2,"name":"Shop","item":"https:\/\/shop.bantam.ch\/de\/shop\/"},{"@type":"ListItem","position":3,"name":"Fix&amp;Go Adapter Puffer Peggy Peg 2-er Pack"}]},{"@type":"WebSite","@id":"https:\/\/shop.bantam.ch\/de\/#website","url":"https:\/\/shop.bantam.ch\/de\/","name":"Bantam Camping AG","description":"","publisher":{"@id":"https:\/\/shop.bantam.ch\/de\/#organization"},"inLanguage":"de"},{"@type":"Organization","@id":"https:\/\/shop.bantam.ch\/de\/#organization","name":"Bantam Camping AG","url":"https:\/\/shop.bantam.ch\/de\/","logo":{"@type":"ImageObject","inLanguage":"de","@id":"https:\/\/shop.bantam.ch\/de\/#\/schema\/logo\/image\/","url":"https:\/\/shop.bantam.ch\/wp-content\/uploads\/2022\/12\/bantam-logo.png","contentUrl":"https:\/\/shop.bantam.ch\/wp-content\/uploads\/2022\/12\/bantam-logo.png","width":320,"height":71,"caption":"Bantam Camping AG"},"image":{"@id":"https:\/\/shop.bantam.ch\/de\/#\/schema\/logo\/image\/"}}]}},"_links":{"self":[{"href":"https:\/\/shop.bantam.ch\/de\/wp-json\/wp\/v2\/product\/201148","targetHints":{"allow":["GET"]}}],"collection":[{"href":"https:\/\/shop.bantam.ch\/de\/wp-json\/wp\/v2\/product"}],"about":[{"href":"https:\/\/shop.bantam.ch\/de\/wp-json\/wp\/v2\/types\/product"}],"wp:featuredmedia":[{"embeddable":true,"href":"https:\/\/shop.bantam.ch\/de\/wp-json\/wp\/v2\/media\/207637"}],"wp:attachment":[{"href":"https:\/\/shop.bantam.ch\/de\/wp-json\/wp\/v2\/media?parent=201148"}],"wp:term":[{"taxonomy":"product_featured_cat","embeddable":true,"href":"https:\/\/shop.bantam.ch\/de\/wp-json\/wp\/v2\/product_featured_cat?post=201148"},{"taxonomy":"product_brand","embeddable":true,"href":"https:\/\/shop.bantam.ch\/de\/wp-json\/wp\/v2\/product_brand?post=201148"},{"taxonomy":"product_cat","embeddable":true,"href":"https:\/\/shop.bantam.ch\/de\/wp-json\/wp\/v2\/product_cat?post=201148"},{"taxonomy":"product_tag","embeddable":true,"href":"https:\/\/shop.bantam.ch\/de\/wp-json\/wp\/v2\/product_tag?post=201148"}],"curies":[{"name":"wp","href":"https:\/\/api.w.org\/{rel}","templated":true}]}}