{"id":201130,"date":"2024-05-15T17:53:11","date_gmt":"2024-05-15T15:53:11","guid":{"rendered":"https:\/\/shop.bantam.ch\/produit\/wandpaneele-thule-subsola-medium-panel\/"},"modified":"2026-04-17T23:14:03","modified_gmt":"2026-04-17T21:14:03","slug":"wandpaneele-thule-subsola-medium-panel","status":"publish","type":"product","link":"https:\/\/shop.bantam.ch\/de\/produkt\/wandpaneele-thule-subsola-medium-panel\/","title":{"rendered":"Wandpaneele THULE Subsola Medium Panel"},"content":{"rendered":"<p>Moderne, modulare Paneele f\u00fcr einen erweiterten Lebensraum<\/p>\n<p>Das Produkt ist entwickelt f\u00fcr Kompakt-Van Besitzer. Es dient f\u00fcr mehr Lebensraum mit Privacy und Wetterschutz au\u00dferdem bietet es moderne und intelligente Modularit\u00e4t.<\/p>\n<ul>\n<li>Erweitern Sie den Lebensraum au\u00dferhalb der Markise Ihres Vans und genie\u00dfen Sie&nbsp; mehr Privatsph\u00e4re<\/li>\n<li>Atmungsaktives, wasserbest\u00e4ndiges Material bietet Privatsph\u00e4re und Schutz vor Sonne&nbsp; und Regen<\/li>\n<li>Die dreieckigen Paneele mit hochwertigen Rei\u00dfverschl\u00fcssen und Kedern lassen sich f\u00fcr&nbsp; eine perfekte Einrichtung unterschiedlich kombinieren.<\/li>\n<li>Mit der verstellbaren Stange k\u00f6nnen Sie bei Bedarf mehr Privatsph\u00e4re schaffen, oder die Paneele bei Wetterver\u00e4nderungen anpassen<\/li>\n<li>Die Paneele k\u00f6nnen in einer hochwertigen Tasche aufbewahrt werden, damit Sie immer alles dabei haben<\/li>\n<li>&nbsp;Erh\u00e4ltlich als Seiten- und Front-Paket, die auch kombiniert werden k\u00f6nnen. Sie k\u00f6nnen&nbsp;au\u00dferdem weitere Paneele oder Stangen (separat erh\u00e4ltlich) hinzuzuf\u00fcgen, um Ihre&nbsp;Outdoor-Einrichtung ganz Ihren W\u00fcnsche anzupassen<\/li>\n<li>Thule Subsola Paneele sind mit den folgenden Markisen kompatibel: T 4200, TO 4900, Thule HideAway, TO 5102, VW, Thule Sidehill und TO 5200 mit 2.60m l\u00e4nge und 2.00&nbsp; m Auszug<\/li>\n<li>Medium Panel: 185 x 185 cm<\/li>\n<\/ul>\n<p>Material:<br \/>\n100 % Polyester (mit einseitiger Acrylatbeschichtung)<\/p>\n","protected":false},"excerpt":{"rendered":"<p>Moderne, modulare Paneele f\u00fcr einen erweiterten Lebensraum Das Produkt ist entwickelt f\u00fcr Kompakt-Van Besitzer. Es dient f\u00fcr mehr Lebensraum mit Privacy und Wetterschutz au\u00dferdem bietet es moderne und intelligente Modularit\u00e4t. Erweitern Sie den Lebensraum au\u00dferhalb der Markise Ihres Vans und genie\u00dfen Sie&nbsp; mehr Privatsph\u00e4re Atmungsaktives, wasserbest\u00e4ndiges Material bietet Privatsph\u00e4re und Schutz vor Sonne&nbsp; und Regen [&hellip;]<\/p>\n","protected":false},"featured_media":207633,"template":"","meta":{"_acf_changed":false},"product_featured_cat":[],"product_brand":[],"product_cat":[4252],"product_tag":[],"class_list":{"0":"post-201130","1":"product","2":"type-product","3":"status-publish","4":"has-post-thumbnail","6":"product_cat-sonnensegel-fuer-campingfahrzeuge","8":"first","9":"instock","10":"taxable","11":"shipping-taxable","12":"purchasable","13":"product-type-simple"},"acf":[],"yoast_head":"<!-- This site is optimized with the Yoast SEO plugin v27.4 - https:\/\/yoast.com\/product\/yoast-seo-wordpress\/ -->\n<title>Wandpaneele THULE Subsola Medium Panel - Bantam Camping AG<\/title>\n<meta name=\"robots\" content=\"index, follow, max-snippet:-1, max-image-preview:large, max-video-preview:-1\" \/>\n<link rel=\"canonical\" href=\"https:\/\/shop.bantam.ch\/de\/produkt\/wandpaneele-thule-subsola-medium-panel\/\" \/>\n<meta property=\"og:locale\" content=\"de_DE\" \/>\n<meta property=\"og:type\" content=\"article\" \/>\n<meta property=\"og:title\" content=\"Wandpaneele THULE Subsola Medium Panel - Bantam Camping AG\" \/>\n<meta property=\"og:description\" content=\"Moderne, modulare Paneele f\u00fcr einen erweiterten Lebensraum Das Produkt ist entwickelt f\u00fcr Kompakt-Van Besitzer. Es dient f\u00fcr mehr Lebensraum mit Privacy und Wetterschutz au\u00dferdem bietet es moderne und intelligente Modularit\u00e4t. Erweitern Sie den Lebensraum au\u00dferhalb der Markise Ihres Vans und genie\u00dfen Sie&nbsp; mehr Privatsph\u00e4re Atmungsaktives, wasserbest\u00e4ndiges Material bietet Privatsph\u00e4re und Schutz vor Sonne&nbsp; und Regen [&hellip;]\" \/>\n<meta property=\"og:url\" content=\"https:\/\/shop.bantam.ch\/de\/produkt\/wandpaneele-thule-subsola-medium-panel\/\" \/>\n<meta property=\"og:site_name\" content=\"Bantam Camping AG\" \/>\n<meta property=\"article:modified_time\" content=\"2026-04-17T21:14:03+00:00\" \/>\n<meta name=\"twitter:card\" content=\"summary_large_image\" \/>\n<meta name=\"twitter:label1\" content=\"Gesch\u00e4tzte Lesezeit\" \/>\n\t<meta name=\"twitter:data1\" content=\"1\u00a0Minute\" \/>\n<script type=\"application\/ld+json\" class=\"yoast-schema-graph\">{\"@context\":\"https:\\\/\\\/schema.org\",\"@graph\":[{\"@type\":\"WebPage\",\"@id\":\"https:\\\/\\\/shop.bantam.ch\\\/de\\\/produkt\\\/wandpaneele-thule-subsola-medium-panel\\\/\",\"url\":\"https:\\\/\\\/shop.bantam.ch\\\/de\\\/produkt\\\/wandpaneele-thule-subsola-medium-panel\\\/\",\"name\":\"Wandpaneele THULE Subsola Medium Panel - Bantam Camping AG\",\"isPartOf\":{\"@id\":\"https:\\\/\\\/shop.bantam.ch\\\/de\\\/#website\"},\"primaryImageOfPage\":{\"@id\":\"https:\\\/\\\/shop.bantam.ch\\\/de\\\/produkt\\\/wandpaneele-thule-subsola-medium-panel\\\/#primaryimage\"},\"image\":{\"@id\":\"https:\\\/\\\/shop.bantam.ch\\\/de\\\/produkt\\\/wandpaneele-thule-subsola-medium-panel\\\/#primaryimage\"},\"thumbnailUrl\":\"https:\\\/\\\/shop.bantam.ch\\\/wp-content\\\/uploads\\\/2024\\\/09\\\/Movera-L-9971364100.jpg\",\"datePublished\":\"2024-05-15T15:53:11+00:00\",\"dateModified\":\"2026-04-17T21:14:03+00:00\",\"breadcrumb\":{\"@id\":\"https:\\\/\\\/shop.bantam.ch\\\/de\\\/produkt\\\/wandpaneele-thule-subsola-medium-panel\\\/#breadcrumb\"},\"inLanguage\":\"de\",\"potentialAction\":[{\"@type\":\"ReadAction\",\"target\":[\"https:\\\/\\\/shop.bantam.ch\\\/de\\\/produkt\\\/wandpaneele-thule-subsola-medium-panel\\\/\"]}]},{\"@type\":\"ImageObject\",\"inLanguage\":\"de\",\"@id\":\"https:\\\/\\\/shop.bantam.ch\\\/de\\\/produkt\\\/wandpaneele-thule-subsola-medium-panel\\\/#primaryimage\",\"url\":\"https:\\\/\\\/shop.bantam.ch\\\/wp-content\\\/uploads\\\/2024\\\/09\\\/Movera-L-9971364100.jpg\",\"contentUrl\":\"https:\\\/\\\/shop.bantam.ch\\\/wp-content\\\/uploads\\\/2024\\\/09\\\/Movera-L-9971364100.jpg\",\"width\":640,\"height\":427},{\"@type\":\"BreadcrumbList\",\"@id\":\"https:\\\/\\\/shop.bantam.ch\\\/de\\\/produkt\\\/wandpaneele-thule-subsola-medium-panel\\\/#breadcrumb\",\"itemListElement\":[{\"@type\":\"ListItem\",\"position\":1,\"name\":\"Accueil\",\"item\":\"https:\\\/\\\/shop.bantam.ch\\\/de\\\/\"},{\"@type\":\"ListItem\",\"position\":2,\"name\":\"Shop\",\"item\":\"https:\\\/\\\/shop.bantam.ch\\\/de\\\/shop\\\/\"},{\"@type\":\"ListItem\",\"position\":3,\"name\":\"Wandpaneele THULE Subsola Medium Panel\"}]},{\"@type\":\"WebSite\",\"@id\":\"https:\\\/\\\/shop.bantam.ch\\\/de\\\/#website\",\"url\":\"https:\\\/\\\/shop.bantam.ch\\\/de\\\/\",\"name\":\"Bantam Camping AG\",\"description\":\"\",\"publisher\":{\"@id\":\"https:\\\/\\\/shop.bantam.ch\\\/de\\\/#organization\"},\"inLanguage\":\"de\"},{\"@type\":\"Organization\",\"@id\":\"https:\\\/\\\/shop.bantam.ch\\\/de\\\/#organization\",\"name\":\"Bantam Camping AG\",\"url\":\"https:\\\/\\\/shop.bantam.ch\\\/de\\\/\",\"logo\":{\"@type\":\"ImageObject\",\"inLanguage\":\"de\",\"@id\":\"https:\\\/\\\/shop.bantam.ch\\\/de\\\/#\\\/schema\\\/logo\\\/image\\\/\",\"url\":\"https:\\\/\\\/shop.bantam.ch\\\/wp-content\\\/uploads\\\/2022\\\/12\\\/bantam-logo.png\",\"contentUrl\":\"https:\\\/\\\/shop.bantam.ch\\\/wp-content\\\/uploads\\\/2022\\\/12\\\/bantam-logo.png\",\"width\":320,\"height\":71,\"caption\":\"Bantam Camping AG\"},\"image\":{\"@id\":\"https:\\\/\\\/shop.bantam.ch\\\/de\\\/#\\\/schema\\\/logo\\\/image\\\/\"}}]}<\/script>\n<!-- \/ Yoast SEO plugin. -->","yoast_head_json":{"title":"Wandpaneele THULE Subsola Medium Panel - Bantam Camping AG","robots":{"index":"index","follow":"follow","max-snippet":"max-snippet:-1","max-image-preview":"max-image-preview:large","max-video-preview":"max-video-preview:-1"},"canonical":"https:\/\/shop.bantam.ch\/de\/produkt\/wandpaneele-thule-subsola-medium-panel\/","og_locale":"de_DE","og_type":"article","og_title":"Wandpaneele THULE Subsola Medium Panel - Bantam Camping AG","og_description":"Moderne, modulare Paneele f\u00fcr einen erweiterten Lebensraum Das Produkt ist entwickelt f\u00fcr Kompakt-Van Besitzer. Es dient f\u00fcr mehr Lebensraum mit Privacy und Wetterschutz au\u00dferdem bietet es moderne und intelligente Modularit\u00e4t. Erweitern Sie den Lebensraum au\u00dferhalb der Markise Ihres Vans und genie\u00dfen Sie&nbsp; mehr Privatsph\u00e4re Atmungsaktives, wasserbest\u00e4ndiges Material bietet Privatsph\u00e4re und Schutz vor Sonne&nbsp; und Regen [&hellip;]","og_url":"https:\/\/shop.bantam.ch\/de\/produkt\/wandpaneele-thule-subsola-medium-panel\/","og_site_name":"Bantam Camping AG","article_modified_time":"2026-04-17T21:14:03+00:00","twitter_card":"summary_large_image","twitter_misc":{"Gesch\u00e4tzte Lesezeit":"1\u00a0Minute"},"schema":{"@context":"https:\/\/schema.org","@graph":[{"@type":"WebPage","@id":"https:\/\/shop.bantam.ch\/de\/produkt\/wandpaneele-thule-subsola-medium-panel\/","url":"https:\/\/shop.bantam.ch\/de\/produkt\/wandpaneele-thule-subsola-medium-panel\/","name":"Wandpaneele THULE Subsola Medium Panel - Bantam Camping AG","isPartOf":{"@id":"https:\/\/shop.bantam.ch\/de\/#website"},"primaryImageOfPage":{"@id":"https:\/\/shop.bantam.ch\/de\/produkt\/wandpaneele-thule-subsola-medium-panel\/#primaryimage"},"image":{"@id":"https:\/\/shop.bantam.ch\/de\/produkt\/wandpaneele-thule-subsola-medium-panel\/#primaryimage"},"thumbnailUrl":"https:\/\/shop.bantam.ch\/wp-content\/uploads\/2024\/09\/Movera-L-9971364100.jpg","datePublished":"2024-05-15T15:53:11+00:00","dateModified":"2026-04-17T21:14:03+00:00","breadcrumb":{"@id":"https:\/\/shop.bantam.ch\/de\/produkt\/wandpaneele-thule-subsola-medium-panel\/#breadcrumb"},"inLanguage":"de","potentialAction":[{"@type":"ReadAction","target":["https:\/\/shop.bantam.ch\/de\/produkt\/wandpaneele-thule-subsola-medium-panel\/"]}]},{"@type":"ImageObject","inLanguage":"de","@id":"https:\/\/shop.bantam.ch\/de\/produkt\/wandpaneele-thule-subsola-medium-panel\/#primaryimage","url":"https:\/\/shop.bantam.ch\/wp-content\/uploads\/2024\/09\/Movera-L-9971364100.jpg","contentUrl":"https:\/\/shop.bantam.ch\/wp-content\/uploads\/2024\/09\/Movera-L-9971364100.jpg","width":640,"height":427},{"@type":"BreadcrumbList","@id":"https:\/\/shop.bantam.ch\/de\/produkt\/wandpaneele-thule-subsola-medium-panel\/#breadcrumb","itemListElement":[{"@type":"ListItem","position":1,"name":"Accueil","item":"https:\/\/shop.bantam.ch\/de\/"},{"@type":"ListItem","position":2,"name":"Shop","item":"https:\/\/shop.bantam.ch\/de\/shop\/"},{"@type":"ListItem","position":3,"name":"Wandpaneele THULE Subsola Medium Panel"}]},{"@type":"WebSite","@id":"https:\/\/shop.bantam.ch\/de\/#website","url":"https:\/\/shop.bantam.ch\/de\/","name":"Bantam Camping AG","description":"","publisher":{"@id":"https:\/\/shop.bantam.ch\/de\/#organization"},"inLanguage":"de"},{"@type":"Organization","@id":"https:\/\/shop.bantam.ch\/de\/#organization","name":"Bantam Camping AG","url":"https:\/\/shop.bantam.ch\/de\/","logo":{"@type":"ImageObject","inLanguage":"de","@id":"https:\/\/shop.bantam.ch\/de\/#\/schema\/logo\/image\/","url":"https:\/\/shop.bantam.ch\/wp-content\/uploads\/2022\/12\/bantam-logo.png","contentUrl":"https:\/\/shop.bantam.ch\/wp-content\/uploads\/2022\/12\/bantam-logo.png","width":320,"height":71,"caption":"Bantam Camping AG"},"image":{"@id":"https:\/\/shop.bantam.ch\/de\/#\/schema\/logo\/image\/"}}]}},"_links":{"self":[{"href":"https:\/\/shop.bantam.ch\/de\/wp-json\/wp\/v2\/product\/201130","targetHints":{"allow":["GET"]}}],"collection":[{"href":"https:\/\/shop.bantam.ch\/de\/wp-json\/wp\/v2\/product"}],"about":[{"href":"https:\/\/shop.bantam.ch\/de\/wp-json\/wp\/v2\/types\/product"}],"wp:featuredmedia":[{"embeddable":true,"href":"https:\/\/shop.bantam.ch\/de\/wp-json\/wp\/v2\/media\/207633"}],"wp:attachment":[{"href":"https:\/\/shop.bantam.ch\/de\/wp-json\/wp\/v2\/media?parent=201130"}],"wp:term":[{"taxonomy":"product_featured_cat","embeddable":true,"href":"https:\/\/shop.bantam.ch\/de\/wp-json\/wp\/v2\/product_featured_cat?post=201130"},{"taxonomy":"product_brand","embeddable":true,"href":"https:\/\/shop.bantam.ch\/de\/wp-json\/wp\/v2\/product_brand?post=201130"},{"taxonomy":"product_cat","embeddable":true,"href":"https:\/\/shop.bantam.ch\/de\/wp-json\/wp\/v2\/product_cat?post=201130"},{"taxonomy":"product_tag","embeddable":true,"href":"https:\/\/shop.bantam.ch\/de\/wp-json\/wp\/v2\/product_tag?post=201130"}],"curies":[{"name":"wp","href":"https:\/\/api.w.org\/{rel}","templated":true}]}}