{"id":200837,"date":"2024-05-15T17:46:30","date_gmt":"2024-05-15T15:46:30","guid":{"rendered":"https:\/\/shop.bantam.ch\/produit\/dachmarkise-f40van\/"},"modified":"2026-04-19T01:31:09","modified_gmt":"2026-04-18T23:31:09","slug":"dachmarkise-f40van","status":"publish","type":"product","link":"https:\/\/shop.bantam.ch\/de\/produkt\/dachmarkise-f40van\/","title":{"rendered":"Dachmarkise F40Van"},"content":{"rendered":"<p>Markise von kompaktem Design, eine ideale Erg\u00e4nzung f\u00fcr Ihr Fahrzeug, welche sich am Van, dank der tiefersitzenden Halterungen, optisch ideal integriert. Optimales Preis-Leistungsverh\u00e4ltnis. Die Markise wird auf dem Dach des Vans angebracht und nimmt, dank den tiefersitzenden Halterungen, wenig Platz ein. Die Markise ist bis ins kleinste Detail bestens verarbeitet. Das Tuch wird von oben her ausgerollt und garantiert so die Spannung und Leistung des Tuches selbst.<\/p>\n<p>Montage:<\/p>\n<p>Nicht geeignet f\u00fcr Fahrzeuge mit Aufstelldach und auch nicht f\u00fcr den Volkswagen California. Sollte das Fahrzeug mit einer C-Schiene ausgestattet sein, muss diese abgenommen und die Halterungen an den werkseitig vorgesehenen Punkten positioniert werden. Die Montagekits&nbsp;sind optional erh\u00e4ltlich. Die Montage ist durch Anbringung an den vorgesehenen Punkten und ohne Bohrung noch einfacher.<\/p>\n<p>Technische Eigenschaften:<\/p>\n<ul>\n<li>Verst\u00e4rkte Gelenkarme mit reduziertem Querschnitt, welche gerade herausf\u00e4hrt und die Frontblende dadurch minimal nach oben gestellt werden kann. Dadurch wird so das \u00d6ffnen und Schliessen der Seitent\u00fcr bei ge\u00f6ffneter Markise nicht beeintr\u00e4chtigt<\/li>\n<li>Getriebe links<\/li>\n<li>Flat St\u00fctzf\u00fcsse mit voreingestellter \u00d6ffnung<\/li>\n<\/ul>\n<p>Material:<\/p>\n<p>Tuch: 90 % PVC, 10 % Polyester<br \/>\nGeh\u00e4use: Aluminium<\/p>\n","protected":false},"excerpt":{"rendered":"<p>Markise von kompaktem Design, eine ideale Erg\u00e4nzung f\u00fcr Ihr Fahrzeug, welche sich am Van, dank der tiefersitzenden Halterungen, optisch ideal integriert. Optimales Preis-Leistungsverh\u00e4ltnis. Die Markise wird auf dem Dach des Vans angebracht und nimmt, dank den tiefersitzenden Halterungen, wenig Platz ein. Die Markise ist bis ins kleinste Detail bestens verarbeitet. Das Tuch wird von oben [&hellip;]<\/p>\n","protected":false},"featured_media":200830,"template":"","meta":{"_acf_changed":false},"product_featured_cat":[],"product_brand":[],"product_cat":[4214],"product_tag":[],"class_list":{"0":"post-200837","1":"product","2":"type-product","3":"status-publish","4":"has-post-thumbnail","6":"product_cat-markisen-dachseitenwand","8":"first","9":"instock","10":"taxable","11":"shipping-taxable","12":"purchasable","13":"product-type-variable"},"acf":[],"yoast_head":"<!-- This site is optimized with the Yoast SEO plugin v27.4 - https:\/\/yoast.com\/product\/yoast-seo-wordpress\/ -->\n<title>Dachmarkise F40Van - Bantam Camping AG<\/title>\n<meta name=\"robots\" content=\"index, follow, max-snippet:-1, max-image-preview:large, max-video-preview:-1\" \/>\n<link rel=\"canonical\" href=\"https:\/\/shop.bantam.ch\/de\/produkt\/dachmarkise-f40van\/\" \/>\n<meta property=\"og:locale\" content=\"de_DE\" \/>\n<meta property=\"og:type\" content=\"article\" \/>\n<meta property=\"og:title\" content=\"Dachmarkise F40Van - Bantam Camping AG\" \/>\n<meta property=\"og:description\" content=\"Markise von kompaktem Design, eine ideale Erg\u00e4nzung f\u00fcr Ihr Fahrzeug, welche sich am Van, dank der tiefersitzenden Halterungen, optisch ideal integriert. Optimales Preis-Leistungsverh\u00e4ltnis. Die Markise wird auf dem Dach des Vans angebracht und nimmt, dank den tiefersitzenden Halterungen, wenig Platz ein. Die Markise ist bis ins kleinste Detail bestens verarbeitet. Das Tuch wird von oben [&hellip;]\" \/>\n<meta property=\"og:url\" content=\"https:\/\/shop.bantam.ch\/de\/produkt\/dachmarkise-f40van\/\" \/>\n<meta property=\"og:site_name\" content=\"Bantam Camping AG\" \/>\n<meta property=\"article:modified_time\" content=\"2026-04-18T23:31:09+00:00\" \/>\n<meta name=\"twitter:card\" content=\"summary_large_image\" \/>\n<meta name=\"twitter:label1\" content=\"Gesch\u00e4tzte Lesezeit\" \/>\n\t<meta name=\"twitter:data1\" content=\"1\u00a0Minute\" \/>\n<script type=\"application\/ld+json\" class=\"yoast-schema-graph\">{\"@context\":\"https:\\\/\\\/schema.org\",\"@graph\":[{\"@type\":\"WebPage\",\"@id\":\"https:\\\/\\\/shop.bantam.ch\\\/de\\\/produkt\\\/dachmarkise-f40van\\\/\",\"url\":\"https:\\\/\\\/shop.bantam.ch\\\/de\\\/produkt\\\/dachmarkise-f40van\\\/\",\"name\":\"Dachmarkise F40Van - Bantam Camping AG\",\"isPartOf\":{\"@id\":\"https:\\\/\\\/shop.bantam.ch\\\/de\\\/#website\"},\"primaryImageOfPage\":{\"@id\":\"https:\\\/\\\/shop.bantam.ch\\\/de\\\/produkt\\\/dachmarkise-f40van\\\/#primaryimage\"},\"image\":{\"@id\":\"https:\\\/\\\/shop.bantam.ch\\\/de\\\/produkt\\\/dachmarkise-f40van\\\/#primaryimage\"},\"thumbnailUrl\":\"https:\\\/\\\/shop.bantam.ch\\\/wp-content\\\/uploads\\\/2024\\\/05\\\/Movera-L-0106774701.jpg\",\"datePublished\":\"2024-05-15T15:46:30+00:00\",\"dateModified\":\"2026-04-18T23:31:09+00:00\",\"breadcrumb\":{\"@id\":\"https:\\\/\\\/shop.bantam.ch\\\/de\\\/produkt\\\/dachmarkise-f40van\\\/#breadcrumb\"},\"inLanguage\":\"de\",\"potentialAction\":[{\"@type\":\"ReadAction\",\"target\":[\"https:\\\/\\\/shop.bantam.ch\\\/de\\\/produkt\\\/dachmarkise-f40van\\\/\"]}]},{\"@type\":\"ImageObject\",\"inLanguage\":\"de\",\"@id\":\"https:\\\/\\\/shop.bantam.ch\\\/de\\\/produkt\\\/dachmarkise-f40van\\\/#primaryimage\",\"url\":\"https:\\\/\\\/shop.bantam.ch\\\/wp-content\\\/uploads\\\/2024\\\/05\\\/Movera-L-0106774701.jpg\",\"contentUrl\":\"https:\\\/\\\/shop.bantam.ch\\\/wp-content\\\/uploads\\\/2024\\\/05\\\/Movera-L-0106774701.jpg\",\"width\":640,\"height\":427},{\"@type\":\"BreadcrumbList\",\"@id\":\"https:\\\/\\\/shop.bantam.ch\\\/de\\\/produkt\\\/dachmarkise-f40van\\\/#breadcrumb\",\"itemListElement\":[{\"@type\":\"ListItem\",\"position\":1,\"name\":\"Accueil\",\"item\":\"https:\\\/\\\/shop.bantam.ch\\\/de\\\/\"},{\"@type\":\"ListItem\",\"position\":2,\"name\":\"Shop\",\"item\":\"https:\\\/\\\/shop.bantam.ch\\\/de\\\/shop\\\/\"},{\"@type\":\"ListItem\",\"position\":3,\"name\":\"Dachmarkise F40Van\"}]},{\"@type\":\"WebSite\",\"@id\":\"https:\\\/\\\/shop.bantam.ch\\\/de\\\/#website\",\"url\":\"https:\\\/\\\/shop.bantam.ch\\\/de\\\/\",\"name\":\"Bantam Camping AG\",\"description\":\"\",\"publisher\":{\"@id\":\"https:\\\/\\\/shop.bantam.ch\\\/de\\\/#organization\"},\"inLanguage\":\"de\"},{\"@type\":\"Organization\",\"@id\":\"https:\\\/\\\/shop.bantam.ch\\\/de\\\/#organization\",\"name\":\"Bantam Camping AG\",\"url\":\"https:\\\/\\\/shop.bantam.ch\\\/de\\\/\",\"logo\":{\"@type\":\"ImageObject\",\"inLanguage\":\"de\",\"@id\":\"https:\\\/\\\/shop.bantam.ch\\\/de\\\/#\\\/schema\\\/logo\\\/image\\\/\",\"url\":\"https:\\\/\\\/shop.bantam.ch\\\/wp-content\\\/uploads\\\/2022\\\/12\\\/bantam-logo.png\",\"contentUrl\":\"https:\\\/\\\/shop.bantam.ch\\\/wp-content\\\/uploads\\\/2022\\\/12\\\/bantam-logo.png\",\"width\":320,\"height\":71,\"caption\":\"Bantam Camping AG\"},\"image\":{\"@id\":\"https:\\\/\\\/shop.bantam.ch\\\/de\\\/#\\\/schema\\\/logo\\\/image\\\/\"}}]}<\/script>\n<!-- \/ Yoast SEO plugin. -->","yoast_head_json":{"title":"Dachmarkise F40Van - Bantam Camping AG","robots":{"index":"index","follow":"follow","max-snippet":"max-snippet:-1","max-image-preview":"max-image-preview:large","max-video-preview":"max-video-preview:-1"},"canonical":"https:\/\/shop.bantam.ch\/de\/produkt\/dachmarkise-f40van\/","og_locale":"de_DE","og_type":"article","og_title":"Dachmarkise F40Van - Bantam Camping AG","og_description":"Markise von kompaktem Design, eine ideale Erg\u00e4nzung f\u00fcr Ihr Fahrzeug, welche sich am Van, dank der tiefersitzenden Halterungen, optisch ideal integriert. Optimales Preis-Leistungsverh\u00e4ltnis. Die Markise wird auf dem Dach des Vans angebracht und nimmt, dank den tiefersitzenden Halterungen, wenig Platz ein. Die Markise ist bis ins kleinste Detail bestens verarbeitet. Das Tuch wird von oben [&hellip;]","og_url":"https:\/\/shop.bantam.ch\/de\/produkt\/dachmarkise-f40van\/","og_site_name":"Bantam Camping AG","article_modified_time":"2026-04-18T23:31:09+00:00","twitter_card":"summary_large_image","twitter_misc":{"Gesch\u00e4tzte Lesezeit":"1\u00a0Minute"},"schema":{"@context":"https:\/\/schema.org","@graph":[{"@type":"WebPage","@id":"https:\/\/shop.bantam.ch\/de\/produkt\/dachmarkise-f40van\/","url":"https:\/\/shop.bantam.ch\/de\/produkt\/dachmarkise-f40van\/","name":"Dachmarkise F40Van - Bantam Camping AG","isPartOf":{"@id":"https:\/\/shop.bantam.ch\/de\/#website"},"primaryImageOfPage":{"@id":"https:\/\/shop.bantam.ch\/de\/produkt\/dachmarkise-f40van\/#primaryimage"},"image":{"@id":"https:\/\/shop.bantam.ch\/de\/produkt\/dachmarkise-f40van\/#primaryimage"},"thumbnailUrl":"https:\/\/shop.bantam.ch\/wp-content\/uploads\/2024\/05\/Movera-L-0106774701.jpg","datePublished":"2024-05-15T15:46:30+00:00","dateModified":"2026-04-18T23:31:09+00:00","breadcrumb":{"@id":"https:\/\/shop.bantam.ch\/de\/produkt\/dachmarkise-f40van\/#breadcrumb"},"inLanguage":"de","potentialAction":[{"@type":"ReadAction","target":["https:\/\/shop.bantam.ch\/de\/produkt\/dachmarkise-f40van\/"]}]},{"@type":"ImageObject","inLanguage":"de","@id":"https:\/\/shop.bantam.ch\/de\/produkt\/dachmarkise-f40van\/#primaryimage","url":"https:\/\/shop.bantam.ch\/wp-content\/uploads\/2024\/05\/Movera-L-0106774701.jpg","contentUrl":"https:\/\/shop.bantam.ch\/wp-content\/uploads\/2024\/05\/Movera-L-0106774701.jpg","width":640,"height":427},{"@type":"BreadcrumbList","@id":"https:\/\/shop.bantam.ch\/de\/produkt\/dachmarkise-f40van\/#breadcrumb","itemListElement":[{"@type":"ListItem","position":1,"name":"Accueil","item":"https:\/\/shop.bantam.ch\/de\/"},{"@type":"ListItem","position":2,"name":"Shop","item":"https:\/\/shop.bantam.ch\/de\/shop\/"},{"@type":"ListItem","position":3,"name":"Dachmarkise F40Van"}]},{"@type":"WebSite","@id":"https:\/\/shop.bantam.ch\/de\/#website","url":"https:\/\/shop.bantam.ch\/de\/","name":"Bantam Camping AG","description":"","publisher":{"@id":"https:\/\/shop.bantam.ch\/de\/#organization"},"inLanguage":"de"},{"@type":"Organization","@id":"https:\/\/shop.bantam.ch\/de\/#organization","name":"Bantam Camping AG","url":"https:\/\/shop.bantam.ch\/de\/","logo":{"@type":"ImageObject","inLanguage":"de","@id":"https:\/\/shop.bantam.ch\/de\/#\/schema\/logo\/image\/","url":"https:\/\/shop.bantam.ch\/wp-content\/uploads\/2022\/12\/bantam-logo.png","contentUrl":"https:\/\/shop.bantam.ch\/wp-content\/uploads\/2022\/12\/bantam-logo.png","width":320,"height":71,"caption":"Bantam Camping AG"},"image":{"@id":"https:\/\/shop.bantam.ch\/de\/#\/schema\/logo\/image\/"}}]}},"_links":{"self":[{"href":"https:\/\/shop.bantam.ch\/de\/wp-json\/wp\/v2\/product\/200837","targetHints":{"allow":["GET"]}}],"collection":[{"href":"https:\/\/shop.bantam.ch\/de\/wp-json\/wp\/v2\/product"}],"about":[{"href":"https:\/\/shop.bantam.ch\/de\/wp-json\/wp\/v2\/types\/product"}],"wp:featuredmedia":[{"embeddable":true,"href":"https:\/\/shop.bantam.ch\/de\/wp-json\/wp\/v2\/media\/200830"}],"wp:attachment":[{"href":"https:\/\/shop.bantam.ch\/de\/wp-json\/wp\/v2\/media?parent=200837"}],"wp:term":[{"taxonomy":"product_featured_cat","embeddable":true,"href":"https:\/\/shop.bantam.ch\/de\/wp-json\/wp\/v2\/product_featured_cat?post=200837"},{"taxonomy":"product_brand","embeddable":true,"href":"https:\/\/shop.bantam.ch\/de\/wp-json\/wp\/v2\/product_brand?post=200837"},{"taxonomy":"product_cat","embeddable":true,"href":"https:\/\/shop.bantam.ch\/de\/wp-json\/wp\/v2\/product_cat?post=200837"},{"taxonomy":"product_tag","embeddable":true,"href":"https:\/\/shop.bantam.ch\/de\/wp-json\/wp\/v2\/product_tag?post=200837"}],"curies":[{"name":"wp","href":"https:\/\/api.w.org\/{rel}","templated":true}]}}