{"id":200724,"date":"2024-05-15T17:43:05","date_gmt":"2024-05-15T15:43:05","guid":{"rendered":"https:\/\/shop.bantam.ch\/produit\/spannstab-bent-alu-243-249-cm\/"},"modified":"2026-04-18T23:17:00","modified_gmt":"2026-04-18T21:17:00","slug":"spannstab-bent-alu-243-249-cm","status":"publish","type":"product","link":"https:\/\/shop.bantam.ch\/de\/produkt\/spannstab-bent-alu-243-249-cm\/","title":{"rendered":"Spannstab BENT Alu 243 &#8211; 249 cm"},"content":{"rendered":"<p>Der BENT Aluminium-Adapter Spannstab ist speziell entwickelt f\u00fcr den BENT Universal Fahrzeugadapter und Universal Fahrzeugadapter XL. Der Adapter Spannstab bietet die M\u00f6glichkeit den Universal Fahrzeugadapter, mittels Klemmen oder Saugn\u00e4pfen (nicht im Lieferumfang enthalten), sicher und stabil an Fahrzeuge ohne Kederschiene anzubringen. Der Adapter Spannstab von 243 \u2013 249 cm ist aus hochwertigem Aluminium gefertigt mit einem Durchmesser von 25\/22 mm und einer Wandungsst\u00e4rke von 1,2 mm. Die einzigartige verstellbare Endkonstruktion mittels Klipsen und einem Dorn an beiden Enden bringt das BENT Sonnensegel optimal auf Spannung ohne zus\u00e4tzliche Abspannleinen. Die Dorne werden einfach in die \u00d6sen von dem BENT verbindbarem Sonnensegel Zip-Canvas eingesetzt und mittels dem verstellbaren Aufsatz mit Dorn auf Spannung gebracht. Ideal f\u00fcr alle Fahrzeuge wie z.B. f\u00fcr Campingbusse, Wohnwagen, Reisemobile, SUVs oder PKWs.<\/p>\n<ul>\n<li>Aluminium Durchmesser 22 \/ 25mm<\/li>\n<li>Robustes Aluminium mit einer Wandst\u00e4rke von 1,2 mm<\/li>\n<li>L\u00e4ngenverstellbar von 243 &#8211; 249 cm<\/li>\n<li>Auch als Aufstellstange verwendbar<\/li>\n<\/ul>\n<p>Material:<\/p>\n<p>100 % Aluminium<\/p>\n<p>&nbsp;<\/p>\n<p>Lieferumfang:<br \/>\nInklusive Adapter Spannstab<\/p>\n","protected":false},"excerpt":{"rendered":"<p>Der BENT Aluminium-Adapter Spannstab ist speziell entwickelt f\u00fcr den BENT Universal Fahrzeugadapter und Universal Fahrzeugadapter XL. Der Adapter Spannstab bietet die M\u00f6glichkeit den Universal Fahrzeugadapter, mittels Klemmen oder Saugn\u00e4pfen (nicht im Lieferumfang enthalten), sicher und stabil an Fahrzeuge ohne Kederschiene anzubringen. Der Adapter Spannstab von 243 \u2013 249 cm ist aus hochwertigem Aluminium gefertigt mit [&hellip;]<\/p>\n","protected":false},"featured_media":207501,"template":"","meta":{"_acf_changed":false},"product_featured_cat":[],"product_brand":[],"product_cat":[4258],"product_tag":[],"class_list":{"0":"post-200724","1":"product","2":"type-product","3":"status-publish","4":"has-post-thumbnail","6":"product_cat-gestaenge-gestaenge-zubehoer","8":"first","9":"instock","10":"taxable","11":"shipping-taxable","12":"purchasable","13":"product-type-simple"},"acf":[],"yoast_head":"<!-- This site is optimized with the Yoast SEO plugin v27.4 - https:\/\/yoast.com\/product\/yoast-seo-wordpress\/ -->\n<title>Spannstab BENT Alu 243 - 249 cm - Bantam Camping AG<\/title>\n<meta name=\"robots\" content=\"index, follow, max-snippet:-1, max-image-preview:large, max-video-preview:-1\" \/>\n<link rel=\"canonical\" href=\"https:\/\/shop.bantam.ch\/de\/produkt\/spannstab-bent-alu-243-249-cm\/\" \/>\n<meta property=\"og:locale\" content=\"de_DE\" \/>\n<meta property=\"og:type\" content=\"article\" \/>\n<meta property=\"og:title\" content=\"Spannstab BENT Alu 243 - 249 cm - Bantam Camping AG\" \/>\n<meta property=\"og:description\" content=\"Der BENT Aluminium-Adapter Spannstab ist speziell entwickelt f\u00fcr den BENT Universal Fahrzeugadapter und Universal Fahrzeugadapter XL. Der Adapter Spannstab bietet die M\u00f6glichkeit den Universal Fahrzeugadapter, mittels Klemmen oder Saugn\u00e4pfen (nicht im Lieferumfang enthalten), sicher und stabil an Fahrzeuge ohne Kederschiene anzubringen. Der Adapter Spannstab von 243 \u2013 249 cm ist aus hochwertigem Aluminium gefertigt mit [&hellip;]\" \/>\n<meta property=\"og:url\" content=\"https:\/\/shop.bantam.ch\/de\/produkt\/spannstab-bent-alu-243-249-cm\/\" \/>\n<meta property=\"og:site_name\" content=\"Bantam Camping AG\" \/>\n<meta property=\"article:modified_time\" content=\"2026-04-18T21:17:00+00:00\" \/>\n<meta name=\"twitter:card\" content=\"summary_large_image\" \/>\n<meta name=\"twitter:label1\" content=\"Gesch\u00e4tzte Lesezeit\" \/>\n\t<meta name=\"twitter:data1\" content=\"1\u00a0Minute\" \/>\n<script type=\"application\/ld+json\" class=\"yoast-schema-graph\">{\"@context\":\"https:\\\/\\\/schema.org\",\"@graph\":[{\"@type\":\"WebPage\",\"@id\":\"https:\\\/\\\/shop.bantam.ch\\\/de\\\/produkt\\\/spannstab-bent-alu-243-249-cm\\\/\",\"url\":\"https:\\\/\\\/shop.bantam.ch\\\/de\\\/produkt\\\/spannstab-bent-alu-243-249-cm\\\/\",\"name\":\"Spannstab BENT Alu 243 - 249 cm - Bantam Camping AG\",\"isPartOf\":{\"@id\":\"https:\\\/\\\/shop.bantam.ch\\\/de\\\/#website\"},\"primaryImageOfPage\":{\"@id\":\"https:\\\/\\\/shop.bantam.ch\\\/de\\\/produkt\\\/spannstab-bent-alu-243-249-cm\\\/#primaryimage\"},\"image\":{\"@id\":\"https:\\\/\\\/shop.bantam.ch\\\/de\\\/produkt\\\/spannstab-bent-alu-243-249-cm\\\/#primaryimage\"},\"thumbnailUrl\":\"https:\\\/\\\/shop.bantam.ch\\\/wp-content\\\/uploads\\\/2024\\\/09\\\/Movera-L-9971248100.jpg\",\"datePublished\":\"2024-05-15T15:43:05+00:00\",\"dateModified\":\"2026-04-18T21:17:00+00:00\",\"breadcrumb\":{\"@id\":\"https:\\\/\\\/shop.bantam.ch\\\/de\\\/produkt\\\/spannstab-bent-alu-243-249-cm\\\/#breadcrumb\"},\"inLanguage\":\"de\",\"potentialAction\":[{\"@type\":\"ReadAction\",\"target\":[\"https:\\\/\\\/shop.bantam.ch\\\/de\\\/produkt\\\/spannstab-bent-alu-243-249-cm\\\/\"]}]},{\"@type\":\"ImageObject\",\"inLanguage\":\"de\",\"@id\":\"https:\\\/\\\/shop.bantam.ch\\\/de\\\/produkt\\\/spannstab-bent-alu-243-249-cm\\\/#primaryimage\",\"url\":\"https:\\\/\\\/shop.bantam.ch\\\/wp-content\\\/uploads\\\/2024\\\/09\\\/Movera-L-9971248100.jpg\",\"contentUrl\":\"https:\\\/\\\/shop.bantam.ch\\\/wp-content\\\/uploads\\\/2024\\\/09\\\/Movera-L-9971248100.jpg\",\"width\":640,\"height\":593},{\"@type\":\"BreadcrumbList\",\"@id\":\"https:\\\/\\\/shop.bantam.ch\\\/de\\\/produkt\\\/spannstab-bent-alu-243-249-cm\\\/#breadcrumb\",\"itemListElement\":[{\"@type\":\"ListItem\",\"position\":1,\"name\":\"Accueil\",\"item\":\"https:\\\/\\\/shop.bantam.ch\\\/de\\\/\"},{\"@type\":\"ListItem\",\"position\":2,\"name\":\"Shop\",\"item\":\"https:\\\/\\\/shop.bantam.ch\\\/de\\\/shop\\\/\"},{\"@type\":\"ListItem\",\"position\":3,\"name\":\"Spannstab BENT Alu 243 &#8211; 249 cm\"}]},{\"@type\":\"WebSite\",\"@id\":\"https:\\\/\\\/shop.bantam.ch\\\/de\\\/#website\",\"url\":\"https:\\\/\\\/shop.bantam.ch\\\/de\\\/\",\"name\":\"Bantam Camping AG\",\"description\":\"\",\"publisher\":{\"@id\":\"https:\\\/\\\/shop.bantam.ch\\\/de\\\/#organization\"},\"inLanguage\":\"de\"},{\"@type\":\"Organization\",\"@id\":\"https:\\\/\\\/shop.bantam.ch\\\/de\\\/#organization\",\"name\":\"Bantam Camping AG\",\"url\":\"https:\\\/\\\/shop.bantam.ch\\\/de\\\/\",\"logo\":{\"@type\":\"ImageObject\",\"inLanguage\":\"de\",\"@id\":\"https:\\\/\\\/shop.bantam.ch\\\/de\\\/#\\\/schema\\\/logo\\\/image\\\/\",\"url\":\"https:\\\/\\\/shop.bantam.ch\\\/wp-content\\\/uploads\\\/2022\\\/12\\\/bantam-logo.png\",\"contentUrl\":\"https:\\\/\\\/shop.bantam.ch\\\/wp-content\\\/uploads\\\/2022\\\/12\\\/bantam-logo.png\",\"width\":320,\"height\":71,\"caption\":\"Bantam Camping AG\"},\"image\":{\"@id\":\"https:\\\/\\\/shop.bantam.ch\\\/de\\\/#\\\/schema\\\/logo\\\/image\\\/\"}}]}<\/script>\n<!-- \/ Yoast SEO plugin. -->","yoast_head_json":{"title":"Spannstab BENT Alu 243 - 249 cm - Bantam Camping AG","robots":{"index":"index","follow":"follow","max-snippet":"max-snippet:-1","max-image-preview":"max-image-preview:large","max-video-preview":"max-video-preview:-1"},"canonical":"https:\/\/shop.bantam.ch\/de\/produkt\/spannstab-bent-alu-243-249-cm\/","og_locale":"de_DE","og_type":"article","og_title":"Spannstab BENT Alu 243 - 249 cm - Bantam Camping AG","og_description":"Der BENT Aluminium-Adapter Spannstab ist speziell entwickelt f\u00fcr den BENT Universal Fahrzeugadapter und Universal Fahrzeugadapter XL. Der Adapter Spannstab bietet die M\u00f6glichkeit den Universal Fahrzeugadapter, mittels Klemmen oder Saugn\u00e4pfen (nicht im Lieferumfang enthalten), sicher und stabil an Fahrzeuge ohne Kederschiene anzubringen. Der Adapter Spannstab von 243 \u2013 249 cm ist aus hochwertigem Aluminium gefertigt mit [&hellip;]","og_url":"https:\/\/shop.bantam.ch\/de\/produkt\/spannstab-bent-alu-243-249-cm\/","og_site_name":"Bantam Camping AG","article_modified_time":"2026-04-18T21:17:00+00:00","twitter_card":"summary_large_image","twitter_misc":{"Gesch\u00e4tzte Lesezeit":"1\u00a0Minute"},"schema":{"@context":"https:\/\/schema.org","@graph":[{"@type":"WebPage","@id":"https:\/\/shop.bantam.ch\/de\/produkt\/spannstab-bent-alu-243-249-cm\/","url":"https:\/\/shop.bantam.ch\/de\/produkt\/spannstab-bent-alu-243-249-cm\/","name":"Spannstab BENT Alu 243 - 249 cm - Bantam Camping AG","isPartOf":{"@id":"https:\/\/shop.bantam.ch\/de\/#website"},"primaryImageOfPage":{"@id":"https:\/\/shop.bantam.ch\/de\/produkt\/spannstab-bent-alu-243-249-cm\/#primaryimage"},"image":{"@id":"https:\/\/shop.bantam.ch\/de\/produkt\/spannstab-bent-alu-243-249-cm\/#primaryimage"},"thumbnailUrl":"https:\/\/shop.bantam.ch\/wp-content\/uploads\/2024\/09\/Movera-L-9971248100.jpg","datePublished":"2024-05-15T15:43:05+00:00","dateModified":"2026-04-18T21:17:00+00:00","breadcrumb":{"@id":"https:\/\/shop.bantam.ch\/de\/produkt\/spannstab-bent-alu-243-249-cm\/#breadcrumb"},"inLanguage":"de","potentialAction":[{"@type":"ReadAction","target":["https:\/\/shop.bantam.ch\/de\/produkt\/spannstab-bent-alu-243-249-cm\/"]}]},{"@type":"ImageObject","inLanguage":"de","@id":"https:\/\/shop.bantam.ch\/de\/produkt\/spannstab-bent-alu-243-249-cm\/#primaryimage","url":"https:\/\/shop.bantam.ch\/wp-content\/uploads\/2024\/09\/Movera-L-9971248100.jpg","contentUrl":"https:\/\/shop.bantam.ch\/wp-content\/uploads\/2024\/09\/Movera-L-9971248100.jpg","width":640,"height":593},{"@type":"BreadcrumbList","@id":"https:\/\/shop.bantam.ch\/de\/produkt\/spannstab-bent-alu-243-249-cm\/#breadcrumb","itemListElement":[{"@type":"ListItem","position":1,"name":"Accueil","item":"https:\/\/shop.bantam.ch\/de\/"},{"@type":"ListItem","position":2,"name":"Shop","item":"https:\/\/shop.bantam.ch\/de\/shop\/"},{"@type":"ListItem","position":3,"name":"Spannstab BENT Alu 243 &#8211; 249 cm"}]},{"@type":"WebSite","@id":"https:\/\/shop.bantam.ch\/de\/#website","url":"https:\/\/shop.bantam.ch\/de\/","name":"Bantam Camping AG","description":"","publisher":{"@id":"https:\/\/shop.bantam.ch\/de\/#organization"},"inLanguage":"de"},{"@type":"Organization","@id":"https:\/\/shop.bantam.ch\/de\/#organization","name":"Bantam Camping AG","url":"https:\/\/shop.bantam.ch\/de\/","logo":{"@type":"ImageObject","inLanguage":"de","@id":"https:\/\/shop.bantam.ch\/de\/#\/schema\/logo\/image\/","url":"https:\/\/shop.bantam.ch\/wp-content\/uploads\/2022\/12\/bantam-logo.png","contentUrl":"https:\/\/shop.bantam.ch\/wp-content\/uploads\/2022\/12\/bantam-logo.png","width":320,"height":71,"caption":"Bantam Camping AG"},"image":{"@id":"https:\/\/shop.bantam.ch\/de\/#\/schema\/logo\/image\/"}}]}},"_links":{"self":[{"href":"https:\/\/shop.bantam.ch\/de\/wp-json\/wp\/v2\/product\/200724","targetHints":{"allow":["GET"]}}],"collection":[{"href":"https:\/\/shop.bantam.ch\/de\/wp-json\/wp\/v2\/product"}],"about":[{"href":"https:\/\/shop.bantam.ch\/de\/wp-json\/wp\/v2\/types\/product"}],"wp:featuredmedia":[{"embeddable":true,"href":"https:\/\/shop.bantam.ch\/de\/wp-json\/wp\/v2\/media\/207501"}],"wp:attachment":[{"href":"https:\/\/shop.bantam.ch\/de\/wp-json\/wp\/v2\/media?parent=200724"}],"wp:term":[{"taxonomy":"product_featured_cat","embeddable":true,"href":"https:\/\/shop.bantam.ch\/de\/wp-json\/wp\/v2\/product_featured_cat?post=200724"},{"taxonomy":"product_brand","embeddable":true,"href":"https:\/\/shop.bantam.ch\/de\/wp-json\/wp\/v2\/product_brand?post=200724"},{"taxonomy":"product_cat","embeddable":true,"href":"https:\/\/shop.bantam.ch\/de\/wp-json\/wp\/v2\/product_cat?post=200724"},{"taxonomy":"product_tag","embeddable":true,"href":"https:\/\/shop.bantam.ch\/de\/wp-json\/wp\/v2\/product_tag?post=200724"}],"curies":[{"name":"wp","href":"https:\/\/api.w.org\/{rel}","templated":true}]}}