{"id":200704,"date":"2024-05-15T17:42:45","date_gmt":"2024-05-15T15:42:45","guid":{"rendered":"https:\/\/shop.bantam.ch\/produit\/einbau-koch-spuelkombination-thetford-topline-111-mit-elektr-zuendung\/"},"modified":"2026-04-22T23:14:07","modified_gmt":"2026-04-22T21:14:07","slug":"einbau-koch-spuelkombination-thetford-topline-111-mit-elektr-zuendung","status":"publish","type":"product","link":"https:\/\/shop.bantam.ch\/de\/produkt\/einbau-koch-spuelkombination-thetford-topline-111-mit-elektr-zuendung\/","title":{"rendered":"Einbau Koch-\/ Sp\u00fclkombination THETFORD Topline 111 mit elektr. Z\u00fcndung"},"content":{"rendered":"<p>Die Serie Topline 111 ist ein Kombiger\u00e4t, das speziell f\u00fcr Campervans entwickelt wurde.&nbsp;<br \/>\nDie Abmessungen, insbesondere die Breite von 900 mm und die Tiefe von nur 370 mm, sind f\u00fcr den schmalen K\u00fcchengrundriss von Campervans optimiert und bieten die Grundfunktionen von zwei Gasbrennern und einem Waschbecken.<\/p>\n","protected":false},"excerpt":{"rendered":"<p>Die Serie Topline 111 ist ein Kombiger\u00e4t, das speziell f\u00fcr Campervans entwickelt wurde.&nbsp; Die Abmessungen, insbesondere die Breite von 900 mm und die Tiefe von nur 370 mm, sind f\u00fcr den schmalen K\u00fcchengrundriss von Campervans optimiert und bieten die Grundfunktionen von zwei Gasbrennern und einem Waschbecken.<\/p>\n","protected":false},"featured_media":207597,"template":"","meta":{"_acf_changed":false},"product_featured_cat":[],"product_brand":[],"product_cat":[4314],"product_tag":[],"class_list":{"0":"post-200704","1":"product","2":"type-product","3":"status-publish","4":"has-post-thumbnail","6":"product_cat-koch-spuelen-kombinationen","8":"first","9":"instock","10":"taxable","11":"shipping-taxable","12":"purchasable","13":"product-type-simple"},"acf":[],"yoast_head":"<!-- This site is optimized with the Yoast SEO plugin v27.4 - https:\/\/yoast.com\/product\/yoast-seo-wordpress\/ -->\n<title>Einbau Koch-\/ Sp\u00fclkombination THETFORD Topline 111 mit elektr. Z\u00fcndung - Bantam Camping AG<\/title>\n<meta name=\"robots\" content=\"index, follow, max-snippet:-1, max-image-preview:large, max-video-preview:-1\" \/>\n<link rel=\"canonical\" href=\"https:\/\/shop.bantam.ch\/de\/produkt\/einbau-koch-spuelkombination-thetford-topline-111-mit-elektr-zuendung\/\" \/>\n<meta property=\"og:locale\" content=\"de_DE\" \/>\n<meta property=\"og:type\" content=\"article\" \/>\n<meta property=\"og:title\" content=\"Einbau Koch-\/ Sp\u00fclkombination THETFORD Topline 111 mit elektr. Z\u00fcndung - Bantam Camping AG\" \/>\n<meta property=\"og:description\" content=\"Die Serie Topline 111 ist ein Kombiger\u00e4t, das speziell f\u00fcr Campervans entwickelt wurde.&nbsp; Die Abmessungen, insbesondere die Breite von 900 mm und die Tiefe von nur 370 mm, sind f\u00fcr den schmalen K\u00fcchengrundriss von Campervans optimiert und bieten die Grundfunktionen von zwei Gasbrennern und einem Waschbecken.\" \/>\n<meta property=\"og:url\" content=\"https:\/\/shop.bantam.ch\/de\/produkt\/einbau-koch-spuelkombination-thetford-topline-111-mit-elektr-zuendung\/\" \/>\n<meta property=\"og:site_name\" content=\"Bantam Camping AG\" \/>\n<meta property=\"article:modified_time\" content=\"2026-04-22T21:14:07+00:00\" \/>\n<meta name=\"twitter:card\" content=\"summary_large_image\" \/>\n<script type=\"application\/ld+json\" class=\"yoast-schema-graph\">{\"@context\":\"https:\\\/\\\/schema.org\",\"@graph\":[{\"@type\":\"WebPage\",\"@id\":\"https:\\\/\\\/shop.bantam.ch\\\/de\\\/produkt\\\/einbau-koch-spuelkombination-thetford-topline-111-mit-elektr-zuendung\\\/\",\"url\":\"https:\\\/\\\/shop.bantam.ch\\\/de\\\/produkt\\\/einbau-koch-spuelkombination-thetford-topline-111-mit-elektr-zuendung\\\/\",\"name\":\"Einbau Koch-\\\/ Sp\u00fclkombination THETFORD Topline 111 mit elektr. Z\u00fcndung - Bantam Camping AG\",\"isPartOf\":{\"@id\":\"https:\\\/\\\/shop.bantam.ch\\\/de\\\/#website\"},\"primaryImageOfPage\":{\"@id\":\"https:\\\/\\\/shop.bantam.ch\\\/de\\\/produkt\\\/einbau-koch-spuelkombination-thetford-topline-111-mit-elektr-zuendung\\\/#primaryimage\"},\"image\":{\"@id\":\"https:\\\/\\\/shop.bantam.ch\\\/de\\\/produkt\\\/einbau-koch-spuelkombination-thetford-topline-111-mit-elektr-zuendung\\\/#primaryimage\"},\"thumbnailUrl\":\"https:\\\/\\\/shop.bantam.ch\\\/wp-content\\\/uploads\\\/2024\\\/09\\\/Movera-L-9975327100.png\",\"datePublished\":\"2024-05-15T15:42:45+00:00\",\"dateModified\":\"2026-04-22T21:14:07+00:00\",\"breadcrumb\":{\"@id\":\"https:\\\/\\\/shop.bantam.ch\\\/de\\\/produkt\\\/einbau-koch-spuelkombination-thetford-topline-111-mit-elektr-zuendung\\\/#breadcrumb\"},\"inLanguage\":\"de\",\"potentialAction\":[{\"@type\":\"ReadAction\",\"target\":[\"https:\\\/\\\/shop.bantam.ch\\\/de\\\/produkt\\\/einbau-koch-spuelkombination-thetford-topline-111-mit-elektr-zuendung\\\/\"]}]},{\"@type\":\"ImageObject\",\"inLanguage\":\"de\",\"@id\":\"https:\\\/\\\/shop.bantam.ch\\\/de\\\/produkt\\\/einbau-koch-spuelkombination-thetford-topline-111-mit-elektr-zuendung\\\/#primaryimage\",\"url\":\"https:\\\/\\\/shop.bantam.ch\\\/wp-content\\\/uploads\\\/2024\\\/09\\\/Movera-L-9975327100.png\",\"contentUrl\":\"https:\\\/\\\/shop.bantam.ch\\\/wp-content\\\/uploads\\\/2024\\\/09\\\/Movera-L-9975327100.png\",\"width\":640,\"height\":480},{\"@type\":\"BreadcrumbList\",\"@id\":\"https:\\\/\\\/shop.bantam.ch\\\/de\\\/produkt\\\/einbau-koch-spuelkombination-thetford-topline-111-mit-elektr-zuendung\\\/#breadcrumb\",\"itemListElement\":[{\"@type\":\"ListItem\",\"position\":1,\"name\":\"Accueil\",\"item\":\"https:\\\/\\\/shop.bantam.ch\\\/de\\\/\"},{\"@type\":\"ListItem\",\"position\":2,\"name\":\"Shop\",\"item\":\"https:\\\/\\\/shop.bantam.ch\\\/de\\\/shop\\\/\"},{\"@type\":\"ListItem\",\"position\":3,\"name\":\"Einbau Koch-\\\/ Sp\u00fclkombination THETFORD Topline 111 mit elektr. Z\u00fcndung\"}]},{\"@type\":\"WebSite\",\"@id\":\"https:\\\/\\\/shop.bantam.ch\\\/de\\\/#website\",\"url\":\"https:\\\/\\\/shop.bantam.ch\\\/de\\\/\",\"name\":\"Bantam Camping AG\",\"description\":\"\",\"publisher\":{\"@id\":\"https:\\\/\\\/shop.bantam.ch\\\/de\\\/#organization\"},\"inLanguage\":\"de\"},{\"@type\":\"Organization\",\"@id\":\"https:\\\/\\\/shop.bantam.ch\\\/de\\\/#organization\",\"name\":\"Bantam Camping AG\",\"url\":\"https:\\\/\\\/shop.bantam.ch\\\/de\\\/\",\"logo\":{\"@type\":\"ImageObject\",\"inLanguage\":\"de\",\"@id\":\"https:\\\/\\\/shop.bantam.ch\\\/de\\\/#\\\/schema\\\/logo\\\/image\\\/\",\"url\":\"https:\\\/\\\/shop.bantam.ch\\\/wp-content\\\/uploads\\\/2022\\\/12\\\/bantam-logo.png\",\"contentUrl\":\"https:\\\/\\\/shop.bantam.ch\\\/wp-content\\\/uploads\\\/2022\\\/12\\\/bantam-logo.png\",\"width\":320,\"height\":71,\"caption\":\"Bantam Camping AG\"},\"image\":{\"@id\":\"https:\\\/\\\/shop.bantam.ch\\\/de\\\/#\\\/schema\\\/logo\\\/image\\\/\"}}]}<\/script>\n<!-- \/ Yoast SEO plugin. -->","yoast_head_json":{"title":"Einbau Koch-\/ Sp\u00fclkombination THETFORD Topline 111 mit elektr. Z\u00fcndung - Bantam Camping AG","robots":{"index":"index","follow":"follow","max-snippet":"max-snippet:-1","max-image-preview":"max-image-preview:large","max-video-preview":"max-video-preview:-1"},"canonical":"https:\/\/shop.bantam.ch\/de\/produkt\/einbau-koch-spuelkombination-thetford-topline-111-mit-elektr-zuendung\/","og_locale":"de_DE","og_type":"article","og_title":"Einbau Koch-\/ Sp\u00fclkombination THETFORD Topline 111 mit elektr. Z\u00fcndung - Bantam Camping AG","og_description":"Die Serie Topline 111 ist ein Kombiger\u00e4t, das speziell f\u00fcr Campervans entwickelt wurde.&nbsp; Die Abmessungen, insbesondere die Breite von 900 mm und die Tiefe von nur 370 mm, sind f\u00fcr den schmalen K\u00fcchengrundriss von Campervans optimiert und bieten die Grundfunktionen von zwei Gasbrennern und einem Waschbecken.","og_url":"https:\/\/shop.bantam.ch\/de\/produkt\/einbau-koch-spuelkombination-thetford-topline-111-mit-elektr-zuendung\/","og_site_name":"Bantam Camping AG","article_modified_time":"2026-04-22T21:14:07+00:00","twitter_card":"summary_large_image","schema":{"@context":"https:\/\/schema.org","@graph":[{"@type":"WebPage","@id":"https:\/\/shop.bantam.ch\/de\/produkt\/einbau-koch-spuelkombination-thetford-topline-111-mit-elektr-zuendung\/","url":"https:\/\/shop.bantam.ch\/de\/produkt\/einbau-koch-spuelkombination-thetford-topline-111-mit-elektr-zuendung\/","name":"Einbau Koch-\/ Sp\u00fclkombination THETFORD Topline 111 mit elektr. Z\u00fcndung - Bantam Camping AG","isPartOf":{"@id":"https:\/\/shop.bantam.ch\/de\/#website"},"primaryImageOfPage":{"@id":"https:\/\/shop.bantam.ch\/de\/produkt\/einbau-koch-spuelkombination-thetford-topline-111-mit-elektr-zuendung\/#primaryimage"},"image":{"@id":"https:\/\/shop.bantam.ch\/de\/produkt\/einbau-koch-spuelkombination-thetford-topline-111-mit-elektr-zuendung\/#primaryimage"},"thumbnailUrl":"https:\/\/shop.bantam.ch\/wp-content\/uploads\/2024\/09\/Movera-L-9975327100.png","datePublished":"2024-05-15T15:42:45+00:00","dateModified":"2026-04-22T21:14:07+00:00","breadcrumb":{"@id":"https:\/\/shop.bantam.ch\/de\/produkt\/einbau-koch-spuelkombination-thetford-topline-111-mit-elektr-zuendung\/#breadcrumb"},"inLanguage":"de","potentialAction":[{"@type":"ReadAction","target":["https:\/\/shop.bantam.ch\/de\/produkt\/einbau-koch-spuelkombination-thetford-topline-111-mit-elektr-zuendung\/"]}]},{"@type":"ImageObject","inLanguage":"de","@id":"https:\/\/shop.bantam.ch\/de\/produkt\/einbau-koch-spuelkombination-thetford-topline-111-mit-elektr-zuendung\/#primaryimage","url":"https:\/\/shop.bantam.ch\/wp-content\/uploads\/2024\/09\/Movera-L-9975327100.png","contentUrl":"https:\/\/shop.bantam.ch\/wp-content\/uploads\/2024\/09\/Movera-L-9975327100.png","width":640,"height":480},{"@type":"BreadcrumbList","@id":"https:\/\/shop.bantam.ch\/de\/produkt\/einbau-koch-spuelkombination-thetford-topline-111-mit-elektr-zuendung\/#breadcrumb","itemListElement":[{"@type":"ListItem","position":1,"name":"Accueil","item":"https:\/\/shop.bantam.ch\/de\/"},{"@type":"ListItem","position":2,"name":"Shop","item":"https:\/\/shop.bantam.ch\/de\/shop\/"},{"@type":"ListItem","position":3,"name":"Einbau Koch-\/ Sp\u00fclkombination THETFORD Topline 111 mit elektr. Z\u00fcndung"}]},{"@type":"WebSite","@id":"https:\/\/shop.bantam.ch\/de\/#website","url":"https:\/\/shop.bantam.ch\/de\/","name":"Bantam Camping AG","description":"","publisher":{"@id":"https:\/\/shop.bantam.ch\/de\/#organization"},"inLanguage":"de"},{"@type":"Organization","@id":"https:\/\/shop.bantam.ch\/de\/#organization","name":"Bantam Camping AG","url":"https:\/\/shop.bantam.ch\/de\/","logo":{"@type":"ImageObject","inLanguage":"de","@id":"https:\/\/shop.bantam.ch\/de\/#\/schema\/logo\/image\/","url":"https:\/\/shop.bantam.ch\/wp-content\/uploads\/2022\/12\/bantam-logo.png","contentUrl":"https:\/\/shop.bantam.ch\/wp-content\/uploads\/2022\/12\/bantam-logo.png","width":320,"height":71,"caption":"Bantam Camping AG"},"image":{"@id":"https:\/\/shop.bantam.ch\/de\/#\/schema\/logo\/image\/"}}]}},"_links":{"self":[{"href":"https:\/\/shop.bantam.ch\/de\/wp-json\/wp\/v2\/product\/200704","targetHints":{"allow":["GET"]}}],"collection":[{"href":"https:\/\/shop.bantam.ch\/de\/wp-json\/wp\/v2\/product"}],"about":[{"href":"https:\/\/shop.bantam.ch\/de\/wp-json\/wp\/v2\/types\/product"}],"wp:featuredmedia":[{"embeddable":true,"href":"https:\/\/shop.bantam.ch\/de\/wp-json\/wp\/v2\/media\/207597"}],"wp:attachment":[{"href":"https:\/\/shop.bantam.ch\/de\/wp-json\/wp\/v2\/media?parent=200704"}],"wp:term":[{"taxonomy":"product_featured_cat","embeddable":true,"href":"https:\/\/shop.bantam.ch\/de\/wp-json\/wp\/v2\/product_featured_cat?post=200704"},{"taxonomy":"product_brand","embeddable":true,"href":"https:\/\/shop.bantam.ch\/de\/wp-json\/wp\/v2\/product_brand?post=200704"},{"taxonomy":"product_cat","embeddable":true,"href":"https:\/\/shop.bantam.ch\/de\/wp-json\/wp\/v2\/product_cat?post=200704"},{"taxonomy":"product_tag","embeddable":true,"href":"https:\/\/shop.bantam.ch\/de\/wp-json\/wp\/v2\/product_tag?post=200704"}],"curies":[{"name":"wp","href":"https:\/\/api.w.org\/{rel}","templated":true}]}}